{"id":21000,"date":"2023-01-05T15:25:19","date_gmt":"2023-01-05T15:25:19","guid":{"rendered":"https:\/\/ghinduction.com\/home\/"},"modified":"2026-02-25T09:59:50","modified_gmt":"2026-02-25T09:59:50","slug":"home-2","status":"publish","type":"page","link":"https:\/\/ghinduction.com\/de-de\/","title":{"rendered":"Home"},"content":{"rendered":"","protected":false},"excerpt":{"rendered":"","protected":false},"author":1,"featured_media":0,"parent":0,"menu_order":0,"comment_status":"closed","ping_status":"closed","template":"","meta":{"_acf_changed":false,"footnotes":""},"industry":[],"processes":[],"solutions":[],"class_list":["post-21000","page","type-page","status-publish","hentry"],"acf":[],"yoast_head":"<!-- This site is optimized with the Yoast SEO plugin v27.3 - https:\/\/yoast.com\/product\/yoast-seo-wordpress\/ -->\n<title>Induktionserw\u00e4rmung und Induktionsanlagen \/ GH Induction<\/title>\n<meta name=\"description\" content=\"Induktionsanlagen f\u00fcr pr\u00e4zise W\u00e4rmeprozesse: W\u00e4rmebehandlung: H\u00e4rten, Anlassen sowie Schwei\u00dfen, L\u00f6ten und andere W\u00e4rmeprozesse. Individuelle L\u00f6sungen mit europ\u00e4ischen Technologien.\" \/>\n<meta name=\"robots\" content=\"index, follow, max-snippet:-1, max-image-preview:large, max-video-preview:-1\" \/>\n<link rel=\"canonical\" href=\"https:\/\/ghinduction.com\/de-de\/\" \/>\n<meta property=\"og:locale\" content=\"de_DE\" \/>\n<meta property=\"og:type\" content=\"article\" \/>\n<meta property=\"og:title\" content=\"Induktionserw\u00e4rmung und Induktionsanlagen \/ GH Induction\" \/>\n<meta property=\"og:description\" content=\"Induktionsanlagen f\u00fcr pr\u00e4zise W\u00e4rmeprozesse: W\u00e4rmebehandlung: H\u00e4rten, Anlassen sowie Schwei\u00dfen, L\u00f6ten und andere W\u00e4rmeprozesse. Individuelle L\u00f6sungen mit europ\u00e4ischen Technologien.\" \/>\n<meta property=\"og:url\" content=\"https:\/\/ghinduction.com\/de-de\/\" \/>\n<meta property=\"og:site_name\" content=\"GH Induction Deutschland\" \/>\n<meta property=\"article:publisher\" content=\"https:\/\/www.facebook.com\/ghinductionheating\" \/>\n<meta property=\"article:modified_time\" content=\"2026-02-25T09:59:50+00:00\" \/>\n<meta name=\"twitter:card\" content=\"summary_large_image\" \/>\n<script type=\"application\/ld+json\" class=\"yoast-schema-graph\">{\"@context\":\"https:\\\/\\\/schema.org\",\"@graph\":[{\"@type\":\"WebPage\",\"@id\":\"https:\\\/\\\/ghinduction.com\\\/de-de\\\/\",\"url\":\"https:\\\/\\\/ghinduction.com\\\/de-de\\\/\",\"name\":\"Induktionserw\u00e4rmung und Induktionsanlagen \\\/ GH Induction\",\"isPartOf\":{\"@id\":\"https:\\\/\\\/ghinduction.com\\\/de-de\\\/#website\"},\"datePublished\":\"2023-01-05T15:25:19+00:00\",\"dateModified\":\"2026-02-25T09:59:50+00:00\",\"description\":\"Induktionsanlagen f\u00fcr pr\u00e4zise W\u00e4rmeprozesse: W\u00e4rmebehandlung: H\u00e4rten, Anlassen sowie Schwei\u00dfen, L\u00f6ten und andere W\u00e4rmeprozesse. Individuelle L\u00f6sungen mit europ\u00e4ischen Technologien.\",\"breadcrumb\":{\"@id\":\"https:\\\/\\\/ghinduction.com\\\/de-de\\\/#breadcrumb\"},\"inLanguage\":\"de-GE\",\"potentialAction\":[{\"@type\":\"ReadAction\",\"target\":[\"https:\\\/\\\/ghinduction.com\\\/de-de\\\/\"]}]},{\"@type\":\"BreadcrumbList\",\"@id\":\"https:\\\/\\\/ghinduction.com\\\/de-de\\\/#breadcrumb\",\"itemListElement\":[{\"@type\":\"ListItem\",\"position\":1,\"name\":\"Home\",\"item\":\"https:\\\/\\\/ghinduction.com\\\/de-de\\\/\"},{\"@type\":\"ListItem\",\"position\":2,\"name\":\"Home\"}]},{\"@type\":\"WebSite\",\"@id\":\"https:\\\/\\\/ghinduction.com\\\/de-de\\\/#website\",\"url\":\"https:\\\/\\\/ghinduction.com\\\/de-de\\\/\",\"name\":\"GH Induction - Experts in Induction Heat Treatment and Induction Heating\",\"description\":\"GH Induction offers advanced induction heat treatment and heating solutions for various industrial applications. With over 60 years of experience, our innovative systems ensure efficiency and quality across diverse sectors globally.\",\"publisher\":{\"@id\":\"https:\\\/\\\/ghinduction.com\\\/de-de\\\/#organization\"},\"alternateName\":\"GH Induction\",\"potentialAction\":[{\"@type\":\"SearchAction\",\"target\":{\"@type\":\"EntryPoint\",\"urlTemplate\":\"https:\\\/\\\/ghinduction.com\\\/de-de\\\/?s={search_term_string}\"},\"query-input\":{\"@type\":\"PropertyValueSpecification\",\"valueRequired\":true,\"valueName\":\"search_term_string\"}}],\"inLanguage\":\"de-GE\"},{\"@type\":\"Organization\",\"@id\":\"https:\\\/\\\/ghinduction.com\\\/de-de\\\/#organization\",\"name\":\"GH Induction - Experts in Induction Heat Treatment and Induction Heating\",\"alternateName\":\"GH Induction\",\"url\":\"https:\\\/\\\/ghinduction.com\\\/de-de\\\/\",\"logo\":{\"@type\":\"ImageObject\",\"inLanguage\":\"de-GE\",\"@id\":\"https:\\\/\\\/ghinduction.com\\\/de-de\\\/#\\\/schema\\\/logo\\\/image\\\/\",\"url\":\"https:\\\/\\\/ghinduction.com\\\/wp-content\\\/uploads\\\/2024\\\/05\\\/logo-gh-induction.png\",\"contentUrl\":\"https:\\\/\\\/ghinduction.com\\\/wp-content\\\/uploads\\\/2024\\\/05\\\/logo-gh-induction.png\",\"width\":225,\"height\":225,\"caption\":\"GH Induction - Experts in Induction Heat Treatment and Induction Heating\"},\"image\":{\"@id\":\"https:\\\/\\\/ghinduction.com\\\/de-de\\\/#\\\/schema\\\/logo\\\/image\\\/\"},\"sameAs\":[\"https:\\\/\\\/www.facebook.com\\\/ghinductionheating\",\"https:\\\/\\\/www.linkedin.com\\\/company\\\/gh-induction\\\/\",\"https:\\\/\\\/www.youtube.com\\\/user\\\/GhInduction\"]}]}<\/script>\n<!-- \/ Yoast SEO plugin. -->","yoast_head_json":{"title":"Induktionserw\u00e4rmung und Induktionsanlagen \/ GH Induction","description":"Induktionsanlagen f\u00fcr pr\u00e4zise W\u00e4rmeprozesse: W\u00e4rmebehandlung: H\u00e4rten, Anlassen sowie Schwei\u00dfen, L\u00f6ten und andere W\u00e4rmeprozesse. Individuelle L\u00f6sungen mit europ\u00e4ischen Technologien.","robots":{"index":"index","follow":"follow","max-snippet":"max-snippet:-1","max-image-preview":"max-image-preview:large","max-video-preview":"max-video-preview:-1"},"canonical":"https:\/\/ghinduction.com\/de-de\/","og_locale":"de_DE","og_type":"article","og_title":"Induktionserw\u00e4rmung und Induktionsanlagen \/ GH Induction","og_description":"Induktionsanlagen f\u00fcr pr\u00e4zise W\u00e4rmeprozesse: W\u00e4rmebehandlung: H\u00e4rten, Anlassen sowie Schwei\u00dfen, L\u00f6ten und andere W\u00e4rmeprozesse. Individuelle L\u00f6sungen mit europ\u00e4ischen Technologien.","og_url":"https:\/\/ghinduction.com\/de-de\/","og_site_name":"GH Induction Deutschland","article_publisher":"https:\/\/www.facebook.com\/ghinductionheating","article_modified_time":"2026-02-25T09:59:50+00:00","twitter_card":"summary_large_image","schema":{"@context":"https:\/\/schema.org","@graph":[{"@type":"WebPage","@id":"https:\/\/ghinduction.com\/de-de\/","url":"https:\/\/ghinduction.com\/de-de\/","name":"Induktionserw\u00e4rmung und Induktionsanlagen \/ GH Induction","isPartOf":{"@id":"https:\/\/ghinduction.com\/de-de\/#website"},"datePublished":"2023-01-05T15:25:19+00:00","dateModified":"2026-02-25T09:59:50+00:00","description":"Induktionsanlagen f\u00fcr pr\u00e4zise W\u00e4rmeprozesse: W\u00e4rmebehandlung: H\u00e4rten, Anlassen sowie Schwei\u00dfen, L\u00f6ten und andere W\u00e4rmeprozesse. Individuelle L\u00f6sungen mit europ\u00e4ischen Technologien.","breadcrumb":{"@id":"https:\/\/ghinduction.com\/de-de\/#breadcrumb"},"inLanguage":"de-GE","potentialAction":[{"@type":"ReadAction","target":["https:\/\/ghinduction.com\/de-de\/"]}]},{"@type":"BreadcrumbList","@id":"https:\/\/ghinduction.com\/de-de\/#breadcrumb","itemListElement":[{"@type":"ListItem","position":1,"name":"Home","item":"https:\/\/ghinduction.com\/de-de\/"},{"@type":"ListItem","position":2,"name":"Home"}]},{"@type":"WebSite","@id":"https:\/\/ghinduction.com\/de-de\/#website","url":"https:\/\/ghinduction.com\/de-de\/","name":"GH Induction - Experts in Induction Heat Treatment and Induction Heating","description":"GH Induction offers advanced induction heat treatment and heating solutions for various industrial applications. With over 60 years of experience, our innovative systems ensure efficiency and quality across diverse sectors globally.","publisher":{"@id":"https:\/\/ghinduction.com\/de-de\/#organization"},"alternateName":"GH Induction","potentialAction":[{"@type":"SearchAction","target":{"@type":"EntryPoint","urlTemplate":"https:\/\/ghinduction.com\/de-de\/?s={search_term_string}"},"query-input":{"@type":"PropertyValueSpecification","valueRequired":true,"valueName":"search_term_string"}}],"inLanguage":"de-GE"},{"@type":"Organization","@id":"https:\/\/ghinduction.com\/de-de\/#organization","name":"GH Induction - Experts in Induction Heat Treatment and Induction Heating","alternateName":"GH Induction","url":"https:\/\/ghinduction.com\/de-de\/","logo":{"@type":"ImageObject","inLanguage":"de-GE","@id":"https:\/\/ghinduction.com\/de-de\/#\/schema\/logo\/image\/","url":"https:\/\/ghinduction.com\/wp-content\/uploads\/2024\/05\/logo-gh-induction.png","contentUrl":"https:\/\/ghinduction.com\/wp-content\/uploads\/2024\/05\/logo-gh-induction.png","width":225,"height":225,"caption":"GH Induction - Experts in Induction Heat Treatment and Induction Heating"},"image":{"@id":"https:\/\/ghinduction.com\/de-de\/#\/schema\/logo\/image\/"},"sameAs":["https:\/\/www.facebook.com\/ghinductionheating","https:\/\/www.linkedin.com\/company\/gh-induction\/","https:\/\/www.youtube.com\/user\/GhInduction"]}]}},"_links":{"self":[{"href":"https:\/\/ghinduction.com\/de-de\/wp-json\/wp\/v2\/pages\/21000","targetHints":{"allow":["GET"]}}],"collection":[{"href":"https:\/\/ghinduction.com\/de-de\/wp-json\/wp\/v2\/pages"}],"about":[{"href":"https:\/\/ghinduction.com\/de-de\/wp-json\/wp\/v2\/types\/page"}],"author":[{"embeddable":true,"href":"https:\/\/ghinduction.com\/de-de\/wp-json\/wp\/v2\/users\/1"}],"replies":[{"embeddable":true,"href":"https:\/\/ghinduction.com\/de-de\/wp-json\/wp\/v2\/comments?post=21000"}],"version-history":[{"count":18,"href":"https:\/\/ghinduction.com\/de-de\/wp-json\/wp\/v2\/pages\/21000\/revisions"}],"predecessor-version":[{"id":65000,"href":"https:\/\/ghinduction.com\/de-de\/wp-json\/wp\/v2\/pages\/21000\/revisions\/65000"}],"wp:attachment":[{"href":"https:\/\/ghinduction.com\/de-de\/wp-json\/wp\/v2\/media?parent=21000"}],"wp:term":[{"taxonomy":"industry","embeddable":true,"href":"https:\/\/ghinduction.com\/de-de\/wp-json\/wp\/v2\/industry?post=21000"},{"taxonomy":"processes","embeddable":true,"href":"https:\/\/ghinduction.com\/de-de\/wp-json\/wp\/v2\/processes?post=21000"},{"taxonomy":"solutions","embeddable":true,"href":"https:\/\/ghinduction.com\/de-de\/wp-json\/wp\/v2\/solutions?post=21000"}],"curies":[{"name":"wp","href":"https:\/\/api.w.org\/{rel}","templated":true}]}}