{"id":21222,"date":"2023-01-09T09:02:41","date_gmt":"2023-01-09T09:02:41","guid":{"rendered":"https:\/\/ghinduction.com\/automobilindustrie\/"},"modified":"2026-02-26T12:10:47","modified_gmt":"2026-02-26T12:10:47","slug":"automobilindustrie","status":"publish","type":"page","link":"https:\/\/ghinduction.com\/de-de\/losungen\/industrie\/transport\/automobilindustrie\/","title":{"rendered":"Automobilindustrie"},"content":{"rendered":"","protected":false},"excerpt":{"rendered":"","protected":false},"author":1,"featured_media":18898,"parent":29117,"menu_order":57,"comment_status":"closed","ping_status":"closed","template":"","meta":{"_acf_changed":false,"footnotes":""},"industry":[1321],"processes":[785],"solutions":[],"class_list":["post-21222","page","type-page","status-publish","has-post-thumbnail","hentry","industry-automobil","processes-waermebehandlung"],"acf":[],"yoast_head":"<!-- This site is optimized with the Yoast SEO plugin v27.3 - https:\/\/yoast.com\/product\/yoast-seo-wordpress\/ -->\n<title>Induktionsl\u00f6sungen in der Automobilindustrie - GH Induction<\/title>\n<meta name=\"description\" content=\"Da sich die Automobilindustrie weiterentwickelt, um den Anforderungen des Marktes mit verschiedenen Technologien wie ICEV (Internal Combustion Engine Vehicle), EV (Electrical Vehicle) und Hybriden gerecht zu werden, sind die Probleme in der Lieferkette komplexer als je zuvor geworden. Ganz gleich, ob Sie vor Herausforderungen in Bezug auf schnelle Anpassung, Wettbewerbsf\u00e4higkeit, Verbesserung der Produktionseffizienz, Qualit\u00e4tskontrolle oder Nachhaltigkeit stehen, wir verstehen Ihre Bed\u00fcrfnisse und k\u00f6nnen Ihnen gemeinsam helfen. Unser Unternehmen ist darauf spezialisiert, kosteng\u00fcnstige und flexible schl\u00fcsselfertige L\u00f6sungen in Zusammenarbeit mit unseren Kunden anzubieten. Wir integrieren die neuesten Technologien, sowohl eigene als auch fremde im Rahmen von Industrie 4.0, um sicherzustellen, dass Sie die ideale L\u00f6sung f\u00fcr Ihre spezifischen Anforderungen erhalten. Mit \u00fcber 60 Jahren Erfahrung wissen wir, was n\u00f6tig ist, um die hohen Anforderungen der Automobilindustrie zu erf\u00fcllen.\" \/>\n<meta name=\"robots\" content=\"index, follow, max-snippet:-1, max-image-preview:large, max-video-preview:-1\" \/>\n<link rel=\"canonical\" href=\"https:\/\/ghinduction.com\/de-de\/losungen\/industrie\/transport\/automobilindustrie\/\" \/>\n<meta property=\"og:locale\" content=\"de_DE\" \/>\n<meta property=\"og:type\" content=\"article\" \/>\n<meta property=\"og:title\" content=\"Induktionsl\u00f6sungen in der Automobilindustrie - GH Induction\" \/>\n<meta property=\"og:description\" content=\"Da sich die Automobilindustrie weiterentwickelt, um den Anforderungen des Marktes mit verschiedenen Technologien wie ICEV (Internal Combustion Engine Vehicle), EV (Electrical Vehicle) und Hybriden gerecht zu werden, sind die Probleme in der Lieferkette komplexer als je zuvor geworden. Ganz gleich, ob Sie vor Herausforderungen in Bezug auf schnelle Anpassung, Wettbewerbsf\u00e4higkeit, Verbesserung der Produktionseffizienz, Qualit\u00e4tskontrolle oder Nachhaltigkeit stehen, wir verstehen Ihre Bed\u00fcrfnisse und k\u00f6nnen Ihnen gemeinsam helfen. Unser Unternehmen ist darauf spezialisiert, kosteng\u00fcnstige und flexible schl\u00fcsselfertige L\u00f6sungen in Zusammenarbeit mit unseren Kunden anzubieten. Wir integrieren die neuesten Technologien, sowohl eigene als auch fremde im Rahmen von Industrie 4.0, um sicherzustellen, dass Sie die ideale L\u00f6sung f\u00fcr Ihre spezifischen Anforderungen erhalten. Mit \u00fcber 60 Jahren Erfahrung wissen wir, was n\u00f6tig ist, um die hohen Anforderungen der Automobilindustrie zu erf\u00fcllen.\" \/>\n<meta property=\"og:url\" content=\"https:\/\/ghinduction.com\/de-de\/losungen\/industrie\/transport\/automobilindustrie\/\" \/>\n<meta property=\"og:site_name\" content=\"GH Induction Deutschland\" \/>\n<meta property=\"article:publisher\" content=\"https:\/\/www.facebook.com\/ghinductionheating\" \/>\n<meta property=\"article:modified_time\" content=\"2026-02-26T12:10:47+00:00\" \/>\n<meta property=\"og:image\" content=\"https:\/\/ghinduction.com\/wp-content\/uploads\/2023\/03\/INDUSTRIES_AUTOMOTIVE_MAIN-BANNER-opt.jpg\" \/>\n\t<meta property=\"og:image:width\" content=\"1920\" \/>\n\t<meta property=\"og:image:height\" content=\"1080\" \/>\n\t<meta property=\"og:image:type\" content=\"image\/jpeg\" \/>\n<meta name=\"twitter:card\" content=\"summary_large_image\" \/>\n<meta name=\"twitter:label1\" content=\"Est. reading time\" \/>\n\t<meta name=\"twitter:data1\" content=\"1 minute\" \/>\n<script type=\"application\/ld+json\" class=\"yoast-schema-graph\">{\"@context\":\"https:\\\/\\\/schema.org\",\"@graph\":[{\"@type\":\"WebPage\",\"@id\":\"https:\\\/\\\/ghinduction.com\\\/de-de\\\/losungen\\\/industrie\\\/transport\\\/automobilindustrie\\\/\",\"url\":\"https:\\\/\\\/ghinduction.com\\\/de-de\\\/losungen\\\/industrie\\\/transport\\\/automobilindustrie\\\/\",\"name\":\"Induktionsl\u00f6sungen in der Automobilindustrie - GH Induction\",\"isPartOf\":{\"@id\":\"https:\\\/\\\/ghinduction.com\\\/de-de\\\/#website\"},\"primaryImageOfPage\":{\"@id\":\"https:\\\/\\\/ghinduction.com\\\/de-de\\\/losungen\\\/industrie\\\/transport\\\/automobilindustrie\\\/#primaryimage\"},\"image\":{\"@id\":\"https:\\\/\\\/ghinduction.com\\\/de-de\\\/losungen\\\/industrie\\\/transport\\\/automobilindustrie\\\/#primaryimage\"},\"thumbnailUrl\":\"https:\\\/\\\/ghinduction.com\\\/wp-content\\\/uploads\\\/2023\\\/03\\\/INDUSTRIES_AUTOMOTIVE_MAIN-BANNER-opt.jpg\",\"datePublished\":\"2023-01-09T09:02:41+00:00\",\"dateModified\":\"2026-02-26T12:10:47+00:00\",\"description\":\"Da sich die Automobilindustrie weiterentwickelt, um den Anforderungen des Marktes mit verschiedenen Technologien wie ICEV (Internal Combustion Engine Vehicle), EV (Electrical Vehicle) und Hybriden gerecht zu werden, sind die Probleme in der Lieferkette komplexer als je zuvor geworden. Ganz gleich, ob Sie vor Herausforderungen in Bezug auf schnelle Anpassung, Wettbewerbsf\u00e4higkeit, Verbesserung der Produktionseffizienz, Qualit\u00e4tskontrolle oder Nachhaltigkeit stehen, wir verstehen Ihre Bed\u00fcrfnisse und k\u00f6nnen Ihnen gemeinsam helfen. Unser Unternehmen ist darauf spezialisiert, kosteng\u00fcnstige und flexible schl\u00fcsselfertige L\u00f6sungen in Zusammenarbeit mit unseren Kunden anzubieten. Wir integrieren die neuesten Technologien, sowohl eigene als auch fremde im Rahmen von Industrie 4.0, um sicherzustellen, dass Sie die ideale L\u00f6sung f\u00fcr Ihre spezifischen Anforderungen erhalten. Mit \u00fcber 60 Jahren Erfahrung wissen wir, was n\u00f6tig ist, um die hohen Anforderungen der Automobilindustrie zu erf\u00fcllen.\",\"breadcrumb\":{\"@id\":\"https:\\\/\\\/ghinduction.com\\\/de-de\\\/losungen\\\/industrie\\\/transport\\\/automobilindustrie\\\/#breadcrumb\"},\"inLanguage\":\"de-GE\",\"potentialAction\":[{\"@type\":\"ReadAction\",\"target\":[\"https:\\\/\\\/ghinduction.com\\\/de-de\\\/losungen\\\/industrie\\\/transport\\\/automobilindustrie\\\/\"]}]},{\"@type\":\"ImageObject\",\"inLanguage\":\"de-GE\",\"@id\":\"https:\\\/\\\/ghinduction.com\\\/de-de\\\/losungen\\\/industrie\\\/transport\\\/automobilindustrie\\\/#primaryimage\",\"url\":\"https:\\\/\\\/ghinduction.com\\\/wp-content\\\/uploads\\\/2023\\\/03\\\/INDUSTRIES_AUTOMOTIVE_MAIN-BANNER-opt.jpg\",\"contentUrl\":\"https:\\\/\\\/ghinduction.com\\\/wp-content\\\/uploads\\\/2023\\\/03\\\/INDUSTRIES_AUTOMOTIVE_MAIN-BANNER-opt.jpg\",\"width\":1920,\"height\":1080},{\"@type\":\"BreadcrumbList\",\"@id\":\"https:\\\/\\\/ghinduction.com\\\/de-de\\\/losungen\\\/industrie\\\/transport\\\/automobilindustrie\\\/#breadcrumb\",\"itemListElement\":[{\"@type\":\"ListItem\",\"position\":1,\"name\":\"Home\",\"item\":\"https:\\\/\\\/ghinduction.com\\\/de-de\\\/\"},{\"@type\":\"ListItem\",\"position\":2,\"name\":\"L\u00f6sungen\",\"item\":\"https:\\\/\\\/ghinduction.com\\\/de-de\\\/losungen\\\/\"},{\"@type\":\"ListItem\",\"position\":3,\"name\":\"Industrie\",\"item\":\"https:\\\/\\\/ghinduction.com\\\/de-de\\\/losungen\\\/industrie\\\/\"},{\"@type\":\"ListItem\",\"position\":4,\"name\":\"Transport\",\"item\":\"https:\\\/\\\/ghinduction.com\\\/de-de\\\/losungen\\\/industrie\\\/transport\\\/\"},{\"@type\":\"ListItem\",\"position\":5,\"name\":\"Automobilindustrie\"}]},{\"@type\":\"WebSite\",\"@id\":\"https:\\\/\\\/ghinduction.com\\\/de-de\\\/#website\",\"url\":\"https:\\\/\\\/ghinduction.com\\\/de-de\\\/\",\"name\":\"GH Induction - Experts in Induction Heat Treatment and Induction Heating\",\"description\":\"GH Induction offers advanced induction heat treatment and heating solutions for various industrial applications. With over 60 years of experience, our innovative systems ensure efficiency and quality across diverse sectors globally.\",\"publisher\":{\"@id\":\"https:\\\/\\\/ghinduction.com\\\/de-de\\\/#organization\"},\"alternateName\":\"GH Induction\",\"potentialAction\":[{\"@type\":\"SearchAction\",\"target\":{\"@type\":\"EntryPoint\",\"urlTemplate\":\"https:\\\/\\\/ghinduction.com\\\/de-de\\\/?s={search_term_string}\"},\"query-input\":{\"@type\":\"PropertyValueSpecification\",\"valueRequired\":true,\"valueName\":\"search_term_string\"}}],\"inLanguage\":\"de-GE\"},{\"@type\":\"Organization\",\"@id\":\"https:\\\/\\\/ghinduction.com\\\/de-de\\\/#organization\",\"name\":\"GH Induction - Experts in Induction Heat Treatment and Induction Heating\",\"alternateName\":\"GH Induction\",\"url\":\"https:\\\/\\\/ghinduction.com\\\/de-de\\\/\",\"logo\":{\"@type\":\"ImageObject\",\"inLanguage\":\"de-GE\",\"@id\":\"https:\\\/\\\/ghinduction.com\\\/de-de\\\/#\\\/schema\\\/logo\\\/image\\\/\",\"url\":\"https:\\\/\\\/ghinduction.com\\\/wp-content\\\/uploads\\\/2024\\\/05\\\/logo-gh-induction.png\",\"contentUrl\":\"https:\\\/\\\/ghinduction.com\\\/wp-content\\\/uploads\\\/2024\\\/05\\\/logo-gh-induction.png\",\"width\":225,\"height\":225,\"caption\":\"GH Induction - Experts in Induction Heat Treatment and Induction Heating\"},\"image\":{\"@id\":\"https:\\\/\\\/ghinduction.com\\\/de-de\\\/#\\\/schema\\\/logo\\\/image\\\/\"},\"sameAs\":[\"https:\\\/\\\/www.facebook.com\\\/ghinductionheating\",\"https:\\\/\\\/www.linkedin.com\\\/company\\\/gh-induction\\\/\",\"https:\\\/\\\/www.youtube.com\\\/user\\\/GhInduction\"]}]}<\/script>\n<!-- \/ Yoast SEO plugin. -->","yoast_head_json":{"title":"Induktionsl\u00f6sungen in der Automobilindustrie - GH Induction","description":"Da sich die Automobilindustrie weiterentwickelt, um den Anforderungen des Marktes mit verschiedenen Technologien wie ICEV (Internal Combustion Engine Vehicle), EV (Electrical Vehicle) und Hybriden gerecht zu werden, sind die Probleme in der Lieferkette komplexer als je zuvor geworden. Ganz gleich, ob Sie vor Herausforderungen in Bezug auf schnelle Anpassung, Wettbewerbsf\u00e4higkeit, Verbesserung der Produktionseffizienz, Qualit\u00e4tskontrolle oder Nachhaltigkeit stehen, wir verstehen Ihre Bed\u00fcrfnisse und k\u00f6nnen Ihnen gemeinsam helfen. Unser Unternehmen ist darauf spezialisiert, kosteng\u00fcnstige und flexible schl\u00fcsselfertige L\u00f6sungen in Zusammenarbeit mit unseren Kunden anzubieten. Wir integrieren die neuesten Technologien, sowohl eigene als auch fremde im Rahmen von Industrie 4.0, um sicherzustellen, dass Sie die ideale L\u00f6sung f\u00fcr Ihre spezifischen Anforderungen erhalten. Mit \u00fcber 60 Jahren Erfahrung wissen wir, was n\u00f6tig ist, um die hohen Anforderungen der Automobilindustrie zu erf\u00fcllen.","robots":{"index":"index","follow":"follow","max-snippet":"max-snippet:-1","max-image-preview":"max-image-preview:large","max-video-preview":"max-video-preview:-1"},"canonical":"https:\/\/ghinduction.com\/de-de\/losungen\/industrie\/transport\/automobilindustrie\/","og_locale":"de_DE","og_type":"article","og_title":"Induktionsl\u00f6sungen in der Automobilindustrie - GH Induction","og_description":"Da sich die Automobilindustrie weiterentwickelt, um den Anforderungen des Marktes mit verschiedenen Technologien wie ICEV (Internal Combustion Engine Vehicle), EV (Electrical Vehicle) und Hybriden gerecht zu werden, sind die Probleme in der Lieferkette komplexer als je zuvor geworden. Ganz gleich, ob Sie vor Herausforderungen in Bezug auf schnelle Anpassung, Wettbewerbsf\u00e4higkeit, Verbesserung der Produktionseffizienz, Qualit\u00e4tskontrolle oder Nachhaltigkeit stehen, wir verstehen Ihre Bed\u00fcrfnisse und k\u00f6nnen Ihnen gemeinsam helfen. Unser Unternehmen ist darauf spezialisiert, kosteng\u00fcnstige und flexible schl\u00fcsselfertige L\u00f6sungen in Zusammenarbeit mit unseren Kunden anzubieten. Wir integrieren die neuesten Technologien, sowohl eigene als auch fremde im Rahmen von Industrie 4.0, um sicherzustellen, dass Sie die ideale L\u00f6sung f\u00fcr Ihre spezifischen Anforderungen erhalten. Mit \u00fcber 60 Jahren Erfahrung wissen wir, was n\u00f6tig ist, um die hohen Anforderungen der Automobilindustrie zu erf\u00fcllen.","og_url":"https:\/\/ghinduction.com\/de-de\/losungen\/industrie\/transport\/automobilindustrie\/","og_site_name":"GH Induction Deutschland","article_publisher":"https:\/\/www.facebook.com\/ghinductionheating","article_modified_time":"2026-02-26T12:10:47+00:00","og_image":[{"width":1920,"height":1080,"url":"https:\/\/ghinduction.com\/wp-content\/uploads\/2023\/03\/INDUSTRIES_AUTOMOTIVE_MAIN-BANNER-opt.jpg","type":"image\/jpeg"}],"twitter_card":"summary_large_image","twitter_misc":{"Est. reading time":"1 minute"},"schema":{"@context":"https:\/\/schema.org","@graph":[{"@type":"WebPage","@id":"https:\/\/ghinduction.com\/de-de\/losungen\/industrie\/transport\/automobilindustrie\/","url":"https:\/\/ghinduction.com\/de-de\/losungen\/industrie\/transport\/automobilindustrie\/","name":"Induktionsl\u00f6sungen in der Automobilindustrie - GH Induction","isPartOf":{"@id":"https:\/\/ghinduction.com\/de-de\/#website"},"primaryImageOfPage":{"@id":"https:\/\/ghinduction.com\/de-de\/losungen\/industrie\/transport\/automobilindustrie\/#primaryimage"},"image":{"@id":"https:\/\/ghinduction.com\/de-de\/losungen\/industrie\/transport\/automobilindustrie\/#primaryimage"},"thumbnailUrl":"https:\/\/ghinduction.com\/wp-content\/uploads\/2023\/03\/INDUSTRIES_AUTOMOTIVE_MAIN-BANNER-opt.jpg","datePublished":"2023-01-09T09:02:41+00:00","dateModified":"2026-02-26T12:10:47+00:00","description":"Da sich die Automobilindustrie weiterentwickelt, um den Anforderungen des Marktes mit verschiedenen Technologien wie ICEV (Internal Combustion Engine Vehicle), EV (Electrical Vehicle) und Hybriden gerecht zu werden, sind die Probleme in der Lieferkette komplexer als je zuvor geworden. Ganz gleich, ob Sie vor Herausforderungen in Bezug auf schnelle Anpassung, Wettbewerbsf\u00e4higkeit, Verbesserung der Produktionseffizienz, Qualit\u00e4tskontrolle oder Nachhaltigkeit stehen, wir verstehen Ihre Bed\u00fcrfnisse und k\u00f6nnen Ihnen gemeinsam helfen. Unser Unternehmen ist darauf spezialisiert, kosteng\u00fcnstige und flexible schl\u00fcsselfertige L\u00f6sungen in Zusammenarbeit mit unseren Kunden anzubieten. Wir integrieren die neuesten Technologien, sowohl eigene als auch fremde im Rahmen von Industrie 4.0, um sicherzustellen, dass Sie die ideale L\u00f6sung f\u00fcr Ihre spezifischen Anforderungen erhalten. Mit \u00fcber 60 Jahren Erfahrung wissen wir, was n\u00f6tig ist, um die hohen Anforderungen der Automobilindustrie zu erf\u00fcllen.","breadcrumb":{"@id":"https:\/\/ghinduction.com\/de-de\/losungen\/industrie\/transport\/automobilindustrie\/#breadcrumb"},"inLanguage":"de-GE","potentialAction":[{"@type":"ReadAction","target":["https:\/\/ghinduction.com\/de-de\/losungen\/industrie\/transport\/automobilindustrie\/"]}]},{"@type":"ImageObject","inLanguage":"de-GE","@id":"https:\/\/ghinduction.com\/de-de\/losungen\/industrie\/transport\/automobilindustrie\/#primaryimage","url":"https:\/\/ghinduction.com\/wp-content\/uploads\/2023\/03\/INDUSTRIES_AUTOMOTIVE_MAIN-BANNER-opt.jpg","contentUrl":"https:\/\/ghinduction.com\/wp-content\/uploads\/2023\/03\/INDUSTRIES_AUTOMOTIVE_MAIN-BANNER-opt.jpg","width":1920,"height":1080},{"@type":"BreadcrumbList","@id":"https:\/\/ghinduction.com\/de-de\/losungen\/industrie\/transport\/automobilindustrie\/#breadcrumb","itemListElement":[{"@type":"ListItem","position":1,"name":"Home","item":"https:\/\/ghinduction.com\/de-de\/"},{"@type":"ListItem","position":2,"name":"L\u00f6sungen","item":"https:\/\/ghinduction.com\/de-de\/losungen\/"},{"@type":"ListItem","position":3,"name":"Industrie","item":"https:\/\/ghinduction.com\/de-de\/losungen\/industrie\/"},{"@type":"ListItem","position":4,"name":"Transport","item":"https:\/\/ghinduction.com\/de-de\/losungen\/industrie\/transport\/"},{"@type":"ListItem","position":5,"name":"Automobilindustrie"}]},{"@type":"WebSite","@id":"https:\/\/ghinduction.com\/de-de\/#website","url":"https:\/\/ghinduction.com\/de-de\/","name":"GH Induction - Experts in Induction Heat Treatment and Induction Heating","description":"GH Induction offers advanced induction heat treatment and heating solutions for various industrial applications. With over 60 years of experience, our innovative systems ensure efficiency and quality across diverse sectors globally.","publisher":{"@id":"https:\/\/ghinduction.com\/de-de\/#organization"},"alternateName":"GH Induction","potentialAction":[{"@type":"SearchAction","target":{"@type":"EntryPoint","urlTemplate":"https:\/\/ghinduction.com\/de-de\/?s={search_term_string}"},"query-input":{"@type":"PropertyValueSpecification","valueRequired":true,"valueName":"search_term_string"}}],"inLanguage":"de-GE"},{"@type":"Organization","@id":"https:\/\/ghinduction.com\/de-de\/#organization","name":"GH Induction - Experts in Induction Heat Treatment and Induction Heating","alternateName":"GH Induction","url":"https:\/\/ghinduction.com\/de-de\/","logo":{"@type":"ImageObject","inLanguage":"de-GE","@id":"https:\/\/ghinduction.com\/de-de\/#\/schema\/logo\/image\/","url":"https:\/\/ghinduction.com\/wp-content\/uploads\/2024\/05\/logo-gh-induction.png","contentUrl":"https:\/\/ghinduction.com\/wp-content\/uploads\/2024\/05\/logo-gh-induction.png","width":225,"height":225,"caption":"GH Induction - Experts in Induction Heat Treatment and Induction Heating"},"image":{"@id":"https:\/\/ghinduction.com\/de-de\/#\/schema\/logo\/image\/"},"sameAs":["https:\/\/www.facebook.com\/ghinductionheating","https:\/\/www.linkedin.com\/company\/gh-induction\/","https:\/\/www.youtube.com\/user\/GhInduction"]}]}},"_links":{"self":[{"href":"https:\/\/ghinduction.com\/de-de\/wp-json\/wp\/v2\/pages\/21222","targetHints":{"allow":["GET"]}}],"collection":[{"href":"https:\/\/ghinduction.com\/de-de\/wp-json\/wp\/v2\/pages"}],"about":[{"href":"https:\/\/ghinduction.com\/de-de\/wp-json\/wp\/v2\/types\/page"}],"author":[{"embeddable":true,"href":"https:\/\/ghinduction.com\/de-de\/wp-json\/wp\/v2\/users\/1"}],"replies":[{"embeddable":true,"href":"https:\/\/ghinduction.com\/de-de\/wp-json\/wp\/v2\/comments?post=21222"}],"version-history":[{"count":7,"href":"https:\/\/ghinduction.com\/de-de\/wp-json\/wp\/v2\/pages\/21222\/revisions"}],"predecessor-version":[{"id":66228,"href":"https:\/\/ghinduction.com\/de-de\/wp-json\/wp\/v2\/pages\/21222\/revisions\/66228"}],"up":[{"embeddable":true,"href":"https:\/\/ghinduction.com\/de-de\/wp-json\/wp\/v2\/pages\/29117"}],"wp:featuredmedia":[{"embeddable":true,"href":"https:\/\/ghinduction.com\/de-de\/wp-json\/wp\/v2\/media\/18898"}],"wp:attachment":[{"href":"https:\/\/ghinduction.com\/de-de\/wp-json\/wp\/v2\/media?parent=21222"}],"wp:term":[{"taxonomy":"industry","embeddable":true,"href":"https:\/\/ghinduction.com\/de-de\/wp-json\/wp\/v2\/industry?post=21222"},{"taxonomy":"processes","embeddable":true,"href":"https:\/\/ghinduction.com\/de-de\/wp-json\/wp\/v2\/processes?post=21222"},{"taxonomy":"solutions","embeddable":true,"href":"https:\/\/ghinduction.com\/de-de\/wp-json\/wp\/v2\/solutions?post=21222"}],"curies":[{"name":"wp","href":"https:\/\/api.w.org\/{rel}","templated":true}]}}