{"id":22310,"date":"2023-01-09T09:02:33","date_gmt":"2023-01-09T09:02:33","guid":{"rendered":"https:\/\/ghinduction.com\/vakuumverfahren\/"},"modified":"2026-02-25T13:12:50","modified_gmt":"2026-02-25T13:12:50","slug":"vakuumverfahren","status":"publish","type":"page","link":"https:\/\/ghinduction.com\/de-de\/losungen\/prozesse\/erwarmungs-prozesse\/vakuumverfahren\/","title":{"rendered":"Vakuumverfahren"},"content":{"rendered":"","protected":false},"excerpt":{"rendered":"","protected":false},"author":1,"featured_media":18423,"parent":24609,"menu_order":46,"comment_status":"closed","ping_status":"closed","template":"","meta":{"_acf_changed":false,"footnotes":""},"industry":[],"processes":[],"solutions":[],"class_list":["post-22310","page","type-page","status-publish","has-post-thumbnail","hentry"],"acf":[],"yoast_head":"<!-- This site is optimized with the Yoast SEO plugin v27.3 - https:\/\/yoast.com\/product\/yoast-seo-wordpress\/ -->\n<title>Induction Vakuumverfahren | GH Induction Deutschland<\/title>\n<meta name=\"description\" content=\"Vakuum\u00f6fen sind ideal f\u00fcr industrielle Erw\u00e4rmungsprozesse, die eine hohe Qualit\u00e4t und Erw\u00e4rmungskonsistenz voraussetzen.\" \/>\n<meta name=\"robots\" content=\"index, follow, max-snippet:-1, max-image-preview:large, max-video-preview:-1\" \/>\n<link rel=\"canonical\" href=\"https:\/\/ghinduction.com\/de-de\/losungen\/prozesse\/erwarmungs-prozesse\/vakuumverfahren\/\" \/>\n<meta property=\"og:locale\" content=\"de_DE\" \/>\n<meta property=\"og:type\" content=\"article\" \/>\n<meta property=\"og:title\" content=\"Induction Vakuumverfahren | GH Induction Deutschland\" \/>\n<meta property=\"og:description\" content=\"Vakuum\u00f6fen sind ideal f\u00fcr industrielle Erw\u00e4rmungsprozesse, die eine hohe Qualit\u00e4t und Erw\u00e4rmungskonsistenz voraussetzen.\" \/>\n<meta property=\"og:url\" content=\"https:\/\/ghinduction.com\/de-de\/losungen\/prozesse\/erwarmungs-prozesse\/vakuumverfahren\/\" \/>\n<meta property=\"og:site_name\" content=\"GH Induction Deutschland\" \/>\n<meta property=\"article:publisher\" content=\"https:\/\/www.facebook.com\/ghinductionheating\" \/>\n<meta property=\"article:modified_time\" content=\"2026-02-25T13:12:50+00:00\" \/>\n<meta property=\"og:image\" content=\"https:\/\/ghinduction.com\/wp-content\/uploads\/2023\/03\/Solutions_Processes_Vacuum_opt.jpg\" \/>\n\t<meta property=\"og:image:width\" content=\"632\" \/>\n\t<meta property=\"og:image:height\" content=\"490\" \/>\n\t<meta property=\"og:image:type\" content=\"image\/jpeg\" \/>\n<meta name=\"twitter:card\" content=\"summary_large_image\" \/>\n<meta name=\"twitter:label1\" content=\"Est. reading time\" \/>\n\t<meta name=\"twitter:data1\" content=\"1 minute\" \/>\n<script type=\"application\/ld+json\" class=\"yoast-schema-graph\">{\"@context\":\"https:\\\/\\\/schema.org\",\"@graph\":[{\"@type\":\"WebPage\",\"@id\":\"https:\\\/\\\/ghinduction.com\\\/de-de\\\/losungen\\\/prozesse\\\/erwarmungs-prozesse\\\/vakuumverfahren\\\/\",\"url\":\"https:\\\/\\\/ghinduction.com\\\/de-de\\\/losungen\\\/prozesse\\\/erwarmungs-prozesse\\\/vakuumverfahren\\\/\",\"name\":\"Induction Vakuumverfahren | GH Induction Deutschland\",\"isPartOf\":{\"@id\":\"https:\\\/\\\/ghinduction.com\\\/de-de\\\/#website\"},\"primaryImageOfPage\":{\"@id\":\"https:\\\/\\\/ghinduction.com\\\/de-de\\\/losungen\\\/prozesse\\\/erwarmungs-prozesse\\\/vakuumverfahren\\\/#primaryimage\"},\"image\":{\"@id\":\"https:\\\/\\\/ghinduction.com\\\/de-de\\\/losungen\\\/prozesse\\\/erwarmungs-prozesse\\\/vakuumverfahren\\\/#primaryimage\"},\"thumbnailUrl\":\"https:\\\/\\\/ghinduction.com\\\/wp-content\\\/uploads\\\/2023\\\/03\\\/Solutions_Processes_Vacuum_opt.jpg\",\"datePublished\":\"2023-01-09T09:02:33+00:00\",\"dateModified\":\"2026-02-25T13:12:50+00:00\",\"description\":\"Vakuum\u00f6fen sind ideal f\u00fcr industrielle Erw\u00e4rmungsprozesse, die eine hohe Qualit\u00e4t und Erw\u00e4rmungskonsistenz voraussetzen.\",\"breadcrumb\":{\"@id\":\"https:\\\/\\\/ghinduction.com\\\/de-de\\\/losungen\\\/prozesse\\\/erwarmungs-prozesse\\\/vakuumverfahren\\\/#breadcrumb\"},\"inLanguage\":\"de-GE\",\"potentialAction\":[{\"@type\":\"ReadAction\",\"target\":[\"https:\\\/\\\/ghinduction.com\\\/de-de\\\/losungen\\\/prozesse\\\/erwarmungs-prozesse\\\/vakuumverfahren\\\/\"]}]},{\"@type\":\"ImageObject\",\"inLanguage\":\"de-GE\",\"@id\":\"https:\\\/\\\/ghinduction.com\\\/de-de\\\/losungen\\\/prozesse\\\/erwarmungs-prozesse\\\/vakuumverfahren\\\/#primaryimage\",\"url\":\"https:\\\/\\\/ghinduction.com\\\/wp-content\\\/uploads\\\/2023\\\/03\\\/Solutions_Processes_Vacuum_opt.jpg\",\"contentUrl\":\"https:\\\/\\\/ghinduction.com\\\/wp-content\\\/uploads\\\/2023\\\/03\\\/Solutions_Processes_Vacuum_opt.jpg\",\"width\":632,\"height\":490},{\"@type\":\"BreadcrumbList\",\"@id\":\"https:\\\/\\\/ghinduction.com\\\/de-de\\\/losungen\\\/prozesse\\\/erwarmungs-prozesse\\\/vakuumverfahren\\\/#breadcrumb\",\"itemListElement\":[{\"@type\":\"ListItem\",\"position\":1,\"name\":\"Home\",\"item\":\"https:\\\/\\\/ghinduction.com\\\/de-de\\\/\"},{\"@type\":\"ListItem\",\"position\":2,\"name\":\"L\u00f6sungen\",\"item\":\"https:\\\/\\\/ghinduction.com\\\/de-de\\\/losungen\\\/\"},{\"@type\":\"ListItem\",\"position\":3,\"name\":\"Prozesse\",\"item\":\"https:\\\/\\\/ghinduction.com\\\/de-de\\\/losungen\\\/prozesse\\\/\"},{\"@type\":\"ListItem\",\"position\":4,\"name\":\"Erw\u00e4rmungs-Prozesse\",\"item\":\"https:\\\/\\\/ghinduction.com\\\/de-de\\\/losungen\\\/prozesse\\\/erwarmungs-prozesse\\\/\"},{\"@type\":\"ListItem\",\"position\":5,\"name\":\"Vakuumverfahren\"}]},{\"@type\":\"WebSite\",\"@id\":\"https:\\\/\\\/ghinduction.com\\\/de-de\\\/#website\",\"url\":\"https:\\\/\\\/ghinduction.com\\\/de-de\\\/\",\"name\":\"GH Induction - Experts in Induction Heat Treatment and Induction Heating\",\"description\":\"GH Induction offers advanced induction heat treatment and heating solutions for various industrial applications. With over 60 years of experience, our innovative systems ensure efficiency and quality across diverse sectors globally.\",\"publisher\":{\"@id\":\"https:\\\/\\\/ghinduction.com\\\/de-de\\\/#organization\"},\"alternateName\":\"GH Induction\",\"potentialAction\":[{\"@type\":\"SearchAction\",\"target\":{\"@type\":\"EntryPoint\",\"urlTemplate\":\"https:\\\/\\\/ghinduction.com\\\/de-de\\\/?s={search_term_string}\"},\"query-input\":{\"@type\":\"PropertyValueSpecification\",\"valueRequired\":true,\"valueName\":\"search_term_string\"}}],\"inLanguage\":\"de-GE\"},{\"@type\":\"Organization\",\"@id\":\"https:\\\/\\\/ghinduction.com\\\/de-de\\\/#organization\",\"name\":\"GH Induction - Experts in Induction Heat Treatment and Induction Heating\",\"alternateName\":\"GH Induction\",\"url\":\"https:\\\/\\\/ghinduction.com\\\/de-de\\\/\",\"logo\":{\"@type\":\"ImageObject\",\"inLanguage\":\"de-GE\",\"@id\":\"https:\\\/\\\/ghinduction.com\\\/de-de\\\/#\\\/schema\\\/logo\\\/image\\\/\",\"url\":\"https:\\\/\\\/ghinduction.com\\\/wp-content\\\/uploads\\\/2024\\\/05\\\/logo-gh-induction.png\",\"contentUrl\":\"https:\\\/\\\/ghinduction.com\\\/wp-content\\\/uploads\\\/2024\\\/05\\\/logo-gh-induction.png\",\"width\":225,\"height\":225,\"caption\":\"GH Induction - Experts in Induction Heat Treatment and Induction Heating\"},\"image\":{\"@id\":\"https:\\\/\\\/ghinduction.com\\\/de-de\\\/#\\\/schema\\\/logo\\\/image\\\/\"},\"sameAs\":[\"https:\\\/\\\/www.facebook.com\\\/ghinductionheating\",\"https:\\\/\\\/www.linkedin.com\\\/company\\\/gh-induction\\\/\",\"https:\\\/\\\/www.youtube.com\\\/user\\\/GhInduction\"]}]}<\/script>\n<!-- \/ Yoast SEO plugin. -->","yoast_head_json":{"title":"Induction Vakuumverfahren | GH Induction Deutschland","description":"Vakuum\u00f6fen sind ideal f\u00fcr industrielle Erw\u00e4rmungsprozesse, die eine hohe Qualit\u00e4t und Erw\u00e4rmungskonsistenz voraussetzen.","robots":{"index":"index","follow":"follow","max-snippet":"max-snippet:-1","max-image-preview":"max-image-preview:large","max-video-preview":"max-video-preview:-1"},"canonical":"https:\/\/ghinduction.com\/de-de\/losungen\/prozesse\/erwarmungs-prozesse\/vakuumverfahren\/","og_locale":"de_DE","og_type":"article","og_title":"Induction Vakuumverfahren | GH Induction Deutschland","og_description":"Vakuum\u00f6fen sind ideal f\u00fcr industrielle Erw\u00e4rmungsprozesse, die eine hohe Qualit\u00e4t und Erw\u00e4rmungskonsistenz voraussetzen.","og_url":"https:\/\/ghinduction.com\/de-de\/losungen\/prozesse\/erwarmungs-prozesse\/vakuumverfahren\/","og_site_name":"GH Induction Deutschland","article_publisher":"https:\/\/www.facebook.com\/ghinductionheating","article_modified_time":"2026-02-25T13:12:50+00:00","og_image":[{"width":632,"height":490,"url":"https:\/\/ghinduction.com\/wp-content\/uploads\/2023\/03\/Solutions_Processes_Vacuum_opt.jpg","type":"image\/jpeg"}],"twitter_card":"summary_large_image","twitter_misc":{"Est. reading time":"1 minute"},"schema":{"@context":"https:\/\/schema.org","@graph":[{"@type":"WebPage","@id":"https:\/\/ghinduction.com\/de-de\/losungen\/prozesse\/erwarmungs-prozesse\/vakuumverfahren\/","url":"https:\/\/ghinduction.com\/de-de\/losungen\/prozesse\/erwarmungs-prozesse\/vakuumverfahren\/","name":"Induction Vakuumverfahren | GH Induction Deutschland","isPartOf":{"@id":"https:\/\/ghinduction.com\/de-de\/#website"},"primaryImageOfPage":{"@id":"https:\/\/ghinduction.com\/de-de\/losungen\/prozesse\/erwarmungs-prozesse\/vakuumverfahren\/#primaryimage"},"image":{"@id":"https:\/\/ghinduction.com\/de-de\/losungen\/prozesse\/erwarmungs-prozesse\/vakuumverfahren\/#primaryimage"},"thumbnailUrl":"https:\/\/ghinduction.com\/wp-content\/uploads\/2023\/03\/Solutions_Processes_Vacuum_opt.jpg","datePublished":"2023-01-09T09:02:33+00:00","dateModified":"2026-02-25T13:12:50+00:00","description":"Vakuum\u00f6fen sind ideal f\u00fcr industrielle Erw\u00e4rmungsprozesse, die eine hohe Qualit\u00e4t und Erw\u00e4rmungskonsistenz voraussetzen.","breadcrumb":{"@id":"https:\/\/ghinduction.com\/de-de\/losungen\/prozesse\/erwarmungs-prozesse\/vakuumverfahren\/#breadcrumb"},"inLanguage":"de-GE","potentialAction":[{"@type":"ReadAction","target":["https:\/\/ghinduction.com\/de-de\/losungen\/prozesse\/erwarmungs-prozesse\/vakuumverfahren\/"]}]},{"@type":"ImageObject","inLanguage":"de-GE","@id":"https:\/\/ghinduction.com\/de-de\/losungen\/prozesse\/erwarmungs-prozesse\/vakuumverfahren\/#primaryimage","url":"https:\/\/ghinduction.com\/wp-content\/uploads\/2023\/03\/Solutions_Processes_Vacuum_opt.jpg","contentUrl":"https:\/\/ghinduction.com\/wp-content\/uploads\/2023\/03\/Solutions_Processes_Vacuum_opt.jpg","width":632,"height":490},{"@type":"BreadcrumbList","@id":"https:\/\/ghinduction.com\/de-de\/losungen\/prozesse\/erwarmungs-prozesse\/vakuumverfahren\/#breadcrumb","itemListElement":[{"@type":"ListItem","position":1,"name":"Home","item":"https:\/\/ghinduction.com\/de-de\/"},{"@type":"ListItem","position":2,"name":"L\u00f6sungen","item":"https:\/\/ghinduction.com\/de-de\/losungen\/"},{"@type":"ListItem","position":3,"name":"Prozesse","item":"https:\/\/ghinduction.com\/de-de\/losungen\/prozesse\/"},{"@type":"ListItem","position":4,"name":"Erw\u00e4rmungs-Prozesse","item":"https:\/\/ghinduction.com\/de-de\/losungen\/prozesse\/erwarmungs-prozesse\/"},{"@type":"ListItem","position":5,"name":"Vakuumverfahren"}]},{"@type":"WebSite","@id":"https:\/\/ghinduction.com\/de-de\/#website","url":"https:\/\/ghinduction.com\/de-de\/","name":"GH Induction - Experts in Induction Heat Treatment and Induction Heating","description":"GH Induction offers advanced induction heat treatment and heating solutions for various industrial applications. With over 60 years of experience, our innovative systems ensure efficiency and quality across diverse sectors globally.","publisher":{"@id":"https:\/\/ghinduction.com\/de-de\/#organization"},"alternateName":"GH Induction","potentialAction":[{"@type":"SearchAction","target":{"@type":"EntryPoint","urlTemplate":"https:\/\/ghinduction.com\/de-de\/?s={search_term_string}"},"query-input":{"@type":"PropertyValueSpecification","valueRequired":true,"valueName":"search_term_string"}}],"inLanguage":"de-GE"},{"@type":"Organization","@id":"https:\/\/ghinduction.com\/de-de\/#organization","name":"GH Induction - Experts in Induction Heat Treatment and Induction Heating","alternateName":"GH Induction","url":"https:\/\/ghinduction.com\/de-de\/","logo":{"@type":"ImageObject","inLanguage":"de-GE","@id":"https:\/\/ghinduction.com\/de-de\/#\/schema\/logo\/image\/","url":"https:\/\/ghinduction.com\/wp-content\/uploads\/2024\/05\/logo-gh-induction.png","contentUrl":"https:\/\/ghinduction.com\/wp-content\/uploads\/2024\/05\/logo-gh-induction.png","width":225,"height":225,"caption":"GH Induction - Experts in Induction Heat Treatment and Induction Heating"},"image":{"@id":"https:\/\/ghinduction.com\/de-de\/#\/schema\/logo\/image\/"},"sameAs":["https:\/\/www.facebook.com\/ghinductionheating","https:\/\/www.linkedin.com\/company\/gh-induction\/","https:\/\/www.youtube.com\/user\/GhInduction"]}]}},"_links":{"self":[{"href":"https:\/\/ghinduction.com\/de-de\/wp-json\/wp\/v2\/pages\/22310","targetHints":{"allow":["GET"]}}],"collection":[{"href":"https:\/\/ghinduction.com\/de-de\/wp-json\/wp\/v2\/pages"}],"about":[{"href":"https:\/\/ghinduction.com\/de-de\/wp-json\/wp\/v2\/types\/page"}],"author":[{"embeddable":true,"href":"https:\/\/ghinduction.com\/de-de\/wp-json\/wp\/v2\/users\/1"}],"replies":[{"embeddable":true,"href":"https:\/\/ghinduction.com\/de-de\/wp-json\/wp\/v2\/comments?post=22310"}],"version-history":[{"count":3,"href":"https:\/\/ghinduction.com\/de-de\/wp-json\/wp\/v2\/pages\/22310\/revisions"}],"predecessor-version":[{"id":65254,"href":"https:\/\/ghinduction.com\/de-de\/wp-json\/wp\/v2\/pages\/22310\/revisions\/65254"}],"up":[{"embeddable":true,"href":"https:\/\/ghinduction.com\/de-de\/wp-json\/wp\/v2\/pages\/24609"}],"wp:featuredmedia":[{"embeddable":true,"href":"https:\/\/ghinduction.com\/de-de\/wp-json\/wp\/v2\/media\/18423"}],"wp:attachment":[{"href":"https:\/\/ghinduction.com\/de-de\/wp-json\/wp\/v2\/media?parent=22310"}],"wp:term":[{"taxonomy":"industry","embeddable":true,"href":"https:\/\/ghinduction.com\/de-de\/wp-json\/wp\/v2\/industry?post=22310"},{"taxonomy":"processes","embeddable":true,"href":"https:\/\/ghinduction.com\/de-de\/wp-json\/wp\/v2\/processes?post=22310"},{"taxonomy":"solutions","embeddable":true,"href":"https:\/\/ghinduction.com\/de-de\/wp-json\/wp\/v2\/solutions?post=22310"}],"curies":[{"name":"wp","href":"https:\/\/api.w.org\/{rel}","templated":true}]}}