{"id":24403,"date":"2023-01-09T09:02:09","date_gmt":"2023-01-09T09:02:09","guid":{"rendered":"https:\/\/ghinduction.com\/schlusselfertige-produkte\/"},"modified":"2026-04-28T08:22:59","modified_gmt":"2026-04-28T08:22:59","slug":"schlusselfertige-produkte","status":"publish","type":"page","link":"https:\/\/ghinduction.com\/de-de\/losungen\/schlusselfertige-produkte\/","title":{"rendered":"Schl\u00fcsselfertige Produkte"},"content":{"rendered":"","protected":false},"excerpt":{"rendered":"","protected":false},"author":1,"featured_media":18271,"parent":24474,"menu_order":10,"comment_status":"closed","ping_status":"closed","template":"","meta":{"_acf_changed":false,"footnotes":""},"industry":[],"processes":[],"solutions":[],"class_list":["post-24403","page","type-page","status-publish","has-post-thumbnail","hentry"],"acf":[],"yoast_head":"<!-- This site is optimized with the Yoast SEO plugin v27.3 - https:\/\/yoast.com\/product\/yoast-seo-wordpress\/ -->\n<title>Schl\u00fcsselfertige Produkte f\u00fcr Induktionsl\u00f6sungen - GH Induction<\/title>\n<meta name=\"description\" content=\"Da jedes Unternehmen einzigartig ist und jede Industrie anders, nimmt GH Group die individuelle Situation als Ausgangspunkt. In einer Kombination aus Kompetenz, Erfahrung und Kreativit\u00e4t entwickelt unser Expertenteam L\u00f6sungen, die speziell auf Ihre Anforderungen abgestimmt sind. Unser Ziel ist es, Ihre Erwartungen nicht nur zufrieden zu stellen, sondern zu \u00fcbertreffen: das ist ein schl\u00fcsselfertiges Projekt von GH.\" \/>\n<meta name=\"robots\" content=\"index, follow, max-snippet:-1, max-image-preview:large, max-video-preview:-1\" \/>\n<link rel=\"canonical\" href=\"https:\/\/ghinduction.com\/de-de\/losungen\/schlusselfertige-produkte\/\" \/>\n<meta property=\"og:locale\" content=\"de_DE\" \/>\n<meta property=\"og:type\" content=\"article\" \/>\n<meta property=\"og:title\" content=\"Schl\u00fcsselfertige Produkte f\u00fcr Induktionsl\u00f6sungen - GH Induction\" \/>\n<meta property=\"og:description\" content=\"Da jedes Unternehmen einzigartig ist und jede Industrie anders, nimmt GH Group die individuelle Situation als Ausgangspunkt. In einer Kombination aus Kompetenz, Erfahrung und Kreativit\u00e4t entwickelt unser Expertenteam L\u00f6sungen, die speziell auf Ihre Anforderungen abgestimmt sind. Unser Ziel ist es, Ihre Erwartungen nicht nur zufrieden zu stellen, sondern zu \u00fcbertreffen: das ist ein schl\u00fcsselfertiges Projekt von GH.\" \/>\n<meta property=\"og:url\" content=\"https:\/\/ghinduction.com\/de-de\/losungen\/schlusselfertige-produkte\/\" \/>\n<meta property=\"og:site_name\" content=\"GH Induction Deutschland\" \/>\n<meta property=\"article:publisher\" content=\"https:\/\/www.facebook.com\/ghinductionheating\" \/>\n<meta property=\"article:modified_time\" content=\"2026-04-28T08:22:59+00:00\" \/>\n<meta property=\"og:image\" content=\"https:\/\/ghinduction.com\/wp-content\/uploads\/2023\/02\/Services_Care_Preventive.jpg\" \/>\n\t<meta property=\"og:image:width\" content=\"1200\" \/>\n\t<meta property=\"og:image:height\" content=\"800\" \/>\n\t<meta property=\"og:image:type\" content=\"image\/jpeg\" \/>\n<meta name=\"twitter:card\" content=\"summary_large_image\" \/>\n<meta name=\"twitter:label1\" content=\"Est. reading time\" \/>\n\t<meta name=\"twitter:data1\" content=\"1 minute\" \/>\n<script type=\"application\/ld+json\" class=\"yoast-schema-graph\">{\"@context\":\"https:\\\/\\\/schema.org\",\"@graph\":[{\"@type\":\"WebPage\",\"@id\":\"https:\\\/\\\/ghinduction.com\\\/de-de\\\/losungen\\\/schlusselfertige-produkte\\\/\",\"url\":\"https:\\\/\\\/ghinduction.com\\\/de-de\\\/losungen\\\/schlusselfertige-produkte\\\/\",\"name\":\"Schl\u00fcsselfertige Produkte f\u00fcr Induktionsl\u00f6sungen - GH Induction\",\"isPartOf\":{\"@id\":\"https:\\\/\\\/ghinduction.com\\\/de-de\\\/#website\"},\"primaryImageOfPage\":{\"@id\":\"https:\\\/\\\/ghinduction.com\\\/de-de\\\/losungen\\\/schlusselfertige-produkte\\\/#primaryimage\"},\"image\":{\"@id\":\"https:\\\/\\\/ghinduction.com\\\/de-de\\\/losungen\\\/schlusselfertige-produkte\\\/#primaryimage\"},\"thumbnailUrl\":\"https:\\\/\\\/ghinduction.com\\\/wp-content\\\/uploads\\\/2023\\\/02\\\/Services_Care_Preventive.jpg\",\"datePublished\":\"2023-01-09T09:02:09+00:00\",\"dateModified\":\"2026-04-28T08:22:59+00:00\",\"description\":\"Da jedes Unternehmen einzigartig ist und jede Industrie anders, nimmt GH Group die individuelle Situation als Ausgangspunkt. In einer Kombination aus Kompetenz, Erfahrung und Kreativit\u00e4t entwickelt unser Expertenteam L\u00f6sungen, die speziell auf Ihre Anforderungen abgestimmt sind. Unser Ziel ist es, Ihre Erwartungen nicht nur zufrieden zu stellen, sondern zu \u00fcbertreffen: das ist ein schl\u00fcsselfertiges Projekt von GH.\",\"breadcrumb\":{\"@id\":\"https:\\\/\\\/ghinduction.com\\\/de-de\\\/losungen\\\/schlusselfertige-produkte\\\/#breadcrumb\"},\"inLanguage\":\"de-GE\",\"potentialAction\":[{\"@type\":\"ReadAction\",\"target\":[\"https:\\\/\\\/ghinduction.com\\\/de-de\\\/losungen\\\/schlusselfertige-produkte\\\/\"]}]},{\"@type\":\"ImageObject\",\"inLanguage\":\"de-GE\",\"@id\":\"https:\\\/\\\/ghinduction.com\\\/de-de\\\/losungen\\\/schlusselfertige-produkte\\\/#primaryimage\",\"url\":\"https:\\\/\\\/ghinduction.com\\\/wp-content\\\/uploads\\\/2023\\\/02\\\/Services_Care_Preventive.jpg\",\"contentUrl\":\"https:\\\/\\\/ghinduction.com\\\/wp-content\\\/uploads\\\/2023\\\/02\\\/Services_Care_Preventive.jpg\",\"width\":1200,\"height\":800},{\"@type\":\"BreadcrumbList\",\"@id\":\"https:\\\/\\\/ghinduction.com\\\/de-de\\\/losungen\\\/schlusselfertige-produkte\\\/#breadcrumb\",\"itemListElement\":[{\"@type\":\"ListItem\",\"position\":1,\"name\":\"Home\",\"item\":\"https:\\\/\\\/ghinduction.com\\\/de-de\\\/\"},{\"@type\":\"ListItem\",\"position\":2,\"name\":\"L\u00f6sungen\",\"item\":\"https:\\\/\\\/ghinduction.com\\\/de-de\\\/losungen\\\/\"},{\"@type\":\"ListItem\",\"position\":3,\"name\":\"Schl\u00fcsselfertige Produkte\"}]},{\"@type\":\"WebSite\",\"@id\":\"https:\\\/\\\/ghinduction.com\\\/de-de\\\/#website\",\"url\":\"https:\\\/\\\/ghinduction.com\\\/de-de\\\/\",\"name\":\"GH Induction - Experts in Induction Heat Treatment and Induction Heating\",\"description\":\"GH Induction offers advanced induction heat treatment and heating solutions for various industrial applications. With over 60 years of experience, our innovative systems ensure efficiency and quality across diverse sectors globally.\",\"publisher\":{\"@id\":\"https:\\\/\\\/ghinduction.com\\\/de-de\\\/#organization\"},\"alternateName\":\"GH Induction\",\"potentialAction\":[{\"@type\":\"SearchAction\",\"target\":{\"@type\":\"EntryPoint\",\"urlTemplate\":\"https:\\\/\\\/ghinduction.com\\\/de-de\\\/?s={search_term_string}\"},\"query-input\":{\"@type\":\"PropertyValueSpecification\",\"valueRequired\":true,\"valueName\":\"search_term_string\"}}],\"inLanguage\":\"de-GE\"},{\"@type\":\"Organization\",\"@id\":\"https:\\\/\\\/ghinduction.com\\\/de-de\\\/#organization\",\"name\":\"GH Induction - Experts in Induction Heat Treatment and Induction Heating\",\"alternateName\":\"GH Induction\",\"url\":\"https:\\\/\\\/ghinduction.com\\\/de-de\\\/\",\"logo\":{\"@type\":\"ImageObject\",\"inLanguage\":\"de-GE\",\"@id\":\"https:\\\/\\\/ghinduction.com\\\/de-de\\\/#\\\/schema\\\/logo\\\/image\\\/\",\"url\":\"https:\\\/\\\/ghinduction.com\\\/wp-content\\\/uploads\\\/2024\\\/05\\\/logo-gh-induction.png\",\"contentUrl\":\"https:\\\/\\\/ghinduction.com\\\/wp-content\\\/uploads\\\/2024\\\/05\\\/logo-gh-induction.png\",\"width\":225,\"height\":225,\"caption\":\"GH Induction - Experts in Induction Heat Treatment and Induction Heating\"},\"image\":{\"@id\":\"https:\\\/\\\/ghinduction.com\\\/de-de\\\/#\\\/schema\\\/logo\\\/image\\\/\"},\"sameAs\":[\"https:\\\/\\\/www.facebook.com\\\/ghinductionheating\",\"https:\\\/\\\/www.linkedin.com\\\/company\\\/gh-induction\\\/\",\"https:\\\/\\\/www.youtube.com\\\/user\\\/GhInduction\"]}]}<\/script>\n<!-- \/ Yoast SEO plugin. -->","yoast_head_json":{"title":"Schl\u00fcsselfertige Produkte f\u00fcr Induktionsl\u00f6sungen - GH Induction","description":"Da jedes Unternehmen einzigartig ist und jede Industrie anders, nimmt GH Group die individuelle Situation als Ausgangspunkt. In einer Kombination aus Kompetenz, Erfahrung und Kreativit\u00e4t entwickelt unser Expertenteam L\u00f6sungen, die speziell auf Ihre Anforderungen abgestimmt sind. Unser Ziel ist es, Ihre Erwartungen nicht nur zufrieden zu stellen, sondern zu \u00fcbertreffen: das ist ein schl\u00fcsselfertiges Projekt von GH.","robots":{"index":"index","follow":"follow","max-snippet":"max-snippet:-1","max-image-preview":"max-image-preview:large","max-video-preview":"max-video-preview:-1"},"canonical":"https:\/\/ghinduction.com\/de-de\/losungen\/schlusselfertige-produkte\/","og_locale":"de_DE","og_type":"article","og_title":"Schl\u00fcsselfertige Produkte f\u00fcr Induktionsl\u00f6sungen - GH Induction","og_description":"Da jedes Unternehmen einzigartig ist und jede Industrie anders, nimmt GH Group die individuelle Situation als Ausgangspunkt. In einer Kombination aus Kompetenz, Erfahrung und Kreativit\u00e4t entwickelt unser Expertenteam L\u00f6sungen, die speziell auf Ihre Anforderungen abgestimmt sind. Unser Ziel ist es, Ihre Erwartungen nicht nur zufrieden zu stellen, sondern zu \u00fcbertreffen: das ist ein schl\u00fcsselfertiges Projekt von GH.","og_url":"https:\/\/ghinduction.com\/de-de\/losungen\/schlusselfertige-produkte\/","og_site_name":"GH Induction Deutschland","article_publisher":"https:\/\/www.facebook.com\/ghinductionheating","article_modified_time":"2026-04-28T08:22:59+00:00","og_image":[{"width":1200,"height":800,"url":"https:\/\/ghinduction.com\/wp-content\/uploads\/2023\/02\/Services_Care_Preventive.jpg","type":"image\/jpeg"}],"twitter_card":"summary_large_image","twitter_misc":{"Est. reading time":"1 minute"},"schema":{"@context":"https:\/\/schema.org","@graph":[{"@type":"WebPage","@id":"https:\/\/ghinduction.com\/de-de\/losungen\/schlusselfertige-produkte\/","url":"https:\/\/ghinduction.com\/de-de\/losungen\/schlusselfertige-produkte\/","name":"Schl\u00fcsselfertige Produkte f\u00fcr Induktionsl\u00f6sungen - GH Induction","isPartOf":{"@id":"https:\/\/ghinduction.com\/de-de\/#website"},"primaryImageOfPage":{"@id":"https:\/\/ghinduction.com\/de-de\/losungen\/schlusselfertige-produkte\/#primaryimage"},"image":{"@id":"https:\/\/ghinduction.com\/de-de\/losungen\/schlusselfertige-produkte\/#primaryimage"},"thumbnailUrl":"https:\/\/ghinduction.com\/wp-content\/uploads\/2023\/02\/Services_Care_Preventive.jpg","datePublished":"2023-01-09T09:02:09+00:00","dateModified":"2026-04-28T08:22:59+00:00","description":"Da jedes Unternehmen einzigartig ist und jede Industrie anders, nimmt GH Group die individuelle Situation als Ausgangspunkt. In einer Kombination aus Kompetenz, Erfahrung und Kreativit\u00e4t entwickelt unser Expertenteam L\u00f6sungen, die speziell auf Ihre Anforderungen abgestimmt sind. Unser Ziel ist es, Ihre Erwartungen nicht nur zufrieden zu stellen, sondern zu \u00fcbertreffen: das ist ein schl\u00fcsselfertiges Projekt von GH.","breadcrumb":{"@id":"https:\/\/ghinduction.com\/de-de\/losungen\/schlusselfertige-produkte\/#breadcrumb"},"inLanguage":"de-GE","potentialAction":[{"@type":"ReadAction","target":["https:\/\/ghinduction.com\/de-de\/losungen\/schlusselfertige-produkte\/"]}]},{"@type":"ImageObject","inLanguage":"de-GE","@id":"https:\/\/ghinduction.com\/de-de\/losungen\/schlusselfertige-produkte\/#primaryimage","url":"https:\/\/ghinduction.com\/wp-content\/uploads\/2023\/02\/Services_Care_Preventive.jpg","contentUrl":"https:\/\/ghinduction.com\/wp-content\/uploads\/2023\/02\/Services_Care_Preventive.jpg","width":1200,"height":800},{"@type":"BreadcrumbList","@id":"https:\/\/ghinduction.com\/de-de\/losungen\/schlusselfertige-produkte\/#breadcrumb","itemListElement":[{"@type":"ListItem","position":1,"name":"Home","item":"https:\/\/ghinduction.com\/de-de\/"},{"@type":"ListItem","position":2,"name":"L\u00f6sungen","item":"https:\/\/ghinduction.com\/de-de\/losungen\/"},{"@type":"ListItem","position":3,"name":"Schl\u00fcsselfertige Produkte"}]},{"@type":"WebSite","@id":"https:\/\/ghinduction.com\/de-de\/#website","url":"https:\/\/ghinduction.com\/de-de\/","name":"GH Induction - Experts in Induction Heat Treatment and Induction Heating","description":"GH Induction offers advanced induction heat treatment and heating solutions for various industrial applications. With over 60 years of experience, our innovative systems ensure efficiency and quality across diverse sectors globally.","publisher":{"@id":"https:\/\/ghinduction.com\/de-de\/#organization"},"alternateName":"GH Induction","potentialAction":[{"@type":"SearchAction","target":{"@type":"EntryPoint","urlTemplate":"https:\/\/ghinduction.com\/de-de\/?s={search_term_string}"},"query-input":{"@type":"PropertyValueSpecification","valueRequired":true,"valueName":"search_term_string"}}],"inLanguage":"de-GE"},{"@type":"Organization","@id":"https:\/\/ghinduction.com\/de-de\/#organization","name":"GH Induction - Experts in Induction Heat Treatment and Induction Heating","alternateName":"GH Induction","url":"https:\/\/ghinduction.com\/de-de\/","logo":{"@type":"ImageObject","inLanguage":"de-GE","@id":"https:\/\/ghinduction.com\/de-de\/#\/schema\/logo\/image\/","url":"https:\/\/ghinduction.com\/wp-content\/uploads\/2024\/05\/logo-gh-induction.png","contentUrl":"https:\/\/ghinduction.com\/wp-content\/uploads\/2024\/05\/logo-gh-induction.png","width":225,"height":225,"caption":"GH Induction - Experts in Induction Heat Treatment and Induction Heating"},"image":{"@id":"https:\/\/ghinduction.com\/de-de\/#\/schema\/logo\/image\/"},"sameAs":["https:\/\/www.facebook.com\/ghinductionheating","https:\/\/www.linkedin.com\/company\/gh-induction\/","https:\/\/www.youtube.com\/user\/GhInduction"]}]}},"_links":{"self":[{"href":"https:\/\/ghinduction.com\/de-de\/wp-json\/wp\/v2\/pages\/24403","targetHints":{"allow":["GET"]}}],"collection":[{"href":"https:\/\/ghinduction.com\/de-de\/wp-json\/wp\/v2\/pages"}],"about":[{"href":"https:\/\/ghinduction.com\/de-de\/wp-json\/wp\/v2\/types\/page"}],"author":[{"embeddable":true,"href":"https:\/\/ghinduction.com\/de-de\/wp-json\/wp\/v2\/users\/1"}],"replies":[{"embeddable":true,"href":"https:\/\/ghinduction.com\/de-de\/wp-json\/wp\/v2\/comments?post=24403"}],"version-history":[{"count":7,"href":"https:\/\/ghinduction.com\/de-de\/wp-json\/wp\/v2\/pages\/24403\/revisions"}],"predecessor-version":[{"id":67770,"href":"https:\/\/ghinduction.com\/de-de\/wp-json\/wp\/v2\/pages\/24403\/revisions\/67770"}],"up":[{"embeddable":true,"href":"https:\/\/ghinduction.com\/de-de\/wp-json\/wp\/v2\/pages\/24474"}],"wp:featuredmedia":[{"embeddable":true,"href":"https:\/\/ghinduction.com\/de-de\/wp-json\/wp\/v2\/media\/18271"}],"wp:attachment":[{"href":"https:\/\/ghinduction.com\/de-de\/wp-json\/wp\/v2\/media?parent=24403"}],"wp:term":[{"taxonomy":"industry","embeddable":true,"href":"https:\/\/ghinduction.com\/de-de\/wp-json\/wp\/v2\/industry?post=24403"},{"taxonomy":"processes","embeddable":true,"href":"https:\/\/ghinduction.com\/de-de\/wp-json\/wp\/v2\/processes?post=24403"},{"taxonomy":"solutions","embeddable":true,"href":"https:\/\/ghinduction.com\/de-de\/wp-json\/wp\/v2\/solutions?post=24403"}],"curies":[{"name":"wp","href":"https:\/\/api.w.org\/{rel}","templated":true}]}}