{"id":24459,"date":"2023-01-09T09:02:19","date_gmt":"2023-01-09T09:02:19","guid":{"rendered":"https:\/\/ghinduction.com\/betreuungsdienste\/"},"modified":"2026-01-23T12:39:45","modified_gmt":"2026-01-23T12:39:45","slug":"betreuungsdienste","status":"publish","type":"page","link":"https:\/\/ghinduction.com\/de-de\/produkte-dienstleistungen\/services\/betreuungsdienste\/","title":{"rendered":"Betreuungsdienste"},"content":{"rendered":"","protected":false},"excerpt":{"rendered":"","protected":false},"author":1,"featured_media":0,"parent":28925,"menu_order":25,"comment_status":"closed","ping_status":"closed","template":"","meta":{"_acf_changed":false,"footnotes":""},"industry":[],"processes":[],"solutions":[],"class_list":["post-24459","page","type-page","status-publish","hentry"],"acf":[],"yoast_head":"<!-- This site is optimized with the Yoast SEO plugin v27.3 - https:\/\/yoast.com\/product\/yoast-seo-wordpress\/ -->\n<title>Betreuungsdienste - GH Induction<\/title>\n<meta name=\"description\" content=\"Der umfassende Kundenservice von GH geht weit \u00fcber den Verkauf und die Inbetriebnahme schl\u00fcsselfertiger Anlagen hinaus. Wir bieten vorbeugende Wartungsma\u00dfnahmen und Aktualisierungen der Ger\u00e4te, um Kundenprozesse auch nach Inbetriebnahme weiter zu optimieren.\" \/>\n<meta name=\"robots\" content=\"index, follow, max-snippet:-1, max-image-preview:large, max-video-preview:-1\" \/>\n<link rel=\"canonical\" href=\"https:\/\/ghinduction.com\/de-de\/produkte-dienstleistungen\/services\/betreuungsdienste\/\" \/>\n<meta property=\"og:locale\" content=\"de_DE\" \/>\n<meta property=\"og:type\" content=\"article\" \/>\n<meta property=\"og:title\" content=\"Betreuungsdienste - GH Induction\" \/>\n<meta property=\"og:description\" content=\"Der umfassende Kundenservice von GH geht weit \u00fcber den Verkauf und die Inbetriebnahme schl\u00fcsselfertiger Anlagen hinaus. Wir bieten vorbeugende Wartungsma\u00dfnahmen und Aktualisierungen der Ger\u00e4te, um Kundenprozesse auch nach Inbetriebnahme weiter zu optimieren.\" \/>\n<meta property=\"og:url\" content=\"https:\/\/ghinduction.com\/de-de\/produkte-dienstleistungen\/services\/betreuungsdienste\/\" \/>\n<meta property=\"og:site_name\" content=\"GH Induction Deutschland\" \/>\n<meta property=\"article:publisher\" content=\"https:\/\/www.facebook.com\/ghinductionheating\" \/>\n<meta property=\"article:modified_time\" content=\"2026-01-23T12:39:45+00:00\" \/>\n<meta name=\"twitter:card\" content=\"summary_large_image\" \/>\n<script type=\"application\/ld+json\" class=\"yoast-schema-graph\">{\"@context\":\"https:\\\/\\\/schema.org\",\"@graph\":[{\"@type\":\"WebPage\",\"@id\":\"https:\\\/\\\/ghinduction.com\\\/de-de\\\/produkte-dienstleistungen\\\/services\\\/betreuungsdienste\\\/\",\"url\":\"https:\\\/\\\/ghinduction.com\\\/de-de\\\/produkte-dienstleistungen\\\/services\\\/betreuungsdienste\\\/\",\"name\":\"Betreuungsdienste - GH Induction\",\"isPartOf\":{\"@id\":\"https:\\\/\\\/ghinduction.com\\\/de-de\\\/#website\"},\"datePublished\":\"2023-01-09T09:02:19+00:00\",\"dateModified\":\"2026-01-23T12:39:45+00:00\",\"description\":\"Der umfassende Kundenservice von GH geht weit \u00fcber den Verkauf und die Inbetriebnahme schl\u00fcsselfertiger Anlagen hinaus. Wir bieten vorbeugende Wartungsma\u00dfnahmen und Aktualisierungen der Ger\u00e4te, um Kundenprozesse auch nach Inbetriebnahme weiter zu optimieren.\",\"breadcrumb\":{\"@id\":\"https:\\\/\\\/ghinduction.com\\\/de-de\\\/produkte-dienstleistungen\\\/services\\\/betreuungsdienste\\\/#breadcrumb\"},\"inLanguage\":\"de-GE\",\"potentialAction\":[{\"@type\":\"ReadAction\",\"target\":[\"https:\\\/\\\/ghinduction.com\\\/de-de\\\/produkte-dienstleistungen\\\/services\\\/betreuungsdienste\\\/\"]}]},{\"@type\":\"BreadcrumbList\",\"@id\":\"https:\\\/\\\/ghinduction.com\\\/de-de\\\/produkte-dienstleistungen\\\/services\\\/betreuungsdienste\\\/#breadcrumb\",\"itemListElement\":[{\"@type\":\"ListItem\",\"position\":1,\"name\":\"Home\",\"item\":\"https:\\\/\\\/ghinduction.com\\\/de-de\\\/\"},{\"@type\":\"ListItem\",\"position\":2,\"name\":\"Produkte &amp; Dienstleistungen\",\"item\":\"https:\\\/\\\/ghinduction.com\\\/de-de\\\/produkte-dienstleistungen\\\/\"},{\"@type\":\"ListItem\",\"position\":3,\"name\":\"Kundenbetreuung\",\"item\":\"https:\\\/\\\/ghinduction.com\\\/de-de\\\/produkte-dienstleistungen\\\/services\\\/\"},{\"@type\":\"ListItem\",\"position\":4,\"name\":\"Betreuungsdienste\"}]},{\"@type\":\"WebSite\",\"@id\":\"https:\\\/\\\/ghinduction.com\\\/de-de\\\/#website\",\"url\":\"https:\\\/\\\/ghinduction.com\\\/de-de\\\/\",\"name\":\"GH Induction - Experts in Induction Heat Treatment and Induction Heating\",\"description\":\"GH Induction offers advanced induction heat treatment and heating solutions for various industrial applications. With over 60 years of experience, our innovative systems ensure efficiency and quality across diverse sectors globally.\",\"publisher\":{\"@id\":\"https:\\\/\\\/ghinduction.com\\\/de-de\\\/#organization\"},\"alternateName\":\"GH Induction\",\"potentialAction\":[{\"@type\":\"SearchAction\",\"target\":{\"@type\":\"EntryPoint\",\"urlTemplate\":\"https:\\\/\\\/ghinduction.com\\\/de-de\\\/?s={search_term_string}\"},\"query-input\":{\"@type\":\"PropertyValueSpecification\",\"valueRequired\":true,\"valueName\":\"search_term_string\"}}],\"inLanguage\":\"de-GE\"},{\"@type\":\"Organization\",\"@id\":\"https:\\\/\\\/ghinduction.com\\\/de-de\\\/#organization\",\"name\":\"GH Induction - Experts in Induction Heat Treatment and Induction Heating\",\"alternateName\":\"GH Induction\",\"url\":\"https:\\\/\\\/ghinduction.com\\\/de-de\\\/\",\"logo\":{\"@type\":\"ImageObject\",\"inLanguage\":\"de-GE\",\"@id\":\"https:\\\/\\\/ghinduction.com\\\/de-de\\\/#\\\/schema\\\/logo\\\/image\\\/\",\"url\":\"https:\\\/\\\/ghinduction.com\\\/wp-content\\\/uploads\\\/2024\\\/05\\\/logo-gh-induction.png\",\"contentUrl\":\"https:\\\/\\\/ghinduction.com\\\/wp-content\\\/uploads\\\/2024\\\/05\\\/logo-gh-induction.png\",\"width\":225,\"height\":225,\"caption\":\"GH Induction - Experts in Induction Heat Treatment and Induction Heating\"},\"image\":{\"@id\":\"https:\\\/\\\/ghinduction.com\\\/de-de\\\/#\\\/schema\\\/logo\\\/image\\\/\"},\"sameAs\":[\"https:\\\/\\\/www.facebook.com\\\/ghinductionheating\",\"https:\\\/\\\/www.linkedin.com\\\/company\\\/gh-induction\\\/\",\"https:\\\/\\\/www.youtube.com\\\/user\\\/GhInduction\"]}]}<\/script>\n<!-- \/ Yoast SEO plugin. -->","yoast_head_json":{"title":"Betreuungsdienste - GH Induction","description":"Der umfassende Kundenservice von GH geht weit \u00fcber den Verkauf und die Inbetriebnahme schl\u00fcsselfertiger Anlagen hinaus. Wir bieten vorbeugende Wartungsma\u00dfnahmen und Aktualisierungen der Ger\u00e4te, um Kundenprozesse auch nach Inbetriebnahme weiter zu optimieren.","robots":{"index":"index","follow":"follow","max-snippet":"max-snippet:-1","max-image-preview":"max-image-preview:large","max-video-preview":"max-video-preview:-1"},"canonical":"https:\/\/ghinduction.com\/de-de\/produkte-dienstleistungen\/services\/betreuungsdienste\/","og_locale":"de_DE","og_type":"article","og_title":"Betreuungsdienste - GH Induction","og_description":"Der umfassende Kundenservice von GH geht weit \u00fcber den Verkauf und die Inbetriebnahme schl\u00fcsselfertiger Anlagen hinaus. Wir bieten vorbeugende Wartungsma\u00dfnahmen und Aktualisierungen der Ger\u00e4te, um Kundenprozesse auch nach Inbetriebnahme weiter zu optimieren.","og_url":"https:\/\/ghinduction.com\/de-de\/produkte-dienstleistungen\/services\/betreuungsdienste\/","og_site_name":"GH Induction Deutschland","article_publisher":"https:\/\/www.facebook.com\/ghinductionheating","article_modified_time":"2026-01-23T12:39:45+00:00","twitter_card":"summary_large_image","schema":{"@context":"https:\/\/schema.org","@graph":[{"@type":"WebPage","@id":"https:\/\/ghinduction.com\/de-de\/produkte-dienstleistungen\/services\/betreuungsdienste\/","url":"https:\/\/ghinduction.com\/de-de\/produkte-dienstleistungen\/services\/betreuungsdienste\/","name":"Betreuungsdienste - GH Induction","isPartOf":{"@id":"https:\/\/ghinduction.com\/de-de\/#website"},"datePublished":"2023-01-09T09:02:19+00:00","dateModified":"2026-01-23T12:39:45+00:00","description":"Der umfassende Kundenservice von GH geht weit \u00fcber den Verkauf und die Inbetriebnahme schl\u00fcsselfertiger Anlagen hinaus. Wir bieten vorbeugende Wartungsma\u00dfnahmen und Aktualisierungen der Ger\u00e4te, um Kundenprozesse auch nach Inbetriebnahme weiter zu optimieren.","breadcrumb":{"@id":"https:\/\/ghinduction.com\/de-de\/produkte-dienstleistungen\/services\/betreuungsdienste\/#breadcrumb"},"inLanguage":"de-GE","potentialAction":[{"@type":"ReadAction","target":["https:\/\/ghinduction.com\/de-de\/produkte-dienstleistungen\/services\/betreuungsdienste\/"]}]},{"@type":"BreadcrumbList","@id":"https:\/\/ghinduction.com\/de-de\/produkte-dienstleistungen\/services\/betreuungsdienste\/#breadcrumb","itemListElement":[{"@type":"ListItem","position":1,"name":"Home","item":"https:\/\/ghinduction.com\/de-de\/"},{"@type":"ListItem","position":2,"name":"Produkte &amp; Dienstleistungen","item":"https:\/\/ghinduction.com\/de-de\/produkte-dienstleistungen\/"},{"@type":"ListItem","position":3,"name":"Kundenbetreuung","item":"https:\/\/ghinduction.com\/de-de\/produkte-dienstleistungen\/services\/"},{"@type":"ListItem","position":4,"name":"Betreuungsdienste"}]},{"@type":"WebSite","@id":"https:\/\/ghinduction.com\/de-de\/#website","url":"https:\/\/ghinduction.com\/de-de\/","name":"GH Induction - Experts in Induction Heat Treatment and Induction Heating","description":"GH Induction offers advanced induction heat treatment and heating solutions for various industrial applications. With over 60 years of experience, our innovative systems ensure efficiency and quality across diverse sectors globally.","publisher":{"@id":"https:\/\/ghinduction.com\/de-de\/#organization"},"alternateName":"GH Induction","potentialAction":[{"@type":"SearchAction","target":{"@type":"EntryPoint","urlTemplate":"https:\/\/ghinduction.com\/de-de\/?s={search_term_string}"},"query-input":{"@type":"PropertyValueSpecification","valueRequired":true,"valueName":"search_term_string"}}],"inLanguage":"de-GE"},{"@type":"Organization","@id":"https:\/\/ghinduction.com\/de-de\/#organization","name":"GH Induction - Experts in Induction Heat Treatment and Induction Heating","alternateName":"GH Induction","url":"https:\/\/ghinduction.com\/de-de\/","logo":{"@type":"ImageObject","inLanguage":"de-GE","@id":"https:\/\/ghinduction.com\/de-de\/#\/schema\/logo\/image\/","url":"https:\/\/ghinduction.com\/wp-content\/uploads\/2024\/05\/logo-gh-induction.png","contentUrl":"https:\/\/ghinduction.com\/wp-content\/uploads\/2024\/05\/logo-gh-induction.png","width":225,"height":225,"caption":"GH Induction - Experts in Induction Heat Treatment and Induction Heating"},"image":{"@id":"https:\/\/ghinduction.com\/de-de\/#\/schema\/logo\/image\/"},"sameAs":["https:\/\/www.facebook.com\/ghinductionheating","https:\/\/www.linkedin.com\/company\/gh-induction\/","https:\/\/www.youtube.com\/user\/GhInduction"]}]}},"_links":{"self":[{"href":"https:\/\/ghinduction.com\/de-de\/wp-json\/wp\/v2\/pages\/24459","targetHints":{"allow":["GET"]}}],"collection":[{"href":"https:\/\/ghinduction.com\/de-de\/wp-json\/wp\/v2\/pages"}],"about":[{"href":"https:\/\/ghinduction.com\/de-de\/wp-json\/wp\/v2\/types\/page"}],"author":[{"embeddable":true,"href":"https:\/\/ghinduction.com\/de-de\/wp-json\/wp\/v2\/users\/1"}],"replies":[{"embeddable":true,"href":"https:\/\/ghinduction.com\/de-de\/wp-json\/wp\/v2\/comments?post=24459"}],"version-history":[{"count":3,"href":"https:\/\/ghinduction.com\/de-de\/wp-json\/wp\/v2\/pages\/24459\/revisions"}],"predecessor-version":[{"id":64266,"href":"https:\/\/ghinduction.com\/de-de\/wp-json\/wp\/v2\/pages\/24459\/revisions\/64266"}],"up":[{"embeddable":true,"href":"https:\/\/ghinduction.com\/de-de\/wp-json\/wp\/v2\/pages\/28925"}],"wp:attachment":[{"href":"https:\/\/ghinduction.com\/de-de\/wp-json\/wp\/v2\/media?parent=24459"}],"wp:term":[{"taxonomy":"industry","embeddable":true,"href":"https:\/\/ghinduction.com\/de-de\/wp-json\/wp\/v2\/industry?post=24459"},{"taxonomy":"processes","embeddable":true,"href":"https:\/\/ghinduction.com\/de-de\/wp-json\/wp\/v2\/processes?post=24459"},{"taxonomy":"solutions","embeddable":true,"href":"https:\/\/ghinduction.com\/de-de\/wp-json\/wp\/v2\/solutions?post=24459"}],"curies":[{"name":"wp","href":"https:\/\/api.w.org\/{rel}","templated":true}]}}