{"id":25271,"date":"2023-01-09T09:02:39","date_gmt":"2023-01-09T09:02:39","guid":{"rendered":"https:\/\/ghinduction.com\/losungen\/industrie\/metallwerkzeuge\/"},"modified":"2026-01-23T09:10:32","modified_gmt":"2026-01-23T09:10:32","slug":"metallwerkzeuge","status":"publish","type":"page","link":"https:\/\/ghinduction.com\/de-de\/losungen\/industrie\/metallwerkzeuge\/","title":{"rendered":"Metallwerkzeuge"},"content":{"rendered":"","protected":false},"excerpt":{"rendered":"","protected":false},"author":1,"featured_media":0,"parent":24737,"menu_order":54,"comment_status":"closed","ping_status":"closed","template":"","meta":{"_acf_changed":false,"footnotes":""},"industry":[],"processes":[],"solutions":[],"class_list":["post-25271","page","type-page","status-publish","hentry"],"acf":[],"yoast_head":"<!-- This site is optimized with the Yoast SEO plugin v27.3 - https:\/\/yoast.com\/product\/yoast-seo-wordpress\/ -->\n<title>Induktive L\u00f6sungen f\u00fcr Metallwerkzeuge - GH Induction<\/title>\n<meta name=\"description\" content=\"Die induktive Erw\u00e4rmung ist eine hocheffiziente Technologie, die bei der Herstellung von Metallwerkzeugen mehrere Vorteile bietet. Sie ist schnell, pr\u00e4zise, sauber, sicher und energieeffizient. Diese Vorteile machen dieses Verfahren ideal f\u00fcr die Herstellung von Handwerkzeugen, Elektrowerkzeugen und Werkzeughaltern. Die L\u00f6sungen von GH Induction erm\u00f6glichen die Herstellung hochwertiger und leistungsstarker Werkzeuge. Je nach Anwendung und Ihren Anforderungen k\u00f6nnen sie verschiedene Produktions- und Automatisierungsgrade abdecken, immer mit R\u00fcckverfolgbarkeit der Teile (IPM 4.0). Unser innovatives AIC System f\u00fcr den automatisierten Induktorwechsel erm\u00f6glicht eine drastische Reduzierung von Umr\u00fcstvorg\u00e4ngen und menschlichen Fehlern und f\u00fchrt zu einer Verringerung der Investitionskosten f\u00fcr die Induktionsanlage.\" \/>\n<meta name=\"robots\" content=\"index, follow, max-snippet:-1, max-image-preview:large, max-video-preview:-1\" \/>\n<link rel=\"canonical\" href=\"https:\/\/ghinduction.com\/de-de\/losungen\/industrie\/metallwerkzeuge\/\" \/>\n<meta property=\"og:locale\" content=\"de_DE\" \/>\n<meta property=\"og:type\" content=\"article\" \/>\n<meta property=\"og:title\" content=\"Induktive L\u00f6sungen f\u00fcr Metallwerkzeuge - GH Induction\" \/>\n<meta property=\"og:description\" content=\"Die induktive Erw\u00e4rmung ist eine hocheffiziente Technologie, die bei der Herstellung von Metallwerkzeugen mehrere Vorteile bietet. Sie ist schnell, pr\u00e4zise, sauber, sicher und energieeffizient. Diese Vorteile machen dieses Verfahren ideal f\u00fcr die Herstellung von Handwerkzeugen, Elektrowerkzeugen und Werkzeughaltern. Die L\u00f6sungen von GH Induction erm\u00f6glichen die Herstellung hochwertiger und leistungsstarker Werkzeuge. Je nach Anwendung und Ihren Anforderungen k\u00f6nnen sie verschiedene Produktions- und Automatisierungsgrade abdecken, immer mit R\u00fcckverfolgbarkeit der Teile (IPM 4.0). Unser innovatives AIC System f\u00fcr den automatisierten Induktorwechsel erm\u00f6glicht eine drastische Reduzierung von Umr\u00fcstvorg\u00e4ngen und menschlichen Fehlern und f\u00fchrt zu einer Verringerung der Investitionskosten f\u00fcr die Induktionsanlage.\" \/>\n<meta property=\"og:url\" content=\"https:\/\/ghinduction.com\/de-de\/losungen\/industrie\/metallwerkzeuge\/\" \/>\n<meta property=\"og:site_name\" content=\"GH Induction Deutschland\" \/>\n<meta property=\"article:publisher\" content=\"https:\/\/www.facebook.com\/ghinductionheating\" \/>\n<meta property=\"article:modified_time\" content=\"2026-01-23T09:10:32+00:00\" \/>\n<meta name=\"twitter:card\" content=\"summary_large_image\" \/>\n<script type=\"application\/ld+json\" class=\"yoast-schema-graph\">{\"@context\":\"https:\\\/\\\/schema.org\",\"@graph\":[{\"@type\":\"WebPage\",\"@id\":\"https:\\\/\\\/ghinduction.com\\\/de-de\\\/losungen\\\/industrie\\\/metallwerkzeuge\\\/\",\"url\":\"https:\\\/\\\/ghinduction.com\\\/de-de\\\/losungen\\\/industrie\\\/metallwerkzeuge\\\/\",\"name\":\"Induktive L\u00f6sungen f\u00fcr Metallwerkzeuge - GH Induction\",\"isPartOf\":{\"@id\":\"https:\\\/\\\/ghinduction.com\\\/de-de\\\/#website\"},\"datePublished\":\"2023-01-09T09:02:39+00:00\",\"dateModified\":\"2026-01-23T09:10:32+00:00\",\"description\":\"Die induktive Erw\u00e4rmung ist eine hocheffiziente Technologie, die bei der Herstellung von Metallwerkzeugen mehrere Vorteile bietet. Sie ist schnell, pr\u00e4zise, sauber, sicher und energieeffizient. Diese Vorteile machen dieses Verfahren ideal f\u00fcr die Herstellung von Handwerkzeugen, Elektrowerkzeugen und Werkzeughaltern. Die L\u00f6sungen von GH Induction erm\u00f6glichen die Herstellung hochwertiger und leistungsstarker Werkzeuge. Je nach Anwendung und Ihren Anforderungen k\u00f6nnen sie verschiedene Produktions- und Automatisierungsgrade abdecken, immer mit R\u00fcckverfolgbarkeit der Teile (IPM 4.0). Unser innovatives AIC System f\u00fcr den automatisierten Induktorwechsel erm\u00f6glicht eine drastische Reduzierung von Umr\u00fcstvorg\u00e4ngen und menschlichen Fehlern und f\u00fchrt zu einer Verringerung der Investitionskosten f\u00fcr die Induktionsanlage.\",\"breadcrumb\":{\"@id\":\"https:\\\/\\\/ghinduction.com\\\/de-de\\\/losungen\\\/industrie\\\/metallwerkzeuge\\\/#breadcrumb\"},\"inLanguage\":\"de-GE\",\"potentialAction\":[{\"@type\":\"ReadAction\",\"target\":[\"https:\\\/\\\/ghinduction.com\\\/de-de\\\/losungen\\\/industrie\\\/metallwerkzeuge\\\/\"]}]},{\"@type\":\"BreadcrumbList\",\"@id\":\"https:\\\/\\\/ghinduction.com\\\/de-de\\\/losungen\\\/industrie\\\/metallwerkzeuge\\\/#breadcrumb\",\"itemListElement\":[{\"@type\":\"ListItem\",\"position\":1,\"name\":\"Home\",\"item\":\"https:\\\/\\\/ghinduction.com\\\/de-de\\\/\"},{\"@type\":\"ListItem\",\"position\":2,\"name\":\"L\u00f6sungen\",\"item\":\"https:\\\/\\\/ghinduction.com\\\/de-de\\\/losungen\\\/\"},{\"@type\":\"ListItem\",\"position\":3,\"name\":\"Industrie\",\"item\":\"https:\\\/\\\/ghinduction.com\\\/de-de\\\/losungen\\\/industrie\\\/\"},{\"@type\":\"ListItem\",\"position\":4,\"name\":\"Metallwerkzeuge\"}]},{\"@type\":\"WebSite\",\"@id\":\"https:\\\/\\\/ghinduction.com\\\/de-de\\\/#website\",\"url\":\"https:\\\/\\\/ghinduction.com\\\/de-de\\\/\",\"name\":\"GH Induction - Experts in Induction Heat Treatment and Induction Heating\",\"description\":\"GH Induction offers advanced induction heat treatment and heating solutions for various industrial applications. With over 60 years of experience, our innovative systems ensure efficiency and quality across diverse sectors globally.\",\"publisher\":{\"@id\":\"https:\\\/\\\/ghinduction.com\\\/de-de\\\/#organization\"},\"alternateName\":\"GH Induction\",\"potentialAction\":[{\"@type\":\"SearchAction\",\"target\":{\"@type\":\"EntryPoint\",\"urlTemplate\":\"https:\\\/\\\/ghinduction.com\\\/de-de\\\/?s={search_term_string}\"},\"query-input\":{\"@type\":\"PropertyValueSpecification\",\"valueRequired\":true,\"valueName\":\"search_term_string\"}}],\"inLanguage\":\"de-GE\"},{\"@type\":\"Organization\",\"@id\":\"https:\\\/\\\/ghinduction.com\\\/de-de\\\/#organization\",\"name\":\"GH Induction - Experts in Induction Heat Treatment and Induction Heating\",\"alternateName\":\"GH Induction\",\"url\":\"https:\\\/\\\/ghinduction.com\\\/de-de\\\/\",\"logo\":{\"@type\":\"ImageObject\",\"inLanguage\":\"de-GE\",\"@id\":\"https:\\\/\\\/ghinduction.com\\\/de-de\\\/#\\\/schema\\\/logo\\\/image\\\/\",\"url\":\"https:\\\/\\\/ghinduction.com\\\/wp-content\\\/uploads\\\/2024\\\/05\\\/logo-gh-induction.png\",\"contentUrl\":\"https:\\\/\\\/ghinduction.com\\\/wp-content\\\/uploads\\\/2024\\\/05\\\/logo-gh-induction.png\",\"width\":225,\"height\":225,\"caption\":\"GH Induction - Experts in Induction Heat Treatment and Induction Heating\"},\"image\":{\"@id\":\"https:\\\/\\\/ghinduction.com\\\/de-de\\\/#\\\/schema\\\/logo\\\/image\\\/\"},\"sameAs\":[\"https:\\\/\\\/www.facebook.com\\\/ghinductionheating\",\"https:\\\/\\\/www.linkedin.com\\\/company\\\/gh-induction\\\/\",\"https:\\\/\\\/www.youtube.com\\\/user\\\/GhInduction\"]}]}<\/script>\n<!-- \/ Yoast SEO plugin. -->","yoast_head_json":{"title":"Induktive L\u00f6sungen f\u00fcr Metallwerkzeuge - GH Induction","description":"Die induktive Erw\u00e4rmung ist eine hocheffiziente Technologie, die bei der Herstellung von Metallwerkzeugen mehrere Vorteile bietet. Sie ist schnell, pr\u00e4zise, sauber, sicher und energieeffizient. Diese Vorteile machen dieses Verfahren ideal f\u00fcr die Herstellung von Handwerkzeugen, Elektrowerkzeugen und Werkzeughaltern. Die L\u00f6sungen von GH Induction erm\u00f6glichen die Herstellung hochwertiger und leistungsstarker Werkzeuge. Je nach Anwendung und Ihren Anforderungen k\u00f6nnen sie verschiedene Produktions- und Automatisierungsgrade abdecken, immer mit R\u00fcckverfolgbarkeit der Teile (IPM 4.0). Unser innovatives AIC System f\u00fcr den automatisierten Induktorwechsel erm\u00f6glicht eine drastische Reduzierung von Umr\u00fcstvorg\u00e4ngen und menschlichen Fehlern und f\u00fchrt zu einer Verringerung der Investitionskosten f\u00fcr die Induktionsanlage.","robots":{"index":"index","follow":"follow","max-snippet":"max-snippet:-1","max-image-preview":"max-image-preview:large","max-video-preview":"max-video-preview:-1"},"canonical":"https:\/\/ghinduction.com\/de-de\/losungen\/industrie\/metallwerkzeuge\/","og_locale":"de_DE","og_type":"article","og_title":"Induktive L\u00f6sungen f\u00fcr Metallwerkzeuge - GH Induction","og_description":"Die induktive Erw\u00e4rmung ist eine hocheffiziente Technologie, die bei der Herstellung von Metallwerkzeugen mehrere Vorteile bietet. Sie ist schnell, pr\u00e4zise, sauber, sicher und energieeffizient. Diese Vorteile machen dieses Verfahren ideal f\u00fcr die Herstellung von Handwerkzeugen, Elektrowerkzeugen und Werkzeughaltern. Die L\u00f6sungen von GH Induction erm\u00f6glichen die Herstellung hochwertiger und leistungsstarker Werkzeuge. Je nach Anwendung und Ihren Anforderungen k\u00f6nnen sie verschiedene Produktions- und Automatisierungsgrade abdecken, immer mit R\u00fcckverfolgbarkeit der Teile (IPM 4.0). Unser innovatives AIC System f\u00fcr den automatisierten Induktorwechsel erm\u00f6glicht eine drastische Reduzierung von Umr\u00fcstvorg\u00e4ngen und menschlichen Fehlern und f\u00fchrt zu einer Verringerung der Investitionskosten f\u00fcr die Induktionsanlage.","og_url":"https:\/\/ghinduction.com\/de-de\/losungen\/industrie\/metallwerkzeuge\/","og_site_name":"GH Induction Deutschland","article_publisher":"https:\/\/www.facebook.com\/ghinductionheating","article_modified_time":"2026-01-23T09:10:32+00:00","twitter_card":"summary_large_image","schema":{"@context":"https:\/\/schema.org","@graph":[{"@type":"WebPage","@id":"https:\/\/ghinduction.com\/de-de\/losungen\/industrie\/metallwerkzeuge\/","url":"https:\/\/ghinduction.com\/de-de\/losungen\/industrie\/metallwerkzeuge\/","name":"Induktive L\u00f6sungen f\u00fcr Metallwerkzeuge - GH Induction","isPartOf":{"@id":"https:\/\/ghinduction.com\/de-de\/#website"},"datePublished":"2023-01-09T09:02:39+00:00","dateModified":"2026-01-23T09:10:32+00:00","description":"Die induktive Erw\u00e4rmung ist eine hocheffiziente Technologie, die bei der Herstellung von Metallwerkzeugen mehrere Vorteile bietet. Sie ist schnell, pr\u00e4zise, sauber, sicher und energieeffizient. Diese Vorteile machen dieses Verfahren ideal f\u00fcr die Herstellung von Handwerkzeugen, Elektrowerkzeugen und Werkzeughaltern. Die L\u00f6sungen von GH Induction erm\u00f6glichen die Herstellung hochwertiger und leistungsstarker Werkzeuge. Je nach Anwendung und Ihren Anforderungen k\u00f6nnen sie verschiedene Produktions- und Automatisierungsgrade abdecken, immer mit R\u00fcckverfolgbarkeit der Teile (IPM 4.0). Unser innovatives AIC System f\u00fcr den automatisierten Induktorwechsel erm\u00f6glicht eine drastische Reduzierung von Umr\u00fcstvorg\u00e4ngen und menschlichen Fehlern und f\u00fchrt zu einer Verringerung der Investitionskosten f\u00fcr die Induktionsanlage.","breadcrumb":{"@id":"https:\/\/ghinduction.com\/de-de\/losungen\/industrie\/metallwerkzeuge\/#breadcrumb"},"inLanguage":"de-GE","potentialAction":[{"@type":"ReadAction","target":["https:\/\/ghinduction.com\/de-de\/losungen\/industrie\/metallwerkzeuge\/"]}]},{"@type":"BreadcrumbList","@id":"https:\/\/ghinduction.com\/de-de\/losungen\/industrie\/metallwerkzeuge\/#breadcrumb","itemListElement":[{"@type":"ListItem","position":1,"name":"Home","item":"https:\/\/ghinduction.com\/de-de\/"},{"@type":"ListItem","position":2,"name":"L\u00f6sungen","item":"https:\/\/ghinduction.com\/de-de\/losungen\/"},{"@type":"ListItem","position":3,"name":"Industrie","item":"https:\/\/ghinduction.com\/de-de\/losungen\/industrie\/"},{"@type":"ListItem","position":4,"name":"Metallwerkzeuge"}]},{"@type":"WebSite","@id":"https:\/\/ghinduction.com\/de-de\/#website","url":"https:\/\/ghinduction.com\/de-de\/","name":"GH Induction - Experts in Induction Heat Treatment and Induction Heating","description":"GH Induction offers advanced induction heat treatment and heating solutions for various industrial applications. With over 60 years of experience, our innovative systems ensure efficiency and quality across diverse sectors globally.","publisher":{"@id":"https:\/\/ghinduction.com\/de-de\/#organization"},"alternateName":"GH Induction","potentialAction":[{"@type":"SearchAction","target":{"@type":"EntryPoint","urlTemplate":"https:\/\/ghinduction.com\/de-de\/?s={search_term_string}"},"query-input":{"@type":"PropertyValueSpecification","valueRequired":true,"valueName":"search_term_string"}}],"inLanguage":"de-GE"},{"@type":"Organization","@id":"https:\/\/ghinduction.com\/de-de\/#organization","name":"GH Induction - Experts in Induction Heat Treatment and Induction Heating","alternateName":"GH Induction","url":"https:\/\/ghinduction.com\/de-de\/","logo":{"@type":"ImageObject","inLanguage":"de-GE","@id":"https:\/\/ghinduction.com\/de-de\/#\/schema\/logo\/image\/","url":"https:\/\/ghinduction.com\/wp-content\/uploads\/2024\/05\/logo-gh-induction.png","contentUrl":"https:\/\/ghinduction.com\/wp-content\/uploads\/2024\/05\/logo-gh-induction.png","width":225,"height":225,"caption":"GH Induction - Experts in Induction Heat Treatment and Induction Heating"},"image":{"@id":"https:\/\/ghinduction.com\/de-de\/#\/schema\/logo\/image\/"},"sameAs":["https:\/\/www.facebook.com\/ghinductionheating","https:\/\/www.linkedin.com\/company\/gh-induction\/","https:\/\/www.youtube.com\/user\/GhInduction"]}]}},"_links":{"self":[{"href":"https:\/\/ghinduction.com\/de-de\/wp-json\/wp\/v2\/pages\/25271","targetHints":{"allow":["GET"]}}],"collection":[{"href":"https:\/\/ghinduction.com\/de-de\/wp-json\/wp\/v2\/pages"}],"about":[{"href":"https:\/\/ghinduction.com\/de-de\/wp-json\/wp\/v2\/types\/page"}],"author":[{"embeddable":true,"href":"https:\/\/ghinduction.com\/de-de\/wp-json\/wp\/v2\/users\/1"}],"replies":[{"embeddable":true,"href":"https:\/\/ghinduction.com\/de-de\/wp-json\/wp\/v2\/comments?post=25271"}],"version-history":[{"count":6,"href":"https:\/\/ghinduction.com\/de-de\/wp-json\/wp\/v2\/pages\/25271\/revisions"}],"predecessor-version":[{"id":64261,"href":"https:\/\/ghinduction.com\/de-de\/wp-json\/wp\/v2\/pages\/25271\/revisions\/64261"}],"up":[{"embeddable":true,"href":"https:\/\/ghinduction.com\/de-de\/wp-json\/wp\/v2\/pages\/24737"}],"wp:attachment":[{"href":"https:\/\/ghinduction.com\/de-de\/wp-json\/wp\/v2\/media?parent=25271"}],"wp:term":[{"taxonomy":"industry","embeddable":true,"href":"https:\/\/ghinduction.com\/de-de\/wp-json\/wp\/v2\/industry?post=25271"},{"taxonomy":"processes","embeddable":true,"href":"https:\/\/ghinduction.com\/de-de\/wp-json\/wp\/v2\/processes?post=25271"},{"taxonomy":"solutions","embeddable":true,"href":"https:\/\/ghinduction.com\/de-de\/wp-json\/wp\/v2\/solutions?post=25271"}],"curies":[{"name":"wp","href":"https:\/\/api.w.org\/{rel}","templated":true}]}}