{"id":25364,"date":"2023-01-09T09:02:14","date_gmt":"2023-01-09T09:02:14","guid":{"rendered":"https:\/\/ghinduction.com\/uber-induktionserwarmung\/"},"modified":"2026-02-26T08:44:46","modified_gmt":"2026-02-26T08:44:46","slug":"uber-induktionserwarmung","status":"publish","type":"page","link":"https:\/\/ghinduction.com\/de-de\/innovation\/uber-induktionserwarmung\/","title":{"rendered":"\u00dcber Induktionserw\u00e4rmung"},"content":{"rendered":"","protected":false},"excerpt":{"rendered":"","protected":false},"author":1,"featured_media":0,"parent":31351,"menu_order":18,"comment_status":"closed","ping_status":"closed","template":"","meta":{"_acf_changed":false,"footnotes":""},"industry":[],"processes":[],"solutions":[],"class_list":["post-25364","page","type-page","status-publish","hentry"],"acf":[],"yoast_head":"<!-- This site is optimized with the Yoast SEO plugin v27.3 - https:\/\/yoast.com\/product\/yoast-seo-wordpress\/ -->\n<title>\u00dcber Induktionserw\u00e4rmung - GH Induction<\/title>\n<meta name=\"description\" content=\"Was ist Induktion? Induktionserw\u00e4rmung ist ein Verfahren, das zum Bonden, H\u00e4rten, Erweichen, usw. von Metallen oder anderen leitenden Materialien genutzt wird. F\u00fcr moderne Manufakturprozesse bietet die Induktionserw\u00e4rmung eine attraktive Kombination aus Schnelligkeit, Best\u00e4ndigkeit, Kontrolle und Energieeffizienz. Die Grundprinzipien der Induktionserw\u00e4rmung sind seit den 1920ern bekannt und in der Produktion angewendet worden. W\u00e4hrend des zweiten Weltkrieges entwickelte sich die Technologie sehr schnell, um den dringenden Anspr\u00fcchen zu dieser Kriegszeit gerecht zu werden, wie z. B. das schnelle und zuverl\u00e4ssige Verfahren zum H\u00e4rten von Metallteilen von Motoren und Triebwerken. In j\u00fcngerer Zeit hat der Fokus auf Lean Manufacturing Produktionstechniken mit dem Schwerpunkt auf verbesserte Qualit\u00e4t zu einer Wiederentdeckung der Induktionstechnologie gef\u00fchrt, entsprechend der Entwicklung von genau kontrollierten Transistor-Induktionsgeneratoren.\" \/>\n<meta name=\"robots\" content=\"index, follow, max-snippet:-1, max-image-preview:large, max-video-preview:-1\" \/>\n<link rel=\"canonical\" href=\"https:\/\/ghinduction.com\/de-de\/innovation\/uber-induktionserwarmung\/\" \/>\n<meta property=\"og:locale\" content=\"de_DE\" \/>\n<meta property=\"og:type\" content=\"article\" \/>\n<meta property=\"og:title\" content=\"\u00dcber Induktionserw\u00e4rmung - GH Induction\" \/>\n<meta property=\"og:description\" content=\"Was ist Induktion? Induktionserw\u00e4rmung ist ein Verfahren, das zum Bonden, H\u00e4rten, Erweichen, usw. von Metallen oder anderen leitenden Materialien genutzt wird. F\u00fcr moderne Manufakturprozesse bietet die Induktionserw\u00e4rmung eine attraktive Kombination aus Schnelligkeit, Best\u00e4ndigkeit, Kontrolle und Energieeffizienz. Die Grundprinzipien der Induktionserw\u00e4rmung sind seit den 1920ern bekannt und in der Produktion angewendet worden. W\u00e4hrend des zweiten Weltkrieges entwickelte sich die Technologie sehr schnell, um den dringenden Anspr\u00fcchen zu dieser Kriegszeit gerecht zu werden, wie z. B. das schnelle und zuverl\u00e4ssige Verfahren zum H\u00e4rten von Metallteilen von Motoren und Triebwerken. In j\u00fcngerer Zeit hat der Fokus auf Lean Manufacturing Produktionstechniken mit dem Schwerpunkt auf verbesserte Qualit\u00e4t zu einer Wiederentdeckung der Induktionstechnologie gef\u00fchrt, entsprechend der Entwicklung von genau kontrollierten Transistor-Induktionsgeneratoren.\" \/>\n<meta property=\"og:url\" content=\"https:\/\/ghinduction.com\/de-de\/innovation\/uber-induktionserwarmung\/\" \/>\n<meta property=\"og:site_name\" content=\"GH Induction Deutschland\" \/>\n<meta property=\"article:publisher\" content=\"https:\/\/www.facebook.com\/ghinductionheating\" \/>\n<meta property=\"article:modified_time\" content=\"2026-02-26T08:44:46+00:00\" \/>\n<meta name=\"twitter:card\" content=\"summary_large_image\" \/>\n<script type=\"application\/ld+json\" class=\"yoast-schema-graph\">{\"@context\":\"https:\\\/\\\/schema.org\",\"@graph\":[{\"@type\":\"WebPage\",\"@id\":\"https:\\\/\\\/ghinduction.com\\\/de-de\\\/innovation\\\/uber-induktionserwarmung\\\/\",\"url\":\"https:\\\/\\\/ghinduction.com\\\/de-de\\\/innovation\\\/uber-induktionserwarmung\\\/\",\"name\":\"\u00dcber Induktionserw\u00e4rmung - GH Induction\",\"isPartOf\":{\"@id\":\"https:\\\/\\\/ghinduction.com\\\/de-de\\\/#website\"},\"datePublished\":\"2023-01-09T09:02:14+00:00\",\"dateModified\":\"2026-02-26T08:44:46+00:00\",\"description\":\"Was ist Induktion? Induktionserw\u00e4rmung ist ein Verfahren, das zum Bonden, H\u00e4rten, Erweichen, usw. von Metallen oder anderen leitenden Materialien genutzt wird. F\u00fcr moderne Manufakturprozesse bietet die Induktionserw\u00e4rmung eine attraktive Kombination aus Schnelligkeit, Best\u00e4ndigkeit, Kontrolle und Energieeffizienz. Die Grundprinzipien der Induktionserw\u00e4rmung sind seit den 1920ern bekannt und in der Produktion angewendet worden. W\u00e4hrend des zweiten Weltkrieges entwickelte sich die Technologie sehr schnell, um den dringenden Anspr\u00fcchen zu dieser Kriegszeit gerecht zu werden, wie z. B. das schnelle und zuverl\u00e4ssige Verfahren zum H\u00e4rten von Metallteilen von Motoren und Triebwerken. In j\u00fcngerer Zeit hat der Fokus auf Lean Manufacturing Produktionstechniken mit dem Schwerpunkt auf verbesserte Qualit\u00e4t zu einer Wiederentdeckung der Induktionstechnologie gef\u00fchrt, entsprechend der Entwicklung von genau kontrollierten Transistor-Induktionsgeneratoren.\",\"breadcrumb\":{\"@id\":\"https:\\\/\\\/ghinduction.com\\\/de-de\\\/innovation\\\/uber-induktionserwarmung\\\/#breadcrumb\"},\"inLanguage\":\"de-GE\",\"potentialAction\":[{\"@type\":\"ReadAction\",\"target\":[\"https:\\\/\\\/ghinduction.com\\\/de-de\\\/innovation\\\/uber-induktionserwarmung\\\/\"]}]},{\"@type\":\"BreadcrumbList\",\"@id\":\"https:\\\/\\\/ghinduction.com\\\/de-de\\\/innovation\\\/uber-induktionserwarmung\\\/#breadcrumb\",\"itemListElement\":[{\"@type\":\"ListItem\",\"position\":1,\"name\":\"Home\",\"item\":\"https:\\\/\\\/ghinduction.com\\\/de-de\\\/\"},{\"@type\":\"ListItem\",\"position\":2,\"name\":\"Innovation\",\"item\":\"https:\\\/\\\/ghinduction.com\\\/de-de\\\/innovation\\\/\"},{\"@type\":\"ListItem\",\"position\":3,\"name\":\"\u00dcber Induktionserw\u00e4rmung\"}]},{\"@type\":\"WebSite\",\"@id\":\"https:\\\/\\\/ghinduction.com\\\/de-de\\\/#website\",\"url\":\"https:\\\/\\\/ghinduction.com\\\/de-de\\\/\",\"name\":\"GH Induction - Experts in Induction Heat Treatment and Induction Heating\",\"description\":\"GH Induction offers advanced induction heat treatment and heating solutions for various industrial applications. With over 60 years of experience, our innovative systems ensure efficiency and quality across diverse sectors globally.\",\"publisher\":{\"@id\":\"https:\\\/\\\/ghinduction.com\\\/de-de\\\/#organization\"},\"alternateName\":\"GH Induction\",\"potentialAction\":[{\"@type\":\"SearchAction\",\"target\":{\"@type\":\"EntryPoint\",\"urlTemplate\":\"https:\\\/\\\/ghinduction.com\\\/de-de\\\/?s={search_term_string}\"},\"query-input\":{\"@type\":\"PropertyValueSpecification\",\"valueRequired\":true,\"valueName\":\"search_term_string\"}}],\"inLanguage\":\"de-GE\"},{\"@type\":\"Organization\",\"@id\":\"https:\\\/\\\/ghinduction.com\\\/de-de\\\/#organization\",\"name\":\"GH Induction - Experts in Induction Heat Treatment and Induction Heating\",\"alternateName\":\"GH Induction\",\"url\":\"https:\\\/\\\/ghinduction.com\\\/de-de\\\/\",\"logo\":{\"@type\":\"ImageObject\",\"inLanguage\":\"de-GE\",\"@id\":\"https:\\\/\\\/ghinduction.com\\\/de-de\\\/#\\\/schema\\\/logo\\\/image\\\/\",\"url\":\"https:\\\/\\\/ghinduction.com\\\/wp-content\\\/uploads\\\/2024\\\/05\\\/logo-gh-induction.png\",\"contentUrl\":\"https:\\\/\\\/ghinduction.com\\\/wp-content\\\/uploads\\\/2024\\\/05\\\/logo-gh-induction.png\",\"width\":225,\"height\":225,\"caption\":\"GH Induction - Experts in Induction Heat Treatment and Induction Heating\"},\"image\":{\"@id\":\"https:\\\/\\\/ghinduction.com\\\/de-de\\\/#\\\/schema\\\/logo\\\/image\\\/\"},\"sameAs\":[\"https:\\\/\\\/www.facebook.com\\\/ghinductionheating\",\"https:\\\/\\\/www.linkedin.com\\\/company\\\/gh-induction\\\/\",\"https:\\\/\\\/www.youtube.com\\\/user\\\/GhInduction\"]}]}<\/script>\n<!-- \/ Yoast SEO plugin. -->","yoast_head_json":{"title":"\u00dcber Induktionserw\u00e4rmung - GH Induction","description":"Was ist Induktion? Induktionserw\u00e4rmung ist ein Verfahren, das zum Bonden, H\u00e4rten, Erweichen, usw. von Metallen oder anderen leitenden Materialien genutzt wird. F\u00fcr moderne Manufakturprozesse bietet die Induktionserw\u00e4rmung eine attraktive Kombination aus Schnelligkeit, Best\u00e4ndigkeit, Kontrolle und Energieeffizienz. Die Grundprinzipien der Induktionserw\u00e4rmung sind seit den 1920ern bekannt und in der Produktion angewendet worden. W\u00e4hrend des zweiten Weltkrieges entwickelte sich die Technologie sehr schnell, um den dringenden Anspr\u00fcchen zu dieser Kriegszeit gerecht zu werden, wie z. B. das schnelle und zuverl\u00e4ssige Verfahren zum H\u00e4rten von Metallteilen von Motoren und Triebwerken. In j\u00fcngerer Zeit hat der Fokus auf Lean Manufacturing Produktionstechniken mit dem Schwerpunkt auf verbesserte Qualit\u00e4t zu einer Wiederentdeckung der Induktionstechnologie gef\u00fchrt, entsprechend der Entwicklung von genau kontrollierten Transistor-Induktionsgeneratoren.","robots":{"index":"index","follow":"follow","max-snippet":"max-snippet:-1","max-image-preview":"max-image-preview:large","max-video-preview":"max-video-preview:-1"},"canonical":"https:\/\/ghinduction.com\/de-de\/innovation\/uber-induktionserwarmung\/","og_locale":"de_DE","og_type":"article","og_title":"\u00dcber Induktionserw\u00e4rmung - GH Induction","og_description":"Was ist Induktion? Induktionserw\u00e4rmung ist ein Verfahren, das zum Bonden, H\u00e4rten, Erweichen, usw. von Metallen oder anderen leitenden Materialien genutzt wird. F\u00fcr moderne Manufakturprozesse bietet die Induktionserw\u00e4rmung eine attraktive Kombination aus Schnelligkeit, Best\u00e4ndigkeit, Kontrolle und Energieeffizienz. Die Grundprinzipien der Induktionserw\u00e4rmung sind seit den 1920ern bekannt und in der Produktion angewendet worden. W\u00e4hrend des zweiten Weltkrieges entwickelte sich die Technologie sehr schnell, um den dringenden Anspr\u00fcchen zu dieser Kriegszeit gerecht zu werden, wie z. B. das schnelle und zuverl\u00e4ssige Verfahren zum H\u00e4rten von Metallteilen von Motoren und Triebwerken. In j\u00fcngerer Zeit hat der Fokus auf Lean Manufacturing Produktionstechniken mit dem Schwerpunkt auf verbesserte Qualit\u00e4t zu einer Wiederentdeckung der Induktionstechnologie gef\u00fchrt, entsprechend der Entwicklung von genau kontrollierten Transistor-Induktionsgeneratoren.","og_url":"https:\/\/ghinduction.com\/de-de\/innovation\/uber-induktionserwarmung\/","og_site_name":"GH Induction Deutschland","article_publisher":"https:\/\/www.facebook.com\/ghinductionheating","article_modified_time":"2026-02-26T08:44:46+00:00","twitter_card":"summary_large_image","schema":{"@context":"https:\/\/schema.org","@graph":[{"@type":"WebPage","@id":"https:\/\/ghinduction.com\/de-de\/innovation\/uber-induktionserwarmung\/","url":"https:\/\/ghinduction.com\/de-de\/innovation\/uber-induktionserwarmung\/","name":"\u00dcber Induktionserw\u00e4rmung - GH Induction","isPartOf":{"@id":"https:\/\/ghinduction.com\/de-de\/#website"},"datePublished":"2023-01-09T09:02:14+00:00","dateModified":"2026-02-26T08:44:46+00:00","description":"Was ist Induktion? Induktionserw\u00e4rmung ist ein Verfahren, das zum Bonden, H\u00e4rten, Erweichen, usw. von Metallen oder anderen leitenden Materialien genutzt wird. F\u00fcr moderne Manufakturprozesse bietet die Induktionserw\u00e4rmung eine attraktive Kombination aus Schnelligkeit, Best\u00e4ndigkeit, Kontrolle und Energieeffizienz. Die Grundprinzipien der Induktionserw\u00e4rmung sind seit den 1920ern bekannt und in der Produktion angewendet worden. W\u00e4hrend des zweiten Weltkrieges entwickelte sich die Technologie sehr schnell, um den dringenden Anspr\u00fcchen zu dieser Kriegszeit gerecht zu werden, wie z. B. das schnelle und zuverl\u00e4ssige Verfahren zum H\u00e4rten von Metallteilen von Motoren und Triebwerken. In j\u00fcngerer Zeit hat der Fokus auf Lean Manufacturing Produktionstechniken mit dem Schwerpunkt auf verbesserte Qualit\u00e4t zu einer Wiederentdeckung der Induktionstechnologie gef\u00fchrt, entsprechend der Entwicklung von genau kontrollierten Transistor-Induktionsgeneratoren.","breadcrumb":{"@id":"https:\/\/ghinduction.com\/de-de\/innovation\/uber-induktionserwarmung\/#breadcrumb"},"inLanguage":"de-GE","potentialAction":[{"@type":"ReadAction","target":["https:\/\/ghinduction.com\/de-de\/innovation\/uber-induktionserwarmung\/"]}]},{"@type":"BreadcrumbList","@id":"https:\/\/ghinduction.com\/de-de\/innovation\/uber-induktionserwarmung\/#breadcrumb","itemListElement":[{"@type":"ListItem","position":1,"name":"Home","item":"https:\/\/ghinduction.com\/de-de\/"},{"@type":"ListItem","position":2,"name":"Innovation","item":"https:\/\/ghinduction.com\/de-de\/innovation\/"},{"@type":"ListItem","position":3,"name":"\u00dcber Induktionserw\u00e4rmung"}]},{"@type":"WebSite","@id":"https:\/\/ghinduction.com\/de-de\/#website","url":"https:\/\/ghinduction.com\/de-de\/","name":"GH Induction - Experts in Induction Heat Treatment and Induction Heating","description":"GH Induction offers advanced induction heat treatment and heating solutions for various industrial applications. With over 60 years of experience, our innovative systems ensure efficiency and quality across diverse sectors globally.","publisher":{"@id":"https:\/\/ghinduction.com\/de-de\/#organization"},"alternateName":"GH Induction","potentialAction":[{"@type":"SearchAction","target":{"@type":"EntryPoint","urlTemplate":"https:\/\/ghinduction.com\/de-de\/?s={search_term_string}"},"query-input":{"@type":"PropertyValueSpecification","valueRequired":true,"valueName":"search_term_string"}}],"inLanguage":"de-GE"},{"@type":"Organization","@id":"https:\/\/ghinduction.com\/de-de\/#organization","name":"GH Induction - Experts in Induction Heat Treatment and Induction Heating","alternateName":"GH Induction","url":"https:\/\/ghinduction.com\/de-de\/","logo":{"@type":"ImageObject","inLanguage":"de-GE","@id":"https:\/\/ghinduction.com\/de-de\/#\/schema\/logo\/image\/","url":"https:\/\/ghinduction.com\/wp-content\/uploads\/2024\/05\/logo-gh-induction.png","contentUrl":"https:\/\/ghinduction.com\/wp-content\/uploads\/2024\/05\/logo-gh-induction.png","width":225,"height":225,"caption":"GH Induction - Experts in Induction Heat Treatment and Induction Heating"},"image":{"@id":"https:\/\/ghinduction.com\/de-de\/#\/schema\/logo\/image\/"},"sameAs":["https:\/\/www.facebook.com\/ghinductionheating","https:\/\/www.linkedin.com\/company\/gh-induction\/","https:\/\/www.youtube.com\/user\/GhInduction"]}]}},"_links":{"self":[{"href":"https:\/\/ghinduction.com\/de-de\/wp-json\/wp\/v2\/pages\/25364","targetHints":{"allow":["GET"]}}],"collection":[{"href":"https:\/\/ghinduction.com\/de-de\/wp-json\/wp\/v2\/pages"}],"about":[{"href":"https:\/\/ghinduction.com\/de-de\/wp-json\/wp\/v2\/types\/page"}],"author":[{"embeddable":true,"href":"https:\/\/ghinduction.com\/de-de\/wp-json\/wp\/v2\/users\/1"}],"replies":[{"embeddable":true,"href":"https:\/\/ghinduction.com\/de-de\/wp-json\/wp\/v2\/comments?post=25364"}],"version-history":[{"count":7,"href":"https:\/\/ghinduction.com\/de-de\/wp-json\/wp\/v2\/pages\/25364\/revisions"}],"predecessor-version":[{"id":65621,"href":"https:\/\/ghinduction.com\/de-de\/wp-json\/wp\/v2\/pages\/25364\/revisions\/65621"}],"up":[{"embeddable":true,"href":"https:\/\/ghinduction.com\/de-de\/wp-json\/wp\/v2\/pages\/31351"}],"wp:attachment":[{"href":"https:\/\/ghinduction.com\/de-de\/wp-json\/wp\/v2\/media?parent=25364"}],"wp:term":[{"taxonomy":"industry","embeddable":true,"href":"https:\/\/ghinduction.com\/de-de\/wp-json\/wp\/v2\/industry?post=25364"},{"taxonomy":"processes","embeddable":true,"href":"https:\/\/ghinduction.com\/de-de\/wp-json\/wp\/v2\/processes?post=25364"},{"taxonomy":"solutions","embeddable":true,"href":"https:\/\/ghinduction.com\/de-de\/wp-json\/wp\/v2\/solutions?post=25364"}],"curies":[{"name":"wp","href":"https:\/\/api.w.org\/{rel}","templated":true}]}}