{"id":28922,"date":"2023-01-09T09:02:42","date_gmt":"2023-01-09T09:02:42","guid":{"rendered":"https:\/\/ghinduction.com\/elektromobilitaet\/"},"modified":"2026-05-06T11:15:08","modified_gmt":"2026-05-06T11:15:08","slug":"elektromobilitaet","status":"publish","type":"page","link":"https:\/\/ghinduction.com\/de-de\/losungen\/industrie\/transport\/elektromobilitaet\/","title":{"rendered":"Elektromobilit\u00e4t"},"content":{"rendered":"","protected":false},"excerpt":{"rendered":"","protected":false},"author":1,"featured_media":16142,"parent":29117,"menu_order":58,"comment_status":"closed","ping_status":"closed","template":"","meta":{"_acf_changed":false,"footnotes":""},"industry":[1337],"processes":[814,1440],"solutions":[],"class_list":["post-28922","page","type-page","status-publish","has-post-thumbnail","hentry","industry-elektromobilitat","processes-haerten","processes-schrumpfen"],"acf":[],"yoast_head":"<!-- This site is optimized with the Yoast SEO plugin v27.3 - https:\/\/yoast.com\/product\/yoast-seo-wordpress\/ -->\n<title>Induktionsl\u00f6sungen in der Elektromobilit\u00e4t - GH Induction<\/title>\n<meta name=\"description\" content=\"Elektrische Antriebe (E-Drive) und energieeffiziente L\u00f6sungen gewinnen immer mehr an Bedeutung und werden immer anspruchsvoller. Bei GH sind wir seit vielen Jahren an diesem Wandel beteiligt. Zahlreiche Anwendungen wurden bei bekannten OEM-Marken und Tier-1-Zulieferern implementiert und wir haben an F&amp;E-Projekten teilgenommen. Der elektrische Fahrmotor ist der gr\u00f6\u00dfte und leistungsst\u00e4rkste Motor im Fahrzeug und besteht aus vielen Komponenten, wie Rotor, Welle, Stator, verschiedenen Getrieben, Geh\u00e4use und vielen nicht genannten Produkten. Einige der gezeigten Komponenten werden geh\u00e4rtet, erhitzt oder verbunden. Die Induktionserw\u00e4rmung bietet die ideale Erw\u00e4rmungstechnologie f\u00fcr die moderne Fertigung. Das Verfahren ist schneller, genauer und zuverl\u00e4ssiger als viele Alternativen. Dar\u00fcber hinaus l\u00e4sst es sich nahezu nahtlos in jede Produktionsumgebung integrieren.\" \/>\n<meta name=\"robots\" content=\"index, follow, max-snippet:-1, max-image-preview:large, max-video-preview:-1\" \/>\n<link rel=\"canonical\" href=\"https:\/\/ghinduction.com\/de-de\/losungen\/industrie\/transport\/elektromobilitaet\/\" \/>\n<meta property=\"og:locale\" content=\"de_DE\" \/>\n<meta property=\"og:type\" content=\"article\" \/>\n<meta property=\"og:title\" content=\"Induktionsl\u00f6sungen in der Elektromobilit\u00e4t - GH Induction\" \/>\n<meta property=\"og:description\" content=\"Elektrische Antriebe (E-Drive) und energieeffiziente L\u00f6sungen gewinnen immer mehr an Bedeutung und werden immer anspruchsvoller. Bei GH sind wir seit vielen Jahren an diesem Wandel beteiligt. Zahlreiche Anwendungen wurden bei bekannten OEM-Marken und Tier-1-Zulieferern implementiert und wir haben an F&amp;E-Projekten teilgenommen. Der elektrische Fahrmotor ist der gr\u00f6\u00dfte und leistungsst\u00e4rkste Motor im Fahrzeug und besteht aus vielen Komponenten, wie Rotor, Welle, Stator, verschiedenen Getrieben, Geh\u00e4use und vielen nicht genannten Produkten. Einige der gezeigten Komponenten werden geh\u00e4rtet, erhitzt oder verbunden. Die Induktionserw\u00e4rmung bietet die ideale Erw\u00e4rmungstechnologie f\u00fcr die moderne Fertigung. Das Verfahren ist schneller, genauer und zuverl\u00e4ssiger als viele Alternativen. Dar\u00fcber hinaus l\u00e4sst es sich nahezu nahtlos in jede Produktionsumgebung integrieren.\" \/>\n<meta property=\"og:url\" content=\"https:\/\/ghinduction.com\/de-de\/losungen\/industrie\/transport\/elektromobilitaet\/\" \/>\n<meta property=\"og:site_name\" content=\"GH Induction Deutschland\" \/>\n<meta property=\"article:publisher\" content=\"https:\/\/www.facebook.com\/ghinductionheating\" \/>\n<meta property=\"article:modified_time\" content=\"2026-05-06T11:15:08+00:00\" \/>\n<meta property=\"og:image\" content=\"https:\/\/ghinduction.com\/wp-content\/uploads\/2023\/02\/BANNER-E-MOBILITY.jpg\" \/>\n\t<meta property=\"og:image:width\" content=\"1920\" \/>\n\t<meta property=\"og:image:height\" content=\"1080\" \/>\n\t<meta property=\"og:image:type\" content=\"image\/jpeg\" \/>\n<meta name=\"twitter:card\" content=\"summary_large_image\" \/>\n<meta name=\"twitter:label1\" content=\"Est. reading time\" \/>\n\t<meta name=\"twitter:data1\" content=\"1 minute\" \/>\n<script type=\"application\/ld+json\" class=\"yoast-schema-graph\">{\"@context\":\"https:\\\/\\\/schema.org\",\"@graph\":[{\"@type\":\"WebPage\",\"@id\":\"https:\\\/\\\/ghinduction.com\\\/de-de\\\/losungen\\\/industrie\\\/transport\\\/elektromobilitaet\\\/\",\"url\":\"https:\\\/\\\/ghinduction.com\\\/de-de\\\/losungen\\\/industrie\\\/transport\\\/elektromobilitaet\\\/\",\"name\":\"Induktionsl\u00f6sungen in der Elektromobilit\u00e4t - GH Induction\",\"isPartOf\":{\"@id\":\"https:\\\/\\\/ghinduction.com\\\/de-de\\\/#website\"},\"primaryImageOfPage\":{\"@id\":\"https:\\\/\\\/ghinduction.com\\\/de-de\\\/losungen\\\/industrie\\\/transport\\\/elektromobilitaet\\\/#primaryimage\"},\"image\":{\"@id\":\"https:\\\/\\\/ghinduction.com\\\/de-de\\\/losungen\\\/industrie\\\/transport\\\/elektromobilitaet\\\/#primaryimage\"},\"thumbnailUrl\":\"https:\\\/\\\/ghinduction.com\\\/wp-content\\\/uploads\\\/2023\\\/02\\\/BANNER-E-MOBILITY.jpg\",\"datePublished\":\"2023-01-09T09:02:42+00:00\",\"dateModified\":\"2026-05-06T11:15:08+00:00\",\"description\":\"Elektrische Antriebe (E-Drive) und energieeffiziente L\u00f6sungen gewinnen immer mehr an Bedeutung und werden immer anspruchsvoller. Bei GH sind wir seit vielen Jahren an diesem Wandel beteiligt. Zahlreiche Anwendungen wurden bei bekannten OEM-Marken und Tier-1-Zulieferern implementiert und wir haben an F&amp;E-Projekten teilgenommen. Der elektrische Fahrmotor ist der gr\u00f6\u00dfte und leistungsst\u00e4rkste Motor im Fahrzeug und besteht aus vielen Komponenten, wie Rotor, Welle, Stator, verschiedenen Getrieben, Geh\u00e4use und vielen nicht genannten Produkten. Einige der gezeigten Komponenten werden geh\u00e4rtet, erhitzt oder verbunden. Die Induktionserw\u00e4rmung bietet die ideale Erw\u00e4rmungstechnologie f\u00fcr die moderne Fertigung. Das Verfahren ist schneller, genauer und zuverl\u00e4ssiger als viele Alternativen. Dar\u00fcber hinaus l\u00e4sst es sich nahezu nahtlos in jede Produktionsumgebung integrieren.\",\"breadcrumb\":{\"@id\":\"https:\\\/\\\/ghinduction.com\\\/de-de\\\/losungen\\\/industrie\\\/transport\\\/elektromobilitaet\\\/#breadcrumb\"},\"inLanguage\":\"de-GE\",\"potentialAction\":[{\"@type\":\"ReadAction\",\"target\":[\"https:\\\/\\\/ghinduction.com\\\/de-de\\\/losungen\\\/industrie\\\/transport\\\/elektromobilitaet\\\/\"]}]},{\"@type\":\"ImageObject\",\"inLanguage\":\"de-GE\",\"@id\":\"https:\\\/\\\/ghinduction.com\\\/de-de\\\/losungen\\\/industrie\\\/transport\\\/elektromobilitaet\\\/#primaryimage\",\"url\":\"https:\\\/\\\/ghinduction.com\\\/wp-content\\\/uploads\\\/2023\\\/02\\\/BANNER-E-MOBILITY.jpg\",\"contentUrl\":\"https:\\\/\\\/ghinduction.com\\\/wp-content\\\/uploads\\\/2023\\\/02\\\/BANNER-E-MOBILITY.jpg\",\"width\":1920,\"height\":1080},{\"@type\":\"BreadcrumbList\",\"@id\":\"https:\\\/\\\/ghinduction.com\\\/de-de\\\/losungen\\\/industrie\\\/transport\\\/elektromobilitaet\\\/#breadcrumb\",\"itemListElement\":[{\"@type\":\"ListItem\",\"position\":1,\"name\":\"Home\",\"item\":\"https:\\\/\\\/ghinduction.com\\\/de-de\\\/\"},{\"@type\":\"ListItem\",\"position\":2,\"name\":\"L\u00f6sungen\",\"item\":\"https:\\\/\\\/ghinduction.com\\\/de-de\\\/losungen\\\/\"},{\"@type\":\"ListItem\",\"position\":3,\"name\":\"Industrie\",\"item\":\"https:\\\/\\\/ghinduction.com\\\/de-de\\\/losungen\\\/industrie\\\/\"},{\"@type\":\"ListItem\",\"position\":4,\"name\":\"Transport\",\"item\":\"https:\\\/\\\/ghinduction.com\\\/de-de\\\/losungen\\\/industrie\\\/transport\\\/\"},{\"@type\":\"ListItem\",\"position\":5,\"name\":\"Elektromobilit\u00e4t\"}]},{\"@type\":\"WebSite\",\"@id\":\"https:\\\/\\\/ghinduction.com\\\/de-de\\\/#website\",\"url\":\"https:\\\/\\\/ghinduction.com\\\/de-de\\\/\",\"name\":\"GH Induction - Experts in Induction Heat Treatment and Induction Heating\",\"description\":\"GH Induction offers advanced induction heat treatment and heating solutions for various industrial applications. With over 60 years of experience, our innovative systems ensure efficiency and quality across diverse sectors globally.\",\"publisher\":{\"@id\":\"https:\\\/\\\/ghinduction.com\\\/de-de\\\/#organization\"},\"alternateName\":\"GH Induction\",\"potentialAction\":[{\"@type\":\"SearchAction\",\"target\":{\"@type\":\"EntryPoint\",\"urlTemplate\":\"https:\\\/\\\/ghinduction.com\\\/de-de\\\/?s={search_term_string}\"},\"query-input\":{\"@type\":\"PropertyValueSpecification\",\"valueRequired\":true,\"valueName\":\"search_term_string\"}}],\"inLanguage\":\"de-GE\"},{\"@type\":\"Organization\",\"@id\":\"https:\\\/\\\/ghinduction.com\\\/de-de\\\/#organization\",\"name\":\"GH Induction - Experts in Induction Heat Treatment and Induction Heating\",\"alternateName\":\"GH Induction\",\"url\":\"https:\\\/\\\/ghinduction.com\\\/de-de\\\/\",\"logo\":{\"@type\":\"ImageObject\",\"inLanguage\":\"de-GE\",\"@id\":\"https:\\\/\\\/ghinduction.com\\\/de-de\\\/#\\\/schema\\\/logo\\\/image\\\/\",\"url\":\"https:\\\/\\\/ghinduction.com\\\/wp-content\\\/uploads\\\/2024\\\/05\\\/logo-gh-induction.png\",\"contentUrl\":\"https:\\\/\\\/ghinduction.com\\\/wp-content\\\/uploads\\\/2024\\\/05\\\/logo-gh-induction.png\",\"width\":225,\"height\":225,\"caption\":\"GH Induction - Experts in Induction Heat Treatment and Induction Heating\"},\"image\":{\"@id\":\"https:\\\/\\\/ghinduction.com\\\/de-de\\\/#\\\/schema\\\/logo\\\/image\\\/\"},\"sameAs\":[\"https:\\\/\\\/www.facebook.com\\\/ghinductionheating\",\"https:\\\/\\\/www.linkedin.com\\\/company\\\/gh-induction\\\/\",\"https:\\\/\\\/www.youtube.com\\\/user\\\/GhInduction\"]}]}<\/script>\n<!-- \/ Yoast SEO plugin. -->","yoast_head_json":{"title":"Induktionsl\u00f6sungen in der Elektromobilit\u00e4t - GH Induction","description":"Elektrische Antriebe (E-Drive) und energieeffiziente L\u00f6sungen gewinnen immer mehr an Bedeutung und werden immer anspruchsvoller. Bei GH sind wir seit vielen Jahren an diesem Wandel beteiligt. Zahlreiche Anwendungen wurden bei bekannten OEM-Marken und Tier-1-Zulieferern implementiert und wir haben an F&amp;E-Projekten teilgenommen. Der elektrische Fahrmotor ist der gr\u00f6\u00dfte und leistungsst\u00e4rkste Motor im Fahrzeug und besteht aus vielen Komponenten, wie Rotor, Welle, Stator, verschiedenen Getrieben, Geh\u00e4use und vielen nicht genannten Produkten. Einige der gezeigten Komponenten werden geh\u00e4rtet, erhitzt oder verbunden. Die Induktionserw\u00e4rmung bietet die ideale Erw\u00e4rmungstechnologie f\u00fcr die moderne Fertigung. Das Verfahren ist schneller, genauer und zuverl\u00e4ssiger als viele Alternativen. Dar\u00fcber hinaus l\u00e4sst es sich nahezu nahtlos in jede Produktionsumgebung integrieren.","robots":{"index":"index","follow":"follow","max-snippet":"max-snippet:-1","max-image-preview":"max-image-preview:large","max-video-preview":"max-video-preview:-1"},"canonical":"https:\/\/ghinduction.com\/de-de\/losungen\/industrie\/transport\/elektromobilitaet\/","og_locale":"de_DE","og_type":"article","og_title":"Induktionsl\u00f6sungen in der Elektromobilit\u00e4t - GH Induction","og_description":"Elektrische Antriebe (E-Drive) und energieeffiziente L\u00f6sungen gewinnen immer mehr an Bedeutung und werden immer anspruchsvoller. Bei GH sind wir seit vielen Jahren an diesem Wandel beteiligt. Zahlreiche Anwendungen wurden bei bekannten OEM-Marken und Tier-1-Zulieferern implementiert und wir haben an F&amp;E-Projekten teilgenommen. Der elektrische Fahrmotor ist der gr\u00f6\u00dfte und leistungsst\u00e4rkste Motor im Fahrzeug und besteht aus vielen Komponenten, wie Rotor, Welle, Stator, verschiedenen Getrieben, Geh\u00e4use und vielen nicht genannten Produkten. Einige der gezeigten Komponenten werden geh\u00e4rtet, erhitzt oder verbunden. Die Induktionserw\u00e4rmung bietet die ideale Erw\u00e4rmungstechnologie f\u00fcr die moderne Fertigung. Das Verfahren ist schneller, genauer und zuverl\u00e4ssiger als viele Alternativen. Dar\u00fcber hinaus l\u00e4sst es sich nahezu nahtlos in jede Produktionsumgebung integrieren.","og_url":"https:\/\/ghinduction.com\/de-de\/losungen\/industrie\/transport\/elektromobilitaet\/","og_site_name":"GH Induction Deutschland","article_publisher":"https:\/\/www.facebook.com\/ghinductionheating","article_modified_time":"2026-05-06T11:15:08+00:00","og_image":[{"width":1920,"height":1080,"url":"https:\/\/ghinduction.com\/wp-content\/uploads\/2023\/02\/BANNER-E-MOBILITY.jpg","type":"image\/jpeg"}],"twitter_card":"summary_large_image","twitter_misc":{"Est. reading time":"1 minute"},"schema":{"@context":"https:\/\/schema.org","@graph":[{"@type":"WebPage","@id":"https:\/\/ghinduction.com\/de-de\/losungen\/industrie\/transport\/elektromobilitaet\/","url":"https:\/\/ghinduction.com\/de-de\/losungen\/industrie\/transport\/elektromobilitaet\/","name":"Induktionsl\u00f6sungen in der Elektromobilit\u00e4t - GH Induction","isPartOf":{"@id":"https:\/\/ghinduction.com\/de-de\/#website"},"primaryImageOfPage":{"@id":"https:\/\/ghinduction.com\/de-de\/losungen\/industrie\/transport\/elektromobilitaet\/#primaryimage"},"image":{"@id":"https:\/\/ghinduction.com\/de-de\/losungen\/industrie\/transport\/elektromobilitaet\/#primaryimage"},"thumbnailUrl":"https:\/\/ghinduction.com\/wp-content\/uploads\/2023\/02\/BANNER-E-MOBILITY.jpg","datePublished":"2023-01-09T09:02:42+00:00","dateModified":"2026-05-06T11:15:08+00:00","description":"Elektrische Antriebe (E-Drive) und energieeffiziente L\u00f6sungen gewinnen immer mehr an Bedeutung und werden immer anspruchsvoller. Bei GH sind wir seit vielen Jahren an diesem Wandel beteiligt. Zahlreiche Anwendungen wurden bei bekannten OEM-Marken und Tier-1-Zulieferern implementiert und wir haben an F&amp;E-Projekten teilgenommen. Der elektrische Fahrmotor ist der gr\u00f6\u00dfte und leistungsst\u00e4rkste Motor im Fahrzeug und besteht aus vielen Komponenten, wie Rotor, Welle, Stator, verschiedenen Getrieben, Geh\u00e4use und vielen nicht genannten Produkten. Einige der gezeigten Komponenten werden geh\u00e4rtet, erhitzt oder verbunden. Die Induktionserw\u00e4rmung bietet die ideale Erw\u00e4rmungstechnologie f\u00fcr die moderne Fertigung. Das Verfahren ist schneller, genauer und zuverl\u00e4ssiger als viele Alternativen. Dar\u00fcber hinaus l\u00e4sst es sich nahezu nahtlos in jede Produktionsumgebung integrieren.","breadcrumb":{"@id":"https:\/\/ghinduction.com\/de-de\/losungen\/industrie\/transport\/elektromobilitaet\/#breadcrumb"},"inLanguage":"de-GE","potentialAction":[{"@type":"ReadAction","target":["https:\/\/ghinduction.com\/de-de\/losungen\/industrie\/transport\/elektromobilitaet\/"]}]},{"@type":"ImageObject","inLanguage":"de-GE","@id":"https:\/\/ghinduction.com\/de-de\/losungen\/industrie\/transport\/elektromobilitaet\/#primaryimage","url":"https:\/\/ghinduction.com\/wp-content\/uploads\/2023\/02\/BANNER-E-MOBILITY.jpg","contentUrl":"https:\/\/ghinduction.com\/wp-content\/uploads\/2023\/02\/BANNER-E-MOBILITY.jpg","width":1920,"height":1080},{"@type":"BreadcrumbList","@id":"https:\/\/ghinduction.com\/de-de\/losungen\/industrie\/transport\/elektromobilitaet\/#breadcrumb","itemListElement":[{"@type":"ListItem","position":1,"name":"Home","item":"https:\/\/ghinduction.com\/de-de\/"},{"@type":"ListItem","position":2,"name":"L\u00f6sungen","item":"https:\/\/ghinduction.com\/de-de\/losungen\/"},{"@type":"ListItem","position":3,"name":"Industrie","item":"https:\/\/ghinduction.com\/de-de\/losungen\/industrie\/"},{"@type":"ListItem","position":4,"name":"Transport","item":"https:\/\/ghinduction.com\/de-de\/losungen\/industrie\/transport\/"},{"@type":"ListItem","position":5,"name":"Elektromobilit\u00e4t"}]},{"@type":"WebSite","@id":"https:\/\/ghinduction.com\/de-de\/#website","url":"https:\/\/ghinduction.com\/de-de\/","name":"GH Induction - Experts in Induction Heat Treatment and Induction Heating","description":"GH Induction offers advanced induction heat treatment and heating solutions for various industrial applications. With over 60 years of experience, our innovative systems ensure efficiency and quality across diverse sectors globally.","publisher":{"@id":"https:\/\/ghinduction.com\/de-de\/#organization"},"alternateName":"GH Induction","potentialAction":[{"@type":"SearchAction","target":{"@type":"EntryPoint","urlTemplate":"https:\/\/ghinduction.com\/de-de\/?s={search_term_string}"},"query-input":{"@type":"PropertyValueSpecification","valueRequired":true,"valueName":"search_term_string"}}],"inLanguage":"de-GE"},{"@type":"Organization","@id":"https:\/\/ghinduction.com\/de-de\/#organization","name":"GH Induction - Experts in Induction Heat Treatment and Induction Heating","alternateName":"GH Induction","url":"https:\/\/ghinduction.com\/de-de\/","logo":{"@type":"ImageObject","inLanguage":"de-GE","@id":"https:\/\/ghinduction.com\/de-de\/#\/schema\/logo\/image\/","url":"https:\/\/ghinduction.com\/wp-content\/uploads\/2024\/05\/logo-gh-induction.png","contentUrl":"https:\/\/ghinduction.com\/wp-content\/uploads\/2024\/05\/logo-gh-induction.png","width":225,"height":225,"caption":"GH Induction - Experts in Induction Heat Treatment and Induction Heating"},"image":{"@id":"https:\/\/ghinduction.com\/de-de\/#\/schema\/logo\/image\/"},"sameAs":["https:\/\/www.facebook.com\/ghinductionheating","https:\/\/www.linkedin.com\/company\/gh-induction\/","https:\/\/www.youtube.com\/user\/GhInduction"]}]}},"_links":{"self":[{"href":"https:\/\/ghinduction.com\/de-de\/wp-json\/wp\/v2\/pages\/28922","targetHints":{"allow":["GET"]}}],"collection":[{"href":"https:\/\/ghinduction.com\/de-de\/wp-json\/wp\/v2\/pages"}],"about":[{"href":"https:\/\/ghinduction.com\/de-de\/wp-json\/wp\/v2\/types\/page"}],"author":[{"embeddable":true,"href":"https:\/\/ghinduction.com\/de-de\/wp-json\/wp\/v2\/users\/1"}],"replies":[{"embeddable":true,"href":"https:\/\/ghinduction.com\/de-de\/wp-json\/wp\/v2\/comments?post=28922"}],"version-history":[{"count":10,"href":"https:\/\/ghinduction.com\/de-de\/wp-json\/wp\/v2\/pages\/28922\/revisions"}],"predecessor-version":[{"id":68091,"href":"https:\/\/ghinduction.com\/de-de\/wp-json\/wp\/v2\/pages\/28922\/revisions\/68091"}],"up":[{"embeddable":true,"href":"https:\/\/ghinduction.com\/de-de\/wp-json\/wp\/v2\/pages\/29117"}],"wp:featuredmedia":[{"embeddable":true,"href":"https:\/\/ghinduction.com\/de-de\/wp-json\/wp\/v2\/media\/16142"}],"wp:attachment":[{"href":"https:\/\/ghinduction.com\/de-de\/wp-json\/wp\/v2\/media?parent=28922"}],"wp:term":[{"taxonomy":"industry","embeddable":true,"href":"https:\/\/ghinduction.com\/de-de\/wp-json\/wp\/v2\/industry?post=28922"},{"taxonomy":"processes","embeddable":true,"href":"https:\/\/ghinduction.com\/de-de\/wp-json\/wp\/v2\/processes?post=28922"},{"taxonomy":"solutions","embeddable":true,"href":"https:\/\/ghinduction.com\/de-de\/wp-json\/wp\/v2\/solutions?post=28922"}],"curies":[{"name":"wp","href":"https:\/\/api.w.org\/{rel}","templated":true}]}}