{"id":34306,"date":"2024-01-09T10:49:09","date_gmt":"2024-01-09T10:49:09","guid":{"rendered":"https:\/\/ghinduction.com\/produkte-dienstleistungen\/induktoren\/induktive-prozessueberwachung-ipm4-0\/"},"modified":"2026-02-27T11:21:11","modified_gmt":"2026-02-27T11:21:11","slug":"induktive-prozessueberwachung-ipm4-0","status":"publish","type":"page","link":"https:\/\/ghinduction.com\/de-de\/produkte-dienstleistungen\/induktoren\/induktive-prozessueberwachung-ipm4-0\/","title":{"rendered":"Prozess\u00fcberwachung, IPM4.0"},"content":{"rendered":"","protected":false},"excerpt":{"rendered":"","protected":false},"author":4,"featured_media":0,"parent":31448,"menu_order":0,"comment_status":"closed","ping_status":"closed","template":"","meta":{"_acf_changed":false,"footnotes":""},"industry":[],"processes":[],"solutions":[],"class_list":["post-34306","page","type-page","status-publish","hentry"],"acf":[],"yoast_head":"<!-- This site is optimized with the Yoast SEO plugin v27.3 - https:\/\/yoast.com\/product\/yoast-seo-wordpress\/ -->\n<title>System zur \u00dcberwachung und R\u00fcckverfolgbarkeit des Induktionsprozesses | GH Induction<\/title>\n<meta name=\"description\" content=\"IPM 4.0 ist eine Softwarel\u00f6sung, die Herstellern hilft, den Induktionserw\u00e4rmungsprozess in Echtzeit zu \u00fcberwachen. IPM \u00fcberwacht in Echtzeit die wichtigsten Parameter, die mit der Qualit\u00e4t des Werkst\u00fccks in Zusammenhang stehen. Es wird zum H\u00e4rten, Anlassen, L\u00f6ten oder f\u00fcr andere diskontinuierliche Anwendungen verwendet.\" \/>\n<meta name=\"robots\" content=\"index, follow, max-snippet:-1, max-image-preview:large, max-video-preview:-1\" \/>\n<link rel=\"canonical\" href=\"https:\/\/ghinduction.com\/de-de\/produkte-dienstleistungen\/induktoren\/induktive-prozessueberwachung-ipm4-0\/\" \/>\n<meta property=\"og:locale\" content=\"de_DE\" \/>\n<meta property=\"og:type\" content=\"article\" \/>\n<meta property=\"og:title\" content=\"System zur \u00dcberwachung und R\u00fcckverfolgbarkeit des Induktionsprozesses | GH Induction\" \/>\n<meta property=\"og:description\" content=\"IPM 4.0 ist eine Softwarel\u00f6sung, die Herstellern hilft, den Induktionserw\u00e4rmungsprozess in Echtzeit zu \u00fcberwachen. IPM \u00fcberwacht in Echtzeit die wichtigsten Parameter, die mit der Qualit\u00e4t des Werkst\u00fccks in Zusammenhang stehen. Es wird zum H\u00e4rten, Anlassen, L\u00f6ten oder f\u00fcr andere diskontinuierliche Anwendungen verwendet.\" \/>\n<meta property=\"og:url\" content=\"https:\/\/ghinduction.com\/de-de\/produkte-dienstleistungen\/induktoren\/induktive-prozessueberwachung-ipm4-0\/\" \/>\n<meta property=\"og:site_name\" content=\"GH Induction Deutschland\" \/>\n<meta property=\"article:publisher\" content=\"https:\/\/www.facebook.com\/ghinductionheating\" \/>\n<meta property=\"article:modified_time\" content=\"2026-02-27T11:21:11+00:00\" \/>\n<meta name=\"twitter:card\" content=\"summary_large_image\" \/>\n<script type=\"application\/ld+json\" class=\"yoast-schema-graph\">{\"@context\":\"https:\\\/\\\/schema.org\",\"@graph\":[{\"@type\":\"WebPage\",\"@id\":\"https:\\\/\\\/ghinduction.com\\\/de-de\\\/produkte-dienstleistungen\\\/induktoren\\\/induktive-prozessueberwachung-ipm4-0\\\/\",\"url\":\"https:\\\/\\\/ghinduction.com\\\/de-de\\\/produkte-dienstleistungen\\\/induktoren\\\/induktive-prozessueberwachung-ipm4-0\\\/\",\"name\":\"System zur \u00dcberwachung und R\u00fcckverfolgbarkeit des Induktionsprozesses | GH Induction\",\"isPartOf\":{\"@id\":\"https:\\\/\\\/ghinduction.com\\\/de-de\\\/#website\"},\"datePublished\":\"2024-01-09T10:49:09+00:00\",\"dateModified\":\"2026-02-27T11:21:11+00:00\",\"description\":\"IPM 4.0 ist eine Softwarel\u00f6sung, die Herstellern hilft, den Induktionserw\u00e4rmungsprozess in Echtzeit zu \u00fcberwachen. IPM \u00fcberwacht in Echtzeit die wichtigsten Parameter, die mit der Qualit\u00e4t des Werkst\u00fccks in Zusammenhang stehen. Es wird zum H\u00e4rten, Anlassen, L\u00f6ten oder f\u00fcr andere diskontinuierliche Anwendungen verwendet.\",\"breadcrumb\":{\"@id\":\"https:\\\/\\\/ghinduction.com\\\/de-de\\\/produkte-dienstleistungen\\\/induktoren\\\/induktive-prozessueberwachung-ipm4-0\\\/#breadcrumb\"},\"inLanguage\":\"de-GE\",\"potentialAction\":[{\"@type\":\"ReadAction\",\"target\":[\"https:\\\/\\\/ghinduction.com\\\/de-de\\\/produkte-dienstleistungen\\\/induktoren\\\/induktive-prozessueberwachung-ipm4-0\\\/\"]}]},{\"@type\":\"BreadcrumbList\",\"@id\":\"https:\\\/\\\/ghinduction.com\\\/de-de\\\/produkte-dienstleistungen\\\/induktoren\\\/induktive-prozessueberwachung-ipm4-0\\\/#breadcrumb\",\"itemListElement\":[{\"@type\":\"ListItem\",\"position\":1,\"name\":\"Home\",\"item\":\"https:\\\/\\\/ghinduction.com\\\/de-de\\\/\"},{\"@type\":\"ListItem\",\"position\":2,\"name\":\"Produkte &amp; Dienstleistungen\",\"item\":\"https:\\\/\\\/ghinduction.com\\\/de-de\\\/produkte-dienstleistungen\\\/\"},{\"@type\":\"ListItem\",\"position\":3,\"name\":\"Induktoren\",\"item\":\"https:\\\/\\\/ghinduction.com\\\/de-de\\\/produkte-dienstleistungen\\\/induktoren\\\/\"},{\"@type\":\"ListItem\",\"position\":4,\"name\":\"Prozess\u00fcberwachung, IPM4.0\"}]},{\"@type\":\"WebSite\",\"@id\":\"https:\\\/\\\/ghinduction.com\\\/de-de\\\/#website\",\"url\":\"https:\\\/\\\/ghinduction.com\\\/de-de\\\/\",\"name\":\"GH Induction - Experts in Induction Heat Treatment and Induction Heating\",\"description\":\"GH Induction offers advanced induction heat treatment and heating solutions for various industrial applications. With over 60 years of experience, our innovative systems ensure efficiency and quality across diverse sectors globally.\",\"publisher\":{\"@id\":\"https:\\\/\\\/ghinduction.com\\\/de-de\\\/#organization\"},\"alternateName\":\"GH Induction\",\"potentialAction\":[{\"@type\":\"SearchAction\",\"target\":{\"@type\":\"EntryPoint\",\"urlTemplate\":\"https:\\\/\\\/ghinduction.com\\\/de-de\\\/?s={search_term_string}\"},\"query-input\":{\"@type\":\"PropertyValueSpecification\",\"valueRequired\":true,\"valueName\":\"search_term_string\"}}],\"inLanguage\":\"de-GE\"},{\"@type\":\"Organization\",\"@id\":\"https:\\\/\\\/ghinduction.com\\\/de-de\\\/#organization\",\"name\":\"GH Induction - Experts in Induction Heat Treatment and Induction Heating\",\"alternateName\":\"GH Induction\",\"url\":\"https:\\\/\\\/ghinduction.com\\\/de-de\\\/\",\"logo\":{\"@type\":\"ImageObject\",\"inLanguage\":\"de-GE\",\"@id\":\"https:\\\/\\\/ghinduction.com\\\/de-de\\\/#\\\/schema\\\/logo\\\/image\\\/\",\"url\":\"https:\\\/\\\/ghinduction.com\\\/wp-content\\\/uploads\\\/2024\\\/05\\\/logo-gh-induction.png\",\"contentUrl\":\"https:\\\/\\\/ghinduction.com\\\/wp-content\\\/uploads\\\/2024\\\/05\\\/logo-gh-induction.png\",\"width\":225,\"height\":225,\"caption\":\"GH Induction - Experts in Induction Heat Treatment and Induction Heating\"},\"image\":{\"@id\":\"https:\\\/\\\/ghinduction.com\\\/de-de\\\/#\\\/schema\\\/logo\\\/image\\\/\"},\"sameAs\":[\"https:\\\/\\\/www.facebook.com\\\/ghinductionheating\",\"https:\\\/\\\/www.linkedin.com\\\/company\\\/gh-induction\\\/\",\"https:\\\/\\\/www.youtube.com\\\/user\\\/GhInduction\"]}]}<\/script>\n<!-- \/ Yoast SEO plugin. -->","yoast_head_json":{"title":"System zur \u00dcberwachung und R\u00fcckverfolgbarkeit des Induktionsprozesses | GH Induction","description":"IPM 4.0 ist eine Softwarel\u00f6sung, die Herstellern hilft, den Induktionserw\u00e4rmungsprozess in Echtzeit zu \u00fcberwachen. IPM \u00fcberwacht in Echtzeit die wichtigsten Parameter, die mit der Qualit\u00e4t des Werkst\u00fccks in Zusammenhang stehen. Es wird zum H\u00e4rten, Anlassen, L\u00f6ten oder f\u00fcr andere diskontinuierliche Anwendungen verwendet.","robots":{"index":"index","follow":"follow","max-snippet":"max-snippet:-1","max-image-preview":"max-image-preview:large","max-video-preview":"max-video-preview:-1"},"canonical":"https:\/\/ghinduction.com\/de-de\/produkte-dienstleistungen\/induktoren\/induktive-prozessueberwachung-ipm4-0\/","og_locale":"de_DE","og_type":"article","og_title":"System zur \u00dcberwachung und R\u00fcckverfolgbarkeit des Induktionsprozesses | GH Induction","og_description":"IPM 4.0 ist eine Softwarel\u00f6sung, die Herstellern hilft, den Induktionserw\u00e4rmungsprozess in Echtzeit zu \u00fcberwachen. IPM \u00fcberwacht in Echtzeit die wichtigsten Parameter, die mit der Qualit\u00e4t des Werkst\u00fccks in Zusammenhang stehen. Es wird zum H\u00e4rten, Anlassen, L\u00f6ten oder f\u00fcr andere diskontinuierliche Anwendungen verwendet.","og_url":"https:\/\/ghinduction.com\/de-de\/produkte-dienstleistungen\/induktoren\/induktive-prozessueberwachung-ipm4-0\/","og_site_name":"GH Induction Deutschland","article_publisher":"https:\/\/www.facebook.com\/ghinductionheating","article_modified_time":"2026-02-27T11:21:11+00:00","twitter_card":"summary_large_image","schema":{"@context":"https:\/\/schema.org","@graph":[{"@type":"WebPage","@id":"https:\/\/ghinduction.com\/de-de\/produkte-dienstleistungen\/induktoren\/induktive-prozessueberwachung-ipm4-0\/","url":"https:\/\/ghinduction.com\/de-de\/produkte-dienstleistungen\/induktoren\/induktive-prozessueberwachung-ipm4-0\/","name":"System zur \u00dcberwachung und R\u00fcckverfolgbarkeit des Induktionsprozesses | GH Induction","isPartOf":{"@id":"https:\/\/ghinduction.com\/de-de\/#website"},"datePublished":"2024-01-09T10:49:09+00:00","dateModified":"2026-02-27T11:21:11+00:00","description":"IPM 4.0 ist eine Softwarel\u00f6sung, die Herstellern hilft, den Induktionserw\u00e4rmungsprozess in Echtzeit zu \u00fcberwachen. IPM \u00fcberwacht in Echtzeit die wichtigsten Parameter, die mit der Qualit\u00e4t des Werkst\u00fccks in Zusammenhang stehen. Es wird zum H\u00e4rten, Anlassen, L\u00f6ten oder f\u00fcr andere diskontinuierliche Anwendungen verwendet.","breadcrumb":{"@id":"https:\/\/ghinduction.com\/de-de\/produkte-dienstleistungen\/induktoren\/induktive-prozessueberwachung-ipm4-0\/#breadcrumb"},"inLanguage":"de-GE","potentialAction":[{"@type":"ReadAction","target":["https:\/\/ghinduction.com\/de-de\/produkte-dienstleistungen\/induktoren\/induktive-prozessueberwachung-ipm4-0\/"]}]},{"@type":"BreadcrumbList","@id":"https:\/\/ghinduction.com\/de-de\/produkte-dienstleistungen\/induktoren\/induktive-prozessueberwachung-ipm4-0\/#breadcrumb","itemListElement":[{"@type":"ListItem","position":1,"name":"Home","item":"https:\/\/ghinduction.com\/de-de\/"},{"@type":"ListItem","position":2,"name":"Produkte &amp; Dienstleistungen","item":"https:\/\/ghinduction.com\/de-de\/produkte-dienstleistungen\/"},{"@type":"ListItem","position":3,"name":"Induktoren","item":"https:\/\/ghinduction.com\/de-de\/produkte-dienstleistungen\/induktoren\/"},{"@type":"ListItem","position":4,"name":"Prozess\u00fcberwachung, IPM4.0"}]},{"@type":"WebSite","@id":"https:\/\/ghinduction.com\/de-de\/#website","url":"https:\/\/ghinduction.com\/de-de\/","name":"GH Induction - Experts in Induction Heat Treatment and Induction Heating","description":"GH Induction offers advanced induction heat treatment and heating solutions for various industrial applications. With over 60 years of experience, our innovative systems ensure efficiency and quality across diverse sectors globally.","publisher":{"@id":"https:\/\/ghinduction.com\/de-de\/#organization"},"alternateName":"GH Induction","potentialAction":[{"@type":"SearchAction","target":{"@type":"EntryPoint","urlTemplate":"https:\/\/ghinduction.com\/de-de\/?s={search_term_string}"},"query-input":{"@type":"PropertyValueSpecification","valueRequired":true,"valueName":"search_term_string"}}],"inLanguage":"de-GE"},{"@type":"Organization","@id":"https:\/\/ghinduction.com\/de-de\/#organization","name":"GH Induction - Experts in Induction Heat Treatment and Induction Heating","alternateName":"GH Induction","url":"https:\/\/ghinduction.com\/de-de\/","logo":{"@type":"ImageObject","inLanguage":"de-GE","@id":"https:\/\/ghinduction.com\/de-de\/#\/schema\/logo\/image\/","url":"https:\/\/ghinduction.com\/wp-content\/uploads\/2024\/05\/logo-gh-induction.png","contentUrl":"https:\/\/ghinduction.com\/wp-content\/uploads\/2024\/05\/logo-gh-induction.png","width":225,"height":225,"caption":"GH Induction - Experts in Induction Heat Treatment and Induction Heating"},"image":{"@id":"https:\/\/ghinduction.com\/de-de\/#\/schema\/logo\/image\/"},"sameAs":["https:\/\/www.facebook.com\/ghinductionheating","https:\/\/www.linkedin.com\/company\/gh-induction\/","https:\/\/www.youtube.com\/user\/GhInduction"]}]}},"_links":{"self":[{"href":"https:\/\/ghinduction.com\/de-de\/wp-json\/wp\/v2\/pages\/34306","targetHints":{"allow":["GET"]}}],"collection":[{"href":"https:\/\/ghinduction.com\/de-de\/wp-json\/wp\/v2\/pages"}],"about":[{"href":"https:\/\/ghinduction.com\/de-de\/wp-json\/wp\/v2\/types\/page"}],"author":[{"embeddable":true,"href":"https:\/\/ghinduction.com\/de-de\/wp-json\/wp\/v2\/users\/4"}],"replies":[{"embeddable":true,"href":"https:\/\/ghinduction.com\/de-de\/wp-json\/wp\/v2\/comments?post=34306"}],"version-history":[{"count":8,"href":"https:\/\/ghinduction.com\/de-de\/wp-json\/wp\/v2\/pages\/34306\/revisions"}],"predecessor-version":[{"id":67226,"href":"https:\/\/ghinduction.com\/de-de\/wp-json\/wp\/v2\/pages\/34306\/revisions\/67226"}],"up":[{"embeddable":true,"href":"https:\/\/ghinduction.com\/de-de\/wp-json\/wp\/v2\/pages\/31448"}],"wp:attachment":[{"href":"https:\/\/ghinduction.com\/de-de\/wp-json\/wp\/v2\/media?parent=34306"}],"wp:term":[{"taxonomy":"industry","embeddable":true,"href":"https:\/\/ghinduction.com\/de-de\/wp-json\/wp\/v2\/industry?post=34306"},{"taxonomy":"processes","embeddable":true,"href":"https:\/\/ghinduction.com\/de-de\/wp-json\/wp\/v2\/processes?post=34306"},{"taxonomy":"solutions","embeddable":true,"href":"https:\/\/ghinduction.com\/de-de\/wp-json\/wp\/v2\/solutions?post=34306"}],"curies":[{"name":"wp","href":"https:\/\/api.w.org\/{rel}","templated":true}]}}