{"id":35968,"date":"2023-01-09T09:02:12","date_gmt":"2023-01-09T09:02:12","guid":{"rendered":"https:\/\/ghinduction.com\/innovation\/fortschrittliche-fertigung\/"},"modified":"2026-02-26T09:14:24","modified_gmt":"2026-02-26T09:14:24","slug":"fortschrittliche-fertigung","status":"publish","type":"page","link":"https:\/\/ghinduction.com\/de-de\/innovation\/fortschrittliche-fertigung\/","title":{"rendered":"Fortschrittliche Fertigung"},"content":{"rendered":"","protected":false},"excerpt":{"rendered":"","protected":false},"author":1,"featured_media":0,"parent":31351,"menu_order":15,"comment_status":"closed","ping_status":"closed","template":"","meta":{"_acf_changed":false,"footnotes":""},"industry":[],"processes":[],"solutions":[],"class_list":["post-35968","page","type-page","status-publish","hentry"],"acf":[],"yoast_head":"<!-- This site is optimized with the Yoast SEO plugin v27.3 - https:\/\/yoast.com\/product\/yoast-seo-wordpress\/ -->\n<title>Industrie 4.0 bei der induktiven Erw\u00e4rmung - GH Induction<\/title>\n<meta name=\"description\" content=\"Induktion 4.0 bei GH Induction steht f\u00fcr die Weiterentwicklung von Induktionserw\u00e4rmungsl\u00f6sungen im Rahmen von &quot;Industrie 4.0&quot; oder fortschrittlicher Fertigung. Die Induktionserw\u00e4rmung ist eine Technologie, die in der modernen Produktion gro\u00dfe Vorteile bietet: Sie ist digital steuerbar, hochgenau, sicher und effizient. Diese Vorteile in Verbindung mit dem Einsatz anderer digitaler Technologien erm\u00f6glichen es, die GH-Systeme und -Maschinen zu 100 % in die modernsten Fertigungslinien zu integrieren. Die Hersteller von heute sind gezwungen, ihre Prozesse und Kosten effizienter zu gestalten, um schnell und kosteng\u00fcnstig auf Nachfrage\u00e4nderungen reagieren zu k\u00f6nnen. Die Digitalisierung des Internets der Dinge, Augmented Reality, additive Fertigung, digitale Simulationen und vollst\u00e4ndige Automatisierung sind nur einige der digitalen Technologien, die heute in der Fertigung gefragt sind.\" \/>\n<meta name=\"robots\" content=\"index, follow, max-snippet:-1, max-image-preview:large, max-video-preview:-1\" \/>\n<link rel=\"canonical\" href=\"https:\/\/ghinduction.com\/de-de\/innovation\/fortschrittliche-fertigung\/\" \/>\n<meta property=\"og:locale\" content=\"de_DE\" \/>\n<meta property=\"og:type\" content=\"article\" \/>\n<meta property=\"og:title\" content=\"Industrie 4.0 bei der induktiven Erw\u00e4rmung - GH Induction\" \/>\n<meta property=\"og:description\" content=\"Induktion 4.0 bei GH Induction steht f\u00fcr die Weiterentwicklung von Induktionserw\u00e4rmungsl\u00f6sungen im Rahmen von &quot;Industrie 4.0&quot; oder fortschrittlicher Fertigung. Die Induktionserw\u00e4rmung ist eine Technologie, die in der modernen Produktion gro\u00dfe Vorteile bietet: Sie ist digital steuerbar, hochgenau, sicher und effizient. Diese Vorteile in Verbindung mit dem Einsatz anderer digitaler Technologien erm\u00f6glichen es, die GH-Systeme und -Maschinen zu 100 % in die modernsten Fertigungslinien zu integrieren. Die Hersteller von heute sind gezwungen, ihre Prozesse und Kosten effizienter zu gestalten, um schnell und kosteng\u00fcnstig auf Nachfrage\u00e4nderungen reagieren zu k\u00f6nnen. Die Digitalisierung des Internets der Dinge, Augmented Reality, additive Fertigung, digitale Simulationen und vollst\u00e4ndige Automatisierung sind nur einige der digitalen Technologien, die heute in der Fertigung gefragt sind.\" \/>\n<meta property=\"og:url\" content=\"https:\/\/ghinduction.com\/de-de\/innovation\/fortschrittliche-fertigung\/\" \/>\n<meta property=\"og:site_name\" content=\"GH Induction Deutschland\" \/>\n<meta property=\"article:publisher\" content=\"https:\/\/www.facebook.com\/ghinductionheating\" \/>\n<meta property=\"article:modified_time\" content=\"2026-02-26T09:14:24+00:00\" \/>\n<meta name=\"twitter:card\" content=\"summary_large_image\" \/>\n<script type=\"application\/ld+json\" class=\"yoast-schema-graph\">{\"@context\":\"https:\\\/\\\/schema.org\",\"@graph\":[{\"@type\":\"WebPage\",\"@id\":\"https:\\\/\\\/ghinduction.com\\\/de-de\\\/innovation\\\/fortschrittliche-fertigung\\\/\",\"url\":\"https:\\\/\\\/ghinduction.com\\\/de-de\\\/innovation\\\/fortschrittliche-fertigung\\\/\",\"name\":\"Industrie 4.0 bei der induktiven Erw\u00e4rmung - GH Induction\",\"isPartOf\":{\"@id\":\"https:\\\/\\\/ghinduction.com\\\/de-de\\\/#website\"},\"datePublished\":\"2023-01-09T09:02:12+00:00\",\"dateModified\":\"2026-02-26T09:14:24+00:00\",\"description\":\"Induktion 4.0 bei GH Induction steht f\u00fcr die Weiterentwicklung von Induktionserw\u00e4rmungsl\u00f6sungen im Rahmen von \\\"Industrie 4.0\\\" oder fortschrittlicher Fertigung. Die Induktionserw\u00e4rmung ist eine Technologie, die in der modernen Produktion gro\u00dfe Vorteile bietet: Sie ist digital steuerbar, hochgenau, sicher und effizient. Diese Vorteile in Verbindung mit dem Einsatz anderer digitaler Technologien erm\u00f6glichen es, die GH-Systeme und -Maschinen zu 100 % in die modernsten Fertigungslinien zu integrieren. Die Hersteller von heute sind gezwungen, ihre Prozesse und Kosten effizienter zu gestalten, um schnell und kosteng\u00fcnstig auf Nachfrage\u00e4nderungen reagieren zu k\u00f6nnen. Die Digitalisierung des Internets der Dinge, Augmented Reality, additive Fertigung, digitale Simulationen und vollst\u00e4ndige Automatisierung sind nur einige der digitalen Technologien, die heute in der Fertigung gefragt sind.\",\"breadcrumb\":{\"@id\":\"https:\\\/\\\/ghinduction.com\\\/de-de\\\/innovation\\\/fortschrittliche-fertigung\\\/#breadcrumb\"},\"inLanguage\":\"de-GE\",\"potentialAction\":[{\"@type\":\"ReadAction\",\"target\":[\"https:\\\/\\\/ghinduction.com\\\/de-de\\\/innovation\\\/fortschrittliche-fertigung\\\/\"]}]},{\"@type\":\"BreadcrumbList\",\"@id\":\"https:\\\/\\\/ghinduction.com\\\/de-de\\\/innovation\\\/fortschrittliche-fertigung\\\/#breadcrumb\",\"itemListElement\":[{\"@type\":\"ListItem\",\"position\":1,\"name\":\"Home\",\"item\":\"https:\\\/\\\/ghinduction.com\\\/de-de\\\/\"},{\"@type\":\"ListItem\",\"position\":2,\"name\":\"Innovation\",\"item\":\"https:\\\/\\\/ghinduction.com\\\/de-de\\\/innovation\\\/\"},{\"@type\":\"ListItem\",\"position\":3,\"name\":\"Fortschrittliche Fertigung\"}]},{\"@type\":\"WebSite\",\"@id\":\"https:\\\/\\\/ghinduction.com\\\/de-de\\\/#website\",\"url\":\"https:\\\/\\\/ghinduction.com\\\/de-de\\\/\",\"name\":\"GH Induction - Experts in Induction Heat Treatment and Induction Heating\",\"description\":\"GH Induction offers advanced induction heat treatment and heating solutions for various industrial applications. With over 60 years of experience, our innovative systems ensure efficiency and quality across diverse sectors globally.\",\"publisher\":{\"@id\":\"https:\\\/\\\/ghinduction.com\\\/de-de\\\/#organization\"},\"alternateName\":\"GH Induction\",\"potentialAction\":[{\"@type\":\"SearchAction\",\"target\":{\"@type\":\"EntryPoint\",\"urlTemplate\":\"https:\\\/\\\/ghinduction.com\\\/de-de\\\/?s={search_term_string}\"},\"query-input\":{\"@type\":\"PropertyValueSpecification\",\"valueRequired\":true,\"valueName\":\"search_term_string\"}}],\"inLanguage\":\"de-GE\"},{\"@type\":\"Organization\",\"@id\":\"https:\\\/\\\/ghinduction.com\\\/de-de\\\/#organization\",\"name\":\"GH Induction - Experts in Induction Heat Treatment and Induction Heating\",\"alternateName\":\"GH Induction\",\"url\":\"https:\\\/\\\/ghinduction.com\\\/de-de\\\/\",\"logo\":{\"@type\":\"ImageObject\",\"inLanguage\":\"de-GE\",\"@id\":\"https:\\\/\\\/ghinduction.com\\\/de-de\\\/#\\\/schema\\\/logo\\\/image\\\/\",\"url\":\"https:\\\/\\\/ghinduction.com\\\/wp-content\\\/uploads\\\/2024\\\/05\\\/logo-gh-induction.png\",\"contentUrl\":\"https:\\\/\\\/ghinduction.com\\\/wp-content\\\/uploads\\\/2024\\\/05\\\/logo-gh-induction.png\",\"width\":225,\"height\":225,\"caption\":\"GH Induction - Experts in Induction Heat Treatment and Induction Heating\"},\"image\":{\"@id\":\"https:\\\/\\\/ghinduction.com\\\/de-de\\\/#\\\/schema\\\/logo\\\/image\\\/\"},\"sameAs\":[\"https:\\\/\\\/www.facebook.com\\\/ghinductionheating\",\"https:\\\/\\\/www.linkedin.com\\\/company\\\/gh-induction\\\/\",\"https:\\\/\\\/www.youtube.com\\\/user\\\/GhInduction\"]}]}<\/script>\n<!-- \/ Yoast SEO plugin. -->","yoast_head_json":{"title":"Industrie 4.0 bei der induktiven Erw\u00e4rmung - GH Induction","description":"Induktion 4.0 bei GH Induction steht f\u00fcr die Weiterentwicklung von Induktionserw\u00e4rmungsl\u00f6sungen im Rahmen von \"Industrie 4.0\" oder fortschrittlicher Fertigung. Die Induktionserw\u00e4rmung ist eine Technologie, die in der modernen Produktion gro\u00dfe Vorteile bietet: Sie ist digital steuerbar, hochgenau, sicher und effizient. Diese Vorteile in Verbindung mit dem Einsatz anderer digitaler Technologien erm\u00f6glichen es, die GH-Systeme und -Maschinen zu 100 % in die modernsten Fertigungslinien zu integrieren. Die Hersteller von heute sind gezwungen, ihre Prozesse und Kosten effizienter zu gestalten, um schnell und kosteng\u00fcnstig auf Nachfrage\u00e4nderungen reagieren zu k\u00f6nnen. Die Digitalisierung des Internets der Dinge, Augmented Reality, additive Fertigung, digitale Simulationen und vollst\u00e4ndige Automatisierung sind nur einige der digitalen Technologien, die heute in der Fertigung gefragt sind.","robots":{"index":"index","follow":"follow","max-snippet":"max-snippet:-1","max-image-preview":"max-image-preview:large","max-video-preview":"max-video-preview:-1"},"canonical":"https:\/\/ghinduction.com\/de-de\/innovation\/fortschrittliche-fertigung\/","og_locale":"de_DE","og_type":"article","og_title":"Industrie 4.0 bei der induktiven Erw\u00e4rmung - GH Induction","og_description":"Induktion 4.0 bei GH Induction steht f\u00fcr die Weiterentwicklung von Induktionserw\u00e4rmungsl\u00f6sungen im Rahmen von \"Industrie 4.0\" oder fortschrittlicher Fertigung. Die Induktionserw\u00e4rmung ist eine Technologie, die in der modernen Produktion gro\u00dfe Vorteile bietet: Sie ist digital steuerbar, hochgenau, sicher und effizient. Diese Vorteile in Verbindung mit dem Einsatz anderer digitaler Technologien erm\u00f6glichen es, die GH-Systeme und -Maschinen zu 100 % in die modernsten Fertigungslinien zu integrieren. Die Hersteller von heute sind gezwungen, ihre Prozesse und Kosten effizienter zu gestalten, um schnell und kosteng\u00fcnstig auf Nachfrage\u00e4nderungen reagieren zu k\u00f6nnen. Die Digitalisierung des Internets der Dinge, Augmented Reality, additive Fertigung, digitale Simulationen und vollst\u00e4ndige Automatisierung sind nur einige der digitalen Technologien, die heute in der Fertigung gefragt sind.","og_url":"https:\/\/ghinduction.com\/de-de\/innovation\/fortschrittliche-fertigung\/","og_site_name":"GH Induction Deutschland","article_publisher":"https:\/\/www.facebook.com\/ghinductionheating","article_modified_time":"2026-02-26T09:14:24+00:00","twitter_card":"summary_large_image","schema":{"@context":"https:\/\/schema.org","@graph":[{"@type":"WebPage","@id":"https:\/\/ghinduction.com\/de-de\/innovation\/fortschrittliche-fertigung\/","url":"https:\/\/ghinduction.com\/de-de\/innovation\/fortschrittliche-fertigung\/","name":"Industrie 4.0 bei der induktiven Erw\u00e4rmung - GH Induction","isPartOf":{"@id":"https:\/\/ghinduction.com\/de-de\/#website"},"datePublished":"2023-01-09T09:02:12+00:00","dateModified":"2026-02-26T09:14:24+00:00","description":"Induktion 4.0 bei GH Induction steht f\u00fcr die Weiterentwicklung von Induktionserw\u00e4rmungsl\u00f6sungen im Rahmen von \"Industrie 4.0\" oder fortschrittlicher Fertigung. Die Induktionserw\u00e4rmung ist eine Technologie, die in der modernen Produktion gro\u00dfe Vorteile bietet: Sie ist digital steuerbar, hochgenau, sicher und effizient. Diese Vorteile in Verbindung mit dem Einsatz anderer digitaler Technologien erm\u00f6glichen es, die GH-Systeme und -Maschinen zu 100 % in die modernsten Fertigungslinien zu integrieren. Die Hersteller von heute sind gezwungen, ihre Prozesse und Kosten effizienter zu gestalten, um schnell und kosteng\u00fcnstig auf Nachfrage\u00e4nderungen reagieren zu k\u00f6nnen. Die Digitalisierung des Internets der Dinge, Augmented Reality, additive Fertigung, digitale Simulationen und vollst\u00e4ndige Automatisierung sind nur einige der digitalen Technologien, die heute in der Fertigung gefragt sind.","breadcrumb":{"@id":"https:\/\/ghinduction.com\/de-de\/innovation\/fortschrittliche-fertigung\/#breadcrumb"},"inLanguage":"de-GE","potentialAction":[{"@type":"ReadAction","target":["https:\/\/ghinduction.com\/de-de\/innovation\/fortschrittliche-fertigung\/"]}]},{"@type":"BreadcrumbList","@id":"https:\/\/ghinduction.com\/de-de\/innovation\/fortschrittliche-fertigung\/#breadcrumb","itemListElement":[{"@type":"ListItem","position":1,"name":"Home","item":"https:\/\/ghinduction.com\/de-de\/"},{"@type":"ListItem","position":2,"name":"Innovation","item":"https:\/\/ghinduction.com\/de-de\/innovation\/"},{"@type":"ListItem","position":3,"name":"Fortschrittliche Fertigung"}]},{"@type":"WebSite","@id":"https:\/\/ghinduction.com\/de-de\/#website","url":"https:\/\/ghinduction.com\/de-de\/","name":"GH Induction - Experts in Induction Heat Treatment and Induction Heating","description":"GH Induction offers advanced induction heat treatment and heating solutions for various industrial applications. With over 60 years of experience, our innovative systems ensure efficiency and quality across diverse sectors globally.","publisher":{"@id":"https:\/\/ghinduction.com\/de-de\/#organization"},"alternateName":"GH Induction","potentialAction":[{"@type":"SearchAction","target":{"@type":"EntryPoint","urlTemplate":"https:\/\/ghinduction.com\/de-de\/?s={search_term_string}"},"query-input":{"@type":"PropertyValueSpecification","valueRequired":true,"valueName":"search_term_string"}}],"inLanguage":"de-GE"},{"@type":"Organization","@id":"https:\/\/ghinduction.com\/de-de\/#organization","name":"GH Induction - Experts in Induction Heat Treatment and Induction Heating","alternateName":"GH Induction","url":"https:\/\/ghinduction.com\/de-de\/","logo":{"@type":"ImageObject","inLanguage":"de-GE","@id":"https:\/\/ghinduction.com\/de-de\/#\/schema\/logo\/image\/","url":"https:\/\/ghinduction.com\/wp-content\/uploads\/2024\/05\/logo-gh-induction.png","contentUrl":"https:\/\/ghinduction.com\/wp-content\/uploads\/2024\/05\/logo-gh-induction.png","width":225,"height":225,"caption":"GH Induction - Experts in Induction Heat Treatment and Induction Heating"},"image":{"@id":"https:\/\/ghinduction.com\/de-de\/#\/schema\/logo\/image\/"},"sameAs":["https:\/\/www.facebook.com\/ghinductionheating","https:\/\/www.linkedin.com\/company\/gh-induction\/","https:\/\/www.youtube.com\/user\/GhInduction"]}]}},"_links":{"self":[{"href":"https:\/\/ghinduction.com\/de-de\/wp-json\/wp\/v2\/pages\/35968","targetHints":{"allow":["GET"]}}],"collection":[{"href":"https:\/\/ghinduction.com\/de-de\/wp-json\/wp\/v2\/pages"}],"about":[{"href":"https:\/\/ghinduction.com\/de-de\/wp-json\/wp\/v2\/types\/page"}],"author":[{"embeddable":true,"href":"https:\/\/ghinduction.com\/de-de\/wp-json\/wp\/v2\/users\/1"}],"replies":[{"embeddable":true,"href":"https:\/\/ghinduction.com\/de-de\/wp-json\/wp\/v2\/comments?post=35968"}],"version-history":[{"count":6,"href":"https:\/\/ghinduction.com\/de-de\/wp-json\/wp\/v2\/pages\/35968\/revisions"}],"predecessor-version":[{"id":65675,"href":"https:\/\/ghinduction.com\/de-de\/wp-json\/wp\/v2\/pages\/35968\/revisions\/65675"}],"up":[{"embeddable":true,"href":"https:\/\/ghinduction.com\/de-de\/wp-json\/wp\/v2\/pages\/31351"}],"wp:attachment":[{"href":"https:\/\/ghinduction.com\/de-de\/wp-json\/wp\/v2\/media?parent=35968"}],"wp:term":[{"taxonomy":"industry","embeddable":true,"href":"https:\/\/ghinduction.com\/de-de\/wp-json\/wp\/v2\/industry?post=35968"},{"taxonomy":"processes","embeddable":true,"href":"https:\/\/ghinduction.com\/de-de\/wp-json\/wp\/v2\/processes?post=35968"},{"taxonomy":"solutions","embeddable":true,"href":"https:\/\/ghinduction.com\/de-de\/wp-json\/wp\/v2\/solutions?post=35968"}],"curies":[{"name":"wp","href":"https:\/\/api.w.org\/{rel}","templated":true}]}}