{"id":36471,"date":"2023-01-09T09:02:12","date_gmt":"2023-01-09T09:02:12","guid":{"rendered":"https:\/\/ghinduction.com\/innovation\/elektronik-f-e\/"},"modified":"2026-02-26T16:40:33","modified_gmt":"2026-02-26T16:40:33","slug":"elektronik-f-e","status":"publish","type":"page","link":"https:\/\/ghinduction.com\/de-de\/innovation\/elektronik-f-e\/","title":{"rendered":"Elektronik F&amp;E"},"content":{"rendered":"","protected":false},"excerpt":{"rendered":"","protected":false},"author":1,"featured_media":0,"parent":31351,"menu_order":16,"comment_status":"closed","ping_status":"closed","template":"","meta":{"_acf_changed":false,"footnotes":""},"industry":[],"processes":[],"solutions":[],"class_list":["post-36471","page","type-page","status-publish","hentry"],"acf":[],"yoast_head":"<!-- This site is optimized with the Yoast SEO plugin v27.3 - https:\/\/yoast.com\/product\/yoast-seo-wordpress\/ -->\n<title>Elektronik F&amp;E - GH Induction<\/title>\n<meta name=\"description\" content=\"Innovation in Leistungselektronik ist entscheidend, um ein breites Spektrum an Generatoren mit Steuerungs- und Kommunikationsfunktionen aus unserer eigenen Produktion und Technologie anbieten zu k\u00f6nnen, um damit alle W\u00fcnsche und Bed\u00fcrfnisse des Kunden in den verschiedenen Industrien abdecken zu k\u00f6nnen. Die ganze Forschungs- und Entwicklungsarbeit der GH Group wird in der Forschungs- &amp; Entwicklungsabteilung bei GH Electrotermia, S.A.U. durchgef\u00fchrt. Die Forschungs- und Entwicklungsabteilung hat, unter vielen anderen, das Patent f\u00fcr den ersten Transistorgenerator bekommen, der spezifisch f\u00fcr seine Anwendung in der Induktionserw\u00e4rmung entworfen wurde. Des Weiteren hat diese Abteilung zahlreiche Erfahrungen mit dem Entwerfen von Resonanzumrichtern, in Serien- und Parallelausf\u00fchrung, sowie auch mit dem Gebrauch von MOSFET und IGBT Transistoren. Die F&amp;E-Abteilung hat 75 Kooperationsvertr\u00e4ge mit verschiedenen Universit\u00e4ten und Forschungszentren und dieser Kooperationsplan wird in den folgenden Jahren weitergef\u00fchrt.\" \/>\n<meta name=\"robots\" content=\"index, follow, max-snippet:-1, max-image-preview:large, max-video-preview:-1\" \/>\n<link rel=\"canonical\" href=\"https:\/\/ghinduction.com\/de-de\/innovation\/elektronik-f-e\/\" \/>\n<meta property=\"og:locale\" content=\"de_DE\" \/>\n<meta property=\"og:type\" content=\"article\" \/>\n<meta property=\"og:title\" content=\"Elektronik F&amp;E - GH Induction\" \/>\n<meta property=\"og:description\" content=\"Innovation in Leistungselektronik ist entscheidend, um ein breites Spektrum an Generatoren mit Steuerungs- und Kommunikationsfunktionen aus unserer eigenen Produktion und Technologie anbieten zu k\u00f6nnen, um damit alle W\u00fcnsche und Bed\u00fcrfnisse des Kunden in den verschiedenen Industrien abdecken zu k\u00f6nnen. Die ganze Forschungs- und Entwicklungsarbeit der GH Group wird in der Forschungs- &amp; Entwicklungsabteilung bei GH Electrotermia, S.A.U. durchgef\u00fchrt. Die Forschungs- und Entwicklungsabteilung hat, unter vielen anderen, das Patent f\u00fcr den ersten Transistorgenerator bekommen, der spezifisch f\u00fcr seine Anwendung in der Induktionserw\u00e4rmung entworfen wurde. Des Weiteren hat diese Abteilung zahlreiche Erfahrungen mit dem Entwerfen von Resonanzumrichtern, in Serien- und Parallelausf\u00fchrung, sowie auch mit dem Gebrauch von MOSFET und IGBT Transistoren. Die F&amp;E-Abteilung hat 75 Kooperationsvertr\u00e4ge mit verschiedenen Universit\u00e4ten und Forschungszentren und dieser Kooperationsplan wird in den folgenden Jahren weitergef\u00fchrt.\" \/>\n<meta property=\"og:url\" content=\"https:\/\/ghinduction.com\/de-de\/innovation\/elektronik-f-e\/\" \/>\n<meta property=\"og:site_name\" content=\"GH Induction Deutschland\" \/>\n<meta property=\"article:publisher\" content=\"https:\/\/www.facebook.com\/ghinductionheating\" \/>\n<meta property=\"article:modified_time\" content=\"2026-02-26T16:40:33+00:00\" \/>\n<meta name=\"twitter:card\" content=\"summary_large_image\" \/>\n<script type=\"application\/ld+json\" class=\"yoast-schema-graph\">{\"@context\":\"https:\\\/\\\/schema.org\",\"@graph\":[{\"@type\":\"WebPage\",\"@id\":\"https:\\\/\\\/ghinduction.com\\\/de-de\\\/innovation\\\/elektronik-f-e\\\/\",\"url\":\"https:\\\/\\\/ghinduction.com\\\/de-de\\\/innovation\\\/elektronik-f-e\\\/\",\"name\":\"Elektronik F&E - GH Induction\",\"isPartOf\":{\"@id\":\"https:\\\/\\\/ghinduction.com\\\/de-de\\\/#website\"},\"datePublished\":\"2023-01-09T09:02:12+00:00\",\"dateModified\":\"2026-02-26T16:40:33+00:00\",\"description\":\"Innovation in Leistungselektronik ist entscheidend, um ein breites Spektrum an Generatoren mit Steuerungs- und Kommunikationsfunktionen aus unserer eigenen Produktion und Technologie anbieten zu k\u00f6nnen, um damit alle W\u00fcnsche und Bed\u00fcrfnisse des Kunden in den verschiedenen Industrien abdecken zu k\u00f6nnen. Die ganze Forschungs- und Entwicklungsarbeit der GH Group wird in der Forschungs- &amp; Entwicklungsabteilung bei GH Electrotermia, S.A.U. durchgef\u00fchrt. Die Forschungs- und Entwicklungsabteilung hat, unter vielen anderen, das Patent f\u00fcr den ersten Transistorgenerator bekommen, der spezifisch f\u00fcr seine Anwendung in der Induktionserw\u00e4rmung entworfen wurde. Des Weiteren hat diese Abteilung zahlreiche Erfahrungen mit dem Entwerfen von Resonanzumrichtern, in Serien- und Parallelausf\u00fchrung, sowie auch mit dem Gebrauch von MOSFET und IGBT Transistoren. Die F&amp;E-Abteilung hat 75 Kooperationsvertr\u00e4ge mit verschiedenen Universit\u00e4ten und Forschungszentren und dieser Kooperationsplan wird in den folgenden Jahren weitergef\u00fchrt.\",\"breadcrumb\":{\"@id\":\"https:\\\/\\\/ghinduction.com\\\/de-de\\\/innovation\\\/elektronik-f-e\\\/#breadcrumb\"},\"inLanguage\":\"de-GE\",\"potentialAction\":[{\"@type\":\"ReadAction\",\"target\":[\"https:\\\/\\\/ghinduction.com\\\/de-de\\\/innovation\\\/elektronik-f-e\\\/\"]}]},{\"@type\":\"BreadcrumbList\",\"@id\":\"https:\\\/\\\/ghinduction.com\\\/de-de\\\/innovation\\\/elektronik-f-e\\\/#breadcrumb\",\"itemListElement\":[{\"@type\":\"ListItem\",\"position\":1,\"name\":\"Home\",\"item\":\"https:\\\/\\\/ghinduction.com\\\/de-de\\\/\"},{\"@type\":\"ListItem\",\"position\":2,\"name\":\"Innovation\",\"item\":\"https:\\\/\\\/ghinduction.com\\\/de-de\\\/innovation\\\/\"},{\"@type\":\"ListItem\",\"position\":3,\"name\":\"Elektronik F&amp;E\"}]},{\"@type\":\"WebSite\",\"@id\":\"https:\\\/\\\/ghinduction.com\\\/de-de\\\/#website\",\"url\":\"https:\\\/\\\/ghinduction.com\\\/de-de\\\/\",\"name\":\"GH Induction - Experts in Induction Heat Treatment and Induction Heating\",\"description\":\"GH Induction offers advanced induction heat treatment and heating solutions for various industrial applications. With over 60 years of experience, our innovative systems ensure efficiency and quality across diverse sectors globally.\",\"publisher\":{\"@id\":\"https:\\\/\\\/ghinduction.com\\\/de-de\\\/#organization\"},\"alternateName\":\"GH Induction\",\"potentialAction\":[{\"@type\":\"SearchAction\",\"target\":{\"@type\":\"EntryPoint\",\"urlTemplate\":\"https:\\\/\\\/ghinduction.com\\\/de-de\\\/?s={search_term_string}\"},\"query-input\":{\"@type\":\"PropertyValueSpecification\",\"valueRequired\":true,\"valueName\":\"search_term_string\"}}],\"inLanguage\":\"de-GE\"},{\"@type\":\"Organization\",\"@id\":\"https:\\\/\\\/ghinduction.com\\\/de-de\\\/#organization\",\"name\":\"GH Induction - Experts in Induction Heat Treatment and Induction Heating\",\"alternateName\":\"GH Induction\",\"url\":\"https:\\\/\\\/ghinduction.com\\\/de-de\\\/\",\"logo\":{\"@type\":\"ImageObject\",\"inLanguage\":\"de-GE\",\"@id\":\"https:\\\/\\\/ghinduction.com\\\/de-de\\\/#\\\/schema\\\/logo\\\/image\\\/\",\"url\":\"https:\\\/\\\/ghinduction.com\\\/wp-content\\\/uploads\\\/2024\\\/05\\\/logo-gh-induction.png\",\"contentUrl\":\"https:\\\/\\\/ghinduction.com\\\/wp-content\\\/uploads\\\/2024\\\/05\\\/logo-gh-induction.png\",\"width\":225,\"height\":225,\"caption\":\"GH Induction - Experts in Induction Heat Treatment and Induction Heating\"},\"image\":{\"@id\":\"https:\\\/\\\/ghinduction.com\\\/de-de\\\/#\\\/schema\\\/logo\\\/image\\\/\"},\"sameAs\":[\"https:\\\/\\\/www.facebook.com\\\/ghinductionheating\",\"https:\\\/\\\/www.linkedin.com\\\/company\\\/gh-induction\\\/\",\"https:\\\/\\\/www.youtube.com\\\/user\\\/GhInduction\"]}]}<\/script>\n<!-- \/ Yoast SEO plugin. -->","yoast_head_json":{"title":"Elektronik F&E - GH Induction","description":"Innovation in Leistungselektronik ist entscheidend, um ein breites Spektrum an Generatoren mit Steuerungs- und Kommunikationsfunktionen aus unserer eigenen Produktion und Technologie anbieten zu k\u00f6nnen, um damit alle W\u00fcnsche und Bed\u00fcrfnisse des Kunden in den verschiedenen Industrien abdecken zu k\u00f6nnen. Die ganze Forschungs- und Entwicklungsarbeit der GH Group wird in der Forschungs- &amp; Entwicklungsabteilung bei GH Electrotermia, S.A.U. durchgef\u00fchrt. Die Forschungs- und Entwicklungsabteilung hat, unter vielen anderen, das Patent f\u00fcr den ersten Transistorgenerator bekommen, der spezifisch f\u00fcr seine Anwendung in der Induktionserw\u00e4rmung entworfen wurde. Des Weiteren hat diese Abteilung zahlreiche Erfahrungen mit dem Entwerfen von Resonanzumrichtern, in Serien- und Parallelausf\u00fchrung, sowie auch mit dem Gebrauch von MOSFET und IGBT Transistoren. Die F&amp;E-Abteilung hat 75 Kooperationsvertr\u00e4ge mit verschiedenen Universit\u00e4ten und Forschungszentren und dieser Kooperationsplan wird in den folgenden Jahren weitergef\u00fchrt.","robots":{"index":"index","follow":"follow","max-snippet":"max-snippet:-1","max-image-preview":"max-image-preview:large","max-video-preview":"max-video-preview:-1"},"canonical":"https:\/\/ghinduction.com\/de-de\/innovation\/elektronik-f-e\/","og_locale":"de_DE","og_type":"article","og_title":"Elektronik F&E - GH Induction","og_description":"Innovation in Leistungselektronik ist entscheidend, um ein breites Spektrum an Generatoren mit Steuerungs- und Kommunikationsfunktionen aus unserer eigenen Produktion und Technologie anbieten zu k\u00f6nnen, um damit alle W\u00fcnsche und Bed\u00fcrfnisse des Kunden in den verschiedenen Industrien abdecken zu k\u00f6nnen. Die ganze Forschungs- und Entwicklungsarbeit der GH Group wird in der Forschungs- &amp; Entwicklungsabteilung bei GH Electrotermia, S.A.U. durchgef\u00fchrt. Die Forschungs- und Entwicklungsabteilung hat, unter vielen anderen, das Patent f\u00fcr den ersten Transistorgenerator bekommen, der spezifisch f\u00fcr seine Anwendung in der Induktionserw\u00e4rmung entworfen wurde. Des Weiteren hat diese Abteilung zahlreiche Erfahrungen mit dem Entwerfen von Resonanzumrichtern, in Serien- und Parallelausf\u00fchrung, sowie auch mit dem Gebrauch von MOSFET und IGBT Transistoren. Die F&amp;E-Abteilung hat 75 Kooperationsvertr\u00e4ge mit verschiedenen Universit\u00e4ten und Forschungszentren und dieser Kooperationsplan wird in den folgenden Jahren weitergef\u00fchrt.","og_url":"https:\/\/ghinduction.com\/de-de\/innovation\/elektronik-f-e\/","og_site_name":"GH Induction Deutschland","article_publisher":"https:\/\/www.facebook.com\/ghinductionheating","article_modified_time":"2026-02-26T16:40:33+00:00","twitter_card":"summary_large_image","schema":{"@context":"https:\/\/schema.org","@graph":[{"@type":"WebPage","@id":"https:\/\/ghinduction.com\/de-de\/innovation\/elektronik-f-e\/","url":"https:\/\/ghinduction.com\/de-de\/innovation\/elektronik-f-e\/","name":"Elektronik F&E - GH Induction","isPartOf":{"@id":"https:\/\/ghinduction.com\/de-de\/#website"},"datePublished":"2023-01-09T09:02:12+00:00","dateModified":"2026-02-26T16:40:33+00:00","description":"Innovation in Leistungselektronik ist entscheidend, um ein breites Spektrum an Generatoren mit Steuerungs- und Kommunikationsfunktionen aus unserer eigenen Produktion und Technologie anbieten zu k\u00f6nnen, um damit alle W\u00fcnsche und Bed\u00fcrfnisse des Kunden in den verschiedenen Industrien abdecken zu k\u00f6nnen. Die ganze Forschungs- und Entwicklungsarbeit der GH Group wird in der Forschungs- &amp; Entwicklungsabteilung bei GH Electrotermia, S.A.U. durchgef\u00fchrt. Die Forschungs- und Entwicklungsabteilung hat, unter vielen anderen, das Patent f\u00fcr den ersten Transistorgenerator bekommen, der spezifisch f\u00fcr seine Anwendung in der Induktionserw\u00e4rmung entworfen wurde. Des Weiteren hat diese Abteilung zahlreiche Erfahrungen mit dem Entwerfen von Resonanzumrichtern, in Serien- und Parallelausf\u00fchrung, sowie auch mit dem Gebrauch von MOSFET und IGBT Transistoren. Die F&amp;E-Abteilung hat 75 Kooperationsvertr\u00e4ge mit verschiedenen Universit\u00e4ten und Forschungszentren und dieser Kooperationsplan wird in den folgenden Jahren weitergef\u00fchrt.","breadcrumb":{"@id":"https:\/\/ghinduction.com\/de-de\/innovation\/elektronik-f-e\/#breadcrumb"},"inLanguage":"de-GE","potentialAction":[{"@type":"ReadAction","target":["https:\/\/ghinduction.com\/de-de\/innovation\/elektronik-f-e\/"]}]},{"@type":"BreadcrumbList","@id":"https:\/\/ghinduction.com\/de-de\/innovation\/elektronik-f-e\/#breadcrumb","itemListElement":[{"@type":"ListItem","position":1,"name":"Home","item":"https:\/\/ghinduction.com\/de-de\/"},{"@type":"ListItem","position":2,"name":"Innovation","item":"https:\/\/ghinduction.com\/de-de\/innovation\/"},{"@type":"ListItem","position":3,"name":"Elektronik F&amp;E"}]},{"@type":"WebSite","@id":"https:\/\/ghinduction.com\/de-de\/#website","url":"https:\/\/ghinduction.com\/de-de\/","name":"GH Induction - Experts in Induction Heat Treatment and Induction Heating","description":"GH Induction offers advanced induction heat treatment and heating solutions for various industrial applications. With over 60 years of experience, our innovative systems ensure efficiency and quality across diverse sectors globally.","publisher":{"@id":"https:\/\/ghinduction.com\/de-de\/#organization"},"alternateName":"GH Induction","potentialAction":[{"@type":"SearchAction","target":{"@type":"EntryPoint","urlTemplate":"https:\/\/ghinduction.com\/de-de\/?s={search_term_string}"},"query-input":{"@type":"PropertyValueSpecification","valueRequired":true,"valueName":"search_term_string"}}],"inLanguage":"de-GE"},{"@type":"Organization","@id":"https:\/\/ghinduction.com\/de-de\/#organization","name":"GH Induction - Experts in Induction Heat Treatment and Induction Heating","alternateName":"GH Induction","url":"https:\/\/ghinduction.com\/de-de\/","logo":{"@type":"ImageObject","inLanguage":"de-GE","@id":"https:\/\/ghinduction.com\/de-de\/#\/schema\/logo\/image\/","url":"https:\/\/ghinduction.com\/wp-content\/uploads\/2024\/05\/logo-gh-induction.png","contentUrl":"https:\/\/ghinduction.com\/wp-content\/uploads\/2024\/05\/logo-gh-induction.png","width":225,"height":225,"caption":"GH Induction - Experts in Induction Heat Treatment and Induction Heating"},"image":{"@id":"https:\/\/ghinduction.com\/de-de\/#\/schema\/logo\/image\/"},"sameAs":["https:\/\/www.facebook.com\/ghinductionheating","https:\/\/www.linkedin.com\/company\/gh-induction\/","https:\/\/www.youtube.com\/user\/GhInduction"]}]}},"_links":{"self":[{"href":"https:\/\/ghinduction.com\/de-de\/wp-json\/wp\/v2\/pages\/36471","targetHints":{"allow":["GET"]}}],"collection":[{"href":"https:\/\/ghinduction.com\/de-de\/wp-json\/wp\/v2\/pages"}],"about":[{"href":"https:\/\/ghinduction.com\/de-de\/wp-json\/wp\/v2\/types\/page"}],"author":[{"embeddable":true,"href":"https:\/\/ghinduction.com\/de-de\/wp-json\/wp\/v2\/users\/1"}],"replies":[{"embeddable":true,"href":"https:\/\/ghinduction.com\/de-de\/wp-json\/wp\/v2\/comments?post=36471"}],"version-history":[{"count":3,"href":"https:\/\/ghinduction.com\/de-de\/wp-json\/wp\/v2\/pages\/36471\/revisions"}],"predecessor-version":[{"id":66690,"href":"https:\/\/ghinduction.com\/de-de\/wp-json\/wp\/v2\/pages\/36471\/revisions\/66690"}],"up":[{"embeddable":true,"href":"https:\/\/ghinduction.com\/de-de\/wp-json\/wp\/v2\/pages\/31351"}],"wp:attachment":[{"href":"https:\/\/ghinduction.com\/de-de\/wp-json\/wp\/v2\/media?parent=36471"}],"wp:term":[{"taxonomy":"industry","embeddable":true,"href":"https:\/\/ghinduction.com\/de-de\/wp-json\/wp\/v2\/industry?post=36471"},{"taxonomy":"processes","embeddable":true,"href":"https:\/\/ghinduction.com\/de-de\/wp-json\/wp\/v2\/processes?post=36471"},{"taxonomy":"solutions","embeddable":true,"href":"https:\/\/ghinduction.com\/de-de\/wp-json\/wp\/v2\/solutions?post=36471"}],"curies":[{"name":"wp","href":"https:\/\/api.w.org\/{rel}","templated":true}]}}