{"id":36473,"date":"2023-01-09T09:02:13","date_gmt":"2023-01-09T09:02:13","guid":{"rendered":"https:\/\/ghinduction.com\/innovation\/applikation-f-e\/"},"modified":"2026-02-26T10:58:14","modified_gmt":"2026-02-26T10:58:14","slug":"applikation-f-e","status":"publish","type":"page","link":"https:\/\/ghinduction.com\/de-de\/innovation\/applikation-f-e\/","title":{"rendered":"Applikation F&amp;E"},"content":{"rendered":"","protected":false},"excerpt":{"rendered":"","protected":false},"author":1,"featured_media":0,"parent":31351,"menu_order":17,"comment_status":"closed","ping_status":"closed","template":"","meta":{"_acf_changed":false,"footnotes":""},"industry":[],"processes":[],"solutions":[],"class_list":["post-36473","page","type-page","status-publish","hentry"],"acf":[],"yoast_head":"<!-- This site is optimized with the Yoast SEO plugin v27.3 - https:\/\/yoast.com\/product\/yoast-seo-wordpress\/ -->\n<title>Applikation F&amp;E - GH Induction<\/title>\n<meta name=\"description\" content=\"Seitdem die Forschungs- und Entwicklungsabteilung von GH ELECTROTERMIA, S.A.U (damals als GH INDUSTRIAL S.A. bekannt) 1985 den ersten Transistorgenerator entwickelte, sind viele Anwendungen f\u00fcr den Gebrauch von Induktionserw\u00e4rmungsmethoden gefunden worden. Die M\u00f6glichkeiten wuchsen zu so einem Ausma\u00df, dass 1998 entschieden wurde, die Anwendungen Forschungs- &amp; Entwicklungsabteilung zu schaffen, welche sich lediglich um den Prozess nach dem Ausgangskreislauf k\u00fcmmert, der f\u00fcr jede Anwendung ben\u00f6tigt wird, ohne den Generator zu beachten.\" \/>\n<meta name=\"robots\" content=\"index, follow, max-snippet:-1, max-image-preview:large, max-video-preview:-1\" \/>\n<link rel=\"canonical\" href=\"https:\/\/ghinduction.com\/de-de\/innovation\/applikation-f-e\/\" \/>\n<meta property=\"og:locale\" content=\"de_DE\" \/>\n<meta property=\"og:type\" content=\"article\" \/>\n<meta property=\"og:title\" content=\"Applikation F&amp;E - GH Induction\" \/>\n<meta property=\"og:description\" content=\"Seitdem die Forschungs- und Entwicklungsabteilung von GH ELECTROTERMIA, S.A.U (damals als GH INDUSTRIAL S.A. bekannt) 1985 den ersten Transistorgenerator entwickelte, sind viele Anwendungen f\u00fcr den Gebrauch von Induktionserw\u00e4rmungsmethoden gefunden worden. Die M\u00f6glichkeiten wuchsen zu so einem Ausma\u00df, dass 1998 entschieden wurde, die Anwendungen Forschungs- &amp; Entwicklungsabteilung zu schaffen, welche sich lediglich um den Prozess nach dem Ausgangskreislauf k\u00fcmmert, der f\u00fcr jede Anwendung ben\u00f6tigt wird, ohne den Generator zu beachten.\" \/>\n<meta property=\"og:url\" content=\"https:\/\/ghinduction.com\/de-de\/innovation\/applikation-f-e\/\" \/>\n<meta property=\"og:site_name\" content=\"GH Induction Deutschland\" \/>\n<meta property=\"article:publisher\" content=\"https:\/\/www.facebook.com\/ghinductionheating\" \/>\n<meta property=\"article:modified_time\" content=\"2026-02-26T10:58:14+00:00\" \/>\n<meta name=\"twitter:card\" content=\"summary_large_image\" \/>\n<script type=\"application\/ld+json\" class=\"yoast-schema-graph\">{\"@context\":\"https:\\\/\\\/schema.org\",\"@graph\":[{\"@type\":\"WebPage\",\"@id\":\"https:\\\/\\\/ghinduction.com\\\/de-de\\\/innovation\\\/applikation-f-e\\\/\",\"url\":\"https:\\\/\\\/ghinduction.com\\\/de-de\\\/innovation\\\/applikation-f-e\\\/\",\"name\":\"Applikation F&E - GH Induction\",\"isPartOf\":{\"@id\":\"https:\\\/\\\/ghinduction.com\\\/de-de\\\/#website\"},\"datePublished\":\"2023-01-09T09:02:13+00:00\",\"dateModified\":\"2026-02-26T10:58:14+00:00\",\"description\":\"Seitdem die Forschungs- und Entwicklungsabteilung von GH ELECTROTERMIA, S.A.U (damals als GH INDUSTRIAL S.A. bekannt) 1985 den ersten Transistorgenerator entwickelte, sind viele Anwendungen f\u00fcr den Gebrauch von Induktionserw\u00e4rmungsmethoden gefunden worden. Die M\u00f6glichkeiten wuchsen zu so einem Ausma\u00df, dass 1998 entschieden wurde, die Anwendungen Forschungs- &amp; Entwicklungsabteilung zu schaffen, welche sich lediglich um den Prozess nach dem Ausgangskreislauf k\u00fcmmert, der f\u00fcr jede Anwendung ben\u00f6tigt wird, ohne den Generator zu beachten.\",\"breadcrumb\":{\"@id\":\"https:\\\/\\\/ghinduction.com\\\/de-de\\\/innovation\\\/applikation-f-e\\\/#breadcrumb\"},\"inLanguage\":\"de-GE\",\"potentialAction\":[{\"@type\":\"ReadAction\",\"target\":[\"https:\\\/\\\/ghinduction.com\\\/de-de\\\/innovation\\\/applikation-f-e\\\/\"]}]},{\"@type\":\"BreadcrumbList\",\"@id\":\"https:\\\/\\\/ghinduction.com\\\/de-de\\\/innovation\\\/applikation-f-e\\\/#breadcrumb\",\"itemListElement\":[{\"@type\":\"ListItem\",\"position\":1,\"name\":\"Home\",\"item\":\"https:\\\/\\\/ghinduction.com\\\/de-de\\\/\"},{\"@type\":\"ListItem\",\"position\":2,\"name\":\"Innovation\",\"item\":\"https:\\\/\\\/ghinduction.com\\\/de-de\\\/innovation\\\/\"},{\"@type\":\"ListItem\",\"position\":3,\"name\":\"Applikation F&amp;E\"}]},{\"@type\":\"WebSite\",\"@id\":\"https:\\\/\\\/ghinduction.com\\\/de-de\\\/#website\",\"url\":\"https:\\\/\\\/ghinduction.com\\\/de-de\\\/\",\"name\":\"GH Induction - Experts in Induction Heat Treatment and Induction Heating\",\"description\":\"GH Induction offers advanced induction heat treatment and heating solutions for various industrial applications. With over 60 years of experience, our innovative systems ensure efficiency and quality across diverse sectors globally.\",\"publisher\":{\"@id\":\"https:\\\/\\\/ghinduction.com\\\/de-de\\\/#organization\"},\"alternateName\":\"GH Induction\",\"potentialAction\":[{\"@type\":\"SearchAction\",\"target\":{\"@type\":\"EntryPoint\",\"urlTemplate\":\"https:\\\/\\\/ghinduction.com\\\/de-de\\\/?s={search_term_string}\"},\"query-input\":{\"@type\":\"PropertyValueSpecification\",\"valueRequired\":true,\"valueName\":\"search_term_string\"}}],\"inLanguage\":\"de-GE\"},{\"@type\":\"Organization\",\"@id\":\"https:\\\/\\\/ghinduction.com\\\/de-de\\\/#organization\",\"name\":\"GH Induction - Experts in Induction Heat Treatment and Induction Heating\",\"alternateName\":\"GH Induction\",\"url\":\"https:\\\/\\\/ghinduction.com\\\/de-de\\\/\",\"logo\":{\"@type\":\"ImageObject\",\"inLanguage\":\"de-GE\",\"@id\":\"https:\\\/\\\/ghinduction.com\\\/de-de\\\/#\\\/schema\\\/logo\\\/image\\\/\",\"url\":\"https:\\\/\\\/ghinduction.com\\\/wp-content\\\/uploads\\\/2024\\\/05\\\/logo-gh-induction.png\",\"contentUrl\":\"https:\\\/\\\/ghinduction.com\\\/wp-content\\\/uploads\\\/2024\\\/05\\\/logo-gh-induction.png\",\"width\":225,\"height\":225,\"caption\":\"GH Induction - Experts in Induction Heat Treatment and Induction Heating\"},\"image\":{\"@id\":\"https:\\\/\\\/ghinduction.com\\\/de-de\\\/#\\\/schema\\\/logo\\\/image\\\/\"},\"sameAs\":[\"https:\\\/\\\/www.facebook.com\\\/ghinductionheating\",\"https:\\\/\\\/www.linkedin.com\\\/company\\\/gh-induction\\\/\",\"https:\\\/\\\/www.youtube.com\\\/user\\\/GhInduction\"]}]}<\/script>\n<!-- \/ Yoast SEO plugin. -->","yoast_head_json":{"title":"Applikation F&E - GH Induction","description":"Seitdem die Forschungs- und Entwicklungsabteilung von GH ELECTROTERMIA, S.A.U (damals als GH INDUSTRIAL S.A. bekannt) 1985 den ersten Transistorgenerator entwickelte, sind viele Anwendungen f\u00fcr den Gebrauch von Induktionserw\u00e4rmungsmethoden gefunden worden. Die M\u00f6glichkeiten wuchsen zu so einem Ausma\u00df, dass 1998 entschieden wurde, die Anwendungen Forschungs- &amp; Entwicklungsabteilung zu schaffen, welche sich lediglich um den Prozess nach dem Ausgangskreislauf k\u00fcmmert, der f\u00fcr jede Anwendung ben\u00f6tigt wird, ohne den Generator zu beachten.","robots":{"index":"index","follow":"follow","max-snippet":"max-snippet:-1","max-image-preview":"max-image-preview:large","max-video-preview":"max-video-preview:-1"},"canonical":"https:\/\/ghinduction.com\/de-de\/innovation\/applikation-f-e\/","og_locale":"de_DE","og_type":"article","og_title":"Applikation F&E - GH Induction","og_description":"Seitdem die Forschungs- und Entwicklungsabteilung von GH ELECTROTERMIA, S.A.U (damals als GH INDUSTRIAL S.A. bekannt) 1985 den ersten Transistorgenerator entwickelte, sind viele Anwendungen f\u00fcr den Gebrauch von Induktionserw\u00e4rmungsmethoden gefunden worden. Die M\u00f6glichkeiten wuchsen zu so einem Ausma\u00df, dass 1998 entschieden wurde, die Anwendungen Forschungs- &amp; Entwicklungsabteilung zu schaffen, welche sich lediglich um den Prozess nach dem Ausgangskreislauf k\u00fcmmert, der f\u00fcr jede Anwendung ben\u00f6tigt wird, ohne den Generator zu beachten.","og_url":"https:\/\/ghinduction.com\/de-de\/innovation\/applikation-f-e\/","og_site_name":"GH Induction Deutschland","article_publisher":"https:\/\/www.facebook.com\/ghinductionheating","article_modified_time":"2026-02-26T10:58:14+00:00","twitter_card":"summary_large_image","schema":{"@context":"https:\/\/schema.org","@graph":[{"@type":"WebPage","@id":"https:\/\/ghinduction.com\/de-de\/innovation\/applikation-f-e\/","url":"https:\/\/ghinduction.com\/de-de\/innovation\/applikation-f-e\/","name":"Applikation F&E - GH Induction","isPartOf":{"@id":"https:\/\/ghinduction.com\/de-de\/#website"},"datePublished":"2023-01-09T09:02:13+00:00","dateModified":"2026-02-26T10:58:14+00:00","description":"Seitdem die Forschungs- und Entwicklungsabteilung von GH ELECTROTERMIA, S.A.U (damals als GH INDUSTRIAL S.A. bekannt) 1985 den ersten Transistorgenerator entwickelte, sind viele Anwendungen f\u00fcr den Gebrauch von Induktionserw\u00e4rmungsmethoden gefunden worden. Die M\u00f6glichkeiten wuchsen zu so einem Ausma\u00df, dass 1998 entschieden wurde, die Anwendungen Forschungs- &amp; Entwicklungsabteilung zu schaffen, welche sich lediglich um den Prozess nach dem Ausgangskreislauf k\u00fcmmert, der f\u00fcr jede Anwendung ben\u00f6tigt wird, ohne den Generator zu beachten.","breadcrumb":{"@id":"https:\/\/ghinduction.com\/de-de\/innovation\/applikation-f-e\/#breadcrumb"},"inLanguage":"de-GE","potentialAction":[{"@type":"ReadAction","target":["https:\/\/ghinduction.com\/de-de\/innovation\/applikation-f-e\/"]}]},{"@type":"BreadcrumbList","@id":"https:\/\/ghinduction.com\/de-de\/innovation\/applikation-f-e\/#breadcrumb","itemListElement":[{"@type":"ListItem","position":1,"name":"Home","item":"https:\/\/ghinduction.com\/de-de\/"},{"@type":"ListItem","position":2,"name":"Innovation","item":"https:\/\/ghinduction.com\/de-de\/innovation\/"},{"@type":"ListItem","position":3,"name":"Applikation F&amp;E"}]},{"@type":"WebSite","@id":"https:\/\/ghinduction.com\/de-de\/#website","url":"https:\/\/ghinduction.com\/de-de\/","name":"GH Induction - Experts in Induction Heat Treatment and Induction Heating","description":"GH Induction offers advanced induction heat treatment and heating solutions for various industrial applications. With over 60 years of experience, our innovative systems ensure efficiency and quality across diverse sectors globally.","publisher":{"@id":"https:\/\/ghinduction.com\/de-de\/#organization"},"alternateName":"GH Induction","potentialAction":[{"@type":"SearchAction","target":{"@type":"EntryPoint","urlTemplate":"https:\/\/ghinduction.com\/de-de\/?s={search_term_string}"},"query-input":{"@type":"PropertyValueSpecification","valueRequired":true,"valueName":"search_term_string"}}],"inLanguage":"de-GE"},{"@type":"Organization","@id":"https:\/\/ghinduction.com\/de-de\/#organization","name":"GH Induction - Experts in Induction Heat Treatment and Induction Heating","alternateName":"GH Induction","url":"https:\/\/ghinduction.com\/de-de\/","logo":{"@type":"ImageObject","inLanguage":"de-GE","@id":"https:\/\/ghinduction.com\/de-de\/#\/schema\/logo\/image\/","url":"https:\/\/ghinduction.com\/wp-content\/uploads\/2024\/05\/logo-gh-induction.png","contentUrl":"https:\/\/ghinduction.com\/wp-content\/uploads\/2024\/05\/logo-gh-induction.png","width":225,"height":225,"caption":"GH Induction - Experts in Induction Heat Treatment and Induction Heating"},"image":{"@id":"https:\/\/ghinduction.com\/de-de\/#\/schema\/logo\/image\/"},"sameAs":["https:\/\/www.facebook.com\/ghinductionheating","https:\/\/www.linkedin.com\/company\/gh-induction\/","https:\/\/www.youtube.com\/user\/GhInduction"]}]}},"_links":{"self":[{"href":"https:\/\/ghinduction.com\/de-de\/wp-json\/wp\/v2\/pages\/36473","targetHints":{"allow":["GET"]}}],"collection":[{"href":"https:\/\/ghinduction.com\/de-de\/wp-json\/wp\/v2\/pages"}],"about":[{"href":"https:\/\/ghinduction.com\/de-de\/wp-json\/wp\/v2\/types\/page"}],"author":[{"embeddable":true,"href":"https:\/\/ghinduction.com\/de-de\/wp-json\/wp\/v2\/users\/1"}],"replies":[{"embeddable":true,"href":"https:\/\/ghinduction.com\/de-de\/wp-json\/wp\/v2\/comments?post=36473"}],"version-history":[{"count":3,"href":"https:\/\/ghinduction.com\/de-de\/wp-json\/wp\/v2\/pages\/36473\/revisions"}],"predecessor-version":[{"id":66093,"href":"https:\/\/ghinduction.com\/de-de\/wp-json\/wp\/v2\/pages\/36473\/revisions\/66093"}],"up":[{"embeddable":true,"href":"https:\/\/ghinduction.com\/de-de\/wp-json\/wp\/v2\/pages\/31351"}],"wp:attachment":[{"href":"https:\/\/ghinduction.com\/de-de\/wp-json\/wp\/v2\/media?parent=36473"}],"wp:term":[{"taxonomy":"industry","embeddable":true,"href":"https:\/\/ghinduction.com\/de-de\/wp-json\/wp\/v2\/industry?post=36473"},{"taxonomy":"processes","embeddable":true,"href":"https:\/\/ghinduction.com\/de-de\/wp-json\/wp\/v2\/processes?post=36473"},{"taxonomy":"solutions","embeddable":true,"href":"https:\/\/ghinduction.com\/de-de\/wp-json\/wp\/v2\/solutions?post=36473"}],"curies":[{"name":"wp","href":"https:\/\/api.w.org\/{rel}","templated":true}]}}