{"id":64016,"date":"2025-01-21T13:21:59","date_gmt":"2025-01-21T13:21:59","guid":{"rendered":"https:\/\/ghinduction.com\/produkte-dienstleistungen\/induktive-erwaermungssysteme\/inkompac\/"},"modified":"2026-02-25T13:03:03","modified_gmt":"2026-02-25T13:03:03","slug":"inkompac","status":"publish","type":"page","link":"https:\/\/ghinduction.com\/de-de\/produkte-dienstleistungen\/induktive-erwaermungssysteme\/inkompac\/","title":{"rendered":"inKompac Induktionsgeneratoren"},"content":{"rendered":"","protected":false},"excerpt":{"rendered":"","protected":false},"author":4,"featured_media":0,"parent":36347,"menu_order":0,"comment_status":"closed","ping_status":"closed","template":"","meta":{"_acf_changed":false,"footnotes":""},"industry":[],"processes":[814,959,1440],"solutions":[],"class_list":["post-64016","page","type-page","status-publish","hentry","processes-haerten","processes-hartloeten","processes-schrumpfen"],"acf":[],"yoast_head":"<!-- This site is optimized with the Yoast SEO plugin v27.3 - https:\/\/yoast.com\/product\/yoast-seo-wordpress\/ -->\n<title>inKompac, die flexibelste und kompakteste Ausr\u00fcstung f\u00fcr induktive Erw\u00e4rmungsanwendungen. Einzigartig auf dem Markt - GH Induction<\/title>\n<meta name=\"description\" content=\"Der inKompac Generator ist die flexibelste L\u00f6sung in kompakter Gr\u00f6\u00dfe f\u00fcr Ihre induktiven Erw\u00e4rmungsprozesse. L\u00f6ten, H\u00e4rten, Schrumpfen und vieles mehr. Flexibel, effizient und auf Ihre Bed\u00fcrfnisse zugeschnitten. Bis zu 100 kW und 4 gleichzeitige Leistungsausg\u00e4nge in einem kompakten Generator.\" \/>\n<meta name=\"robots\" content=\"index, follow, max-snippet:-1, max-image-preview:large, max-video-preview:-1\" \/>\n<link rel=\"canonical\" href=\"https:\/\/ghinduction.com\/de-de\/produkte-dienstleistungen\/induktive-erwaermungssysteme\/inkompac\/\" \/>\n<meta property=\"og:locale\" content=\"de_DE\" \/>\n<meta property=\"og:type\" content=\"article\" \/>\n<meta property=\"og:title\" content=\"inKompac, die flexibelste und kompakteste Ausr\u00fcstung f\u00fcr induktive Erw\u00e4rmungsanwendungen. Einzigartig auf dem Markt - GH Induction\" \/>\n<meta property=\"og:description\" content=\"Der inKompac Generator ist die flexibelste L\u00f6sung in kompakter Gr\u00f6\u00dfe f\u00fcr Ihre induktiven Erw\u00e4rmungsprozesse. L\u00f6ten, H\u00e4rten, Schrumpfen und vieles mehr. Flexibel, effizient und auf Ihre Bed\u00fcrfnisse zugeschnitten. Bis zu 100 kW und 4 gleichzeitige Leistungsausg\u00e4nge in einem kompakten Generator.\" \/>\n<meta property=\"og:url\" content=\"https:\/\/ghinduction.com\/de-de\/produkte-dienstleistungen\/induktive-erwaermungssysteme\/inkompac\/\" \/>\n<meta property=\"og:site_name\" content=\"GH Induction Deutschland\" \/>\n<meta property=\"article:publisher\" content=\"https:\/\/www.facebook.com\/ghinductionheating\" \/>\n<meta property=\"article:modified_time\" content=\"2026-02-25T13:03:03+00:00\" \/>\n<meta name=\"twitter:card\" content=\"summary_large_image\" \/>\n<script type=\"application\/ld+json\" class=\"yoast-schema-graph\">{\"@context\":\"https:\\\/\\\/schema.org\",\"@graph\":[{\"@type\":\"WebPage\",\"@id\":\"https:\\\/\\\/ghinduction.com\\\/de-de\\\/produkte-dienstleistungen\\\/induktive-erwaermungssysteme\\\/inkompac\\\/\",\"url\":\"https:\\\/\\\/ghinduction.com\\\/de-de\\\/produkte-dienstleistungen\\\/induktive-erwaermungssysteme\\\/inkompac\\\/\",\"name\":\"inKompac, die flexibelste und kompakteste Ausr\u00fcstung f\u00fcr induktive Erw\u00e4rmungsanwendungen. Einzigartig auf dem Markt - GH Induction\",\"isPartOf\":{\"@id\":\"https:\\\/\\\/ghinduction.com\\\/de-de\\\/#website\"},\"datePublished\":\"2025-01-21T13:21:59+00:00\",\"dateModified\":\"2026-02-25T13:03:03+00:00\",\"description\":\"Der inKompac Generator ist die flexibelste L\u00f6sung in kompakter Gr\u00f6\u00dfe f\u00fcr Ihre induktiven Erw\u00e4rmungsprozesse. L\u00f6ten, H\u00e4rten, Schrumpfen und vieles mehr. Flexibel, effizient und auf Ihre Bed\u00fcrfnisse zugeschnitten. Bis zu 100 kW und 4 gleichzeitige Leistungsausg\u00e4nge in einem kompakten Generator.\",\"breadcrumb\":{\"@id\":\"https:\\\/\\\/ghinduction.com\\\/de-de\\\/produkte-dienstleistungen\\\/induktive-erwaermungssysteme\\\/inkompac\\\/#breadcrumb\"},\"inLanguage\":\"de-GE\",\"potentialAction\":[{\"@type\":\"ReadAction\",\"target\":[\"https:\\\/\\\/ghinduction.com\\\/de-de\\\/produkte-dienstleistungen\\\/induktive-erwaermungssysteme\\\/inkompac\\\/\"]}]},{\"@type\":\"BreadcrumbList\",\"@id\":\"https:\\\/\\\/ghinduction.com\\\/de-de\\\/produkte-dienstleistungen\\\/induktive-erwaermungssysteme\\\/inkompac\\\/#breadcrumb\",\"itemListElement\":[{\"@type\":\"ListItem\",\"position\":1,\"name\":\"Home\",\"item\":\"https:\\\/\\\/ghinduction.com\\\/de-de\\\/\"},{\"@type\":\"ListItem\",\"position\":2,\"name\":\"Produkte &amp; Dienstleistungen\",\"item\":\"https:\\\/\\\/ghinduction.com\\\/de-de\\\/produkte-dienstleistungen\\\/\"},{\"@type\":\"ListItem\",\"position\":3,\"name\":\"Induktive Erw\u00e4rmungssysteme\",\"item\":\"https:\\\/\\\/ghinduction.com\\\/de-de\\\/produkte-dienstleistungen\\\/induktive-erwaermungssysteme\\\/\"},{\"@type\":\"ListItem\",\"position\":4,\"name\":\"inKompac Induktionsgeneratoren\"}]},{\"@type\":\"WebSite\",\"@id\":\"https:\\\/\\\/ghinduction.com\\\/de-de\\\/#website\",\"url\":\"https:\\\/\\\/ghinduction.com\\\/de-de\\\/\",\"name\":\"GH Induction - Experts in Induction Heat Treatment and Induction Heating\",\"description\":\"GH Induction offers advanced induction heat treatment and heating solutions for various industrial applications. With over 60 years of experience, our innovative systems ensure efficiency and quality across diverse sectors globally.\",\"publisher\":{\"@id\":\"https:\\\/\\\/ghinduction.com\\\/de-de\\\/#organization\"},\"alternateName\":\"GH Induction\",\"potentialAction\":[{\"@type\":\"SearchAction\",\"target\":{\"@type\":\"EntryPoint\",\"urlTemplate\":\"https:\\\/\\\/ghinduction.com\\\/de-de\\\/?s={search_term_string}\"},\"query-input\":{\"@type\":\"PropertyValueSpecification\",\"valueRequired\":true,\"valueName\":\"search_term_string\"}}],\"inLanguage\":\"de-GE\"},{\"@type\":\"Organization\",\"@id\":\"https:\\\/\\\/ghinduction.com\\\/de-de\\\/#organization\",\"name\":\"GH Induction - Experts in Induction Heat Treatment and Induction Heating\",\"alternateName\":\"GH Induction\",\"url\":\"https:\\\/\\\/ghinduction.com\\\/de-de\\\/\",\"logo\":{\"@type\":\"ImageObject\",\"inLanguage\":\"de-GE\",\"@id\":\"https:\\\/\\\/ghinduction.com\\\/de-de\\\/#\\\/schema\\\/logo\\\/image\\\/\",\"url\":\"https:\\\/\\\/ghinduction.com\\\/wp-content\\\/uploads\\\/2024\\\/05\\\/logo-gh-induction.png\",\"contentUrl\":\"https:\\\/\\\/ghinduction.com\\\/wp-content\\\/uploads\\\/2024\\\/05\\\/logo-gh-induction.png\",\"width\":225,\"height\":225,\"caption\":\"GH Induction - Experts in Induction Heat Treatment and Induction Heating\"},\"image\":{\"@id\":\"https:\\\/\\\/ghinduction.com\\\/de-de\\\/#\\\/schema\\\/logo\\\/image\\\/\"},\"sameAs\":[\"https:\\\/\\\/www.facebook.com\\\/ghinductionheating\",\"https:\\\/\\\/www.linkedin.com\\\/company\\\/gh-induction\\\/\",\"https:\\\/\\\/www.youtube.com\\\/user\\\/GhInduction\"]}]}<\/script>\n<!-- \/ Yoast SEO plugin. -->","yoast_head_json":{"title":"inKompac, die flexibelste und kompakteste Ausr\u00fcstung f\u00fcr induktive Erw\u00e4rmungsanwendungen. Einzigartig auf dem Markt - GH Induction","description":"Der inKompac Generator ist die flexibelste L\u00f6sung in kompakter Gr\u00f6\u00dfe f\u00fcr Ihre induktiven Erw\u00e4rmungsprozesse. L\u00f6ten, H\u00e4rten, Schrumpfen und vieles mehr. Flexibel, effizient und auf Ihre Bed\u00fcrfnisse zugeschnitten. Bis zu 100 kW und 4 gleichzeitige Leistungsausg\u00e4nge in einem kompakten Generator.","robots":{"index":"index","follow":"follow","max-snippet":"max-snippet:-1","max-image-preview":"max-image-preview:large","max-video-preview":"max-video-preview:-1"},"canonical":"https:\/\/ghinduction.com\/de-de\/produkte-dienstleistungen\/induktive-erwaermungssysteme\/inkompac\/","og_locale":"de_DE","og_type":"article","og_title":"inKompac, die flexibelste und kompakteste Ausr\u00fcstung f\u00fcr induktive Erw\u00e4rmungsanwendungen. Einzigartig auf dem Markt - GH Induction","og_description":"Der inKompac Generator ist die flexibelste L\u00f6sung in kompakter Gr\u00f6\u00dfe f\u00fcr Ihre induktiven Erw\u00e4rmungsprozesse. L\u00f6ten, H\u00e4rten, Schrumpfen und vieles mehr. Flexibel, effizient und auf Ihre Bed\u00fcrfnisse zugeschnitten. Bis zu 100 kW und 4 gleichzeitige Leistungsausg\u00e4nge in einem kompakten Generator.","og_url":"https:\/\/ghinduction.com\/de-de\/produkte-dienstleistungen\/induktive-erwaermungssysteme\/inkompac\/","og_site_name":"GH Induction Deutschland","article_publisher":"https:\/\/www.facebook.com\/ghinductionheating","article_modified_time":"2026-02-25T13:03:03+00:00","twitter_card":"summary_large_image","schema":{"@context":"https:\/\/schema.org","@graph":[{"@type":"WebPage","@id":"https:\/\/ghinduction.com\/de-de\/produkte-dienstleistungen\/induktive-erwaermungssysteme\/inkompac\/","url":"https:\/\/ghinduction.com\/de-de\/produkte-dienstleistungen\/induktive-erwaermungssysteme\/inkompac\/","name":"inKompac, die flexibelste und kompakteste Ausr\u00fcstung f\u00fcr induktive Erw\u00e4rmungsanwendungen. Einzigartig auf dem Markt - GH Induction","isPartOf":{"@id":"https:\/\/ghinduction.com\/de-de\/#website"},"datePublished":"2025-01-21T13:21:59+00:00","dateModified":"2026-02-25T13:03:03+00:00","description":"Der inKompac Generator ist die flexibelste L\u00f6sung in kompakter Gr\u00f6\u00dfe f\u00fcr Ihre induktiven Erw\u00e4rmungsprozesse. L\u00f6ten, H\u00e4rten, Schrumpfen und vieles mehr. Flexibel, effizient und auf Ihre Bed\u00fcrfnisse zugeschnitten. Bis zu 100 kW und 4 gleichzeitige Leistungsausg\u00e4nge in einem kompakten Generator.","breadcrumb":{"@id":"https:\/\/ghinduction.com\/de-de\/produkte-dienstleistungen\/induktive-erwaermungssysteme\/inkompac\/#breadcrumb"},"inLanguage":"de-GE","potentialAction":[{"@type":"ReadAction","target":["https:\/\/ghinduction.com\/de-de\/produkte-dienstleistungen\/induktive-erwaermungssysteme\/inkompac\/"]}]},{"@type":"BreadcrumbList","@id":"https:\/\/ghinduction.com\/de-de\/produkte-dienstleistungen\/induktive-erwaermungssysteme\/inkompac\/#breadcrumb","itemListElement":[{"@type":"ListItem","position":1,"name":"Home","item":"https:\/\/ghinduction.com\/de-de\/"},{"@type":"ListItem","position":2,"name":"Produkte &amp; Dienstleistungen","item":"https:\/\/ghinduction.com\/de-de\/produkte-dienstleistungen\/"},{"@type":"ListItem","position":3,"name":"Induktive Erw\u00e4rmungssysteme","item":"https:\/\/ghinduction.com\/de-de\/produkte-dienstleistungen\/induktive-erwaermungssysteme\/"},{"@type":"ListItem","position":4,"name":"inKompac Induktionsgeneratoren"}]},{"@type":"WebSite","@id":"https:\/\/ghinduction.com\/de-de\/#website","url":"https:\/\/ghinduction.com\/de-de\/","name":"GH Induction - Experts in Induction Heat Treatment and Induction Heating","description":"GH Induction offers advanced induction heat treatment and heating solutions for various industrial applications. With over 60 years of experience, our innovative systems ensure efficiency and quality across diverse sectors globally.","publisher":{"@id":"https:\/\/ghinduction.com\/de-de\/#organization"},"alternateName":"GH Induction","potentialAction":[{"@type":"SearchAction","target":{"@type":"EntryPoint","urlTemplate":"https:\/\/ghinduction.com\/de-de\/?s={search_term_string}"},"query-input":{"@type":"PropertyValueSpecification","valueRequired":true,"valueName":"search_term_string"}}],"inLanguage":"de-GE"},{"@type":"Organization","@id":"https:\/\/ghinduction.com\/de-de\/#organization","name":"GH Induction - Experts in Induction Heat Treatment and Induction Heating","alternateName":"GH Induction","url":"https:\/\/ghinduction.com\/de-de\/","logo":{"@type":"ImageObject","inLanguage":"de-GE","@id":"https:\/\/ghinduction.com\/de-de\/#\/schema\/logo\/image\/","url":"https:\/\/ghinduction.com\/wp-content\/uploads\/2024\/05\/logo-gh-induction.png","contentUrl":"https:\/\/ghinduction.com\/wp-content\/uploads\/2024\/05\/logo-gh-induction.png","width":225,"height":225,"caption":"GH Induction - Experts in Induction Heat Treatment and Induction Heating"},"image":{"@id":"https:\/\/ghinduction.com\/de-de\/#\/schema\/logo\/image\/"},"sameAs":["https:\/\/www.facebook.com\/ghinductionheating","https:\/\/www.linkedin.com\/company\/gh-induction\/","https:\/\/www.youtube.com\/user\/GhInduction"]}]}},"_links":{"self":[{"href":"https:\/\/ghinduction.com\/de-de\/wp-json\/wp\/v2\/pages\/64016","targetHints":{"allow":["GET"]}}],"collection":[{"href":"https:\/\/ghinduction.com\/de-de\/wp-json\/wp\/v2\/pages"}],"about":[{"href":"https:\/\/ghinduction.com\/de-de\/wp-json\/wp\/v2\/types\/page"}],"author":[{"embeddable":true,"href":"https:\/\/ghinduction.com\/de-de\/wp-json\/wp\/v2\/users\/4"}],"replies":[{"embeddable":true,"href":"https:\/\/ghinduction.com\/de-de\/wp-json\/wp\/v2\/comments?post=64016"}],"version-history":[{"count":6,"href":"https:\/\/ghinduction.com\/de-de\/wp-json\/wp\/v2\/pages\/64016\/revisions"}],"predecessor-version":[{"id":65238,"href":"https:\/\/ghinduction.com\/de-de\/wp-json\/wp\/v2\/pages\/64016\/revisions\/65238"}],"up":[{"embeddable":true,"href":"https:\/\/ghinduction.com\/de-de\/wp-json\/wp\/v2\/pages\/36347"}],"wp:attachment":[{"href":"https:\/\/ghinduction.com\/de-de\/wp-json\/wp\/v2\/media?parent=64016"}],"wp:term":[{"taxonomy":"industry","embeddable":true,"href":"https:\/\/ghinduction.com\/de-de\/wp-json\/wp\/v2\/industry?post=64016"},{"taxonomy":"processes","embeddable":true,"href":"https:\/\/ghinduction.com\/de-de\/wp-json\/wp\/v2\/processes?post=64016"},{"taxonomy":"solutions","embeddable":true,"href":"https:\/\/ghinduction.com\/de-de\/wp-json\/wp\/v2\/solutions?post=64016"}],"curies":[{"name":"wp","href":"https:\/\/api.w.org\/{rel}","templated":true}]}}