{"id":67946,"date":"2023-01-09T09:02:22","date_gmt":"2023-01-09T09:02:22","guid":{"rendered":"https:\/\/ghinduction.com\/?page_id=67946"},"modified":"2026-04-30T07:02:09","modified_gmt":"2026-04-30T07:02:09","slug":"gr-ne-heizung","status":"publish","type":"page","link":"https:\/\/ghinduction.com\/de-de\/losungen\/prozesse\/gr-ne-heizung\/","title":{"rendered":"Gr\u00fcne Heizung"},"content":{"rendered":"","protected":false},"excerpt":{"rendered":"","protected":false},"author":32,"featured_media":31546,"parent":24487,"menu_order":29,"comment_status":"closed","ping_status":"closed","template":"","meta":{"_acf_changed":false,"footnotes":""},"industry":[],"processes":[],"solutions":[],"class_list":["post-67946","page","type-page","status-publish","has-post-thumbnail","hentry"],"acf":[],"yoast_head":"<!-- This site is optimized with the Yoast SEO plugin v27.3 - https:\/\/yoast.com\/product\/yoast-seo-wordpress\/ -->\n<title>Induktionserw\u00e4rmung f\u00fcr umweltfreundliche Prozesse - GH Induction<\/title>\n<meta name=\"description\" content=\"Die elektromagnetische Induktionstechnologie zur Metallerw\u00e4rmung bietet eine einzigartige M\u00f6glichkeit f\u00fcr alle, die ihre Prozesse umweltfreundlicher und effizienter gestalten m\u00f6chten. GH Induction bietet Heizsimulationen, ein Testlabor, Erfahrung und innovative L\u00f6sungen, um die Ergebnisse zu erzielen, die Sie in Ihrer Produktion auf die nachhaltigste Weise ben\u00f6tigen. Wir laden Sie ein, die Machbarkeit der Integration dieser Technologie in Ihren industriellen Prozess sorgf\u00e4ltig zu pr\u00fcfen. Auf diese Weise k\u00f6nnen Sie sich in Richtung einer gr\u00fcneren Zukunft bewegen, Ihre Umweltbelastung reduzieren und die Effizienz Ihrer Abl\u00e4ufe verbessern.\" \/>\n<meta name=\"robots\" content=\"index, follow, max-snippet:-1, max-image-preview:large, max-video-preview:-1\" \/>\n<link rel=\"canonical\" href=\"https:\/\/ghinduction.com\/de-de\/losungen\/prozesse\/gr-ne-heizung\/\" \/>\n<meta property=\"og:locale\" content=\"de_DE\" \/>\n<meta property=\"og:type\" content=\"article\" \/>\n<meta property=\"og:title\" content=\"Induktionserw\u00e4rmung f\u00fcr umweltfreundliche Prozesse - GH Induction\" \/>\n<meta property=\"og:description\" content=\"Die elektromagnetische Induktionstechnologie zur Metallerw\u00e4rmung bietet eine einzigartige M\u00f6glichkeit f\u00fcr alle, die ihre Prozesse umweltfreundlicher und effizienter gestalten m\u00f6chten. GH Induction bietet Heizsimulationen, ein Testlabor, Erfahrung und innovative L\u00f6sungen, um die Ergebnisse zu erzielen, die Sie in Ihrer Produktion auf die nachhaltigste Weise ben\u00f6tigen. Wir laden Sie ein, die Machbarkeit der Integration dieser Technologie in Ihren industriellen Prozess sorgf\u00e4ltig zu pr\u00fcfen. Auf diese Weise k\u00f6nnen Sie sich in Richtung einer gr\u00fcneren Zukunft bewegen, Ihre Umweltbelastung reduzieren und die Effizienz Ihrer Abl\u00e4ufe verbessern.\" \/>\n<meta property=\"og:url\" content=\"https:\/\/ghinduction.com\/de-de\/losungen\/prozesse\/gr-ne-heizung\/\" \/>\n<meta property=\"og:site_name\" content=\"GH Induction Deutschland\" \/>\n<meta property=\"article:publisher\" content=\"https:\/\/www.facebook.com\/ghinductionheating\" \/>\n<meta property=\"article:modified_time\" content=\"2026-04-30T07:02:09+00:00\" \/>\n<meta property=\"og:image\" content=\"https:\/\/ghinduction.com\/wp-content\/uploads\/2024\/02\/banner-calentamiento-verde.png\" \/>\n\t<meta property=\"og:image:width\" content=\"1920\" \/>\n\t<meta property=\"og:image:height\" content=\"1127\" \/>\n\t<meta property=\"og:image:type\" content=\"image\/png\" \/>\n<meta name=\"twitter:card\" content=\"summary_large_image\" \/>\n<meta name=\"twitter:label1\" content=\"Est. reading time\" \/>\n\t<meta name=\"twitter:data1\" content=\"1 minute\" \/>\n<script type=\"application\/ld+json\" class=\"yoast-schema-graph\">{\"@context\":\"https:\\\/\\\/schema.org\",\"@graph\":[{\"@type\":\"WebPage\",\"@id\":\"https:\\\/\\\/ghinduction.com\\\/de-de\\\/losungen\\\/prozesse\\\/gr-ne-heizung\\\/\",\"url\":\"https:\\\/\\\/ghinduction.com\\\/de-de\\\/losungen\\\/prozesse\\\/gr-ne-heizung\\\/\",\"name\":\"Induktionserw\u00e4rmung f\u00fcr umweltfreundliche Prozesse - GH Induction\",\"isPartOf\":{\"@id\":\"https:\\\/\\\/ghinduction.com\\\/de-de\\\/#website\"},\"primaryImageOfPage\":{\"@id\":\"https:\\\/\\\/ghinduction.com\\\/de-de\\\/losungen\\\/prozesse\\\/gr-ne-heizung\\\/#primaryimage\"},\"image\":{\"@id\":\"https:\\\/\\\/ghinduction.com\\\/de-de\\\/losungen\\\/prozesse\\\/gr-ne-heizung\\\/#primaryimage\"},\"thumbnailUrl\":\"https:\\\/\\\/ghinduction.com\\\/wp-content\\\/uploads\\\/2024\\\/02\\\/banner-calentamiento-verde.png\",\"datePublished\":\"2023-01-09T09:02:22+00:00\",\"dateModified\":\"2026-04-30T07:02:09+00:00\",\"description\":\"Die elektromagnetische Induktionstechnologie zur Metallerw\u00e4rmung bietet eine einzigartige M\u00f6glichkeit f\u00fcr alle, die ihre Prozesse umweltfreundlicher und effizienter gestalten m\u00f6chten. GH Induction bietet Heizsimulationen, ein Testlabor, Erfahrung und innovative L\u00f6sungen, um die Ergebnisse zu erzielen, die Sie in Ihrer Produktion auf die nachhaltigste Weise ben\u00f6tigen. Wir laden Sie ein, die Machbarkeit der Integration dieser Technologie in Ihren industriellen Prozess sorgf\u00e4ltig zu pr\u00fcfen. Auf diese Weise k\u00f6nnen Sie sich in Richtung einer gr\u00fcneren Zukunft bewegen, Ihre Umweltbelastung reduzieren und die Effizienz Ihrer Abl\u00e4ufe verbessern.\",\"breadcrumb\":{\"@id\":\"https:\\\/\\\/ghinduction.com\\\/de-de\\\/losungen\\\/prozesse\\\/gr-ne-heizung\\\/#breadcrumb\"},\"inLanguage\":\"de-GE\",\"potentialAction\":[{\"@type\":\"ReadAction\",\"target\":[\"https:\\\/\\\/ghinduction.com\\\/de-de\\\/losungen\\\/prozesse\\\/gr-ne-heizung\\\/\"]}]},{\"@type\":\"ImageObject\",\"inLanguage\":\"de-GE\",\"@id\":\"https:\\\/\\\/ghinduction.com\\\/de-de\\\/losungen\\\/prozesse\\\/gr-ne-heizung\\\/#primaryimage\",\"url\":\"https:\\\/\\\/ghinduction.com\\\/wp-content\\\/uploads\\\/2024\\\/02\\\/banner-calentamiento-verde.png\",\"contentUrl\":\"https:\\\/\\\/ghinduction.com\\\/wp-content\\\/uploads\\\/2024\\\/02\\\/banner-calentamiento-verde.png\",\"width\":1920,\"height\":1127,\"caption\":\"Green heating processes\"},{\"@type\":\"BreadcrumbList\",\"@id\":\"https:\\\/\\\/ghinduction.com\\\/de-de\\\/losungen\\\/prozesse\\\/gr-ne-heizung\\\/#breadcrumb\",\"itemListElement\":[{\"@type\":\"ListItem\",\"position\":1,\"name\":\"Home\",\"item\":\"https:\\\/\\\/ghinduction.com\\\/de-de\\\/\"},{\"@type\":\"ListItem\",\"position\":2,\"name\":\"L\u00f6sungen\",\"item\":\"https:\\\/\\\/ghinduction.com\\\/de-de\\\/losungen\\\/\"},{\"@type\":\"ListItem\",\"position\":3,\"name\":\"Prozesse\",\"item\":\"https:\\\/\\\/ghinduction.com\\\/de-de\\\/losungen\\\/prozesse\\\/\"},{\"@type\":\"ListItem\",\"position\":4,\"name\":\"Gr\u00fcne Heizung\"}]},{\"@type\":\"WebSite\",\"@id\":\"https:\\\/\\\/ghinduction.com\\\/de-de\\\/#website\",\"url\":\"https:\\\/\\\/ghinduction.com\\\/de-de\\\/\",\"name\":\"GH Induction - Experts in Induction Heat Treatment and Induction Heating\",\"description\":\"GH Induction offers advanced induction heat treatment and heating solutions for various industrial applications. With over 60 years of experience, our innovative systems ensure efficiency and quality across diverse sectors globally.\",\"publisher\":{\"@id\":\"https:\\\/\\\/ghinduction.com\\\/de-de\\\/#organization\"},\"alternateName\":\"GH Induction\",\"potentialAction\":[{\"@type\":\"SearchAction\",\"target\":{\"@type\":\"EntryPoint\",\"urlTemplate\":\"https:\\\/\\\/ghinduction.com\\\/de-de\\\/?s={search_term_string}\"},\"query-input\":{\"@type\":\"PropertyValueSpecification\",\"valueRequired\":true,\"valueName\":\"search_term_string\"}}],\"inLanguage\":\"de-GE\"},{\"@type\":\"Organization\",\"@id\":\"https:\\\/\\\/ghinduction.com\\\/de-de\\\/#organization\",\"name\":\"GH Induction - Experts in Induction Heat Treatment and Induction Heating\",\"alternateName\":\"GH Induction\",\"url\":\"https:\\\/\\\/ghinduction.com\\\/de-de\\\/\",\"logo\":{\"@type\":\"ImageObject\",\"inLanguage\":\"de-GE\",\"@id\":\"https:\\\/\\\/ghinduction.com\\\/de-de\\\/#\\\/schema\\\/logo\\\/image\\\/\",\"url\":\"https:\\\/\\\/ghinduction.com\\\/wp-content\\\/uploads\\\/2024\\\/05\\\/logo-gh-induction.png\",\"contentUrl\":\"https:\\\/\\\/ghinduction.com\\\/wp-content\\\/uploads\\\/2024\\\/05\\\/logo-gh-induction.png\",\"width\":225,\"height\":225,\"caption\":\"GH Induction - Experts in Induction Heat Treatment and Induction Heating\"},\"image\":{\"@id\":\"https:\\\/\\\/ghinduction.com\\\/de-de\\\/#\\\/schema\\\/logo\\\/image\\\/\"},\"sameAs\":[\"https:\\\/\\\/www.facebook.com\\\/ghinductionheating\",\"https:\\\/\\\/www.linkedin.com\\\/company\\\/gh-induction\\\/\",\"https:\\\/\\\/www.youtube.com\\\/user\\\/GhInduction\"]}]}<\/script>\n<!-- \/ Yoast SEO plugin. -->","yoast_head_json":{"title":"Induktionserw\u00e4rmung f\u00fcr umweltfreundliche Prozesse - GH Induction","description":"Die elektromagnetische Induktionstechnologie zur Metallerw\u00e4rmung bietet eine einzigartige M\u00f6glichkeit f\u00fcr alle, die ihre Prozesse umweltfreundlicher und effizienter gestalten m\u00f6chten. GH Induction bietet Heizsimulationen, ein Testlabor, Erfahrung und innovative L\u00f6sungen, um die Ergebnisse zu erzielen, die Sie in Ihrer Produktion auf die nachhaltigste Weise ben\u00f6tigen. Wir laden Sie ein, die Machbarkeit der Integration dieser Technologie in Ihren industriellen Prozess sorgf\u00e4ltig zu pr\u00fcfen. Auf diese Weise k\u00f6nnen Sie sich in Richtung einer gr\u00fcneren Zukunft bewegen, Ihre Umweltbelastung reduzieren und die Effizienz Ihrer Abl\u00e4ufe verbessern.","robots":{"index":"index","follow":"follow","max-snippet":"max-snippet:-1","max-image-preview":"max-image-preview:large","max-video-preview":"max-video-preview:-1"},"canonical":"https:\/\/ghinduction.com\/de-de\/losungen\/prozesse\/gr-ne-heizung\/","og_locale":"de_DE","og_type":"article","og_title":"Induktionserw\u00e4rmung f\u00fcr umweltfreundliche Prozesse - GH Induction","og_description":"Die elektromagnetische Induktionstechnologie zur Metallerw\u00e4rmung bietet eine einzigartige M\u00f6glichkeit f\u00fcr alle, die ihre Prozesse umweltfreundlicher und effizienter gestalten m\u00f6chten. GH Induction bietet Heizsimulationen, ein Testlabor, Erfahrung und innovative L\u00f6sungen, um die Ergebnisse zu erzielen, die Sie in Ihrer Produktion auf die nachhaltigste Weise ben\u00f6tigen. Wir laden Sie ein, die Machbarkeit der Integration dieser Technologie in Ihren industriellen Prozess sorgf\u00e4ltig zu pr\u00fcfen. Auf diese Weise k\u00f6nnen Sie sich in Richtung einer gr\u00fcneren Zukunft bewegen, Ihre Umweltbelastung reduzieren und die Effizienz Ihrer Abl\u00e4ufe verbessern.","og_url":"https:\/\/ghinduction.com\/de-de\/losungen\/prozesse\/gr-ne-heizung\/","og_site_name":"GH Induction Deutschland","article_publisher":"https:\/\/www.facebook.com\/ghinductionheating","article_modified_time":"2026-04-30T07:02:09+00:00","og_image":[{"width":1920,"height":1127,"url":"https:\/\/ghinduction.com\/wp-content\/uploads\/2024\/02\/banner-calentamiento-verde.png","type":"image\/png"}],"twitter_card":"summary_large_image","twitter_misc":{"Est. reading time":"1 minute"},"schema":{"@context":"https:\/\/schema.org","@graph":[{"@type":"WebPage","@id":"https:\/\/ghinduction.com\/de-de\/losungen\/prozesse\/gr-ne-heizung\/","url":"https:\/\/ghinduction.com\/de-de\/losungen\/prozesse\/gr-ne-heizung\/","name":"Induktionserw\u00e4rmung f\u00fcr umweltfreundliche Prozesse - GH Induction","isPartOf":{"@id":"https:\/\/ghinduction.com\/de-de\/#website"},"primaryImageOfPage":{"@id":"https:\/\/ghinduction.com\/de-de\/losungen\/prozesse\/gr-ne-heizung\/#primaryimage"},"image":{"@id":"https:\/\/ghinduction.com\/de-de\/losungen\/prozesse\/gr-ne-heizung\/#primaryimage"},"thumbnailUrl":"https:\/\/ghinduction.com\/wp-content\/uploads\/2024\/02\/banner-calentamiento-verde.png","datePublished":"2023-01-09T09:02:22+00:00","dateModified":"2026-04-30T07:02:09+00:00","description":"Die elektromagnetische Induktionstechnologie zur Metallerw\u00e4rmung bietet eine einzigartige M\u00f6glichkeit f\u00fcr alle, die ihre Prozesse umweltfreundlicher und effizienter gestalten m\u00f6chten. GH Induction bietet Heizsimulationen, ein Testlabor, Erfahrung und innovative L\u00f6sungen, um die Ergebnisse zu erzielen, die Sie in Ihrer Produktion auf die nachhaltigste Weise ben\u00f6tigen. Wir laden Sie ein, die Machbarkeit der Integration dieser Technologie in Ihren industriellen Prozess sorgf\u00e4ltig zu pr\u00fcfen. Auf diese Weise k\u00f6nnen Sie sich in Richtung einer gr\u00fcneren Zukunft bewegen, Ihre Umweltbelastung reduzieren und die Effizienz Ihrer Abl\u00e4ufe verbessern.","breadcrumb":{"@id":"https:\/\/ghinduction.com\/de-de\/losungen\/prozesse\/gr-ne-heizung\/#breadcrumb"},"inLanguage":"de-GE","potentialAction":[{"@type":"ReadAction","target":["https:\/\/ghinduction.com\/de-de\/losungen\/prozesse\/gr-ne-heizung\/"]}]},{"@type":"ImageObject","inLanguage":"de-GE","@id":"https:\/\/ghinduction.com\/de-de\/losungen\/prozesse\/gr-ne-heizung\/#primaryimage","url":"https:\/\/ghinduction.com\/wp-content\/uploads\/2024\/02\/banner-calentamiento-verde.png","contentUrl":"https:\/\/ghinduction.com\/wp-content\/uploads\/2024\/02\/banner-calentamiento-verde.png","width":1920,"height":1127,"caption":"Green heating processes"},{"@type":"BreadcrumbList","@id":"https:\/\/ghinduction.com\/de-de\/losungen\/prozesse\/gr-ne-heizung\/#breadcrumb","itemListElement":[{"@type":"ListItem","position":1,"name":"Home","item":"https:\/\/ghinduction.com\/de-de\/"},{"@type":"ListItem","position":2,"name":"L\u00f6sungen","item":"https:\/\/ghinduction.com\/de-de\/losungen\/"},{"@type":"ListItem","position":3,"name":"Prozesse","item":"https:\/\/ghinduction.com\/de-de\/losungen\/prozesse\/"},{"@type":"ListItem","position":4,"name":"Gr\u00fcne Heizung"}]},{"@type":"WebSite","@id":"https:\/\/ghinduction.com\/de-de\/#website","url":"https:\/\/ghinduction.com\/de-de\/","name":"GH Induction - Experts in Induction Heat Treatment and Induction Heating","description":"GH Induction offers advanced induction heat treatment and heating solutions for various industrial applications. With over 60 years of experience, our innovative systems ensure efficiency and quality across diverse sectors globally.","publisher":{"@id":"https:\/\/ghinduction.com\/de-de\/#organization"},"alternateName":"GH Induction","potentialAction":[{"@type":"SearchAction","target":{"@type":"EntryPoint","urlTemplate":"https:\/\/ghinduction.com\/de-de\/?s={search_term_string}"},"query-input":{"@type":"PropertyValueSpecification","valueRequired":true,"valueName":"search_term_string"}}],"inLanguage":"de-GE"},{"@type":"Organization","@id":"https:\/\/ghinduction.com\/de-de\/#organization","name":"GH Induction - Experts in Induction Heat Treatment and Induction Heating","alternateName":"GH Induction","url":"https:\/\/ghinduction.com\/de-de\/","logo":{"@type":"ImageObject","inLanguage":"de-GE","@id":"https:\/\/ghinduction.com\/de-de\/#\/schema\/logo\/image\/","url":"https:\/\/ghinduction.com\/wp-content\/uploads\/2024\/05\/logo-gh-induction.png","contentUrl":"https:\/\/ghinduction.com\/wp-content\/uploads\/2024\/05\/logo-gh-induction.png","width":225,"height":225,"caption":"GH Induction - Experts in Induction Heat Treatment and Induction Heating"},"image":{"@id":"https:\/\/ghinduction.com\/de-de\/#\/schema\/logo\/image\/"},"sameAs":["https:\/\/www.facebook.com\/ghinductionheating","https:\/\/www.linkedin.com\/company\/gh-induction\/","https:\/\/www.youtube.com\/user\/GhInduction"]}]}},"_links":{"self":[{"href":"https:\/\/ghinduction.com\/de-de\/wp-json\/wp\/v2\/pages\/67946","targetHints":{"allow":["GET"]}}],"collection":[{"href":"https:\/\/ghinduction.com\/de-de\/wp-json\/wp\/v2\/pages"}],"about":[{"href":"https:\/\/ghinduction.com\/de-de\/wp-json\/wp\/v2\/types\/page"}],"author":[{"embeddable":true,"href":"https:\/\/ghinduction.com\/de-de\/wp-json\/wp\/v2\/users\/32"}],"replies":[{"embeddable":true,"href":"https:\/\/ghinduction.com\/de-de\/wp-json\/wp\/v2\/comments?post=67946"}],"version-history":[{"count":4,"href":"https:\/\/ghinduction.com\/de-de\/wp-json\/wp\/v2\/pages\/67946\/revisions"}],"predecessor-version":[{"id":67950,"href":"https:\/\/ghinduction.com\/de-de\/wp-json\/wp\/v2\/pages\/67946\/revisions\/67950"}],"up":[{"embeddable":true,"href":"https:\/\/ghinduction.com\/de-de\/wp-json\/wp\/v2\/pages\/24487"}],"wp:featuredmedia":[{"embeddable":true,"href":"https:\/\/ghinduction.com\/de-de\/wp-json\/wp\/v2\/media\/31546"}],"wp:attachment":[{"href":"https:\/\/ghinduction.com\/de-de\/wp-json\/wp\/v2\/media?parent=67946"}],"wp:term":[{"taxonomy":"industry","embeddable":true,"href":"https:\/\/ghinduction.com\/de-de\/wp-json\/wp\/v2\/industry?post=67946"},{"taxonomy":"processes","embeddable":true,"href":"https:\/\/ghinduction.com\/de-de\/wp-json\/wp\/v2\/processes?post=67946"},{"taxonomy":"solutions","embeddable":true,"href":"https:\/\/ghinduction.com\/de-de\/wp-json\/wp\/v2\/solutions?post=67946"}],"curies":[{"name":"wp","href":"https:\/\/api.w.org\/{rel}","templated":true}]}}