{"id":21235,"date":"2023-01-09T09:02:19","date_gmt":"2023-01-09T09:02:19","guid":{"rendered":"https:\/\/ghinduction.com\/servicios-de-consulta-2\/"},"modified":"2025-04-01T10:48:26","modified_gmt":"2025-04-01T10:48:26","slug":"servicios-soporte","status":"publish","type":"page","link":"https:\/\/ghinduction.com\/es-es\/productos-y-servicios\/servicios\/servicios-soporte\/","title":{"rendered":"Servicios de soporte"},"content":{"rendered":"","protected":false},"excerpt":{"rendered":"","protected":false},"author":1,"featured_media":0,"parent":22452,"menu_order":25,"comment_status":"closed","ping_status":"closed","template":"","meta":{"_acf_changed":false,"footnotes":""},"industry":[],"processes":[],"solutions":[],"class_list":["post-21235","page","type-page","status-publish","hentry"],"acf":[],"yoast_head":"<!-- This site is optimized with the Yoast SEO plugin v27.3 - https:\/\/yoast.com\/product\/yoast-seo-wordpress\/ -->\n<title>Servicios de soporte - GH Induction<\/title>\n<meta name=\"description\" content=\"El objetivo de los servicios de soporte al cliente de GH (\u201cCare Services\u201d) es hacer m\u00e1s f\u00e1cil tu vida cuando comienzas con la responsabilidad de fabricar usando un sistema de GH. Podemos ayudar con las tareas de operaci\u00f3n y mantenimiento averiguando c\u00f3mo maximizar la producci\u00f3n, la calidad del proceso y los resultados econ\u00f3micos. &nbsp;\" \/>\n<meta name=\"robots\" content=\"index, follow, max-snippet:-1, max-image-preview:large, max-video-preview:-1\" \/>\n<link rel=\"canonical\" href=\"https:\/\/ghinduction.com\/es-es\/productos-y-servicios\/servicios\/servicios-soporte\/\" \/>\n<meta property=\"og:locale\" content=\"es_ES\" \/>\n<meta property=\"og:type\" content=\"article\" \/>\n<meta property=\"og:title\" content=\"Servicios de soporte - GH Induction\" \/>\n<meta property=\"og:description\" content=\"El objetivo de los servicios de soporte al cliente de GH (\u201cCare Services\u201d) es hacer m\u00e1s f\u00e1cil tu vida cuando comienzas con la responsabilidad de fabricar usando un sistema de GH. Podemos ayudar con las tareas de operaci\u00f3n y mantenimiento averiguando c\u00f3mo maximizar la producci\u00f3n, la calidad del proceso y los resultados econ\u00f3micos. &nbsp;\" \/>\n<meta property=\"og:url\" content=\"https:\/\/ghinduction.com\/es-es\/productos-y-servicios\/servicios\/servicios-soporte\/\" \/>\n<meta property=\"og:site_name\" content=\"GH Induction Espa\u00f1a\" \/>\n<meta property=\"article:publisher\" content=\"https:\/\/www.facebook.com\/ghinductionheating\" \/>\n<meta property=\"article:modified_time\" content=\"2025-04-01T10:48:26+00:00\" \/>\n<meta name=\"twitter:card\" content=\"summary_large_image\" \/>\n<script type=\"application\/ld+json\" class=\"yoast-schema-graph\">{\"@context\":\"https:\\\/\\\/schema.org\",\"@graph\":[{\"@type\":\"WebPage\",\"@id\":\"https:\\\/\\\/ghinduction.com\\\/es-es\\\/productos-y-servicios\\\/servicios\\\/servicios-soporte\\\/\",\"url\":\"https:\\\/\\\/ghinduction.com\\\/es-es\\\/productos-y-servicios\\\/servicios\\\/servicios-soporte\\\/\",\"name\":\"Servicios de soporte - GH Induction\",\"isPartOf\":{\"@id\":\"https:\\\/\\\/ghinduction.com\\\/es-es\\\/#website\"},\"datePublished\":\"2023-01-09T09:02:19+00:00\",\"dateModified\":\"2025-04-01T10:48:26+00:00\",\"description\":\"El objetivo de los servicios de soporte al cliente de GH (\u201cCare Services\u201d) es hacer m\u00e1s f\u00e1cil tu vida cuando comienzas con la responsabilidad de fabricar usando un sistema de GH. Podemos ayudar con las tareas de operaci\u00f3n y mantenimiento averiguando c\u00f3mo maximizar la producci\u00f3n, la calidad del proceso y los resultados econ\u00f3micos. &nbsp;\",\"breadcrumb\":{\"@id\":\"https:\\\/\\\/ghinduction.com\\\/es-es\\\/productos-y-servicios\\\/servicios\\\/servicios-soporte\\\/#breadcrumb\"},\"inLanguage\":\"es\",\"potentialAction\":[{\"@type\":\"ReadAction\",\"target\":[\"https:\\\/\\\/ghinduction.com\\\/es-es\\\/productos-y-servicios\\\/servicios\\\/servicios-soporte\\\/\"]}]},{\"@type\":\"BreadcrumbList\",\"@id\":\"https:\\\/\\\/ghinduction.com\\\/es-es\\\/productos-y-servicios\\\/servicios\\\/servicios-soporte\\\/#breadcrumb\",\"itemListElement\":[{\"@type\":\"ListItem\",\"position\":1,\"name\":\"Home\",\"item\":\"https:\\\/\\\/ghinduction.com\\\/es-es\\\/\"},{\"@type\":\"ListItem\",\"position\":2,\"name\":\"Productos y servicios\",\"item\":\"https:\\\/\\\/ghinduction.com\\\/es-es\\\/productos-y-servicios\\\/\"},{\"@type\":\"ListItem\",\"position\":3,\"name\":\"Servicios al cliente\",\"item\":\"https:\\\/\\\/ghinduction.com\\\/es-es\\\/productos-y-servicios\\\/servicios\\\/\"},{\"@type\":\"ListItem\",\"position\":4,\"name\":\"Servicios de soporte\"}]},{\"@type\":\"WebSite\",\"@id\":\"https:\\\/\\\/ghinduction.com\\\/es-es\\\/#website\",\"url\":\"https:\\\/\\\/ghinduction.com\\\/es-es\\\/\",\"name\":\"GH Induction - Experts in Induction Heat Treatment and Induction Heating\",\"description\":\"GH Induction offers advanced induction heat treatment and heating solutions for various industrial applications. With over 60 years of experience, our innovative systems ensure efficiency and quality across diverse sectors globally.\",\"publisher\":{\"@id\":\"https:\\\/\\\/ghinduction.com\\\/es-es\\\/#organization\"},\"alternateName\":\"GH Induction\",\"potentialAction\":[{\"@type\":\"SearchAction\",\"target\":{\"@type\":\"EntryPoint\",\"urlTemplate\":\"https:\\\/\\\/ghinduction.com\\\/es-es\\\/?s={search_term_string}\"},\"query-input\":{\"@type\":\"PropertyValueSpecification\",\"valueRequired\":true,\"valueName\":\"search_term_string\"}}],\"inLanguage\":\"es\"},{\"@type\":\"Organization\",\"@id\":\"https:\\\/\\\/ghinduction.com\\\/es-es\\\/#organization\",\"name\":\"GH Induction - Experts in Induction Heat Treatment and Induction Heating\",\"alternateName\":\"GH Induction\",\"url\":\"https:\\\/\\\/ghinduction.com\\\/es-es\\\/\",\"logo\":{\"@type\":\"ImageObject\",\"inLanguage\":\"es\",\"@id\":\"https:\\\/\\\/ghinduction.com\\\/es-es\\\/#\\\/schema\\\/logo\\\/image\\\/\",\"url\":\"https:\\\/\\\/ghinduction.com\\\/wp-content\\\/uploads\\\/2024\\\/05\\\/logo-gh-induction.png\",\"contentUrl\":\"https:\\\/\\\/ghinduction.com\\\/wp-content\\\/uploads\\\/2024\\\/05\\\/logo-gh-induction.png\",\"width\":225,\"height\":225,\"caption\":\"GH Induction - Experts in Induction Heat Treatment and Induction Heating\"},\"image\":{\"@id\":\"https:\\\/\\\/ghinduction.com\\\/es-es\\\/#\\\/schema\\\/logo\\\/image\\\/\"},\"sameAs\":[\"https:\\\/\\\/www.facebook.com\\\/ghinductionheating\",\"https:\\\/\\\/www.linkedin.com\\\/company\\\/gh-induction\\\/\",\"https:\\\/\\\/www.youtube.com\\\/user\\\/GhInduction\"]}]}<\/script>\n<!-- \/ Yoast SEO plugin. -->","yoast_head_json":{"title":"Servicios de soporte - GH Induction","description":"El objetivo de los servicios de soporte al cliente de GH (\u201cCare Services\u201d) es hacer m\u00e1s f\u00e1cil tu vida cuando comienzas con la responsabilidad de fabricar usando un sistema de GH. Podemos ayudar con las tareas de operaci\u00f3n y mantenimiento averiguando c\u00f3mo maximizar la producci\u00f3n, la calidad del proceso y los resultados econ\u00f3micos. &nbsp;","robots":{"index":"index","follow":"follow","max-snippet":"max-snippet:-1","max-image-preview":"max-image-preview:large","max-video-preview":"max-video-preview:-1"},"canonical":"https:\/\/ghinduction.com\/es-es\/productos-y-servicios\/servicios\/servicios-soporte\/","og_locale":"es_ES","og_type":"article","og_title":"Servicios de soporte - GH Induction","og_description":"El objetivo de los servicios de soporte al cliente de GH (\u201cCare Services\u201d) es hacer m\u00e1s f\u00e1cil tu vida cuando comienzas con la responsabilidad de fabricar usando un sistema de GH. Podemos ayudar con las tareas de operaci\u00f3n y mantenimiento averiguando c\u00f3mo maximizar la producci\u00f3n, la calidad del proceso y los resultados econ\u00f3micos. &nbsp;","og_url":"https:\/\/ghinduction.com\/es-es\/productos-y-servicios\/servicios\/servicios-soporte\/","og_site_name":"GH Induction Espa\u00f1a","article_publisher":"https:\/\/www.facebook.com\/ghinductionheating","article_modified_time":"2025-04-01T10:48:26+00:00","twitter_card":"summary_large_image","schema":{"@context":"https:\/\/schema.org","@graph":[{"@type":"WebPage","@id":"https:\/\/ghinduction.com\/es-es\/productos-y-servicios\/servicios\/servicios-soporte\/","url":"https:\/\/ghinduction.com\/es-es\/productos-y-servicios\/servicios\/servicios-soporte\/","name":"Servicios de soporte - GH Induction","isPartOf":{"@id":"https:\/\/ghinduction.com\/es-es\/#website"},"datePublished":"2023-01-09T09:02:19+00:00","dateModified":"2025-04-01T10:48:26+00:00","description":"El objetivo de los servicios de soporte al cliente de GH (\u201cCare Services\u201d) es hacer m\u00e1s f\u00e1cil tu vida cuando comienzas con la responsabilidad de fabricar usando un sistema de GH. Podemos ayudar con las tareas de operaci\u00f3n y mantenimiento averiguando c\u00f3mo maximizar la producci\u00f3n, la calidad del proceso y los resultados econ\u00f3micos. &nbsp;","breadcrumb":{"@id":"https:\/\/ghinduction.com\/es-es\/productos-y-servicios\/servicios\/servicios-soporte\/#breadcrumb"},"inLanguage":"es","potentialAction":[{"@type":"ReadAction","target":["https:\/\/ghinduction.com\/es-es\/productos-y-servicios\/servicios\/servicios-soporte\/"]}]},{"@type":"BreadcrumbList","@id":"https:\/\/ghinduction.com\/es-es\/productos-y-servicios\/servicios\/servicios-soporte\/#breadcrumb","itemListElement":[{"@type":"ListItem","position":1,"name":"Home","item":"https:\/\/ghinduction.com\/es-es\/"},{"@type":"ListItem","position":2,"name":"Productos y servicios","item":"https:\/\/ghinduction.com\/es-es\/productos-y-servicios\/"},{"@type":"ListItem","position":3,"name":"Servicios al cliente","item":"https:\/\/ghinduction.com\/es-es\/productos-y-servicios\/servicios\/"},{"@type":"ListItem","position":4,"name":"Servicios de soporte"}]},{"@type":"WebSite","@id":"https:\/\/ghinduction.com\/es-es\/#website","url":"https:\/\/ghinduction.com\/es-es\/","name":"GH Induction - Experts in Induction Heat Treatment and Induction Heating","description":"GH Induction offers advanced induction heat treatment and heating solutions for various industrial applications. With over 60 years of experience, our innovative systems ensure efficiency and quality across diverse sectors globally.","publisher":{"@id":"https:\/\/ghinduction.com\/es-es\/#organization"},"alternateName":"GH Induction","potentialAction":[{"@type":"SearchAction","target":{"@type":"EntryPoint","urlTemplate":"https:\/\/ghinduction.com\/es-es\/?s={search_term_string}"},"query-input":{"@type":"PropertyValueSpecification","valueRequired":true,"valueName":"search_term_string"}}],"inLanguage":"es"},{"@type":"Organization","@id":"https:\/\/ghinduction.com\/es-es\/#organization","name":"GH Induction - Experts in Induction Heat Treatment and Induction Heating","alternateName":"GH Induction","url":"https:\/\/ghinduction.com\/es-es\/","logo":{"@type":"ImageObject","inLanguage":"es","@id":"https:\/\/ghinduction.com\/es-es\/#\/schema\/logo\/image\/","url":"https:\/\/ghinduction.com\/wp-content\/uploads\/2024\/05\/logo-gh-induction.png","contentUrl":"https:\/\/ghinduction.com\/wp-content\/uploads\/2024\/05\/logo-gh-induction.png","width":225,"height":225,"caption":"GH Induction - Experts in Induction Heat Treatment and Induction Heating"},"image":{"@id":"https:\/\/ghinduction.com\/es-es\/#\/schema\/logo\/image\/"},"sameAs":["https:\/\/www.facebook.com\/ghinductionheating","https:\/\/www.linkedin.com\/company\/gh-induction\/","https:\/\/www.youtube.com\/user\/GhInduction"]}]}},"_links":{"self":[{"href":"https:\/\/ghinduction.com\/es-es\/wp-json\/wp\/v2\/pages\/21235","targetHints":{"allow":["GET"]}}],"collection":[{"href":"https:\/\/ghinduction.com\/es-es\/wp-json\/wp\/v2\/pages"}],"about":[{"href":"https:\/\/ghinduction.com\/es-es\/wp-json\/wp\/v2\/types\/page"}],"author":[{"embeddable":true,"href":"https:\/\/ghinduction.com\/es-es\/wp-json\/wp\/v2\/users\/1"}],"replies":[{"embeddable":true,"href":"https:\/\/ghinduction.com\/es-es\/wp-json\/wp\/v2\/comments?post=21235"}],"version-history":[{"count":0,"href":"https:\/\/ghinduction.com\/es-es\/wp-json\/wp\/v2\/pages\/21235\/revisions"}],"up":[{"embeddable":true,"href":"https:\/\/ghinduction.com\/es-es\/wp-json\/wp\/v2\/pages\/22452"}],"wp:attachment":[{"href":"https:\/\/ghinduction.com\/es-es\/wp-json\/wp\/v2\/media?parent=21235"}],"wp:term":[{"taxonomy":"industry","embeddable":true,"href":"https:\/\/ghinduction.com\/es-es\/wp-json\/wp\/v2\/industry?post=21235"},{"taxonomy":"processes","embeddable":true,"href":"https:\/\/ghinduction.com\/es-es\/wp-json\/wp\/v2\/processes?post=21235"},{"taxonomy":"solutions","embeddable":true,"href":"https:\/\/ghinduction.com\/es-es\/wp-json\/wp\/v2\/solutions?post=21235"}],"curies":[{"name":"wp","href":"https:\/\/api.w.org\/{rel}","templated":true}]}}