{"id":22469,"date":"2023-01-09T09:02:09","date_gmt":"2023-01-09T09:02:09","guid":{"rendered":"https:\/\/ghinduction.com\/solutions\/proyectos-llave-en-mano\/"},"modified":"2026-02-26T07:59:55","modified_gmt":"2026-02-26T07:59:55","slug":"proyectos-llave-en-mano","status":"publish","type":"page","link":"https:\/\/ghinduction.com\/es-es\/soluciones\/proyectos-llave-en-mano\/","title":{"rendered":"Proyectos llave en mano"},"content":{"rendered":"","protected":false},"excerpt":{"rendered":"","protected":false},"author":1,"featured_media":18279,"parent":22384,"menu_order":10,"comment_status":"closed","ping_status":"closed","template":"","meta":{"_acf_changed":false,"footnotes":""},"industry":[],"processes":[],"solutions":[],"class_list":["post-22469","page","type-page","status-publish","has-post-thumbnail","hentry"],"acf":[],"yoast_head":"<!-- This site is optimized with the Yoast SEO plugin v27.3 - https:\/\/yoast.com\/product\/yoast-seo-wordpress\/ -->\n<title>Proyectos llave en mano para Soluciones de Inducci\u00f3n - GH Induction<\/title>\n<meta name=\"description\" content=\"Cada negocio es \u00fanico y cada industria es diferente, GH Induction toma tu situaci\u00f3n \u00fanica como punto de partida. A trav\u00e9s de la combinaci\u00f3n de la competencia probada, la experiencia pr\u00e1ctica y la creatividad, nuestros ingenieros buscan inspirarse y ofrecer soluciones de calentamiento por inducci\u00f3n listas para su uso cuidando todos los aspectos. Esto es un proyecto llave en mano de GH.\" \/>\n<meta name=\"robots\" content=\"index, follow, max-snippet:-1, max-image-preview:large, max-video-preview:-1\" \/>\n<link rel=\"canonical\" href=\"https:\/\/ghinduction.com\/es-es\/soluciones\/proyectos-llave-en-mano\/\" \/>\n<meta property=\"og:locale\" content=\"es_ES\" \/>\n<meta property=\"og:type\" content=\"article\" \/>\n<meta property=\"og:title\" content=\"Proyectos llave en mano para Soluciones de Inducci\u00f3n - GH Induction\" \/>\n<meta property=\"og:description\" content=\"Cada negocio es \u00fanico y cada industria es diferente, GH Induction toma tu situaci\u00f3n \u00fanica como punto de partida. A trav\u00e9s de la combinaci\u00f3n de la competencia probada, la experiencia pr\u00e1ctica y la creatividad, nuestros ingenieros buscan inspirarse y ofrecer soluciones de calentamiento por inducci\u00f3n listas para su uso cuidando todos los aspectos. Esto es un proyecto llave en mano de GH.\" \/>\n<meta property=\"og:url\" content=\"https:\/\/ghinduction.com\/es-es\/soluciones\/proyectos-llave-en-mano\/\" \/>\n<meta property=\"og:site_name\" content=\"GH Induction Espa\u00f1a\" \/>\n<meta property=\"article:publisher\" content=\"https:\/\/www.facebook.com\/ghinductionheating\" \/>\n<meta property=\"article:modified_time\" content=\"2026-02-26T07:59:55+00:00\" \/>\n<meta property=\"og:image\" content=\"https:\/\/ghinduction.com\/wp-content\/uploads\/2023\/02\/Services_Care_Preventive.jpg\" \/>\n\t<meta property=\"og:image:width\" content=\"1200\" \/>\n\t<meta property=\"og:image:height\" content=\"800\" \/>\n\t<meta property=\"og:image:type\" content=\"image\/jpeg\" \/>\n<meta name=\"twitter:card\" content=\"summary_large_image\" \/>\n<meta name=\"twitter:label1\" content=\"Tiempo de lectura\" \/>\n\t<meta name=\"twitter:data1\" content=\"1 minuto\" \/>\n<script type=\"application\/ld+json\" class=\"yoast-schema-graph\">{\"@context\":\"https:\\\/\\\/schema.org\",\"@graph\":[{\"@type\":\"WebPage\",\"@id\":\"https:\\\/\\\/ghinduction.com\\\/es-es\\\/soluciones\\\/proyectos-llave-en-mano\\\/\",\"url\":\"https:\\\/\\\/ghinduction.com\\\/es-es\\\/soluciones\\\/proyectos-llave-en-mano\\\/\",\"name\":\"Proyectos llave en mano para Soluciones de Inducci\u00f3n - GH Induction\",\"isPartOf\":{\"@id\":\"https:\\\/\\\/ghinduction.com\\\/es-es\\\/#website\"},\"primaryImageOfPage\":{\"@id\":\"https:\\\/\\\/ghinduction.com\\\/es-es\\\/soluciones\\\/proyectos-llave-en-mano\\\/#primaryimage\"},\"image\":{\"@id\":\"https:\\\/\\\/ghinduction.com\\\/es-es\\\/soluciones\\\/proyectos-llave-en-mano\\\/#primaryimage\"},\"thumbnailUrl\":\"https:\\\/\\\/ghinduction.com\\\/wp-content\\\/uploads\\\/2023\\\/02\\\/Services_Care_Preventive.jpg\",\"datePublished\":\"2023-01-09T09:02:09+00:00\",\"dateModified\":\"2026-02-26T07:59:55+00:00\",\"description\":\"Cada negocio es \u00fanico y cada industria es diferente, GH Induction toma tu situaci\u00f3n \u00fanica como punto de partida. A trav\u00e9s de la combinaci\u00f3n de la competencia probada, la experiencia pr\u00e1ctica y la creatividad, nuestros ingenieros buscan inspirarse y ofrecer soluciones de calentamiento por inducci\u00f3n listas para su uso cuidando todos los aspectos. Esto es un proyecto llave en mano de GH.\",\"breadcrumb\":{\"@id\":\"https:\\\/\\\/ghinduction.com\\\/es-es\\\/soluciones\\\/proyectos-llave-en-mano\\\/#breadcrumb\"},\"inLanguage\":\"es\",\"potentialAction\":[{\"@type\":\"ReadAction\",\"target\":[\"https:\\\/\\\/ghinduction.com\\\/es-es\\\/soluciones\\\/proyectos-llave-en-mano\\\/\"]}]},{\"@type\":\"ImageObject\",\"inLanguage\":\"es\",\"@id\":\"https:\\\/\\\/ghinduction.com\\\/es-es\\\/soluciones\\\/proyectos-llave-en-mano\\\/#primaryimage\",\"url\":\"https:\\\/\\\/ghinduction.com\\\/wp-content\\\/uploads\\\/2023\\\/02\\\/Services_Care_Preventive.jpg\",\"contentUrl\":\"https:\\\/\\\/ghinduction.com\\\/wp-content\\\/uploads\\\/2023\\\/02\\\/Services_Care_Preventive.jpg\",\"width\":1200,\"height\":800},{\"@type\":\"BreadcrumbList\",\"@id\":\"https:\\\/\\\/ghinduction.com\\\/es-es\\\/soluciones\\\/proyectos-llave-en-mano\\\/#breadcrumb\",\"itemListElement\":[{\"@type\":\"ListItem\",\"position\":1,\"name\":\"Home\",\"item\":\"https:\\\/\\\/ghinduction.com\\\/es-es\\\/\"},{\"@type\":\"ListItem\",\"position\":2,\"name\":\"Soluciones\",\"item\":\"https:\\\/\\\/ghinduction.com\\\/es-es\\\/soluciones\\\/\"},{\"@type\":\"ListItem\",\"position\":3,\"name\":\"Proyectos llave en mano\"}]},{\"@type\":\"WebSite\",\"@id\":\"https:\\\/\\\/ghinduction.com\\\/es-es\\\/#website\",\"url\":\"https:\\\/\\\/ghinduction.com\\\/es-es\\\/\",\"name\":\"GH Induction - Experts in Induction Heat Treatment and Induction Heating\",\"description\":\"GH Induction offers advanced induction heat treatment and heating solutions for various industrial applications. With over 60 years of experience, our innovative systems ensure efficiency and quality across diverse sectors globally.\",\"publisher\":{\"@id\":\"https:\\\/\\\/ghinduction.com\\\/es-es\\\/#organization\"},\"alternateName\":\"GH Induction\",\"potentialAction\":[{\"@type\":\"SearchAction\",\"target\":{\"@type\":\"EntryPoint\",\"urlTemplate\":\"https:\\\/\\\/ghinduction.com\\\/es-es\\\/?s={search_term_string}\"},\"query-input\":{\"@type\":\"PropertyValueSpecification\",\"valueRequired\":true,\"valueName\":\"search_term_string\"}}],\"inLanguage\":\"es\"},{\"@type\":\"Organization\",\"@id\":\"https:\\\/\\\/ghinduction.com\\\/es-es\\\/#organization\",\"name\":\"GH Induction - Experts in Induction Heat Treatment and Induction Heating\",\"alternateName\":\"GH Induction\",\"url\":\"https:\\\/\\\/ghinduction.com\\\/es-es\\\/\",\"logo\":{\"@type\":\"ImageObject\",\"inLanguage\":\"es\",\"@id\":\"https:\\\/\\\/ghinduction.com\\\/es-es\\\/#\\\/schema\\\/logo\\\/image\\\/\",\"url\":\"https:\\\/\\\/ghinduction.com\\\/wp-content\\\/uploads\\\/2024\\\/05\\\/logo-gh-induction.png\",\"contentUrl\":\"https:\\\/\\\/ghinduction.com\\\/wp-content\\\/uploads\\\/2024\\\/05\\\/logo-gh-induction.png\",\"width\":225,\"height\":225,\"caption\":\"GH Induction - Experts in Induction Heat Treatment and Induction Heating\"},\"image\":{\"@id\":\"https:\\\/\\\/ghinduction.com\\\/es-es\\\/#\\\/schema\\\/logo\\\/image\\\/\"},\"sameAs\":[\"https:\\\/\\\/www.facebook.com\\\/ghinductionheating\",\"https:\\\/\\\/www.linkedin.com\\\/company\\\/gh-induction\\\/\",\"https:\\\/\\\/www.youtube.com\\\/user\\\/GhInduction\"]}]}<\/script>\n<!-- \/ Yoast SEO plugin. -->","yoast_head_json":{"title":"Proyectos llave en mano para Soluciones de Inducci\u00f3n - GH Induction","description":"Cada negocio es \u00fanico y cada industria es diferente, GH Induction toma tu situaci\u00f3n \u00fanica como punto de partida. A trav\u00e9s de la combinaci\u00f3n de la competencia probada, la experiencia pr\u00e1ctica y la creatividad, nuestros ingenieros buscan inspirarse y ofrecer soluciones de calentamiento por inducci\u00f3n listas para su uso cuidando todos los aspectos. Esto es un proyecto llave en mano de GH.","robots":{"index":"index","follow":"follow","max-snippet":"max-snippet:-1","max-image-preview":"max-image-preview:large","max-video-preview":"max-video-preview:-1"},"canonical":"https:\/\/ghinduction.com\/es-es\/soluciones\/proyectos-llave-en-mano\/","og_locale":"es_ES","og_type":"article","og_title":"Proyectos llave en mano para Soluciones de Inducci\u00f3n - GH Induction","og_description":"Cada negocio es \u00fanico y cada industria es diferente, GH Induction toma tu situaci\u00f3n \u00fanica como punto de partida. A trav\u00e9s de la combinaci\u00f3n de la competencia probada, la experiencia pr\u00e1ctica y la creatividad, nuestros ingenieros buscan inspirarse y ofrecer soluciones de calentamiento por inducci\u00f3n listas para su uso cuidando todos los aspectos. Esto es un proyecto llave en mano de GH.","og_url":"https:\/\/ghinduction.com\/es-es\/soluciones\/proyectos-llave-en-mano\/","og_site_name":"GH Induction Espa\u00f1a","article_publisher":"https:\/\/www.facebook.com\/ghinductionheating","article_modified_time":"2026-02-26T07:59:55+00:00","og_image":[{"width":1200,"height":800,"url":"https:\/\/ghinduction.com\/wp-content\/uploads\/2023\/02\/Services_Care_Preventive.jpg","type":"image\/jpeg"}],"twitter_card":"summary_large_image","twitter_misc":{"Tiempo de lectura":"1 minuto"},"schema":{"@context":"https:\/\/schema.org","@graph":[{"@type":"WebPage","@id":"https:\/\/ghinduction.com\/es-es\/soluciones\/proyectos-llave-en-mano\/","url":"https:\/\/ghinduction.com\/es-es\/soluciones\/proyectos-llave-en-mano\/","name":"Proyectos llave en mano para Soluciones de Inducci\u00f3n - GH Induction","isPartOf":{"@id":"https:\/\/ghinduction.com\/es-es\/#website"},"primaryImageOfPage":{"@id":"https:\/\/ghinduction.com\/es-es\/soluciones\/proyectos-llave-en-mano\/#primaryimage"},"image":{"@id":"https:\/\/ghinduction.com\/es-es\/soluciones\/proyectos-llave-en-mano\/#primaryimage"},"thumbnailUrl":"https:\/\/ghinduction.com\/wp-content\/uploads\/2023\/02\/Services_Care_Preventive.jpg","datePublished":"2023-01-09T09:02:09+00:00","dateModified":"2026-02-26T07:59:55+00:00","description":"Cada negocio es \u00fanico y cada industria es diferente, GH Induction toma tu situaci\u00f3n \u00fanica como punto de partida. A trav\u00e9s de la combinaci\u00f3n de la competencia probada, la experiencia pr\u00e1ctica y la creatividad, nuestros ingenieros buscan inspirarse y ofrecer soluciones de calentamiento por inducci\u00f3n listas para su uso cuidando todos los aspectos. Esto es un proyecto llave en mano de GH.","breadcrumb":{"@id":"https:\/\/ghinduction.com\/es-es\/soluciones\/proyectos-llave-en-mano\/#breadcrumb"},"inLanguage":"es","potentialAction":[{"@type":"ReadAction","target":["https:\/\/ghinduction.com\/es-es\/soluciones\/proyectos-llave-en-mano\/"]}]},{"@type":"ImageObject","inLanguage":"es","@id":"https:\/\/ghinduction.com\/es-es\/soluciones\/proyectos-llave-en-mano\/#primaryimage","url":"https:\/\/ghinduction.com\/wp-content\/uploads\/2023\/02\/Services_Care_Preventive.jpg","contentUrl":"https:\/\/ghinduction.com\/wp-content\/uploads\/2023\/02\/Services_Care_Preventive.jpg","width":1200,"height":800},{"@type":"BreadcrumbList","@id":"https:\/\/ghinduction.com\/es-es\/soluciones\/proyectos-llave-en-mano\/#breadcrumb","itemListElement":[{"@type":"ListItem","position":1,"name":"Home","item":"https:\/\/ghinduction.com\/es-es\/"},{"@type":"ListItem","position":2,"name":"Soluciones","item":"https:\/\/ghinduction.com\/es-es\/soluciones\/"},{"@type":"ListItem","position":3,"name":"Proyectos llave en mano"}]},{"@type":"WebSite","@id":"https:\/\/ghinduction.com\/es-es\/#website","url":"https:\/\/ghinduction.com\/es-es\/","name":"GH Induction - Experts in Induction Heat Treatment and Induction Heating","description":"GH Induction offers advanced induction heat treatment and heating solutions for various industrial applications. With over 60 years of experience, our innovative systems ensure efficiency and quality across diverse sectors globally.","publisher":{"@id":"https:\/\/ghinduction.com\/es-es\/#organization"},"alternateName":"GH Induction","potentialAction":[{"@type":"SearchAction","target":{"@type":"EntryPoint","urlTemplate":"https:\/\/ghinduction.com\/es-es\/?s={search_term_string}"},"query-input":{"@type":"PropertyValueSpecification","valueRequired":true,"valueName":"search_term_string"}}],"inLanguage":"es"},{"@type":"Organization","@id":"https:\/\/ghinduction.com\/es-es\/#organization","name":"GH Induction - Experts in Induction Heat Treatment and Induction Heating","alternateName":"GH Induction","url":"https:\/\/ghinduction.com\/es-es\/","logo":{"@type":"ImageObject","inLanguage":"es","@id":"https:\/\/ghinduction.com\/es-es\/#\/schema\/logo\/image\/","url":"https:\/\/ghinduction.com\/wp-content\/uploads\/2024\/05\/logo-gh-induction.png","contentUrl":"https:\/\/ghinduction.com\/wp-content\/uploads\/2024\/05\/logo-gh-induction.png","width":225,"height":225,"caption":"GH Induction - Experts in Induction Heat Treatment and Induction Heating"},"image":{"@id":"https:\/\/ghinduction.com\/es-es\/#\/schema\/logo\/image\/"},"sameAs":["https:\/\/www.facebook.com\/ghinductionheating","https:\/\/www.linkedin.com\/company\/gh-induction\/","https:\/\/www.youtube.com\/user\/GhInduction"]}]}},"_links":{"self":[{"href":"https:\/\/ghinduction.com\/es-es\/wp-json\/wp\/v2\/pages\/22469","targetHints":{"allow":["GET"]}}],"collection":[{"href":"https:\/\/ghinduction.com\/es-es\/wp-json\/wp\/v2\/pages"}],"about":[{"href":"https:\/\/ghinduction.com\/es-es\/wp-json\/wp\/v2\/types\/page"}],"author":[{"embeddable":true,"href":"https:\/\/ghinduction.com\/es-es\/wp-json\/wp\/v2\/users\/1"}],"replies":[{"embeddable":true,"href":"https:\/\/ghinduction.com\/es-es\/wp-json\/wp\/v2\/comments?post=22469"}],"version-history":[{"count":2,"href":"https:\/\/ghinduction.com\/es-es\/wp-json\/wp\/v2\/pages\/22469\/revisions"}],"predecessor-version":[{"id":65508,"href":"https:\/\/ghinduction.com\/es-es\/wp-json\/wp\/v2\/pages\/22469\/revisions\/65508"}],"up":[{"embeddable":true,"href":"https:\/\/ghinduction.com\/es-es\/wp-json\/wp\/v2\/pages\/22384"}],"wp:featuredmedia":[{"embeddable":true,"href":"https:\/\/ghinduction.com\/es-es\/wp-json\/wp\/v2\/media\/18279"}],"wp:attachment":[{"href":"https:\/\/ghinduction.com\/es-es\/wp-json\/wp\/v2\/media?parent=22469"}],"wp:term":[{"taxonomy":"industry","embeddable":true,"href":"https:\/\/ghinduction.com\/es-es\/wp-json\/wp\/v2\/industry?post=22469"},{"taxonomy":"processes","embeddable":true,"href":"https:\/\/ghinduction.com\/es-es\/wp-json\/wp\/v2\/processes?post=22469"},{"taxonomy":"solutions","embeddable":true,"href":"https:\/\/ghinduction.com\/es-es\/wp-json\/wp\/v2\/solutions?post=22469"}],"curies":[{"name":"wp","href":"https:\/\/api.w.org\/{rel}","templated":true}]}}