{"id":23025,"date":"2023-04-18T11:59:26","date_gmt":"2023-04-18T11:59:26","guid":{"rendered":"https:\/\/ghinduction.com\/innovacion\/id-en-electronica\/proyecto-de-sujecion\/"},"modified":"2025-05-23T06:19:29","modified_gmt":"2025-05-23T06:19:29","slug":"proyecto-de-sujecion","status":"publish","type":"page","link":"https:\/\/ghinduction.com\/es-es\/innovacion\/id-en-electronica\/proyecto-de-sujecion\/","title":{"rendered":"Proyecto de sujeci\u00f3n"},"content":{"rendered":"","protected":false},"excerpt":{"rendered":"","protected":false},"author":1,"featured_media":0,"parent":21780,"menu_order":0,"comment_status":"closed","ping_status":"closed","template":"","meta":{"_acf_changed":false,"footnotes":""},"industry":[],"processes":[],"solutions":[],"class_list":["post-23025","page","type-page","status-publish","hentry"],"acf":[],"yoast_head":"<!-- This site is optimized with the Yoast SEO plugin v27.3 - https:\/\/yoast.com\/product\/yoast-seo-wordpress\/ -->\n<title>Proyecto de sujeci\u00f3n - GH Induction<\/title>\n<meta name=\"description\" content=\"El objetivo del proyecto es el desarrollo de un prototipo que permita el tratamiento t\u00e9rmico homog\u00e9neo de secciones cerradas de piezas de gran tama\u00f1o, con especial atenci\u00f3n a los grandes rodamientos utilizados en diversas industrias, especialmente como componente en turbinas e\u00f3licas. Se busca la adaptaci\u00f3n del prototipo a diferentes tratamientos t\u00e9rmicos como revenido, contracci\u00f3n, recocido, temple u otros procesos y a diferentes tipos de piezas cerradas de gran tama\u00f1o, que por sus dimensiones impidan un tratamiento homog\u00e9neo mediante la tecnolog\u00eda de inducci\u00f3n. Para un calentamiento homog\u00e9neo en toda la secci\u00f3n es necesario realizar un tratamiento por secciones de las piezas en tratamiento. La consecuci\u00f3n de los objetivos marcados por este proyecto mejorar\u00e1 significativamente los servicios ofrecidos para el tratamiento de este tipo de piezas, y aumentar\u00e1 la competitividad de la empresa en un sector, hoy por hoy, inexistente. Actualmente, este tipo de tratamiento se realiza mediante el uso convencional de grandes hornos. Este desarrollo permitir\u00e1 a GH posicionarse, frente a la competencia, como pionera en el tratamiento t\u00e9rmico de grandes piezas cerradas mediante tecnolog\u00eda de inducci\u00f3n. Todo ello manteniendo la durabilidad y las prestaciones del prototipo a desarrollar, dentro de un rango de valores \u00f3ptimos. El tipo de instalaci\u00f3n, objeto de este proyecto, supondr\u00eda la introducci\u00f3n de un producto actualmente demandado por el mercado. Los principales objetivos t\u00e9cnicos del proyecto son el desarrollo de las siguientes elementos, que componen el prototipo final objeto de desarrollo: Concepci\u00f3n, dise\u00f1o y evaluaci\u00f3n de nuevas t\u00e9cnicas de fabricaci\u00f3n de inductores con capacidad para tratar piezas cerradas de gran tama\u00f1o, cumpliendo valores \u00f3ptimos de rendimiento y fiabilidad. Concepci\u00f3n, dise\u00f1o y evaluaci\u00f3n de estaciones de calentamiento con capacidad para tratar grandes piezas cerradas, cumpliendo valores \u00f3ptimos de rendimiento y fiabilidad. Resumen del proyecto El alcance del proyecto se ha centrado en desarrollar un demostrador para el tratamiento de grandes piezas cerradas que cumpla unos valores \u00f3ptimos de rendimiento y fiabilidad. Por ello se han realizado satisfactoriamente los siguientes avances: Desarrollo de inductores para el tratamiento t\u00e9rmico de grandes piezas cerradas. Desarrollo de nuevas estaciones de calentamiento para el tratamiento t\u00e9rmico de grandes piezas cerradas. Desarrollo de prototipos mec\u00e1nicos y sistemas de transmisi\u00f3n.\" \/>\n<meta name=\"robots\" content=\"index, follow, max-snippet:-1, max-image-preview:large, max-video-preview:-1\" \/>\n<link rel=\"canonical\" href=\"https:\/\/ghinduction.com\/es-es\/innovacion\/id-en-electronica\/proyecto-de-sujecion\/\" \/>\n<meta property=\"og:locale\" content=\"es_ES\" \/>\n<meta property=\"og:type\" content=\"article\" \/>\n<meta property=\"og:title\" content=\"Proyecto de sujeci\u00f3n - GH Induction\" \/>\n<meta property=\"og:description\" content=\"El objetivo del proyecto es el desarrollo de un prototipo que permita el tratamiento t\u00e9rmico homog\u00e9neo de secciones cerradas de piezas de gran tama\u00f1o, con especial atenci\u00f3n a los grandes rodamientos utilizados en diversas industrias, especialmente como componente en turbinas e\u00f3licas. Se busca la adaptaci\u00f3n del prototipo a diferentes tratamientos t\u00e9rmicos como revenido, contracci\u00f3n, recocido, temple u otros procesos y a diferentes tipos de piezas cerradas de gran tama\u00f1o, que por sus dimensiones impidan un tratamiento homog\u00e9neo mediante la tecnolog\u00eda de inducci\u00f3n. Para un calentamiento homog\u00e9neo en toda la secci\u00f3n es necesario realizar un tratamiento por secciones de las piezas en tratamiento. La consecuci\u00f3n de los objetivos marcados por este proyecto mejorar\u00e1 significativamente los servicios ofrecidos para el tratamiento de este tipo de piezas, y aumentar\u00e1 la competitividad de la empresa en un sector, hoy por hoy, inexistente. Actualmente, este tipo de tratamiento se realiza mediante el uso convencional de grandes hornos. Este desarrollo permitir\u00e1 a GH posicionarse, frente a la competencia, como pionera en el tratamiento t\u00e9rmico de grandes piezas cerradas mediante tecnolog\u00eda de inducci\u00f3n. Todo ello manteniendo la durabilidad y las prestaciones del prototipo a desarrollar, dentro de un rango de valores \u00f3ptimos. El tipo de instalaci\u00f3n, objeto de este proyecto, supondr\u00eda la introducci\u00f3n de un producto actualmente demandado por el mercado. Los principales objetivos t\u00e9cnicos del proyecto son el desarrollo de las siguientes elementos, que componen el prototipo final objeto de desarrollo: Concepci\u00f3n, dise\u00f1o y evaluaci\u00f3n de nuevas t\u00e9cnicas de fabricaci\u00f3n de inductores con capacidad para tratar piezas cerradas de gran tama\u00f1o, cumpliendo valores \u00f3ptimos de rendimiento y fiabilidad. Concepci\u00f3n, dise\u00f1o y evaluaci\u00f3n de estaciones de calentamiento con capacidad para tratar grandes piezas cerradas, cumpliendo valores \u00f3ptimos de rendimiento y fiabilidad. Resumen del proyecto El alcance del proyecto se ha centrado en desarrollar un demostrador para el tratamiento de grandes piezas cerradas que cumpla unos valores \u00f3ptimos de rendimiento y fiabilidad. Por ello se han realizado satisfactoriamente los siguientes avances: Desarrollo de inductores para el tratamiento t\u00e9rmico de grandes piezas cerradas. Desarrollo de nuevas estaciones de calentamiento para el tratamiento t\u00e9rmico de grandes piezas cerradas. Desarrollo de prototipos mec\u00e1nicos y sistemas de transmisi\u00f3n.\" \/>\n<meta property=\"og:url\" content=\"https:\/\/ghinduction.com\/es-es\/innovacion\/id-en-electronica\/proyecto-de-sujecion\/\" \/>\n<meta property=\"og:site_name\" content=\"GH Induction Espa\u00f1a\" \/>\n<meta property=\"article:publisher\" content=\"https:\/\/www.facebook.com\/ghinductionheating\" \/>\n<meta property=\"article:modified_time\" content=\"2025-05-23T06:19:29+00:00\" \/>\n<meta name=\"twitter:card\" content=\"summary_large_image\" \/>\n<script type=\"application\/ld+json\" class=\"yoast-schema-graph\">{\"@context\":\"https:\\\/\\\/schema.org\",\"@graph\":[{\"@type\":\"WebPage\",\"@id\":\"https:\\\/\\\/ghinduction.com\\\/es-es\\\/innovacion\\\/id-en-electronica\\\/proyecto-de-sujecion\\\/\",\"url\":\"https:\\\/\\\/ghinduction.com\\\/es-es\\\/innovacion\\\/id-en-electronica\\\/proyecto-de-sujecion\\\/\",\"name\":\"Proyecto de sujeci\u00f3n - GH Induction\",\"isPartOf\":{\"@id\":\"https:\\\/\\\/ghinduction.com\\\/es-es\\\/#website\"},\"datePublished\":\"2023-04-18T11:59:26+00:00\",\"dateModified\":\"2025-05-23T06:19:29+00:00\",\"description\":\"El objetivo del proyecto es el desarrollo de un prototipo que permita el tratamiento t\u00e9rmico homog\u00e9neo de secciones cerradas de piezas de gran tama\u00f1o, con especial atenci\u00f3n a los grandes rodamientos utilizados en diversas industrias, especialmente como componente en turbinas e\u00f3licas. Se busca la adaptaci\u00f3n del prototipo a diferentes tratamientos t\u00e9rmicos como revenido, contracci\u00f3n, recocido, temple u otros procesos y a diferentes tipos de piezas cerradas de gran tama\u00f1o, que por sus dimensiones impidan un tratamiento homog\u00e9neo mediante la tecnolog\u00eda de inducci\u00f3n. Para un calentamiento homog\u00e9neo en toda la secci\u00f3n es necesario realizar un tratamiento por secciones de las piezas en tratamiento. La consecuci\u00f3n de los objetivos marcados por este proyecto mejorar\u00e1 significativamente los servicios ofrecidos para el tratamiento de este tipo de piezas, y aumentar\u00e1 la competitividad de la empresa en un sector, hoy por hoy, inexistente. Actualmente, este tipo de tratamiento se realiza mediante el uso convencional de grandes hornos. Este desarrollo permitir\u00e1 a GH posicionarse, frente a la competencia, como pionera en el tratamiento t\u00e9rmico de grandes piezas cerradas mediante tecnolog\u00eda de inducci\u00f3n. Todo ello manteniendo la durabilidad y las prestaciones del prototipo a desarrollar, dentro de un rango de valores \u00f3ptimos. El tipo de instalaci\u00f3n, objeto de este proyecto, supondr\u00eda la introducci\u00f3n de un producto actualmente demandado por el mercado. Los principales objetivos t\u00e9cnicos del proyecto son el desarrollo de las siguientes elementos, que componen el prototipo final objeto de desarrollo: Concepci\u00f3n, dise\u00f1o y evaluaci\u00f3n de nuevas t\u00e9cnicas de fabricaci\u00f3n de inductores con capacidad para tratar piezas cerradas de gran tama\u00f1o, cumpliendo valores \u00f3ptimos de rendimiento y fiabilidad. Concepci\u00f3n, dise\u00f1o y evaluaci\u00f3n de estaciones de calentamiento con capacidad para tratar grandes piezas cerradas, cumpliendo valores \u00f3ptimos de rendimiento y fiabilidad. Resumen del proyecto El alcance del proyecto se ha centrado en desarrollar un demostrador para el tratamiento de grandes piezas cerradas que cumpla unos valores \u00f3ptimos de rendimiento y fiabilidad. Por ello se han realizado satisfactoriamente los siguientes avances: Desarrollo de inductores para el tratamiento t\u00e9rmico de grandes piezas cerradas. Desarrollo de nuevas estaciones de calentamiento para el tratamiento t\u00e9rmico de grandes piezas cerradas. Desarrollo de prototipos mec\u00e1nicos y sistemas de transmisi\u00f3n.\",\"breadcrumb\":{\"@id\":\"https:\\\/\\\/ghinduction.com\\\/es-es\\\/innovacion\\\/id-en-electronica\\\/proyecto-de-sujecion\\\/#breadcrumb\"},\"inLanguage\":\"es\",\"potentialAction\":[{\"@type\":\"ReadAction\",\"target\":[\"https:\\\/\\\/ghinduction.com\\\/es-es\\\/innovacion\\\/id-en-electronica\\\/proyecto-de-sujecion\\\/\"]}]},{\"@type\":\"BreadcrumbList\",\"@id\":\"https:\\\/\\\/ghinduction.com\\\/es-es\\\/innovacion\\\/id-en-electronica\\\/proyecto-de-sujecion\\\/#breadcrumb\",\"itemListElement\":[{\"@type\":\"ListItem\",\"position\":1,\"name\":\"Home\",\"item\":\"https:\\\/\\\/ghinduction.com\\\/es-es\\\/\"},{\"@type\":\"ListItem\",\"position\":2,\"name\":\"Innovaci\u00f3n\",\"item\":\"https:\\\/\\\/ghinduction.com\\\/es-es\\\/innovacion\\\/\"},{\"@type\":\"ListItem\",\"position\":3,\"name\":\"I+D en electr\u00f3nica\",\"item\":\"https:\\\/\\\/ghinduction.com\\\/es-es\\\/innovacion\\\/id-en-electronica\\\/\"},{\"@type\":\"ListItem\",\"position\":4,\"name\":\"Proyecto de sujeci\u00f3n\"}]},{\"@type\":\"WebSite\",\"@id\":\"https:\\\/\\\/ghinduction.com\\\/es-es\\\/#website\",\"url\":\"https:\\\/\\\/ghinduction.com\\\/es-es\\\/\",\"name\":\"GH Induction - Experts in Induction Heat Treatment and Induction Heating\",\"description\":\"GH Induction offers advanced induction heat treatment and heating solutions for various industrial applications. With over 60 years of experience, our innovative systems ensure efficiency and quality across diverse sectors globally.\",\"publisher\":{\"@id\":\"https:\\\/\\\/ghinduction.com\\\/es-es\\\/#organization\"},\"alternateName\":\"GH Induction\",\"potentialAction\":[{\"@type\":\"SearchAction\",\"target\":{\"@type\":\"EntryPoint\",\"urlTemplate\":\"https:\\\/\\\/ghinduction.com\\\/es-es\\\/?s={search_term_string}\"},\"query-input\":{\"@type\":\"PropertyValueSpecification\",\"valueRequired\":true,\"valueName\":\"search_term_string\"}}],\"inLanguage\":\"es\"},{\"@type\":\"Organization\",\"@id\":\"https:\\\/\\\/ghinduction.com\\\/es-es\\\/#organization\",\"name\":\"GH Induction - Experts in Induction Heat Treatment and Induction Heating\",\"alternateName\":\"GH Induction\",\"url\":\"https:\\\/\\\/ghinduction.com\\\/es-es\\\/\",\"logo\":{\"@type\":\"ImageObject\",\"inLanguage\":\"es\",\"@id\":\"https:\\\/\\\/ghinduction.com\\\/es-es\\\/#\\\/schema\\\/logo\\\/image\\\/\",\"url\":\"https:\\\/\\\/ghinduction.com\\\/wp-content\\\/uploads\\\/2024\\\/05\\\/logo-gh-induction.png\",\"contentUrl\":\"https:\\\/\\\/ghinduction.com\\\/wp-content\\\/uploads\\\/2024\\\/05\\\/logo-gh-induction.png\",\"width\":225,\"height\":225,\"caption\":\"GH Induction - Experts in Induction Heat Treatment and Induction Heating\"},\"image\":{\"@id\":\"https:\\\/\\\/ghinduction.com\\\/es-es\\\/#\\\/schema\\\/logo\\\/image\\\/\"},\"sameAs\":[\"https:\\\/\\\/www.facebook.com\\\/ghinductionheating\",\"https:\\\/\\\/www.linkedin.com\\\/company\\\/gh-induction\\\/\",\"https:\\\/\\\/www.youtube.com\\\/user\\\/GhInduction\"]}]}<\/script>\n<!-- \/ Yoast SEO plugin. -->","yoast_head_json":{"title":"Proyecto de sujeci\u00f3n - GH Induction","description":"El objetivo del proyecto es el desarrollo de un prototipo que permita el tratamiento t\u00e9rmico homog\u00e9neo de secciones cerradas de piezas de gran tama\u00f1o, con especial atenci\u00f3n a los grandes rodamientos utilizados en diversas industrias, especialmente como componente en turbinas e\u00f3licas. Se busca la adaptaci\u00f3n del prototipo a diferentes tratamientos t\u00e9rmicos como revenido, contracci\u00f3n, recocido, temple u otros procesos y a diferentes tipos de piezas cerradas de gran tama\u00f1o, que por sus dimensiones impidan un tratamiento homog\u00e9neo mediante la tecnolog\u00eda de inducci\u00f3n. Para un calentamiento homog\u00e9neo en toda la secci\u00f3n es necesario realizar un tratamiento por secciones de las piezas en tratamiento. La consecuci\u00f3n de los objetivos marcados por este proyecto mejorar\u00e1 significativamente los servicios ofrecidos para el tratamiento de este tipo de piezas, y aumentar\u00e1 la competitividad de la empresa en un sector, hoy por hoy, inexistente. Actualmente, este tipo de tratamiento se realiza mediante el uso convencional de grandes hornos. Este desarrollo permitir\u00e1 a GH posicionarse, frente a la competencia, como pionera en el tratamiento t\u00e9rmico de grandes piezas cerradas mediante tecnolog\u00eda de inducci\u00f3n. Todo ello manteniendo la durabilidad y las prestaciones del prototipo a desarrollar, dentro de un rango de valores \u00f3ptimos. El tipo de instalaci\u00f3n, objeto de este proyecto, supondr\u00eda la introducci\u00f3n de un producto actualmente demandado por el mercado. Los principales objetivos t\u00e9cnicos del proyecto son el desarrollo de las siguientes elementos, que componen el prototipo final objeto de desarrollo: Concepci\u00f3n, dise\u00f1o y evaluaci\u00f3n de nuevas t\u00e9cnicas de fabricaci\u00f3n de inductores con capacidad para tratar piezas cerradas de gran tama\u00f1o, cumpliendo valores \u00f3ptimos de rendimiento y fiabilidad. Concepci\u00f3n, dise\u00f1o y evaluaci\u00f3n de estaciones de calentamiento con capacidad para tratar grandes piezas cerradas, cumpliendo valores \u00f3ptimos de rendimiento y fiabilidad. Resumen del proyecto El alcance del proyecto se ha centrado en desarrollar un demostrador para el tratamiento de grandes piezas cerradas que cumpla unos valores \u00f3ptimos de rendimiento y fiabilidad. Por ello se han realizado satisfactoriamente los siguientes avances: Desarrollo de inductores para el tratamiento t\u00e9rmico de grandes piezas cerradas. Desarrollo de nuevas estaciones de calentamiento para el tratamiento t\u00e9rmico de grandes piezas cerradas. Desarrollo de prototipos mec\u00e1nicos y sistemas de transmisi\u00f3n.","robots":{"index":"index","follow":"follow","max-snippet":"max-snippet:-1","max-image-preview":"max-image-preview:large","max-video-preview":"max-video-preview:-1"},"canonical":"https:\/\/ghinduction.com\/es-es\/innovacion\/id-en-electronica\/proyecto-de-sujecion\/","og_locale":"es_ES","og_type":"article","og_title":"Proyecto de sujeci\u00f3n - GH Induction","og_description":"El objetivo del proyecto es el desarrollo de un prototipo que permita el tratamiento t\u00e9rmico homog\u00e9neo de secciones cerradas de piezas de gran tama\u00f1o, con especial atenci\u00f3n a los grandes rodamientos utilizados en diversas industrias, especialmente como componente en turbinas e\u00f3licas. Se busca la adaptaci\u00f3n del prototipo a diferentes tratamientos t\u00e9rmicos como revenido, contracci\u00f3n, recocido, temple u otros procesos y a diferentes tipos de piezas cerradas de gran tama\u00f1o, que por sus dimensiones impidan un tratamiento homog\u00e9neo mediante la tecnolog\u00eda de inducci\u00f3n. Para un calentamiento homog\u00e9neo en toda la secci\u00f3n es necesario realizar un tratamiento por secciones de las piezas en tratamiento. La consecuci\u00f3n de los objetivos marcados por este proyecto mejorar\u00e1 significativamente los servicios ofrecidos para el tratamiento de este tipo de piezas, y aumentar\u00e1 la competitividad de la empresa en un sector, hoy por hoy, inexistente. Actualmente, este tipo de tratamiento se realiza mediante el uso convencional de grandes hornos. Este desarrollo permitir\u00e1 a GH posicionarse, frente a la competencia, como pionera en el tratamiento t\u00e9rmico de grandes piezas cerradas mediante tecnolog\u00eda de inducci\u00f3n. Todo ello manteniendo la durabilidad y las prestaciones del prototipo a desarrollar, dentro de un rango de valores \u00f3ptimos. El tipo de instalaci\u00f3n, objeto de este proyecto, supondr\u00eda la introducci\u00f3n de un producto actualmente demandado por el mercado. Los principales objetivos t\u00e9cnicos del proyecto son el desarrollo de las siguientes elementos, que componen el prototipo final objeto de desarrollo: Concepci\u00f3n, dise\u00f1o y evaluaci\u00f3n de nuevas t\u00e9cnicas de fabricaci\u00f3n de inductores con capacidad para tratar piezas cerradas de gran tama\u00f1o, cumpliendo valores \u00f3ptimos de rendimiento y fiabilidad. Concepci\u00f3n, dise\u00f1o y evaluaci\u00f3n de estaciones de calentamiento con capacidad para tratar grandes piezas cerradas, cumpliendo valores \u00f3ptimos de rendimiento y fiabilidad. Resumen del proyecto El alcance del proyecto se ha centrado en desarrollar un demostrador para el tratamiento de grandes piezas cerradas que cumpla unos valores \u00f3ptimos de rendimiento y fiabilidad. Por ello se han realizado satisfactoriamente los siguientes avances: Desarrollo de inductores para el tratamiento t\u00e9rmico de grandes piezas cerradas. Desarrollo de nuevas estaciones de calentamiento para el tratamiento t\u00e9rmico de grandes piezas cerradas. Desarrollo de prototipos mec\u00e1nicos y sistemas de transmisi\u00f3n.","og_url":"https:\/\/ghinduction.com\/es-es\/innovacion\/id-en-electronica\/proyecto-de-sujecion\/","og_site_name":"GH Induction Espa\u00f1a","article_publisher":"https:\/\/www.facebook.com\/ghinductionheating","article_modified_time":"2025-05-23T06:19:29+00:00","twitter_card":"summary_large_image","schema":{"@context":"https:\/\/schema.org","@graph":[{"@type":"WebPage","@id":"https:\/\/ghinduction.com\/es-es\/innovacion\/id-en-electronica\/proyecto-de-sujecion\/","url":"https:\/\/ghinduction.com\/es-es\/innovacion\/id-en-electronica\/proyecto-de-sujecion\/","name":"Proyecto de sujeci\u00f3n - GH Induction","isPartOf":{"@id":"https:\/\/ghinduction.com\/es-es\/#website"},"datePublished":"2023-04-18T11:59:26+00:00","dateModified":"2025-05-23T06:19:29+00:00","description":"El objetivo del proyecto es el desarrollo de un prototipo que permita el tratamiento t\u00e9rmico homog\u00e9neo de secciones cerradas de piezas de gran tama\u00f1o, con especial atenci\u00f3n a los grandes rodamientos utilizados en diversas industrias, especialmente como componente en turbinas e\u00f3licas. Se busca la adaptaci\u00f3n del prototipo a diferentes tratamientos t\u00e9rmicos como revenido, contracci\u00f3n, recocido, temple u otros procesos y a diferentes tipos de piezas cerradas de gran tama\u00f1o, que por sus dimensiones impidan un tratamiento homog\u00e9neo mediante la tecnolog\u00eda de inducci\u00f3n. Para un calentamiento homog\u00e9neo en toda la secci\u00f3n es necesario realizar un tratamiento por secciones de las piezas en tratamiento. La consecuci\u00f3n de los objetivos marcados por este proyecto mejorar\u00e1 significativamente los servicios ofrecidos para el tratamiento de este tipo de piezas, y aumentar\u00e1 la competitividad de la empresa en un sector, hoy por hoy, inexistente. Actualmente, este tipo de tratamiento se realiza mediante el uso convencional de grandes hornos. Este desarrollo permitir\u00e1 a GH posicionarse, frente a la competencia, como pionera en el tratamiento t\u00e9rmico de grandes piezas cerradas mediante tecnolog\u00eda de inducci\u00f3n. Todo ello manteniendo la durabilidad y las prestaciones del prototipo a desarrollar, dentro de un rango de valores \u00f3ptimos. El tipo de instalaci\u00f3n, objeto de este proyecto, supondr\u00eda la introducci\u00f3n de un producto actualmente demandado por el mercado. Los principales objetivos t\u00e9cnicos del proyecto son el desarrollo de las siguientes elementos, que componen el prototipo final objeto de desarrollo: Concepci\u00f3n, dise\u00f1o y evaluaci\u00f3n de nuevas t\u00e9cnicas de fabricaci\u00f3n de inductores con capacidad para tratar piezas cerradas de gran tama\u00f1o, cumpliendo valores \u00f3ptimos de rendimiento y fiabilidad. Concepci\u00f3n, dise\u00f1o y evaluaci\u00f3n de estaciones de calentamiento con capacidad para tratar grandes piezas cerradas, cumpliendo valores \u00f3ptimos de rendimiento y fiabilidad. Resumen del proyecto El alcance del proyecto se ha centrado en desarrollar un demostrador para el tratamiento de grandes piezas cerradas que cumpla unos valores \u00f3ptimos de rendimiento y fiabilidad. Por ello se han realizado satisfactoriamente los siguientes avances: Desarrollo de inductores para el tratamiento t\u00e9rmico de grandes piezas cerradas. Desarrollo de nuevas estaciones de calentamiento para el tratamiento t\u00e9rmico de grandes piezas cerradas. Desarrollo de prototipos mec\u00e1nicos y sistemas de transmisi\u00f3n.","breadcrumb":{"@id":"https:\/\/ghinduction.com\/es-es\/innovacion\/id-en-electronica\/proyecto-de-sujecion\/#breadcrumb"},"inLanguage":"es","potentialAction":[{"@type":"ReadAction","target":["https:\/\/ghinduction.com\/es-es\/innovacion\/id-en-electronica\/proyecto-de-sujecion\/"]}]},{"@type":"BreadcrumbList","@id":"https:\/\/ghinduction.com\/es-es\/innovacion\/id-en-electronica\/proyecto-de-sujecion\/#breadcrumb","itemListElement":[{"@type":"ListItem","position":1,"name":"Home","item":"https:\/\/ghinduction.com\/es-es\/"},{"@type":"ListItem","position":2,"name":"Innovaci\u00f3n","item":"https:\/\/ghinduction.com\/es-es\/innovacion\/"},{"@type":"ListItem","position":3,"name":"I+D en electr\u00f3nica","item":"https:\/\/ghinduction.com\/es-es\/innovacion\/id-en-electronica\/"},{"@type":"ListItem","position":4,"name":"Proyecto de sujeci\u00f3n"}]},{"@type":"WebSite","@id":"https:\/\/ghinduction.com\/es-es\/#website","url":"https:\/\/ghinduction.com\/es-es\/","name":"GH Induction - Experts in Induction Heat Treatment and Induction Heating","description":"GH Induction offers advanced induction heat treatment and heating solutions for various industrial applications. With over 60 years of experience, our innovative systems ensure efficiency and quality across diverse sectors globally.","publisher":{"@id":"https:\/\/ghinduction.com\/es-es\/#organization"},"alternateName":"GH Induction","potentialAction":[{"@type":"SearchAction","target":{"@type":"EntryPoint","urlTemplate":"https:\/\/ghinduction.com\/es-es\/?s={search_term_string}"},"query-input":{"@type":"PropertyValueSpecification","valueRequired":true,"valueName":"search_term_string"}}],"inLanguage":"es"},{"@type":"Organization","@id":"https:\/\/ghinduction.com\/es-es\/#organization","name":"GH Induction - Experts in Induction Heat Treatment and Induction Heating","alternateName":"GH Induction","url":"https:\/\/ghinduction.com\/es-es\/","logo":{"@type":"ImageObject","inLanguage":"es","@id":"https:\/\/ghinduction.com\/es-es\/#\/schema\/logo\/image\/","url":"https:\/\/ghinduction.com\/wp-content\/uploads\/2024\/05\/logo-gh-induction.png","contentUrl":"https:\/\/ghinduction.com\/wp-content\/uploads\/2024\/05\/logo-gh-induction.png","width":225,"height":225,"caption":"GH Induction - Experts in Induction Heat Treatment and Induction Heating"},"image":{"@id":"https:\/\/ghinduction.com\/es-es\/#\/schema\/logo\/image\/"},"sameAs":["https:\/\/www.facebook.com\/ghinductionheating","https:\/\/www.linkedin.com\/company\/gh-induction\/","https:\/\/www.youtube.com\/user\/GhInduction"]}]}},"_links":{"self":[{"href":"https:\/\/ghinduction.com\/es-es\/wp-json\/wp\/v2\/pages\/23025","targetHints":{"allow":["GET"]}}],"collection":[{"href":"https:\/\/ghinduction.com\/es-es\/wp-json\/wp\/v2\/pages"}],"about":[{"href":"https:\/\/ghinduction.com\/es-es\/wp-json\/wp\/v2\/types\/page"}],"author":[{"embeddable":true,"href":"https:\/\/ghinduction.com\/es-es\/wp-json\/wp\/v2\/users\/1"}],"replies":[{"embeddable":true,"href":"https:\/\/ghinduction.com\/es-es\/wp-json\/wp\/v2\/comments?post=23025"}],"version-history":[{"count":0,"href":"https:\/\/ghinduction.com\/es-es\/wp-json\/wp\/v2\/pages\/23025\/revisions"}],"up":[{"embeddable":true,"href":"https:\/\/ghinduction.com\/es-es\/wp-json\/wp\/v2\/pages\/21780"}],"wp:attachment":[{"href":"https:\/\/ghinduction.com\/es-es\/wp-json\/wp\/v2\/media?parent=23025"}],"wp:term":[{"taxonomy":"industry","embeddable":true,"href":"https:\/\/ghinduction.com\/es-es\/wp-json\/wp\/v2\/industry?post=23025"},{"taxonomy":"processes","embeddable":true,"href":"https:\/\/ghinduction.com\/es-es\/wp-json\/wp\/v2\/processes?post=23025"},{"taxonomy":"solutions","embeddable":true,"href":"https:\/\/ghinduction.com\/es-es\/wp-json\/wp\/v2\/solutions?post=23025"}],"curies":[{"name":"wp","href":"https:\/\/api.w.org\/{rel}","templated":true}]}}