{"id":23132,"date":"2023-07-15T21:11:17","date_gmt":"2023-07-15T21:11:17","guid":{"rendered":"https:\/\/ghinduction.com\/innovacion\/id-en-aplicacion__trashed\/proyecto-core-less\/"},"modified":"2023-07-17T12:08:22","modified_gmt":"2023-07-17T12:08:22","slug":"proyecto-core-less","status":"publish","type":"page","link":"https:\/\/ghinduction.com\/es-es\/innovacion\/i-d-aplicaciones\/proyecto-core-less\/","title":{"rendered":"Proyecto CORE-LESS"},"content":{"rendered":"","protected":false},"excerpt":{"rendered":"","protected":false},"author":4,"featured_media":0,"parent":23151,"menu_order":0,"comment_status":"closed","ping_status":"closed","template":"","meta":{"_acf_changed":false,"footnotes":""},"industry":[],"processes":[],"solutions":[],"class_list":["post-23132","page","type-page","status-publish","hentry"],"acf":[],"yoast_head":"<!-- This site is optimized with the Yoast SEO plugin v27.3 - https:\/\/yoast.com\/product\/yoast-seo-wordpress\/ -->\n<title>Proyecto CORE-LESS - GH Induction<\/title>\n<meta name=\"description\" content=\"El objetivo t\u00e9cnico del proyecto es desarrollar un sistema de inducci\u00f3n con capacidad para la realizaci\u00f3n de tratamientos t\u00e9rmicos de stress-relief en tubos de gran di\u00e1metro disponiendo de un ajuste fino del diferencial de temperaturas entre la temperatura objetivo y los diferentes puntos de medici\u00f3n, sin el empleo de impeders o bobinas de cortocircuito, as\u00ed como adicionalmente prolongar los tiempos de homogeneizaci\u00f3n para incrementar las propiedades mec\u00e1nicas finales de los materiales objeto de tratamiento. El incremento de los tiempos de homogeneizaci\u00f3n es una de las crecientes demandas que exige el mercado, posibilitar dicho incremento sin el empleo de impeders y manteniendo las diferencias de temperatura, especialmente entre el extremo del tubo y la temperatura objetivo, es el gran reto al que se enfrenta la empresa acometiendo el presente desarrollo. La mejora de las prestaciones del presente desarrollo frente a los equipos actuales permitir\u00e1 cumplir las nuevas exigencias especialmente la calidad y rendimiento del proceso, as\u00ed como una reducci\u00f3n del mantenimiento y de las paradas no deseadas que limitan la productividad, tras la eliminaci\u00f3n de elementos de desgaste de elevado coste y ciclos de vida \u00fatil reducido. Los objetivos t\u00e9cnicos generales del proyecto son los siguientes: Concepci\u00f3n, dise\u00f1o y desarrollo de inductores que posibiliten la realizaci\u00f3n de tratamientos t\u00e9rmicos de stress relief sin el empleo de impeders y con un ajuste fino de la diferencia de temperaturas con la temperatura objetivo. Concepci\u00f3n, dise\u00f1o y desarrollo de estaciones de calentamiento que posibiliten la realizaci\u00f3n de tratamientos t\u00e9rmicos de stress relief sin el empleo de impeders y con un ajuste fino de la diferencia de temperaturas con la temperatura objetivo. Concepci\u00f3n y dise\u00f1o de la estructura mec\u00e1nica que posibilite, la realizaci\u00f3n de tratamientos t\u00e9rmicos de stress relief sin el empleo de impeders y con un ajuste fino de la diferencia de temperaturas con la temperatura objetivo. Concepci\u00f3n, dise\u00f1o y desarrollo del control que posibilite la realizaci\u00f3n del tratamiento objetivo. Resumen del proyecto El alcance del proyecto se ha centrado en el desarrollo de las siguientes tecnolog\u00edas: Dise\u00f1o y desarrollo mec\u00e1nico. Dise\u00f1o y desarrollo del oscilador. Dise\u00f1o y desarrollo del inductor. Dise\u00f1o del generador. Dise\u00f1o del equipo de refrigeraci\u00f3n. Dise\u00f1o y desarrollo del equipo de control.\" \/>\n<meta name=\"robots\" content=\"index, follow, max-snippet:-1, max-image-preview:large, max-video-preview:-1\" \/>\n<link rel=\"canonical\" href=\"https:\/\/ghinduction.com\/es-es\/innovacion\/i-d-aplicaciones\/proyecto-core-less\/\" \/>\n<meta property=\"og:locale\" content=\"es_ES\" \/>\n<meta property=\"og:type\" content=\"article\" \/>\n<meta property=\"og:title\" content=\"Proyecto CORE-LESS - GH Induction\" \/>\n<meta property=\"og:description\" content=\"El objetivo t\u00e9cnico del proyecto es desarrollar un sistema de inducci\u00f3n con capacidad para la realizaci\u00f3n de tratamientos t\u00e9rmicos de stress-relief en tubos de gran di\u00e1metro disponiendo de un ajuste fino del diferencial de temperaturas entre la temperatura objetivo y los diferentes puntos de medici\u00f3n, sin el empleo de impeders o bobinas de cortocircuito, as\u00ed como adicionalmente prolongar los tiempos de homogeneizaci\u00f3n para incrementar las propiedades mec\u00e1nicas finales de los materiales objeto de tratamiento. El incremento de los tiempos de homogeneizaci\u00f3n es una de las crecientes demandas que exige el mercado, posibilitar dicho incremento sin el empleo de impeders y manteniendo las diferencias de temperatura, especialmente entre el extremo del tubo y la temperatura objetivo, es el gran reto al que se enfrenta la empresa acometiendo el presente desarrollo. La mejora de las prestaciones del presente desarrollo frente a los equipos actuales permitir\u00e1 cumplir las nuevas exigencias especialmente la calidad y rendimiento del proceso, as\u00ed como una reducci\u00f3n del mantenimiento y de las paradas no deseadas que limitan la productividad, tras la eliminaci\u00f3n de elementos de desgaste de elevado coste y ciclos de vida \u00fatil reducido. Los objetivos t\u00e9cnicos generales del proyecto son los siguientes: Concepci\u00f3n, dise\u00f1o y desarrollo de inductores que posibiliten la realizaci\u00f3n de tratamientos t\u00e9rmicos de stress relief sin el empleo de impeders y con un ajuste fino de la diferencia de temperaturas con la temperatura objetivo. Concepci\u00f3n, dise\u00f1o y desarrollo de estaciones de calentamiento que posibiliten la realizaci\u00f3n de tratamientos t\u00e9rmicos de stress relief sin el empleo de impeders y con un ajuste fino de la diferencia de temperaturas con la temperatura objetivo. Concepci\u00f3n y dise\u00f1o de la estructura mec\u00e1nica que posibilite, la realizaci\u00f3n de tratamientos t\u00e9rmicos de stress relief sin el empleo de impeders y con un ajuste fino de la diferencia de temperaturas con la temperatura objetivo. Concepci\u00f3n, dise\u00f1o y desarrollo del control que posibilite la realizaci\u00f3n del tratamiento objetivo. Resumen del proyecto El alcance del proyecto se ha centrado en el desarrollo de las siguientes tecnolog\u00edas: Dise\u00f1o y desarrollo mec\u00e1nico. Dise\u00f1o y desarrollo del oscilador. Dise\u00f1o y desarrollo del inductor. Dise\u00f1o del generador. Dise\u00f1o del equipo de refrigeraci\u00f3n. Dise\u00f1o y desarrollo del equipo de control.\" \/>\n<meta property=\"og:url\" content=\"https:\/\/ghinduction.com\/es-es\/innovacion\/i-d-aplicaciones\/proyecto-core-less\/\" \/>\n<meta property=\"og:site_name\" content=\"GH Induction Espa\u00f1a\" \/>\n<meta property=\"article:publisher\" content=\"https:\/\/www.facebook.com\/ghinductionheating\" \/>\n<meta property=\"article:modified_time\" content=\"2023-07-17T12:08:22+00:00\" \/>\n<meta name=\"twitter:card\" content=\"summary_large_image\" \/>\n<script type=\"application\/ld+json\" class=\"yoast-schema-graph\">{\"@context\":\"https:\\\/\\\/schema.org\",\"@graph\":[{\"@type\":\"WebPage\",\"@id\":\"https:\\\/\\\/ghinduction.com\\\/es-es\\\/innovacion\\\/i-d-aplicaciones\\\/proyecto-core-less\\\/\",\"url\":\"https:\\\/\\\/ghinduction.com\\\/es-es\\\/innovacion\\\/i-d-aplicaciones\\\/proyecto-core-less\\\/\",\"name\":\"Proyecto CORE-LESS - GH Induction\",\"isPartOf\":{\"@id\":\"https:\\\/\\\/ghinduction.com\\\/es-es\\\/#website\"},\"datePublished\":\"2023-07-15T21:11:17+00:00\",\"dateModified\":\"2023-07-17T12:08:22+00:00\",\"description\":\"El objetivo t\u00e9cnico del proyecto es desarrollar un sistema de inducci\u00f3n con capacidad para la realizaci\u00f3n de tratamientos t\u00e9rmicos de stress-relief en tubos de gran di\u00e1metro disponiendo de un ajuste fino del diferencial de temperaturas entre la temperatura objetivo y los diferentes puntos de medici\u00f3n, sin el empleo de impeders o bobinas de cortocircuito, as\u00ed como adicionalmente prolongar los tiempos de homogeneizaci\u00f3n para incrementar las propiedades mec\u00e1nicas finales de los materiales objeto de tratamiento. El incremento de los tiempos de homogeneizaci\u00f3n es una de las crecientes demandas que exige el mercado, posibilitar dicho incremento sin el empleo de impeders y manteniendo las diferencias de temperatura, especialmente entre el extremo del tubo y la temperatura objetivo, es el gran reto al que se enfrenta la empresa acometiendo el presente desarrollo. La mejora de las prestaciones del presente desarrollo frente a los equipos actuales permitir\u00e1 cumplir las nuevas exigencias especialmente la calidad y rendimiento del proceso, as\u00ed como una reducci\u00f3n del mantenimiento y de las paradas no deseadas que limitan la productividad, tras la eliminaci\u00f3n de elementos de desgaste de elevado coste y ciclos de vida \u00fatil reducido. Los objetivos t\u00e9cnicos generales del proyecto son los siguientes: Concepci\u00f3n, dise\u00f1o y desarrollo de inductores que posibiliten la realizaci\u00f3n de tratamientos t\u00e9rmicos de stress relief sin el empleo de impeders y con un ajuste fino de la diferencia de temperaturas con la temperatura objetivo. Concepci\u00f3n, dise\u00f1o y desarrollo de estaciones de calentamiento que posibiliten la realizaci\u00f3n de tratamientos t\u00e9rmicos de stress relief sin el empleo de impeders y con un ajuste fino de la diferencia de temperaturas con la temperatura objetivo. Concepci\u00f3n y dise\u00f1o de la estructura mec\u00e1nica que posibilite, la realizaci\u00f3n de tratamientos t\u00e9rmicos de stress relief sin el empleo de impeders y con un ajuste fino de la diferencia de temperaturas con la temperatura objetivo. Concepci\u00f3n, dise\u00f1o y desarrollo del control que posibilite la realizaci\u00f3n del tratamiento objetivo. Resumen del proyecto El alcance del proyecto se ha centrado en el desarrollo de las siguientes tecnolog\u00edas: Dise\u00f1o y desarrollo mec\u00e1nico. Dise\u00f1o y desarrollo del oscilador. Dise\u00f1o y desarrollo del inductor. Dise\u00f1o del generador. Dise\u00f1o del equipo de refrigeraci\u00f3n. Dise\u00f1o y desarrollo del equipo de control.\",\"breadcrumb\":{\"@id\":\"https:\\\/\\\/ghinduction.com\\\/es-es\\\/innovacion\\\/i-d-aplicaciones\\\/proyecto-core-less\\\/#breadcrumb\"},\"inLanguage\":\"es\",\"potentialAction\":[{\"@type\":\"ReadAction\",\"target\":[\"https:\\\/\\\/ghinduction.com\\\/es-es\\\/innovacion\\\/i-d-aplicaciones\\\/proyecto-core-less\\\/\"]}]},{\"@type\":\"BreadcrumbList\",\"@id\":\"https:\\\/\\\/ghinduction.com\\\/es-es\\\/innovacion\\\/i-d-aplicaciones\\\/proyecto-core-less\\\/#breadcrumb\",\"itemListElement\":[{\"@type\":\"ListItem\",\"position\":1,\"name\":\"Home\",\"item\":\"https:\\\/\\\/ghinduction.com\\\/es-es\\\/\"},{\"@type\":\"ListItem\",\"position\":2,\"name\":\"Innovaci\u00f3n\",\"item\":\"https:\\\/\\\/ghinduction.com\\\/es-es\\\/innovacion\\\/\"},{\"@type\":\"ListItem\",\"position\":3,\"name\":\"I+D en aplicaci\u00f3n\",\"item\":\"https:\\\/\\\/ghinduction.com\\\/es-es\\\/innovacion\\\/i-d-aplicaciones\\\/\"},{\"@type\":\"ListItem\",\"position\":4,\"name\":\"Proyecto CORE-LESS\"}]},{\"@type\":\"WebSite\",\"@id\":\"https:\\\/\\\/ghinduction.com\\\/es-es\\\/#website\",\"url\":\"https:\\\/\\\/ghinduction.com\\\/es-es\\\/\",\"name\":\"GH Induction - Experts in Induction Heat Treatment and Induction Heating\",\"description\":\"GH Induction offers advanced induction heat treatment and heating solutions for various industrial applications. With over 60 years of experience, our innovative systems ensure efficiency and quality across diverse sectors globally.\",\"publisher\":{\"@id\":\"https:\\\/\\\/ghinduction.com\\\/es-es\\\/#organization\"},\"alternateName\":\"GH Induction\",\"potentialAction\":[{\"@type\":\"SearchAction\",\"target\":{\"@type\":\"EntryPoint\",\"urlTemplate\":\"https:\\\/\\\/ghinduction.com\\\/es-es\\\/?s={search_term_string}\"},\"query-input\":{\"@type\":\"PropertyValueSpecification\",\"valueRequired\":true,\"valueName\":\"search_term_string\"}}],\"inLanguage\":\"es\"},{\"@type\":\"Organization\",\"@id\":\"https:\\\/\\\/ghinduction.com\\\/es-es\\\/#organization\",\"name\":\"GH Induction - Experts in Induction Heat Treatment and Induction Heating\",\"alternateName\":\"GH Induction\",\"url\":\"https:\\\/\\\/ghinduction.com\\\/es-es\\\/\",\"logo\":{\"@type\":\"ImageObject\",\"inLanguage\":\"es\",\"@id\":\"https:\\\/\\\/ghinduction.com\\\/es-es\\\/#\\\/schema\\\/logo\\\/image\\\/\",\"url\":\"https:\\\/\\\/ghinduction.com\\\/wp-content\\\/uploads\\\/2024\\\/05\\\/logo-gh-induction.png\",\"contentUrl\":\"https:\\\/\\\/ghinduction.com\\\/wp-content\\\/uploads\\\/2024\\\/05\\\/logo-gh-induction.png\",\"width\":225,\"height\":225,\"caption\":\"GH Induction - Experts in Induction Heat Treatment and Induction Heating\"},\"image\":{\"@id\":\"https:\\\/\\\/ghinduction.com\\\/es-es\\\/#\\\/schema\\\/logo\\\/image\\\/\"},\"sameAs\":[\"https:\\\/\\\/www.facebook.com\\\/ghinductionheating\",\"https:\\\/\\\/www.linkedin.com\\\/company\\\/gh-induction\\\/\",\"https:\\\/\\\/www.youtube.com\\\/user\\\/GhInduction\"]}]}<\/script>\n<!-- \/ Yoast SEO plugin. -->","yoast_head_json":{"title":"Proyecto CORE-LESS - GH Induction","description":"El objetivo t\u00e9cnico del proyecto es desarrollar un sistema de inducci\u00f3n con capacidad para la realizaci\u00f3n de tratamientos t\u00e9rmicos de stress-relief en tubos de gran di\u00e1metro disponiendo de un ajuste fino del diferencial de temperaturas entre la temperatura objetivo y los diferentes puntos de medici\u00f3n, sin el empleo de impeders o bobinas de cortocircuito, as\u00ed como adicionalmente prolongar los tiempos de homogeneizaci\u00f3n para incrementar las propiedades mec\u00e1nicas finales de los materiales objeto de tratamiento. El incremento de los tiempos de homogeneizaci\u00f3n es una de las crecientes demandas que exige el mercado, posibilitar dicho incremento sin el empleo de impeders y manteniendo las diferencias de temperatura, especialmente entre el extremo del tubo y la temperatura objetivo, es el gran reto al que se enfrenta la empresa acometiendo el presente desarrollo. La mejora de las prestaciones del presente desarrollo frente a los equipos actuales permitir\u00e1 cumplir las nuevas exigencias especialmente la calidad y rendimiento del proceso, as\u00ed como una reducci\u00f3n del mantenimiento y de las paradas no deseadas que limitan la productividad, tras la eliminaci\u00f3n de elementos de desgaste de elevado coste y ciclos de vida \u00fatil reducido. Los objetivos t\u00e9cnicos generales del proyecto son los siguientes: Concepci\u00f3n, dise\u00f1o y desarrollo de inductores que posibiliten la realizaci\u00f3n de tratamientos t\u00e9rmicos de stress relief sin el empleo de impeders y con un ajuste fino de la diferencia de temperaturas con la temperatura objetivo. Concepci\u00f3n, dise\u00f1o y desarrollo de estaciones de calentamiento que posibiliten la realizaci\u00f3n de tratamientos t\u00e9rmicos de stress relief sin el empleo de impeders y con un ajuste fino de la diferencia de temperaturas con la temperatura objetivo. Concepci\u00f3n y dise\u00f1o de la estructura mec\u00e1nica que posibilite, la realizaci\u00f3n de tratamientos t\u00e9rmicos de stress relief sin el empleo de impeders y con un ajuste fino de la diferencia de temperaturas con la temperatura objetivo. Concepci\u00f3n, dise\u00f1o y desarrollo del control que posibilite la realizaci\u00f3n del tratamiento objetivo. Resumen del proyecto El alcance del proyecto se ha centrado en el desarrollo de las siguientes tecnolog\u00edas: Dise\u00f1o y desarrollo mec\u00e1nico. Dise\u00f1o y desarrollo del oscilador. Dise\u00f1o y desarrollo del inductor. Dise\u00f1o del generador. Dise\u00f1o del equipo de refrigeraci\u00f3n. Dise\u00f1o y desarrollo del equipo de control.","robots":{"index":"index","follow":"follow","max-snippet":"max-snippet:-1","max-image-preview":"max-image-preview:large","max-video-preview":"max-video-preview:-1"},"canonical":"https:\/\/ghinduction.com\/es-es\/innovacion\/i-d-aplicaciones\/proyecto-core-less\/","og_locale":"es_ES","og_type":"article","og_title":"Proyecto CORE-LESS - GH Induction","og_description":"El objetivo t\u00e9cnico del proyecto es desarrollar un sistema de inducci\u00f3n con capacidad para la realizaci\u00f3n de tratamientos t\u00e9rmicos de stress-relief en tubos de gran di\u00e1metro disponiendo de un ajuste fino del diferencial de temperaturas entre la temperatura objetivo y los diferentes puntos de medici\u00f3n, sin el empleo de impeders o bobinas de cortocircuito, as\u00ed como adicionalmente prolongar los tiempos de homogeneizaci\u00f3n para incrementar las propiedades mec\u00e1nicas finales de los materiales objeto de tratamiento. El incremento de los tiempos de homogeneizaci\u00f3n es una de las crecientes demandas que exige el mercado, posibilitar dicho incremento sin el empleo de impeders y manteniendo las diferencias de temperatura, especialmente entre el extremo del tubo y la temperatura objetivo, es el gran reto al que se enfrenta la empresa acometiendo el presente desarrollo. La mejora de las prestaciones del presente desarrollo frente a los equipos actuales permitir\u00e1 cumplir las nuevas exigencias especialmente la calidad y rendimiento del proceso, as\u00ed como una reducci\u00f3n del mantenimiento y de las paradas no deseadas que limitan la productividad, tras la eliminaci\u00f3n de elementos de desgaste de elevado coste y ciclos de vida \u00fatil reducido. Los objetivos t\u00e9cnicos generales del proyecto son los siguientes: Concepci\u00f3n, dise\u00f1o y desarrollo de inductores que posibiliten la realizaci\u00f3n de tratamientos t\u00e9rmicos de stress relief sin el empleo de impeders y con un ajuste fino de la diferencia de temperaturas con la temperatura objetivo. Concepci\u00f3n, dise\u00f1o y desarrollo de estaciones de calentamiento que posibiliten la realizaci\u00f3n de tratamientos t\u00e9rmicos de stress relief sin el empleo de impeders y con un ajuste fino de la diferencia de temperaturas con la temperatura objetivo. Concepci\u00f3n y dise\u00f1o de la estructura mec\u00e1nica que posibilite, la realizaci\u00f3n de tratamientos t\u00e9rmicos de stress relief sin el empleo de impeders y con un ajuste fino de la diferencia de temperaturas con la temperatura objetivo. Concepci\u00f3n, dise\u00f1o y desarrollo del control que posibilite la realizaci\u00f3n del tratamiento objetivo. Resumen del proyecto El alcance del proyecto se ha centrado en el desarrollo de las siguientes tecnolog\u00edas: Dise\u00f1o y desarrollo mec\u00e1nico. Dise\u00f1o y desarrollo del oscilador. Dise\u00f1o y desarrollo del inductor. Dise\u00f1o del generador. Dise\u00f1o del equipo de refrigeraci\u00f3n. Dise\u00f1o y desarrollo del equipo de control.","og_url":"https:\/\/ghinduction.com\/es-es\/innovacion\/i-d-aplicaciones\/proyecto-core-less\/","og_site_name":"GH Induction Espa\u00f1a","article_publisher":"https:\/\/www.facebook.com\/ghinductionheating","article_modified_time":"2023-07-17T12:08:22+00:00","twitter_card":"summary_large_image","schema":{"@context":"https:\/\/schema.org","@graph":[{"@type":"WebPage","@id":"https:\/\/ghinduction.com\/es-es\/innovacion\/i-d-aplicaciones\/proyecto-core-less\/","url":"https:\/\/ghinduction.com\/es-es\/innovacion\/i-d-aplicaciones\/proyecto-core-less\/","name":"Proyecto CORE-LESS - GH Induction","isPartOf":{"@id":"https:\/\/ghinduction.com\/es-es\/#website"},"datePublished":"2023-07-15T21:11:17+00:00","dateModified":"2023-07-17T12:08:22+00:00","description":"El objetivo t\u00e9cnico del proyecto es desarrollar un sistema de inducci\u00f3n con capacidad para la realizaci\u00f3n de tratamientos t\u00e9rmicos de stress-relief en tubos de gran di\u00e1metro disponiendo de un ajuste fino del diferencial de temperaturas entre la temperatura objetivo y los diferentes puntos de medici\u00f3n, sin el empleo de impeders o bobinas de cortocircuito, as\u00ed como adicionalmente prolongar los tiempos de homogeneizaci\u00f3n para incrementar las propiedades mec\u00e1nicas finales de los materiales objeto de tratamiento. El incremento de los tiempos de homogeneizaci\u00f3n es una de las crecientes demandas que exige el mercado, posibilitar dicho incremento sin el empleo de impeders y manteniendo las diferencias de temperatura, especialmente entre el extremo del tubo y la temperatura objetivo, es el gran reto al que se enfrenta la empresa acometiendo el presente desarrollo. La mejora de las prestaciones del presente desarrollo frente a los equipos actuales permitir\u00e1 cumplir las nuevas exigencias especialmente la calidad y rendimiento del proceso, as\u00ed como una reducci\u00f3n del mantenimiento y de las paradas no deseadas que limitan la productividad, tras la eliminaci\u00f3n de elementos de desgaste de elevado coste y ciclos de vida \u00fatil reducido. Los objetivos t\u00e9cnicos generales del proyecto son los siguientes: Concepci\u00f3n, dise\u00f1o y desarrollo de inductores que posibiliten la realizaci\u00f3n de tratamientos t\u00e9rmicos de stress relief sin el empleo de impeders y con un ajuste fino de la diferencia de temperaturas con la temperatura objetivo. Concepci\u00f3n, dise\u00f1o y desarrollo de estaciones de calentamiento que posibiliten la realizaci\u00f3n de tratamientos t\u00e9rmicos de stress relief sin el empleo de impeders y con un ajuste fino de la diferencia de temperaturas con la temperatura objetivo. Concepci\u00f3n y dise\u00f1o de la estructura mec\u00e1nica que posibilite, la realizaci\u00f3n de tratamientos t\u00e9rmicos de stress relief sin el empleo de impeders y con un ajuste fino de la diferencia de temperaturas con la temperatura objetivo. Concepci\u00f3n, dise\u00f1o y desarrollo del control que posibilite la realizaci\u00f3n del tratamiento objetivo. Resumen del proyecto El alcance del proyecto se ha centrado en el desarrollo de las siguientes tecnolog\u00edas: Dise\u00f1o y desarrollo mec\u00e1nico. Dise\u00f1o y desarrollo del oscilador. Dise\u00f1o y desarrollo del inductor. Dise\u00f1o del generador. Dise\u00f1o del equipo de refrigeraci\u00f3n. Dise\u00f1o y desarrollo del equipo de control.","breadcrumb":{"@id":"https:\/\/ghinduction.com\/es-es\/innovacion\/i-d-aplicaciones\/proyecto-core-less\/#breadcrumb"},"inLanguage":"es","potentialAction":[{"@type":"ReadAction","target":["https:\/\/ghinduction.com\/es-es\/innovacion\/i-d-aplicaciones\/proyecto-core-less\/"]}]},{"@type":"BreadcrumbList","@id":"https:\/\/ghinduction.com\/es-es\/innovacion\/i-d-aplicaciones\/proyecto-core-less\/#breadcrumb","itemListElement":[{"@type":"ListItem","position":1,"name":"Home","item":"https:\/\/ghinduction.com\/es-es\/"},{"@type":"ListItem","position":2,"name":"Innovaci\u00f3n","item":"https:\/\/ghinduction.com\/es-es\/innovacion\/"},{"@type":"ListItem","position":3,"name":"I+D en aplicaci\u00f3n","item":"https:\/\/ghinduction.com\/es-es\/innovacion\/i-d-aplicaciones\/"},{"@type":"ListItem","position":4,"name":"Proyecto CORE-LESS"}]},{"@type":"WebSite","@id":"https:\/\/ghinduction.com\/es-es\/#website","url":"https:\/\/ghinduction.com\/es-es\/","name":"GH Induction - Experts in Induction Heat Treatment and Induction Heating","description":"GH Induction offers advanced induction heat treatment and heating solutions for various industrial applications. With over 60 years of experience, our innovative systems ensure efficiency and quality across diverse sectors globally.","publisher":{"@id":"https:\/\/ghinduction.com\/es-es\/#organization"},"alternateName":"GH Induction","potentialAction":[{"@type":"SearchAction","target":{"@type":"EntryPoint","urlTemplate":"https:\/\/ghinduction.com\/es-es\/?s={search_term_string}"},"query-input":{"@type":"PropertyValueSpecification","valueRequired":true,"valueName":"search_term_string"}}],"inLanguage":"es"},{"@type":"Organization","@id":"https:\/\/ghinduction.com\/es-es\/#organization","name":"GH Induction - Experts in Induction Heat Treatment and Induction Heating","alternateName":"GH Induction","url":"https:\/\/ghinduction.com\/es-es\/","logo":{"@type":"ImageObject","inLanguage":"es","@id":"https:\/\/ghinduction.com\/es-es\/#\/schema\/logo\/image\/","url":"https:\/\/ghinduction.com\/wp-content\/uploads\/2024\/05\/logo-gh-induction.png","contentUrl":"https:\/\/ghinduction.com\/wp-content\/uploads\/2024\/05\/logo-gh-induction.png","width":225,"height":225,"caption":"GH Induction - Experts in Induction Heat Treatment and Induction Heating"},"image":{"@id":"https:\/\/ghinduction.com\/es-es\/#\/schema\/logo\/image\/"},"sameAs":["https:\/\/www.facebook.com\/ghinductionheating","https:\/\/www.linkedin.com\/company\/gh-induction\/","https:\/\/www.youtube.com\/user\/GhInduction"]}]}},"_links":{"self":[{"href":"https:\/\/ghinduction.com\/es-es\/wp-json\/wp\/v2\/pages\/23132","targetHints":{"allow":["GET"]}}],"collection":[{"href":"https:\/\/ghinduction.com\/es-es\/wp-json\/wp\/v2\/pages"}],"about":[{"href":"https:\/\/ghinduction.com\/es-es\/wp-json\/wp\/v2\/types\/page"}],"author":[{"embeddable":true,"href":"https:\/\/ghinduction.com\/es-es\/wp-json\/wp\/v2\/users\/4"}],"replies":[{"embeddable":true,"href":"https:\/\/ghinduction.com\/es-es\/wp-json\/wp\/v2\/comments?post=23132"}],"version-history":[{"count":0,"href":"https:\/\/ghinduction.com\/es-es\/wp-json\/wp\/v2\/pages\/23132\/revisions"}],"up":[{"embeddable":true,"href":"https:\/\/ghinduction.com\/es-es\/wp-json\/wp\/v2\/pages\/23151"}],"wp:attachment":[{"href":"https:\/\/ghinduction.com\/es-es\/wp-json\/wp\/v2\/media?parent=23132"}],"wp:term":[{"taxonomy":"industry","embeddable":true,"href":"https:\/\/ghinduction.com\/es-es\/wp-json\/wp\/v2\/industry?post=23132"},{"taxonomy":"processes","embeddable":true,"href":"https:\/\/ghinduction.com\/es-es\/wp-json\/wp\/v2\/processes?post=23132"},{"taxonomy":"solutions","embeddable":true,"href":"https:\/\/ghinduction.com\/es-es\/wp-json\/wp\/v2\/solutions?post=23132"}],"curies":[{"name":"wp","href":"https:\/\/api.w.org\/{rel}","templated":true}]}}