{"id":23151,"date":"2023-01-09T09:02:13","date_gmt":"2023-01-09T09:02:13","guid":{"rendered":"https:\/\/ghinduction.com\/innovacion\/i-d-aplicaciones\/"},"modified":"2026-02-26T10:59:59","modified_gmt":"2026-02-26T10:59:59","slug":"i-d-aplicaciones","status":"publish","type":"page","link":"https:\/\/ghinduction.com\/es-es\/innovacion\/i-d-aplicaciones\/","title":{"rendered":"I+D en aplicaci\u00f3n"},"content":{"rendered":"","protected":false},"excerpt":{"rendered":"","protected":false},"author":1,"featured_media":0,"parent":22486,"menu_order":17,"comment_status":"closed","ping_status":"closed","template":"","meta":{"_acf_changed":false,"footnotes":""},"industry":[],"processes":[],"solutions":[],"class_list":["post-23151","page","type-page","status-publish","hentry"],"acf":[],"yoast_head":"<!-- This site is optimized with the Yoast SEO plugin v27.3 - https:\/\/yoast.com\/product\/yoast-seo-wordpress\/ -->\n<title>I+D en aplicaci\u00f3n - GH Induction<\/title>\n<meta name=\"description\" content=\"Desde que el Departamento de I+D de GH ELECTROTERMIA, S.A.U. (entonces GH INDUSTRIAL S.A.) desarroll\u00f3 en 1985 el primer generador a transistores para su aplicaci\u00f3n en calentamiento por inducci\u00f3n, muchas han sido las aplicaciones susceptibles al uso del m\u00e9todo de calentamiento por inducci\u00f3n. Hasta tal punto que en 1998 se decidi\u00f3 crear el Departamento de I+D Aplicaciones, en el cual se estudia \u00fanicamente el proceso, desde el circuito de salida, sin tener en cuenta la fuente de alimentaci\u00f3n o el generador que se utilizar\u00eda para realizar cada proceso.\" \/>\n<meta name=\"robots\" content=\"index, follow, max-snippet:-1, max-image-preview:large, max-video-preview:-1\" \/>\n<link rel=\"canonical\" href=\"https:\/\/ghinduction.com\/es-es\/innovacion\/i-d-aplicaciones\/\" \/>\n<meta property=\"og:locale\" content=\"es_ES\" \/>\n<meta property=\"og:type\" content=\"article\" \/>\n<meta property=\"og:title\" content=\"I+D en aplicaci\u00f3n - GH Induction\" \/>\n<meta property=\"og:description\" content=\"Desde que el Departamento de I+D de GH ELECTROTERMIA, S.A.U. (entonces GH INDUSTRIAL S.A.) desarroll\u00f3 en 1985 el primer generador a transistores para su aplicaci\u00f3n en calentamiento por inducci\u00f3n, muchas han sido las aplicaciones susceptibles al uso del m\u00e9todo de calentamiento por inducci\u00f3n. Hasta tal punto que en 1998 se decidi\u00f3 crear el Departamento de I+D Aplicaciones, en el cual se estudia \u00fanicamente el proceso, desde el circuito de salida, sin tener en cuenta la fuente de alimentaci\u00f3n o el generador que se utilizar\u00eda para realizar cada proceso.\" \/>\n<meta property=\"og:url\" content=\"https:\/\/ghinduction.com\/es-es\/innovacion\/i-d-aplicaciones\/\" \/>\n<meta property=\"og:site_name\" content=\"GH Induction Espa\u00f1a\" \/>\n<meta property=\"article:publisher\" content=\"https:\/\/www.facebook.com\/ghinductionheating\" \/>\n<meta property=\"article:modified_time\" content=\"2026-02-26T10:59:59+00:00\" \/>\n<meta name=\"twitter:card\" content=\"summary_large_image\" \/>\n<script type=\"application\/ld+json\" class=\"yoast-schema-graph\">{\"@context\":\"https:\\\/\\\/schema.org\",\"@graph\":[{\"@type\":\"WebPage\",\"@id\":\"https:\\\/\\\/ghinduction.com\\\/es-es\\\/innovacion\\\/i-d-aplicaciones\\\/\",\"url\":\"https:\\\/\\\/ghinduction.com\\\/es-es\\\/innovacion\\\/i-d-aplicaciones\\\/\",\"name\":\"I+D en aplicaci\u00f3n - GH Induction\",\"isPartOf\":{\"@id\":\"https:\\\/\\\/ghinduction.com\\\/es-es\\\/#website\"},\"datePublished\":\"2023-01-09T09:02:13+00:00\",\"dateModified\":\"2026-02-26T10:59:59+00:00\",\"description\":\"Desde que el Departamento de I+D de GH ELECTROTERMIA, S.A.U. (entonces GH INDUSTRIAL S.A.) desarroll\u00f3 en 1985 el primer generador a transistores para su aplicaci\u00f3n en calentamiento por inducci\u00f3n, muchas han sido las aplicaciones susceptibles al uso del m\u00e9todo de calentamiento por inducci\u00f3n. Hasta tal punto que en 1998 se decidi\u00f3 crear el Departamento de I+D Aplicaciones, en el cual se estudia \u00fanicamente el proceso, desde el circuito de salida, sin tener en cuenta la fuente de alimentaci\u00f3n o el generador que se utilizar\u00eda para realizar cada proceso.\",\"breadcrumb\":{\"@id\":\"https:\\\/\\\/ghinduction.com\\\/es-es\\\/innovacion\\\/i-d-aplicaciones\\\/#breadcrumb\"},\"inLanguage\":\"es\",\"potentialAction\":[{\"@type\":\"ReadAction\",\"target\":[\"https:\\\/\\\/ghinduction.com\\\/es-es\\\/innovacion\\\/i-d-aplicaciones\\\/\"]}]},{\"@type\":\"BreadcrumbList\",\"@id\":\"https:\\\/\\\/ghinduction.com\\\/es-es\\\/innovacion\\\/i-d-aplicaciones\\\/#breadcrumb\",\"itemListElement\":[{\"@type\":\"ListItem\",\"position\":1,\"name\":\"Home\",\"item\":\"https:\\\/\\\/ghinduction.com\\\/es-es\\\/\"},{\"@type\":\"ListItem\",\"position\":2,\"name\":\"Innovaci\u00f3n\",\"item\":\"https:\\\/\\\/ghinduction.com\\\/es-es\\\/innovacion\\\/\"},{\"@type\":\"ListItem\",\"position\":3,\"name\":\"I+D en aplicaci\u00f3n\"}]},{\"@type\":\"WebSite\",\"@id\":\"https:\\\/\\\/ghinduction.com\\\/es-es\\\/#website\",\"url\":\"https:\\\/\\\/ghinduction.com\\\/es-es\\\/\",\"name\":\"GH Induction - Experts in Induction Heat Treatment and Induction Heating\",\"description\":\"GH Induction offers advanced induction heat treatment and heating solutions for various industrial applications. With over 60 years of experience, our innovative systems ensure efficiency and quality across diverse sectors globally.\",\"publisher\":{\"@id\":\"https:\\\/\\\/ghinduction.com\\\/es-es\\\/#organization\"},\"alternateName\":\"GH Induction\",\"potentialAction\":[{\"@type\":\"SearchAction\",\"target\":{\"@type\":\"EntryPoint\",\"urlTemplate\":\"https:\\\/\\\/ghinduction.com\\\/es-es\\\/?s={search_term_string}\"},\"query-input\":{\"@type\":\"PropertyValueSpecification\",\"valueRequired\":true,\"valueName\":\"search_term_string\"}}],\"inLanguage\":\"es\"},{\"@type\":\"Organization\",\"@id\":\"https:\\\/\\\/ghinduction.com\\\/es-es\\\/#organization\",\"name\":\"GH Induction - Experts in Induction Heat Treatment and Induction Heating\",\"alternateName\":\"GH Induction\",\"url\":\"https:\\\/\\\/ghinduction.com\\\/es-es\\\/\",\"logo\":{\"@type\":\"ImageObject\",\"inLanguage\":\"es\",\"@id\":\"https:\\\/\\\/ghinduction.com\\\/es-es\\\/#\\\/schema\\\/logo\\\/image\\\/\",\"url\":\"https:\\\/\\\/ghinduction.com\\\/wp-content\\\/uploads\\\/2024\\\/05\\\/logo-gh-induction.png\",\"contentUrl\":\"https:\\\/\\\/ghinduction.com\\\/wp-content\\\/uploads\\\/2024\\\/05\\\/logo-gh-induction.png\",\"width\":225,\"height\":225,\"caption\":\"GH Induction - Experts in Induction Heat Treatment and Induction Heating\"},\"image\":{\"@id\":\"https:\\\/\\\/ghinduction.com\\\/es-es\\\/#\\\/schema\\\/logo\\\/image\\\/\"},\"sameAs\":[\"https:\\\/\\\/www.facebook.com\\\/ghinductionheating\",\"https:\\\/\\\/www.linkedin.com\\\/company\\\/gh-induction\\\/\",\"https:\\\/\\\/www.youtube.com\\\/user\\\/GhInduction\"]}]}<\/script>\n<!-- \/ Yoast SEO plugin. -->","yoast_head_json":{"title":"I+D en aplicaci\u00f3n - GH Induction","description":"Desde que el Departamento de I+D de GH ELECTROTERMIA, S.A.U. (entonces GH INDUSTRIAL S.A.) desarroll\u00f3 en 1985 el primer generador a transistores para su aplicaci\u00f3n en calentamiento por inducci\u00f3n, muchas han sido las aplicaciones susceptibles al uso del m\u00e9todo de calentamiento por inducci\u00f3n. Hasta tal punto que en 1998 se decidi\u00f3 crear el Departamento de I+D Aplicaciones, en el cual se estudia \u00fanicamente el proceso, desde el circuito de salida, sin tener en cuenta la fuente de alimentaci\u00f3n o el generador que se utilizar\u00eda para realizar cada proceso.","robots":{"index":"index","follow":"follow","max-snippet":"max-snippet:-1","max-image-preview":"max-image-preview:large","max-video-preview":"max-video-preview:-1"},"canonical":"https:\/\/ghinduction.com\/es-es\/innovacion\/i-d-aplicaciones\/","og_locale":"es_ES","og_type":"article","og_title":"I+D en aplicaci\u00f3n - GH Induction","og_description":"Desde que el Departamento de I+D de GH ELECTROTERMIA, S.A.U. (entonces GH INDUSTRIAL S.A.) desarroll\u00f3 en 1985 el primer generador a transistores para su aplicaci\u00f3n en calentamiento por inducci\u00f3n, muchas han sido las aplicaciones susceptibles al uso del m\u00e9todo de calentamiento por inducci\u00f3n. Hasta tal punto que en 1998 se decidi\u00f3 crear el Departamento de I+D Aplicaciones, en el cual se estudia \u00fanicamente el proceso, desde el circuito de salida, sin tener en cuenta la fuente de alimentaci\u00f3n o el generador que se utilizar\u00eda para realizar cada proceso.","og_url":"https:\/\/ghinduction.com\/es-es\/innovacion\/i-d-aplicaciones\/","og_site_name":"GH Induction Espa\u00f1a","article_publisher":"https:\/\/www.facebook.com\/ghinductionheating","article_modified_time":"2026-02-26T10:59:59+00:00","twitter_card":"summary_large_image","schema":{"@context":"https:\/\/schema.org","@graph":[{"@type":"WebPage","@id":"https:\/\/ghinduction.com\/es-es\/innovacion\/i-d-aplicaciones\/","url":"https:\/\/ghinduction.com\/es-es\/innovacion\/i-d-aplicaciones\/","name":"I+D en aplicaci\u00f3n - GH Induction","isPartOf":{"@id":"https:\/\/ghinduction.com\/es-es\/#website"},"datePublished":"2023-01-09T09:02:13+00:00","dateModified":"2026-02-26T10:59:59+00:00","description":"Desde que el Departamento de I+D de GH ELECTROTERMIA, S.A.U. (entonces GH INDUSTRIAL S.A.) desarroll\u00f3 en 1985 el primer generador a transistores para su aplicaci\u00f3n en calentamiento por inducci\u00f3n, muchas han sido las aplicaciones susceptibles al uso del m\u00e9todo de calentamiento por inducci\u00f3n. Hasta tal punto que en 1998 se decidi\u00f3 crear el Departamento de I+D Aplicaciones, en el cual se estudia \u00fanicamente el proceso, desde el circuito de salida, sin tener en cuenta la fuente de alimentaci\u00f3n o el generador que se utilizar\u00eda para realizar cada proceso.","breadcrumb":{"@id":"https:\/\/ghinduction.com\/es-es\/innovacion\/i-d-aplicaciones\/#breadcrumb"},"inLanguage":"es","potentialAction":[{"@type":"ReadAction","target":["https:\/\/ghinduction.com\/es-es\/innovacion\/i-d-aplicaciones\/"]}]},{"@type":"BreadcrumbList","@id":"https:\/\/ghinduction.com\/es-es\/innovacion\/i-d-aplicaciones\/#breadcrumb","itemListElement":[{"@type":"ListItem","position":1,"name":"Home","item":"https:\/\/ghinduction.com\/es-es\/"},{"@type":"ListItem","position":2,"name":"Innovaci\u00f3n","item":"https:\/\/ghinduction.com\/es-es\/innovacion\/"},{"@type":"ListItem","position":3,"name":"I+D en aplicaci\u00f3n"}]},{"@type":"WebSite","@id":"https:\/\/ghinduction.com\/es-es\/#website","url":"https:\/\/ghinduction.com\/es-es\/","name":"GH Induction - Experts in Induction Heat Treatment and Induction Heating","description":"GH Induction offers advanced induction heat treatment and heating solutions for various industrial applications. With over 60 years of experience, our innovative systems ensure efficiency and quality across diverse sectors globally.","publisher":{"@id":"https:\/\/ghinduction.com\/es-es\/#organization"},"alternateName":"GH Induction","potentialAction":[{"@type":"SearchAction","target":{"@type":"EntryPoint","urlTemplate":"https:\/\/ghinduction.com\/es-es\/?s={search_term_string}"},"query-input":{"@type":"PropertyValueSpecification","valueRequired":true,"valueName":"search_term_string"}}],"inLanguage":"es"},{"@type":"Organization","@id":"https:\/\/ghinduction.com\/es-es\/#organization","name":"GH Induction - Experts in Induction Heat Treatment and Induction Heating","alternateName":"GH Induction","url":"https:\/\/ghinduction.com\/es-es\/","logo":{"@type":"ImageObject","inLanguage":"es","@id":"https:\/\/ghinduction.com\/es-es\/#\/schema\/logo\/image\/","url":"https:\/\/ghinduction.com\/wp-content\/uploads\/2024\/05\/logo-gh-induction.png","contentUrl":"https:\/\/ghinduction.com\/wp-content\/uploads\/2024\/05\/logo-gh-induction.png","width":225,"height":225,"caption":"GH Induction - Experts in Induction Heat Treatment and Induction Heating"},"image":{"@id":"https:\/\/ghinduction.com\/es-es\/#\/schema\/logo\/image\/"},"sameAs":["https:\/\/www.facebook.com\/ghinductionheating","https:\/\/www.linkedin.com\/company\/gh-induction\/","https:\/\/www.youtube.com\/user\/GhInduction"]}]}},"_links":{"self":[{"href":"https:\/\/ghinduction.com\/es-es\/wp-json\/wp\/v2\/pages\/23151","targetHints":{"allow":["GET"]}}],"collection":[{"href":"https:\/\/ghinduction.com\/es-es\/wp-json\/wp\/v2\/pages"}],"about":[{"href":"https:\/\/ghinduction.com\/es-es\/wp-json\/wp\/v2\/types\/page"}],"author":[{"embeddable":true,"href":"https:\/\/ghinduction.com\/es-es\/wp-json\/wp\/v2\/users\/1"}],"replies":[{"embeddable":true,"href":"https:\/\/ghinduction.com\/es-es\/wp-json\/wp\/v2\/comments?post=23151"}],"version-history":[{"count":1,"href":"https:\/\/ghinduction.com\/es-es\/wp-json\/wp\/v2\/pages\/23151\/revisions"}],"predecessor-version":[{"id":66100,"href":"https:\/\/ghinduction.com\/es-es\/wp-json\/wp\/v2\/pages\/23151\/revisions\/66100"}],"up":[{"embeddable":true,"href":"https:\/\/ghinduction.com\/es-es\/wp-json\/wp\/v2\/pages\/22486"}],"wp:attachment":[{"href":"https:\/\/ghinduction.com\/es-es\/wp-json\/wp\/v2\/media?parent=23151"}],"wp:term":[{"taxonomy":"industry","embeddable":true,"href":"https:\/\/ghinduction.com\/es-es\/wp-json\/wp\/v2\/industry?post=23151"},{"taxonomy":"processes","embeddable":true,"href":"https:\/\/ghinduction.com\/es-es\/wp-json\/wp\/v2\/processes?post=23151"},{"taxonomy":"solutions","embeddable":true,"href":"https:\/\/ghinduction.com\/es-es\/wp-json\/wp\/v2\/solutions?post=23151"}],"curies":[{"name":"wp","href":"https:\/\/api.w.org\/{rel}","templated":true}]}}