{"id":30451,"date":"2024-01-09T10:49:09","date_gmt":"2024-01-09T10:49:09","guid":{"rendered":"https:\/\/ghinduction.com\/productos-y-servicios\/inductores\/sistema-monitorizacion-ipm4-0\/"},"modified":"2026-02-27T11:23:47","modified_gmt":"2026-02-27T11:23:47","slug":"sistema-monitorizacion-ipm4-0","status":"publish","type":"page","link":"https:\/\/ghinduction.com\/es-es\/productos-y-servicios\/inductores\/sistema-monitorizacion-ipm4-0\/","title":{"rendered":"Sistema de monitorizaci\u00f3n, IPM4.0"},"content":{"rendered":"","protected":false},"excerpt":{"rendered":"","protected":false},"author":4,"featured_media":0,"parent":22472,"menu_order":0,"comment_status":"closed","ping_status":"closed","template":"","meta":{"_acf_changed":false,"footnotes":""},"industry":[],"processes":[],"solutions":[],"class_list":["post-30451","page","type-page","status-publish","hentry"],"acf":[],"yoast_head":"<!-- This site is optimized with the Yoast SEO plugin v27.3 - https:\/\/yoast.com\/product\/yoast-seo-wordpress\/ -->\n<title>Sistema de monitorizaci\u00f3n y trazabilidad del proceso por inducci\u00f3n | GH Induction<\/title>\n<meta name=\"description\" content=\"IPM 4.0 es una soluci\u00f3n de software que ayuda a los fabricantes a controlar el proceso de calentamiento por inducci\u00f3n en tiempo real. IPM supervisa, en tiempo real, los principales par\u00e1metros diferentes relacionados con la calidad de la pieza. Se utiliza en temple, revenido, soldadura fuerte o cualquier otra aplicaci\u00f3n discontinua.\" \/>\n<meta name=\"robots\" content=\"index, follow, max-snippet:-1, max-image-preview:large, max-video-preview:-1\" \/>\n<link rel=\"canonical\" href=\"https:\/\/ghinduction.com\/es-es\/productos-y-servicios\/inductores\/sistema-monitorizacion-ipm4-0\/\" \/>\n<meta property=\"og:locale\" content=\"es_ES\" \/>\n<meta property=\"og:type\" content=\"article\" \/>\n<meta property=\"og:title\" content=\"Sistema de monitorizaci\u00f3n y trazabilidad del proceso por inducci\u00f3n | GH Induction\" \/>\n<meta property=\"og:description\" content=\"IPM 4.0 es una soluci\u00f3n de software que ayuda a los fabricantes a controlar el proceso de calentamiento por inducci\u00f3n en tiempo real. IPM supervisa, en tiempo real, los principales par\u00e1metros diferentes relacionados con la calidad de la pieza. Se utiliza en temple, revenido, soldadura fuerte o cualquier otra aplicaci\u00f3n discontinua.\" \/>\n<meta property=\"og:url\" content=\"https:\/\/ghinduction.com\/es-es\/productos-y-servicios\/inductores\/sistema-monitorizacion-ipm4-0\/\" \/>\n<meta property=\"og:site_name\" content=\"GH Induction Espa\u00f1a\" \/>\n<meta property=\"article:publisher\" content=\"https:\/\/www.facebook.com\/ghinductionheating\" \/>\n<meta property=\"article:modified_time\" content=\"2026-02-27T11:23:47+00:00\" \/>\n<meta name=\"twitter:card\" content=\"summary_large_image\" \/>\n<script type=\"application\/ld+json\" class=\"yoast-schema-graph\">{\"@context\":\"https:\\\/\\\/schema.org\",\"@graph\":[{\"@type\":\"WebPage\",\"@id\":\"https:\\\/\\\/ghinduction.com\\\/es-es\\\/productos-y-servicios\\\/inductores\\\/sistema-monitorizacion-ipm4-0\\\/\",\"url\":\"https:\\\/\\\/ghinduction.com\\\/es-es\\\/productos-y-servicios\\\/inductores\\\/sistema-monitorizacion-ipm4-0\\\/\",\"name\":\"Sistema de monitorizaci\u00f3n y trazabilidad del proceso por inducci\u00f3n | GH Induction\",\"isPartOf\":{\"@id\":\"https:\\\/\\\/ghinduction.com\\\/es-es\\\/#website\"},\"datePublished\":\"2024-01-09T10:49:09+00:00\",\"dateModified\":\"2026-02-27T11:23:47+00:00\",\"description\":\"IPM 4.0 es una soluci\u00f3n de software que ayuda a los fabricantes a controlar el proceso de calentamiento por inducci\u00f3n en tiempo real. IPM supervisa, en tiempo real, los principales par\u00e1metros diferentes relacionados con la calidad de la pieza. Se utiliza en temple, revenido, soldadura fuerte o cualquier otra aplicaci\u00f3n discontinua.\",\"breadcrumb\":{\"@id\":\"https:\\\/\\\/ghinduction.com\\\/es-es\\\/productos-y-servicios\\\/inductores\\\/sistema-monitorizacion-ipm4-0\\\/#breadcrumb\"},\"inLanguage\":\"es\",\"potentialAction\":[{\"@type\":\"ReadAction\",\"target\":[\"https:\\\/\\\/ghinduction.com\\\/es-es\\\/productos-y-servicios\\\/inductores\\\/sistema-monitorizacion-ipm4-0\\\/\"]}]},{\"@type\":\"BreadcrumbList\",\"@id\":\"https:\\\/\\\/ghinduction.com\\\/es-es\\\/productos-y-servicios\\\/inductores\\\/sistema-monitorizacion-ipm4-0\\\/#breadcrumb\",\"itemListElement\":[{\"@type\":\"ListItem\",\"position\":1,\"name\":\"Home\",\"item\":\"https:\\\/\\\/ghinduction.com\\\/es-es\\\/\"},{\"@type\":\"ListItem\",\"position\":2,\"name\":\"Productos y servicios\",\"item\":\"https:\\\/\\\/ghinduction.com\\\/es-es\\\/productos-y-servicios\\\/\"},{\"@type\":\"ListItem\",\"position\":3,\"name\":\"Inductores\",\"item\":\"https:\\\/\\\/ghinduction.com\\\/es-es\\\/productos-y-servicios\\\/inductores\\\/\"},{\"@type\":\"ListItem\",\"position\":4,\"name\":\"Sistema de monitorizaci\u00f3n, IPM4.0\"}]},{\"@type\":\"WebSite\",\"@id\":\"https:\\\/\\\/ghinduction.com\\\/es-es\\\/#website\",\"url\":\"https:\\\/\\\/ghinduction.com\\\/es-es\\\/\",\"name\":\"GH Induction - Experts in Induction Heat Treatment and Induction Heating\",\"description\":\"GH Induction offers advanced induction heat treatment and heating solutions for various industrial applications. With over 60 years of experience, our innovative systems ensure efficiency and quality across diverse sectors globally.\",\"publisher\":{\"@id\":\"https:\\\/\\\/ghinduction.com\\\/es-es\\\/#organization\"},\"alternateName\":\"GH Induction\",\"potentialAction\":[{\"@type\":\"SearchAction\",\"target\":{\"@type\":\"EntryPoint\",\"urlTemplate\":\"https:\\\/\\\/ghinduction.com\\\/es-es\\\/?s={search_term_string}\"},\"query-input\":{\"@type\":\"PropertyValueSpecification\",\"valueRequired\":true,\"valueName\":\"search_term_string\"}}],\"inLanguage\":\"es\"},{\"@type\":\"Organization\",\"@id\":\"https:\\\/\\\/ghinduction.com\\\/es-es\\\/#organization\",\"name\":\"GH Induction - Experts in Induction Heat Treatment and Induction Heating\",\"alternateName\":\"GH Induction\",\"url\":\"https:\\\/\\\/ghinduction.com\\\/es-es\\\/\",\"logo\":{\"@type\":\"ImageObject\",\"inLanguage\":\"es\",\"@id\":\"https:\\\/\\\/ghinduction.com\\\/es-es\\\/#\\\/schema\\\/logo\\\/image\\\/\",\"url\":\"https:\\\/\\\/ghinduction.com\\\/wp-content\\\/uploads\\\/2024\\\/05\\\/logo-gh-induction.png\",\"contentUrl\":\"https:\\\/\\\/ghinduction.com\\\/wp-content\\\/uploads\\\/2024\\\/05\\\/logo-gh-induction.png\",\"width\":225,\"height\":225,\"caption\":\"GH Induction - Experts in Induction Heat Treatment and Induction Heating\"},\"image\":{\"@id\":\"https:\\\/\\\/ghinduction.com\\\/es-es\\\/#\\\/schema\\\/logo\\\/image\\\/\"},\"sameAs\":[\"https:\\\/\\\/www.facebook.com\\\/ghinductionheating\",\"https:\\\/\\\/www.linkedin.com\\\/company\\\/gh-induction\\\/\",\"https:\\\/\\\/www.youtube.com\\\/user\\\/GhInduction\"]}]}<\/script>\n<!-- \/ Yoast SEO plugin. -->","yoast_head_json":{"title":"Sistema de monitorizaci\u00f3n y trazabilidad del proceso por inducci\u00f3n | GH Induction","description":"IPM 4.0 es una soluci\u00f3n de software que ayuda a los fabricantes a controlar el proceso de calentamiento por inducci\u00f3n en tiempo real. IPM supervisa, en tiempo real, los principales par\u00e1metros diferentes relacionados con la calidad de la pieza. Se utiliza en temple, revenido, soldadura fuerte o cualquier otra aplicaci\u00f3n discontinua.","robots":{"index":"index","follow":"follow","max-snippet":"max-snippet:-1","max-image-preview":"max-image-preview:large","max-video-preview":"max-video-preview:-1"},"canonical":"https:\/\/ghinduction.com\/es-es\/productos-y-servicios\/inductores\/sistema-monitorizacion-ipm4-0\/","og_locale":"es_ES","og_type":"article","og_title":"Sistema de monitorizaci\u00f3n y trazabilidad del proceso por inducci\u00f3n | GH Induction","og_description":"IPM 4.0 es una soluci\u00f3n de software que ayuda a los fabricantes a controlar el proceso de calentamiento por inducci\u00f3n en tiempo real. IPM supervisa, en tiempo real, los principales par\u00e1metros diferentes relacionados con la calidad de la pieza. Se utiliza en temple, revenido, soldadura fuerte o cualquier otra aplicaci\u00f3n discontinua.","og_url":"https:\/\/ghinduction.com\/es-es\/productos-y-servicios\/inductores\/sistema-monitorizacion-ipm4-0\/","og_site_name":"GH Induction Espa\u00f1a","article_publisher":"https:\/\/www.facebook.com\/ghinductionheating","article_modified_time":"2026-02-27T11:23:47+00:00","twitter_card":"summary_large_image","schema":{"@context":"https:\/\/schema.org","@graph":[{"@type":"WebPage","@id":"https:\/\/ghinduction.com\/es-es\/productos-y-servicios\/inductores\/sistema-monitorizacion-ipm4-0\/","url":"https:\/\/ghinduction.com\/es-es\/productos-y-servicios\/inductores\/sistema-monitorizacion-ipm4-0\/","name":"Sistema de monitorizaci\u00f3n y trazabilidad del proceso por inducci\u00f3n | GH Induction","isPartOf":{"@id":"https:\/\/ghinduction.com\/es-es\/#website"},"datePublished":"2024-01-09T10:49:09+00:00","dateModified":"2026-02-27T11:23:47+00:00","description":"IPM 4.0 es una soluci\u00f3n de software que ayuda a los fabricantes a controlar el proceso de calentamiento por inducci\u00f3n en tiempo real. IPM supervisa, en tiempo real, los principales par\u00e1metros diferentes relacionados con la calidad de la pieza. Se utiliza en temple, revenido, soldadura fuerte o cualquier otra aplicaci\u00f3n discontinua.","breadcrumb":{"@id":"https:\/\/ghinduction.com\/es-es\/productos-y-servicios\/inductores\/sistema-monitorizacion-ipm4-0\/#breadcrumb"},"inLanguage":"es","potentialAction":[{"@type":"ReadAction","target":["https:\/\/ghinduction.com\/es-es\/productos-y-servicios\/inductores\/sistema-monitorizacion-ipm4-0\/"]}]},{"@type":"BreadcrumbList","@id":"https:\/\/ghinduction.com\/es-es\/productos-y-servicios\/inductores\/sistema-monitorizacion-ipm4-0\/#breadcrumb","itemListElement":[{"@type":"ListItem","position":1,"name":"Home","item":"https:\/\/ghinduction.com\/es-es\/"},{"@type":"ListItem","position":2,"name":"Productos y servicios","item":"https:\/\/ghinduction.com\/es-es\/productos-y-servicios\/"},{"@type":"ListItem","position":3,"name":"Inductores","item":"https:\/\/ghinduction.com\/es-es\/productos-y-servicios\/inductores\/"},{"@type":"ListItem","position":4,"name":"Sistema de monitorizaci\u00f3n, IPM4.0"}]},{"@type":"WebSite","@id":"https:\/\/ghinduction.com\/es-es\/#website","url":"https:\/\/ghinduction.com\/es-es\/","name":"GH Induction - Experts in Induction Heat Treatment and Induction Heating","description":"GH Induction offers advanced induction heat treatment and heating solutions for various industrial applications. With over 60 years of experience, our innovative systems ensure efficiency and quality across diverse sectors globally.","publisher":{"@id":"https:\/\/ghinduction.com\/es-es\/#organization"},"alternateName":"GH Induction","potentialAction":[{"@type":"SearchAction","target":{"@type":"EntryPoint","urlTemplate":"https:\/\/ghinduction.com\/es-es\/?s={search_term_string}"},"query-input":{"@type":"PropertyValueSpecification","valueRequired":true,"valueName":"search_term_string"}}],"inLanguage":"es"},{"@type":"Organization","@id":"https:\/\/ghinduction.com\/es-es\/#organization","name":"GH Induction - Experts in Induction Heat Treatment and Induction Heating","alternateName":"GH Induction","url":"https:\/\/ghinduction.com\/es-es\/","logo":{"@type":"ImageObject","inLanguage":"es","@id":"https:\/\/ghinduction.com\/es-es\/#\/schema\/logo\/image\/","url":"https:\/\/ghinduction.com\/wp-content\/uploads\/2024\/05\/logo-gh-induction.png","contentUrl":"https:\/\/ghinduction.com\/wp-content\/uploads\/2024\/05\/logo-gh-induction.png","width":225,"height":225,"caption":"GH Induction - Experts in Induction Heat Treatment and Induction Heating"},"image":{"@id":"https:\/\/ghinduction.com\/es-es\/#\/schema\/logo\/image\/"},"sameAs":["https:\/\/www.facebook.com\/ghinductionheating","https:\/\/www.linkedin.com\/company\/gh-induction\/","https:\/\/www.youtube.com\/user\/GhInduction"]}]}},"_links":{"self":[{"href":"https:\/\/ghinduction.com\/es-es\/wp-json\/wp\/v2\/pages\/30451","targetHints":{"allow":["GET"]}}],"collection":[{"href":"https:\/\/ghinduction.com\/es-es\/wp-json\/wp\/v2\/pages"}],"about":[{"href":"https:\/\/ghinduction.com\/es-es\/wp-json\/wp\/v2\/types\/page"}],"author":[{"embeddable":true,"href":"https:\/\/ghinduction.com\/es-es\/wp-json\/wp\/v2\/users\/4"}],"replies":[{"embeddable":true,"href":"https:\/\/ghinduction.com\/es-es\/wp-json\/wp\/v2\/comments?post=30451"}],"version-history":[{"count":1,"href":"https:\/\/ghinduction.com\/es-es\/wp-json\/wp\/v2\/pages\/30451\/revisions"}],"predecessor-version":[{"id":67232,"href":"https:\/\/ghinduction.com\/es-es\/wp-json\/wp\/v2\/pages\/30451\/revisions\/67232"}],"up":[{"embeddable":true,"href":"https:\/\/ghinduction.com\/es-es\/wp-json\/wp\/v2\/pages\/22472"}],"wp:attachment":[{"href":"https:\/\/ghinduction.com\/es-es\/wp-json\/wp\/v2\/media?parent=30451"}],"wp:term":[{"taxonomy":"industry","embeddable":true,"href":"https:\/\/ghinduction.com\/es-es\/wp-json\/wp\/v2\/industry?post=30451"},{"taxonomy":"processes","embeddable":true,"href":"https:\/\/ghinduction.com\/es-es\/wp-json\/wp\/v2\/processes?post=30451"},{"taxonomy":"solutions","embeddable":true,"href":"https:\/\/ghinduction.com\/es-es\/wp-json\/wp\/v2\/solutions?post=30451"}],"curies":[{"name":"wp","href":"https:\/\/api.w.org\/{rel}","templated":true}]}}