{"id":63854,"date":"2025-10-20T07:55:20","date_gmt":"2025-10-20T07:55:20","guid":{"rendered":"https:\/\/ghinduction.com\/productos-y-servicios\/sistemas-calentamiento-induccion\/inkompac\/inkompac-essential\/"},"modified":"2026-03-24T11:26:27","modified_gmt":"2026-03-24T11:26:27","slug":"inkompac-essential","status":"publish","type":"page","link":"https:\/\/ghinduction.com\/es-es\/productos-y-servicios\/sistemas-calentamiento-induccion\/inkompac\/inkompac-essential\/","title":{"rendered":"Generador inKompac Essential"},"content":{"rendered":"","protected":false},"excerpt":{"rendered":"","protected":false},"author":4,"featured_media":0,"parent":61076,"menu_order":0,"comment_status":"closed","ping_status":"closed","template":"","meta":{"_acf_changed":false,"footnotes":""},"industry":[],"processes":[949,802,1435],"solutions":[],"class_list":["post-63854","page","type-page","status-publish","hentry","processes-soldadura-fuerte-es-es","processes-temple-es-es","processes-zunchado-es-es"],"acf":[],"yoast_head":"<!-- This site is optimized with the Yoast SEO plugin v27.3 - https:\/\/yoast.com\/product\/yoast-seo-wordpress\/ -->\n<title>Generador inKompac Essential - GH Induction<\/title>\n<meta name=\"description\" content=\"El sistema Essential es una soluci\u00f3n estandarizada para el calentamiento por inducci\u00f3n basada en el generador inKompac Essential. Est\u00e1 dise\u00f1ado para los casos donde se necesita lo b\u00e1sico asegurando: eficiencia, rapidez, precisi\u00f3n y fiabilidad, sin sobrecostes ni complicaciones, con la garant\u00eda GH. Cubre el mayor n\u00famero de aplicaciones posibles en media y alta frecuencia con potencias medias-bajas, para que ajustes la inversi\u00f3n y minimices el coste total de propiedad del sistema. IK-E 25MF IK-E 15MF IK-E 18HF 25kW [10, 25]kHz 15kW [10, 25]kHz 18kW [150, 250]kHz\" \/>\n<meta name=\"robots\" content=\"index, follow, max-snippet:-1, max-image-preview:large, max-video-preview:-1\" \/>\n<link rel=\"canonical\" href=\"https:\/\/ghinduction.com\/es-es\/productos-y-servicios\/sistemas-calentamiento-induccion\/inkompac\/inkompac-essential\/\" \/>\n<meta property=\"og:locale\" content=\"es_ES\" \/>\n<meta property=\"og:type\" content=\"article\" \/>\n<meta property=\"og:title\" content=\"Generador inKompac Essential - GH Induction\" \/>\n<meta property=\"og:description\" content=\"El sistema Essential es una soluci\u00f3n estandarizada para el calentamiento por inducci\u00f3n basada en el generador inKompac Essential. Est\u00e1 dise\u00f1ado para los casos donde se necesita lo b\u00e1sico asegurando: eficiencia, rapidez, precisi\u00f3n y fiabilidad, sin sobrecostes ni complicaciones, con la garant\u00eda GH. Cubre el mayor n\u00famero de aplicaciones posibles en media y alta frecuencia con potencias medias-bajas, para que ajustes la inversi\u00f3n y minimices el coste total de propiedad del sistema. IK-E 25MF IK-E 15MF IK-E 18HF 25kW [10, 25]kHz 15kW [10, 25]kHz 18kW [150, 250]kHz\" \/>\n<meta property=\"og:url\" content=\"https:\/\/ghinduction.com\/es-es\/productos-y-servicios\/sistemas-calentamiento-induccion\/inkompac\/inkompac-essential\/\" \/>\n<meta property=\"og:site_name\" content=\"GH Induction Espa\u00f1a\" \/>\n<meta property=\"article:publisher\" content=\"https:\/\/www.facebook.com\/ghinductionheating\" \/>\n<meta property=\"article:modified_time\" content=\"2026-03-24T11:26:27+00:00\" \/>\n<meta name=\"twitter:card\" content=\"summary_large_image\" \/>\n<script type=\"application\/ld+json\" class=\"yoast-schema-graph\">{\"@context\":\"https:\\\/\\\/schema.org\",\"@graph\":[{\"@type\":\"WebPage\",\"@id\":\"https:\\\/\\\/ghinduction.com\\\/es-es\\\/productos-y-servicios\\\/sistemas-calentamiento-induccion\\\/inkompac\\\/inkompac-essential\\\/\",\"url\":\"https:\\\/\\\/ghinduction.com\\\/es-es\\\/productos-y-servicios\\\/sistemas-calentamiento-induccion\\\/inkompac\\\/inkompac-essential\\\/\",\"name\":\"Generador inKompac Essential - GH Induction\",\"isPartOf\":{\"@id\":\"https:\\\/\\\/ghinduction.com\\\/es-es\\\/#website\"},\"datePublished\":\"2025-10-20T07:55:20+00:00\",\"dateModified\":\"2026-03-24T11:26:27+00:00\",\"description\":\"El sistema Essential es una soluci\u00f3n estandarizada para el calentamiento por inducci\u00f3n basada en el generador inKompac Essential. Est\u00e1 dise\u00f1ado para los casos donde se necesita lo b\u00e1sico asegurando: eficiencia, rapidez, precisi\u00f3n y fiabilidad, sin sobrecostes ni complicaciones, con la garant\u00eda GH. Cubre el mayor n\u00famero de aplicaciones posibles en media y alta frecuencia con potencias medias-bajas, para que ajustes la inversi\u00f3n y minimices el coste total de propiedad del sistema. IK-E 25MF IK-E 15MF IK-E 18HF 25kW [10, 25]kHz 15kW [10, 25]kHz 18kW [150, 250]kHz\",\"breadcrumb\":{\"@id\":\"https:\\\/\\\/ghinduction.com\\\/es-es\\\/productos-y-servicios\\\/sistemas-calentamiento-induccion\\\/inkompac\\\/inkompac-essential\\\/#breadcrumb\"},\"inLanguage\":\"es\",\"potentialAction\":[{\"@type\":\"ReadAction\",\"target\":[\"https:\\\/\\\/ghinduction.com\\\/es-es\\\/productos-y-servicios\\\/sistemas-calentamiento-induccion\\\/inkompac\\\/inkompac-essential\\\/\"]}]},{\"@type\":\"BreadcrumbList\",\"@id\":\"https:\\\/\\\/ghinduction.com\\\/es-es\\\/productos-y-servicios\\\/sistemas-calentamiento-induccion\\\/inkompac\\\/inkompac-essential\\\/#breadcrumb\",\"itemListElement\":[{\"@type\":\"ListItem\",\"position\":1,\"name\":\"Home\",\"item\":\"https:\\\/\\\/ghinduction.com\\\/es-es\\\/\"},{\"@type\":\"ListItem\",\"position\":2,\"name\":\"Productos y servicios\",\"item\":\"https:\\\/\\\/ghinduction.com\\\/es-es\\\/productos-y-servicios\\\/\"},{\"@type\":\"ListItem\",\"position\":3,\"name\":\"Sistemas de calentamiento por inducci\u00f3n\",\"item\":\"https:\\\/\\\/ghinduction.com\\\/es-es\\\/productos-y-servicios\\\/sistemas-calentamiento-induccion\\\/\"},{\"@type\":\"ListItem\",\"position\":4,\"name\":\"Generadores de inducci\u00f3n inKompac\",\"item\":\"https:\\\/\\\/ghinduction.com\\\/es-es\\\/productos-y-servicios\\\/sistemas-calentamiento-induccion\\\/inkompac\\\/\"},{\"@type\":\"ListItem\",\"position\":5,\"name\":\"Generador inKompac Essential\"}]},{\"@type\":\"WebSite\",\"@id\":\"https:\\\/\\\/ghinduction.com\\\/es-es\\\/#website\",\"url\":\"https:\\\/\\\/ghinduction.com\\\/es-es\\\/\",\"name\":\"GH Induction - Experts in Induction Heat Treatment and Induction Heating\",\"description\":\"GH Induction offers advanced induction heat treatment and heating solutions for various industrial applications. With over 60 years of experience, our innovative systems ensure efficiency and quality across diverse sectors globally.\",\"publisher\":{\"@id\":\"https:\\\/\\\/ghinduction.com\\\/es-es\\\/#organization\"},\"alternateName\":\"GH Induction\",\"potentialAction\":[{\"@type\":\"SearchAction\",\"target\":{\"@type\":\"EntryPoint\",\"urlTemplate\":\"https:\\\/\\\/ghinduction.com\\\/es-es\\\/?s={search_term_string}\"},\"query-input\":{\"@type\":\"PropertyValueSpecification\",\"valueRequired\":true,\"valueName\":\"search_term_string\"}}],\"inLanguage\":\"es\"},{\"@type\":\"Organization\",\"@id\":\"https:\\\/\\\/ghinduction.com\\\/es-es\\\/#organization\",\"name\":\"GH Induction - Experts in Induction Heat Treatment and Induction Heating\",\"alternateName\":\"GH Induction\",\"url\":\"https:\\\/\\\/ghinduction.com\\\/es-es\\\/\",\"logo\":{\"@type\":\"ImageObject\",\"inLanguage\":\"es\",\"@id\":\"https:\\\/\\\/ghinduction.com\\\/es-es\\\/#\\\/schema\\\/logo\\\/image\\\/\",\"url\":\"https:\\\/\\\/ghinduction.com\\\/wp-content\\\/uploads\\\/2024\\\/05\\\/logo-gh-induction.png\",\"contentUrl\":\"https:\\\/\\\/ghinduction.com\\\/wp-content\\\/uploads\\\/2024\\\/05\\\/logo-gh-induction.png\",\"width\":225,\"height\":225,\"caption\":\"GH Induction - Experts in Induction Heat Treatment and Induction Heating\"},\"image\":{\"@id\":\"https:\\\/\\\/ghinduction.com\\\/es-es\\\/#\\\/schema\\\/logo\\\/image\\\/\"},\"sameAs\":[\"https:\\\/\\\/www.facebook.com\\\/ghinductionheating\",\"https:\\\/\\\/www.linkedin.com\\\/company\\\/gh-induction\\\/\",\"https:\\\/\\\/www.youtube.com\\\/user\\\/GhInduction\"]}]}<\/script>\n<!-- \/ Yoast SEO plugin. -->","yoast_head_json":{"title":"Generador inKompac Essential - GH Induction","description":"El sistema Essential es una soluci\u00f3n estandarizada para el calentamiento por inducci\u00f3n basada en el generador inKompac Essential. Est\u00e1 dise\u00f1ado para los casos donde se necesita lo b\u00e1sico asegurando: eficiencia, rapidez, precisi\u00f3n y fiabilidad, sin sobrecostes ni complicaciones, con la garant\u00eda GH. Cubre el mayor n\u00famero de aplicaciones posibles en media y alta frecuencia con potencias medias-bajas, para que ajustes la inversi\u00f3n y minimices el coste total de propiedad del sistema. IK-E 25MF IK-E 15MF IK-E 18HF 25kW [10, 25]kHz 15kW [10, 25]kHz 18kW [150, 250]kHz","robots":{"index":"index","follow":"follow","max-snippet":"max-snippet:-1","max-image-preview":"max-image-preview:large","max-video-preview":"max-video-preview:-1"},"canonical":"https:\/\/ghinduction.com\/es-es\/productos-y-servicios\/sistemas-calentamiento-induccion\/inkompac\/inkompac-essential\/","og_locale":"es_ES","og_type":"article","og_title":"Generador inKompac Essential - GH Induction","og_description":"El sistema Essential es una soluci\u00f3n estandarizada para el calentamiento por inducci\u00f3n basada en el generador inKompac Essential. Est\u00e1 dise\u00f1ado para los casos donde se necesita lo b\u00e1sico asegurando: eficiencia, rapidez, precisi\u00f3n y fiabilidad, sin sobrecostes ni complicaciones, con la garant\u00eda GH. Cubre el mayor n\u00famero de aplicaciones posibles en media y alta frecuencia con potencias medias-bajas, para que ajustes la inversi\u00f3n y minimices el coste total de propiedad del sistema. IK-E 25MF IK-E 15MF IK-E 18HF 25kW [10, 25]kHz 15kW [10, 25]kHz 18kW [150, 250]kHz","og_url":"https:\/\/ghinduction.com\/es-es\/productos-y-servicios\/sistemas-calentamiento-induccion\/inkompac\/inkompac-essential\/","og_site_name":"GH Induction Espa\u00f1a","article_publisher":"https:\/\/www.facebook.com\/ghinductionheating","article_modified_time":"2026-03-24T11:26:27+00:00","twitter_card":"summary_large_image","schema":{"@context":"https:\/\/schema.org","@graph":[{"@type":"WebPage","@id":"https:\/\/ghinduction.com\/es-es\/productos-y-servicios\/sistemas-calentamiento-induccion\/inkompac\/inkompac-essential\/","url":"https:\/\/ghinduction.com\/es-es\/productos-y-servicios\/sistemas-calentamiento-induccion\/inkompac\/inkompac-essential\/","name":"Generador inKompac Essential - GH Induction","isPartOf":{"@id":"https:\/\/ghinduction.com\/es-es\/#website"},"datePublished":"2025-10-20T07:55:20+00:00","dateModified":"2026-03-24T11:26:27+00:00","description":"El sistema Essential es una soluci\u00f3n estandarizada para el calentamiento por inducci\u00f3n basada en el generador inKompac Essential. Est\u00e1 dise\u00f1ado para los casos donde se necesita lo b\u00e1sico asegurando: eficiencia, rapidez, precisi\u00f3n y fiabilidad, sin sobrecostes ni complicaciones, con la garant\u00eda GH. Cubre el mayor n\u00famero de aplicaciones posibles en media y alta frecuencia con potencias medias-bajas, para que ajustes la inversi\u00f3n y minimices el coste total de propiedad del sistema. IK-E 25MF IK-E 15MF IK-E 18HF 25kW [10, 25]kHz 15kW [10, 25]kHz 18kW [150, 250]kHz","breadcrumb":{"@id":"https:\/\/ghinduction.com\/es-es\/productos-y-servicios\/sistemas-calentamiento-induccion\/inkompac\/inkompac-essential\/#breadcrumb"},"inLanguage":"es","potentialAction":[{"@type":"ReadAction","target":["https:\/\/ghinduction.com\/es-es\/productos-y-servicios\/sistemas-calentamiento-induccion\/inkompac\/inkompac-essential\/"]}]},{"@type":"BreadcrumbList","@id":"https:\/\/ghinduction.com\/es-es\/productos-y-servicios\/sistemas-calentamiento-induccion\/inkompac\/inkompac-essential\/#breadcrumb","itemListElement":[{"@type":"ListItem","position":1,"name":"Home","item":"https:\/\/ghinduction.com\/es-es\/"},{"@type":"ListItem","position":2,"name":"Productos y servicios","item":"https:\/\/ghinduction.com\/es-es\/productos-y-servicios\/"},{"@type":"ListItem","position":3,"name":"Sistemas de calentamiento por inducci\u00f3n","item":"https:\/\/ghinduction.com\/es-es\/productos-y-servicios\/sistemas-calentamiento-induccion\/"},{"@type":"ListItem","position":4,"name":"Generadores de inducci\u00f3n inKompac","item":"https:\/\/ghinduction.com\/es-es\/productos-y-servicios\/sistemas-calentamiento-induccion\/inkompac\/"},{"@type":"ListItem","position":5,"name":"Generador inKompac Essential"}]},{"@type":"WebSite","@id":"https:\/\/ghinduction.com\/es-es\/#website","url":"https:\/\/ghinduction.com\/es-es\/","name":"GH Induction - Experts in Induction Heat Treatment and Induction Heating","description":"GH Induction offers advanced induction heat treatment and heating solutions for various industrial applications. With over 60 years of experience, our innovative systems ensure efficiency and quality across diverse sectors globally.","publisher":{"@id":"https:\/\/ghinduction.com\/es-es\/#organization"},"alternateName":"GH Induction","potentialAction":[{"@type":"SearchAction","target":{"@type":"EntryPoint","urlTemplate":"https:\/\/ghinduction.com\/es-es\/?s={search_term_string}"},"query-input":{"@type":"PropertyValueSpecification","valueRequired":true,"valueName":"search_term_string"}}],"inLanguage":"es"},{"@type":"Organization","@id":"https:\/\/ghinduction.com\/es-es\/#organization","name":"GH Induction - Experts in Induction Heat Treatment and Induction Heating","alternateName":"GH Induction","url":"https:\/\/ghinduction.com\/es-es\/","logo":{"@type":"ImageObject","inLanguage":"es","@id":"https:\/\/ghinduction.com\/es-es\/#\/schema\/logo\/image\/","url":"https:\/\/ghinduction.com\/wp-content\/uploads\/2024\/05\/logo-gh-induction.png","contentUrl":"https:\/\/ghinduction.com\/wp-content\/uploads\/2024\/05\/logo-gh-induction.png","width":225,"height":225,"caption":"GH Induction - Experts in Induction Heat Treatment and Induction Heating"},"image":{"@id":"https:\/\/ghinduction.com\/es-es\/#\/schema\/logo\/image\/"},"sameAs":["https:\/\/www.facebook.com\/ghinductionheating","https:\/\/www.linkedin.com\/company\/gh-induction\/","https:\/\/www.youtube.com\/user\/GhInduction"]}]}},"_links":{"self":[{"href":"https:\/\/ghinduction.com\/es-es\/wp-json\/wp\/v2\/pages\/63854","targetHints":{"allow":["GET"]}}],"collection":[{"href":"https:\/\/ghinduction.com\/es-es\/wp-json\/wp\/v2\/pages"}],"about":[{"href":"https:\/\/ghinduction.com\/es-es\/wp-json\/wp\/v2\/types\/page"}],"author":[{"embeddable":true,"href":"https:\/\/ghinduction.com\/es-es\/wp-json\/wp\/v2\/users\/4"}],"replies":[{"embeddable":true,"href":"https:\/\/ghinduction.com\/es-es\/wp-json\/wp\/v2\/comments?post=63854"}],"version-history":[{"count":4,"href":"https:\/\/ghinduction.com\/es-es\/wp-json\/wp\/v2\/pages\/63854\/revisions"}],"predecessor-version":[{"id":67640,"href":"https:\/\/ghinduction.com\/es-es\/wp-json\/wp\/v2\/pages\/63854\/revisions\/67640"}],"up":[{"embeddable":true,"href":"https:\/\/ghinduction.com\/es-es\/wp-json\/wp\/v2\/pages\/61076"}],"wp:attachment":[{"href":"https:\/\/ghinduction.com\/es-es\/wp-json\/wp\/v2\/media?parent=63854"}],"wp:term":[{"taxonomy":"industry","embeddable":true,"href":"https:\/\/ghinduction.com\/es-es\/wp-json\/wp\/v2\/industry?post=63854"},{"taxonomy":"processes","embeddable":true,"href":"https:\/\/ghinduction.com\/es-es\/wp-json\/wp\/v2\/processes?post=63854"},{"taxonomy":"solutions","embeddable":true,"href":"https:\/\/ghinduction.com\/es-es\/wp-json\/wp\/v2\/solutions?post=63854"}],"curies":[{"name":"wp","href":"https:\/\/api.w.org\/{rel}","templated":true}]}}