{"id":63941,"date":"2025-11-12T13:06:35","date_gmt":"2025-11-12T13:06:35","guid":{"rendered":"https:\/\/ghinduction.com\/innovacion\/id-en-electronica\/dise\u00f1o-generador-sincroniza-inductores-modo-cancelacion-refuerzo-flujo-magnetico-optimizacion-procesos-calentamiento-induccion-proyecto-sincro\/"},"modified":"2025-11-12T13:22:33","modified_gmt":"2025-11-12T13:22:33","slug":"generador-sincroniza-inductores-modo-cancelacion-refuerzo-flujo-magnetico-optimizacion-procesos-calentamiento-induccion-proyecto-sincro","status":"publish","type":"page","link":"https:\/\/ghinduction.com\/es-es\/innovacion\/id-en-electronica\/generador-sincroniza-inductores-modo-cancelacion-refuerzo-flujo-magnetico-optimizacion-procesos-calentamiento-induccion-proyecto-sincro\/","title":{"rendered":"Dise\u00f1o de un generador que Sincroniza INductores y los configura en modo de Cancelaci\u00f3n o Refuerzo de flujo magn\u00e9tico para la Optimizaci\u00f3n y mejora de procesos de calentamiento por inducci\u00f3n (Proyecto SINCRO)"},"content":{"rendered":"","protected":false},"excerpt":{"rendered":"","protected":false},"author":4,"featured_media":0,"parent":21780,"menu_order":0,"comment_status":"closed","ping_status":"closed","template":"","meta":{"_acf_changed":false,"footnotes":""},"industry":[],"processes":[],"solutions":[],"class_list":["post-63941","page","type-page","status-publish","hentry"],"acf":[],"yoast_head":"<!-- This site is optimized with the Yoast SEO plugin v27.3 - https:\/\/yoast.com\/product\/yoast-seo-wordpress\/ -->\n<title>Proyecto SINCRO - GH Induction<\/title>\n<meta name=\"robots\" content=\"index, follow, max-snippet:-1, max-image-preview:large, max-video-preview:-1\" \/>\n<link rel=\"canonical\" href=\"https:\/\/ghinduction.com\/es-es\/innovacion\/id-en-electronica\/generador-sincroniza-inductores-modo-cancelacion-refuerzo-flujo-magnetico-optimizacion-procesos-calentamiento-induccion-proyecto-sincro\/\" \/>\n<meta property=\"og:locale\" content=\"es_ES\" \/>\n<meta property=\"og:type\" content=\"article\" \/>\n<meta property=\"og:title\" content=\"Proyecto SINCRO - GH Induction\" \/>\n<meta property=\"og:url\" content=\"https:\/\/ghinduction.com\/es-es\/innovacion\/id-en-electronica\/generador-sincroniza-inductores-modo-cancelacion-refuerzo-flujo-magnetico-optimizacion-procesos-calentamiento-induccion-proyecto-sincro\/\" \/>\n<meta property=\"og:site_name\" content=\"GH Induction Espa\u00f1a\" \/>\n<meta property=\"article:publisher\" content=\"https:\/\/www.facebook.com\/ghinductionheating\" \/>\n<meta property=\"article:modified_time\" content=\"2025-11-12T13:22:33+00:00\" \/>\n<meta name=\"twitter:card\" content=\"summary_large_image\" \/>\n<script type=\"application\/ld+json\" class=\"yoast-schema-graph\">{\"@context\":\"https:\\\/\\\/schema.org\",\"@graph\":[{\"@type\":\"WebPage\",\"@id\":\"https:\\\/\\\/ghinduction.com\\\/es-es\\\/innovacion\\\/id-en-electronica\\\/generador-sincroniza-inductores-modo-cancelacion-refuerzo-flujo-magnetico-optimizacion-procesos-calentamiento-induccion-proyecto-sincro\\\/\",\"url\":\"https:\\\/\\\/ghinduction.com\\\/es-es\\\/innovacion\\\/id-en-electronica\\\/generador-sincroniza-inductores-modo-cancelacion-refuerzo-flujo-magnetico-optimizacion-procesos-calentamiento-induccion-proyecto-sincro\\\/\",\"name\":\"Proyecto SINCRO - GH Induction\",\"isPartOf\":{\"@id\":\"https:\\\/\\\/ghinduction.com\\\/es-es\\\/#website\"},\"datePublished\":\"2025-11-12T13:06:35+00:00\",\"dateModified\":\"2025-11-12T13:22:33+00:00\",\"breadcrumb\":{\"@id\":\"https:\\\/\\\/ghinduction.com\\\/es-es\\\/innovacion\\\/id-en-electronica\\\/generador-sincroniza-inductores-modo-cancelacion-refuerzo-flujo-magnetico-optimizacion-procesos-calentamiento-induccion-proyecto-sincro\\\/#breadcrumb\"},\"inLanguage\":\"es\",\"potentialAction\":[{\"@type\":\"ReadAction\",\"target\":[\"https:\\\/\\\/ghinduction.com\\\/es-es\\\/innovacion\\\/id-en-electronica\\\/generador-sincroniza-inductores-modo-cancelacion-refuerzo-flujo-magnetico-optimizacion-procesos-calentamiento-induccion-proyecto-sincro\\\/\"]}]},{\"@type\":\"BreadcrumbList\",\"@id\":\"https:\\\/\\\/ghinduction.com\\\/es-es\\\/innovacion\\\/id-en-electronica\\\/generador-sincroniza-inductores-modo-cancelacion-refuerzo-flujo-magnetico-optimizacion-procesos-calentamiento-induccion-proyecto-sincro\\\/#breadcrumb\",\"itemListElement\":[{\"@type\":\"ListItem\",\"position\":1,\"name\":\"Home\",\"item\":\"https:\\\/\\\/ghinduction.com\\\/es-es\\\/\"},{\"@type\":\"ListItem\",\"position\":2,\"name\":\"Innovaci\u00f3n\",\"item\":\"https:\\\/\\\/ghinduction.com\\\/es-es\\\/innovacion\\\/\"},{\"@type\":\"ListItem\",\"position\":3,\"name\":\"I+D en electr\u00f3nica\",\"item\":\"https:\\\/\\\/ghinduction.com\\\/es-es\\\/innovacion\\\/id-en-electronica\\\/\"},{\"@type\":\"ListItem\",\"position\":4,\"name\":\"Dise\u00f1o de un generador que Sincroniza INductores y los configura en modo de Cancelaci\u00f3n o Refuerzo de flujo magn\u00e9tico para la Optimizaci\u00f3n y mejora de procesos de calentamiento por inducci\u00f3n (Proyecto SINCRO)\"}]},{\"@type\":\"WebSite\",\"@id\":\"https:\\\/\\\/ghinduction.com\\\/es-es\\\/#website\",\"url\":\"https:\\\/\\\/ghinduction.com\\\/es-es\\\/\",\"name\":\"GH Induction - Experts in Induction Heat Treatment and Induction Heating\",\"description\":\"GH Induction offers advanced induction heat treatment and heating solutions for various industrial applications. With over 60 years of experience, our innovative systems ensure efficiency and quality across diverse sectors globally.\",\"publisher\":{\"@id\":\"https:\\\/\\\/ghinduction.com\\\/es-es\\\/#organization\"},\"alternateName\":\"GH Induction\",\"potentialAction\":[{\"@type\":\"SearchAction\",\"target\":{\"@type\":\"EntryPoint\",\"urlTemplate\":\"https:\\\/\\\/ghinduction.com\\\/es-es\\\/?s={search_term_string}\"},\"query-input\":{\"@type\":\"PropertyValueSpecification\",\"valueRequired\":true,\"valueName\":\"search_term_string\"}}],\"inLanguage\":\"es\"},{\"@type\":\"Organization\",\"@id\":\"https:\\\/\\\/ghinduction.com\\\/es-es\\\/#organization\",\"name\":\"GH Induction - Experts in Induction Heat Treatment and Induction Heating\",\"alternateName\":\"GH Induction\",\"url\":\"https:\\\/\\\/ghinduction.com\\\/es-es\\\/\",\"logo\":{\"@type\":\"ImageObject\",\"inLanguage\":\"es\",\"@id\":\"https:\\\/\\\/ghinduction.com\\\/es-es\\\/#\\\/schema\\\/logo\\\/image\\\/\",\"url\":\"https:\\\/\\\/ghinduction.com\\\/wp-content\\\/uploads\\\/2024\\\/05\\\/logo-gh-induction.png\",\"contentUrl\":\"https:\\\/\\\/ghinduction.com\\\/wp-content\\\/uploads\\\/2024\\\/05\\\/logo-gh-induction.png\",\"width\":225,\"height\":225,\"caption\":\"GH Induction - Experts in Induction Heat Treatment and Induction Heating\"},\"image\":{\"@id\":\"https:\\\/\\\/ghinduction.com\\\/es-es\\\/#\\\/schema\\\/logo\\\/image\\\/\"},\"sameAs\":[\"https:\\\/\\\/www.facebook.com\\\/ghinductionheating\",\"https:\\\/\\\/www.linkedin.com\\\/company\\\/gh-induction\\\/\",\"https:\\\/\\\/www.youtube.com\\\/user\\\/GhInduction\"]}]}<\/script>\n<!-- \/ Yoast SEO plugin. -->","yoast_head_json":{"title":"Proyecto SINCRO - GH Induction","robots":{"index":"index","follow":"follow","max-snippet":"max-snippet:-1","max-image-preview":"max-image-preview:large","max-video-preview":"max-video-preview:-1"},"canonical":"https:\/\/ghinduction.com\/es-es\/innovacion\/id-en-electronica\/generador-sincroniza-inductores-modo-cancelacion-refuerzo-flujo-magnetico-optimizacion-procesos-calentamiento-induccion-proyecto-sincro\/","og_locale":"es_ES","og_type":"article","og_title":"Proyecto SINCRO - GH Induction","og_url":"https:\/\/ghinduction.com\/es-es\/innovacion\/id-en-electronica\/generador-sincroniza-inductores-modo-cancelacion-refuerzo-flujo-magnetico-optimizacion-procesos-calentamiento-induccion-proyecto-sincro\/","og_site_name":"GH Induction Espa\u00f1a","article_publisher":"https:\/\/www.facebook.com\/ghinductionheating","article_modified_time":"2025-11-12T13:22:33+00:00","twitter_card":"summary_large_image","schema":{"@context":"https:\/\/schema.org","@graph":[{"@type":"WebPage","@id":"https:\/\/ghinduction.com\/es-es\/innovacion\/id-en-electronica\/generador-sincroniza-inductores-modo-cancelacion-refuerzo-flujo-magnetico-optimizacion-procesos-calentamiento-induccion-proyecto-sincro\/","url":"https:\/\/ghinduction.com\/es-es\/innovacion\/id-en-electronica\/generador-sincroniza-inductores-modo-cancelacion-refuerzo-flujo-magnetico-optimizacion-procesos-calentamiento-induccion-proyecto-sincro\/","name":"Proyecto SINCRO - GH Induction","isPartOf":{"@id":"https:\/\/ghinduction.com\/es-es\/#website"},"datePublished":"2025-11-12T13:06:35+00:00","dateModified":"2025-11-12T13:22:33+00:00","breadcrumb":{"@id":"https:\/\/ghinduction.com\/es-es\/innovacion\/id-en-electronica\/generador-sincroniza-inductores-modo-cancelacion-refuerzo-flujo-magnetico-optimizacion-procesos-calentamiento-induccion-proyecto-sincro\/#breadcrumb"},"inLanguage":"es","potentialAction":[{"@type":"ReadAction","target":["https:\/\/ghinduction.com\/es-es\/innovacion\/id-en-electronica\/generador-sincroniza-inductores-modo-cancelacion-refuerzo-flujo-magnetico-optimizacion-procesos-calentamiento-induccion-proyecto-sincro\/"]}]},{"@type":"BreadcrumbList","@id":"https:\/\/ghinduction.com\/es-es\/innovacion\/id-en-electronica\/generador-sincroniza-inductores-modo-cancelacion-refuerzo-flujo-magnetico-optimizacion-procesos-calentamiento-induccion-proyecto-sincro\/#breadcrumb","itemListElement":[{"@type":"ListItem","position":1,"name":"Home","item":"https:\/\/ghinduction.com\/es-es\/"},{"@type":"ListItem","position":2,"name":"Innovaci\u00f3n","item":"https:\/\/ghinduction.com\/es-es\/innovacion\/"},{"@type":"ListItem","position":3,"name":"I+D en electr\u00f3nica","item":"https:\/\/ghinduction.com\/es-es\/innovacion\/id-en-electronica\/"},{"@type":"ListItem","position":4,"name":"Dise\u00f1o de un generador que Sincroniza INductores y los configura en modo de Cancelaci\u00f3n o Refuerzo de flujo magn\u00e9tico para la Optimizaci\u00f3n y mejora de procesos de calentamiento por inducci\u00f3n (Proyecto SINCRO)"}]},{"@type":"WebSite","@id":"https:\/\/ghinduction.com\/es-es\/#website","url":"https:\/\/ghinduction.com\/es-es\/","name":"GH Induction - Experts in Induction Heat Treatment and Induction Heating","description":"GH Induction offers advanced induction heat treatment and heating solutions for various industrial applications. With over 60 years of experience, our innovative systems ensure efficiency and quality across diverse sectors globally.","publisher":{"@id":"https:\/\/ghinduction.com\/es-es\/#organization"},"alternateName":"GH Induction","potentialAction":[{"@type":"SearchAction","target":{"@type":"EntryPoint","urlTemplate":"https:\/\/ghinduction.com\/es-es\/?s={search_term_string}"},"query-input":{"@type":"PropertyValueSpecification","valueRequired":true,"valueName":"search_term_string"}}],"inLanguage":"es"},{"@type":"Organization","@id":"https:\/\/ghinduction.com\/es-es\/#organization","name":"GH Induction - Experts in Induction Heat Treatment and Induction Heating","alternateName":"GH Induction","url":"https:\/\/ghinduction.com\/es-es\/","logo":{"@type":"ImageObject","inLanguage":"es","@id":"https:\/\/ghinduction.com\/es-es\/#\/schema\/logo\/image\/","url":"https:\/\/ghinduction.com\/wp-content\/uploads\/2024\/05\/logo-gh-induction.png","contentUrl":"https:\/\/ghinduction.com\/wp-content\/uploads\/2024\/05\/logo-gh-induction.png","width":225,"height":225,"caption":"GH Induction - Experts in Induction Heat Treatment and Induction Heating"},"image":{"@id":"https:\/\/ghinduction.com\/es-es\/#\/schema\/logo\/image\/"},"sameAs":["https:\/\/www.facebook.com\/ghinductionheating","https:\/\/www.linkedin.com\/company\/gh-induction\/","https:\/\/www.youtube.com\/user\/GhInduction"]}]}},"_links":{"self":[{"href":"https:\/\/ghinduction.com\/es-es\/wp-json\/wp\/v2\/pages\/63941","targetHints":{"allow":["GET"]}}],"collection":[{"href":"https:\/\/ghinduction.com\/es-es\/wp-json\/wp\/v2\/pages"}],"about":[{"href":"https:\/\/ghinduction.com\/es-es\/wp-json\/wp\/v2\/types\/page"}],"author":[{"embeddable":true,"href":"https:\/\/ghinduction.com\/es-es\/wp-json\/wp\/v2\/users\/4"}],"replies":[{"embeddable":true,"href":"https:\/\/ghinduction.com\/es-es\/wp-json\/wp\/v2\/comments?post=63941"}],"version-history":[{"count":1,"href":"https:\/\/ghinduction.com\/es-es\/wp-json\/wp\/v2\/pages\/63941\/revisions"}],"predecessor-version":[{"id":63942,"href":"https:\/\/ghinduction.com\/es-es\/wp-json\/wp\/v2\/pages\/63941\/revisions\/63942"}],"up":[{"embeddable":true,"href":"https:\/\/ghinduction.com\/es-es\/wp-json\/wp\/v2\/pages\/21780"}],"wp:attachment":[{"href":"https:\/\/ghinduction.com\/es-es\/wp-json\/wp\/v2\/media?parent=63941"}],"wp:term":[{"taxonomy":"industry","embeddable":true,"href":"https:\/\/ghinduction.com\/es-es\/wp-json\/wp\/v2\/industry?post=63941"},{"taxonomy":"processes","embeddable":true,"href":"https:\/\/ghinduction.com\/es-es\/wp-json\/wp\/v2\/processes?post=63941"},{"taxonomy":"solutions","embeddable":true,"href":"https:\/\/ghinduction.com\/es-es\/wp-json\/wp\/v2\/solutions?post=63941"}],"curies":[{"name":"wp","href":"https:\/\/api.w.org\/{rel}","templated":true}]}}