{"id":22550,"date":"2023-01-09T09:02:41","date_gmt":"2023-01-09T09:02:41","guid":{"rendered":"https:\/\/ghinduction.com\/automotive\/"},"modified":"2026-02-26T12:14:02","modified_gmt":"2026-02-26T12:14:02","slug":"automovil","status":"publish","type":"page","link":"https:\/\/ghinduction.com\/es-mx\/soluciones\/industrias\/transporte\/automovil\/","title":{"rendered":"Automoci\u00f3n"},"content":{"rendered":"","protected":false},"excerpt":{"rendered":"","protected":false},"author":1,"featured_media":18899,"parent":22568,"menu_order":57,"comment_status":"closed","ping_status":"closed","template":"","meta":{"_acf_changed":false,"footnotes":""},"industry":[1318],"processes":[789],"solutions":[],"class_list":["post-22550","page","type-page","status-publish","has-post-thumbnail","hentry","industry-automovil-es-mx","processes-tratamiento-termico-es-mx"],"acf":[],"yoast_head":"<!-- This site is optimized with the Yoast SEO plugin v27.3 - https:\/\/yoast.com\/product\/yoast-seo-wordpress\/ -->\n<title>Soluciones de inducci\u00f3n en automoci\u00f3n - GH Induction<\/title>\n<meta name=\"description\" content=\"A medida que la industria del autom\u00f3vil evoluciona para satisfacer las demandas del mercado con diferentes tecnolog\u00edas como ICEV (Motor de Combusti\u00f3n Interna), EV (Veh\u00edculo El\u00e9ctrico) e H\u00edbridos, los problemas de la cadena de suministro se han vuelto m\u00e1s complejos que nunca. Tanto si te enfrentas a retos relacionados con la adaptaci\u00f3n r\u00e1pida, la competitividad, la mejora de la eficacia de la producci\u00f3n, el control de calidad o la sostenibilidad, entendemos tus necesidades y trabajando juntos podemos ayudarte. Estamos especializados en ofrecer soluciones llave en mano rentables y flexibles, trabajando juntos con nuestros clientes. Incorporamos la \u00faltima tecnolog\u00eda tanto propia como otras en el marco de la Industria 4.0, asegur\u00e1ndonos de que recibes la soluci\u00f3n ideal para tus requisitos espec\u00edficos. Con m\u00e1s de 60 a\u00f1os de experiencia, sabemos lo que hace falta para satisfacer las elevadas exigencias de la industria del autom\u00f3vil.\" \/>\n<meta name=\"robots\" content=\"index, follow, max-snippet:-1, max-image-preview:large, max-video-preview:-1\" \/>\n<link rel=\"canonical\" href=\"https:\/\/ghinduction.com\/es-mx\/soluciones\/industrias\/transporte\/automovil\/\" \/>\n<meta property=\"og:locale\" content=\"es_MX\" \/>\n<meta property=\"og:type\" content=\"article\" \/>\n<meta property=\"og:title\" content=\"Soluciones de inducci\u00f3n en automoci\u00f3n - GH Induction\" \/>\n<meta property=\"og:description\" content=\"A medida que la industria del autom\u00f3vil evoluciona para satisfacer las demandas del mercado con diferentes tecnolog\u00edas como ICEV (Motor de Combusti\u00f3n Interna), EV (Veh\u00edculo El\u00e9ctrico) e H\u00edbridos, los problemas de la cadena de suministro se han vuelto m\u00e1s complejos que nunca. Tanto si te enfrentas a retos relacionados con la adaptaci\u00f3n r\u00e1pida, la competitividad, la mejora de la eficacia de la producci\u00f3n, el control de calidad o la sostenibilidad, entendemos tus necesidades y trabajando juntos podemos ayudarte. Estamos especializados en ofrecer soluciones llave en mano rentables y flexibles, trabajando juntos con nuestros clientes. Incorporamos la \u00faltima tecnolog\u00eda tanto propia como otras en el marco de la Industria 4.0, asegur\u00e1ndonos de que recibes la soluci\u00f3n ideal para tus requisitos espec\u00edficos. Con m\u00e1s de 60 a\u00f1os de experiencia, sabemos lo que hace falta para satisfacer las elevadas exigencias de la industria del autom\u00f3vil.\" \/>\n<meta property=\"og:url\" content=\"https:\/\/ghinduction.com\/es-mx\/soluciones\/industrias\/transporte\/automovil\/\" \/>\n<meta property=\"og:site_name\" content=\"GH Induction M\u00e9xico\" \/>\n<meta property=\"article:publisher\" content=\"https:\/\/www.facebook.com\/ghinductionheating\" \/>\n<meta property=\"article:modified_time\" content=\"2026-02-26T12:14:02+00:00\" \/>\n<meta property=\"og:image\" content=\"https:\/\/ghinduction.com\/wp-content\/uploads\/2023\/03\/INDUSTRIES_AUTOMOTIVE_MAIN-BANNER-opt.jpg\" \/>\n\t<meta property=\"og:image:width\" content=\"1920\" \/>\n\t<meta property=\"og:image:height\" content=\"1080\" \/>\n\t<meta property=\"og:image:type\" content=\"image\/jpeg\" \/>\n<meta name=\"twitter:card\" content=\"summary_large_image\" \/>\n<meta name=\"twitter:label1\" content=\"Tiempo de lectura\" \/>\n\t<meta name=\"twitter:data1\" content=\"1 minuto\" \/>\n<script type=\"application\/ld+json\" class=\"yoast-schema-graph\">{\"@context\":\"https:\\\/\\\/schema.org\",\"@graph\":[{\"@type\":\"WebPage\",\"@id\":\"https:\\\/\\\/ghinduction.com\\\/es-mx\\\/soluciones\\\/industrias\\\/transporte\\\/automovil\\\/\",\"url\":\"https:\\\/\\\/ghinduction.com\\\/es-mx\\\/soluciones\\\/industrias\\\/transporte\\\/automovil\\\/\",\"name\":\"Soluciones de inducci\u00f3n en automoci\u00f3n - GH Induction\",\"isPartOf\":{\"@id\":\"https:\\\/\\\/ghinduction.com\\\/es-mx\\\/#website\"},\"primaryImageOfPage\":{\"@id\":\"https:\\\/\\\/ghinduction.com\\\/es-mx\\\/soluciones\\\/industrias\\\/transporte\\\/automovil\\\/#primaryimage\"},\"image\":{\"@id\":\"https:\\\/\\\/ghinduction.com\\\/es-mx\\\/soluciones\\\/industrias\\\/transporte\\\/automovil\\\/#primaryimage\"},\"thumbnailUrl\":\"https:\\\/\\\/ghinduction.com\\\/wp-content\\\/uploads\\\/2023\\\/03\\\/INDUSTRIES_AUTOMOTIVE_MAIN-BANNER-opt.jpg\",\"datePublished\":\"2023-01-09T09:02:41+00:00\",\"dateModified\":\"2026-02-26T12:14:02+00:00\",\"description\":\"A medida que la industria del autom\u00f3vil evoluciona para satisfacer las demandas del mercado con diferentes tecnolog\u00edas como ICEV (Motor de Combusti\u00f3n Interna), EV (Veh\u00edculo El\u00e9ctrico) e H\u00edbridos, los problemas de la cadena de suministro se han vuelto m\u00e1s complejos que nunca. Tanto si te enfrentas a retos relacionados con la adaptaci\u00f3n r\u00e1pida, la competitividad, la mejora de la eficacia de la producci\u00f3n, el control de calidad o la sostenibilidad, entendemos tus necesidades y trabajando juntos podemos ayudarte. Estamos especializados en ofrecer soluciones llave en mano rentables y flexibles, trabajando juntos con nuestros clientes. Incorporamos la \u00faltima tecnolog\u00eda tanto propia como otras en el marco de la Industria 4.0, asegur\u00e1ndonos de que recibes la soluci\u00f3n ideal para tus requisitos espec\u00edficos. Con m\u00e1s de 60 a\u00f1os de experiencia, sabemos lo que hace falta para satisfacer las elevadas exigencias de la industria del autom\u00f3vil.\",\"breadcrumb\":{\"@id\":\"https:\\\/\\\/ghinduction.com\\\/es-mx\\\/soluciones\\\/industrias\\\/transporte\\\/automovil\\\/#breadcrumb\"},\"inLanguage\":\"es\",\"potentialAction\":[{\"@type\":\"ReadAction\",\"target\":[\"https:\\\/\\\/ghinduction.com\\\/es-mx\\\/soluciones\\\/industrias\\\/transporte\\\/automovil\\\/\"]}]},{\"@type\":\"ImageObject\",\"inLanguage\":\"es\",\"@id\":\"https:\\\/\\\/ghinduction.com\\\/es-mx\\\/soluciones\\\/industrias\\\/transporte\\\/automovil\\\/#primaryimage\",\"url\":\"https:\\\/\\\/ghinduction.com\\\/wp-content\\\/uploads\\\/2023\\\/03\\\/INDUSTRIES_AUTOMOTIVE_MAIN-BANNER-opt.jpg\",\"contentUrl\":\"https:\\\/\\\/ghinduction.com\\\/wp-content\\\/uploads\\\/2023\\\/03\\\/INDUSTRIES_AUTOMOTIVE_MAIN-BANNER-opt.jpg\",\"width\":1920,\"height\":1080},{\"@type\":\"BreadcrumbList\",\"@id\":\"https:\\\/\\\/ghinduction.com\\\/es-mx\\\/soluciones\\\/industrias\\\/transporte\\\/automovil\\\/#breadcrumb\",\"itemListElement\":[{\"@type\":\"ListItem\",\"position\":1,\"name\":\"Home\",\"item\":\"https:\\\/\\\/ghinduction.com\\\/es-mx\\\/\"},{\"@type\":\"ListItem\",\"position\":2,\"name\":\"Soluciones\",\"item\":\"https:\\\/\\\/ghinduction.com\\\/es-mx\\\/soluciones\\\/\"},{\"@type\":\"ListItem\",\"position\":3,\"name\":\"Industrias\",\"item\":\"https:\\\/\\\/ghinduction.com\\\/es-mx\\\/soluciones\\\/industrias\\\/\"},{\"@type\":\"ListItem\",\"position\":4,\"name\":\"Transporte\",\"item\":\"https:\\\/\\\/ghinduction.com\\\/es-mx\\\/soluciones\\\/industrias\\\/transporte\\\/\"},{\"@type\":\"ListItem\",\"position\":5,\"name\":\"Automoci\u00f3n\"}]},{\"@type\":\"WebSite\",\"@id\":\"https:\\\/\\\/ghinduction.com\\\/es-mx\\\/#website\",\"url\":\"https:\\\/\\\/ghinduction.com\\\/es-mx\\\/\",\"name\":\"GH Induction - Experts in Induction Heat Treatment and Induction Heating\",\"description\":\"GH Induction offers advanced induction heat treatment and heating solutions for various industrial applications. With over 60 years of experience, our innovative systems ensure efficiency and quality across diverse sectors globally.\",\"publisher\":{\"@id\":\"https:\\\/\\\/ghinduction.com\\\/es-mx\\\/#organization\"},\"alternateName\":\"GH Induction\",\"potentialAction\":[{\"@type\":\"SearchAction\",\"target\":{\"@type\":\"EntryPoint\",\"urlTemplate\":\"https:\\\/\\\/ghinduction.com\\\/es-mx\\\/?s={search_term_string}\"},\"query-input\":{\"@type\":\"PropertyValueSpecification\",\"valueRequired\":true,\"valueName\":\"search_term_string\"}}],\"inLanguage\":\"es\"},{\"@type\":\"Organization\",\"@id\":\"https:\\\/\\\/ghinduction.com\\\/es-mx\\\/#organization\",\"name\":\"GH Induction - Experts in Induction Heat Treatment and Induction Heating\",\"alternateName\":\"GH Induction\",\"url\":\"https:\\\/\\\/ghinduction.com\\\/es-mx\\\/\",\"logo\":{\"@type\":\"ImageObject\",\"inLanguage\":\"es\",\"@id\":\"https:\\\/\\\/ghinduction.com\\\/es-mx\\\/#\\\/schema\\\/logo\\\/image\\\/\",\"url\":\"https:\\\/\\\/ghinduction.com\\\/wp-content\\\/uploads\\\/2024\\\/05\\\/logo-gh-induction.png\",\"contentUrl\":\"https:\\\/\\\/ghinduction.com\\\/wp-content\\\/uploads\\\/2024\\\/05\\\/logo-gh-induction.png\",\"width\":225,\"height\":225,\"caption\":\"GH Induction - Experts in Induction Heat Treatment and Induction Heating\"},\"image\":{\"@id\":\"https:\\\/\\\/ghinduction.com\\\/es-mx\\\/#\\\/schema\\\/logo\\\/image\\\/\"},\"sameAs\":[\"https:\\\/\\\/www.facebook.com\\\/ghinductionheating\",\"https:\\\/\\\/www.linkedin.com\\\/company\\\/gh-induction\\\/\",\"https:\\\/\\\/www.youtube.com\\\/user\\\/GhInduction\"]}]}<\/script>\n<!-- \/ Yoast SEO plugin. -->","yoast_head_json":{"title":"Soluciones de inducci\u00f3n en automoci\u00f3n - GH Induction","description":"A medida que la industria del autom\u00f3vil evoluciona para satisfacer las demandas del mercado con diferentes tecnolog\u00edas como ICEV (Motor de Combusti\u00f3n Interna), EV (Veh\u00edculo El\u00e9ctrico) e H\u00edbridos, los problemas de la cadena de suministro se han vuelto m\u00e1s complejos que nunca. Tanto si te enfrentas a retos relacionados con la adaptaci\u00f3n r\u00e1pida, la competitividad, la mejora de la eficacia de la producci\u00f3n, el control de calidad o la sostenibilidad, entendemos tus necesidades y trabajando juntos podemos ayudarte. Estamos especializados en ofrecer soluciones llave en mano rentables y flexibles, trabajando juntos con nuestros clientes. Incorporamos la \u00faltima tecnolog\u00eda tanto propia como otras en el marco de la Industria 4.0, asegur\u00e1ndonos de que recibes la soluci\u00f3n ideal para tus requisitos espec\u00edficos. Con m\u00e1s de 60 a\u00f1os de experiencia, sabemos lo que hace falta para satisfacer las elevadas exigencias de la industria del autom\u00f3vil.","robots":{"index":"index","follow":"follow","max-snippet":"max-snippet:-1","max-image-preview":"max-image-preview:large","max-video-preview":"max-video-preview:-1"},"canonical":"https:\/\/ghinduction.com\/es-mx\/soluciones\/industrias\/transporte\/automovil\/","og_locale":"es_MX","og_type":"article","og_title":"Soluciones de inducci\u00f3n en automoci\u00f3n - GH Induction","og_description":"A medida que la industria del autom\u00f3vil evoluciona para satisfacer las demandas del mercado con diferentes tecnolog\u00edas como ICEV (Motor de Combusti\u00f3n Interna), EV (Veh\u00edculo El\u00e9ctrico) e H\u00edbridos, los problemas de la cadena de suministro se han vuelto m\u00e1s complejos que nunca. Tanto si te enfrentas a retos relacionados con la adaptaci\u00f3n r\u00e1pida, la competitividad, la mejora de la eficacia de la producci\u00f3n, el control de calidad o la sostenibilidad, entendemos tus necesidades y trabajando juntos podemos ayudarte. Estamos especializados en ofrecer soluciones llave en mano rentables y flexibles, trabajando juntos con nuestros clientes. Incorporamos la \u00faltima tecnolog\u00eda tanto propia como otras en el marco de la Industria 4.0, asegur\u00e1ndonos de que recibes la soluci\u00f3n ideal para tus requisitos espec\u00edficos. Con m\u00e1s de 60 a\u00f1os de experiencia, sabemos lo que hace falta para satisfacer las elevadas exigencias de la industria del autom\u00f3vil.","og_url":"https:\/\/ghinduction.com\/es-mx\/soluciones\/industrias\/transporte\/automovil\/","og_site_name":"GH Induction M\u00e9xico","article_publisher":"https:\/\/www.facebook.com\/ghinductionheating","article_modified_time":"2026-02-26T12:14:02+00:00","og_image":[{"width":1920,"height":1080,"url":"https:\/\/ghinduction.com\/wp-content\/uploads\/2023\/03\/INDUSTRIES_AUTOMOTIVE_MAIN-BANNER-opt.jpg","type":"image\/jpeg"}],"twitter_card":"summary_large_image","twitter_misc":{"Tiempo de lectura":"1 minuto"},"schema":{"@context":"https:\/\/schema.org","@graph":[{"@type":"WebPage","@id":"https:\/\/ghinduction.com\/es-mx\/soluciones\/industrias\/transporte\/automovil\/","url":"https:\/\/ghinduction.com\/es-mx\/soluciones\/industrias\/transporte\/automovil\/","name":"Soluciones de inducci\u00f3n en automoci\u00f3n - GH Induction","isPartOf":{"@id":"https:\/\/ghinduction.com\/es-mx\/#website"},"primaryImageOfPage":{"@id":"https:\/\/ghinduction.com\/es-mx\/soluciones\/industrias\/transporte\/automovil\/#primaryimage"},"image":{"@id":"https:\/\/ghinduction.com\/es-mx\/soluciones\/industrias\/transporte\/automovil\/#primaryimage"},"thumbnailUrl":"https:\/\/ghinduction.com\/wp-content\/uploads\/2023\/03\/INDUSTRIES_AUTOMOTIVE_MAIN-BANNER-opt.jpg","datePublished":"2023-01-09T09:02:41+00:00","dateModified":"2026-02-26T12:14:02+00:00","description":"A medida que la industria del autom\u00f3vil evoluciona para satisfacer las demandas del mercado con diferentes tecnolog\u00edas como ICEV (Motor de Combusti\u00f3n Interna), EV (Veh\u00edculo El\u00e9ctrico) e H\u00edbridos, los problemas de la cadena de suministro se han vuelto m\u00e1s complejos que nunca. Tanto si te enfrentas a retos relacionados con la adaptaci\u00f3n r\u00e1pida, la competitividad, la mejora de la eficacia de la producci\u00f3n, el control de calidad o la sostenibilidad, entendemos tus necesidades y trabajando juntos podemos ayudarte. Estamos especializados en ofrecer soluciones llave en mano rentables y flexibles, trabajando juntos con nuestros clientes. Incorporamos la \u00faltima tecnolog\u00eda tanto propia como otras en el marco de la Industria 4.0, asegur\u00e1ndonos de que recibes la soluci\u00f3n ideal para tus requisitos espec\u00edficos. Con m\u00e1s de 60 a\u00f1os de experiencia, sabemos lo que hace falta para satisfacer las elevadas exigencias de la industria del autom\u00f3vil.","breadcrumb":{"@id":"https:\/\/ghinduction.com\/es-mx\/soluciones\/industrias\/transporte\/automovil\/#breadcrumb"},"inLanguage":"es","potentialAction":[{"@type":"ReadAction","target":["https:\/\/ghinduction.com\/es-mx\/soluciones\/industrias\/transporte\/automovil\/"]}]},{"@type":"ImageObject","inLanguage":"es","@id":"https:\/\/ghinduction.com\/es-mx\/soluciones\/industrias\/transporte\/automovil\/#primaryimage","url":"https:\/\/ghinduction.com\/wp-content\/uploads\/2023\/03\/INDUSTRIES_AUTOMOTIVE_MAIN-BANNER-opt.jpg","contentUrl":"https:\/\/ghinduction.com\/wp-content\/uploads\/2023\/03\/INDUSTRIES_AUTOMOTIVE_MAIN-BANNER-opt.jpg","width":1920,"height":1080},{"@type":"BreadcrumbList","@id":"https:\/\/ghinduction.com\/es-mx\/soluciones\/industrias\/transporte\/automovil\/#breadcrumb","itemListElement":[{"@type":"ListItem","position":1,"name":"Home","item":"https:\/\/ghinduction.com\/es-mx\/"},{"@type":"ListItem","position":2,"name":"Soluciones","item":"https:\/\/ghinduction.com\/es-mx\/soluciones\/"},{"@type":"ListItem","position":3,"name":"Industrias","item":"https:\/\/ghinduction.com\/es-mx\/soluciones\/industrias\/"},{"@type":"ListItem","position":4,"name":"Transporte","item":"https:\/\/ghinduction.com\/es-mx\/soluciones\/industrias\/transporte\/"},{"@type":"ListItem","position":5,"name":"Automoci\u00f3n"}]},{"@type":"WebSite","@id":"https:\/\/ghinduction.com\/es-mx\/#website","url":"https:\/\/ghinduction.com\/es-mx\/","name":"GH Induction - Experts in Induction Heat Treatment and Induction Heating","description":"GH Induction offers advanced induction heat treatment and heating solutions for various industrial applications. With over 60 years of experience, our innovative systems ensure efficiency and quality across diverse sectors globally.","publisher":{"@id":"https:\/\/ghinduction.com\/es-mx\/#organization"},"alternateName":"GH Induction","potentialAction":[{"@type":"SearchAction","target":{"@type":"EntryPoint","urlTemplate":"https:\/\/ghinduction.com\/es-mx\/?s={search_term_string}"},"query-input":{"@type":"PropertyValueSpecification","valueRequired":true,"valueName":"search_term_string"}}],"inLanguage":"es"},{"@type":"Organization","@id":"https:\/\/ghinduction.com\/es-mx\/#organization","name":"GH Induction - Experts in Induction Heat Treatment and Induction Heating","alternateName":"GH Induction","url":"https:\/\/ghinduction.com\/es-mx\/","logo":{"@type":"ImageObject","inLanguage":"es","@id":"https:\/\/ghinduction.com\/es-mx\/#\/schema\/logo\/image\/","url":"https:\/\/ghinduction.com\/wp-content\/uploads\/2024\/05\/logo-gh-induction.png","contentUrl":"https:\/\/ghinduction.com\/wp-content\/uploads\/2024\/05\/logo-gh-induction.png","width":225,"height":225,"caption":"GH Induction - Experts in Induction Heat Treatment and Induction Heating"},"image":{"@id":"https:\/\/ghinduction.com\/es-mx\/#\/schema\/logo\/image\/"},"sameAs":["https:\/\/www.facebook.com\/ghinductionheating","https:\/\/www.linkedin.com\/company\/gh-induction\/","https:\/\/www.youtube.com\/user\/GhInduction"]}]}},"_links":{"self":[{"href":"https:\/\/ghinduction.com\/es-mx\/wp-json\/wp\/v2\/pages\/22550","targetHints":{"allow":["GET"]}}],"collection":[{"href":"https:\/\/ghinduction.com\/es-mx\/wp-json\/wp\/v2\/pages"}],"about":[{"href":"https:\/\/ghinduction.com\/es-mx\/wp-json\/wp\/v2\/types\/page"}],"author":[{"embeddable":true,"href":"https:\/\/ghinduction.com\/es-mx\/wp-json\/wp\/v2\/users\/1"}],"replies":[{"embeddable":true,"href":"https:\/\/ghinduction.com\/es-mx\/wp-json\/wp\/v2\/comments?post=22550"}],"version-history":[{"count":1,"href":"https:\/\/ghinduction.com\/es-mx\/wp-json\/wp\/v2\/pages\/22550\/revisions"}],"predecessor-version":[{"id":66230,"href":"https:\/\/ghinduction.com\/es-mx\/wp-json\/wp\/v2\/pages\/22550\/revisions\/66230"}],"up":[{"embeddable":true,"href":"https:\/\/ghinduction.com\/es-mx\/wp-json\/wp\/v2\/pages\/22568"}],"wp:featuredmedia":[{"embeddable":true,"href":"https:\/\/ghinduction.com\/es-mx\/wp-json\/wp\/v2\/media\/18899"}],"wp:attachment":[{"href":"https:\/\/ghinduction.com\/es-mx\/wp-json\/wp\/v2\/media?parent=22550"}],"wp:term":[{"taxonomy":"industry","embeddable":true,"href":"https:\/\/ghinduction.com\/es-mx\/wp-json\/wp\/v2\/industry?post=22550"},{"taxonomy":"processes","embeddable":true,"href":"https:\/\/ghinduction.com\/es-mx\/wp-json\/wp\/v2\/processes?post=22550"},{"taxonomy":"solutions","embeddable":true,"href":"https:\/\/ghinduction.com\/es-mx\/wp-json\/wp\/v2\/solutions?post=22550"}],"curies":[{"name":"wp","href":"https:\/\/api.w.org\/{rel}","templated":true}]}}