{"id":23107,"date":"2023-07-15T21:49:14","date_gmt":"2023-07-15T21:49:14","guid":{"rendered":"https:\/\/ghinduction.com\/innovacion\/id-en-aplicacion__trashed\/proyecto-roma\/"},"modified":"2025-05-23T07:58:38","modified_gmt":"2025-05-23T07:58:38","slug":"proyecto-roma","status":"publish","type":"page","link":"https:\/\/ghinduction.com\/es-mx\/innovacion\/i-d-aplicaciones\/proyecto-roma\/","title":{"rendered":"Proyecto ROMA"},"content":{"rendered":"","protected":false},"excerpt":{"rendered":"","protected":false},"author":4,"featured_media":0,"parent":22727,"menu_order":0,"comment_status":"closed","ping_status":"closed","template":"","meta":{"_acf_changed":false,"footnotes":""},"industry":[],"processes":[],"solutions":[],"class_list":["post-23107","page","type-page","status-publish","hentry"],"acf":[],"yoast_head":"<!-- This site is optimized with the Yoast SEO plugin v27.3 - https:\/\/yoast.com\/product\/yoast-seo-wordpress\/ -->\n<title>Proyecto ROMA - GH Induction<\/title>\n<meta name=\"description\" content=\"Los principales objetivos t\u00e9cnicos del proyecto son el desarrollo de las siguientes elementos, que componen el prototipo final objeto de desarrollo: Concepci\u00f3n, dise\u00f1o y evaluaci\u00f3n de nuevos inductores con capacidad para la realizaci\u00f3n de tratamientos rotativos de las piezas objeto de tratamiento del presente proyecto, cumpliendo valores \u00f3ptimos de rendimiento y fiabilidad. Concepci\u00f3n, dise\u00f1o y evaluaci\u00f3n de estaciones de calentamiento con capacidad para la realizaci\u00f3n de tratamientos rotativos de las piezas objeto de tratamiento del presente proyecto, cumpliendo valores \u00f3ptimos de rendimiento y fiabilidad.\" \/>\n<meta name=\"robots\" content=\"index, follow, max-snippet:-1, max-image-preview:large, max-video-preview:-1\" \/>\n<link rel=\"canonical\" href=\"https:\/\/ghinduction.com\/es-mx\/innovacion\/i-d-aplicaciones\/proyecto-roma\/\" \/>\n<meta property=\"og:locale\" content=\"es_MX\" \/>\n<meta property=\"og:type\" content=\"article\" \/>\n<meta property=\"og:title\" content=\"Proyecto ROMA - GH Induction\" \/>\n<meta property=\"og:description\" content=\"Los principales objetivos t\u00e9cnicos del proyecto son el desarrollo de las siguientes elementos, que componen el prototipo final objeto de desarrollo: Concepci\u00f3n, dise\u00f1o y evaluaci\u00f3n de nuevos inductores con capacidad para la realizaci\u00f3n de tratamientos rotativos de las piezas objeto de tratamiento del presente proyecto, cumpliendo valores \u00f3ptimos de rendimiento y fiabilidad. Concepci\u00f3n, dise\u00f1o y evaluaci\u00f3n de estaciones de calentamiento con capacidad para la realizaci\u00f3n de tratamientos rotativos de las piezas objeto de tratamiento del presente proyecto, cumpliendo valores \u00f3ptimos de rendimiento y fiabilidad.\" \/>\n<meta property=\"og:url\" content=\"https:\/\/ghinduction.com\/es-mx\/innovacion\/i-d-aplicaciones\/proyecto-roma\/\" \/>\n<meta property=\"og:site_name\" content=\"GH Induction M\u00e9xico\" \/>\n<meta property=\"article:publisher\" content=\"https:\/\/www.facebook.com\/ghinductionheating\" \/>\n<meta property=\"article:modified_time\" content=\"2025-05-23T07:58:38+00:00\" \/>\n<meta name=\"twitter:card\" content=\"summary_large_image\" \/>\n<script type=\"application\/ld+json\" class=\"yoast-schema-graph\">{\"@context\":\"https:\\\/\\\/schema.org\",\"@graph\":[{\"@type\":\"WebPage\",\"@id\":\"https:\\\/\\\/ghinduction.com\\\/es-mx\\\/innovacion\\\/i-d-aplicaciones\\\/proyecto-roma\\\/\",\"url\":\"https:\\\/\\\/ghinduction.com\\\/es-mx\\\/innovacion\\\/i-d-aplicaciones\\\/proyecto-roma\\\/\",\"name\":\"Proyecto ROMA - GH Induction\",\"isPartOf\":{\"@id\":\"https:\\\/\\\/ghinduction.com\\\/es-mx\\\/#website\"},\"datePublished\":\"2023-07-15T21:49:14+00:00\",\"dateModified\":\"2025-05-23T07:58:38+00:00\",\"description\":\"Los principales objetivos t\u00e9cnicos del proyecto son el desarrollo de las siguientes elementos, que componen el prototipo final objeto de desarrollo: Concepci\u00f3n, dise\u00f1o y evaluaci\u00f3n de nuevos inductores con capacidad para la realizaci\u00f3n de tratamientos rotativos de las piezas objeto de tratamiento del presente proyecto, cumpliendo valores \u00f3ptimos de rendimiento y fiabilidad. Concepci\u00f3n, dise\u00f1o y evaluaci\u00f3n de estaciones de calentamiento con capacidad para la realizaci\u00f3n de tratamientos rotativos de las piezas objeto de tratamiento del presente proyecto, cumpliendo valores \u00f3ptimos de rendimiento y fiabilidad.\",\"breadcrumb\":{\"@id\":\"https:\\\/\\\/ghinduction.com\\\/es-mx\\\/innovacion\\\/i-d-aplicaciones\\\/proyecto-roma\\\/#breadcrumb\"},\"inLanguage\":\"es\",\"potentialAction\":[{\"@type\":\"ReadAction\",\"target\":[\"https:\\\/\\\/ghinduction.com\\\/es-mx\\\/innovacion\\\/i-d-aplicaciones\\\/proyecto-roma\\\/\"]}]},{\"@type\":\"BreadcrumbList\",\"@id\":\"https:\\\/\\\/ghinduction.com\\\/es-mx\\\/innovacion\\\/i-d-aplicaciones\\\/proyecto-roma\\\/#breadcrumb\",\"itemListElement\":[{\"@type\":\"ListItem\",\"position\":1,\"name\":\"Home\",\"item\":\"https:\\\/\\\/ghinduction.com\\\/es-mx\\\/\"},{\"@type\":\"ListItem\",\"position\":2,\"name\":\"Innovaci\u00f3n\",\"item\":\"https:\\\/\\\/ghinduction.com\\\/es-mx\\\/innovacion\\\/\"},{\"@type\":\"ListItem\",\"position\":3,\"name\":\"I+D en aplicaci\u00f3n\",\"item\":\"https:\\\/\\\/ghinduction.com\\\/es-mx\\\/innovacion\\\/i-d-aplicaciones\\\/\"},{\"@type\":\"ListItem\",\"position\":4,\"name\":\"Proyecto ROMA\"}]},{\"@type\":\"WebSite\",\"@id\":\"https:\\\/\\\/ghinduction.com\\\/es-mx\\\/#website\",\"url\":\"https:\\\/\\\/ghinduction.com\\\/es-mx\\\/\",\"name\":\"GH Induction - Experts in Induction Heat Treatment and Induction Heating\",\"description\":\"GH Induction offers advanced induction heat treatment and heating solutions for various industrial applications. With over 60 years of experience, our innovative systems ensure efficiency and quality across diverse sectors globally.\",\"publisher\":{\"@id\":\"https:\\\/\\\/ghinduction.com\\\/es-mx\\\/#organization\"},\"alternateName\":\"GH Induction\",\"potentialAction\":[{\"@type\":\"SearchAction\",\"target\":{\"@type\":\"EntryPoint\",\"urlTemplate\":\"https:\\\/\\\/ghinduction.com\\\/es-mx\\\/?s={search_term_string}\"},\"query-input\":{\"@type\":\"PropertyValueSpecification\",\"valueRequired\":true,\"valueName\":\"search_term_string\"}}],\"inLanguage\":\"es\"},{\"@type\":\"Organization\",\"@id\":\"https:\\\/\\\/ghinduction.com\\\/es-mx\\\/#organization\",\"name\":\"GH Induction - Experts in Induction Heat Treatment and Induction Heating\",\"alternateName\":\"GH Induction\",\"url\":\"https:\\\/\\\/ghinduction.com\\\/es-mx\\\/\",\"logo\":{\"@type\":\"ImageObject\",\"inLanguage\":\"es\",\"@id\":\"https:\\\/\\\/ghinduction.com\\\/es-mx\\\/#\\\/schema\\\/logo\\\/image\\\/\",\"url\":\"https:\\\/\\\/ghinduction.com\\\/wp-content\\\/uploads\\\/2024\\\/05\\\/logo-gh-induction.png\",\"contentUrl\":\"https:\\\/\\\/ghinduction.com\\\/wp-content\\\/uploads\\\/2024\\\/05\\\/logo-gh-induction.png\",\"width\":225,\"height\":225,\"caption\":\"GH Induction - Experts in Induction Heat Treatment and Induction Heating\"},\"image\":{\"@id\":\"https:\\\/\\\/ghinduction.com\\\/es-mx\\\/#\\\/schema\\\/logo\\\/image\\\/\"},\"sameAs\":[\"https:\\\/\\\/www.facebook.com\\\/ghinductionheating\",\"https:\\\/\\\/www.linkedin.com\\\/company\\\/gh-induction\\\/\",\"https:\\\/\\\/www.youtube.com\\\/user\\\/GhInduction\"]}]}<\/script>\n<!-- \/ Yoast SEO plugin. -->","yoast_head_json":{"title":"Proyecto ROMA - GH Induction","description":"Los principales objetivos t\u00e9cnicos del proyecto son el desarrollo de las siguientes elementos, que componen el prototipo final objeto de desarrollo: Concepci\u00f3n, dise\u00f1o y evaluaci\u00f3n de nuevos inductores con capacidad para la realizaci\u00f3n de tratamientos rotativos de las piezas objeto de tratamiento del presente proyecto, cumpliendo valores \u00f3ptimos de rendimiento y fiabilidad. Concepci\u00f3n, dise\u00f1o y evaluaci\u00f3n de estaciones de calentamiento con capacidad para la realizaci\u00f3n de tratamientos rotativos de las piezas objeto de tratamiento del presente proyecto, cumpliendo valores \u00f3ptimos de rendimiento y fiabilidad.","robots":{"index":"index","follow":"follow","max-snippet":"max-snippet:-1","max-image-preview":"max-image-preview:large","max-video-preview":"max-video-preview:-1"},"canonical":"https:\/\/ghinduction.com\/es-mx\/innovacion\/i-d-aplicaciones\/proyecto-roma\/","og_locale":"es_MX","og_type":"article","og_title":"Proyecto ROMA - GH Induction","og_description":"Los principales objetivos t\u00e9cnicos del proyecto son el desarrollo de las siguientes elementos, que componen el prototipo final objeto de desarrollo: Concepci\u00f3n, dise\u00f1o y evaluaci\u00f3n de nuevos inductores con capacidad para la realizaci\u00f3n de tratamientos rotativos de las piezas objeto de tratamiento del presente proyecto, cumpliendo valores \u00f3ptimos de rendimiento y fiabilidad. Concepci\u00f3n, dise\u00f1o y evaluaci\u00f3n de estaciones de calentamiento con capacidad para la realizaci\u00f3n de tratamientos rotativos de las piezas objeto de tratamiento del presente proyecto, cumpliendo valores \u00f3ptimos de rendimiento y fiabilidad.","og_url":"https:\/\/ghinduction.com\/es-mx\/innovacion\/i-d-aplicaciones\/proyecto-roma\/","og_site_name":"GH Induction M\u00e9xico","article_publisher":"https:\/\/www.facebook.com\/ghinductionheating","article_modified_time":"2025-05-23T07:58:38+00:00","twitter_card":"summary_large_image","schema":{"@context":"https:\/\/schema.org","@graph":[{"@type":"WebPage","@id":"https:\/\/ghinduction.com\/es-mx\/innovacion\/i-d-aplicaciones\/proyecto-roma\/","url":"https:\/\/ghinduction.com\/es-mx\/innovacion\/i-d-aplicaciones\/proyecto-roma\/","name":"Proyecto ROMA - GH Induction","isPartOf":{"@id":"https:\/\/ghinduction.com\/es-mx\/#website"},"datePublished":"2023-07-15T21:49:14+00:00","dateModified":"2025-05-23T07:58:38+00:00","description":"Los principales objetivos t\u00e9cnicos del proyecto son el desarrollo de las siguientes elementos, que componen el prototipo final objeto de desarrollo: Concepci\u00f3n, dise\u00f1o y evaluaci\u00f3n de nuevos inductores con capacidad para la realizaci\u00f3n de tratamientos rotativos de las piezas objeto de tratamiento del presente proyecto, cumpliendo valores \u00f3ptimos de rendimiento y fiabilidad. Concepci\u00f3n, dise\u00f1o y evaluaci\u00f3n de estaciones de calentamiento con capacidad para la realizaci\u00f3n de tratamientos rotativos de las piezas objeto de tratamiento del presente proyecto, cumpliendo valores \u00f3ptimos de rendimiento y fiabilidad.","breadcrumb":{"@id":"https:\/\/ghinduction.com\/es-mx\/innovacion\/i-d-aplicaciones\/proyecto-roma\/#breadcrumb"},"inLanguage":"es","potentialAction":[{"@type":"ReadAction","target":["https:\/\/ghinduction.com\/es-mx\/innovacion\/i-d-aplicaciones\/proyecto-roma\/"]}]},{"@type":"BreadcrumbList","@id":"https:\/\/ghinduction.com\/es-mx\/innovacion\/i-d-aplicaciones\/proyecto-roma\/#breadcrumb","itemListElement":[{"@type":"ListItem","position":1,"name":"Home","item":"https:\/\/ghinduction.com\/es-mx\/"},{"@type":"ListItem","position":2,"name":"Innovaci\u00f3n","item":"https:\/\/ghinduction.com\/es-mx\/innovacion\/"},{"@type":"ListItem","position":3,"name":"I+D en aplicaci\u00f3n","item":"https:\/\/ghinduction.com\/es-mx\/innovacion\/i-d-aplicaciones\/"},{"@type":"ListItem","position":4,"name":"Proyecto ROMA"}]},{"@type":"WebSite","@id":"https:\/\/ghinduction.com\/es-mx\/#website","url":"https:\/\/ghinduction.com\/es-mx\/","name":"GH Induction - Experts in Induction Heat Treatment and Induction Heating","description":"GH Induction offers advanced induction heat treatment and heating solutions for various industrial applications. With over 60 years of experience, our innovative systems ensure efficiency and quality across diverse sectors globally.","publisher":{"@id":"https:\/\/ghinduction.com\/es-mx\/#organization"},"alternateName":"GH Induction","potentialAction":[{"@type":"SearchAction","target":{"@type":"EntryPoint","urlTemplate":"https:\/\/ghinduction.com\/es-mx\/?s={search_term_string}"},"query-input":{"@type":"PropertyValueSpecification","valueRequired":true,"valueName":"search_term_string"}}],"inLanguage":"es"},{"@type":"Organization","@id":"https:\/\/ghinduction.com\/es-mx\/#organization","name":"GH Induction - Experts in Induction Heat Treatment and Induction Heating","alternateName":"GH Induction","url":"https:\/\/ghinduction.com\/es-mx\/","logo":{"@type":"ImageObject","inLanguage":"es","@id":"https:\/\/ghinduction.com\/es-mx\/#\/schema\/logo\/image\/","url":"https:\/\/ghinduction.com\/wp-content\/uploads\/2024\/05\/logo-gh-induction.png","contentUrl":"https:\/\/ghinduction.com\/wp-content\/uploads\/2024\/05\/logo-gh-induction.png","width":225,"height":225,"caption":"GH Induction - Experts in Induction Heat Treatment and Induction Heating"},"image":{"@id":"https:\/\/ghinduction.com\/es-mx\/#\/schema\/logo\/image\/"},"sameAs":["https:\/\/www.facebook.com\/ghinductionheating","https:\/\/www.linkedin.com\/company\/gh-induction\/","https:\/\/www.youtube.com\/user\/GhInduction"]}]}},"_links":{"self":[{"href":"https:\/\/ghinduction.com\/es-mx\/wp-json\/wp\/v2\/pages\/23107","targetHints":{"allow":["GET"]}}],"collection":[{"href":"https:\/\/ghinduction.com\/es-mx\/wp-json\/wp\/v2\/pages"}],"about":[{"href":"https:\/\/ghinduction.com\/es-mx\/wp-json\/wp\/v2\/types\/page"}],"author":[{"embeddable":true,"href":"https:\/\/ghinduction.com\/es-mx\/wp-json\/wp\/v2\/users\/4"}],"replies":[{"embeddable":true,"href":"https:\/\/ghinduction.com\/es-mx\/wp-json\/wp\/v2\/comments?post=23107"}],"version-history":[{"count":0,"href":"https:\/\/ghinduction.com\/es-mx\/wp-json\/wp\/v2\/pages\/23107\/revisions"}],"up":[{"embeddable":true,"href":"https:\/\/ghinduction.com\/es-mx\/wp-json\/wp\/v2\/pages\/22727"}],"wp:attachment":[{"href":"https:\/\/ghinduction.com\/es-mx\/wp-json\/wp\/v2\/media?parent=23107"}],"wp:term":[{"taxonomy":"industry","embeddable":true,"href":"https:\/\/ghinduction.com\/es-mx\/wp-json\/wp\/v2\/industry?post=23107"},{"taxonomy":"processes","embeddable":true,"href":"https:\/\/ghinduction.com\/es-mx\/wp-json\/wp\/v2\/processes?post=23107"},{"taxonomy":"solutions","embeddable":true,"href":"https:\/\/ghinduction.com\/es-mx\/wp-json\/wp\/v2\/solutions?post=23107"}],"curies":[{"name":"wp","href":"https:\/\/api.w.org\/{rel}","templated":true}]}}