{"id":23124,"date":"2023-07-15T21:35:19","date_gmt":"2023-07-15T21:35:19","guid":{"rendered":"https:\/\/ghinduction.com\/innovacion\/id-en-aplicacion__trashed\/proyecto-tecoma\/"},"modified":"2026-02-26T14:25:41","modified_gmt":"2026-02-26T14:25:41","slug":"proyecto-tecoma","status":"publish","type":"page","link":"https:\/\/ghinduction.com\/es-mx\/innovacion\/i-d-aplicaciones\/proyecto-tecoma\/","title":{"rendered":"Proyecto TECOMA"},"content":{"rendered":"","protected":false},"excerpt":{"rendered":"","protected":false},"author":4,"featured_media":0,"parent":22727,"menu_order":0,"comment_status":"closed","ping_status":"closed","template":"","meta":{"_acf_changed":false,"footnotes":""},"industry":[],"processes":[],"solutions":[],"class_list":["post-23124","page","type-page","status-publish","hentry"],"acf":[],"yoast_head":"<!-- This site is optimized with the Yoast SEO plugin v27.3 - https:\/\/yoast.com\/product\/yoast-seo-wordpress\/ -->\n<title>Proyecto TECOMA - GH Induction<\/title>\n<meta name=\"description\" content=\"El objetivo general del presente proyecto es el dise\u00f1o de un equipo que incremente de forma notable la productividad de los equipos convencionales para el tratamiento t\u00e9rmico de temple por inducci\u00f3n de barras macizas de diferente tipolog\u00eda, as\u00ed como una amplia gama de geometr\u00edas, reduciendo dr\u00e1sticamente los tiempos de tratamiento requeridos e incrementando adem\u00e1s la calidad del tratamiento realizado con la mejora de la microestructura obtenida, a trav\u00e9s de la realizaci\u00f3n de temples a coraz\u00f3n, donde se obtiene una mayor dureza en el n\u00facleo de la pieza objeto de tratamiento. Los temples a coraz\u00f3n es una de las crecientes demandas que exige el mercado, para el cumplimiento de diferentes est\u00e1ndares de tama\u00f1o de grano correspondientes a la norma UNE-EN ISO 643. La mejora de las prestaciones del presente desarrollo frente a los equipos actuales permitir\u00e1 cumplir las nuevas exigencias especialmente la calidad y rendimiento del proceso, as\u00ed como una reducci\u00f3n del mantenimiento y de las paradas no deseadas que limitan la productividad, tras la eliminaci\u00f3n de elementos de desgaste de elevado coste y ciclos de vida \u00fatil reducido. Los objetivos t\u00e9cnicos generales del proyecto son los siguientes: Concepci\u00f3n, dise\u00f1o, desarrollo y validaci\u00f3n de inductores que posibiliten la realizaci\u00f3n de tratamientos t\u00e9rmicos de barras macizas de alta productividad. Concepci\u00f3n, dise\u00f1o, desarrollo y validaci\u00f3n de estaciones de calentamiento que posibiliten la realizaci\u00f3n de tratamientos t\u00e9rmico de barras macizas de alta productividad. Resumen del proyecto El alcance del proyecto se ha centrado en el desarrollo de las siguientes tecnolog\u00edas: Dise\u00f1o de la estaci\u00f3n de calentamiento. Dise\u00f1o del inductor. Dise\u00f1o del equipo de control.\" \/>\n<meta name=\"robots\" content=\"index, follow, max-snippet:-1, max-image-preview:large, max-video-preview:-1\" \/>\n<link rel=\"canonical\" href=\"https:\/\/ghinduction.com\/es-mx\/innovacion\/i-d-aplicaciones\/proyecto-tecoma\/\" \/>\n<meta property=\"og:locale\" content=\"es_MX\" \/>\n<meta property=\"og:type\" content=\"article\" \/>\n<meta property=\"og:title\" content=\"Proyecto TECOMA - GH Induction\" \/>\n<meta property=\"og:description\" content=\"El objetivo general del presente proyecto es el dise\u00f1o de un equipo que incremente de forma notable la productividad de los equipos convencionales para el tratamiento t\u00e9rmico de temple por inducci\u00f3n de barras macizas de diferente tipolog\u00eda, as\u00ed como una amplia gama de geometr\u00edas, reduciendo dr\u00e1sticamente los tiempos de tratamiento requeridos e incrementando adem\u00e1s la calidad del tratamiento realizado con la mejora de la microestructura obtenida, a trav\u00e9s de la realizaci\u00f3n de temples a coraz\u00f3n, donde se obtiene una mayor dureza en el n\u00facleo de la pieza objeto de tratamiento. Los temples a coraz\u00f3n es una de las crecientes demandas que exige el mercado, para el cumplimiento de diferentes est\u00e1ndares de tama\u00f1o de grano correspondientes a la norma UNE-EN ISO 643. La mejora de las prestaciones del presente desarrollo frente a los equipos actuales permitir\u00e1 cumplir las nuevas exigencias especialmente la calidad y rendimiento del proceso, as\u00ed como una reducci\u00f3n del mantenimiento y de las paradas no deseadas que limitan la productividad, tras la eliminaci\u00f3n de elementos de desgaste de elevado coste y ciclos de vida \u00fatil reducido. Los objetivos t\u00e9cnicos generales del proyecto son los siguientes: Concepci\u00f3n, dise\u00f1o, desarrollo y validaci\u00f3n de inductores que posibiliten la realizaci\u00f3n de tratamientos t\u00e9rmicos de barras macizas de alta productividad. Concepci\u00f3n, dise\u00f1o, desarrollo y validaci\u00f3n de estaciones de calentamiento que posibiliten la realizaci\u00f3n de tratamientos t\u00e9rmico de barras macizas de alta productividad. Resumen del proyecto El alcance del proyecto se ha centrado en el desarrollo de las siguientes tecnolog\u00edas: Dise\u00f1o de la estaci\u00f3n de calentamiento. Dise\u00f1o del inductor. Dise\u00f1o del equipo de control.\" \/>\n<meta property=\"og:url\" content=\"https:\/\/ghinduction.com\/es-mx\/innovacion\/i-d-aplicaciones\/proyecto-tecoma\/\" \/>\n<meta property=\"og:site_name\" content=\"GH Induction M\u00e9xico\" \/>\n<meta property=\"article:publisher\" content=\"https:\/\/www.facebook.com\/ghinductionheating\" \/>\n<meta property=\"article:modified_time\" content=\"2026-02-26T14:25:41+00:00\" \/>\n<meta name=\"twitter:card\" content=\"summary_large_image\" \/>\n<script type=\"application\/ld+json\" class=\"yoast-schema-graph\">{\"@context\":\"https:\\\/\\\/schema.org\",\"@graph\":[{\"@type\":\"WebPage\",\"@id\":\"https:\\\/\\\/ghinduction.com\\\/es-mx\\\/innovacion\\\/i-d-aplicaciones\\\/proyecto-tecoma\\\/\",\"url\":\"https:\\\/\\\/ghinduction.com\\\/es-mx\\\/innovacion\\\/i-d-aplicaciones\\\/proyecto-tecoma\\\/\",\"name\":\"Proyecto TECOMA - GH Induction\",\"isPartOf\":{\"@id\":\"https:\\\/\\\/ghinduction.com\\\/es-mx\\\/#website\"},\"datePublished\":\"2023-07-15T21:35:19+00:00\",\"dateModified\":\"2026-02-26T14:25:41+00:00\",\"description\":\"El objetivo general del presente proyecto es el dise\u00f1o de un equipo que incremente de forma notable la productividad de los equipos convencionales para el tratamiento t\u00e9rmico de temple por inducci\u00f3n de barras macizas de diferente tipolog\u00eda, as\u00ed como una amplia gama de geometr\u00edas, reduciendo dr\u00e1sticamente los tiempos de tratamiento requeridos e incrementando adem\u00e1s la calidad del tratamiento realizado con la mejora de la microestructura obtenida, a trav\u00e9s de la realizaci\u00f3n de temples a coraz\u00f3n, donde se obtiene una mayor dureza en el n\u00facleo de la pieza objeto de tratamiento. Los temples a coraz\u00f3n es una de las crecientes demandas que exige el mercado, para el cumplimiento de diferentes est\u00e1ndares de tama\u00f1o de grano correspondientes a la norma UNE-EN ISO 643. La mejora de las prestaciones del presente desarrollo frente a los equipos actuales permitir\u00e1 cumplir las nuevas exigencias especialmente la calidad y rendimiento del proceso, as\u00ed como una reducci\u00f3n del mantenimiento y de las paradas no deseadas que limitan la productividad, tras la eliminaci\u00f3n de elementos de desgaste de elevado coste y ciclos de vida \u00fatil reducido. Los objetivos t\u00e9cnicos generales del proyecto son los siguientes: Concepci\u00f3n, dise\u00f1o, desarrollo y validaci\u00f3n de inductores que posibiliten la realizaci\u00f3n de tratamientos t\u00e9rmicos de barras macizas de alta productividad. Concepci\u00f3n, dise\u00f1o, desarrollo y validaci\u00f3n de estaciones de calentamiento que posibiliten la realizaci\u00f3n de tratamientos t\u00e9rmico de barras macizas de alta productividad. Resumen del proyecto El alcance del proyecto se ha centrado en el desarrollo de las siguientes tecnolog\u00edas: Dise\u00f1o de la estaci\u00f3n de calentamiento. Dise\u00f1o del inductor. Dise\u00f1o del equipo de control.\",\"breadcrumb\":{\"@id\":\"https:\\\/\\\/ghinduction.com\\\/es-mx\\\/innovacion\\\/i-d-aplicaciones\\\/proyecto-tecoma\\\/#breadcrumb\"},\"inLanguage\":\"es\",\"potentialAction\":[{\"@type\":\"ReadAction\",\"target\":[\"https:\\\/\\\/ghinduction.com\\\/es-mx\\\/innovacion\\\/i-d-aplicaciones\\\/proyecto-tecoma\\\/\"]}]},{\"@type\":\"BreadcrumbList\",\"@id\":\"https:\\\/\\\/ghinduction.com\\\/es-mx\\\/innovacion\\\/i-d-aplicaciones\\\/proyecto-tecoma\\\/#breadcrumb\",\"itemListElement\":[{\"@type\":\"ListItem\",\"position\":1,\"name\":\"Home\",\"item\":\"https:\\\/\\\/ghinduction.com\\\/es-mx\\\/\"},{\"@type\":\"ListItem\",\"position\":2,\"name\":\"Innovaci\u00f3n\",\"item\":\"https:\\\/\\\/ghinduction.com\\\/es-mx\\\/innovacion\\\/\"},{\"@type\":\"ListItem\",\"position\":3,\"name\":\"I+D en aplicaci\u00f3n\",\"item\":\"https:\\\/\\\/ghinduction.com\\\/es-mx\\\/innovacion\\\/i-d-aplicaciones\\\/\"},{\"@type\":\"ListItem\",\"position\":4,\"name\":\"Proyecto TECOMA\"}]},{\"@type\":\"WebSite\",\"@id\":\"https:\\\/\\\/ghinduction.com\\\/es-mx\\\/#website\",\"url\":\"https:\\\/\\\/ghinduction.com\\\/es-mx\\\/\",\"name\":\"GH Induction - Experts in Induction Heat Treatment and Induction Heating\",\"description\":\"GH Induction offers advanced induction heat treatment and heating solutions for various industrial applications. With over 60 years of experience, our innovative systems ensure efficiency and quality across diverse sectors globally.\",\"publisher\":{\"@id\":\"https:\\\/\\\/ghinduction.com\\\/es-mx\\\/#organization\"},\"alternateName\":\"GH Induction\",\"potentialAction\":[{\"@type\":\"SearchAction\",\"target\":{\"@type\":\"EntryPoint\",\"urlTemplate\":\"https:\\\/\\\/ghinduction.com\\\/es-mx\\\/?s={search_term_string}\"},\"query-input\":{\"@type\":\"PropertyValueSpecification\",\"valueRequired\":true,\"valueName\":\"search_term_string\"}}],\"inLanguage\":\"es\"},{\"@type\":\"Organization\",\"@id\":\"https:\\\/\\\/ghinduction.com\\\/es-mx\\\/#organization\",\"name\":\"GH Induction - Experts in Induction Heat Treatment and Induction Heating\",\"alternateName\":\"GH Induction\",\"url\":\"https:\\\/\\\/ghinduction.com\\\/es-mx\\\/\",\"logo\":{\"@type\":\"ImageObject\",\"inLanguage\":\"es\",\"@id\":\"https:\\\/\\\/ghinduction.com\\\/es-mx\\\/#\\\/schema\\\/logo\\\/image\\\/\",\"url\":\"https:\\\/\\\/ghinduction.com\\\/wp-content\\\/uploads\\\/2024\\\/05\\\/logo-gh-induction.png\",\"contentUrl\":\"https:\\\/\\\/ghinduction.com\\\/wp-content\\\/uploads\\\/2024\\\/05\\\/logo-gh-induction.png\",\"width\":225,\"height\":225,\"caption\":\"GH Induction - Experts in Induction Heat Treatment and Induction Heating\"},\"image\":{\"@id\":\"https:\\\/\\\/ghinduction.com\\\/es-mx\\\/#\\\/schema\\\/logo\\\/image\\\/\"},\"sameAs\":[\"https:\\\/\\\/www.facebook.com\\\/ghinductionheating\",\"https:\\\/\\\/www.linkedin.com\\\/company\\\/gh-induction\\\/\",\"https:\\\/\\\/www.youtube.com\\\/user\\\/GhInduction\"]}]}<\/script>\n<!-- \/ Yoast SEO plugin. -->","yoast_head_json":{"title":"Proyecto TECOMA - GH Induction","description":"El objetivo general del presente proyecto es el dise\u00f1o de un equipo que incremente de forma notable la productividad de los equipos convencionales para el tratamiento t\u00e9rmico de temple por inducci\u00f3n de barras macizas de diferente tipolog\u00eda, as\u00ed como una amplia gama de geometr\u00edas, reduciendo dr\u00e1sticamente los tiempos de tratamiento requeridos e incrementando adem\u00e1s la calidad del tratamiento realizado con la mejora de la microestructura obtenida, a trav\u00e9s de la realizaci\u00f3n de temples a coraz\u00f3n, donde se obtiene una mayor dureza en el n\u00facleo de la pieza objeto de tratamiento. Los temples a coraz\u00f3n es una de las crecientes demandas que exige el mercado, para el cumplimiento de diferentes est\u00e1ndares de tama\u00f1o de grano correspondientes a la norma UNE-EN ISO 643. La mejora de las prestaciones del presente desarrollo frente a los equipos actuales permitir\u00e1 cumplir las nuevas exigencias especialmente la calidad y rendimiento del proceso, as\u00ed como una reducci\u00f3n del mantenimiento y de las paradas no deseadas que limitan la productividad, tras la eliminaci\u00f3n de elementos de desgaste de elevado coste y ciclos de vida \u00fatil reducido. Los objetivos t\u00e9cnicos generales del proyecto son los siguientes: Concepci\u00f3n, dise\u00f1o, desarrollo y validaci\u00f3n de inductores que posibiliten la realizaci\u00f3n de tratamientos t\u00e9rmicos de barras macizas de alta productividad. Concepci\u00f3n, dise\u00f1o, desarrollo y validaci\u00f3n de estaciones de calentamiento que posibiliten la realizaci\u00f3n de tratamientos t\u00e9rmico de barras macizas de alta productividad. Resumen del proyecto El alcance del proyecto se ha centrado en el desarrollo de las siguientes tecnolog\u00edas: Dise\u00f1o de la estaci\u00f3n de calentamiento. Dise\u00f1o del inductor. Dise\u00f1o del equipo de control.","robots":{"index":"index","follow":"follow","max-snippet":"max-snippet:-1","max-image-preview":"max-image-preview:large","max-video-preview":"max-video-preview:-1"},"canonical":"https:\/\/ghinduction.com\/es-mx\/innovacion\/i-d-aplicaciones\/proyecto-tecoma\/","og_locale":"es_MX","og_type":"article","og_title":"Proyecto TECOMA - GH Induction","og_description":"El objetivo general del presente proyecto es el dise\u00f1o de un equipo que incremente de forma notable la productividad de los equipos convencionales para el tratamiento t\u00e9rmico de temple por inducci\u00f3n de barras macizas de diferente tipolog\u00eda, as\u00ed como una amplia gama de geometr\u00edas, reduciendo dr\u00e1sticamente los tiempos de tratamiento requeridos e incrementando adem\u00e1s la calidad del tratamiento realizado con la mejora de la microestructura obtenida, a trav\u00e9s de la realizaci\u00f3n de temples a coraz\u00f3n, donde se obtiene una mayor dureza en el n\u00facleo de la pieza objeto de tratamiento. Los temples a coraz\u00f3n es una de las crecientes demandas que exige el mercado, para el cumplimiento de diferentes est\u00e1ndares de tama\u00f1o de grano correspondientes a la norma UNE-EN ISO 643. La mejora de las prestaciones del presente desarrollo frente a los equipos actuales permitir\u00e1 cumplir las nuevas exigencias especialmente la calidad y rendimiento del proceso, as\u00ed como una reducci\u00f3n del mantenimiento y de las paradas no deseadas que limitan la productividad, tras la eliminaci\u00f3n de elementos de desgaste de elevado coste y ciclos de vida \u00fatil reducido. Los objetivos t\u00e9cnicos generales del proyecto son los siguientes: Concepci\u00f3n, dise\u00f1o, desarrollo y validaci\u00f3n de inductores que posibiliten la realizaci\u00f3n de tratamientos t\u00e9rmicos de barras macizas de alta productividad. Concepci\u00f3n, dise\u00f1o, desarrollo y validaci\u00f3n de estaciones de calentamiento que posibiliten la realizaci\u00f3n de tratamientos t\u00e9rmico de barras macizas de alta productividad. Resumen del proyecto El alcance del proyecto se ha centrado en el desarrollo de las siguientes tecnolog\u00edas: Dise\u00f1o de la estaci\u00f3n de calentamiento. Dise\u00f1o del inductor. Dise\u00f1o del equipo de control.","og_url":"https:\/\/ghinduction.com\/es-mx\/innovacion\/i-d-aplicaciones\/proyecto-tecoma\/","og_site_name":"GH Induction M\u00e9xico","article_publisher":"https:\/\/www.facebook.com\/ghinductionheating","article_modified_time":"2026-02-26T14:25:41+00:00","twitter_card":"summary_large_image","schema":{"@context":"https:\/\/schema.org","@graph":[{"@type":"WebPage","@id":"https:\/\/ghinduction.com\/es-mx\/innovacion\/i-d-aplicaciones\/proyecto-tecoma\/","url":"https:\/\/ghinduction.com\/es-mx\/innovacion\/i-d-aplicaciones\/proyecto-tecoma\/","name":"Proyecto TECOMA - GH Induction","isPartOf":{"@id":"https:\/\/ghinduction.com\/es-mx\/#website"},"datePublished":"2023-07-15T21:35:19+00:00","dateModified":"2026-02-26T14:25:41+00:00","description":"El objetivo general del presente proyecto es el dise\u00f1o de un equipo que incremente de forma notable la productividad de los equipos convencionales para el tratamiento t\u00e9rmico de temple por inducci\u00f3n de barras macizas de diferente tipolog\u00eda, as\u00ed como una amplia gama de geometr\u00edas, reduciendo dr\u00e1sticamente los tiempos de tratamiento requeridos e incrementando adem\u00e1s la calidad del tratamiento realizado con la mejora de la microestructura obtenida, a trav\u00e9s de la realizaci\u00f3n de temples a coraz\u00f3n, donde se obtiene una mayor dureza en el n\u00facleo de la pieza objeto de tratamiento. Los temples a coraz\u00f3n es una de las crecientes demandas que exige el mercado, para el cumplimiento de diferentes est\u00e1ndares de tama\u00f1o de grano correspondientes a la norma UNE-EN ISO 643. La mejora de las prestaciones del presente desarrollo frente a los equipos actuales permitir\u00e1 cumplir las nuevas exigencias especialmente la calidad y rendimiento del proceso, as\u00ed como una reducci\u00f3n del mantenimiento y de las paradas no deseadas que limitan la productividad, tras la eliminaci\u00f3n de elementos de desgaste de elevado coste y ciclos de vida \u00fatil reducido. Los objetivos t\u00e9cnicos generales del proyecto son los siguientes: Concepci\u00f3n, dise\u00f1o, desarrollo y validaci\u00f3n de inductores que posibiliten la realizaci\u00f3n de tratamientos t\u00e9rmicos de barras macizas de alta productividad. Concepci\u00f3n, dise\u00f1o, desarrollo y validaci\u00f3n de estaciones de calentamiento que posibiliten la realizaci\u00f3n de tratamientos t\u00e9rmico de barras macizas de alta productividad. Resumen del proyecto El alcance del proyecto se ha centrado en el desarrollo de las siguientes tecnolog\u00edas: Dise\u00f1o de la estaci\u00f3n de calentamiento. Dise\u00f1o del inductor. Dise\u00f1o del equipo de control.","breadcrumb":{"@id":"https:\/\/ghinduction.com\/es-mx\/innovacion\/i-d-aplicaciones\/proyecto-tecoma\/#breadcrumb"},"inLanguage":"es","potentialAction":[{"@type":"ReadAction","target":["https:\/\/ghinduction.com\/es-mx\/innovacion\/i-d-aplicaciones\/proyecto-tecoma\/"]}]},{"@type":"BreadcrumbList","@id":"https:\/\/ghinduction.com\/es-mx\/innovacion\/i-d-aplicaciones\/proyecto-tecoma\/#breadcrumb","itemListElement":[{"@type":"ListItem","position":1,"name":"Home","item":"https:\/\/ghinduction.com\/es-mx\/"},{"@type":"ListItem","position":2,"name":"Innovaci\u00f3n","item":"https:\/\/ghinduction.com\/es-mx\/innovacion\/"},{"@type":"ListItem","position":3,"name":"I+D en aplicaci\u00f3n","item":"https:\/\/ghinduction.com\/es-mx\/innovacion\/i-d-aplicaciones\/"},{"@type":"ListItem","position":4,"name":"Proyecto TECOMA"}]},{"@type":"WebSite","@id":"https:\/\/ghinduction.com\/es-mx\/#website","url":"https:\/\/ghinduction.com\/es-mx\/","name":"GH Induction - Experts in Induction Heat Treatment and Induction Heating","description":"GH Induction offers advanced induction heat treatment and heating solutions for various industrial applications. With over 60 years of experience, our innovative systems ensure efficiency and quality across diverse sectors globally.","publisher":{"@id":"https:\/\/ghinduction.com\/es-mx\/#organization"},"alternateName":"GH Induction","potentialAction":[{"@type":"SearchAction","target":{"@type":"EntryPoint","urlTemplate":"https:\/\/ghinduction.com\/es-mx\/?s={search_term_string}"},"query-input":{"@type":"PropertyValueSpecification","valueRequired":true,"valueName":"search_term_string"}}],"inLanguage":"es"},{"@type":"Organization","@id":"https:\/\/ghinduction.com\/es-mx\/#organization","name":"GH Induction - Experts in Induction Heat Treatment and Induction Heating","alternateName":"GH Induction","url":"https:\/\/ghinduction.com\/es-mx\/","logo":{"@type":"ImageObject","inLanguage":"es","@id":"https:\/\/ghinduction.com\/es-mx\/#\/schema\/logo\/image\/","url":"https:\/\/ghinduction.com\/wp-content\/uploads\/2024\/05\/logo-gh-induction.png","contentUrl":"https:\/\/ghinduction.com\/wp-content\/uploads\/2024\/05\/logo-gh-induction.png","width":225,"height":225,"caption":"GH Induction - Experts in Induction Heat Treatment and Induction Heating"},"image":{"@id":"https:\/\/ghinduction.com\/es-mx\/#\/schema\/logo\/image\/"},"sameAs":["https:\/\/www.facebook.com\/ghinductionheating","https:\/\/www.linkedin.com\/company\/gh-induction\/","https:\/\/www.youtube.com\/user\/GhInduction"]}]}},"_links":{"self":[{"href":"https:\/\/ghinduction.com\/es-mx\/wp-json\/wp\/v2\/pages\/23124","targetHints":{"allow":["GET"]}}],"collection":[{"href":"https:\/\/ghinduction.com\/es-mx\/wp-json\/wp\/v2\/pages"}],"about":[{"href":"https:\/\/ghinduction.com\/es-mx\/wp-json\/wp\/v2\/types\/page"}],"author":[{"embeddable":true,"href":"https:\/\/ghinduction.com\/es-mx\/wp-json\/wp\/v2\/users\/4"}],"replies":[{"embeddable":true,"href":"https:\/\/ghinduction.com\/es-mx\/wp-json\/wp\/v2\/comments?post=23124"}],"version-history":[{"count":1,"href":"https:\/\/ghinduction.com\/es-mx\/wp-json\/wp\/v2\/pages\/23124\/revisions"}],"predecessor-version":[{"id":66397,"href":"https:\/\/ghinduction.com\/es-mx\/wp-json\/wp\/v2\/pages\/23124\/revisions\/66397"}],"up":[{"embeddable":true,"href":"https:\/\/ghinduction.com\/es-mx\/wp-json\/wp\/v2\/pages\/22727"}],"wp:attachment":[{"href":"https:\/\/ghinduction.com\/es-mx\/wp-json\/wp\/v2\/media?parent=23124"}],"wp:term":[{"taxonomy":"industry","embeddable":true,"href":"https:\/\/ghinduction.com\/es-mx\/wp-json\/wp\/v2\/industry?post=23124"},{"taxonomy":"processes","embeddable":true,"href":"https:\/\/ghinduction.com\/es-mx\/wp-json\/wp\/v2\/processes?post=23124"},{"taxonomy":"solutions","embeddable":true,"href":"https:\/\/ghinduction.com\/es-mx\/wp-json\/wp\/v2\/solutions?post=23124"}],"curies":[{"name":"wp","href":"https:\/\/api.w.org\/{rel}","templated":true}]}}