{"id":24056,"date":"2023-01-09T09:02:12","date_gmt":"2023-01-09T09:02:12","guid":{"rendered":"https:\/\/ghinduction.com\/innovacion\/i-d-electronica\/"},"modified":"2026-02-26T16:42:49","modified_gmt":"2026-02-26T16:42:49","slug":"i-d-electronica","status":"publish","type":"page","link":"https:\/\/ghinduction.com\/es-mx\/innovacion\/i-d-electronica\/","title":{"rendered":"I+D en electr\u00f3nica"},"content":{"rendered":"","protected":false},"excerpt":{"rendered":"","protected":false},"author":1,"featured_media":0,"parent":22485,"menu_order":16,"comment_status":"closed","ping_status":"closed","template":"","meta":{"_acf_changed":false,"footnotes":""},"industry":[],"processes":[],"solutions":[],"class_list":["post-24056","page","type-page","status-publish","hentry"],"acf":[],"yoast_head":"<!-- This site is optimized with the Yoast SEO plugin v27.3 - https:\/\/yoast.com\/product\/yoast-seo-wordpress\/ -->\n<title>I+D en electr\u00f3nica - GH Induction<\/title>\n<meta name=\"description\" content=\"La innovaci\u00f3n el electr\u00f3nica de potencia es vital para proporcionar un amplio rango de generadores de tecnolog\u00eda y producci\u00f3n propia, con funciones de control y comunicaci\u00f3n avanzadas cubriendo las necesidades de cada cliente en las diferentes industrias. Toda la actividad de investigaci\u00f3n y desarrollo del grupo GH Induction se realiza en del Departamento de I+D de la empresa matriz GH Electrotermia, S.A.U. en Valencia, Espa\u00f1a. El Departamento de I+D de GH Electrotermia tiene, entre otras muchas otras, la patente del primer generador a transistores dise\u00f1ado para su aplicaci\u00f3n en calentamiento por inducci\u00f3n. Adem\u00e1s cuenta con una amplia experiencia en el dise\u00f1o de convertidores resonantes, con tecnolog\u00eda tanto serie como paralelo, as\u00ed como en el uso de transistores MOSFET e IGBTs. El departamento ha realizado 75 contratos de colaboraci\u00f3n con diferentes universidades y centros de investigaci\u00f3n y mantiene cada a\u00f1o estas colaboraciones.\" \/>\n<meta name=\"robots\" content=\"index, follow, max-snippet:-1, max-image-preview:large, max-video-preview:-1\" \/>\n<link rel=\"canonical\" href=\"https:\/\/ghinduction.com\/es-mx\/innovacion\/i-d-electronica\/\" \/>\n<meta property=\"og:locale\" content=\"es_MX\" \/>\n<meta property=\"og:type\" content=\"article\" \/>\n<meta property=\"og:title\" content=\"I+D en electr\u00f3nica - GH Induction\" \/>\n<meta property=\"og:description\" content=\"La innovaci\u00f3n el electr\u00f3nica de potencia es vital para proporcionar un amplio rango de generadores de tecnolog\u00eda y producci\u00f3n propia, con funciones de control y comunicaci\u00f3n avanzadas cubriendo las necesidades de cada cliente en las diferentes industrias. Toda la actividad de investigaci\u00f3n y desarrollo del grupo GH Induction se realiza en del Departamento de I+D de la empresa matriz GH Electrotermia, S.A.U. en Valencia, Espa\u00f1a. El Departamento de I+D de GH Electrotermia tiene, entre otras muchas otras, la patente del primer generador a transistores dise\u00f1ado para su aplicaci\u00f3n en calentamiento por inducci\u00f3n. Adem\u00e1s cuenta con una amplia experiencia en el dise\u00f1o de convertidores resonantes, con tecnolog\u00eda tanto serie como paralelo, as\u00ed como en el uso de transistores MOSFET e IGBTs. El departamento ha realizado 75 contratos de colaboraci\u00f3n con diferentes universidades y centros de investigaci\u00f3n y mantiene cada a\u00f1o estas colaboraciones.\" \/>\n<meta property=\"og:url\" content=\"https:\/\/ghinduction.com\/es-mx\/innovacion\/i-d-electronica\/\" \/>\n<meta property=\"og:site_name\" content=\"GH Induction M\u00e9xico\" \/>\n<meta property=\"article:publisher\" content=\"https:\/\/www.facebook.com\/ghinductionheating\" \/>\n<meta property=\"article:modified_time\" content=\"2026-02-26T16:42:49+00:00\" \/>\n<meta name=\"twitter:card\" content=\"summary_large_image\" \/>\n<script type=\"application\/ld+json\" class=\"yoast-schema-graph\">{\"@context\":\"https:\\\/\\\/schema.org\",\"@graph\":[{\"@type\":\"WebPage\",\"@id\":\"https:\\\/\\\/ghinduction.com\\\/es-mx\\\/innovacion\\\/i-d-electronica\\\/\",\"url\":\"https:\\\/\\\/ghinduction.com\\\/es-mx\\\/innovacion\\\/i-d-electronica\\\/\",\"name\":\"I+D en electr\u00f3nica - GH Induction\",\"isPartOf\":{\"@id\":\"https:\\\/\\\/ghinduction.com\\\/es-mx\\\/#website\"},\"datePublished\":\"2023-01-09T09:02:12+00:00\",\"dateModified\":\"2026-02-26T16:42:49+00:00\",\"description\":\"La innovaci\u00f3n el electr\u00f3nica de potencia es vital para proporcionar un amplio rango de generadores de tecnolog\u00eda y producci\u00f3n propia, con funciones de control y comunicaci\u00f3n avanzadas cubriendo las necesidades de cada cliente en las diferentes industrias. Toda la actividad de investigaci\u00f3n y desarrollo del grupo GH Induction se realiza en del Departamento de I+D de la empresa matriz GH Electrotermia, S.A.U. en Valencia, Espa\u00f1a. El Departamento de I+D de GH Electrotermia tiene, entre otras muchas otras, la patente del primer generador a transistores dise\u00f1ado para su aplicaci\u00f3n en calentamiento por inducci\u00f3n. Adem\u00e1s cuenta con una amplia experiencia en el dise\u00f1o de convertidores resonantes, con tecnolog\u00eda tanto serie como paralelo, as\u00ed como en el uso de transistores MOSFET e IGBTs. El departamento ha realizado 75 contratos de colaboraci\u00f3n con diferentes universidades y centros de investigaci\u00f3n y mantiene cada a\u00f1o estas colaboraciones.\",\"breadcrumb\":{\"@id\":\"https:\\\/\\\/ghinduction.com\\\/es-mx\\\/innovacion\\\/i-d-electronica\\\/#breadcrumb\"},\"inLanguage\":\"es\",\"potentialAction\":[{\"@type\":\"ReadAction\",\"target\":[\"https:\\\/\\\/ghinduction.com\\\/es-mx\\\/innovacion\\\/i-d-electronica\\\/\"]}]},{\"@type\":\"BreadcrumbList\",\"@id\":\"https:\\\/\\\/ghinduction.com\\\/es-mx\\\/innovacion\\\/i-d-electronica\\\/#breadcrumb\",\"itemListElement\":[{\"@type\":\"ListItem\",\"position\":1,\"name\":\"Home\",\"item\":\"https:\\\/\\\/ghinduction.com\\\/es-mx\\\/\"},{\"@type\":\"ListItem\",\"position\":2,\"name\":\"Innovaci\u00f3n\",\"item\":\"https:\\\/\\\/ghinduction.com\\\/es-mx\\\/innovacion\\\/\"},{\"@type\":\"ListItem\",\"position\":3,\"name\":\"I+D en electr\u00f3nica\"}]},{\"@type\":\"WebSite\",\"@id\":\"https:\\\/\\\/ghinduction.com\\\/es-mx\\\/#website\",\"url\":\"https:\\\/\\\/ghinduction.com\\\/es-mx\\\/\",\"name\":\"GH Induction - Experts in Induction Heat Treatment and Induction Heating\",\"description\":\"GH Induction offers advanced induction heat treatment and heating solutions for various industrial applications. With over 60 years of experience, our innovative systems ensure efficiency and quality across diverse sectors globally.\",\"publisher\":{\"@id\":\"https:\\\/\\\/ghinduction.com\\\/es-mx\\\/#organization\"},\"alternateName\":\"GH Induction\",\"potentialAction\":[{\"@type\":\"SearchAction\",\"target\":{\"@type\":\"EntryPoint\",\"urlTemplate\":\"https:\\\/\\\/ghinduction.com\\\/es-mx\\\/?s={search_term_string}\"},\"query-input\":{\"@type\":\"PropertyValueSpecification\",\"valueRequired\":true,\"valueName\":\"search_term_string\"}}],\"inLanguage\":\"es\"},{\"@type\":\"Organization\",\"@id\":\"https:\\\/\\\/ghinduction.com\\\/es-mx\\\/#organization\",\"name\":\"GH Induction - Experts in Induction Heat Treatment and Induction Heating\",\"alternateName\":\"GH Induction\",\"url\":\"https:\\\/\\\/ghinduction.com\\\/es-mx\\\/\",\"logo\":{\"@type\":\"ImageObject\",\"inLanguage\":\"es\",\"@id\":\"https:\\\/\\\/ghinduction.com\\\/es-mx\\\/#\\\/schema\\\/logo\\\/image\\\/\",\"url\":\"https:\\\/\\\/ghinduction.com\\\/wp-content\\\/uploads\\\/2024\\\/05\\\/logo-gh-induction.png\",\"contentUrl\":\"https:\\\/\\\/ghinduction.com\\\/wp-content\\\/uploads\\\/2024\\\/05\\\/logo-gh-induction.png\",\"width\":225,\"height\":225,\"caption\":\"GH Induction - Experts in Induction Heat Treatment and Induction Heating\"},\"image\":{\"@id\":\"https:\\\/\\\/ghinduction.com\\\/es-mx\\\/#\\\/schema\\\/logo\\\/image\\\/\"},\"sameAs\":[\"https:\\\/\\\/www.facebook.com\\\/ghinductionheating\",\"https:\\\/\\\/www.linkedin.com\\\/company\\\/gh-induction\\\/\",\"https:\\\/\\\/www.youtube.com\\\/user\\\/GhInduction\"]}]}<\/script>\n<!-- \/ Yoast SEO plugin. -->","yoast_head_json":{"title":"I+D en electr\u00f3nica - GH Induction","description":"La innovaci\u00f3n el electr\u00f3nica de potencia es vital para proporcionar un amplio rango de generadores de tecnolog\u00eda y producci\u00f3n propia, con funciones de control y comunicaci\u00f3n avanzadas cubriendo las necesidades de cada cliente en las diferentes industrias. Toda la actividad de investigaci\u00f3n y desarrollo del grupo GH Induction se realiza en del Departamento de I+D de la empresa matriz GH Electrotermia, S.A.U. en Valencia, Espa\u00f1a. El Departamento de I+D de GH Electrotermia tiene, entre otras muchas otras, la patente del primer generador a transistores dise\u00f1ado para su aplicaci\u00f3n en calentamiento por inducci\u00f3n. Adem\u00e1s cuenta con una amplia experiencia en el dise\u00f1o de convertidores resonantes, con tecnolog\u00eda tanto serie como paralelo, as\u00ed como en el uso de transistores MOSFET e IGBTs. El departamento ha realizado 75 contratos de colaboraci\u00f3n con diferentes universidades y centros de investigaci\u00f3n y mantiene cada a\u00f1o estas colaboraciones.","robots":{"index":"index","follow":"follow","max-snippet":"max-snippet:-1","max-image-preview":"max-image-preview:large","max-video-preview":"max-video-preview:-1"},"canonical":"https:\/\/ghinduction.com\/es-mx\/innovacion\/i-d-electronica\/","og_locale":"es_MX","og_type":"article","og_title":"I+D en electr\u00f3nica - GH Induction","og_description":"La innovaci\u00f3n el electr\u00f3nica de potencia es vital para proporcionar un amplio rango de generadores de tecnolog\u00eda y producci\u00f3n propia, con funciones de control y comunicaci\u00f3n avanzadas cubriendo las necesidades de cada cliente en las diferentes industrias. Toda la actividad de investigaci\u00f3n y desarrollo del grupo GH Induction se realiza en del Departamento de I+D de la empresa matriz GH Electrotermia, S.A.U. en Valencia, Espa\u00f1a. El Departamento de I+D de GH Electrotermia tiene, entre otras muchas otras, la patente del primer generador a transistores dise\u00f1ado para su aplicaci\u00f3n en calentamiento por inducci\u00f3n. Adem\u00e1s cuenta con una amplia experiencia en el dise\u00f1o de convertidores resonantes, con tecnolog\u00eda tanto serie como paralelo, as\u00ed como en el uso de transistores MOSFET e IGBTs. El departamento ha realizado 75 contratos de colaboraci\u00f3n con diferentes universidades y centros de investigaci\u00f3n y mantiene cada a\u00f1o estas colaboraciones.","og_url":"https:\/\/ghinduction.com\/es-mx\/innovacion\/i-d-electronica\/","og_site_name":"GH Induction M\u00e9xico","article_publisher":"https:\/\/www.facebook.com\/ghinductionheating","article_modified_time":"2026-02-26T16:42:49+00:00","twitter_card":"summary_large_image","schema":{"@context":"https:\/\/schema.org","@graph":[{"@type":"WebPage","@id":"https:\/\/ghinduction.com\/es-mx\/innovacion\/i-d-electronica\/","url":"https:\/\/ghinduction.com\/es-mx\/innovacion\/i-d-electronica\/","name":"I+D en electr\u00f3nica - GH Induction","isPartOf":{"@id":"https:\/\/ghinduction.com\/es-mx\/#website"},"datePublished":"2023-01-09T09:02:12+00:00","dateModified":"2026-02-26T16:42:49+00:00","description":"La innovaci\u00f3n el electr\u00f3nica de potencia es vital para proporcionar un amplio rango de generadores de tecnolog\u00eda y producci\u00f3n propia, con funciones de control y comunicaci\u00f3n avanzadas cubriendo las necesidades de cada cliente en las diferentes industrias. Toda la actividad de investigaci\u00f3n y desarrollo del grupo GH Induction se realiza en del Departamento de I+D de la empresa matriz GH Electrotermia, S.A.U. en Valencia, Espa\u00f1a. El Departamento de I+D de GH Electrotermia tiene, entre otras muchas otras, la patente del primer generador a transistores dise\u00f1ado para su aplicaci\u00f3n en calentamiento por inducci\u00f3n. Adem\u00e1s cuenta con una amplia experiencia en el dise\u00f1o de convertidores resonantes, con tecnolog\u00eda tanto serie como paralelo, as\u00ed como en el uso de transistores MOSFET e IGBTs. El departamento ha realizado 75 contratos de colaboraci\u00f3n con diferentes universidades y centros de investigaci\u00f3n y mantiene cada a\u00f1o estas colaboraciones.","breadcrumb":{"@id":"https:\/\/ghinduction.com\/es-mx\/innovacion\/i-d-electronica\/#breadcrumb"},"inLanguage":"es","potentialAction":[{"@type":"ReadAction","target":["https:\/\/ghinduction.com\/es-mx\/innovacion\/i-d-electronica\/"]}]},{"@type":"BreadcrumbList","@id":"https:\/\/ghinduction.com\/es-mx\/innovacion\/i-d-electronica\/#breadcrumb","itemListElement":[{"@type":"ListItem","position":1,"name":"Home","item":"https:\/\/ghinduction.com\/es-mx\/"},{"@type":"ListItem","position":2,"name":"Innovaci\u00f3n","item":"https:\/\/ghinduction.com\/es-mx\/innovacion\/"},{"@type":"ListItem","position":3,"name":"I+D en electr\u00f3nica"}]},{"@type":"WebSite","@id":"https:\/\/ghinduction.com\/es-mx\/#website","url":"https:\/\/ghinduction.com\/es-mx\/","name":"GH Induction - Experts in Induction Heat Treatment and Induction Heating","description":"GH Induction offers advanced induction heat treatment and heating solutions for various industrial applications. With over 60 years of experience, our innovative systems ensure efficiency and quality across diverse sectors globally.","publisher":{"@id":"https:\/\/ghinduction.com\/es-mx\/#organization"},"alternateName":"GH Induction","potentialAction":[{"@type":"SearchAction","target":{"@type":"EntryPoint","urlTemplate":"https:\/\/ghinduction.com\/es-mx\/?s={search_term_string}"},"query-input":{"@type":"PropertyValueSpecification","valueRequired":true,"valueName":"search_term_string"}}],"inLanguage":"es"},{"@type":"Organization","@id":"https:\/\/ghinduction.com\/es-mx\/#organization","name":"GH Induction - Experts in Induction Heat Treatment and Induction Heating","alternateName":"GH Induction","url":"https:\/\/ghinduction.com\/es-mx\/","logo":{"@type":"ImageObject","inLanguage":"es","@id":"https:\/\/ghinduction.com\/es-mx\/#\/schema\/logo\/image\/","url":"https:\/\/ghinduction.com\/wp-content\/uploads\/2024\/05\/logo-gh-induction.png","contentUrl":"https:\/\/ghinduction.com\/wp-content\/uploads\/2024\/05\/logo-gh-induction.png","width":225,"height":225,"caption":"GH Induction - Experts in Induction Heat Treatment and Induction Heating"},"image":{"@id":"https:\/\/ghinduction.com\/es-mx\/#\/schema\/logo\/image\/"},"sameAs":["https:\/\/www.facebook.com\/ghinductionheating","https:\/\/www.linkedin.com\/company\/gh-induction\/","https:\/\/www.youtube.com\/user\/GhInduction"]}]}},"_links":{"self":[{"href":"https:\/\/ghinduction.com\/es-mx\/wp-json\/wp\/v2\/pages\/24056","targetHints":{"allow":["GET"]}}],"collection":[{"href":"https:\/\/ghinduction.com\/es-mx\/wp-json\/wp\/v2\/pages"}],"about":[{"href":"https:\/\/ghinduction.com\/es-mx\/wp-json\/wp\/v2\/types\/page"}],"author":[{"embeddable":true,"href":"https:\/\/ghinduction.com\/es-mx\/wp-json\/wp\/v2\/users\/1"}],"replies":[{"embeddable":true,"href":"https:\/\/ghinduction.com\/es-mx\/wp-json\/wp\/v2\/comments?post=24056"}],"version-history":[{"count":1,"href":"https:\/\/ghinduction.com\/es-mx\/wp-json\/wp\/v2\/pages\/24056\/revisions"}],"predecessor-version":[{"id":66691,"href":"https:\/\/ghinduction.com\/es-mx\/wp-json\/wp\/v2\/pages\/24056\/revisions\/66691"}],"up":[{"embeddable":true,"href":"https:\/\/ghinduction.com\/es-mx\/wp-json\/wp\/v2\/pages\/22485"}],"wp:attachment":[{"href":"https:\/\/ghinduction.com\/es-mx\/wp-json\/wp\/v2\/media?parent=24056"}],"wp:term":[{"taxonomy":"industry","embeddable":true,"href":"https:\/\/ghinduction.com\/es-mx\/wp-json\/wp\/v2\/industry?post=24056"},{"taxonomy":"processes","embeddable":true,"href":"https:\/\/ghinduction.com\/es-mx\/wp-json\/wp\/v2\/processes?post=24056"},{"taxonomy":"solutions","embeddable":true,"href":"https:\/\/ghinduction.com\/es-mx\/wp-json\/wp\/v2\/solutions?post=24056"}],"curies":[{"name":"wp","href":"https:\/\/api.w.org\/{rel}","templated":true}]}}