{"id":21238,"date":"2023-01-09T09:02:22","date_gmt":"2023-01-09T09:02:22","guid":{"rendered":"https:\/\/ghinduction.com\/temple\/"},"modified":"2026-02-27T11:04:38","modified_gmt":"2026-02-27T11:04:38","slug":"temple","status":"publish","type":"page","link":"https:\/\/ghinduction.com\/es\/soluciones\/procesos\/tratamiento-termico\/temple\/","title":{"rendered":"Temple"},"content":{"rendered":"","protected":false},"excerpt":{"rendered":"","protected":false},"author":1,"featured_media":4034,"parent":22701,"menu_order":30,"comment_status":"closed","ping_status":"closed","template":"","meta":{"_acf_changed":false,"footnotes":""},"industry":[],"processes":[],"solutions":[],"class_list":["post-21238","page","type-page","status-publish","has-post-thumbnail","hentry"],"acf":[],"yoast_head":"<!-- This site is optimized with the Yoast SEO plugin v27.3 - https:\/\/yoast.com\/product\/yoast-seo-wordpress\/ -->\n<title>Temple por Inducci\u00f3n - M\u00e1quinas de Temple y Revenido | GH Induction Internacional<\/title>\n<meta name=\"description\" content=\"Temple por inducci\u00f3n de alta precisi\u00f3n con m\u00e1quinas industriales. Tratamiento t\u00e9rmico temple y revenido por inducci\u00f3n. Calentamiento controlado 850-900\u00b0\" \/>\n<meta name=\"robots\" content=\"index, follow, max-snippet:-1, max-image-preview:large, max-video-preview:-1\" \/>\n<link rel=\"canonical\" href=\"https:\/\/ghinduction.com\/es\/soluciones\/procesos\/tratamiento-termico\/temple\/\" \/>\n<meta property=\"og:locale\" content=\"es_ES\" \/>\n<meta property=\"og:type\" content=\"article\" \/>\n<meta property=\"og:title\" content=\"Temple por Inducci\u00f3n - M\u00e1quinas de Temple y Revenido | GH Induction Internacional\" \/>\n<meta property=\"og:description\" content=\"Temple por inducci\u00f3n de alta precisi\u00f3n con m\u00e1quinas industriales. Tratamiento t\u00e9rmico temple y revenido por inducci\u00f3n. Calentamiento controlado 850-900\u00b0\" \/>\n<meta property=\"og:url\" content=\"https:\/\/ghinduction.com\/es\/soluciones\/procesos\/tratamiento-termico\/temple\/\" \/>\n<meta property=\"og:site_name\" content=\"GH Induction Internacional\" \/>\n<meta property=\"article:publisher\" content=\"https:\/\/www.facebook.com\/ghinductionheating\" \/>\n<meta property=\"article:modified_time\" content=\"2026-02-27T11:04:38+00:00\" \/>\n<meta property=\"og:image\" content=\"https:\/\/ghinduction.com\/wp-content\/uploads\/2023\/03\/Motor_induction-hardening-of-valves.jpg\" \/>\n\t<meta property=\"og:image:width\" content=\"1417\" \/>\n\t<meta property=\"og:image:height\" content=\"921\" \/>\n\t<meta property=\"og:image:type\" content=\"image\/jpeg\" \/>\n<meta name=\"twitter:card\" content=\"summary_large_image\" \/>\n<meta name=\"twitter:label1\" content=\"Est. reading time\" \/>\n\t<meta name=\"twitter:data1\" content=\"1 minute\" \/>\n<script type=\"application\/ld+json\" class=\"yoast-schema-graph\">{\"@context\":\"https:\\\/\\\/schema.org\",\"@graph\":[{\"@type\":\"WebPage\",\"@id\":\"https:\\\/\\\/ghinduction.com\\\/es\\\/soluciones\\\/procesos\\\/tratamiento-termico\\\/temple\\\/\",\"url\":\"https:\\\/\\\/ghinduction.com\\\/es\\\/soluciones\\\/procesos\\\/tratamiento-termico\\\/temple\\\/\",\"name\":\"Temple por Inducci\u00f3n - M\u00e1quinas de Temple y Revenido | GH Induction Internacional\",\"isPartOf\":{\"@id\":\"https:\\\/\\\/ghinduction.com\\\/es\\\/#website\"},\"primaryImageOfPage\":{\"@id\":\"https:\\\/\\\/ghinduction.com\\\/es\\\/soluciones\\\/procesos\\\/tratamiento-termico\\\/temple\\\/#primaryimage\"},\"image\":{\"@id\":\"https:\\\/\\\/ghinduction.com\\\/es\\\/soluciones\\\/procesos\\\/tratamiento-termico\\\/temple\\\/#primaryimage\"},\"thumbnailUrl\":\"https:\\\/\\\/ghinduction.com\\\/wp-content\\\/uploads\\\/2023\\\/03\\\/Motor_induction-hardening-of-valves.jpg\",\"datePublished\":\"2023-01-09T09:02:22+00:00\",\"dateModified\":\"2026-02-27T11:04:38+00:00\",\"description\":\"Temple por inducci\u00f3n de alta precisi\u00f3n con m\u00e1quinas industriales. Tratamiento t\u00e9rmico temple y revenido por inducci\u00f3n. Calentamiento controlado 850-900\u00b0\",\"breadcrumb\":{\"@id\":\"https:\\\/\\\/ghinduction.com\\\/es\\\/soluciones\\\/procesos\\\/tratamiento-termico\\\/temple\\\/#breadcrumb\"},\"inLanguage\":\"es\",\"potentialAction\":[{\"@type\":\"ReadAction\",\"target\":[\"https:\\\/\\\/ghinduction.com\\\/es\\\/soluciones\\\/procesos\\\/tratamiento-termico\\\/temple\\\/\"]}]},{\"@type\":\"ImageObject\",\"inLanguage\":\"es\",\"@id\":\"https:\\\/\\\/ghinduction.com\\\/es\\\/soluciones\\\/procesos\\\/tratamiento-termico\\\/temple\\\/#primaryimage\",\"url\":\"https:\\\/\\\/ghinduction.com\\\/wp-content\\\/uploads\\\/2023\\\/03\\\/Motor_induction-hardening-of-valves.jpg\",\"contentUrl\":\"https:\\\/\\\/ghinduction.com\\\/wp-content\\\/uploads\\\/2023\\\/03\\\/Motor_induction-hardening-of-valves.jpg\",\"width\":1417,\"height\":921,\"caption\":\"Temple por inducci\u00f3n de v\u00e1lvulas de motor de combusti\u00f3n\"},{\"@type\":\"BreadcrumbList\",\"@id\":\"https:\\\/\\\/ghinduction.com\\\/es\\\/soluciones\\\/procesos\\\/tratamiento-termico\\\/temple\\\/#breadcrumb\",\"itemListElement\":[{\"@type\":\"ListItem\",\"position\":1,\"name\":\"Home\",\"item\":\"https:\\\/\\\/ghinduction.com\\\/es\\\/\"},{\"@type\":\"ListItem\",\"position\":2,\"name\":\"Soluciones\",\"item\":\"https:\\\/\\\/ghinduction.com\\\/es\\\/soluciones\\\/\"},{\"@type\":\"ListItem\",\"position\":3,\"name\":\"Procesos\",\"item\":\"https:\\\/\\\/ghinduction.com\\\/es\\\/soluciones\\\/procesos\\\/\"},{\"@type\":\"ListItem\",\"position\":4,\"name\":\"Tratamiento t\u00e9rmico\",\"item\":\"https:\\\/\\\/ghinduction.com\\\/es\\\/soluciones\\\/procesos\\\/tratamiento-termico\\\/\"},{\"@type\":\"ListItem\",\"position\":5,\"name\":\"Temple\"}]},{\"@type\":\"WebSite\",\"@id\":\"https:\\\/\\\/ghinduction.com\\\/es\\\/#website\",\"url\":\"https:\\\/\\\/ghinduction.com\\\/es\\\/\",\"name\":\"GH Induction - Experts in Induction Heat Treatment and Induction Heating\",\"description\":\"GH Induction offers advanced induction heat treatment and heating solutions for various industrial applications. With over 60 years of experience, our innovative systems ensure efficiency and quality across diverse sectors globally.\",\"publisher\":{\"@id\":\"https:\\\/\\\/ghinduction.com\\\/es\\\/#organization\"},\"alternateName\":\"GH Induction\",\"potentialAction\":[{\"@type\":\"SearchAction\",\"target\":{\"@type\":\"EntryPoint\",\"urlTemplate\":\"https:\\\/\\\/ghinduction.com\\\/es\\\/?s={search_term_string}\"},\"query-input\":{\"@type\":\"PropertyValueSpecification\",\"valueRequired\":true,\"valueName\":\"search_term_string\"}}],\"inLanguage\":\"es\"},{\"@type\":\"Organization\",\"@id\":\"https:\\\/\\\/ghinduction.com\\\/es\\\/#organization\",\"name\":\"GH Induction - Experts in Induction Heat Treatment and Induction Heating\",\"alternateName\":\"GH Induction\",\"url\":\"https:\\\/\\\/ghinduction.com\\\/es\\\/\",\"logo\":{\"@type\":\"ImageObject\",\"inLanguage\":\"es\",\"@id\":\"https:\\\/\\\/ghinduction.com\\\/es\\\/#\\\/schema\\\/logo\\\/image\\\/\",\"url\":\"https:\\\/\\\/ghinduction.com\\\/wp-content\\\/uploads\\\/2024\\\/05\\\/logo-gh-induction.png\",\"contentUrl\":\"https:\\\/\\\/ghinduction.com\\\/wp-content\\\/uploads\\\/2024\\\/05\\\/logo-gh-induction.png\",\"width\":225,\"height\":225,\"caption\":\"GH Induction - Experts in Induction Heat Treatment and Induction Heating\"},\"image\":{\"@id\":\"https:\\\/\\\/ghinduction.com\\\/es\\\/#\\\/schema\\\/logo\\\/image\\\/\"},\"sameAs\":[\"https:\\\/\\\/www.facebook.com\\\/ghinductionheating\",\"https:\\\/\\\/www.linkedin.com\\\/company\\\/gh-induction\\\/\",\"https:\\\/\\\/www.youtube.com\\\/user\\\/GhInduction\"]}]}<\/script>\n<!-- \/ Yoast SEO plugin. -->","yoast_head_json":{"title":"Temple por Inducci\u00f3n - M\u00e1quinas de Temple y Revenido | GH Induction Internacional","description":"Temple por inducci\u00f3n de alta precisi\u00f3n con m\u00e1quinas industriales. Tratamiento t\u00e9rmico temple y revenido por inducci\u00f3n. Calentamiento controlado 850-900\u00b0","robots":{"index":"index","follow":"follow","max-snippet":"max-snippet:-1","max-image-preview":"max-image-preview:large","max-video-preview":"max-video-preview:-1"},"canonical":"https:\/\/ghinduction.com\/es\/soluciones\/procesos\/tratamiento-termico\/temple\/","og_locale":"es_ES","og_type":"article","og_title":"Temple por Inducci\u00f3n - M\u00e1quinas de Temple y Revenido | GH Induction Internacional","og_description":"Temple por inducci\u00f3n de alta precisi\u00f3n con m\u00e1quinas industriales. Tratamiento t\u00e9rmico temple y revenido por inducci\u00f3n. Calentamiento controlado 850-900\u00b0","og_url":"https:\/\/ghinduction.com\/es\/soluciones\/procesos\/tratamiento-termico\/temple\/","og_site_name":"GH Induction Internacional","article_publisher":"https:\/\/www.facebook.com\/ghinductionheating","article_modified_time":"2026-02-27T11:04:38+00:00","og_image":[{"width":1417,"height":921,"url":"https:\/\/ghinduction.com\/wp-content\/uploads\/2023\/03\/Motor_induction-hardening-of-valves.jpg","type":"image\/jpeg"}],"twitter_card":"summary_large_image","twitter_misc":{"Est. reading time":"1 minute"},"schema":{"@context":"https:\/\/schema.org","@graph":[{"@type":"WebPage","@id":"https:\/\/ghinduction.com\/es\/soluciones\/procesos\/tratamiento-termico\/temple\/","url":"https:\/\/ghinduction.com\/es\/soluciones\/procesos\/tratamiento-termico\/temple\/","name":"Temple por Inducci\u00f3n - M\u00e1quinas de Temple y Revenido | GH Induction Internacional","isPartOf":{"@id":"https:\/\/ghinduction.com\/es\/#website"},"primaryImageOfPage":{"@id":"https:\/\/ghinduction.com\/es\/soluciones\/procesos\/tratamiento-termico\/temple\/#primaryimage"},"image":{"@id":"https:\/\/ghinduction.com\/es\/soluciones\/procesos\/tratamiento-termico\/temple\/#primaryimage"},"thumbnailUrl":"https:\/\/ghinduction.com\/wp-content\/uploads\/2023\/03\/Motor_induction-hardening-of-valves.jpg","datePublished":"2023-01-09T09:02:22+00:00","dateModified":"2026-02-27T11:04:38+00:00","description":"Temple por inducci\u00f3n de alta precisi\u00f3n con m\u00e1quinas industriales. Tratamiento t\u00e9rmico temple y revenido por inducci\u00f3n. Calentamiento controlado 850-900\u00b0","breadcrumb":{"@id":"https:\/\/ghinduction.com\/es\/soluciones\/procesos\/tratamiento-termico\/temple\/#breadcrumb"},"inLanguage":"es","potentialAction":[{"@type":"ReadAction","target":["https:\/\/ghinduction.com\/es\/soluciones\/procesos\/tratamiento-termico\/temple\/"]}]},{"@type":"ImageObject","inLanguage":"es","@id":"https:\/\/ghinduction.com\/es\/soluciones\/procesos\/tratamiento-termico\/temple\/#primaryimage","url":"https:\/\/ghinduction.com\/wp-content\/uploads\/2023\/03\/Motor_induction-hardening-of-valves.jpg","contentUrl":"https:\/\/ghinduction.com\/wp-content\/uploads\/2023\/03\/Motor_induction-hardening-of-valves.jpg","width":1417,"height":921,"caption":"Temple por inducci\u00f3n de v\u00e1lvulas de motor de combusti\u00f3n"},{"@type":"BreadcrumbList","@id":"https:\/\/ghinduction.com\/es\/soluciones\/procesos\/tratamiento-termico\/temple\/#breadcrumb","itemListElement":[{"@type":"ListItem","position":1,"name":"Home","item":"https:\/\/ghinduction.com\/es\/"},{"@type":"ListItem","position":2,"name":"Soluciones","item":"https:\/\/ghinduction.com\/es\/soluciones\/"},{"@type":"ListItem","position":3,"name":"Procesos","item":"https:\/\/ghinduction.com\/es\/soluciones\/procesos\/"},{"@type":"ListItem","position":4,"name":"Tratamiento t\u00e9rmico","item":"https:\/\/ghinduction.com\/es\/soluciones\/procesos\/tratamiento-termico\/"},{"@type":"ListItem","position":5,"name":"Temple"}]},{"@type":"WebSite","@id":"https:\/\/ghinduction.com\/es\/#website","url":"https:\/\/ghinduction.com\/es\/","name":"GH Induction - Experts in Induction Heat Treatment and Induction Heating","description":"GH Induction offers advanced induction heat treatment and heating solutions for various industrial applications. With over 60 years of experience, our innovative systems ensure efficiency and quality across diverse sectors globally.","publisher":{"@id":"https:\/\/ghinduction.com\/es\/#organization"},"alternateName":"GH Induction","potentialAction":[{"@type":"SearchAction","target":{"@type":"EntryPoint","urlTemplate":"https:\/\/ghinduction.com\/es\/?s={search_term_string}"},"query-input":{"@type":"PropertyValueSpecification","valueRequired":true,"valueName":"search_term_string"}}],"inLanguage":"es"},{"@type":"Organization","@id":"https:\/\/ghinduction.com\/es\/#organization","name":"GH Induction - Experts in Induction Heat Treatment and Induction Heating","alternateName":"GH Induction","url":"https:\/\/ghinduction.com\/es\/","logo":{"@type":"ImageObject","inLanguage":"es","@id":"https:\/\/ghinduction.com\/es\/#\/schema\/logo\/image\/","url":"https:\/\/ghinduction.com\/wp-content\/uploads\/2024\/05\/logo-gh-induction.png","contentUrl":"https:\/\/ghinduction.com\/wp-content\/uploads\/2024\/05\/logo-gh-induction.png","width":225,"height":225,"caption":"GH Induction - Experts in Induction Heat Treatment and Induction Heating"},"image":{"@id":"https:\/\/ghinduction.com\/es\/#\/schema\/logo\/image\/"},"sameAs":["https:\/\/www.facebook.com\/ghinductionheating","https:\/\/www.linkedin.com\/company\/gh-induction\/","https:\/\/www.youtube.com\/user\/GhInduction"]}]}},"_links":{"self":[{"href":"https:\/\/ghinduction.com\/es\/wp-json\/wp\/v2\/pages\/21238","targetHints":{"allow":["GET"]}}],"collection":[{"href":"https:\/\/ghinduction.com\/es\/wp-json\/wp\/v2\/pages"}],"about":[{"href":"https:\/\/ghinduction.com\/es\/wp-json\/wp\/v2\/types\/page"}],"author":[{"embeddable":true,"href":"https:\/\/ghinduction.com\/es\/wp-json\/wp\/v2\/users\/1"}],"replies":[{"embeddable":true,"href":"https:\/\/ghinduction.com\/es\/wp-json\/wp\/v2\/comments?post=21238"}],"version-history":[{"count":2,"href":"https:\/\/ghinduction.com\/es\/wp-json\/wp\/v2\/pages\/21238\/revisions"}],"predecessor-version":[{"id":67178,"href":"https:\/\/ghinduction.com\/es\/wp-json\/wp\/v2\/pages\/21238\/revisions\/67178"}],"up":[{"embeddable":true,"href":"https:\/\/ghinduction.com\/es\/wp-json\/wp\/v2\/pages\/22701"}],"wp:featuredmedia":[{"embeddable":true,"href":"https:\/\/ghinduction.com\/es\/wp-json\/wp\/v2\/media\/4034"}],"wp:attachment":[{"href":"https:\/\/ghinduction.com\/es\/wp-json\/wp\/v2\/media?parent=21238"}],"wp:term":[{"taxonomy":"industry","embeddable":true,"href":"https:\/\/ghinduction.com\/es\/wp-json\/wp\/v2\/industry?post=21238"},{"taxonomy":"processes","embeddable":true,"href":"https:\/\/ghinduction.com\/es\/wp-json\/wp\/v2\/processes?post=21238"},{"taxonomy":"solutions","embeddable":true,"href":"https:\/\/ghinduction.com\/es\/wp-json\/wp\/v2\/solutions?post=21238"}],"curies":[{"name":"wp","href":"https:\/\/api.w.org\/{rel}","templated":true}]}}