{"id":22627,"date":"2023-01-09T09:02:23","date_gmt":"2023-01-09T09:02:23","guid":{"rendered":"https:\/\/ghinduction.com\/recocido-y-normalizacion\/"},"modified":"2025-06-26T07:58:37","modified_gmt":"2025-06-26T07:58:37","slug":"recocido-y-normalizacion","status":"publish","type":"page","link":"https:\/\/ghinduction.com\/es\/soluciones\/procesos\/tratamiento-termico\/recocido-y-normalizacion\/","title":{"rendered":"Recocido y normalizado"},"content":{"rendered":"","protected":false},"excerpt":{"rendered":"","protected":false},"author":1,"featured_media":3321,"parent":22701,"menu_order":32,"comment_status":"closed","ping_status":"closed","template":"","meta":{"_acf_changed":false,"footnotes":""},"industry":[],"processes":[],"solutions":[],"class_list":["post-22627","page","type-page","status-publish","has-post-thumbnail","hentry"],"acf":[],"yoast_head":"<!-- This site is optimized with the Yoast SEO plugin v27.3 - https:\/\/yoast.com\/product\/yoast-seo-wordpress\/ -->\n<title>Recocido y normalizado por Inducci\u00f3n | GH Induction Internacional<\/title>\n<meta name=\"description\" content=\"Tratamientos t\u00e9rmicos de recocido y normalizado por inducci\u00f3n electromagn\u00e9tica. Tecnolog\u00eda avanzada para aceros. El recocido es el tratamiento t\u00e9rmico que tiene como finalidad principal ablandar el acero, regenerar la estructura de aceros sobrecalentados\" \/>\n<meta name=\"robots\" content=\"index, follow, max-snippet:-1, max-image-preview:large, max-video-preview:-1\" \/>\n<link rel=\"canonical\" href=\"https:\/\/ghinduction.com\/es\/soluciones\/procesos\/tratamiento-termico\/recocido-y-normalizacion\/\" \/>\n<meta property=\"og:locale\" content=\"es_ES\" \/>\n<meta property=\"og:type\" content=\"article\" \/>\n<meta property=\"og:title\" content=\"Recocido y normalizado por Inducci\u00f3n | GH Induction Internacional\" \/>\n<meta property=\"og:description\" content=\"Tratamientos t\u00e9rmicos de recocido y normalizado por inducci\u00f3n electromagn\u00e9tica. Tecnolog\u00eda avanzada para aceros. El recocido es el tratamiento t\u00e9rmico que tiene como finalidad principal ablandar el acero, regenerar la estructura de aceros sobrecalentados\" \/>\n<meta property=\"og:url\" content=\"https:\/\/ghinduction.com\/es\/soluciones\/procesos\/tratamiento-termico\/recocido-y-normalizacion\/\" \/>\n<meta property=\"og:site_name\" content=\"GH Induction Internacional\" \/>\n<meta property=\"article:publisher\" content=\"https:\/\/www.facebook.com\/ghinductionheating\" \/>\n<meta property=\"article:modified_time\" content=\"2025-06-26T07:58:37+00:00\" \/>\n<meta property=\"og:image\" content=\"https:\/\/ghinduction.com\/wp-content\/uploads\/2023\/02\/Process_Annealing_3352-9911-scaled.jpg\" \/>\n\t<meta property=\"og:image:width\" content=\"2560\" \/>\n\t<meta property=\"og:image:height\" content=\"1729\" \/>\n\t<meta property=\"og:image:type\" content=\"image\/jpeg\" \/>\n<meta name=\"twitter:card\" content=\"summary_large_image\" \/>\n<meta name=\"twitter:label1\" content=\"Est. reading time\" \/>\n\t<meta name=\"twitter:data1\" content=\"1 minute\" \/>\n<script type=\"application\/ld+json\" class=\"yoast-schema-graph\">{\"@context\":\"https:\\\/\\\/schema.org\",\"@graph\":[{\"@type\":\"WebPage\",\"@id\":\"https:\\\/\\\/ghinduction.com\\\/es\\\/soluciones\\\/procesos\\\/tratamiento-termico\\\/recocido-y-normalizacion\\\/\",\"url\":\"https:\\\/\\\/ghinduction.com\\\/es\\\/soluciones\\\/procesos\\\/tratamiento-termico\\\/recocido-y-normalizacion\\\/\",\"name\":\"Recocido y normalizado por Inducci\u00f3n | GH Induction Internacional\",\"isPartOf\":{\"@id\":\"https:\\\/\\\/ghinduction.com\\\/es\\\/#website\"},\"primaryImageOfPage\":{\"@id\":\"https:\\\/\\\/ghinduction.com\\\/es\\\/soluciones\\\/procesos\\\/tratamiento-termico\\\/recocido-y-normalizacion\\\/#primaryimage\"},\"image\":{\"@id\":\"https:\\\/\\\/ghinduction.com\\\/es\\\/soluciones\\\/procesos\\\/tratamiento-termico\\\/recocido-y-normalizacion\\\/#primaryimage\"},\"thumbnailUrl\":\"https:\\\/\\\/ghinduction.com\\\/wp-content\\\/uploads\\\/2023\\\/02\\\/Process_Annealing_3352-9911-scaled.jpg\",\"datePublished\":\"2023-01-09T09:02:23+00:00\",\"dateModified\":\"2025-06-26T07:58:37+00:00\",\"description\":\"Tratamientos t\u00e9rmicos de recocido y normalizado por inducci\u00f3n electromagn\u00e9tica. Tecnolog\u00eda avanzada para aceros. El recocido es el tratamiento t\u00e9rmico que tiene como finalidad principal ablandar el acero, regenerar la estructura de aceros sobrecalentados\",\"breadcrumb\":{\"@id\":\"https:\\\/\\\/ghinduction.com\\\/es\\\/soluciones\\\/procesos\\\/tratamiento-termico\\\/recocido-y-normalizacion\\\/#breadcrumb\"},\"inLanguage\":\"es\",\"potentialAction\":[{\"@type\":\"ReadAction\",\"target\":[\"https:\\\/\\\/ghinduction.com\\\/es\\\/soluciones\\\/procesos\\\/tratamiento-termico\\\/recocido-y-normalizacion\\\/\"]}]},{\"@type\":\"ImageObject\",\"inLanguage\":\"es\",\"@id\":\"https:\\\/\\\/ghinduction.com\\\/es\\\/soluciones\\\/procesos\\\/tratamiento-termico\\\/recocido-y-normalizacion\\\/#primaryimage\",\"url\":\"https:\\\/\\\/ghinduction.com\\\/wp-content\\\/uploads\\\/2023\\\/02\\\/Process_Annealing_3352-9911-scaled.jpg\",\"contentUrl\":\"https:\\\/\\\/ghinduction.com\\\/wp-content\\\/uploads\\\/2023\\\/02\\\/Process_Annealing_3352-9911-scaled.jpg\",\"width\":2560,\"height\":1729,\"caption\":\"Induction annealing of pinions\"},{\"@type\":\"BreadcrumbList\",\"@id\":\"https:\\\/\\\/ghinduction.com\\\/es\\\/soluciones\\\/procesos\\\/tratamiento-termico\\\/recocido-y-normalizacion\\\/#breadcrumb\",\"itemListElement\":[{\"@type\":\"ListItem\",\"position\":1,\"name\":\"Home\",\"item\":\"https:\\\/\\\/ghinduction.com\\\/es\\\/\"},{\"@type\":\"ListItem\",\"position\":2,\"name\":\"Soluciones\",\"item\":\"https:\\\/\\\/ghinduction.com\\\/es\\\/soluciones\\\/\"},{\"@type\":\"ListItem\",\"position\":3,\"name\":\"Procesos\",\"item\":\"https:\\\/\\\/ghinduction.com\\\/es\\\/soluciones\\\/procesos\\\/\"},{\"@type\":\"ListItem\",\"position\":4,\"name\":\"Tratamiento t\u00e9rmico\",\"item\":\"https:\\\/\\\/ghinduction.com\\\/es\\\/soluciones\\\/procesos\\\/tratamiento-termico\\\/\"},{\"@type\":\"ListItem\",\"position\":5,\"name\":\"Recocido y normalizado\"}]},{\"@type\":\"WebSite\",\"@id\":\"https:\\\/\\\/ghinduction.com\\\/es\\\/#website\",\"url\":\"https:\\\/\\\/ghinduction.com\\\/es\\\/\",\"name\":\"GH Induction - Experts in Induction Heat Treatment and Induction Heating\",\"description\":\"GH Induction offers advanced induction heat treatment and heating solutions for various industrial applications. With over 60 years of experience, our innovative systems ensure efficiency and quality across diverse sectors globally.\",\"publisher\":{\"@id\":\"https:\\\/\\\/ghinduction.com\\\/es\\\/#organization\"},\"alternateName\":\"GH Induction\",\"potentialAction\":[{\"@type\":\"SearchAction\",\"target\":{\"@type\":\"EntryPoint\",\"urlTemplate\":\"https:\\\/\\\/ghinduction.com\\\/es\\\/?s={search_term_string}\"},\"query-input\":{\"@type\":\"PropertyValueSpecification\",\"valueRequired\":true,\"valueName\":\"search_term_string\"}}],\"inLanguage\":\"es\"},{\"@type\":\"Organization\",\"@id\":\"https:\\\/\\\/ghinduction.com\\\/es\\\/#organization\",\"name\":\"GH Induction - Experts in Induction Heat Treatment and Induction Heating\",\"alternateName\":\"GH Induction\",\"url\":\"https:\\\/\\\/ghinduction.com\\\/es\\\/\",\"logo\":{\"@type\":\"ImageObject\",\"inLanguage\":\"es\",\"@id\":\"https:\\\/\\\/ghinduction.com\\\/es\\\/#\\\/schema\\\/logo\\\/image\\\/\",\"url\":\"https:\\\/\\\/ghinduction.com\\\/wp-content\\\/uploads\\\/2024\\\/05\\\/logo-gh-induction.png\",\"contentUrl\":\"https:\\\/\\\/ghinduction.com\\\/wp-content\\\/uploads\\\/2024\\\/05\\\/logo-gh-induction.png\",\"width\":225,\"height\":225,\"caption\":\"GH Induction - Experts in Induction Heat Treatment and Induction Heating\"},\"image\":{\"@id\":\"https:\\\/\\\/ghinduction.com\\\/es\\\/#\\\/schema\\\/logo\\\/image\\\/\"},\"sameAs\":[\"https:\\\/\\\/www.facebook.com\\\/ghinductionheating\",\"https:\\\/\\\/www.linkedin.com\\\/company\\\/gh-induction\\\/\",\"https:\\\/\\\/www.youtube.com\\\/user\\\/GhInduction\"]}]}<\/script>\n<!-- \/ Yoast SEO plugin. -->","yoast_head_json":{"title":"Recocido y normalizado por Inducci\u00f3n | GH Induction Internacional","description":"Tratamientos t\u00e9rmicos de recocido y normalizado por inducci\u00f3n electromagn\u00e9tica. Tecnolog\u00eda avanzada para aceros. El recocido es el tratamiento t\u00e9rmico que tiene como finalidad principal ablandar el acero, regenerar la estructura de aceros sobrecalentados","robots":{"index":"index","follow":"follow","max-snippet":"max-snippet:-1","max-image-preview":"max-image-preview:large","max-video-preview":"max-video-preview:-1"},"canonical":"https:\/\/ghinduction.com\/es\/soluciones\/procesos\/tratamiento-termico\/recocido-y-normalizacion\/","og_locale":"es_ES","og_type":"article","og_title":"Recocido y normalizado por Inducci\u00f3n | GH Induction Internacional","og_description":"Tratamientos t\u00e9rmicos de recocido y normalizado por inducci\u00f3n electromagn\u00e9tica. Tecnolog\u00eda avanzada para aceros. El recocido es el tratamiento t\u00e9rmico que tiene como finalidad principal ablandar el acero, regenerar la estructura de aceros sobrecalentados","og_url":"https:\/\/ghinduction.com\/es\/soluciones\/procesos\/tratamiento-termico\/recocido-y-normalizacion\/","og_site_name":"GH Induction Internacional","article_publisher":"https:\/\/www.facebook.com\/ghinductionheating","article_modified_time":"2025-06-26T07:58:37+00:00","og_image":[{"width":2560,"height":1729,"url":"https:\/\/ghinduction.com\/wp-content\/uploads\/2023\/02\/Process_Annealing_3352-9911-scaled.jpg","type":"image\/jpeg"}],"twitter_card":"summary_large_image","twitter_misc":{"Est. reading time":"1 minute"},"schema":{"@context":"https:\/\/schema.org","@graph":[{"@type":"WebPage","@id":"https:\/\/ghinduction.com\/es\/soluciones\/procesos\/tratamiento-termico\/recocido-y-normalizacion\/","url":"https:\/\/ghinduction.com\/es\/soluciones\/procesos\/tratamiento-termico\/recocido-y-normalizacion\/","name":"Recocido y normalizado por Inducci\u00f3n | GH Induction Internacional","isPartOf":{"@id":"https:\/\/ghinduction.com\/es\/#website"},"primaryImageOfPage":{"@id":"https:\/\/ghinduction.com\/es\/soluciones\/procesos\/tratamiento-termico\/recocido-y-normalizacion\/#primaryimage"},"image":{"@id":"https:\/\/ghinduction.com\/es\/soluciones\/procesos\/tratamiento-termico\/recocido-y-normalizacion\/#primaryimage"},"thumbnailUrl":"https:\/\/ghinduction.com\/wp-content\/uploads\/2023\/02\/Process_Annealing_3352-9911-scaled.jpg","datePublished":"2023-01-09T09:02:23+00:00","dateModified":"2025-06-26T07:58:37+00:00","description":"Tratamientos t\u00e9rmicos de recocido y normalizado por inducci\u00f3n electromagn\u00e9tica. Tecnolog\u00eda avanzada para aceros. El recocido es el tratamiento t\u00e9rmico que tiene como finalidad principal ablandar el acero, regenerar la estructura de aceros sobrecalentados","breadcrumb":{"@id":"https:\/\/ghinduction.com\/es\/soluciones\/procesos\/tratamiento-termico\/recocido-y-normalizacion\/#breadcrumb"},"inLanguage":"es","potentialAction":[{"@type":"ReadAction","target":["https:\/\/ghinduction.com\/es\/soluciones\/procesos\/tratamiento-termico\/recocido-y-normalizacion\/"]}]},{"@type":"ImageObject","inLanguage":"es","@id":"https:\/\/ghinduction.com\/es\/soluciones\/procesos\/tratamiento-termico\/recocido-y-normalizacion\/#primaryimage","url":"https:\/\/ghinduction.com\/wp-content\/uploads\/2023\/02\/Process_Annealing_3352-9911-scaled.jpg","contentUrl":"https:\/\/ghinduction.com\/wp-content\/uploads\/2023\/02\/Process_Annealing_3352-9911-scaled.jpg","width":2560,"height":1729,"caption":"Induction annealing of pinions"},{"@type":"BreadcrumbList","@id":"https:\/\/ghinduction.com\/es\/soluciones\/procesos\/tratamiento-termico\/recocido-y-normalizacion\/#breadcrumb","itemListElement":[{"@type":"ListItem","position":1,"name":"Home","item":"https:\/\/ghinduction.com\/es\/"},{"@type":"ListItem","position":2,"name":"Soluciones","item":"https:\/\/ghinduction.com\/es\/soluciones\/"},{"@type":"ListItem","position":3,"name":"Procesos","item":"https:\/\/ghinduction.com\/es\/soluciones\/procesos\/"},{"@type":"ListItem","position":4,"name":"Tratamiento t\u00e9rmico","item":"https:\/\/ghinduction.com\/es\/soluciones\/procesos\/tratamiento-termico\/"},{"@type":"ListItem","position":5,"name":"Recocido y normalizado"}]},{"@type":"WebSite","@id":"https:\/\/ghinduction.com\/es\/#website","url":"https:\/\/ghinduction.com\/es\/","name":"GH Induction - Experts in Induction Heat Treatment and Induction Heating","description":"GH Induction offers advanced induction heat treatment and heating solutions for various industrial applications. With over 60 years of experience, our innovative systems ensure efficiency and quality across diverse sectors globally.","publisher":{"@id":"https:\/\/ghinduction.com\/es\/#organization"},"alternateName":"GH Induction","potentialAction":[{"@type":"SearchAction","target":{"@type":"EntryPoint","urlTemplate":"https:\/\/ghinduction.com\/es\/?s={search_term_string}"},"query-input":{"@type":"PropertyValueSpecification","valueRequired":true,"valueName":"search_term_string"}}],"inLanguage":"es"},{"@type":"Organization","@id":"https:\/\/ghinduction.com\/es\/#organization","name":"GH Induction - Experts in Induction Heat Treatment and Induction Heating","alternateName":"GH Induction","url":"https:\/\/ghinduction.com\/es\/","logo":{"@type":"ImageObject","inLanguage":"es","@id":"https:\/\/ghinduction.com\/es\/#\/schema\/logo\/image\/","url":"https:\/\/ghinduction.com\/wp-content\/uploads\/2024\/05\/logo-gh-induction.png","contentUrl":"https:\/\/ghinduction.com\/wp-content\/uploads\/2024\/05\/logo-gh-induction.png","width":225,"height":225,"caption":"GH Induction - Experts in Induction Heat Treatment and Induction Heating"},"image":{"@id":"https:\/\/ghinduction.com\/es\/#\/schema\/logo\/image\/"},"sameAs":["https:\/\/www.facebook.com\/ghinductionheating","https:\/\/www.linkedin.com\/company\/gh-induction\/","https:\/\/www.youtube.com\/user\/GhInduction"]}]}},"_links":{"self":[{"href":"https:\/\/ghinduction.com\/es\/wp-json\/wp\/v2\/pages\/22627","targetHints":{"allow":["GET"]}}],"collection":[{"href":"https:\/\/ghinduction.com\/es\/wp-json\/wp\/v2\/pages"}],"about":[{"href":"https:\/\/ghinduction.com\/es\/wp-json\/wp\/v2\/types\/page"}],"author":[{"embeddable":true,"href":"https:\/\/ghinduction.com\/es\/wp-json\/wp\/v2\/users\/1"}],"replies":[{"embeddable":true,"href":"https:\/\/ghinduction.com\/es\/wp-json\/wp\/v2\/comments?post=22627"}],"version-history":[{"count":4,"href":"https:\/\/ghinduction.com\/es\/wp-json\/wp\/v2\/pages\/22627\/revisions"}],"predecessor-version":[{"id":61907,"href":"https:\/\/ghinduction.com\/es\/wp-json\/wp\/v2\/pages\/22627\/revisions\/61907"}],"up":[{"embeddable":true,"href":"https:\/\/ghinduction.com\/es\/wp-json\/wp\/v2\/pages\/22701"}],"wp:featuredmedia":[{"embeddable":true,"href":"https:\/\/ghinduction.com\/es\/wp-json\/wp\/v2\/media\/3321"}],"wp:attachment":[{"href":"https:\/\/ghinduction.com\/es\/wp-json\/wp\/v2\/media?parent=22627"}],"wp:term":[{"taxonomy":"industry","embeddable":true,"href":"https:\/\/ghinduction.com\/es\/wp-json\/wp\/v2\/industry?post=22627"},{"taxonomy":"processes","embeddable":true,"href":"https:\/\/ghinduction.com\/es\/wp-json\/wp\/v2\/processes?post=22627"},{"taxonomy":"solutions","embeddable":true,"href":"https:\/\/ghinduction.com\/es\/wp-json\/wp\/v2\/solutions?post=22627"}],"curies":[{"name":"wp","href":"https:\/\/api.w.org\/{rel}","templated":true}]}}