{"id":22718,"date":"2023-01-09T09:02:17","date_gmt":"2023-01-09T09:02:17","guid":{"rendered":"https:\/\/ghinduction.com\/productos-y-servicios\/inductores\/inductores-tradicionales\/"},"modified":"2026-02-26T11:57:39","modified_gmt":"2026-02-26T11:57:39","slug":"inductores-tradicionales","status":"publish","type":"page","link":"https:\/\/ghinduction.com\/es\/productos-y-servicios\/inductores\/inductores-tradicionales\/","title":{"rendered":"Inductores tradicionales"},"content":{"rendered":"","protected":false},"excerpt":{"rendered":"","protected":false},"author":1,"featured_media":0,"parent":22262,"menu_order":23,"comment_status":"closed","ping_status":"closed","template":"","meta":{"_acf_changed":false,"footnotes":""},"industry":[],"processes":[],"solutions":[],"class_list":["post-22718","page","type-page","status-publish","hentry"],"acf":[],"yoast_head":"<!-- This site is optimized with the Yoast SEO plugin v27.3 - https:\/\/yoast.com\/product\/yoast-seo-wordpress\/ -->\n<title>Inductores tradicionales - GH Induction<\/title>\n<meta name=\"description\" content=\"El inductor es la pieza central para el calentamiento por inducci\u00f3n ya que a trav\u00e9s de \u00e9l pasa la corriente alterna que crea el campo magn\u00e9tico variable. Por tanto el dise\u00f1o del inductor es uno de los aspectos m\u00e1s importantes en la instalaci\u00f3n de calentamiento. Un inductor bien dise\u00f1ado proporciona el patr\u00f3n de calentamiento adecuado para su pieza y maximiza la eficacia de la fuente de alimentaci\u00f3n de calentamiento por inducci\u00f3n, al tiempo que permite una f\u00e1cil inserci\u00f3n y extracci\u00f3n de la pieza.\" \/>\n<meta name=\"robots\" content=\"index, follow, max-snippet:-1, max-image-preview:large, max-video-preview:-1\" \/>\n<link rel=\"canonical\" href=\"https:\/\/ghinduction.com\/es\/productos-y-servicios\/inductores\/inductores-tradicionales\/\" \/>\n<meta property=\"og:locale\" content=\"es_ES\" \/>\n<meta property=\"og:type\" content=\"article\" \/>\n<meta property=\"og:title\" content=\"Inductores tradicionales - GH Induction\" \/>\n<meta property=\"og:description\" content=\"El inductor es la pieza central para el calentamiento por inducci\u00f3n ya que a trav\u00e9s de \u00e9l pasa la corriente alterna que crea el campo magn\u00e9tico variable. Por tanto el dise\u00f1o del inductor es uno de los aspectos m\u00e1s importantes en la instalaci\u00f3n de calentamiento. Un inductor bien dise\u00f1ado proporciona el patr\u00f3n de calentamiento adecuado para su pieza y maximiza la eficacia de la fuente de alimentaci\u00f3n de calentamiento por inducci\u00f3n, al tiempo que permite una f\u00e1cil inserci\u00f3n y extracci\u00f3n de la pieza.\" \/>\n<meta property=\"og:url\" content=\"https:\/\/ghinduction.com\/es\/productos-y-servicios\/inductores\/inductores-tradicionales\/\" \/>\n<meta property=\"og:site_name\" content=\"GH Induction Internacional\" \/>\n<meta property=\"article:publisher\" content=\"https:\/\/www.facebook.com\/ghinductionheating\" \/>\n<meta property=\"article:modified_time\" content=\"2026-02-26T11:57:39+00:00\" \/>\n<meta name=\"twitter:card\" content=\"summary_large_image\" \/>\n<script type=\"application\/ld+json\" class=\"yoast-schema-graph\">{\"@context\":\"https:\\\/\\\/schema.org\",\"@graph\":[{\"@type\":\"WebPage\",\"@id\":\"https:\\\/\\\/ghinduction.com\\\/es\\\/productos-y-servicios\\\/inductores\\\/inductores-tradicionales\\\/\",\"url\":\"https:\\\/\\\/ghinduction.com\\\/es\\\/productos-y-servicios\\\/inductores\\\/inductores-tradicionales\\\/\",\"name\":\"Inductores tradicionales - GH Induction\",\"isPartOf\":{\"@id\":\"https:\\\/\\\/ghinduction.com\\\/es\\\/#website\"},\"datePublished\":\"2023-01-09T09:02:17+00:00\",\"dateModified\":\"2026-02-26T11:57:39+00:00\",\"description\":\"El inductor es la pieza central para el calentamiento por inducci\u00f3n ya que a trav\u00e9s de \u00e9l pasa la corriente alterna que crea el campo magn\u00e9tico variable. Por tanto el dise\u00f1o del inductor es uno de los aspectos m\u00e1s importantes en la instalaci\u00f3n de calentamiento. Un inductor bien dise\u00f1ado proporciona el patr\u00f3n de calentamiento adecuado para su pieza y maximiza la eficacia de la fuente de alimentaci\u00f3n de calentamiento por inducci\u00f3n, al tiempo que permite una f\u00e1cil inserci\u00f3n y extracci\u00f3n de la pieza.\",\"breadcrumb\":{\"@id\":\"https:\\\/\\\/ghinduction.com\\\/es\\\/productos-y-servicios\\\/inductores\\\/inductores-tradicionales\\\/#breadcrumb\"},\"inLanguage\":\"es\",\"potentialAction\":[{\"@type\":\"ReadAction\",\"target\":[\"https:\\\/\\\/ghinduction.com\\\/es\\\/productos-y-servicios\\\/inductores\\\/inductores-tradicionales\\\/\"]}]},{\"@type\":\"BreadcrumbList\",\"@id\":\"https:\\\/\\\/ghinduction.com\\\/es\\\/productos-y-servicios\\\/inductores\\\/inductores-tradicionales\\\/#breadcrumb\",\"itemListElement\":[{\"@type\":\"ListItem\",\"position\":1,\"name\":\"Home\",\"item\":\"https:\\\/\\\/ghinduction.com\\\/es\\\/\"},{\"@type\":\"ListItem\",\"position\":2,\"name\":\"Productos y servicios\",\"item\":\"https:\\\/\\\/ghinduction.com\\\/es\\\/productos-y-servicios\\\/\"},{\"@type\":\"ListItem\",\"position\":3,\"name\":\"Inductores\",\"item\":\"https:\\\/\\\/ghinduction.com\\\/es\\\/productos-y-servicios\\\/inductores\\\/\"},{\"@type\":\"ListItem\",\"position\":4,\"name\":\"Inductores tradicionales\"}]},{\"@type\":\"WebSite\",\"@id\":\"https:\\\/\\\/ghinduction.com\\\/es\\\/#website\",\"url\":\"https:\\\/\\\/ghinduction.com\\\/es\\\/\",\"name\":\"GH Induction - Experts in Induction Heat Treatment and Induction Heating\",\"description\":\"GH Induction offers advanced induction heat treatment and heating solutions for various industrial applications. With over 60 years of experience, our innovative systems ensure efficiency and quality across diverse sectors globally.\",\"publisher\":{\"@id\":\"https:\\\/\\\/ghinduction.com\\\/es\\\/#organization\"},\"alternateName\":\"GH Induction\",\"potentialAction\":[{\"@type\":\"SearchAction\",\"target\":{\"@type\":\"EntryPoint\",\"urlTemplate\":\"https:\\\/\\\/ghinduction.com\\\/es\\\/?s={search_term_string}\"},\"query-input\":{\"@type\":\"PropertyValueSpecification\",\"valueRequired\":true,\"valueName\":\"search_term_string\"}}],\"inLanguage\":\"es\"},{\"@type\":\"Organization\",\"@id\":\"https:\\\/\\\/ghinduction.com\\\/es\\\/#organization\",\"name\":\"GH Induction - Experts in Induction Heat Treatment and Induction Heating\",\"alternateName\":\"GH Induction\",\"url\":\"https:\\\/\\\/ghinduction.com\\\/es\\\/\",\"logo\":{\"@type\":\"ImageObject\",\"inLanguage\":\"es\",\"@id\":\"https:\\\/\\\/ghinduction.com\\\/es\\\/#\\\/schema\\\/logo\\\/image\\\/\",\"url\":\"https:\\\/\\\/ghinduction.com\\\/wp-content\\\/uploads\\\/2024\\\/05\\\/logo-gh-induction.png\",\"contentUrl\":\"https:\\\/\\\/ghinduction.com\\\/wp-content\\\/uploads\\\/2024\\\/05\\\/logo-gh-induction.png\",\"width\":225,\"height\":225,\"caption\":\"GH Induction - Experts in Induction Heat Treatment and Induction Heating\"},\"image\":{\"@id\":\"https:\\\/\\\/ghinduction.com\\\/es\\\/#\\\/schema\\\/logo\\\/image\\\/\"},\"sameAs\":[\"https:\\\/\\\/www.facebook.com\\\/ghinductionheating\",\"https:\\\/\\\/www.linkedin.com\\\/company\\\/gh-induction\\\/\",\"https:\\\/\\\/www.youtube.com\\\/user\\\/GhInduction\"]}]}<\/script>\n<!-- \/ Yoast SEO plugin. -->","yoast_head_json":{"title":"Inductores tradicionales - GH Induction","description":"El inductor es la pieza central para el calentamiento por inducci\u00f3n ya que a trav\u00e9s de \u00e9l pasa la corriente alterna que crea el campo magn\u00e9tico variable. Por tanto el dise\u00f1o del inductor es uno de los aspectos m\u00e1s importantes en la instalaci\u00f3n de calentamiento. Un inductor bien dise\u00f1ado proporciona el patr\u00f3n de calentamiento adecuado para su pieza y maximiza la eficacia de la fuente de alimentaci\u00f3n de calentamiento por inducci\u00f3n, al tiempo que permite una f\u00e1cil inserci\u00f3n y extracci\u00f3n de la pieza.","robots":{"index":"index","follow":"follow","max-snippet":"max-snippet:-1","max-image-preview":"max-image-preview:large","max-video-preview":"max-video-preview:-1"},"canonical":"https:\/\/ghinduction.com\/es\/productos-y-servicios\/inductores\/inductores-tradicionales\/","og_locale":"es_ES","og_type":"article","og_title":"Inductores tradicionales - GH Induction","og_description":"El inductor es la pieza central para el calentamiento por inducci\u00f3n ya que a trav\u00e9s de \u00e9l pasa la corriente alterna que crea el campo magn\u00e9tico variable. Por tanto el dise\u00f1o del inductor es uno de los aspectos m\u00e1s importantes en la instalaci\u00f3n de calentamiento. Un inductor bien dise\u00f1ado proporciona el patr\u00f3n de calentamiento adecuado para su pieza y maximiza la eficacia de la fuente de alimentaci\u00f3n de calentamiento por inducci\u00f3n, al tiempo que permite una f\u00e1cil inserci\u00f3n y extracci\u00f3n de la pieza.","og_url":"https:\/\/ghinduction.com\/es\/productos-y-servicios\/inductores\/inductores-tradicionales\/","og_site_name":"GH Induction Internacional","article_publisher":"https:\/\/www.facebook.com\/ghinductionheating","article_modified_time":"2026-02-26T11:57:39+00:00","twitter_card":"summary_large_image","schema":{"@context":"https:\/\/schema.org","@graph":[{"@type":"WebPage","@id":"https:\/\/ghinduction.com\/es\/productos-y-servicios\/inductores\/inductores-tradicionales\/","url":"https:\/\/ghinduction.com\/es\/productos-y-servicios\/inductores\/inductores-tradicionales\/","name":"Inductores tradicionales - GH Induction","isPartOf":{"@id":"https:\/\/ghinduction.com\/es\/#website"},"datePublished":"2023-01-09T09:02:17+00:00","dateModified":"2026-02-26T11:57:39+00:00","description":"El inductor es la pieza central para el calentamiento por inducci\u00f3n ya que a trav\u00e9s de \u00e9l pasa la corriente alterna que crea el campo magn\u00e9tico variable. Por tanto el dise\u00f1o del inductor es uno de los aspectos m\u00e1s importantes en la instalaci\u00f3n de calentamiento. Un inductor bien dise\u00f1ado proporciona el patr\u00f3n de calentamiento adecuado para su pieza y maximiza la eficacia de la fuente de alimentaci\u00f3n de calentamiento por inducci\u00f3n, al tiempo que permite una f\u00e1cil inserci\u00f3n y extracci\u00f3n de la pieza.","breadcrumb":{"@id":"https:\/\/ghinduction.com\/es\/productos-y-servicios\/inductores\/inductores-tradicionales\/#breadcrumb"},"inLanguage":"es","potentialAction":[{"@type":"ReadAction","target":["https:\/\/ghinduction.com\/es\/productos-y-servicios\/inductores\/inductores-tradicionales\/"]}]},{"@type":"BreadcrumbList","@id":"https:\/\/ghinduction.com\/es\/productos-y-servicios\/inductores\/inductores-tradicionales\/#breadcrumb","itemListElement":[{"@type":"ListItem","position":1,"name":"Home","item":"https:\/\/ghinduction.com\/es\/"},{"@type":"ListItem","position":2,"name":"Productos y servicios","item":"https:\/\/ghinduction.com\/es\/productos-y-servicios\/"},{"@type":"ListItem","position":3,"name":"Inductores","item":"https:\/\/ghinduction.com\/es\/productos-y-servicios\/inductores\/"},{"@type":"ListItem","position":4,"name":"Inductores tradicionales"}]},{"@type":"WebSite","@id":"https:\/\/ghinduction.com\/es\/#website","url":"https:\/\/ghinduction.com\/es\/","name":"GH Induction - Experts in Induction Heat Treatment and Induction Heating","description":"GH Induction offers advanced induction heat treatment and heating solutions for various industrial applications. With over 60 years of experience, our innovative systems ensure efficiency and quality across diverse sectors globally.","publisher":{"@id":"https:\/\/ghinduction.com\/es\/#organization"},"alternateName":"GH Induction","potentialAction":[{"@type":"SearchAction","target":{"@type":"EntryPoint","urlTemplate":"https:\/\/ghinduction.com\/es\/?s={search_term_string}"},"query-input":{"@type":"PropertyValueSpecification","valueRequired":true,"valueName":"search_term_string"}}],"inLanguage":"es"},{"@type":"Organization","@id":"https:\/\/ghinduction.com\/es\/#organization","name":"GH Induction - Experts in Induction Heat Treatment and Induction Heating","alternateName":"GH Induction","url":"https:\/\/ghinduction.com\/es\/","logo":{"@type":"ImageObject","inLanguage":"es","@id":"https:\/\/ghinduction.com\/es\/#\/schema\/logo\/image\/","url":"https:\/\/ghinduction.com\/wp-content\/uploads\/2024\/05\/logo-gh-induction.png","contentUrl":"https:\/\/ghinduction.com\/wp-content\/uploads\/2024\/05\/logo-gh-induction.png","width":225,"height":225,"caption":"GH Induction - Experts in Induction Heat Treatment and Induction Heating"},"image":{"@id":"https:\/\/ghinduction.com\/es\/#\/schema\/logo\/image\/"},"sameAs":["https:\/\/www.facebook.com\/ghinductionheating","https:\/\/www.linkedin.com\/company\/gh-induction\/","https:\/\/www.youtube.com\/user\/GhInduction"]}]}},"_links":{"self":[{"href":"https:\/\/ghinduction.com\/es\/wp-json\/wp\/v2\/pages\/22718","targetHints":{"allow":["GET"]}}],"collection":[{"href":"https:\/\/ghinduction.com\/es\/wp-json\/wp\/v2\/pages"}],"about":[{"href":"https:\/\/ghinduction.com\/es\/wp-json\/wp\/v2\/types\/page"}],"author":[{"embeddable":true,"href":"https:\/\/ghinduction.com\/es\/wp-json\/wp\/v2\/users\/1"}],"replies":[{"embeddable":true,"href":"https:\/\/ghinduction.com\/es\/wp-json\/wp\/v2\/comments?post=22718"}],"version-history":[{"count":2,"href":"https:\/\/ghinduction.com\/es\/wp-json\/wp\/v2\/pages\/22718\/revisions"}],"predecessor-version":[{"id":66213,"href":"https:\/\/ghinduction.com\/es\/wp-json\/wp\/v2\/pages\/22718\/revisions\/66213"}],"up":[{"embeddable":true,"href":"https:\/\/ghinduction.com\/es\/wp-json\/wp\/v2\/pages\/22262"}],"wp:attachment":[{"href":"https:\/\/ghinduction.com\/es\/wp-json\/wp\/v2\/media?parent=22718"}],"wp:term":[{"taxonomy":"industry","embeddable":true,"href":"https:\/\/ghinduction.com\/es\/wp-json\/wp\/v2\/industry?post=22718"},{"taxonomy":"processes","embeddable":true,"href":"https:\/\/ghinduction.com\/es\/wp-json\/wp\/v2\/processes?post=22718"},{"taxonomy":"solutions","embeddable":true,"href":"https:\/\/ghinduction.com\/es\/wp-json\/wp\/v2\/solutions?post=22718"}],"curies":[{"name":"wp","href":"https:\/\/api.w.org\/{rel}","templated":true}]}}