{"id":22857,"date":"2023-04-18T11:46:06","date_gmt":"2023-04-18T11:46:06","guid":{"rendered":""},"modified":"2023-04-18T11:46:06","modified_gmt":"2023-04-18T11:46:06","slug":"investigacion-de-inversores-modulares-de-media-y-alta-frecuencia-incorporando-nuevos-dispositivos-semiconductores-sic-mosfet-para-el-desarrollo-de-nueva-gama-de-generadores-estandar-tipo-paralelo-pa","status":"publish","type":"page","link":"https:\/\/ghinduction.com\/es\/innovacion\/i-d-electronica\/investigacion-de-inversores-modulares-de-media-y-alta-frecuencia-incorporando-nuevos-dispositivos-semiconductores-sic-mosfet-para-el-desarrollo-de-nueva-gama-de-generadores-estandar-tipo-paralelo-pa\/","title":{"rendered":"Investigaci\u00f3n de inversores modulares de media y alta frecuencia incorporando nuevos dispositivos semiconductores (SIC MOSFET) para el desarrollo de nueva gama de generadores est\u00e1ndar tipo paralelo para su aplicaci\u00f3n en calentamiento por inducci\u00f3n industrial (Proyecto IDEA)"},"content":{"rendered":"","protected":false},"excerpt":{"rendered":"","protected":false},"author":1,"featured_media":0,"parent":22788,"menu_order":0,"comment_status":"closed","ping_status":"closed","template":"","meta":{"_acf_changed":false,"footnotes":""},"industry":[],"processes":[],"solutions":[],"class_list":["post-22857","page","type-page","status-publish","hentry"],"acf":[],"yoast_head":"<!-- This site is optimized with the Yoast SEO plugin v27.3 - https:\/\/yoast.com\/product\/yoast-seo-wordpress\/ -->\n<title>Proyecto IDEA - GH Induction<\/title>\n<meta name=\"robots\" content=\"index, follow, max-snippet:-1, max-image-preview:large, max-video-preview:-1\" \/>\n<link rel=\"canonical\" href=\"https:\/\/ghinduction.com\/es\/innovacion\/i-d-electronica\/investigacion-de-inversores-modulares-de-media-y-alta-frecuencia-incorporando-nuevos-dispositivos-semiconductores-sic-mosfet-para-el-desarrollo-de-nueva-gama-de-generadores-estandar-tipo-paralelo-pa\/\" \/>\n<meta property=\"og:locale\" content=\"es_ES\" \/>\n<meta property=\"og:type\" content=\"article\" \/>\n<meta property=\"og:title\" content=\"Proyecto IDEA - GH Induction\" \/>\n<meta property=\"og:url\" content=\"https:\/\/ghinduction.com\/es\/innovacion\/i-d-electronica\/investigacion-de-inversores-modulares-de-media-y-alta-frecuencia-incorporando-nuevos-dispositivos-semiconductores-sic-mosfet-para-el-desarrollo-de-nueva-gama-de-generadores-estandar-tipo-paralelo-pa\/\" \/>\n<meta property=\"og:site_name\" content=\"GH Induction Internacional\" \/>\n<meta property=\"article:publisher\" content=\"https:\/\/www.facebook.com\/ghinductionheating\" \/>\n<meta name=\"twitter:card\" content=\"summary_large_image\" \/>\n<script type=\"application\/ld+json\" class=\"yoast-schema-graph\">{\"@context\":\"https:\\\/\\\/schema.org\",\"@graph\":[{\"@type\":\"WebPage\",\"@id\":\"https:\\\/\\\/ghinduction.com\\\/es\\\/innovacion\\\/i-d-electronica\\\/investigacion-de-inversores-modulares-de-media-y-alta-frecuencia-incorporando-nuevos-dispositivos-semiconductores-sic-mosfet-para-el-desarrollo-de-nueva-gama-de-generadores-estandar-tipo-paralelo-pa\\\/\",\"url\":\"https:\\\/\\\/ghinduction.com\\\/es\\\/innovacion\\\/i-d-electronica\\\/investigacion-de-inversores-modulares-de-media-y-alta-frecuencia-incorporando-nuevos-dispositivos-semiconductores-sic-mosfet-para-el-desarrollo-de-nueva-gama-de-generadores-estandar-tipo-paralelo-pa\\\/\",\"name\":\"Proyecto IDEA - GH Induction\",\"isPartOf\":{\"@id\":\"https:\\\/\\\/ghinduction.com\\\/es\\\/#website\"},\"datePublished\":\"2023-04-18T11:46:06+00:00\",\"breadcrumb\":{\"@id\":\"https:\\\/\\\/ghinduction.com\\\/es\\\/innovacion\\\/i-d-electronica\\\/investigacion-de-inversores-modulares-de-media-y-alta-frecuencia-incorporando-nuevos-dispositivos-semiconductores-sic-mosfet-para-el-desarrollo-de-nueva-gama-de-generadores-estandar-tipo-paralelo-pa\\\/#breadcrumb\"},\"inLanguage\":\"es\",\"potentialAction\":[{\"@type\":\"ReadAction\",\"target\":[\"https:\\\/\\\/ghinduction.com\\\/es\\\/innovacion\\\/i-d-electronica\\\/investigacion-de-inversores-modulares-de-media-y-alta-frecuencia-incorporando-nuevos-dispositivos-semiconductores-sic-mosfet-para-el-desarrollo-de-nueva-gama-de-generadores-estandar-tipo-paralelo-pa\\\/\"]}]},{\"@type\":\"BreadcrumbList\",\"@id\":\"https:\\\/\\\/ghinduction.com\\\/es\\\/innovacion\\\/i-d-electronica\\\/investigacion-de-inversores-modulares-de-media-y-alta-frecuencia-incorporando-nuevos-dispositivos-semiconductores-sic-mosfet-para-el-desarrollo-de-nueva-gama-de-generadores-estandar-tipo-paralelo-pa\\\/#breadcrumb\",\"itemListElement\":[{\"@type\":\"ListItem\",\"position\":1,\"name\":\"Home\",\"item\":\"https:\\\/\\\/ghinduction.com\\\/es\\\/\"},{\"@type\":\"ListItem\",\"position\":2,\"name\":\"Innovaci\u00f3n\",\"item\":\"https:\\\/\\\/ghinduction.com\\\/es\\\/innovacion\\\/\"},{\"@type\":\"ListItem\",\"position\":3,\"name\":\"I+D en electr\u00f3nica\",\"item\":\"https:\\\/\\\/ghinduction.com\\\/es\\\/innovacion\\\/i-d-electronica\\\/\"},{\"@type\":\"ListItem\",\"position\":4,\"name\":\"Investigaci\u00f3n de inversores modulares de media y alta frecuencia incorporando nuevos dispositivos semiconductores (SIC MOSFET) para el desarrollo de nueva gama de generadores est\u00e1ndar tipo paralelo para su aplicaci\u00f3n en calentamiento por inducci\u00f3n industrial (Proyecto IDEA)\"}]},{\"@type\":\"WebSite\",\"@id\":\"https:\\\/\\\/ghinduction.com\\\/es\\\/#website\",\"url\":\"https:\\\/\\\/ghinduction.com\\\/es\\\/\",\"name\":\"GH Induction - Experts in Induction Heat Treatment and Induction Heating\",\"description\":\"GH Induction offers advanced induction heat treatment and heating solutions for various industrial applications. With over 60 years of experience, our innovative systems ensure efficiency and quality across diverse sectors globally.\",\"publisher\":{\"@id\":\"https:\\\/\\\/ghinduction.com\\\/es\\\/#organization\"},\"alternateName\":\"GH Induction\",\"potentialAction\":[{\"@type\":\"SearchAction\",\"target\":{\"@type\":\"EntryPoint\",\"urlTemplate\":\"https:\\\/\\\/ghinduction.com\\\/es\\\/?s={search_term_string}\"},\"query-input\":{\"@type\":\"PropertyValueSpecification\",\"valueRequired\":true,\"valueName\":\"search_term_string\"}}],\"inLanguage\":\"es\"},{\"@type\":\"Organization\",\"@id\":\"https:\\\/\\\/ghinduction.com\\\/es\\\/#organization\",\"name\":\"GH Induction - Experts in Induction Heat Treatment and Induction Heating\",\"alternateName\":\"GH Induction\",\"url\":\"https:\\\/\\\/ghinduction.com\\\/es\\\/\",\"logo\":{\"@type\":\"ImageObject\",\"inLanguage\":\"es\",\"@id\":\"https:\\\/\\\/ghinduction.com\\\/es\\\/#\\\/schema\\\/logo\\\/image\\\/\",\"url\":\"https:\\\/\\\/ghinduction.com\\\/wp-content\\\/uploads\\\/2024\\\/05\\\/logo-gh-induction.png\",\"contentUrl\":\"https:\\\/\\\/ghinduction.com\\\/wp-content\\\/uploads\\\/2024\\\/05\\\/logo-gh-induction.png\",\"width\":225,\"height\":225,\"caption\":\"GH Induction - Experts in Induction Heat Treatment and Induction Heating\"},\"image\":{\"@id\":\"https:\\\/\\\/ghinduction.com\\\/es\\\/#\\\/schema\\\/logo\\\/image\\\/\"},\"sameAs\":[\"https:\\\/\\\/www.facebook.com\\\/ghinductionheating\",\"https:\\\/\\\/www.linkedin.com\\\/company\\\/gh-induction\\\/\",\"https:\\\/\\\/www.youtube.com\\\/user\\\/GhInduction\"]}]}<\/script>\n<!-- \/ Yoast SEO plugin. -->","yoast_head_json":{"title":"Proyecto IDEA - GH Induction","robots":{"index":"index","follow":"follow","max-snippet":"max-snippet:-1","max-image-preview":"max-image-preview:large","max-video-preview":"max-video-preview:-1"},"canonical":"https:\/\/ghinduction.com\/es\/innovacion\/i-d-electronica\/investigacion-de-inversores-modulares-de-media-y-alta-frecuencia-incorporando-nuevos-dispositivos-semiconductores-sic-mosfet-para-el-desarrollo-de-nueva-gama-de-generadores-estandar-tipo-paralelo-pa\/","og_locale":"es_ES","og_type":"article","og_title":"Proyecto IDEA - GH Induction","og_url":"https:\/\/ghinduction.com\/es\/innovacion\/i-d-electronica\/investigacion-de-inversores-modulares-de-media-y-alta-frecuencia-incorporando-nuevos-dispositivos-semiconductores-sic-mosfet-para-el-desarrollo-de-nueva-gama-de-generadores-estandar-tipo-paralelo-pa\/","og_site_name":"GH Induction Internacional","article_publisher":"https:\/\/www.facebook.com\/ghinductionheating","twitter_card":"summary_large_image","schema":{"@context":"https:\/\/schema.org","@graph":[{"@type":"WebPage","@id":"https:\/\/ghinduction.com\/es\/innovacion\/i-d-electronica\/investigacion-de-inversores-modulares-de-media-y-alta-frecuencia-incorporando-nuevos-dispositivos-semiconductores-sic-mosfet-para-el-desarrollo-de-nueva-gama-de-generadores-estandar-tipo-paralelo-pa\/","url":"https:\/\/ghinduction.com\/es\/innovacion\/i-d-electronica\/investigacion-de-inversores-modulares-de-media-y-alta-frecuencia-incorporando-nuevos-dispositivos-semiconductores-sic-mosfet-para-el-desarrollo-de-nueva-gama-de-generadores-estandar-tipo-paralelo-pa\/","name":"Proyecto IDEA - GH Induction","isPartOf":{"@id":"https:\/\/ghinduction.com\/es\/#website"},"datePublished":"2023-04-18T11:46:06+00:00","breadcrumb":{"@id":"https:\/\/ghinduction.com\/es\/innovacion\/i-d-electronica\/investigacion-de-inversores-modulares-de-media-y-alta-frecuencia-incorporando-nuevos-dispositivos-semiconductores-sic-mosfet-para-el-desarrollo-de-nueva-gama-de-generadores-estandar-tipo-paralelo-pa\/#breadcrumb"},"inLanguage":"es","potentialAction":[{"@type":"ReadAction","target":["https:\/\/ghinduction.com\/es\/innovacion\/i-d-electronica\/investigacion-de-inversores-modulares-de-media-y-alta-frecuencia-incorporando-nuevos-dispositivos-semiconductores-sic-mosfet-para-el-desarrollo-de-nueva-gama-de-generadores-estandar-tipo-paralelo-pa\/"]}]},{"@type":"BreadcrumbList","@id":"https:\/\/ghinduction.com\/es\/innovacion\/i-d-electronica\/investigacion-de-inversores-modulares-de-media-y-alta-frecuencia-incorporando-nuevos-dispositivos-semiconductores-sic-mosfet-para-el-desarrollo-de-nueva-gama-de-generadores-estandar-tipo-paralelo-pa\/#breadcrumb","itemListElement":[{"@type":"ListItem","position":1,"name":"Home","item":"https:\/\/ghinduction.com\/es\/"},{"@type":"ListItem","position":2,"name":"Innovaci\u00f3n","item":"https:\/\/ghinduction.com\/es\/innovacion\/"},{"@type":"ListItem","position":3,"name":"I+D en electr\u00f3nica","item":"https:\/\/ghinduction.com\/es\/innovacion\/i-d-electronica\/"},{"@type":"ListItem","position":4,"name":"Investigaci\u00f3n de inversores modulares de media y alta frecuencia incorporando nuevos dispositivos semiconductores (SIC MOSFET) para el desarrollo de nueva gama de generadores est\u00e1ndar tipo paralelo para su aplicaci\u00f3n en calentamiento por inducci\u00f3n industrial (Proyecto IDEA)"}]},{"@type":"WebSite","@id":"https:\/\/ghinduction.com\/es\/#website","url":"https:\/\/ghinduction.com\/es\/","name":"GH Induction - Experts in Induction Heat Treatment and Induction Heating","description":"GH Induction offers advanced induction heat treatment and heating solutions for various industrial applications. With over 60 years of experience, our innovative systems ensure efficiency and quality across diverse sectors globally.","publisher":{"@id":"https:\/\/ghinduction.com\/es\/#organization"},"alternateName":"GH Induction","potentialAction":[{"@type":"SearchAction","target":{"@type":"EntryPoint","urlTemplate":"https:\/\/ghinduction.com\/es\/?s={search_term_string}"},"query-input":{"@type":"PropertyValueSpecification","valueRequired":true,"valueName":"search_term_string"}}],"inLanguage":"es"},{"@type":"Organization","@id":"https:\/\/ghinduction.com\/es\/#organization","name":"GH Induction - Experts in Induction Heat Treatment and Induction Heating","alternateName":"GH Induction","url":"https:\/\/ghinduction.com\/es\/","logo":{"@type":"ImageObject","inLanguage":"es","@id":"https:\/\/ghinduction.com\/es\/#\/schema\/logo\/image\/","url":"https:\/\/ghinduction.com\/wp-content\/uploads\/2024\/05\/logo-gh-induction.png","contentUrl":"https:\/\/ghinduction.com\/wp-content\/uploads\/2024\/05\/logo-gh-induction.png","width":225,"height":225,"caption":"GH Induction - Experts in Induction Heat Treatment and Induction Heating"},"image":{"@id":"https:\/\/ghinduction.com\/es\/#\/schema\/logo\/image\/"},"sameAs":["https:\/\/www.facebook.com\/ghinductionheating","https:\/\/www.linkedin.com\/company\/gh-induction\/","https:\/\/www.youtube.com\/user\/GhInduction"]}]}},"_links":{"self":[{"href":"https:\/\/ghinduction.com\/es\/wp-json\/wp\/v2\/pages\/22857","targetHints":{"allow":["GET"]}}],"collection":[{"href":"https:\/\/ghinduction.com\/es\/wp-json\/wp\/v2\/pages"}],"about":[{"href":"https:\/\/ghinduction.com\/es\/wp-json\/wp\/v2\/types\/page"}],"author":[{"embeddable":true,"href":"https:\/\/ghinduction.com\/es\/wp-json\/wp\/v2\/users\/1"}],"replies":[{"embeddable":true,"href":"https:\/\/ghinduction.com\/es\/wp-json\/wp\/v2\/comments?post=22857"}],"version-history":[{"count":0,"href":"https:\/\/ghinduction.com\/es\/wp-json\/wp\/v2\/pages\/22857\/revisions"}],"up":[{"embeddable":true,"href":"https:\/\/ghinduction.com\/es\/wp-json\/wp\/v2\/pages\/22788"}],"wp:attachment":[{"href":"https:\/\/ghinduction.com\/es\/wp-json\/wp\/v2\/media?parent=22857"}],"wp:term":[{"taxonomy":"industry","embeddable":true,"href":"https:\/\/ghinduction.com\/es\/wp-json\/wp\/v2\/industry?post=22857"},{"taxonomy":"processes","embeddable":true,"href":"https:\/\/ghinduction.com\/es\/wp-json\/wp\/v2\/processes?post=22857"},{"taxonomy":"solutions","embeddable":true,"href":"https:\/\/ghinduction.com\/es\/wp-json\/wp\/v2\/solutions?post=22857"}],"curies":[{"name":"wp","href":"https:\/\/api.w.org\/{rel}","templated":true}]}}