{"id":22879,"date":"2023-02-23T07:53:53","date_gmt":"2023-02-23T07:53:53","guid":{"rendered":"https:\/\/ghinduction.com\/fabricacion-del-sistema\/"},"modified":"2024-05-13T08:10:51","modified_gmt":"2024-05-13T08:10:51","slug":"fabricacion-sistema","status":"publish","type":"page","link":"https:\/\/ghinduction.com\/es\/fabricacion-sistema\/","title":{"rendered":"Fabricaci\u00f3n del sistema"},"content":{"rendered":"","protected":false},"excerpt":{"rendered":"","protected":false},"author":4,"featured_media":0,"parent":0,"menu_order":0,"comment_status":"closed","ping_status":"closed","template":"","meta":{"_acf_changed":false,"footnotes":""},"industry":[],"processes":[],"solutions":[],"class_list":["post-22879","page","type-page","status-publish","hentry"],"acf":[],"yoast_head":"<!-- This site is optimized with the Yoast SEO plugin v27.3 - https:\/\/yoast.com\/product\/yoast-seo-wordpress\/ -->\n<title>Fabricaci\u00f3n del sistema - GH Induction<\/title>\n<meta name=\"description\" content=\"Cuando las fases de dise\u00f1o y aprovisionamiento de materiales han terminado, el sistema pasa a la fase de fabricaci\u00f3n bajo estrictos est\u00e1ndares de calidad y seguridad laboral. Las localizaciones de las f\u00e1bricas son: Brasil, China, Alemania, India, Espa\u00f1a y EEUU.\" \/>\n<meta name=\"robots\" content=\"index, follow, max-snippet:-1, max-image-preview:large, max-video-preview:-1\" \/>\n<link rel=\"canonical\" href=\"https:\/\/ghinduction.com\/es\/fabricacion-sistema\/\" \/>\n<meta property=\"og:locale\" content=\"es_ES\" \/>\n<meta property=\"og:type\" content=\"article\" \/>\n<meta property=\"og:title\" content=\"Fabricaci\u00f3n del sistema - GH Induction\" \/>\n<meta property=\"og:description\" content=\"Cuando las fases de dise\u00f1o y aprovisionamiento de materiales han terminado, el sistema pasa a la fase de fabricaci\u00f3n bajo estrictos est\u00e1ndares de calidad y seguridad laboral. Las localizaciones de las f\u00e1bricas son: Brasil, China, Alemania, India, Espa\u00f1a y EEUU.\" \/>\n<meta property=\"og:url\" content=\"https:\/\/ghinduction.com\/es\/fabricacion-sistema\/\" \/>\n<meta property=\"og:site_name\" content=\"GH Induction Internacional\" \/>\n<meta property=\"article:publisher\" content=\"https:\/\/www.facebook.com\/ghinductionheating\" \/>\n<meta property=\"article:modified_time\" content=\"2024-05-13T08:10:51+00:00\" \/>\n<meta name=\"twitter:card\" content=\"summary_large_image\" \/>\n<script type=\"application\/ld+json\" class=\"yoast-schema-graph\">{\"@context\":\"https:\\\/\\\/schema.org\",\"@graph\":[{\"@type\":\"WebPage\",\"@id\":\"https:\\\/\\\/ghinduction.com\\\/es\\\/fabricacion-sistema\\\/\",\"url\":\"https:\\\/\\\/ghinduction.com\\\/es\\\/fabricacion-sistema\\\/\",\"name\":\"Fabricaci\u00f3n del sistema - GH Induction\",\"isPartOf\":{\"@id\":\"https:\\\/\\\/ghinduction.com\\\/es\\\/#website\"},\"datePublished\":\"2023-02-23T07:53:53+00:00\",\"dateModified\":\"2024-05-13T08:10:51+00:00\",\"description\":\"Cuando las fases de dise\u00f1o y aprovisionamiento de materiales han terminado, el sistema pasa a la fase de fabricaci\u00f3n bajo estrictos est\u00e1ndares de calidad y seguridad laboral. Las localizaciones de las f\u00e1bricas son: Brasil, China, Alemania, India, Espa\u00f1a y EEUU.\",\"breadcrumb\":{\"@id\":\"https:\\\/\\\/ghinduction.com\\\/es\\\/fabricacion-sistema\\\/#breadcrumb\"},\"inLanguage\":\"es\",\"potentialAction\":[{\"@type\":\"ReadAction\",\"target\":[\"https:\\\/\\\/ghinduction.com\\\/es\\\/fabricacion-sistema\\\/\"]}]},{\"@type\":\"BreadcrumbList\",\"@id\":\"https:\\\/\\\/ghinduction.com\\\/es\\\/fabricacion-sistema\\\/#breadcrumb\",\"itemListElement\":[{\"@type\":\"ListItem\",\"position\":1,\"name\":\"Home\",\"item\":\"https:\\\/\\\/ghinduction.com\\\/es\\\/\"},{\"@type\":\"ListItem\",\"position\":2,\"name\":\"Fabricaci\u00f3n del sistema\"}]},{\"@type\":\"WebSite\",\"@id\":\"https:\\\/\\\/ghinduction.com\\\/es\\\/#website\",\"url\":\"https:\\\/\\\/ghinduction.com\\\/es\\\/\",\"name\":\"GH Induction - Experts in Induction Heat Treatment and Induction Heating\",\"description\":\"GH Induction offers advanced induction heat treatment and heating solutions for various industrial applications. With over 60 years of experience, our innovative systems ensure efficiency and quality across diverse sectors globally.\",\"publisher\":{\"@id\":\"https:\\\/\\\/ghinduction.com\\\/es\\\/#organization\"},\"alternateName\":\"GH Induction\",\"potentialAction\":[{\"@type\":\"SearchAction\",\"target\":{\"@type\":\"EntryPoint\",\"urlTemplate\":\"https:\\\/\\\/ghinduction.com\\\/es\\\/?s={search_term_string}\"},\"query-input\":{\"@type\":\"PropertyValueSpecification\",\"valueRequired\":true,\"valueName\":\"search_term_string\"}}],\"inLanguage\":\"es\"},{\"@type\":\"Organization\",\"@id\":\"https:\\\/\\\/ghinduction.com\\\/es\\\/#organization\",\"name\":\"GH Induction - Experts in Induction Heat Treatment and Induction Heating\",\"alternateName\":\"GH Induction\",\"url\":\"https:\\\/\\\/ghinduction.com\\\/es\\\/\",\"logo\":{\"@type\":\"ImageObject\",\"inLanguage\":\"es\",\"@id\":\"https:\\\/\\\/ghinduction.com\\\/es\\\/#\\\/schema\\\/logo\\\/image\\\/\",\"url\":\"https:\\\/\\\/ghinduction.com\\\/wp-content\\\/uploads\\\/2024\\\/05\\\/logo-gh-induction.png\",\"contentUrl\":\"https:\\\/\\\/ghinduction.com\\\/wp-content\\\/uploads\\\/2024\\\/05\\\/logo-gh-induction.png\",\"width\":225,\"height\":225,\"caption\":\"GH Induction - Experts in Induction Heat Treatment and Induction Heating\"},\"image\":{\"@id\":\"https:\\\/\\\/ghinduction.com\\\/es\\\/#\\\/schema\\\/logo\\\/image\\\/\"},\"sameAs\":[\"https:\\\/\\\/www.facebook.com\\\/ghinductionheating\",\"https:\\\/\\\/www.linkedin.com\\\/company\\\/gh-induction\\\/\",\"https:\\\/\\\/www.youtube.com\\\/user\\\/GhInduction\"]}]}<\/script>\n<!-- \/ Yoast SEO plugin. -->","yoast_head_json":{"title":"Fabricaci\u00f3n del sistema - GH Induction","description":"Cuando las fases de dise\u00f1o y aprovisionamiento de materiales han terminado, el sistema pasa a la fase de fabricaci\u00f3n bajo estrictos est\u00e1ndares de calidad y seguridad laboral. Las localizaciones de las f\u00e1bricas son: Brasil, China, Alemania, India, Espa\u00f1a y EEUU.","robots":{"index":"index","follow":"follow","max-snippet":"max-snippet:-1","max-image-preview":"max-image-preview:large","max-video-preview":"max-video-preview:-1"},"canonical":"https:\/\/ghinduction.com\/es\/fabricacion-sistema\/","og_locale":"es_ES","og_type":"article","og_title":"Fabricaci\u00f3n del sistema - GH Induction","og_description":"Cuando las fases de dise\u00f1o y aprovisionamiento de materiales han terminado, el sistema pasa a la fase de fabricaci\u00f3n bajo estrictos est\u00e1ndares de calidad y seguridad laboral. Las localizaciones de las f\u00e1bricas son: Brasil, China, Alemania, India, Espa\u00f1a y EEUU.","og_url":"https:\/\/ghinduction.com\/es\/fabricacion-sistema\/","og_site_name":"GH Induction Internacional","article_publisher":"https:\/\/www.facebook.com\/ghinductionheating","article_modified_time":"2024-05-13T08:10:51+00:00","twitter_card":"summary_large_image","schema":{"@context":"https:\/\/schema.org","@graph":[{"@type":"WebPage","@id":"https:\/\/ghinduction.com\/es\/fabricacion-sistema\/","url":"https:\/\/ghinduction.com\/es\/fabricacion-sistema\/","name":"Fabricaci\u00f3n del sistema - GH Induction","isPartOf":{"@id":"https:\/\/ghinduction.com\/es\/#website"},"datePublished":"2023-02-23T07:53:53+00:00","dateModified":"2024-05-13T08:10:51+00:00","description":"Cuando las fases de dise\u00f1o y aprovisionamiento de materiales han terminado, el sistema pasa a la fase de fabricaci\u00f3n bajo estrictos est\u00e1ndares de calidad y seguridad laboral. Las localizaciones de las f\u00e1bricas son: Brasil, China, Alemania, India, Espa\u00f1a y EEUU.","breadcrumb":{"@id":"https:\/\/ghinduction.com\/es\/fabricacion-sistema\/#breadcrumb"},"inLanguage":"es","potentialAction":[{"@type":"ReadAction","target":["https:\/\/ghinduction.com\/es\/fabricacion-sistema\/"]}]},{"@type":"BreadcrumbList","@id":"https:\/\/ghinduction.com\/es\/fabricacion-sistema\/#breadcrumb","itemListElement":[{"@type":"ListItem","position":1,"name":"Home","item":"https:\/\/ghinduction.com\/es\/"},{"@type":"ListItem","position":2,"name":"Fabricaci\u00f3n del sistema"}]},{"@type":"WebSite","@id":"https:\/\/ghinduction.com\/es\/#website","url":"https:\/\/ghinduction.com\/es\/","name":"GH Induction - Experts in Induction Heat Treatment and Induction Heating","description":"GH Induction offers advanced induction heat treatment and heating solutions for various industrial applications. With over 60 years of experience, our innovative systems ensure efficiency and quality across diverse sectors globally.","publisher":{"@id":"https:\/\/ghinduction.com\/es\/#organization"},"alternateName":"GH Induction","potentialAction":[{"@type":"SearchAction","target":{"@type":"EntryPoint","urlTemplate":"https:\/\/ghinduction.com\/es\/?s={search_term_string}"},"query-input":{"@type":"PropertyValueSpecification","valueRequired":true,"valueName":"search_term_string"}}],"inLanguage":"es"},{"@type":"Organization","@id":"https:\/\/ghinduction.com\/es\/#organization","name":"GH Induction - Experts in Induction Heat Treatment and Induction Heating","alternateName":"GH Induction","url":"https:\/\/ghinduction.com\/es\/","logo":{"@type":"ImageObject","inLanguage":"es","@id":"https:\/\/ghinduction.com\/es\/#\/schema\/logo\/image\/","url":"https:\/\/ghinduction.com\/wp-content\/uploads\/2024\/05\/logo-gh-induction.png","contentUrl":"https:\/\/ghinduction.com\/wp-content\/uploads\/2024\/05\/logo-gh-induction.png","width":225,"height":225,"caption":"GH Induction - Experts in Induction Heat Treatment and Induction Heating"},"image":{"@id":"https:\/\/ghinduction.com\/es\/#\/schema\/logo\/image\/"},"sameAs":["https:\/\/www.facebook.com\/ghinductionheating","https:\/\/www.linkedin.com\/company\/gh-induction\/","https:\/\/www.youtube.com\/user\/GhInduction"]}]}},"_links":{"self":[{"href":"https:\/\/ghinduction.com\/es\/wp-json\/wp\/v2\/pages\/22879","targetHints":{"allow":["GET"]}}],"collection":[{"href":"https:\/\/ghinduction.com\/es\/wp-json\/wp\/v2\/pages"}],"about":[{"href":"https:\/\/ghinduction.com\/es\/wp-json\/wp\/v2\/types\/page"}],"author":[{"embeddable":true,"href":"https:\/\/ghinduction.com\/es\/wp-json\/wp\/v2\/users\/4"}],"replies":[{"embeddable":true,"href":"https:\/\/ghinduction.com\/es\/wp-json\/wp\/v2\/comments?post=22879"}],"version-history":[{"count":0,"href":"https:\/\/ghinduction.com\/es\/wp-json\/wp\/v2\/pages\/22879\/revisions"}],"wp:attachment":[{"href":"https:\/\/ghinduction.com\/es\/wp-json\/wp\/v2\/media?parent=22879"}],"wp:term":[{"taxonomy":"industry","embeddable":true,"href":"https:\/\/ghinduction.com\/es\/wp-json\/wp\/v2\/industry?post=22879"},{"taxonomy":"processes","embeddable":true,"href":"https:\/\/ghinduction.com\/es\/wp-json\/wp\/v2\/processes?post=22879"},{"taxonomy":"solutions","embeddable":true,"href":"https:\/\/ghinduction.com\/es\/wp-json\/wp\/v2\/solutions?post=22879"}],"curies":[{"name":"wp","href":"https:\/\/api.w.org\/{rel}","templated":true}]}}