{"id":31131,"date":"2023-01-09T09:02:42","date_gmt":"2023-01-09T09:02:42","guid":{"rendered":"https:\/\/ghinduction.com\/soluciones\/industrias\/transporte\/e-movilidad\/"},"modified":"2026-02-26T16:25:51","modified_gmt":"2026-02-26T16:25:51","slug":"e-movilidad","status":"publish","type":"page","link":"https:\/\/ghinduction.com\/es\/soluciones\/industrias\/transporte\/e-movilidad\/","title":{"rendered":"E-movilidad"},"content":{"rendered":"","protected":false},"excerpt":{"rendered":"","protected":false},"author":1,"featured_media":1723,"parent":22569,"menu_order":58,"comment_status":"closed","ping_status":"closed","template":"","meta":{"_acf_changed":false,"footnotes":""},"industry":[1331],"processes":[816,1434],"solutions":[],"class_list":["post-31131","page","type-page","status-publish","has-post-thumbnail","hentry","industry-e-movilidad","processes-temple","processes-zunchado"],"acf":[],"yoast_head":"<!-- This site is optimized with the Yoast SEO plugin v27.3 - https:\/\/yoast.com\/product\/yoast-seo-wordpress\/ -->\n<title>Soluciones de inducci\u00f3n para movilidad el\u00e9ctrica - GH Induction<\/title>\n<meta name=\"description\" content=\"La tracci\u00f3n el\u00e9ctrica (e-drive) y las soluciones energ\u00e9ticamente eficientes son cada vez m\u00e1s importantes y demandados. En GH hemos estado contribuyendo a este cambio hace muchos a\u00f1os. Se han implementado numerosas aplicaciones con conocidos fabricantes de equipos (OEM) y con proveedores de primer nivel. Adem\u00e1s de participar proyectos de I+D. El motor en la tracci\u00f3n el\u00e9ctrica es el motor m\u00e1s grande y potente en el veh\u00edculo con gran n\u00famero de componentes, como el rotor, el eje, el estator, varias ruedas dentadas, carcasa y otros elementos. Algunos de los componentes se templan, calientan o se unen en el proceso. El calentamiento por inducci\u00f3n ofrece la tecnolog\u00eda de calentamiento ideal para la producci\u00f3n avanzada. El proceso es m\u00e1s r\u00e1pido, preciso y fiable que muchas alternativas; y puede integrarse en cualquier entorno de producci\u00f3n.\" \/>\n<meta name=\"robots\" content=\"index, follow, max-snippet:-1, max-image-preview:large, max-video-preview:-1\" \/>\n<link rel=\"canonical\" href=\"https:\/\/ghinduction.com\/es\/soluciones\/industrias\/transporte\/e-movilidad\/\" \/>\n<meta property=\"og:locale\" content=\"es_ES\" \/>\n<meta property=\"og:type\" content=\"article\" \/>\n<meta property=\"og:title\" content=\"Soluciones de inducci\u00f3n para movilidad el\u00e9ctrica - GH Induction\" \/>\n<meta property=\"og:description\" content=\"La tracci\u00f3n el\u00e9ctrica (e-drive) y las soluciones energ\u00e9ticamente eficientes son cada vez m\u00e1s importantes y demandados. En GH hemos estado contribuyendo a este cambio hace muchos a\u00f1os. Se han implementado numerosas aplicaciones con conocidos fabricantes de equipos (OEM) y con proveedores de primer nivel. Adem\u00e1s de participar proyectos de I+D. El motor en la tracci\u00f3n el\u00e9ctrica es el motor m\u00e1s grande y potente en el veh\u00edculo con gran n\u00famero de componentes, como el rotor, el eje, el estator, varias ruedas dentadas, carcasa y otros elementos. Algunos de los componentes se templan, calientan o se unen en el proceso. El calentamiento por inducci\u00f3n ofrece la tecnolog\u00eda de calentamiento ideal para la producci\u00f3n avanzada. El proceso es m\u00e1s r\u00e1pido, preciso y fiable que muchas alternativas; y puede integrarse en cualquier entorno de producci\u00f3n.\" \/>\n<meta property=\"og:url\" content=\"https:\/\/ghinduction.com\/es\/soluciones\/industrias\/transporte\/e-movilidad\/\" \/>\n<meta property=\"og:site_name\" content=\"GH Induction Internacional\" \/>\n<meta property=\"article:publisher\" content=\"https:\/\/www.facebook.com\/ghinductionheating\" \/>\n<meta property=\"article:modified_time\" content=\"2026-02-26T16:25:51+00:00\" \/>\n<meta property=\"og:image\" content=\"https:\/\/ghinduction.com\/wp-content\/uploads\/2023\/02\/BANNER-E-MOBILITY.jpg\" \/>\n\t<meta property=\"og:image:width\" content=\"1920\" \/>\n\t<meta property=\"og:image:height\" content=\"1080\" \/>\n\t<meta property=\"og:image:type\" content=\"image\/jpeg\" \/>\n<meta name=\"twitter:card\" content=\"summary_large_image\" \/>\n<meta name=\"twitter:label1\" content=\"Est. reading time\" \/>\n\t<meta name=\"twitter:data1\" content=\"1 minute\" \/>\n<script type=\"application\/ld+json\" class=\"yoast-schema-graph\">{\"@context\":\"https:\\\/\\\/schema.org\",\"@graph\":[{\"@type\":\"WebPage\",\"@id\":\"https:\\\/\\\/ghinduction.com\\\/es\\\/soluciones\\\/industrias\\\/transporte\\\/e-movilidad\\\/\",\"url\":\"https:\\\/\\\/ghinduction.com\\\/es\\\/soluciones\\\/industrias\\\/transporte\\\/e-movilidad\\\/\",\"name\":\"Soluciones de inducci\u00f3n para movilidad el\u00e9ctrica - GH Induction\",\"isPartOf\":{\"@id\":\"https:\\\/\\\/ghinduction.com\\\/es\\\/#website\"},\"primaryImageOfPage\":{\"@id\":\"https:\\\/\\\/ghinduction.com\\\/es\\\/soluciones\\\/industrias\\\/transporte\\\/e-movilidad\\\/#primaryimage\"},\"image\":{\"@id\":\"https:\\\/\\\/ghinduction.com\\\/es\\\/soluciones\\\/industrias\\\/transporte\\\/e-movilidad\\\/#primaryimage\"},\"thumbnailUrl\":\"https:\\\/\\\/ghinduction.com\\\/wp-content\\\/uploads\\\/2023\\\/02\\\/BANNER-E-MOBILITY.jpg\",\"datePublished\":\"2023-01-09T09:02:42+00:00\",\"dateModified\":\"2026-02-26T16:25:51+00:00\",\"description\":\"La tracci\u00f3n el\u00e9ctrica (e-drive) y las soluciones energ\u00e9ticamente eficientes son cada vez m\u00e1s importantes y demandados. En GH hemos estado contribuyendo a este cambio hace muchos a\u00f1os. Se han implementado numerosas aplicaciones con conocidos fabricantes de equipos (OEM) y con proveedores de primer nivel. Adem\u00e1s de participar proyectos de I+D. El motor en la tracci\u00f3n el\u00e9ctrica es el motor m\u00e1s grande y potente en el veh\u00edculo con gran n\u00famero de componentes, como el rotor, el eje, el estator, varias ruedas dentadas, carcasa y otros elementos. Algunos de los componentes se templan, calientan o se unen en el proceso. El calentamiento por inducci\u00f3n ofrece la tecnolog\u00eda de calentamiento ideal para la producci\u00f3n avanzada. El proceso es m\u00e1s r\u00e1pido, preciso y fiable que muchas alternativas; y puede integrarse en cualquier entorno de producci\u00f3n.\",\"breadcrumb\":{\"@id\":\"https:\\\/\\\/ghinduction.com\\\/es\\\/soluciones\\\/industrias\\\/transporte\\\/e-movilidad\\\/#breadcrumb\"},\"inLanguage\":\"es\",\"potentialAction\":[{\"@type\":\"ReadAction\",\"target\":[\"https:\\\/\\\/ghinduction.com\\\/es\\\/soluciones\\\/industrias\\\/transporte\\\/e-movilidad\\\/\"]}]},{\"@type\":\"ImageObject\",\"inLanguage\":\"es\",\"@id\":\"https:\\\/\\\/ghinduction.com\\\/es\\\/soluciones\\\/industrias\\\/transporte\\\/e-movilidad\\\/#primaryimage\",\"url\":\"https:\\\/\\\/ghinduction.com\\\/wp-content\\\/uploads\\\/2023\\\/02\\\/BANNER-E-MOBILITY.jpg\",\"contentUrl\":\"https:\\\/\\\/ghinduction.com\\\/wp-content\\\/uploads\\\/2023\\\/02\\\/BANNER-E-MOBILITY.jpg\",\"width\":1920,\"height\":1080},{\"@type\":\"BreadcrumbList\",\"@id\":\"https:\\\/\\\/ghinduction.com\\\/es\\\/soluciones\\\/industrias\\\/transporte\\\/e-movilidad\\\/#breadcrumb\",\"itemListElement\":[{\"@type\":\"ListItem\",\"position\":1,\"name\":\"Home\",\"item\":\"https:\\\/\\\/ghinduction.com\\\/es\\\/\"},{\"@type\":\"ListItem\",\"position\":2,\"name\":\"Soluciones\",\"item\":\"https:\\\/\\\/ghinduction.com\\\/es\\\/soluciones\\\/\"},{\"@type\":\"ListItem\",\"position\":3,\"name\":\"Industrias\",\"item\":\"https:\\\/\\\/ghinduction.com\\\/es\\\/soluciones\\\/industrias\\\/\"},{\"@type\":\"ListItem\",\"position\":4,\"name\":\"Transporte\",\"item\":\"https:\\\/\\\/ghinduction.com\\\/es\\\/soluciones\\\/industrias\\\/transporte\\\/\"},{\"@type\":\"ListItem\",\"position\":5,\"name\":\"E-movilidad\"}]},{\"@type\":\"WebSite\",\"@id\":\"https:\\\/\\\/ghinduction.com\\\/es\\\/#website\",\"url\":\"https:\\\/\\\/ghinduction.com\\\/es\\\/\",\"name\":\"GH Induction - Experts in Induction Heat Treatment and Induction Heating\",\"description\":\"GH Induction offers advanced induction heat treatment and heating solutions for various industrial applications. With over 60 years of experience, our innovative systems ensure efficiency and quality across diverse sectors globally.\",\"publisher\":{\"@id\":\"https:\\\/\\\/ghinduction.com\\\/es\\\/#organization\"},\"alternateName\":\"GH Induction\",\"potentialAction\":[{\"@type\":\"SearchAction\",\"target\":{\"@type\":\"EntryPoint\",\"urlTemplate\":\"https:\\\/\\\/ghinduction.com\\\/es\\\/?s={search_term_string}\"},\"query-input\":{\"@type\":\"PropertyValueSpecification\",\"valueRequired\":true,\"valueName\":\"search_term_string\"}}],\"inLanguage\":\"es\"},{\"@type\":\"Organization\",\"@id\":\"https:\\\/\\\/ghinduction.com\\\/es\\\/#organization\",\"name\":\"GH Induction - Experts in Induction Heat Treatment and Induction Heating\",\"alternateName\":\"GH Induction\",\"url\":\"https:\\\/\\\/ghinduction.com\\\/es\\\/\",\"logo\":{\"@type\":\"ImageObject\",\"inLanguage\":\"es\",\"@id\":\"https:\\\/\\\/ghinduction.com\\\/es\\\/#\\\/schema\\\/logo\\\/image\\\/\",\"url\":\"https:\\\/\\\/ghinduction.com\\\/wp-content\\\/uploads\\\/2024\\\/05\\\/logo-gh-induction.png\",\"contentUrl\":\"https:\\\/\\\/ghinduction.com\\\/wp-content\\\/uploads\\\/2024\\\/05\\\/logo-gh-induction.png\",\"width\":225,\"height\":225,\"caption\":\"GH Induction - Experts in Induction Heat Treatment and Induction Heating\"},\"image\":{\"@id\":\"https:\\\/\\\/ghinduction.com\\\/es\\\/#\\\/schema\\\/logo\\\/image\\\/\"},\"sameAs\":[\"https:\\\/\\\/www.facebook.com\\\/ghinductionheating\",\"https:\\\/\\\/www.linkedin.com\\\/company\\\/gh-induction\\\/\",\"https:\\\/\\\/www.youtube.com\\\/user\\\/GhInduction\"]}]}<\/script>\n<!-- \/ Yoast SEO plugin. -->","yoast_head_json":{"title":"Soluciones de inducci\u00f3n para movilidad el\u00e9ctrica - GH Induction","description":"La tracci\u00f3n el\u00e9ctrica (e-drive) y las soluciones energ\u00e9ticamente eficientes son cada vez m\u00e1s importantes y demandados. En GH hemos estado contribuyendo a este cambio hace muchos a\u00f1os. Se han implementado numerosas aplicaciones con conocidos fabricantes de equipos (OEM) y con proveedores de primer nivel. Adem\u00e1s de participar proyectos de I+D. El motor en la tracci\u00f3n el\u00e9ctrica es el motor m\u00e1s grande y potente en el veh\u00edculo con gran n\u00famero de componentes, como el rotor, el eje, el estator, varias ruedas dentadas, carcasa y otros elementos. Algunos de los componentes se templan, calientan o se unen en el proceso. El calentamiento por inducci\u00f3n ofrece la tecnolog\u00eda de calentamiento ideal para la producci\u00f3n avanzada. El proceso es m\u00e1s r\u00e1pido, preciso y fiable que muchas alternativas; y puede integrarse en cualquier entorno de producci\u00f3n.","robots":{"index":"index","follow":"follow","max-snippet":"max-snippet:-1","max-image-preview":"max-image-preview:large","max-video-preview":"max-video-preview:-1"},"canonical":"https:\/\/ghinduction.com\/es\/soluciones\/industrias\/transporte\/e-movilidad\/","og_locale":"es_ES","og_type":"article","og_title":"Soluciones de inducci\u00f3n para movilidad el\u00e9ctrica - GH Induction","og_description":"La tracci\u00f3n el\u00e9ctrica (e-drive) y las soluciones energ\u00e9ticamente eficientes son cada vez m\u00e1s importantes y demandados. En GH hemos estado contribuyendo a este cambio hace muchos a\u00f1os. Se han implementado numerosas aplicaciones con conocidos fabricantes de equipos (OEM) y con proveedores de primer nivel. Adem\u00e1s de participar proyectos de I+D. El motor en la tracci\u00f3n el\u00e9ctrica es el motor m\u00e1s grande y potente en el veh\u00edculo con gran n\u00famero de componentes, como el rotor, el eje, el estator, varias ruedas dentadas, carcasa y otros elementos. Algunos de los componentes se templan, calientan o se unen en el proceso. El calentamiento por inducci\u00f3n ofrece la tecnolog\u00eda de calentamiento ideal para la producci\u00f3n avanzada. El proceso es m\u00e1s r\u00e1pido, preciso y fiable que muchas alternativas; y puede integrarse en cualquier entorno de producci\u00f3n.","og_url":"https:\/\/ghinduction.com\/es\/soluciones\/industrias\/transporte\/e-movilidad\/","og_site_name":"GH Induction Internacional","article_publisher":"https:\/\/www.facebook.com\/ghinductionheating","article_modified_time":"2026-02-26T16:25:51+00:00","og_image":[{"width":1920,"height":1080,"url":"https:\/\/ghinduction.com\/wp-content\/uploads\/2023\/02\/BANNER-E-MOBILITY.jpg","type":"image\/jpeg"}],"twitter_card":"summary_large_image","twitter_misc":{"Est. reading time":"1 minute"},"schema":{"@context":"https:\/\/schema.org","@graph":[{"@type":"WebPage","@id":"https:\/\/ghinduction.com\/es\/soluciones\/industrias\/transporte\/e-movilidad\/","url":"https:\/\/ghinduction.com\/es\/soluciones\/industrias\/transporte\/e-movilidad\/","name":"Soluciones de inducci\u00f3n para movilidad el\u00e9ctrica - GH Induction","isPartOf":{"@id":"https:\/\/ghinduction.com\/es\/#website"},"primaryImageOfPage":{"@id":"https:\/\/ghinduction.com\/es\/soluciones\/industrias\/transporte\/e-movilidad\/#primaryimage"},"image":{"@id":"https:\/\/ghinduction.com\/es\/soluciones\/industrias\/transporte\/e-movilidad\/#primaryimage"},"thumbnailUrl":"https:\/\/ghinduction.com\/wp-content\/uploads\/2023\/02\/BANNER-E-MOBILITY.jpg","datePublished":"2023-01-09T09:02:42+00:00","dateModified":"2026-02-26T16:25:51+00:00","description":"La tracci\u00f3n el\u00e9ctrica (e-drive) y las soluciones energ\u00e9ticamente eficientes son cada vez m\u00e1s importantes y demandados. En GH hemos estado contribuyendo a este cambio hace muchos a\u00f1os. Se han implementado numerosas aplicaciones con conocidos fabricantes de equipos (OEM) y con proveedores de primer nivel. Adem\u00e1s de participar proyectos de I+D. El motor en la tracci\u00f3n el\u00e9ctrica es el motor m\u00e1s grande y potente en el veh\u00edculo con gran n\u00famero de componentes, como el rotor, el eje, el estator, varias ruedas dentadas, carcasa y otros elementos. Algunos de los componentes se templan, calientan o se unen en el proceso. El calentamiento por inducci\u00f3n ofrece la tecnolog\u00eda de calentamiento ideal para la producci\u00f3n avanzada. El proceso es m\u00e1s r\u00e1pido, preciso y fiable que muchas alternativas; y puede integrarse en cualquier entorno de producci\u00f3n.","breadcrumb":{"@id":"https:\/\/ghinduction.com\/es\/soluciones\/industrias\/transporte\/e-movilidad\/#breadcrumb"},"inLanguage":"es","potentialAction":[{"@type":"ReadAction","target":["https:\/\/ghinduction.com\/es\/soluciones\/industrias\/transporte\/e-movilidad\/"]}]},{"@type":"ImageObject","inLanguage":"es","@id":"https:\/\/ghinduction.com\/es\/soluciones\/industrias\/transporte\/e-movilidad\/#primaryimage","url":"https:\/\/ghinduction.com\/wp-content\/uploads\/2023\/02\/BANNER-E-MOBILITY.jpg","contentUrl":"https:\/\/ghinduction.com\/wp-content\/uploads\/2023\/02\/BANNER-E-MOBILITY.jpg","width":1920,"height":1080},{"@type":"BreadcrumbList","@id":"https:\/\/ghinduction.com\/es\/soluciones\/industrias\/transporte\/e-movilidad\/#breadcrumb","itemListElement":[{"@type":"ListItem","position":1,"name":"Home","item":"https:\/\/ghinduction.com\/es\/"},{"@type":"ListItem","position":2,"name":"Soluciones","item":"https:\/\/ghinduction.com\/es\/soluciones\/"},{"@type":"ListItem","position":3,"name":"Industrias","item":"https:\/\/ghinduction.com\/es\/soluciones\/industrias\/"},{"@type":"ListItem","position":4,"name":"Transporte","item":"https:\/\/ghinduction.com\/es\/soluciones\/industrias\/transporte\/"},{"@type":"ListItem","position":5,"name":"E-movilidad"}]},{"@type":"WebSite","@id":"https:\/\/ghinduction.com\/es\/#website","url":"https:\/\/ghinduction.com\/es\/","name":"GH Induction - Experts in Induction Heat Treatment and Induction Heating","description":"GH Induction offers advanced induction heat treatment and heating solutions for various industrial applications. With over 60 years of experience, our innovative systems ensure efficiency and quality across diverse sectors globally.","publisher":{"@id":"https:\/\/ghinduction.com\/es\/#organization"},"alternateName":"GH Induction","potentialAction":[{"@type":"SearchAction","target":{"@type":"EntryPoint","urlTemplate":"https:\/\/ghinduction.com\/es\/?s={search_term_string}"},"query-input":{"@type":"PropertyValueSpecification","valueRequired":true,"valueName":"search_term_string"}}],"inLanguage":"es"},{"@type":"Organization","@id":"https:\/\/ghinduction.com\/es\/#organization","name":"GH Induction - Experts in Induction Heat Treatment and Induction Heating","alternateName":"GH Induction","url":"https:\/\/ghinduction.com\/es\/","logo":{"@type":"ImageObject","inLanguage":"es","@id":"https:\/\/ghinduction.com\/es\/#\/schema\/logo\/image\/","url":"https:\/\/ghinduction.com\/wp-content\/uploads\/2024\/05\/logo-gh-induction.png","contentUrl":"https:\/\/ghinduction.com\/wp-content\/uploads\/2024\/05\/logo-gh-induction.png","width":225,"height":225,"caption":"GH Induction - Experts in Induction Heat Treatment and Induction Heating"},"image":{"@id":"https:\/\/ghinduction.com\/es\/#\/schema\/logo\/image\/"},"sameAs":["https:\/\/www.facebook.com\/ghinductionheating","https:\/\/www.linkedin.com\/company\/gh-induction\/","https:\/\/www.youtube.com\/user\/GhInduction"]}]}},"_links":{"self":[{"href":"https:\/\/ghinduction.com\/es\/wp-json\/wp\/v2\/pages\/31131","targetHints":{"allow":["GET"]}}],"collection":[{"href":"https:\/\/ghinduction.com\/es\/wp-json\/wp\/v2\/pages"}],"about":[{"href":"https:\/\/ghinduction.com\/es\/wp-json\/wp\/v2\/types\/page"}],"author":[{"embeddable":true,"href":"https:\/\/ghinduction.com\/es\/wp-json\/wp\/v2\/users\/1"}],"replies":[{"embeddable":true,"href":"https:\/\/ghinduction.com\/es\/wp-json\/wp\/v2\/comments?post=31131"}],"version-history":[{"count":1,"href":"https:\/\/ghinduction.com\/es\/wp-json\/wp\/v2\/pages\/31131\/revisions"}],"predecessor-version":[{"id":66628,"href":"https:\/\/ghinduction.com\/es\/wp-json\/wp\/v2\/pages\/31131\/revisions\/66628"}],"up":[{"embeddable":true,"href":"https:\/\/ghinduction.com\/es\/wp-json\/wp\/v2\/pages\/22569"}],"wp:featuredmedia":[{"embeddable":true,"href":"https:\/\/ghinduction.com\/es\/wp-json\/wp\/v2\/media\/1723"}],"wp:attachment":[{"href":"https:\/\/ghinduction.com\/es\/wp-json\/wp\/v2\/media?parent=31131"}],"wp:term":[{"taxonomy":"industry","embeddable":true,"href":"https:\/\/ghinduction.com\/es\/wp-json\/wp\/v2\/industry?post=31131"},{"taxonomy":"processes","embeddable":true,"href":"https:\/\/ghinduction.com\/es\/wp-json\/wp\/v2\/processes?post=31131"},{"taxonomy":"solutions","embeddable":true,"href":"https:\/\/ghinduction.com\/es\/wp-json\/wp\/v2\/solutions?post=31131"}],"curies":[{"name":"wp","href":"https:\/\/api.w.org\/{rel}","templated":true}]}}