{"id":21228,"date":"2023-01-09T09:02:41","date_gmt":"2023-01-09T09:02:41","guid":{"rendered":"https:\/\/ghinduction.com\/automobile\/"},"modified":"2026-02-26T12:09:24","modified_gmt":"2026-02-26T12:09:24","slug":"automobile","status":"publish","type":"page","link":"https:\/\/ghinduction.com\/fr-fr\/solutions\/industries\/transport\/automobile\/","title":{"rendered":"Automobile"},"content":{"rendered":"","protected":false},"excerpt":{"rendered":"","protected":false},"author":1,"featured_media":18897,"parent":24750,"menu_order":57,"comment_status":"closed","ping_status":"closed","template":"","meta":{"_acf_changed":false,"footnotes":""},"industry":[1320],"processes":[783],"solutions":[],"class_list":["post-21228","page","type-page","status-publish","has-post-thumbnail","hentry","industry-automobile-fr-fr","processes-traitement-thermique-fr-fr"],"acf":[],"yoast_head":"<!-- This site is optimized with the Yoast SEO plugin v27.3 - https:\/\/yoast.com\/product\/yoast-seo-wordpress\/ -->\n<title>Solutions d\u2019induction pour l\u2019automobile - GH Induction<\/title>\n<meta name=\"description\" content=\"Alors que l&#039;industrie automobile \u00e9volue pour r\u00e9pondre aux demandes du march\u00e9 avec diff\u00e9rentes technologies telles que les v\u00e9hicules \u00e0 moteur \u00e0 combustion interne (ICEV), les v\u00e9hicules \u00e9lectriques (EV) et les v\u00e9hicules hybrides, les difficult\u00e9s de la cha\u00eene d&#039;approvisionnement sont devenues plus complexes que jamais. Que vous soyez confront\u00e9s \u00e0 des d\u00e9fis li\u00e9s \u00e0 l&#039;adaptation rapide, \u00e0 la comp\u00e9titivit\u00e9, \u00e0 l&#039;am\u00e9lioration de l&#039;efficacit\u00e9 de la production, au contr\u00f4le de la qualit\u00e9 ou \u00e0 la durabilit\u00e9, nous comprenons vos besoins et, en travaillant ensemble, nous pouvons vous aider. Chez GH Induction, nous sommes sp\u00e9cialis\u00e9s dans la fourniture de solutions cl\u00e9s en main rentables et flexibles, en collaboration avec nos clients. Nous int\u00e9grons les derni\u00e8res technologies, les n\u00f4tres mais aussi celles des autres, dans le cadre de l&#039;industrie 4.0, en veillant \u00e0 ce que vous receviez la solution id\u00e9ale pour vos exigences sp\u00e9cifiques. Avec plus de 60 ans d&#039;exp\u00e9rience, nous savons comment agir pour r\u00e9pondre aux exigences \u00e9lev\u00e9es de l&#039;industrie automobile.\" \/>\n<meta name=\"robots\" content=\"index, follow, max-snippet:-1, max-image-preview:large, max-video-preview:-1\" \/>\n<link rel=\"canonical\" href=\"https:\/\/ghinduction.com\/fr-fr\/solutions\/industries\/transport\/automobile\/\" \/>\n<meta property=\"og:locale\" content=\"fr_FR\" \/>\n<meta property=\"og:type\" content=\"article\" \/>\n<meta property=\"og:title\" content=\"Solutions d\u2019induction pour l\u2019automobile - GH Induction\" \/>\n<meta property=\"og:description\" content=\"Alors que l&#039;industrie automobile \u00e9volue pour r\u00e9pondre aux demandes du march\u00e9 avec diff\u00e9rentes technologies telles que les v\u00e9hicules \u00e0 moteur \u00e0 combustion interne (ICEV), les v\u00e9hicules \u00e9lectriques (EV) et les v\u00e9hicules hybrides, les difficult\u00e9s de la cha\u00eene d&#039;approvisionnement sont devenues plus complexes que jamais. Que vous soyez confront\u00e9s \u00e0 des d\u00e9fis li\u00e9s \u00e0 l&#039;adaptation rapide, \u00e0 la comp\u00e9titivit\u00e9, \u00e0 l&#039;am\u00e9lioration de l&#039;efficacit\u00e9 de la production, au contr\u00f4le de la qualit\u00e9 ou \u00e0 la durabilit\u00e9, nous comprenons vos besoins et, en travaillant ensemble, nous pouvons vous aider. Chez GH Induction, nous sommes sp\u00e9cialis\u00e9s dans la fourniture de solutions cl\u00e9s en main rentables et flexibles, en collaboration avec nos clients. Nous int\u00e9grons les derni\u00e8res technologies, les n\u00f4tres mais aussi celles des autres, dans le cadre de l&#039;industrie 4.0, en veillant \u00e0 ce que vous receviez la solution id\u00e9ale pour vos exigences sp\u00e9cifiques. Avec plus de 60 ans d&#039;exp\u00e9rience, nous savons comment agir pour r\u00e9pondre aux exigences \u00e9lev\u00e9es de l&#039;industrie automobile.\" \/>\n<meta property=\"og:url\" content=\"https:\/\/ghinduction.com\/fr-fr\/solutions\/industries\/transport\/automobile\/\" \/>\n<meta property=\"og:site_name\" content=\"GH Induction France\" \/>\n<meta property=\"article:publisher\" content=\"https:\/\/www.facebook.com\/ghinductionheating\" \/>\n<meta property=\"article:modified_time\" content=\"2026-02-26T12:09:24+00:00\" \/>\n<meta property=\"og:image\" content=\"https:\/\/ghinduction.com\/wp-content\/uploads\/2023\/03\/INDUSTRIES_AUTOMOTIVE_MAIN-BANNER-opt.jpg\" \/>\n\t<meta property=\"og:image:width\" content=\"1920\" \/>\n\t<meta property=\"og:image:height\" content=\"1080\" \/>\n\t<meta property=\"og:image:type\" content=\"image\/jpeg\" \/>\n<meta name=\"twitter:card\" content=\"summary_large_image\" \/>\n<meta name=\"twitter:label1\" content=\"Dur\u00e9e de lecture estim\u00e9e\" \/>\n\t<meta name=\"twitter:data1\" content=\"1 minute\" \/>\n<script type=\"application\/ld+json\" class=\"yoast-schema-graph\">{\"@context\":\"https:\\\/\\\/schema.org\",\"@graph\":[{\"@type\":\"WebPage\",\"@id\":\"https:\\\/\\\/ghinduction.com\\\/fr-fr\\\/solutions\\\/industries\\\/transport\\\/automobile\\\/\",\"url\":\"https:\\\/\\\/ghinduction.com\\\/fr-fr\\\/solutions\\\/industries\\\/transport\\\/automobile\\\/\",\"name\":\"Solutions d\u2019induction pour l\u2019automobile - GH Induction\",\"isPartOf\":{\"@id\":\"https:\\\/\\\/ghinduction.com\\\/fr-fr\\\/#website\"},\"primaryImageOfPage\":{\"@id\":\"https:\\\/\\\/ghinduction.com\\\/fr-fr\\\/solutions\\\/industries\\\/transport\\\/automobile\\\/#primaryimage\"},\"image\":{\"@id\":\"https:\\\/\\\/ghinduction.com\\\/fr-fr\\\/solutions\\\/industries\\\/transport\\\/automobile\\\/#primaryimage\"},\"thumbnailUrl\":\"https:\\\/\\\/ghinduction.com\\\/wp-content\\\/uploads\\\/2023\\\/03\\\/INDUSTRIES_AUTOMOTIVE_MAIN-BANNER-opt.jpg\",\"datePublished\":\"2023-01-09T09:02:41+00:00\",\"dateModified\":\"2026-02-26T12:09:24+00:00\",\"description\":\"Alors que l'industrie automobile \u00e9volue pour r\u00e9pondre aux demandes du march\u00e9 avec diff\u00e9rentes technologies telles que les v\u00e9hicules \u00e0 moteur \u00e0 combustion interne (ICEV), les v\u00e9hicules \u00e9lectriques (EV) et les v\u00e9hicules hybrides, les difficult\u00e9s de la cha\u00eene d'approvisionnement sont devenues plus complexes que jamais. Que vous soyez confront\u00e9s \u00e0 des d\u00e9fis li\u00e9s \u00e0 l'adaptation rapide, \u00e0 la comp\u00e9titivit\u00e9, \u00e0 l'am\u00e9lioration de l'efficacit\u00e9 de la production, au contr\u00f4le de la qualit\u00e9 ou \u00e0 la durabilit\u00e9, nous comprenons vos besoins et, en travaillant ensemble, nous pouvons vous aider. Chez GH Induction, nous sommes sp\u00e9cialis\u00e9s dans la fourniture de solutions cl\u00e9s en main rentables et flexibles, en collaboration avec nos clients. Nous int\u00e9grons les derni\u00e8res technologies, les n\u00f4tres mais aussi celles des autres, dans le cadre de l'industrie 4.0, en veillant \u00e0 ce que vous receviez la solution id\u00e9ale pour vos exigences sp\u00e9cifiques. Avec plus de 60 ans d'exp\u00e9rience, nous savons comment agir pour r\u00e9pondre aux exigences \u00e9lev\u00e9es de l'industrie automobile.\",\"breadcrumb\":{\"@id\":\"https:\\\/\\\/ghinduction.com\\\/fr-fr\\\/solutions\\\/industries\\\/transport\\\/automobile\\\/#breadcrumb\"},\"inLanguage\":\"fr-FR\",\"potentialAction\":[{\"@type\":\"ReadAction\",\"target\":[\"https:\\\/\\\/ghinduction.com\\\/fr-fr\\\/solutions\\\/industries\\\/transport\\\/automobile\\\/\"]}]},{\"@type\":\"ImageObject\",\"inLanguage\":\"fr-FR\",\"@id\":\"https:\\\/\\\/ghinduction.com\\\/fr-fr\\\/solutions\\\/industries\\\/transport\\\/automobile\\\/#primaryimage\",\"url\":\"https:\\\/\\\/ghinduction.com\\\/wp-content\\\/uploads\\\/2023\\\/03\\\/INDUSTRIES_AUTOMOTIVE_MAIN-BANNER-opt.jpg\",\"contentUrl\":\"https:\\\/\\\/ghinduction.com\\\/wp-content\\\/uploads\\\/2023\\\/03\\\/INDUSTRIES_AUTOMOTIVE_MAIN-BANNER-opt.jpg\",\"width\":1920,\"height\":1080},{\"@type\":\"BreadcrumbList\",\"@id\":\"https:\\\/\\\/ghinduction.com\\\/fr-fr\\\/solutions\\\/industries\\\/transport\\\/automobile\\\/#breadcrumb\",\"itemListElement\":[{\"@type\":\"ListItem\",\"position\":1,\"name\":\"Home\",\"item\":\"https:\\\/\\\/ghinduction.com\\\/fr-fr\\\/\"},{\"@type\":\"ListItem\",\"position\":2,\"name\":\"Solutions\",\"item\":\"https:\\\/\\\/ghinduction.com\\\/fr-fr\\\/solutions\\\/\"},{\"@type\":\"ListItem\",\"position\":3,\"name\":\"Industries\",\"item\":\"https:\\\/\\\/ghinduction.com\\\/fr-fr\\\/solutions\\\/industries\\\/\"},{\"@type\":\"ListItem\",\"position\":4,\"name\":\"Transport\",\"item\":\"https:\\\/\\\/ghinduction.com\\\/fr-fr\\\/solutions\\\/industries\\\/transport\\\/\"},{\"@type\":\"ListItem\",\"position\":5,\"name\":\"Automobile\"}]},{\"@type\":\"WebSite\",\"@id\":\"https:\\\/\\\/ghinduction.com\\\/fr-fr\\\/#website\",\"url\":\"https:\\\/\\\/ghinduction.com\\\/fr-fr\\\/\",\"name\":\"GH Induction - Experts in Induction Heat Treatment and Induction Heating\",\"description\":\"GH Induction offers advanced induction heat treatment and heating solutions for various industrial applications. With over 60 years of experience, our innovative systems ensure efficiency and quality across diverse sectors globally.\",\"publisher\":{\"@id\":\"https:\\\/\\\/ghinduction.com\\\/fr-fr\\\/#organization\"},\"alternateName\":\"GH Induction\",\"potentialAction\":[{\"@type\":\"SearchAction\",\"target\":{\"@type\":\"EntryPoint\",\"urlTemplate\":\"https:\\\/\\\/ghinduction.com\\\/fr-fr\\\/?s={search_term_string}\"},\"query-input\":{\"@type\":\"PropertyValueSpecification\",\"valueRequired\":true,\"valueName\":\"search_term_string\"}}],\"inLanguage\":\"fr-FR\"},{\"@type\":\"Organization\",\"@id\":\"https:\\\/\\\/ghinduction.com\\\/fr-fr\\\/#organization\",\"name\":\"GH Induction - Experts in Induction Heat Treatment and Induction Heating\",\"alternateName\":\"GH Induction\",\"url\":\"https:\\\/\\\/ghinduction.com\\\/fr-fr\\\/\",\"logo\":{\"@type\":\"ImageObject\",\"inLanguage\":\"fr-FR\",\"@id\":\"https:\\\/\\\/ghinduction.com\\\/fr-fr\\\/#\\\/schema\\\/logo\\\/image\\\/\",\"url\":\"https:\\\/\\\/ghinduction.com\\\/wp-content\\\/uploads\\\/2024\\\/05\\\/logo-gh-induction.png\",\"contentUrl\":\"https:\\\/\\\/ghinduction.com\\\/wp-content\\\/uploads\\\/2024\\\/05\\\/logo-gh-induction.png\",\"width\":225,\"height\":225,\"caption\":\"GH Induction - Experts in Induction Heat Treatment and Induction Heating\"},\"image\":{\"@id\":\"https:\\\/\\\/ghinduction.com\\\/fr-fr\\\/#\\\/schema\\\/logo\\\/image\\\/\"},\"sameAs\":[\"https:\\\/\\\/www.facebook.com\\\/ghinductionheating\",\"https:\\\/\\\/www.linkedin.com\\\/company\\\/gh-induction\\\/\",\"https:\\\/\\\/www.youtube.com\\\/user\\\/GhInduction\"]}]}<\/script>\n<!-- \/ Yoast SEO plugin. -->","yoast_head_json":{"title":"Solutions d\u2019induction pour l\u2019automobile - GH Induction","description":"Alors que l'industrie automobile \u00e9volue pour r\u00e9pondre aux demandes du march\u00e9 avec diff\u00e9rentes technologies telles que les v\u00e9hicules \u00e0 moteur \u00e0 combustion interne (ICEV), les v\u00e9hicules \u00e9lectriques (EV) et les v\u00e9hicules hybrides, les difficult\u00e9s de la cha\u00eene d'approvisionnement sont devenues plus complexes que jamais. Que vous soyez confront\u00e9s \u00e0 des d\u00e9fis li\u00e9s \u00e0 l'adaptation rapide, \u00e0 la comp\u00e9titivit\u00e9, \u00e0 l'am\u00e9lioration de l'efficacit\u00e9 de la production, au contr\u00f4le de la qualit\u00e9 ou \u00e0 la durabilit\u00e9, nous comprenons vos besoins et, en travaillant ensemble, nous pouvons vous aider. Chez GH Induction, nous sommes sp\u00e9cialis\u00e9s dans la fourniture de solutions cl\u00e9s en main rentables et flexibles, en collaboration avec nos clients. Nous int\u00e9grons les derni\u00e8res technologies, les n\u00f4tres mais aussi celles des autres, dans le cadre de l'industrie 4.0, en veillant \u00e0 ce que vous receviez la solution id\u00e9ale pour vos exigences sp\u00e9cifiques. Avec plus de 60 ans d'exp\u00e9rience, nous savons comment agir pour r\u00e9pondre aux exigences \u00e9lev\u00e9es de l'industrie automobile.","robots":{"index":"index","follow":"follow","max-snippet":"max-snippet:-1","max-image-preview":"max-image-preview:large","max-video-preview":"max-video-preview:-1"},"canonical":"https:\/\/ghinduction.com\/fr-fr\/solutions\/industries\/transport\/automobile\/","og_locale":"fr_FR","og_type":"article","og_title":"Solutions d\u2019induction pour l\u2019automobile - GH Induction","og_description":"Alors que l'industrie automobile \u00e9volue pour r\u00e9pondre aux demandes du march\u00e9 avec diff\u00e9rentes technologies telles que les v\u00e9hicules \u00e0 moteur \u00e0 combustion interne (ICEV), les v\u00e9hicules \u00e9lectriques (EV) et les v\u00e9hicules hybrides, les difficult\u00e9s de la cha\u00eene d'approvisionnement sont devenues plus complexes que jamais. Que vous soyez confront\u00e9s \u00e0 des d\u00e9fis li\u00e9s \u00e0 l'adaptation rapide, \u00e0 la comp\u00e9titivit\u00e9, \u00e0 l'am\u00e9lioration de l'efficacit\u00e9 de la production, au contr\u00f4le de la qualit\u00e9 ou \u00e0 la durabilit\u00e9, nous comprenons vos besoins et, en travaillant ensemble, nous pouvons vous aider. Chez GH Induction, nous sommes sp\u00e9cialis\u00e9s dans la fourniture de solutions cl\u00e9s en main rentables et flexibles, en collaboration avec nos clients. Nous int\u00e9grons les derni\u00e8res technologies, les n\u00f4tres mais aussi celles des autres, dans le cadre de l'industrie 4.0, en veillant \u00e0 ce que vous receviez la solution id\u00e9ale pour vos exigences sp\u00e9cifiques. Avec plus de 60 ans d'exp\u00e9rience, nous savons comment agir pour r\u00e9pondre aux exigences \u00e9lev\u00e9es de l'industrie automobile.","og_url":"https:\/\/ghinduction.com\/fr-fr\/solutions\/industries\/transport\/automobile\/","og_site_name":"GH Induction France","article_publisher":"https:\/\/www.facebook.com\/ghinductionheating","article_modified_time":"2026-02-26T12:09:24+00:00","og_image":[{"width":1920,"height":1080,"url":"https:\/\/ghinduction.com\/wp-content\/uploads\/2023\/03\/INDUSTRIES_AUTOMOTIVE_MAIN-BANNER-opt.jpg","type":"image\/jpeg"}],"twitter_card":"summary_large_image","twitter_misc":{"Dur\u00e9e de lecture estim\u00e9e":"1 minute"},"schema":{"@context":"https:\/\/schema.org","@graph":[{"@type":"WebPage","@id":"https:\/\/ghinduction.com\/fr-fr\/solutions\/industries\/transport\/automobile\/","url":"https:\/\/ghinduction.com\/fr-fr\/solutions\/industries\/transport\/automobile\/","name":"Solutions d\u2019induction pour l\u2019automobile - GH Induction","isPartOf":{"@id":"https:\/\/ghinduction.com\/fr-fr\/#website"},"primaryImageOfPage":{"@id":"https:\/\/ghinduction.com\/fr-fr\/solutions\/industries\/transport\/automobile\/#primaryimage"},"image":{"@id":"https:\/\/ghinduction.com\/fr-fr\/solutions\/industries\/transport\/automobile\/#primaryimage"},"thumbnailUrl":"https:\/\/ghinduction.com\/wp-content\/uploads\/2023\/03\/INDUSTRIES_AUTOMOTIVE_MAIN-BANNER-opt.jpg","datePublished":"2023-01-09T09:02:41+00:00","dateModified":"2026-02-26T12:09:24+00:00","description":"Alors que l'industrie automobile \u00e9volue pour r\u00e9pondre aux demandes du march\u00e9 avec diff\u00e9rentes technologies telles que les v\u00e9hicules \u00e0 moteur \u00e0 combustion interne (ICEV), les v\u00e9hicules \u00e9lectriques (EV) et les v\u00e9hicules hybrides, les difficult\u00e9s de la cha\u00eene d'approvisionnement sont devenues plus complexes que jamais. Que vous soyez confront\u00e9s \u00e0 des d\u00e9fis li\u00e9s \u00e0 l'adaptation rapide, \u00e0 la comp\u00e9titivit\u00e9, \u00e0 l'am\u00e9lioration de l'efficacit\u00e9 de la production, au contr\u00f4le de la qualit\u00e9 ou \u00e0 la durabilit\u00e9, nous comprenons vos besoins et, en travaillant ensemble, nous pouvons vous aider. Chez GH Induction, nous sommes sp\u00e9cialis\u00e9s dans la fourniture de solutions cl\u00e9s en main rentables et flexibles, en collaboration avec nos clients. Nous int\u00e9grons les derni\u00e8res technologies, les n\u00f4tres mais aussi celles des autres, dans le cadre de l'industrie 4.0, en veillant \u00e0 ce que vous receviez la solution id\u00e9ale pour vos exigences sp\u00e9cifiques. Avec plus de 60 ans d'exp\u00e9rience, nous savons comment agir pour r\u00e9pondre aux exigences \u00e9lev\u00e9es de l'industrie automobile.","breadcrumb":{"@id":"https:\/\/ghinduction.com\/fr-fr\/solutions\/industries\/transport\/automobile\/#breadcrumb"},"inLanguage":"fr-FR","potentialAction":[{"@type":"ReadAction","target":["https:\/\/ghinduction.com\/fr-fr\/solutions\/industries\/transport\/automobile\/"]}]},{"@type":"ImageObject","inLanguage":"fr-FR","@id":"https:\/\/ghinduction.com\/fr-fr\/solutions\/industries\/transport\/automobile\/#primaryimage","url":"https:\/\/ghinduction.com\/wp-content\/uploads\/2023\/03\/INDUSTRIES_AUTOMOTIVE_MAIN-BANNER-opt.jpg","contentUrl":"https:\/\/ghinduction.com\/wp-content\/uploads\/2023\/03\/INDUSTRIES_AUTOMOTIVE_MAIN-BANNER-opt.jpg","width":1920,"height":1080},{"@type":"BreadcrumbList","@id":"https:\/\/ghinduction.com\/fr-fr\/solutions\/industries\/transport\/automobile\/#breadcrumb","itemListElement":[{"@type":"ListItem","position":1,"name":"Home","item":"https:\/\/ghinduction.com\/fr-fr\/"},{"@type":"ListItem","position":2,"name":"Solutions","item":"https:\/\/ghinduction.com\/fr-fr\/solutions\/"},{"@type":"ListItem","position":3,"name":"Industries","item":"https:\/\/ghinduction.com\/fr-fr\/solutions\/industries\/"},{"@type":"ListItem","position":4,"name":"Transport","item":"https:\/\/ghinduction.com\/fr-fr\/solutions\/industries\/transport\/"},{"@type":"ListItem","position":5,"name":"Automobile"}]},{"@type":"WebSite","@id":"https:\/\/ghinduction.com\/fr-fr\/#website","url":"https:\/\/ghinduction.com\/fr-fr\/","name":"GH Induction - Experts in Induction Heat Treatment and Induction Heating","description":"GH Induction offers advanced induction heat treatment and heating solutions for various industrial applications. With over 60 years of experience, our innovative systems ensure efficiency and quality across diverse sectors globally.","publisher":{"@id":"https:\/\/ghinduction.com\/fr-fr\/#organization"},"alternateName":"GH Induction","potentialAction":[{"@type":"SearchAction","target":{"@type":"EntryPoint","urlTemplate":"https:\/\/ghinduction.com\/fr-fr\/?s={search_term_string}"},"query-input":{"@type":"PropertyValueSpecification","valueRequired":true,"valueName":"search_term_string"}}],"inLanguage":"fr-FR"},{"@type":"Organization","@id":"https:\/\/ghinduction.com\/fr-fr\/#organization","name":"GH Induction - Experts in Induction Heat Treatment and Induction Heating","alternateName":"GH Induction","url":"https:\/\/ghinduction.com\/fr-fr\/","logo":{"@type":"ImageObject","inLanguage":"fr-FR","@id":"https:\/\/ghinduction.com\/fr-fr\/#\/schema\/logo\/image\/","url":"https:\/\/ghinduction.com\/wp-content\/uploads\/2024\/05\/logo-gh-induction.png","contentUrl":"https:\/\/ghinduction.com\/wp-content\/uploads\/2024\/05\/logo-gh-induction.png","width":225,"height":225,"caption":"GH Induction - Experts in Induction Heat Treatment and Induction Heating"},"image":{"@id":"https:\/\/ghinduction.com\/fr-fr\/#\/schema\/logo\/image\/"},"sameAs":["https:\/\/www.facebook.com\/ghinductionheating","https:\/\/www.linkedin.com\/company\/gh-induction\/","https:\/\/www.youtube.com\/user\/GhInduction"]}]}},"_links":{"self":[{"href":"https:\/\/ghinduction.com\/fr-fr\/wp-json\/wp\/v2\/pages\/21228","targetHints":{"allow":["GET"]}}],"collection":[{"href":"https:\/\/ghinduction.com\/fr-fr\/wp-json\/wp\/v2\/pages"}],"about":[{"href":"https:\/\/ghinduction.com\/fr-fr\/wp-json\/wp\/v2\/types\/page"}],"author":[{"embeddable":true,"href":"https:\/\/ghinduction.com\/fr-fr\/wp-json\/wp\/v2\/users\/1"}],"replies":[{"embeddable":true,"href":"https:\/\/ghinduction.com\/fr-fr\/wp-json\/wp\/v2\/comments?post=21228"}],"version-history":[{"count":2,"href":"https:\/\/ghinduction.com\/fr-fr\/wp-json\/wp\/v2\/pages\/21228\/revisions"}],"predecessor-version":[{"id":66227,"href":"https:\/\/ghinduction.com\/fr-fr\/wp-json\/wp\/v2\/pages\/21228\/revisions\/66227"}],"up":[{"embeddable":true,"href":"https:\/\/ghinduction.com\/fr-fr\/wp-json\/wp\/v2\/pages\/24750"}],"wp:featuredmedia":[{"embeddable":true,"href":"https:\/\/ghinduction.com\/fr-fr\/wp-json\/wp\/v2\/media\/18897"}],"wp:attachment":[{"href":"https:\/\/ghinduction.com\/fr-fr\/wp-json\/wp\/v2\/media?parent=21228"}],"wp:term":[{"taxonomy":"industry","embeddable":true,"href":"https:\/\/ghinduction.com\/fr-fr\/wp-json\/wp\/v2\/industry?post=21228"},{"taxonomy":"processes","embeddable":true,"href":"https:\/\/ghinduction.com\/fr-fr\/wp-json\/wp\/v2\/processes?post=21228"},{"taxonomy":"solutions","embeddable":true,"href":"https:\/\/ghinduction.com\/fr-fr\/wp-json\/wp\/v2\/solutions?post=21228"}],"curies":[{"name":"wp","href":"https:\/\/api.w.org\/{rel}","templated":true}]}}