{"id":22190,"date":"2023-01-09T09:02:33","date_gmt":"2023-01-09T09:02:33","guid":{"rendered":"https:\/\/ghinduction.com\/processus-sous-vide\/"},"modified":"2026-02-25T13:12:47","modified_gmt":"2026-02-25T13:12:47","slug":"procedes-sous-vide","status":"publish","type":"page","link":"https:\/\/ghinduction.com\/fr-fr\/solutions\/process\/procedes-chauffe\/procedes-sous-vide\/","title":{"rendered":"Proc\u00e9d\u00e9s sous vide"},"content":{"rendered":"","protected":false},"excerpt":{"rendered":"","protected":false},"author":1,"featured_media":18421,"parent":24607,"menu_order":46,"comment_status":"closed","ping_status":"closed","template":"","meta":{"_acf_changed":false,"footnotes":""},"industry":[],"processes":[],"solutions":[],"class_list":["post-22190","page","type-page","status-publish","has-post-thumbnail","hentry"],"acf":[],"yoast_head":"<!-- This site is optimized with the Yoast SEO plugin v27.3 - https:\/\/yoast.com\/product\/yoast-seo-wordpress\/ -->\n<title>Induction Proc\u00e9d\u00e9s sous vide | GH Induction France<\/title>\n<meta name=\"description\" content=\"Les fours sous vide sont ad\u00e9quats pour les processus de chauffage industriel demandant une grande qualit\u00e9 de la pi\u00e8ce et un chauffage r\u00e9gulier.\" \/>\n<meta name=\"robots\" content=\"index, follow, max-snippet:-1, max-image-preview:large, max-video-preview:-1\" \/>\n<link rel=\"canonical\" href=\"https:\/\/ghinduction.com\/fr-fr\/solutions\/process\/procedes-chauffe\/procedes-sous-vide\/\" \/>\n<meta property=\"og:locale\" content=\"fr_FR\" \/>\n<meta property=\"og:type\" content=\"article\" \/>\n<meta property=\"og:title\" content=\"Induction Proc\u00e9d\u00e9s sous vide | GH Induction France\" \/>\n<meta property=\"og:description\" content=\"Les fours sous vide sont ad\u00e9quats pour les processus de chauffage industriel demandant une grande qualit\u00e9 de la pi\u00e8ce et un chauffage r\u00e9gulier.\" \/>\n<meta property=\"og:url\" content=\"https:\/\/ghinduction.com\/fr-fr\/solutions\/process\/procedes-chauffe\/procedes-sous-vide\/\" \/>\n<meta property=\"og:site_name\" content=\"GH Induction France\" \/>\n<meta property=\"article:publisher\" content=\"https:\/\/www.facebook.com\/ghinductionheating\" \/>\n<meta property=\"article:modified_time\" content=\"2026-02-25T13:12:47+00:00\" \/>\n<meta property=\"og:image\" content=\"https:\/\/ghinduction.com\/wp-content\/uploads\/2023\/03\/Solutions_Processes_Vacuum_opt.jpg\" \/>\n\t<meta property=\"og:image:width\" content=\"632\" \/>\n\t<meta property=\"og:image:height\" content=\"490\" \/>\n\t<meta property=\"og:image:type\" content=\"image\/jpeg\" \/>\n<meta name=\"twitter:card\" content=\"summary_large_image\" \/>\n<meta name=\"twitter:label1\" content=\"Dur\u00e9e de lecture estim\u00e9e\" \/>\n\t<meta name=\"twitter:data1\" content=\"1 minute\" \/>\n<script type=\"application\/ld+json\" class=\"yoast-schema-graph\">{\"@context\":\"https:\\\/\\\/schema.org\",\"@graph\":[{\"@type\":\"WebPage\",\"@id\":\"https:\\\/\\\/ghinduction.com\\\/fr-fr\\\/solutions\\\/process\\\/procedes-chauffe\\\/procedes-sous-vide\\\/\",\"url\":\"https:\\\/\\\/ghinduction.com\\\/fr-fr\\\/solutions\\\/process\\\/procedes-chauffe\\\/procedes-sous-vide\\\/\",\"name\":\"Induction Proc\u00e9d\u00e9s sous vide | GH Induction France\",\"isPartOf\":{\"@id\":\"https:\\\/\\\/ghinduction.com\\\/fr-fr\\\/#website\"},\"primaryImageOfPage\":{\"@id\":\"https:\\\/\\\/ghinduction.com\\\/fr-fr\\\/solutions\\\/process\\\/procedes-chauffe\\\/procedes-sous-vide\\\/#primaryimage\"},\"image\":{\"@id\":\"https:\\\/\\\/ghinduction.com\\\/fr-fr\\\/solutions\\\/process\\\/procedes-chauffe\\\/procedes-sous-vide\\\/#primaryimage\"},\"thumbnailUrl\":\"https:\\\/\\\/ghinduction.com\\\/wp-content\\\/uploads\\\/2023\\\/03\\\/Solutions_Processes_Vacuum_opt.jpg\",\"datePublished\":\"2023-01-09T09:02:33+00:00\",\"dateModified\":\"2026-02-25T13:12:47+00:00\",\"description\":\"Les fours sous vide sont ad\u00e9quats pour les processus de chauffage industriel demandant une grande qualit\u00e9 de la pi\u00e8ce et un chauffage r\u00e9gulier.\",\"breadcrumb\":{\"@id\":\"https:\\\/\\\/ghinduction.com\\\/fr-fr\\\/solutions\\\/process\\\/procedes-chauffe\\\/procedes-sous-vide\\\/#breadcrumb\"},\"inLanguage\":\"fr-FR\",\"potentialAction\":[{\"@type\":\"ReadAction\",\"target\":[\"https:\\\/\\\/ghinduction.com\\\/fr-fr\\\/solutions\\\/process\\\/procedes-chauffe\\\/procedes-sous-vide\\\/\"]}]},{\"@type\":\"ImageObject\",\"inLanguage\":\"fr-FR\",\"@id\":\"https:\\\/\\\/ghinduction.com\\\/fr-fr\\\/solutions\\\/process\\\/procedes-chauffe\\\/procedes-sous-vide\\\/#primaryimage\",\"url\":\"https:\\\/\\\/ghinduction.com\\\/wp-content\\\/uploads\\\/2023\\\/03\\\/Solutions_Processes_Vacuum_opt.jpg\",\"contentUrl\":\"https:\\\/\\\/ghinduction.com\\\/wp-content\\\/uploads\\\/2023\\\/03\\\/Solutions_Processes_Vacuum_opt.jpg\",\"width\":632,\"height\":490},{\"@type\":\"BreadcrumbList\",\"@id\":\"https:\\\/\\\/ghinduction.com\\\/fr-fr\\\/solutions\\\/process\\\/procedes-chauffe\\\/procedes-sous-vide\\\/#breadcrumb\",\"itemListElement\":[{\"@type\":\"ListItem\",\"position\":1,\"name\":\"Home\",\"item\":\"https:\\\/\\\/ghinduction.com\\\/fr-fr\\\/\"},{\"@type\":\"ListItem\",\"position\":2,\"name\":\"Solutions\",\"item\":\"https:\\\/\\\/ghinduction.com\\\/fr-fr\\\/solutions\\\/\"},{\"@type\":\"ListItem\",\"position\":3,\"name\":\"Process\",\"item\":\"https:\\\/\\\/ghinduction.com\\\/fr-fr\\\/solutions\\\/process\\\/\"},{\"@type\":\"ListItem\",\"position\":4,\"name\":\"Proc\u00e9d\u00e9s de chauffe\",\"item\":\"https:\\\/\\\/ghinduction.com\\\/fr-fr\\\/solutions\\\/process\\\/procedes-chauffe\\\/\"},{\"@type\":\"ListItem\",\"position\":5,\"name\":\"Proc\u00e9d\u00e9s sous vide\"}]},{\"@type\":\"WebSite\",\"@id\":\"https:\\\/\\\/ghinduction.com\\\/fr-fr\\\/#website\",\"url\":\"https:\\\/\\\/ghinduction.com\\\/fr-fr\\\/\",\"name\":\"GH Induction - Experts in Induction Heat Treatment and Induction Heating\",\"description\":\"GH Induction offers advanced induction heat treatment and heating solutions for various industrial applications. With over 60 years of experience, our innovative systems ensure efficiency and quality across diverse sectors globally.\",\"publisher\":{\"@id\":\"https:\\\/\\\/ghinduction.com\\\/fr-fr\\\/#organization\"},\"alternateName\":\"GH Induction\",\"potentialAction\":[{\"@type\":\"SearchAction\",\"target\":{\"@type\":\"EntryPoint\",\"urlTemplate\":\"https:\\\/\\\/ghinduction.com\\\/fr-fr\\\/?s={search_term_string}\"},\"query-input\":{\"@type\":\"PropertyValueSpecification\",\"valueRequired\":true,\"valueName\":\"search_term_string\"}}],\"inLanguage\":\"fr-FR\"},{\"@type\":\"Organization\",\"@id\":\"https:\\\/\\\/ghinduction.com\\\/fr-fr\\\/#organization\",\"name\":\"GH Induction - Experts in Induction Heat Treatment and Induction Heating\",\"alternateName\":\"GH Induction\",\"url\":\"https:\\\/\\\/ghinduction.com\\\/fr-fr\\\/\",\"logo\":{\"@type\":\"ImageObject\",\"inLanguage\":\"fr-FR\",\"@id\":\"https:\\\/\\\/ghinduction.com\\\/fr-fr\\\/#\\\/schema\\\/logo\\\/image\\\/\",\"url\":\"https:\\\/\\\/ghinduction.com\\\/wp-content\\\/uploads\\\/2024\\\/05\\\/logo-gh-induction.png\",\"contentUrl\":\"https:\\\/\\\/ghinduction.com\\\/wp-content\\\/uploads\\\/2024\\\/05\\\/logo-gh-induction.png\",\"width\":225,\"height\":225,\"caption\":\"GH Induction - Experts in Induction Heat Treatment and Induction Heating\"},\"image\":{\"@id\":\"https:\\\/\\\/ghinduction.com\\\/fr-fr\\\/#\\\/schema\\\/logo\\\/image\\\/\"},\"sameAs\":[\"https:\\\/\\\/www.facebook.com\\\/ghinductionheating\",\"https:\\\/\\\/www.linkedin.com\\\/company\\\/gh-induction\\\/\",\"https:\\\/\\\/www.youtube.com\\\/user\\\/GhInduction\"]}]}<\/script>\n<!-- \/ Yoast SEO plugin. -->","yoast_head_json":{"title":"Induction Proc\u00e9d\u00e9s sous vide | GH Induction France","description":"Les fours sous vide sont ad\u00e9quats pour les processus de chauffage industriel demandant une grande qualit\u00e9 de la pi\u00e8ce et un chauffage r\u00e9gulier.","robots":{"index":"index","follow":"follow","max-snippet":"max-snippet:-1","max-image-preview":"max-image-preview:large","max-video-preview":"max-video-preview:-1"},"canonical":"https:\/\/ghinduction.com\/fr-fr\/solutions\/process\/procedes-chauffe\/procedes-sous-vide\/","og_locale":"fr_FR","og_type":"article","og_title":"Induction Proc\u00e9d\u00e9s sous vide | GH Induction France","og_description":"Les fours sous vide sont ad\u00e9quats pour les processus de chauffage industriel demandant une grande qualit\u00e9 de la pi\u00e8ce et un chauffage r\u00e9gulier.","og_url":"https:\/\/ghinduction.com\/fr-fr\/solutions\/process\/procedes-chauffe\/procedes-sous-vide\/","og_site_name":"GH Induction France","article_publisher":"https:\/\/www.facebook.com\/ghinductionheating","article_modified_time":"2026-02-25T13:12:47+00:00","og_image":[{"width":632,"height":490,"url":"https:\/\/ghinduction.com\/wp-content\/uploads\/2023\/03\/Solutions_Processes_Vacuum_opt.jpg","type":"image\/jpeg"}],"twitter_card":"summary_large_image","twitter_misc":{"Dur\u00e9e de lecture estim\u00e9e":"1 minute"},"schema":{"@context":"https:\/\/schema.org","@graph":[{"@type":"WebPage","@id":"https:\/\/ghinduction.com\/fr-fr\/solutions\/process\/procedes-chauffe\/procedes-sous-vide\/","url":"https:\/\/ghinduction.com\/fr-fr\/solutions\/process\/procedes-chauffe\/procedes-sous-vide\/","name":"Induction Proc\u00e9d\u00e9s sous vide | GH Induction France","isPartOf":{"@id":"https:\/\/ghinduction.com\/fr-fr\/#website"},"primaryImageOfPage":{"@id":"https:\/\/ghinduction.com\/fr-fr\/solutions\/process\/procedes-chauffe\/procedes-sous-vide\/#primaryimage"},"image":{"@id":"https:\/\/ghinduction.com\/fr-fr\/solutions\/process\/procedes-chauffe\/procedes-sous-vide\/#primaryimage"},"thumbnailUrl":"https:\/\/ghinduction.com\/wp-content\/uploads\/2023\/03\/Solutions_Processes_Vacuum_opt.jpg","datePublished":"2023-01-09T09:02:33+00:00","dateModified":"2026-02-25T13:12:47+00:00","description":"Les fours sous vide sont ad\u00e9quats pour les processus de chauffage industriel demandant une grande qualit\u00e9 de la pi\u00e8ce et un chauffage r\u00e9gulier.","breadcrumb":{"@id":"https:\/\/ghinduction.com\/fr-fr\/solutions\/process\/procedes-chauffe\/procedes-sous-vide\/#breadcrumb"},"inLanguage":"fr-FR","potentialAction":[{"@type":"ReadAction","target":["https:\/\/ghinduction.com\/fr-fr\/solutions\/process\/procedes-chauffe\/procedes-sous-vide\/"]}]},{"@type":"ImageObject","inLanguage":"fr-FR","@id":"https:\/\/ghinduction.com\/fr-fr\/solutions\/process\/procedes-chauffe\/procedes-sous-vide\/#primaryimage","url":"https:\/\/ghinduction.com\/wp-content\/uploads\/2023\/03\/Solutions_Processes_Vacuum_opt.jpg","contentUrl":"https:\/\/ghinduction.com\/wp-content\/uploads\/2023\/03\/Solutions_Processes_Vacuum_opt.jpg","width":632,"height":490},{"@type":"BreadcrumbList","@id":"https:\/\/ghinduction.com\/fr-fr\/solutions\/process\/procedes-chauffe\/procedes-sous-vide\/#breadcrumb","itemListElement":[{"@type":"ListItem","position":1,"name":"Home","item":"https:\/\/ghinduction.com\/fr-fr\/"},{"@type":"ListItem","position":2,"name":"Solutions","item":"https:\/\/ghinduction.com\/fr-fr\/solutions\/"},{"@type":"ListItem","position":3,"name":"Process","item":"https:\/\/ghinduction.com\/fr-fr\/solutions\/process\/"},{"@type":"ListItem","position":4,"name":"Proc\u00e9d\u00e9s de chauffe","item":"https:\/\/ghinduction.com\/fr-fr\/solutions\/process\/procedes-chauffe\/"},{"@type":"ListItem","position":5,"name":"Proc\u00e9d\u00e9s sous vide"}]},{"@type":"WebSite","@id":"https:\/\/ghinduction.com\/fr-fr\/#website","url":"https:\/\/ghinduction.com\/fr-fr\/","name":"GH Induction - Experts in Induction Heat Treatment and Induction Heating","description":"GH Induction offers advanced induction heat treatment and heating solutions for various industrial applications. With over 60 years of experience, our innovative systems ensure efficiency and quality across diverse sectors globally.","publisher":{"@id":"https:\/\/ghinduction.com\/fr-fr\/#organization"},"alternateName":"GH Induction","potentialAction":[{"@type":"SearchAction","target":{"@type":"EntryPoint","urlTemplate":"https:\/\/ghinduction.com\/fr-fr\/?s={search_term_string}"},"query-input":{"@type":"PropertyValueSpecification","valueRequired":true,"valueName":"search_term_string"}}],"inLanguage":"fr-FR"},{"@type":"Organization","@id":"https:\/\/ghinduction.com\/fr-fr\/#organization","name":"GH Induction - Experts in Induction Heat Treatment and Induction Heating","alternateName":"GH Induction","url":"https:\/\/ghinduction.com\/fr-fr\/","logo":{"@type":"ImageObject","inLanguage":"fr-FR","@id":"https:\/\/ghinduction.com\/fr-fr\/#\/schema\/logo\/image\/","url":"https:\/\/ghinduction.com\/wp-content\/uploads\/2024\/05\/logo-gh-induction.png","contentUrl":"https:\/\/ghinduction.com\/wp-content\/uploads\/2024\/05\/logo-gh-induction.png","width":225,"height":225,"caption":"GH Induction - Experts in Induction Heat Treatment and Induction Heating"},"image":{"@id":"https:\/\/ghinduction.com\/fr-fr\/#\/schema\/logo\/image\/"},"sameAs":["https:\/\/www.facebook.com\/ghinductionheating","https:\/\/www.linkedin.com\/company\/gh-induction\/","https:\/\/www.youtube.com\/user\/GhInduction"]}]}},"_links":{"self":[{"href":"https:\/\/ghinduction.com\/fr-fr\/wp-json\/wp\/v2\/pages\/22190","targetHints":{"allow":["GET"]}}],"collection":[{"href":"https:\/\/ghinduction.com\/fr-fr\/wp-json\/wp\/v2\/pages"}],"about":[{"href":"https:\/\/ghinduction.com\/fr-fr\/wp-json\/wp\/v2\/types\/page"}],"author":[{"embeddable":true,"href":"https:\/\/ghinduction.com\/fr-fr\/wp-json\/wp\/v2\/users\/1"}],"replies":[{"embeddable":true,"href":"https:\/\/ghinduction.com\/fr-fr\/wp-json\/wp\/v2\/comments?post=22190"}],"version-history":[{"count":1,"href":"https:\/\/ghinduction.com\/fr-fr\/wp-json\/wp\/v2\/pages\/22190\/revisions"}],"predecessor-version":[{"id":65253,"href":"https:\/\/ghinduction.com\/fr-fr\/wp-json\/wp\/v2\/pages\/22190\/revisions\/65253"}],"up":[{"embeddable":true,"href":"https:\/\/ghinduction.com\/fr-fr\/wp-json\/wp\/v2\/pages\/24607"}],"wp:featuredmedia":[{"embeddable":true,"href":"https:\/\/ghinduction.com\/fr-fr\/wp-json\/wp\/v2\/media\/18421"}],"wp:attachment":[{"href":"https:\/\/ghinduction.com\/fr-fr\/wp-json\/wp\/v2\/media?parent=22190"}],"wp:term":[{"taxonomy":"industry","embeddable":true,"href":"https:\/\/ghinduction.com\/fr-fr\/wp-json\/wp\/v2\/industry?post=22190"},{"taxonomy":"processes","embeddable":true,"href":"https:\/\/ghinduction.com\/fr-fr\/wp-json\/wp\/v2\/processes?post=22190"},{"taxonomy":"solutions","embeddable":true,"href":"https:\/\/ghinduction.com\/fr-fr\/wp-json\/wp\/v2\/solutions?post=22190"}],"curies":[{"name":"wp","href":"https:\/\/api.w.org\/{rel}","templated":true}]}}