{"id":22212,"date":"2023-01-09T09:02:17","date_gmt":"2023-01-09T09:02:17","guid":{"rendered":"https:\/\/ghinduction.com\/inducteurs-methode-traditionnele\/"},"modified":"2026-02-26T10:52:07","modified_gmt":"2026-02-26T10:52:07","slug":"inducteurs-traditionnels","status":"publish","type":"page","link":"https:\/\/ghinduction.com\/fr-fr\/produits-services\/inducteurs\/inducteurs-traditionnels\/","title":{"rendered":"Inducteurs traditionnels"},"content":{"rendered":"","protected":false},"excerpt":{"rendered":"","protected":false},"author":1,"featured_media":0,"parent":31382,"menu_order":23,"comment_status":"closed","ping_status":"closed","template":"","meta":{"_acf_changed":false,"footnotes":""},"industry":[],"processes":[],"solutions":[],"class_list":["post-22212","page","type-page","status-publish","hentry"],"acf":[],"yoast_head":"<!-- This site is optimized with the Yoast SEO plugin v27.3 - https:\/\/yoast.com\/product\/yoast-seo-wordpress\/ -->\n<title>Inducteurs traditionnels - GH Induction<\/title>\n<meta name=\"description\" content=\"Le champ magn\u00e9tique variable n\u00e9cessaire au chauffage par induction est cr\u00e9\u00e9 \u00e0 l\u2019int\u00e9rieur de l\u2019inducteur gr\u00e2ce au flux du courant alternatif. La conception de l\u2019inducteur est de ce fait l\u2019un des aspects les plus importants des \u00e9quipements de chauffage par induction. Un inducteur bien con\u00e7u fournit le moyen de chauffage appropri\u00e9 pour votre pi\u00e8ce et maximise l\u2019efficacit\u00e9 de l\u2019alimentation \u00e9lectrique du chauffage par induction, tout en permettant le chargement et le retrait facile de la pi\u00e8ce.\" \/>\n<meta name=\"robots\" content=\"index, follow, max-snippet:-1, max-image-preview:large, max-video-preview:-1\" \/>\n<link rel=\"canonical\" href=\"https:\/\/ghinduction.com\/fr-fr\/produits-services\/inducteurs\/inducteurs-traditionnels\/\" \/>\n<meta property=\"og:locale\" content=\"fr_FR\" \/>\n<meta property=\"og:type\" content=\"article\" \/>\n<meta property=\"og:title\" content=\"Inducteurs traditionnels - GH Induction\" \/>\n<meta property=\"og:description\" content=\"Le champ magn\u00e9tique variable n\u00e9cessaire au chauffage par induction est cr\u00e9\u00e9 \u00e0 l\u2019int\u00e9rieur de l\u2019inducteur gr\u00e2ce au flux du courant alternatif. La conception de l\u2019inducteur est de ce fait l\u2019un des aspects les plus importants des \u00e9quipements de chauffage par induction. Un inducteur bien con\u00e7u fournit le moyen de chauffage appropri\u00e9 pour votre pi\u00e8ce et maximise l\u2019efficacit\u00e9 de l\u2019alimentation \u00e9lectrique du chauffage par induction, tout en permettant le chargement et le retrait facile de la pi\u00e8ce.\" \/>\n<meta property=\"og:url\" content=\"https:\/\/ghinduction.com\/fr-fr\/produits-services\/inducteurs\/inducteurs-traditionnels\/\" \/>\n<meta property=\"og:site_name\" content=\"GH Induction France\" \/>\n<meta property=\"article:publisher\" content=\"https:\/\/www.facebook.com\/ghinductionheating\" \/>\n<meta property=\"article:modified_time\" content=\"2026-02-26T10:52:07+00:00\" \/>\n<meta name=\"twitter:card\" content=\"summary_large_image\" \/>\n<script type=\"application\/ld+json\" class=\"yoast-schema-graph\">{\"@context\":\"https:\\\/\\\/schema.org\",\"@graph\":[{\"@type\":\"WebPage\",\"@id\":\"https:\\\/\\\/ghinduction.com\\\/fr-fr\\\/produits-services\\\/inducteurs\\\/inducteurs-traditionnels\\\/\",\"url\":\"https:\\\/\\\/ghinduction.com\\\/fr-fr\\\/produits-services\\\/inducteurs\\\/inducteurs-traditionnels\\\/\",\"name\":\"Inducteurs traditionnels - GH Induction\",\"isPartOf\":{\"@id\":\"https:\\\/\\\/ghinduction.com\\\/fr-fr\\\/#website\"},\"datePublished\":\"2023-01-09T09:02:17+00:00\",\"dateModified\":\"2026-02-26T10:52:07+00:00\",\"description\":\"Le champ magn\u00e9tique variable n\u00e9cessaire au chauffage par induction est cr\u00e9\u00e9 \u00e0 l\u2019int\u00e9rieur de l\u2019inducteur gr\u00e2ce au flux du courant alternatif. La conception de l\u2019inducteur est de ce fait l\u2019un des aspects les plus importants des \u00e9quipements de chauffage par induction. Un inducteur bien con\u00e7u fournit le moyen de chauffage appropri\u00e9 pour votre pi\u00e8ce et maximise l\u2019efficacit\u00e9 de l\u2019alimentation \u00e9lectrique du chauffage par induction, tout en permettant le chargement et le retrait facile de la pi\u00e8ce.\",\"breadcrumb\":{\"@id\":\"https:\\\/\\\/ghinduction.com\\\/fr-fr\\\/produits-services\\\/inducteurs\\\/inducteurs-traditionnels\\\/#breadcrumb\"},\"inLanguage\":\"fr-FR\",\"potentialAction\":[{\"@type\":\"ReadAction\",\"target\":[\"https:\\\/\\\/ghinduction.com\\\/fr-fr\\\/produits-services\\\/inducteurs\\\/inducteurs-traditionnels\\\/\"]}]},{\"@type\":\"BreadcrumbList\",\"@id\":\"https:\\\/\\\/ghinduction.com\\\/fr-fr\\\/produits-services\\\/inducteurs\\\/inducteurs-traditionnels\\\/#breadcrumb\",\"itemListElement\":[{\"@type\":\"ListItem\",\"position\":1,\"name\":\"Home\",\"item\":\"https:\\\/\\\/ghinduction.com\\\/fr-fr\\\/\"},{\"@type\":\"ListItem\",\"position\":2,\"name\":\"Produits et Services\",\"item\":\"https:\\\/\\\/ghinduction.com\\\/fr-fr\\\/produits-services\\\/\"},{\"@type\":\"ListItem\",\"position\":3,\"name\":\"Inducteurs\",\"item\":\"https:\\\/\\\/ghinduction.com\\\/fr-fr\\\/produits-services\\\/inducteurs\\\/\"},{\"@type\":\"ListItem\",\"position\":4,\"name\":\"Inducteurs traditionnels\"}]},{\"@type\":\"WebSite\",\"@id\":\"https:\\\/\\\/ghinduction.com\\\/fr-fr\\\/#website\",\"url\":\"https:\\\/\\\/ghinduction.com\\\/fr-fr\\\/\",\"name\":\"GH Induction - Experts in Induction Heat Treatment and Induction Heating\",\"description\":\"GH Induction offers advanced induction heat treatment and heating solutions for various industrial applications. With over 60 years of experience, our innovative systems ensure efficiency and quality across diverse sectors globally.\",\"publisher\":{\"@id\":\"https:\\\/\\\/ghinduction.com\\\/fr-fr\\\/#organization\"},\"alternateName\":\"GH Induction\",\"potentialAction\":[{\"@type\":\"SearchAction\",\"target\":{\"@type\":\"EntryPoint\",\"urlTemplate\":\"https:\\\/\\\/ghinduction.com\\\/fr-fr\\\/?s={search_term_string}\"},\"query-input\":{\"@type\":\"PropertyValueSpecification\",\"valueRequired\":true,\"valueName\":\"search_term_string\"}}],\"inLanguage\":\"fr-FR\"},{\"@type\":\"Organization\",\"@id\":\"https:\\\/\\\/ghinduction.com\\\/fr-fr\\\/#organization\",\"name\":\"GH Induction - Experts in Induction Heat Treatment and Induction Heating\",\"alternateName\":\"GH Induction\",\"url\":\"https:\\\/\\\/ghinduction.com\\\/fr-fr\\\/\",\"logo\":{\"@type\":\"ImageObject\",\"inLanguage\":\"fr-FR\",\"@id\":\"https:\\\/\\\/ghinduction.com\\\/fr-fr\\\/#\\\/schema\\\/logo\\\/image\\\/\",\"url\":\"https:\\\/\\\/ghinduction.com\\\/wp-content\\\/uploads\\\/2024\\\/05\\\/logo-gh-induction.png\",\"contentUrl\":\"https:\\\/\\\/ghinduction.com\\\/wp-content\\\/uploads\\\/2024\\\/05\\\/logo-gh-induction.png\",\"width\":225,\"height\":225,\"caption\":\"GH Induction - Experts in Induction Heat Treatment and Induction Heating\"},\"image\":{\"@id\":\"https:\\\/\\\/ghinduction.com\\\/fr-fr\\\/#\\\/schema\\\/logo\\\/image\\\/\"},\"sameAs\":[\"https:\\\/\\\/www.facebook.com\\\/ghinductionheating\",\"https:\\\/\\\/www.linkedin.com\\\/company\\\/gh-induction\\\/\",\"https:\\\/\\\/www.youtube.com\\\/user\\\/GhInduction\"]}]}<\/script>\n<!-- \/ Yoast SEO plugin. -->","yoast_head_json":{"title":"Inducteurs traditionnels - GH Induction","description":"Le champ magn\u00e9tique variable n\u00e9cessaire au chauffage par induction est cr\u00e9\u00e9 \u00e0 l\u2019int\u00e9rieur de l\u2019inducteur gr\u00e2ce au flux du courant alternatif. La conception de l\u2019inducteur est de ce fait l\u2019un des aspects les plus importants des \u00e9quipements de chauffage par induction. Un inducteur bien con\u00e7u fournit le moyen de chauffage appropri\u00e9 pour votre pi\u00e8ce et maximise l\u2019efficacit\u00e9 de l\u2019alimentation \u00e9lectrique du chauffage par induction, tout en permettant le chargement et le retrait facile de la pi\u00e8ce.","robots":{"index":"index","follow":"follow","max-snippet":"max-snippet:-1","max-image-preview":"max-image-preview:large","max-video-preview":"max-video-preview:-1"},"canonical":"https:\/\/ghinduction.com\/fr-fr\/produits-services\/inducteurs\/inducteurs-traditionnels\/","og_locale":"fr_FR","og_type":"article","og_title":"Inducteurs traditionnels - GH Induction","og_description":"Le champ magn\u00e9tique variable n\u00e9cessaire au chauffage par induction est cr\u00e9\u00e9 \u00e0 l\u2019int\u00e9rieur de l\u2019inducteur gr\u00e2ce au flux du courant alternatif. La conception de l\u2019inducteur est de ce fait l\u2019un des aspects les plus importants des \u00e9quipements de chauffage par induction. Un inducteur bien con\u00e7u fournit le moyen de chauffage appropri\u00e9 pour votre pi\u00e8ce et maximise l\u2019efficacit\u00e9 de l\u2019alimentation \u00e9lectrique du chauffage par induction, tout en permettant le chargement et le retrait facile de la pi\u00e8ce.","og_url":"https:\/\/ghinduction.com\/fr-fr\/produits-services\/inducteurs\/inducteurs-traditionnels\/","og_site_name":"GH Induction France","article_publisher":"https:\/\/www.facebook.com\/ghinductionheating","article_modified_time":"2026-02-26T10:52:07+00:00","twitter_card":"summary_large_image","schema":{"@context":"https:\/\/schema.org","@graph":[{"@type":"WebPage","@id":"https:\/\/ghinduction.com\/fr-fr\/produits-services\/inducteurs\/inducteurs-traditionnels\/","url":"https:\/\/ghinduction.com\/fr-fr\/produits-services\/inducteurs\/inducteurs-traditionnels\/","name":"Inducteurs traditionnels - GH Induction","isPartOf":{"@id":"https:\/\/ghinduction.com\/fr-fr\/#website"},"datePublished":"2023-01-09T09:02:17+00:00","dateModified":"2026-02-26T10:52:07+00:00","description":"Le champ magn\u00e9tique variable n\u00e9cessaire au chauffage par induction est cr\u00e9\u00e9 \u00e0 l\u2019int\u00e9rieur de l\u2019inducteur gr\u00e2ce au flux du courant alternatif. La conception de l\u2019inducteur est de ce fait l\u2019un des aspects les plus importants des \u00e9quipements de chauffage par induction. Un inducteur bien con\u00e7u fournit le moyen de chauffage appropri\u00e9 pour votre pi\u00e8ce et maximise l\u2019efficacit\u00e9 de l\u2019alimentation \u00e9lectrique du chauffage par induction, tout en permettant le chargement et le retrait facile de la pi\u00e8ce.","breadcrumb":{"@id":"https:\/\/ghinduction.com\/fr-fr\/produits-services\/inducteurs\/inducteurs-traditionnels\/#breadcrumb"},"inLanguage":"fr-FR","potentialAction":[{"@type":"ReadAction","target":["https:\/\/ghinduction.com\/fr-fr\/produits-services\/inducteurs\/inducteurs-traditionnels\/"]}]},{"@type":"BreadcrumbList","@id":"https:\/\/ghinduction.com\/fr-fr\/produits-services\/inducteurs\/inducteurs-traditionnels\/#breadcrumb","itemListElement":[{"@type":"ListItem","position":1,"name":"Home","item":"https:\/\/ghinduction.com\/fr-fr\/"},{"@type":"ListItem","position":2,"name":"Produits et Services","item":"https:\/\/ghinduction.com\/fr-fr\/produits-services\/"},{"@type":"ListItem","position":3,"name":"Inducteurs","item":"https:\/\/ghinduction.com\/fr-fr\/produits-services\/inducteurs\/"},{"@type":"ListItem","position":4,"name":"Inducteurs traditionnels"}]},{"@type":"WebSite","@id":"https:\/\/ghinduction.com\/fr-fr\/#website","url":"https:\/\/ghinduction.com\/fr-fr\/","name":"GH Induction - Experts in Induction Heat Treatment and Induction Heating","description":"GH Induction offers advanced induction heat treatment and heating solutions for various industrial applications. With over 60 years of experience, our innovative systems ensure efficiency and quality across diverse sectors globally.","publisher":{"@id":"https:\/\/ghinduction.com\/fr-fr\/#organization"},"alternateName":"GH Induction","potentialAction":[{"@type":"SearchAction","target":{"@type":"EntryPoint","urlTemplate":"https:\/\/ghinduction.com\/fr-fr\/?s={search_term_string}"},"query-input":{"@type":"PropertyValueSpecification","valueRequired":true,"valueName":"search_term_string"}}],"inLanguage":"fr-FR"},{"@type":"Organization","@id":"https:\/\/ghinduction.com\/fr-fr\/#organization","name":"GH Induction - Experts in Induction Heat Treatment and Induction Heating","alternateName":"GH Induction","url":"https:\/\/ghinduction.com\/fr-fr\/","logo":{"@type":"ImageObject","inLanguage":"fr-FR","@id":"https:\/\/ghinduction.com\/fr-fr\/#\/schema\/logo\/image\/","url":"https:\/\/ghinduction.com\/wp-content\/uploads\/2024\/05\/logo-gh-induction.png","contentUrl":"https:\/\/ghinduction.com\/wp-content\/uploads\/2024\/05\/logo-gh-induction.png","width":225,"height":225,"caption":"GH Induction - Experts in Induction Heat Treatment and Induction Heating"},"image":{"@id":"https:\/\/ghinduction.com\/fr-fr\/#\/schema\/logo\/image\/"},"sameAs":["https:\/\/www.facebook.com\/ghinductionheating","https:\/\/www.linkedin.com\/company\/gh-induction\/","https:\/\/www.youtube.com\/user\/GhInduction"]}]}},"_links":{"self":[{"href":"https:\/\/ghinduction.com\/fr-fr\/wp-json\/wp\/v2\/pages\/22212","targetHints":{"allow":["GET"]}}],"collection":[{"href":"https:\/\/ghinduction.com\/fr-fr\/wp-json\/wp\/v2\/pages"}],"about":[{"href":"https:\/\/ghinduction.com\/fr-fr\/wp-json\/wp\/v2\/types\/page"}],"author":[{"embeddable":true,"href":"https:\/\/ghinduction.com\/fr-fr\/wp-json\/wp\/v2\/users\/1"}],"replies":[{"embeddable":true,"href":"https:\/\/ghinduction.com\/fr-fr\/wp-json\/wp\/v2\/comments?post=22212"}],"version-history":[{"count":8,"href":"https:\/\/ghinduction.com\/fr-fr\/wp-json\/wp\/v2\/pages\/22212\/revisions"}],"predecessor-version":[{"id":66085,"href":"https:\/\/ghinduction.com\/fr-fr\/wp-json\/wp\/v2\/pages\/22212\/revisions\/66085"}],"up":[{"embeddable":true,"href":"https:\/\/ghinduction.com\/fr-fr\/wp-json\/wp\/v2\/pages\/31382"}],"wp:attachment":[{"href":"https:\/\/ghinduction.com\/fr-fr\/wp-json\/wp\/v2\/media?parent=22212"}],"wp:term":[{"taxonomy":"industry","embeddable":true,"href":"https:\/\/ghinduction.com\/fr-fr\/wp-json\/wp\/v2\/industry?post=22212"},{"taxonomy":"processes","embeddable":true,"href":"https:\/\/ghinduction.com\/fr-fr\/wp-json\/wp\/v2\/processes?post=22212"},{"taxonomy":"solutions","embeddable":true,"href":"https:\/\/ghinduction.com\/fr-fr\/wp-json\/wp\/v2\/solutions?post=22212"}],"curies":[{"name":"wp","href":"https:\/\/api.w.org\/{rel}","templated":true}]}}