{"id":24402,"date":"2023-01-09T09:02:09","date_gmt":"2023-01-09T09:02:09","guid":{"rendered":"https:\/\/ghinduction.com\/projets-cles-en-main\/"},"modified":"2026-02-26T07:57:13","modified_gmt":"2026-02-26T07:57:13","slug":"projets-cles-en-main","status":"publish","type":"page","link":"https:\/\/ghinduction.com\/fr-fr\/solutions\/projets-cles-en-main\/","title":{"rendered":"Projets cl\u00e9s en main"},"content":{"rendered":"","protected":false},"excerpt":{"rendered":"","protected":false},"author":1,"featured_media":18269,"parent":24473,"menu_order":10,"comment_status":"closed","ping_status":"closed","template":"","meta":{"_acf_changed":false,"footnotes":""},"industry":[],"processes":[],"solutions":[],"class_list":["post-24402","page","type-page","status-publish","has-post-thumbnail","hentry"],"acf":[],"yoast_head":"<!-- This site is optimized with the Yoast SEO plugin v27.3 - https:\/\/yoast.com\/product\/yoast-seo-wordpress\/ -->\n<title>Projets cl\u00e9s en main pour solutions d&#039;induction - GH Induction<\/title>\n<meta name=\"description\" content=\"En partant de la base que chaque entreprise est diff\u00e9rente et que chaque secteur l\u2019est aussi, le Groupe GH prend votre particularit\u00e9 comme point de d\u00e9part. Gr\u00e2ce \u00e0 une combinaison d\u2019expertise \u00e9prouv\u00e9e, d\u2019exp\u00e9rience pratique et de cr\u00e9ativit\u00e9, nos ing\u00e9nieurs s\u2019efforcent \u00e0 concevoir et fournir un \u00e9quipement de chauffage par induction pr\u00eat \u00e0 l\u2019emploi qui se charge de tout, c\u2019est-\u00e0-dire un projet cl\u00e9 en main GH.. c\u2019est-\u00e0-dire un projet cl\u00e9 en main GH.\" \/>\n<meta name=\"robots\" content=\"index, follow, max-snippet:-1, max-image-preview:large, max-video-preview:-1\" \/>\n<link rel=\"canonical\" href=\"https:\/\/ghinduction.com\/fr-fr\/solutions\/projets-cles-en-main\/\" \/>\n<meta property=\"og:locale\" content=\"fr_FR\" \/>\n<meta property=\"og:type\" content=\"article\" \/>\n<meta property=\"og:title\" content=\"Projets cl\u00e9s en main pour solutions d&#039;induction - GH Induction\" \/>\n<meta property=\"og:description\" content=\"En partant de la base que chaque entreprise est diff\u00e9rente et que chaque secteur l\u2019est aussi, le Groupe GH prend votre particularit\u00e9 comme point de d\u00e9part. Gr\u00e2ce \u00e0 une combinaison d\u2019expertise \u00e9prouv\u00e9e, d\u2019exp\u00e9rience pratique et de cr\u00e9ativit\u00e9, nos ing\u00e9nieurs s\u2019efforcent \u00e0 concevoir et fournir un \u00e9quipement de chauffage par induction pr\u00eat \u00e0 l\u2019emploi qui se charge de tout, c\u2019est-\u00e0-dire un projet cl\u00e9 en main GH.. c\u2019est-\u00e0-dire un projet cl\u00e9 en main GH.\" \/>\n<meta property=\"og:url\" content=\"https:\/\/ghinduction.com\/fr-fr\/solutions\/projets-cles-en-main\/\" \/>\n<meta property=\"og:site_name\" content=\"GH Induction France\" \/>\n<meta property=\"article:publisher\" content=\"https:\/\/www.facebook.com\/ghinductionheating\" \/>\n<meta property=\"article:modified_time\" content=\"2026-02-26T07:57:13+00:00\" \/>\n<meta property=\"og:image\" content=\"https:\/\/ghinduction.com\/wp-content\/uploads\/2023\/02\/Services_Care_Preventive.jpg\" \/>\n\t<meta property=\"og:image:width\" content=\"1200\" \/>\n\t<meta property=\"og:image:height\" content=\"800\" \/>\n\t<meta property=\"og:image:type\" content=\"image\/jpeg\" \/>\n<meta name=\"twitter:card\" content=\"summary_large_image\" \/>\n<meta name=\"twitter:label1\" content=\"Dur\u00e9e de lecture estim\u00e9e\" \/>\n\t<meta name=\"twitter:data1\" content=\"1 minute\" \/>\n<script type=\"application\/ld+json\" class=\"yoast-schema-graph\">{\"@context\":\"https:\\\/\\\/schema.org\",\"@graph\":[{\"@type\":\"WebPage\",\"@id\":\"https:\\\/\\\/ghinduction.com\\\/fr-fr\\\/solutions\\\/projets-cles-en-main\\\/\",\"url\":\"https:\\\/\\\/ghinduction.com\\\/fr-fr\\\/solutions\\\/projets-cles-en-main\\\/\",\"name\":\"Projets cl\u00e9s en main pour solutions d'induction - GH Induction\",\"isPartOf\":{\"@id\":\"https:\\\/\\\/ghinduction.com\\\/fr-fr\\\/#website\"},\"primaryImageOfPage\":{\"@id\":\"https:\\\/\\\/ghinduction.com\\\/fr-fr\\\/solutions\\\/projets-cles-en-main\\\/#primaryimage\"},\"image\":{\"@id\":\"https:\\\/\\\/ghinduction.com\\\/fr-fr\\\/solutions\\\/projets-cles-en-main\\\/#primaryimage\"},\"thumbnailUrl\":\"https:\\\/\\\/ghinduction.com\\\/wp-content\\\/uploads\\\/2023\\\/02\\\/Services_Care_Preventive.jpg\",\"datePublished\":\"2023-01-09T09:02:09+00:00\",\"dateModified\":\"2026-02-26T07:57:13+00:00\",\"description\":\"En partant de la base que chaque entreprise est diff\u00e9rente et que chaque secteur l\u2019est aussi, le Groupe GH prend votre particularit\u00e9 comme point de d\u00e9part. Gr\u00e2ce \u00e0 une combinaison d\u2019expertise \u00e9prouv\u00e9e, d\u2019exp\u00e9rience pratique et de cr\u00e9ativit\u00e9, nos ing\u00e9nieurs s\u2019efforcent \u00e0 concevoir et fournir un \u00e9quipement de chauffage par induction pr\u00eat \u00e0 l\u2019emploi qui se charge de tout, c\u2019est-\u00e0-dire un projet cl\u00e9 en main GH.. c\u2019est-\u00e0-dire un projet cl\u00e9 en main GH.\",\"breadcrumb\":{\"@id\":\"https:\\\/\\\/ghinduction.com\\\/fr-fr\\\/solutions\\\/projets-cles-en-main\\\/#breadcrumb\"},\"inLanguage\":\"fr-FR\",\"potentialAction\":[{\"@type\":\"ReadAction\",\"target\":[\"https:\\\/\\\/ghinduction.com\\\/fr-fr\\\/solutions\\\/projets-cles-en-main\\\/\"]}]},{\"@type\":\"ImageObject\",\"inLanguage\":\"fr-FR\",\"@id\":\"https:\\\/\\\/ghinduction.com\\\/fr-fr\\\/solutions\\\/projets-cles-en-main\\\/#primaryimage\",\"url\":\"https:\\\/\\\/ghinduction.com\\\/wp-content\\\/uploads\\\/2023\\\/02\\\/Services_Care_Preventive.jpg\",\"contentUrl\":\"https:\\\/\\\/ghinduction.com\\\/wp-content\\\/uploads\\\/2023\\\/02\\\/Services_Care_Preventive.jpg\",\"width\":1200,\"height\":800},{\"@type\":\"BreadcrumbList\",\"@id\":\"https:\\\/\\\/ghinduction.com\\\/fr-fr\\\/solutions\\\/projets-cles-en-main\\\/#breadcrumb\",\"itemListElement\":[{\"@type\":\"ListItem\",\"position\":1,\"name\":\"Home\",\"item\":\"https:\\\/\\\/ghinduction.com\\\/fr-fr\\\/\"},{\"@type\":\"ListItem\",\"position\":2,\"name\":\"Solutions\",\"item\":\"https:\\\/\\\/ghinduction.com\\\/fr-fr\\\/solutions\\\/\"},{\"@type\":\"ListItem\",\"position\":3,\"name\":\"Projets cl\u00e9s en main\"}]},{\"@type\":\"WebSite\",\"@id\":\"https:\\\/\\\/ghinduction.com\\\/fr-fr\\\/#website\",\"url\":\"https:\\\/\\\/ghinduction.com\\\/fr-fr\\\/\",\"name\":\"GH Induction - Experts in Induction Heat Treatment and Induction Heating\",\"description\":\"GH Induction offers advanced induction heat treatment and heating solutions for various industrial applications. With over 60 years of experience, our innovative systems ensure efficiency and quality across diverse sectors globally.\",\"publisher\":{\"@id\":\"https:\\\/\\\/ghinduction.com\\\/fr-fr\\\/#organization\"},\"alternateName\":\"GH Induction\",\"potentialAction\":[{\"@type\":\"SearchAction\",\"target\":{\"@type\":\"EntryPoint\",\"urlTemplate\":\"https:\\\/\\\/ghinduction.com\\\/fr-fr\\\/?s={search_term_string}\"},\"query-input\":{\"@type\":\"PropertyValueSpecification\",\"valueRequired\":true,\"valueName\":\"search_term_string\"}}],\"inLanguage\":\"fr-FR\"},{\"@type\":\"Organization\",\"@id\":\"https:\\\/\\\/ghinduction.com\\\/fr-fr\\\/#organization\",\"name\":\"GH Induction - Experts in Induction Heat Treatment and Induction Heating\",\"alternateName\":\"GH Induction\",\"url\":\"https:\\\/\\\/ghinduction.com\\\/fr-fr\\\/\",\"logo\":{\"@type\":\"ImageObject\",\"inLanguage\":\"fr-FR\",\"@id\":\"https:\\\/\\\/ghinduction.com\\\/fr-fr\\\/#\\\/schema\\\/logo\\\/image\\\/\",\"url\":\"https:\\\/\\\/ghinduction.com\\\/wp-content\\\/uploads\\\/2024\\\/05\\\/logo-gh-induction.png\",\"contentUrl\":\"https:\\\/\\\/ghinduction.com\\\/wp-content\\\/uploads\\\/2024\\\/05\\\/logo-gh-induction.png\",\"width\":225,\"height\":225,\"caption\":\"GH Induction - Experts in Induction Heat Treatment and Induction Heating\"},\"image\":{\"@id\":\"https:\\\/\\\/ghinduction.com\\\/fr-fr\\\/#\\\/schema\\\/logo\\\/image\\\/\"},\"sameAs\":[\"https:\\\/\\\/www.facebook.com\\\/ghinductionheating\",\"https:\\\/\\\/www.linkedin.com\\\/company\\\/gh-induction\\\/\",\"https:\\\/\\\/www.youtube.com\\\/user\\\/GhInduction\"]}]}<\/script>\n<!-- \/ Yoast SEO plugin. -->","yoast_head_json":{"title":"Projets cl\u00e9s en main pour solutions d'induction - GH Induction","description":"En partant de la base que chaque entreprise est diff\u00e9rente et que chaque secteur l\u2019est aussi, le Groupe GH prend votre particularit\u00e9 comme point de d\u00e9part. Gr\u00e2ce \u00e0 une combinaison d\u2019expertise \u00e9prouv\u00e9e, d\u2019exp\u00e9rience pratique et de cr\u00e9ativit\u00e9, nos ing\u00e9nieurs s\u2019efforcent \u00e0 concevoir et fournir un \u00e9quipement de chauffage par induction pr\u00eat \u00e0 l\u2019emploi qui se charge de tout, c\u2019est-\u00e0-dire un projet cl\u00e9 en main GH.. c\u2019est-\u00e0-dire un projet cl\u00e9 en main GH.","robots":{"index":"index","follow":"follow","max-snippet":"max-snippet:-1","max-image-preview":"max-image-preview:large","max-video-preview":"max-video-preview:-1"},"canonical":"https:\/\/ghinduction.com\/fr-fr\/solutions\/projets-cles-en-main\/","og_locale":"fr_FR","og_type":"article","og_title":"Projets cl\u00e9s en main pour solutions d'induction - GH Induction","og_description":"En partant de la base que chaque entreprise est diff\u00e9rente et que chaque secteur l\u2019est aussi, le Groupe GH prend votre particularit\u00e9 comme point de d\u00e9part. Gr\u00e2ce \u00e0 une combinaison d\u2019expertise \u00e9prouv\u00e9e, d\u2019exp\u00e9rience pratique et de cr\u00e9ativit\u00e9, nos ing\u00e9nieurs s\u2019efforcent \u00e0 concevoir et fournir un \u00e9quipement de chauffage par induction pr\u00eat \u00e0 l\u2019emploi qui se charge de tout, c\u2019est-\u00e0-dire un projet cl\u00e9 en main GH.. c\u2019est-\u00e0-dire un projet cl\u00e9 en main GH.","og_url":"https:\/\/ghinduction.com\/fr-fr\/solutions\/projets-cles-en-main\/","og_site_name":"GH Induction France","article_publisher":"https:\/\/www.facebook.com\/ghinductionheating","article_modified_time":"2026-02-26T07:57:13+00:00","og_image":[{"width":1200,"height":800,"url":"https:\/\/ghinduction.com\/wp-content\/uploads\/2023\/02\/Services_Care_Preventive.jpg","type":"image\/jpeg"}],"twitter_card":"summary_large_image","twitter_misc":{"Dur\u00e9e de lecture estim\u00e9e":"1 minute"},"schema":{"@context":"https:\/\/schema.org","@graph":[{"@type":"WebPage","@id":"https:\/\/ghinduction.com\/fr-fr\/solutions\/projets-cles-en-main\/","url":"https:\/\/ghinduction.com\/fr-fr\/solutions\/projets-cles-en-main\/","name":"Projets cl\u00e9s en main pour solutions d'induction - GH Induction","isPartOf":{"@id":"https:\/\/ghinduction.com\/fr-fr\/#website"},"primaryImageOfPage":{"@id":"https:\/\/ghinduction.com\/fr-fr\/solutions\/projets-cles-en-main\/#primaryimage"},"image":{"@id":"https:\/\/ghinduction.com\/fr-fr\/solutions\/projets-cles-en-main\/#primaryimage"},"thumbnailUrl":"https:\/\/ghinduction.com\/wp-content\/uploads\/2023\/02\/Services_Care_Preventive.jpg","datePublished":"2023-01-09T09:02:09+00:00","dateModified":"2026-02-26T07:57:13+00:00","description":"En partant de la base que chaque entreprise est diff\u00e9rente et que chaque secteur l\u2019est aussi, le Groupe GH prend votre particularit\u00e9 comme point de d\u00e9part. Gr\u00e2ce \u00e0 une combinaison d\u2019expertise \u00e9prouv\u00e9e, d\u2019exp\u00e9rience pratique et de cr\u00e9ativit\u00e9, nos ing\u00e9nieurs s\u2019efforcent \u00e0 concevoir et fournir un \u00e9quipement de chauffage par induction pr\u00eat \u00e0 l\u2019emploi qui se charge de tout, c\u2019est-\u00e0-dire un projet cl\u00e9 en main GH.. c\u2019est-\u00e0-dire un projet cl\u00e9 en main GH.","breadcrumb":{"@id":"https:\/\/ghinduction.com\/fr-fr\/solutions\/projets-cles-en-main\/#breadcrumb"},"inLanguage":"fr-FR","potentialAction":[{"@type":"ReadAction","target":["https:\/\/ghinduction.com\/fr-fr\/solutions\/projets-cles-en-main\/"]}]},{"@type":"ImageObject","inLanguage":"fr-FR","@id":"https:\/\/ghinduction.com\/fr-fr\/solutions\/projets-cles-en-main\/#primaryimage","url":"https:\/\/ghinduction.com\/wp-content\/uploads\/2023\/02\/Services_Care_Preventive.jpg","contentUrl":"https:\/\/ghinduction.com\/wp-content\/uploads\/2023\/02\/Services_Care_Preventive.jpg","width":1200,"height":800},{"@type":"BreadcrumbList","@id":"https:\/\/ghinduction.com\/fr-fr\/solutions\/projets-cles-en-main\/#breadcrumb","itemListElement":[{"@type":"ListItem","position":1,"name":"Home","item":"https:\/\/ghinduction.com\/fr-fr\/"},{"@type":"ListItem","position":2,"name":"Solutions","item":"https:\/\/ghinduction.com\/fr-fr\/solutions\/"},{"@type":"ListItem","position":3,"name":"Projets cl\u00e9s en main"}]},{"@type":"WebSite","@id":"https:\/\/ghinduction.com\/fr-fr\/#website","url":"https:\/\/ghinduction.com\/fr-fr\/","name":"GH Induction - Experts in Induction Heat Treatment and Induction Heating","description":"GH Induction offers advanced induction heat treatment and heating solutions for various industrial applications. With over 60 years of experience, our innovative systems ensure efficiency and quality across diverse sectors globally.","publisher":{"@id":"https:\/\/ghinduction.com\/fr-fr\/#organization"},"alternateName":"GH Induction","potentialAction":[{"@type":"SearchAction","target":{"@type":"EntryPoint","urlTemplate":"https:\/\/ghinduction.com\/fr-fr\/?s={search_term_string}"},"query-input":{"@type":"PropertyValueSpecification","valueRequired":true,"valueName":"search_term_string"}}],"inLanguage":"fr-FR"},{"@type":"Organization","@id":"https:\/\/ghinduction.com\/fr-fr\/#organization","name":"GH Induction - Experts in Induction Heat Treatment and Induction Heating","alternateName":"GH Induction","url":"https:\/\/ghinduction.com\/fr-fr\/","logo":{"@type":"ImageObject","inLanguage":"fr-FR","@id":"https:\/\/ghinduction.com\/fr-fr\/#\/schema\/logo\/image\/","url":"https:\/\/ghinduction.com\/wp-content\/uploads\/2024\/05\/logo-gh-induction.png","contentUrl":"https:\/\/ghinduction.com\/wp-content\/uploads\/2024\/05\/logo-gh-induction.png","width":225,"height":225,"caption":"GH Induction - Experts in Induction Heat Treatment and Induction Heating"},"image":{"@id":"https:\/\/ghinduction.com\/fr-fr\/#\/schema\/logo\/image\/"},"sameAs":["https:\/\/www.facebook.com\/ghinductionheating","https:\/\/www.linkedin.com\/company\/gh-induction\/","https:\/\/www.youtube.com\/user\/GhInduction"]}]}},"_links":{"self":[{"href":"https:\/\/ghinduction.com\/fr-fr\/wp-json\/wp\/v2\/pages\/24402","targetHints":{"allow":["GET"]}}],"collection":[{"href":"https:\/\/ghinduction.com\/fr-fr\/wp-json\/wp\/v2\/pages"}],"about":[{"href":"https:\/\/ghinduction.com\/fr-fr\/wp-json\/wp\/v2\/types\/page"}],"author":[{"embeddable":true,"href":"https:\/\/ghinduction.com\/fr-fr\/wp-json\/wp\/v2\/users\/1"}],"replies":[{"embeddable":true,"href":"https:\/\/ghinduction.com\/fr-fr\/wp-json\/wp\/v2\/comments?post=24402"}],"version-history":[{"count":2,"href":"https:\/\/ghinduction.com\/fr-fr\/wp-json\/wp\/v2\/pages\/24402\/revisions"}],"predecessor-version":[{"id":65498,"href":"https:\/\/ghinduction.com\/fr-fr\/wp-json\/wp\/v2\/pages\/24402\/revisions\/65498"}],"up":[{"embeddable":true,"href":"https:\/\/ghinduction.com\/fr-fr\/wp-json\/wp\/v2\/pages\/24473"}],"wp:featuredmedia":[{"embeddable":true,"href":"https:\/\/ghinduction.com\/fr-fr\/wp-json\/wp\/v2\/media\/18269"}],"wp:attachment":[{"href":"https:\/\/ghinduction.com\/fr-fr\/wp-json\/wp\/v2\/media?parent=24402"}],"wp:term":[{"taxonomy":"industry","embeddable":true,"href":"https:\/\/ghinduction.com\/fr-fr\/wp-json\/wp\/v2\/industry?post=24402"},{"taxonomy":"processes","embeddable":true,"href":"https:\/\/ghinduction.com\/fr-fr\/wp-json\/wp\/v2\/processes?post=24402"},{"taxonomy":"solutions","embeddable":true,"href":"https:\/\/ghinduction.com\/fr-fr\/wp-json\/wp\/v2\/solutions?post=24402"}],"curies":[{"name":"wp","href":"https:\/\/api.w.org\/{rel}","templated":true}]}}