{"id":24458,"date":"2023-01-09T09:02:19","date_gmt":"2023-01-09T09:02:19","guid":{"rendered":"https:\/\/ghinduction.com\/services-apres-ventes\/"},"modified":"2025-05-23T07:49:58","modified_gmt":"2025-05-23T07:49:58","slug":"services-apres-ventes","status":"publish","type":"page","link":"https:\/\/ghinduction.com\/fr-fr\/produits-services\/services\/services-apres-ventes\/","title":{"rendered":"Services Apr\u00e8s-ventes"},"content":{"rendered":"","protected":false},"excerpt":{"rendered":"","protected":false},"author":1,"featured_media":0,"parent":31391,"menu_order":25,"comment_status":"closed","ping_status":"closed","template":"","meta":{"_acf_changed":false,"footnotes":""},"industry":[],"processes":[],"solutions":[],"class_list":["post-24458","page","type-page","status-publish","hentry"],"acf":[],"yoast_head":"<!-- This site is optimized with the Yoast SEO plugin v27.3 - https:\/\/yoast.com\/product\/yoast-seo-wordpress\/ -->\n<title>Services Apr\u00e8s-Ventes - GH Induction<\/title>\n<meta name=\"description\" content=\"L&#039;objectif de GH Care Services est de vous faciliter la vie lorsque vous commencez enfin \u00e0 travailler, en production, avec notre solution d&#039;induction.Nous pouvons vous aider dans les t\u00e2ches d&#039;exploitation et de maintenance en offrant des olutions pour maximiser la qualit\u00e9 de la production\/du processus et les r\u00e9sultats \u00e9conomiques.\" \/>\n<meta name=\"robots\" content=\"index, follow, max-snippet:-1, max-image-preview:large, max-video-preview:-1\" \/>\n<link rel=\"canonical\" href=\"https:\/\/ghinduction.com\/fr-fr\/produits-services\/services\/services-apres-ventes\/\" \/>\n<meta property=\"og:locale\" content=\"fr_FR\" \/>\n<meta property=\"og:type\" content=\"article\" \/>\n<meta property=\"og:title\" content=\"Services Apr\u00e8s-Ventes - GH Induction\" \/>\n<meta property=\"og:description\" content=\"L&#039;objectif de GH Care Services est de vous faciliter la vie lorsque vous commencez enfin \u00e0 travailler, en production, avec notre solution d&#039;induction.Nous pouvons vous aider dans les t\u00e2ches d&#039;exploitation et de maintenance en offrant des olutions pour maximiser la qualit\u00e9 de la production\/du processus et les r\u00e9sultats \u00e9conomiques.\" \/>\n<meta property=\"og:url\" content=\"https:\/\/ghinduction.com\/fr-fr\/produits-services\/services\/services-apres-ventes\/\" \/>\n<meta property=\"og:site_name\" content=\"GH Induction France\" \/>\n<meta property=\"article:publisher\" content=\"https:\/\/www.facebook.com\/ghinductionheating\" \/>\n<meta property=\"article:modified_time\" content=\"2025-05-23T07:49:58+00:00\" \/>\n<meta name=\"twitter:card\" content=\"summary_large_image\" \/>\n<script type=\"application\/ld+json\" class=\"yoast-schema-graph\">{\"@context\":\"https:\\\/\\\/schema.org\",\"@graph\":[{\"@type\":\"WebPage\",\"@id\":\"https:\\\/\\\/ghinduction.com\\\/fr-fr\\\/produits-services\\\/services\\\/services-apres-ventes\\\/\",\"url\":\"https:\\\/\\\/ghinduction.com\\\/fr-fr\\\/produits-services\\\/services\\\/services-apres-ventes\\\/\",\"name\":\"Services Apr\u00e8s-Ventes - GH Induction\",\"isPartOf\":{\"@id\":\"https:\\\/\\\/ghinduction.com\\\/fr-fr\\\/#website\"},\"datePublished\":\"2023-01-09T09:02:19+00:00\",\"dateModified\":\"2025-05-23T07:49:58+00:00\",\"description\":\"L'objectif de GH Care Services est de vous faciliter la vie lorsque vous commencez enfin \u00e0 travailler, en production, avec notre solution d'induction.Nous pouvons vous aider dans les t\u00e2ches d'exploitation et de maintenance en offrant des olutions pour maximiser la qualit\u00e9 de la production\\\/du processus et les r\u00e9sultats \u00e9conomiques.\",\"breadcrumb\":{\"@id\":\"https:\\\/\\\/ghinduction.com\\\/fr-fr\\\/produits-services\\\/services\\\/services-apres-ventes\\\/#breadcrumb\"},\"inLanguage\":\"fr-FR\",\"potentialAction\":[{\"@type\":\"ReadAction\",\"target\":[\"https:\\\/\\\/ghinduction.com\\\/fr-fr\\\/produits-services\\\/services\\\/services-apres-ventes\\\/\"]}]},{\"@type\":\"BreadcrumbList\",\"@id\":\"https:\\\/\\\/ghinduction.com\\\/fr-fr\\\/produits-services\\\/services\\\/services-apres-ventes\\\/#breadcrumb\",\"itemListElement\":[{\"@type\":\"ListItem\",\"position\":1,\"name\":\"Home\",\"item\":\"https:\\\/\\\/ghinduction.com\\\/fr-fr\\\/\"},{\"@type\":\"ListItem\",\"position\":2,\"name\":\"Produits et Services\",\"item\":\"https:\\\/\\\/ghinduction.com\\\/fr-fr\\\/produits-services\\\/\"},{\"@type\":\"ListItem\",\"position\":3,\"name\":\"Services clients\",\"item\":\"https:\\\/\\\/ghinduction.com\\\/fr-fr\\\/produits-services\\\/services\\\/\"},{\"@type\":\"ListItem\",\"position\":4,\"name\":\"Services Apr\u00e8s-ventes\"}]},{\"@type\":\"WebSite\",\"@id\":\"https:\\\/\\\/ghinduction.com\\\/fr-fr\\\/#website\",\"url\":\"https:\\\/\\\/ghinduction.com\\\/fr-fr\\\/\",\"name\":\"GH Induction - Experts in Induction Heat Treatment and Induction Heating\",\"description\":\"GH Induction offers advanced induction heat treatment and heating solutions for various industrial applications. With over 60 years of experience, our innovative systems ensure efficiency and quality across diverse sectors globally.\",\"publisher\":{\"@id\":\"https:\\\/\\\/ghinduction.com\\\/fr-fr\\\/#organization\"},\"alternateName\":\"GH Induction\",\"potentialAction\":[{\"@type\":\"SearchAction\",\"target\":{\"@type\":\"EntryPoint\",\"urlTemplate\":\"https:\\\/\\\/ghinduction.com\\\/fr-fr\\\/?s={search_term_string}\"},\"query-input\":{\"@type\":\"PropertyValueSpecification\",\"valueRequired\":true,\"valueName\":\"search_term_string\"}}],\"inLanguage\":\"fr-FR\"},{\"@type\":\"Organization\",\"@id\":\"https:\\\/\\\/ghinduction.com\\\/fr-fr\\\/#organization\",\"name\":\"GH Induction - Experts in Induction Heat Treatment and Induction Heating\",\"alternateName\":\"GH Induction\",\"url\":\"https:\\\/\\\/ghinduction.com\\\/fr-fr\\\/\",\"logo\":{\"@type\":\"ImageObject\",\"inLanguage\":\"fr-FR\",\"@id\":\"https:\\\/\\\/ghinduction.com\\\/fr-fr\\\/#\\\/schema\\\/logo\\\/image\\\/\",\"url\":\"https:\\\/\\\/ghinduction.com\\\/wp-content\\\/uploads\\\/2024\\\/05\\\/logo-gh-induction.png\",\"contentUrl\":\"https:\\\/\\\/ghinduction.com\\\/wp-content\\\/uploads\\\/2024\\\/05\\\/logo-gh-induction.png\",\"width\":225,\"height\":225,\"caption\":\"GH Induction - Experts in Induction Heat Treatment and Induction Heating\"},\"image\":{\"@id\":\"https:\\\/\\\/ghinduction.com\\\/fr-fr\\\/#\\\/schema\\\/logo\\\/image\\\/\"},\"sameAs\":[\"https:\\\/\\\/www.facebook.com\\\/ghinductionheating\",\"https:\\\/\\\/www.linkedin.com\\\/company\\\/gh-induction\\\/\",\"https:\\\/\\\/www.youtube.com\\\/user\\\/GhInduction\"]}]}<\/script>\n<!-- \/ Yoast SEO plugin. -->","yoast_head_json":{"title":"Services Apr\u00e8s-Ventes - GH Induction","description":"L'objectif de GH Care Services est de vous faciliter la vie lorsque vous commencez enfin \u00e0 travailler, en production, avec notre solution d'induction.Nous pouvons vous aider dans les t\u00e2ches d'exploitation et de maintenance en offrant des olutions pour maximiser la qualit\u00e9 de la production\/du processus et les r\u00e9sultats \u00e9conomiques.","robots":{"index":"index","follow":"follow","max-snippet":"max-snippet:-1","max-image-preview":"max-image-preview:large","max-video-preview":"max-video-preview:-1"},"canonical":"https:\/\/ghinduction.com\/fr-fr\/produits-services\/services\/services-apres-ventes\/","og_locale":"fr_FR","og_type":"article","og_title":"Services Apr\u00e8s-Ventes - GH Induction","og_description":"L'objectif de GH Care Services est de vous faciliter la vie lorsque vous commencez enfin \u00e0 travailler, en production, avec notre solution d'induction.Nous pouvons vous aider dans les t\u00e2ches d'exploitation et de maintenance en offrant des olutions pour maximiser la qualit\u00e9 de la production\/du processus et les r\u00e9sultats \u00e9conomiques.","og_url":"https:\/\/ghinduction.com\/fr-fr\/produits-services\/services\/services-apres-ventes\/","og_site_name":"GH Induction France","article_publisher":"https:\/\/www.facebook.com\/ghinductionheating","article_modified_time":"2025-05-23T07:49:58+00:00","twitter_card":"summary_large_image","schema":{"@context":"https:\/\/schema.org","@graph":[{"@type":"WebPage","@id":"https:\/\/ghinduction.com\/fr-fr\/produits-services\/services\/services-apres-ventes\/","url":"https:\/\/ghinduction.com\/fr-fr\/produits-services\/services\/services-apres-ventes\/","name":"Services Apr\u00e8s-Ventes - GH Induction","isPartOf":{"@id":"https:\/\/ghinduction.com\/fr-fr\/#website"},"datePublished":"2023-01-09T09:02:19+00:00","dateModified":"2025-05-23T07:49:58+00:00","description":"L'objectif de GH Care Services est de vous faciliter la vie lorsque vous commencez enfin \u00e0 travailler, en production, avec notre solution d'induction.Nous pouvons vous aider dans les t\u00e2ches d'exploitation et de maintenance en offrant des olutions pour maximiser la qualit\u00e9 de la production\/du processus et les r\u00e9sultats \u00e9conomiques.","breadcrumb":{"@id":"https:\/\/ghinduction.com\/fr-fr\/produits-services\/services\/services-apres-ventes\/#breadcrumb"},"inLanguage":"fr-FR","potentialAction":[{"@type":"ReadAction","target":["https:\/\/ghinduction.com\/fr-fr\/produits-services\/services\/services-apres-ventes\/"]}]},{"@type":"BreadcrumbList","@id":"https:\/\/ghinduction.com\/fr-fr\/produits-services\/services\/services-apres-ventes\/#breadcrumb","itemListElement":[{"@type":"ListItem","position":1,"name":"Home","item":"https:\/\/ghinduction.com\/fr-fr\/"},{"@type":"ListItem","position":2,"name":"Produits et Services","item":"https:\/\/ghinduction.com\/fr-fr\/produits-services\/"},{"@type":"ListItem","position":3,"name":"Services clients","item":"https:\/\/ghinduction.com\/fr-fr\/produits-services\/services\/"},{"@type":"ListItem","position":4,"name":"Services Apr\u00e8s-ventes"}]},{"@type":"WebSite","@id":"https:\/\/ghinduction.com\/fr-fr\/#website","url":"https:\/\/ghinduction.com\/fr-fr\/","name":"GH Induction - Experts in Induction Heat Treatment and Induction Heating","description":"GH Induction offers advanced induction heat treatment and heating solutions for various industrial applications. With over 60 years of experience, our innovative systems ensure efficiency and quality across diverse sectors globally.","publisher":{"@id":"https:\/\/ghinduction.com\/fr-fr\/#organization"},"alternateName":"GH Induction","potentialAction":[{"@type":"SearchAction","target":{"@type":"EntryPoint","urlTemplate":"https:\/\/ghinduction.com\/fr-fr\/?s={search_term_string}"},"query-input":{"@type":"PropertyValueSpecification","valueRequired":true,"valueName":"search_term_string"}}],"inLanguage":"fr-FR"},{"@type":"Organization","@id":"https:\/\/ghinduction.com\/fr-fr\/#organization","name":"GH Induction - Experts in Induction Heat Treatment and Induction Heating","alternateName":"GH Induction","url":"https:\/\/ghinduction.com\/fr-fr\/","logo":{"@type":"ImageObject","inLanguage":"fr-FR","@id":"https:\/\/ghinduction.com\/fr-fr\/#\/schema\/logo\/image\/","url":"https:\/\/ghinduction.com\/wp-content\/uploads\/2024\/05\/logo-gh-induction.png","contentUrl":"https:\/\/ghinduction.com\/wp-content\/uploads\/2024\/05\/logo-gh-induction.png","width":225,"height":225,"caption":"GH Induction - Experts in Induction Heat Treatment and Induction Heating"},"image":{"@id":"https:\/\/ghinduction.com\/fr-fr\/#\/schema\/logo\/image\/"},"sameAs":["https:\/\/www.facebook.com\/ghinductionheating","https:\/\/www.linkedin.com\/company\/gh-induction\/","https:\/\/www.youtube.com\/user\/GhInduction"]}]}},"_links":{"self":[{"href":"https:\/\/ghinduction.com\/fr-fr\/wp-json\/wp\/v2\/pages\/24458","targetHints":{"allow":["GET"]}}],"collection":[{"href":"https:\/\/ghinduction.com\/fr-fr\/wp-json\/wp\/v2\/pages"}],"about":[{"href":"https:\/\/ghinduction.com\/fr-fr\/wp-json\/wp\/v2\/types\/page"}],"author":[{"embeddable":true,"href":"https:\/\/ghinduction.com\/fr-fr\/wp-json\/wp\/v2\/users\/1"}],"replies":[{"embeddable":true,"href":"https:\/\/ghinduction.com\/fr-fr\/wp-json\/wp\/v2\/comments?post=24458"}],"version-history":[{"count":0,"href":"https:\/\/ghinduction.com\/fr-fr\/wp-json\/wp\/v2\/pages\/24458\/revisions"}],"up":[{"embeddable":true,"href":"https:\/\/ghinduction.com\/fr-fr\/wp-json\/wp\/v2\/pages\/31391"}],"wp:attachment":[{"href":"https:\/\/ghinduction.com\/fr-fr\/wp-json\/wp\/v2\/media?parent=24458"}],"wp:term":[{"taxonomy":"industry","embeddable":true,"href":"https:\/\/ghinduction.com\/fr-fr\/wp-json\/wp\/v2\/industry?post=24458"},{"taxonomy":"processes","embeddable":true,"href":"https:\/\/ghinduction.com\/fr-fr\/wp-json\/wp\/v2\/processes?post=24458"},{"taxonomy":"solutions","embeddable":true,"href":"https:\/\/ghinduction.com\/fr-fr\/wp-json\/wp\/v2\/solutions?post=24458"}],"curies":[{"name":"wp","href":"https:\/\/api.w.org\/{rel}","templated":true}]}}