{"id":25292,"date":"2023-01-09T09:02:39","date_gmt":"2023-01-09T09:02:39","guid":{"rendered":"https:\/\/ghinduction.com\/solutions\/industries\/outils-metalliques\/"},"modified":"2025-06-15T06:47:08","modified_gmt":"2025-06-15T06:47:08","slug":"outils-metalliques","status":"publish","type":"page","link":"https:\/\/ghinduction.com\/fr-fr\/solutions\/industries\/outils-metalliques\/","title":{"rendered":"Outils m\u00e9talliques"},"content":{"rendered":"","protected":false},"excerpt":{"rendered":"","protected":false},"author":1,"featured_media":0,"parent":24741,"menu_order":54,"comment_status":"closed","ping_status":"closed","template":"","meta":{"_acf_changed":false,"footnotes":""},"industry":[],"processes":[],"solutions":[],"class_list":["post-25292","page","type-page","status-publish","hentry"],"acf":[],"yoast_head":"<!-- This site is optimized with the Yoast SEO plugin v27.3 - https:\/\/yoast.com\/product\/yoast-seo-wordpress\/ -->\n<title>Solutions d&#039;induction pour les outils m\u00e9talliques - GH Induction<\/title>\n<meta name=\"description\" content=\"Diff\u00e9rents outils tels que pinces, tournevis, burins, cl\u00e9s, m\u00e8ches, marteaux, pelles, outils de jardin peuvent \u00eatre chauff\u00e9s par induction pour la trempe de pr\u00e9cision, le revenu, le durcissement, le forge ou tout autre proc\u00e9d\u00e9.\" \/>\n<meta name=\"robots\" content=\"index, follow, max-snippet:-1, max-image-preview:large, max-video-preview:-1\" \/>\n<link rel=\"canonical\" href=\"https:\/\/ghinduction.com\/fr-fr\/solutions\/industries\/outils-metalliques\/\" \/>\n<meta property=\"og:locale\" content=\"fr_FR\" \/>\n<meta property=\"og:type\" content=\"article\" \/>\n<meta property=\"og:title\" content=\"Solutions d&#039;induction pour les outils m\u00e9talliques - GH Induction\" \/>\n<meta property=\"og:description\" content=\"Diff\u00e9rents outils tels que pinces, tournevis, burins, cl\u00e9s, m\u00e8ches, marteaux, pelles, outils de jardin peuvent \u00eatre chauff\u00e9s par induction pour la trempe de pr\u00e9cision, le revenu, le durcissement, le forge ou tout autre proc\u00e9d\u00e9.\" \/>\n<meta property=\"og:url\" content=\"https:\/\/ghinduction.com\/fr-fr\/solutions\/industries\/outils-metalliques\/\" \/>\n<meta property=\"og:site_name\" content=\"GH Induction France\" \/>\n<meta property=\"article:publisher\" content=\"https:\/\/www.facebook.com\/ghinductionheating\" \/>\n<meta property=\"article:modified_time\" content=\"2025-06-15T06:47:08+00:00\" \/>\n<meta name=\"twitter:card\" content=\"summary_large_image\" \/>\n<script type=\"application\/ld+json\" class=\"yoast-schema-graph\">{\"@context\":\"https:\\\/\\\/schema.org\",\"@graph\":[{\"@type\":\"WebPage\",\"@id\":\"https:\\\/\\\/ghinduction.com\\\/fr-fr\\\/solutions\\\/industries\\\/outils-metalliques\\\/\",\"url\":\"https:\\\/\\\/ghinduction.com\\\/fr-fr\\\/solutions\\\/industries\\\/outils-metalliques\\\/\",\"name\":\"Solutions d'induction pour les outils m\u00e9talliques - GH Induction\",\"isPartOf\":{\"@id\":\"https:\\\/\\\/ghinduction.com\\\/fr-fr\\\/#website\"},\"datePublished\":\"2023-01-09T09:02:39+00:00\",\"dateModified\":\"2025-06-15T06:47:08+00:00\",\"description\":\"Diff\u00e9rents outils tels que pinces, tournevis, burins, cl\u00e9s, m\u00e8ches, marteaux, pelles, outils de jardin peuvent \u00eatre chauff\u00e9s par induction pour la trempe de pr\u00e9cision, le revenu, le durcissement, le forge ou tout autre proc\u00e9d\u00e9.\",\"breadcrumb\":{\"@id\":\"https:\\\/\\\/ghinduction.com\\\/fr-fr\\\/solutions\\\/industries\\\/outils-metalliques\\\/#breadcrumb\"},\"inLanguage\":\"fr-FR\",\"potentialAction\":[{\"@type\":\"ReadAction\",\"target\":[\"https:\\\/\\\/ghinduction.com\\\/fr-fr\\\/solutions\\\/industries\\\/outils-metalliques\\\/\"]}]},{\"@type\":\"BreadcrumbList\",\"@id\":\"https:\\\/\\\/ghinduction.com\\\/fr-fr\\\/solutions\\\/industries\\\/outils-metalliques\\\/#breadcrumb\",\"itemListElement\":[{\"@type\":\"ListItem\",\"position\":1,\"name\":\"Home\",\"item\":\"https:\\\/\\\/ghinduction.com\\\/fr-fr\\\/\"},{\"@type\":\"ListItem\",\"position\":2,\"name\":\"Solutions\",\"item\":\"https:\\\/\\\/ghinduction.com\\\/fr-fr\\\/solutions\\\/\"},{\"@type\":\"ListItem\",\"position\":3,\"name\":\"Industries\",\"item\":\"https:\\\/\\\/ghinduction.com\\\/fr-fr\\\/solutions\\\/industries\\\/\"},{\"@type\":\"ListItem\",\"position\":4,\"name\":\"Outils m\u00e9talliques\"}]},{\"@type\":\"WebSite\",\"@id\":\"https:\\\/\\\/ghinduction.com\\\/fr-fr\\\/#website\",\"url\":\"https:\\\/\\\/ghinduction.com\\\/fr-fr\\\/\",\"name\":\"GH Induction - Experts in Induction Heat Treatment and Induction Heating\",\"description\":\"GH Induction offers advanced induction heat treatment and heating solutions for various industrial applications. With over 60 years of experience, our innovative systems ensure efficiency and quality across diverse sectors globally.\",\"publisher\":{\"@id\":\"https:\\\/\\\/ghinduction.com\\\/fr-fr\\\/#organization\"},\"alternateName\":\"GH Induction\",\"potentialAction\":[{\"@type\":\"SearchAction\",\"target\":{\"@type\":\"EntryPoint\",\"urlTemplate\":\"https:\\\/\\\/ghinduction.com\\\/fr-fr\\\/?s={search_term_string}\"},\"query-input\":{\"@type\":\"PropertyValueSpecification\",\"valueRequired\":true,\"valueName\":\"search_term_string\"}}],\"inLanguage\":\"fr-FR\"},{\"@type\":\"Organization\",\"@id\":\"https:\\\/\\\/ghinduction.com\\\/fr-fr\\\/#organization\",\"name\":\"GH Induction - Experts in Induction Heat Treatment and Induction Heating\",\"alternateName\":\"GH Induction\",\"url\":\"https:\\\/\\\/ghinduction.com\\\/fr-fr\\\/\",\"logo\":{\"@type\":\"ImageObject\",\"inLanguage\":\"fr-FR\",\"@id\":\"https:\\\/\\\/ghinduction.com\\\/fr-fr\\\/#\\\/schema\\\/logo\\\/image\\\/\",\"url\":\"https:\\\/\\\/ghinduction.com\\\/wp-content\\\/uploads\\\/2024\\\/05\\\/logo-gh-induction.png\",\"contentUrl\":\"https:\\\/\\\/ghinduction.com\\\/wp-content\\\/uploads\\\/2024\\\/05\\\/logo-gh-induction.png\",\"width\":225,\"height\":225,\"caption\":\"GH Induction - Experts in Induction Heat Treatment and Induction Heating\"},\"image\":{\"@id\":\"https:\\\/\\\/ghinduction.com\\\/fr-fr\\\/#\\\/schema\\\/logo\\\/image\\\/\"},\"sameAs\":[\"https:\\\/\\\/www.facebook.com\\\/ghinductionheating\",\"https:\\\/\\\/www.linkedin.com\\\/company\\\/gh-induction\\\/\",\"https:\\\/\\\/www.youtube.com\\\/user\\\/GhInduction\"]}]}<\/script>\n<!-- \/ Yoast SEO plugin. -->","yoast_head_json":{"title":"Solutions d'induction pour les outils m\u00e9talliques - GH Induction","description":"Diff\u00e9rents outils tels que pinces, tournevis, burins, cl\u00e9s, m\u00e8ches, marteaux, pelles, outils de jardin peuvent \u00eatre chauff\u00e9s par induction pour la trempe de pr\u00e9cision, le revenu, le durcissement, le forge ou tout autre proc\u00e9d\u00e9.","robots":{"index":"index","follow":"follow","max-snippet":"max-snippet:-1","max-image-preview":"max-image-preview:large","max-video-preview":"max-video-preview:-1"},"canonical":"https:\/\/ghinduction.com\/fr-fr\/solutions\/industries\/outils-metalliques\/","og_locale":"fr_FR","og_type":"article","og_title":"Solutions d'induction pour les outils m\u00e9talliques - GH Induction","og_description":"Diff\u00e9rents outils tels que pinces, tournevis, burins, cl\u00e9s, m\u00e8ches, marteaux, pelles, outils de jardin peuvent \u00eatre chauff\u00e9s par induction pour la trempe de pr\u00e9cision, le revenu, le durcissement, le forge ou tout autre proc\u00e9d\u00e9.","og_url":"https:\/\/ghinduction.com\/fr-fr\/solutions\/industries\/outils-metalliques\/","og_site_name":"GH Induction France","article_publisher":"https:\/\/www.facebook.com\/ghinductionheating","article_modified_time":"2025-06-15T06:47:08+00:00","twitter_card":"summary_large_image","schema":{"@context":"https:\/\/schema.org","@graph":[{"@type":"WebPage","@id":"https:\/\/ghinduction.com\/fr-fr\/solutions\/industries\/outils-metalliques\/","url":"https:\/\/ghinduction.com\/fr-fr\/solutions\/industries\/outils-metalliques\/","name":"Solutions d'induction pour les outils m\u00e9talliques - GH Induction","isPartOf":{"@id":"https:\/\/ghinduction.com\/fr-fr\/#website"},"datePublished":"2023-01-09T09:02:39+00:00","dateModified":"2025-06-15T06:47:08+00:00","description":"Diff\u00e9rents outils tels que pinces, tournevis, burins, cl\u00e9s, m\u00e8ches, marteaux, pelles, outils de jardin peuvent \u00eatre chauff\u00e9s par induction pour la trempe de pr\u00e9cision, le revenu, le durcissement, le forge ou tout autre proc\u00e9d\u00e9.","breadcrumb":{"@id":"https:\/\/ghinduction.com\/fr-fr\/solutions\/industries\/outils-metalliques\/#breadcrumb"},"inLanguage":"fr-FR","potentialAction":[{"@type":"ReadAction","target":["https:\/\/ghinduction.com\/fr-fr\/solutions\/industries\/outils-metalliques\/"]}]},{"@type":"BreadcrumbList","@id":"https:\/\/ghinduction.com\/fr-fr\/solutions\/industries\/outils-metalliques\/#breadcrumb","itemListElement":[{"@type":"ListItem","position":1,"name":"Home","item":"https:\/\/ghinduction.com\/fr-fr\/"},{"@type":"ListItem","position":2,"name":"Solutions","item":"https:\/\/ghinduction.com\/fr-fr\/solutions\/"},{"@type":"ListItem","position":3,"name":"Industries","item":"https:\/\/ghinduction.com\/fr-fr\/solutions\/industries\/"},{"@type":"ListItem","position":4,"name":"Outils m\u00e9talliques"}]},{"@type":"WebSite","@id":"https:\/\/ghinduction.com\/fr-fr\/#website","url":"https:\/\/ghinduction.com\/fr-fr\/","name":"GH Induction - Experts in Induction Heat Treatment and Induction Heating","description":"GH Induction offers advanced induction heat treatment and heating solutions for various industrial applications. With over 60 years of experience, our innovative systems ensure efficiency and quality across diverse sectors globally.","publisher":{"@id":"https:\/\/ghinduction.com\/fr-fr\/#organization"},"alternateName":"GH Induction","potentialAction":[{"@type":"SearchAction","target":{"@type":"EntryPoint","urlTemplate":"https:\/\/ghinduction.com\/fr-fr\/?s={search_term_string}"},"query-input":{"@type":"PropertyValueSpecification","valueRequired":true,"valueName":"search_term_string"}}],"inLanguage":"fr-FR"},{"@type":"Organization","@id":"https:\/\/ghinduction.com\/fr-fr\/#organization","name":"GH Induction - Experts in Induction Heat Treatment and Induction Heating","alternateName":"GH Induction","url":"https:\/\/ghinduction.com\/fr-fr\/","logo":{"@type":"ImageObject","inLanguage":"fr-FR","@id":"https:\/\/ghinduction.com\/fr-fr\/#\/schema\/logo\/image\/","url":"https:\/\/ghinduction.com\/wp-content\/uploads\/2024\/05\/logo-gh-induction.png","contentUrl":"https:\/\/ghinduction.com\/wp-content\/uploads\/2024\/05\/logo-gh-induction.png","width":225,"height":225,"caption":"GH Induction - Experts in Induction Heat Treatment and Induction Heating"},"image":{"@id":"https:\/\/ghinduction.com\/fr-fr\/#\/schema\/logo\/image\/"},"sameAs":["https:\/\/www.facebook.com\/ghinductionheating","https:\/\/www.linkedin.com\/company\/gh-induction\/","https:\/\/www.youtube.com\/user\/GhInduction"]}]}},"_links":{"self":[{"href":"https:\/\/ghinduction.com\/fr-fr\/wp-json\/wp\/v2\/pages\/25292","targetHints":{"allow":["GET"]}}],"collection":[{"href":"https:\/\/ghinduction.com\/fr-fr\/wp-json\/wp\/v2\/pages"}],"about":[{"href":"https:\/\/ghinduction.com\/fr-fr\/wp-json\/wp\/v2\/types\/page"}],"author":[{"embeddable":true,"href":"https:\/\/ghinduction.com\/fr-fr\/wp-json\/wp\/v2\/users\/1"}],"replies":[{"embeddable":true,"href":"https:\/\/ghinduction.com\/fr-fr\/wp-json\/wp\/v2\/comments?post=25292"}],"version-history":[{"count":1,"href":"https:\/\/ghinduction.com\/fr-fr\/wp-json\/wp\/v2\/pages\/25292\/revisions"}],"predecessor-version":[{"id":61829,"href":"https:\/\/ghinduction.com\/fr-fr\/wp-json\/wp\/v2\/pages\/25292\/revisions\/61829"}],"up":[{"embeddable":true,"href":"https:\/\/ghinduction.com\/fr-fr\/wp-json\/wp\/v2\/pages\/24741"}],"wp:attachment":[{"href":"https:\/\/ghinduction.com\/fr-fr\/wp-json\/wp\/v2\/media?parent=25292"}],"wp:term":[{"taxonomy":"industry","embeddable":true,"href":"https:\/\/ghinduction.com\/fr-fr\/wp-json\/wp\/v2\/industry?post=25292"},{"taxonomy":"processes","embeddable":true,"href":"https:\/\/ghinduction.com\/fr-fr\/wp-json\/wp\/v2\/processes?post=25292"},{"taxonomy":"solutions","embeddable":true,"href":"https:\/\/ghinduction.com\/fr-fr\/wp-json\/wp\/v2\/solutions?post=25292"}],"curies":[{"name":"wp","href":"https:\/\/api.w.org\/{rel}","templated":true}]}}