{"id":31391,"date":"2023-01-09T09:02:07","date_gmt":"2023-01-09T09:02:07","guid":{"rendered":"https:\/\/ghinduction.com\/produits-services\/services\/"},"modified":"2026-02-26T15:09:14","modified_gmt":"2026-02-26T15:09:14","slug":"services","status":"publish","type":"page","link":"https:\/\/ghinduction.com\/fr-fr\/produits-services\/services\/","title":{"rendered":"Services clients"},"content":{"rendered":"","protected":false},"excerpt":{"rendered":"","protected":false},"author":1,"featured_media":0,"parent":24437,"menu_order":9,"comment_status":"closed","ping_status":"closed","template":"","meta":{"_acf_changed":false,"footnotes":""},"industry":[],"processes":[],"solutions":[],"class_list":["post-31391","page","type-page","status-publish","hentry"],"acf":[],"yoast_head":"<!-- This site is optimized with the Yoast SEO plugin v27.3 - https:\/\/yoast.com\/product\/yoast-seo-wordpress\/ -->\n<title>Services \u00e0 la client\u00e8le - GH Induction<\/title>\n<meta name=\"description\" content=\"Nous couvrons tous vos besoins durant les diff\u00e9rentes phases de votre projet, de l&#039;achat \u00e0 la production, en passant par les \u00e9tapes suivantes, afin de maximiser la rentabilit\u00e9 de votre investissement.\" \/>\n<meta name=\"robots\" content=\"index, follow, max-snippet:-1, max-image-preview:large, max-video-preview:-1\" \/>\n<link rel=\"canonical\" href=\"https:\/\/ghinduction.com\/fr-fr\/produits-services\/services\/\" \/>\n<meta property=\"og:locale\" content=\"fr_FR\" \/>\n<meta property=\"og:type\" content=\"article\" \/>\n<meta property=\"og:title\" content=\"Services \u00e0 la client\u00e8le - GH Induction\" \/>\n<meta property=\"og:description\" content=\"Nous couvrons tous vos besoins durant les diff\u00e9rentes phases de votre projet, de l&#039;achat \u00e0 la production, en passant par les \u00e9tapes suivantes, afin de maximiser la rentabilit\u00e9 de votre investissement.\" \/>\n<meta property=\"og:url\" content=\"https:\/\/ghinduction.com\/fr-fr\/produits-services\/services\/\" \/>\n<meta property=\"og:site_name\" content=\"GH Induction France\" \/>\n<meta property=\"article:publisher\" content=\"https:\/\/www.facebook.com\/ghinductionheating\" \/>\n<meta property=\"article:modified_time\" content=\"2026-02-26T15:09:14+00:00\" \/>\n<meta name=\"twitter:card\" content=\"summary_large_image\" \/>\n<script type=\"application\/ld+json\" class=\"yoast-schema-graph\">{\"@context\":\"https:\\\/\\\/schema.org\",\"@graph\":[{\"@type\":\"WebPage\",\"@id\":\"https:\\\/\\\/ghinduction.com\\\/fr-fr\\\/produits-services\\\/services\\\/\",\"url\":\"https:\\\/\\\/ghinduction.com\\\/fr-fr\\\/produits-services\\\/services\\\/\",\"name\":\"Services \u00e0 la client\u00e8le - GH Induction\",\"isPartOf\":{\"@id\":\"https:\\\/\\\/ghinduction.com\\\/fr-fr\\\/#website\"},\"datePublished\":\"2023-01-09T09:02:07+00:00\",\"dateModified\":\"2026-02-26T15:09:14+00:00\",\"description\":\"Nous couvrons tous vos besoins durant les diff\u00e9rentes phases de votre projet, de l'achat \u00e0 la production, en passant par les \u00e9tapes suivantes, afin de maximiser la rentabilit\u00e9 de votre investissement.\",\"breadcrumb\":{\"@id\":\"https:\\\/\\\/ghinduction.com\\\/fr-fr\\\/produits-services\\\/services\\\/#breadcrumb\"},\"inLanguage\":\"fr-FR\",\"potentialAction\":[{\"@type\":\"ReadAction\",\"target\":[\"https:\\\/\\\/ghinduction.com\\\/fr-fr\\\/produits-services\\\/services\\\/\"]}]},{\"@type\":\"BreadcrumbList\",\"@id\":\"https:\\\/\\\/ghinduction.com\\\/fr-fr\\\/produits-services\\\/services\\\/#breadcrumb\",\"itemListElement\":[{\"@type\":\"ListItem\",\"position\":1,\"name\":\"Home\",\"item\":\"https:\\\/\\\/ghinduction.com\\\/fr-fr\\\/\"},{\"@type\":\"ListItem\",\"position\":2,\"name\":\"Produits et Services\",\"item\":\"https:\\\/\\\/ghinduction.com\\\/fr-fr\\\/produits-services\\\/\"},{\"@type\":\"ListItem\",\"position\":3,\"name\":\"Services clients\"}]},{\"@type\":\"WebSite\",\"@id\":\"https:\\\/\\\/ghinduction.com\\\/fr-fr\\\/#website\",\"url\":\"https:\\\/\\\/ghinduction.com\\\/fr-fr\\\/\",\"name\":\"GH Induction - Experts in Induction Heat Treatment and Induction Heating\",\"description\":\"GH Induction offers advanced induction heat treatment and heating solutions for various industrial applications. With over 60 years of experience, our innovative systems ensure efficiency and quality across diverse sectors globally.\",\"publisher\":{\"@id\":\"https:\\\/\\\/ghinduction.com\\\/fr-fr\\\/#organization\"},\"alternateName\":\"GH Induction\",\"potentialAction\":[{\"@type\":\"SearchAction\",\"target\":{\"@type\":\"EntryPoint\",\"urlTemplate\":\"https:\\\/\\\/ghinduction.com\\\/fr-fr\\\/?s={search_term_string}\"},\"query-input\":{\"@type\":\"PropertyValueSpecification\",\"valueRequired\":true,\"valueName\":\"search_term_string\"}}],\"inLanguage\":\"fr-FR\"},{\"@type\":\"Organization\",\"@id\":\"https:\\\/\\\/ghinduction.com\\\/fr-fr\\\/#organization\",\"name\":\"GH Induction - Experts in Induction Heat Treatment and Induction Heating\",\"alternateName\":\"GH Induction\",\"url\":\"https:\\\/\\\/ghinduction.com\\\/fr-fr\\\/\",\"logo\":{\"@type\":\"ImageObject\",\"inLanguage\":\"fr-FR\",\"@id\":\"https:\\\/\\\/ghinduction.com\\\/fr-fr\\\/#\\\/schema\\\/logo\\\/image\\\/\",\"url\":\"https:\\\/\\\/ghinduction.com\\\/wp-content\\\/uploads\\\/2024\\\/05\\\/logo-gh-induction.png\",\"contentUrl\":\"https:\\\/\\\/ghinduction.com\\\/wp-content\\\/uploads\\\/2024\\\/05\\\/logo-gh-induction.png\",\"width\":225,\"height\":225,\"caption\":\"GH Induction - Experts in Induction Heat Treatment and Induction Heating\"},\"image\":{\"@id\":\"https:\\\/\\\/ghinduction.com\\\/fr-fr\\\/#\\\/schema\\\/logo\\\/image\\\/\"},\"sameAs\":[\"https:\\\/\\\/www.facebook.com\\\/ghinductionheating\",\"https:\\\/\\\/www.linkedin.com\\\/company\\\/gh-induction\\\/\",\"https:\\\/\\\/www.youtube.com\\\/user\\\/GhInduction\"]}]}<\/script>\n<!-- \/ Yoast SEO plugin. -->","yoast_head_json":{"title":"Services \u00e0 la client\u00e8le - GH Induction","description":"Nous couvrons tous vos besoins durant les diff\u00e9rentes phases de votre projet, de l'achat \u00e0 la production, en passant par les \u00e9tapes suivantes, afin de maximiser la rentabilit\u00e9 de votre investissement.","robots":{"index":"index","follow":"follow","max-snippet":"max-snippet:-1","max-image-preview":"max-image-preview:large","max-video-preview":"max-video-preview:-1"},"canonical":"https:\/\/ghinduction.com\/fr-fr\/produits-services\/services\/","og_locale":"fr_FR","og_type":"article","og_title":"Services \u00e0 la client\u00e8le - GH Induction","og_description":"Nous couvrons tous vos besoins durant les diff\u00e9rentes phases de votre projet, de l'achat \u00e0 la production, en passant par les \u00e9tapes suivantes, afin de maximiser la rentabilit\u00e9 de votre investissement.","og_url":"https:\/\/ghinduction.com\/fr-fr\/produits-services\/services\/","og_site_name":"GH Induction France","article_publisher":"https:\/\/www.facebook.com\/ghinductionheating","article_modified_time":"2026-02-26T15:09:14+00:00","twitter_card":"summary_large_image","schema":{"@context":"https:\/\/schema.org","@graph":[{"@type":"WebPage","@id":"https:\/\/ghinduction.com\/fr-fr\/produits-services\/services\/","url":"https:\/\/ghinduction.com\/fr-fr\/produits-services\/services\/","name":"Services \u00e0 la client\u00e8le - GH Induction","isPartOf":{"@id":"https:\/\/ghinduction.com\/fr-fr\/#website"},"datePublished":"2023-01-09T09:02:07+00:00","dateModified":"2026-02-26T15:09:14+00:00","description":"Nous couvrons tous vos besoins durant les diff\u00e9rentes phases de votre projet, de l'achat \u00e0 la production, en passant par les \u00e9tapes suivantes, afin de maximiser la rentabilit\u00e9 de votre investissement.","breadcrumb":{"@id":"https:\/\/ghinduction.com\/fr-fr\/produits-services\/services\/#breadcrumb"},"inLanguage":"fr-FR","potentialAction":[{"@type":"ReadAction","target":["https:\/\/ghinduction.com\/fr-fr\/produits-services\/services\/"]}]},{"@type":"BreadcrumbList","@id":"https:\/\/ghinduction.com\/fr-fr\/produits-services\/services\/#breadcrumb","itemListElement":[{"@type":"ListItem","position":1,"name":"Home","item":"https:\/\/ghinduction.com\/fr-fr\/"},{"@type":"ListItem","position":2,"name":"Produits et Services","item":"https:\/\/ghinduction.com\/fr-fr\/produits-services\/"},{"@type":"ListItem","position":3,"name":"Services clients"}]},{"@type":"WebSite","@id":"https:\/\/ghinduction.com\/fr-fr\/#website","url":"https:\/\/ghinduction.com\/fr-fr\/","name":"GH Induction - Experts in Induction Heat Treatment and Induction Heating","description":"GH Induction offers advanced induction heat treatment and heating solutions for various industrial applications. With over 60 years of experience, our innovative systems ensure efficiency and quality across diverse sectors globally.","publisher":{"@id":"https:\/\/ghinduction.com\/fr-fr\/#organization"},"alternateName":"GH Induction","potentialAction":[{"@type":"SearchAction","target":{"@type":"EntryPoint","urlTemplate":"https:\/\/ghinduction.com\/fr-fr\/?s={search_term_string}"},"query-input":{"@type":"PropertyValueSpecification","valueRequired":true,"valueName":"search_term_string"}}],"inLanguage":"fr-FR"},{"@type":"Organization","@id":"https:\/\/ghinduction.com\/fr-fr\/#organization","name":"GH Induction - Experts in Induction Heat Treatment and Induction Heating","alternateName":"GH Induction","url":"https:\/\/ghinduction.com\/fr-fr\/","logo":{"@type":"ImageObject","inLanguage":"fr-FR","@id":"https:\/\/ghinduction.com\/fr-fr\/#\/schema\/logo\/image\/","url":"https:\/\/ghinduction.com\/wp-content\/uploads\/2024\/05\/logo-gh-induction.png","contentUrl":"https:\/\/ghinduction.com\/wp-content\/uploads\/2024\/05\/logo-gh-induction.png","width":225,"height":225,"caption":"GH Induction - Experts in Induction Heat Treatment and Induction Heating"},"image":{"@id":"https:\/\/ghinduction.com\/fr-fr\/#\/schema\/logo\/image\/"},"sameAs":["https:\/\/www.facebook.com\/ghinductionheating","https:\/\/www.linkedin.com\/company\/gh-induction\/","https:\/\/www.youtube.com\/user\/GhInduction"]}]}},"_links":{"self":[{"href":"https:\/\/ghinduction.com\/fr-fr\/wp-json\/wp\/v2\/pages\/31391","targetHints":{"allow":["GET"]}}],"collection":[{"href":"https:\/\/ghinduction.com\/fr-fr\/wp-json\/wp\/v2\/pages"}],"about":[{"href":"https:\/\/ghinduction.com\/fr-fr\/wp-json\/wp\/v2\/types\/page"}],"author":[{"embeddable":true,"href":"https:\/\/ghinduction.com\/fr-fr\/wp-json\/wp\/v2\/users\/1"}],"replies":[{"embeddable":true,"href":"https:\/\/ghinduction.com\/fr-fr\/wp-json\/wp\/v2\/comments?post=31391"}],"version-history":[{"count":1,"href":"https:\/\/ghinduction.com\/fr-fr\/wp-json\/wp\/v2\/pages\/31391\/revisions"}],"predecessor-version":[{"id":66487,"href":"https:\/\/ghinduction.com\/fr-fr\/wp-json\/wp\/v2\/pages\/31391\/revisions\/66487"}],"up":[{"embeddable":true,"href":"https:\/\/ghinduction.com\/fr-fr\/wp-json\/wp\/v2\/pages\/24437"}],"wp:attachment":[{"href":"https:\/\/ghinduction.com\/fr-fr\/wp-json\/wp\/v2\/media?parent=31391"}],"wp:term":[{"taxonomy":"industry","embeddable":true,"href":"https:\/\/ghinduction.com\/fr-fr\/wp-json\/wp\/v2\/industry?post=31391"},{"taxonomy":"processes","embeddable":true,"href":"https:\/\/ghinduction.com\/fr-fr\/wp-json\/wp\/v2\/processes?post=31391"},{"taxonomy":"solutions","embeddable":true,"href":"https:\/\/ghinduction.com\/fr-fr\/wp-json\/wp\/v2\/solutions?post=31391"}],"curies":[{"name":"wp","href":"https:\/\/api.w.org\/{rel}","templated":true}]}}