{"id":31395,"date":"2024-01-09T10:49:09","date_gmt":"2024-01-09T10:49:09","guid":{"rendered":"https:\/\/ghinduction.com\/produits-services\/inducteurs\/induction-process-monitoring-ipm4-0\/"},"modified":"2026-02-27T11:20:33","modified_gmt":"2026-02-27T11:20:33","slug":"induction-process-monitoring-ipm4-0","status":"publish","type":"page","link":"https:\/\/ghinduction.com\/fr-fr\/produits-services\/inducteurs\/induction-process-monitoring-ipm4-0\/","title":{"rendered":"Induction Process Monitoring, IPM4.0"},"content":{"rendered":"","protected":false},"excerpt":{"rendered":"","protected":false},"author":4,"featured_media":0,"parent":31382,"menu_order":0,"comment_status":"closed","ping_status":"closed","template":"","meta":{"_acf_changed":false,"footnotes":""},"industry":[],"processes":[],"solutions":[],"class_list":["post-31395","page","type-page","status-publish","hentry"],"acf":[],"yoast_head":"<!-- This site is optimized with the Yoast SEO plugin v27.3 - https:\/\/yoast.com\/product\/yoast-seo-wordpress\/ -->\n<title>Syst\u00e8me de suivi de processus et de tra\u00e7abilit\u00e9 de l&#039;induction | GH Induction<\/title>\n<meta name=\"description\" content=\"IPM 4.0 est une solution logicielle qui aide les fabricants \u00e0 surveiller le processus de chauffe par induction en temps r\u00e9el. IPM surveille en temps r\u00e9el les principaux param\u00e8tres li\u00e9s \u00e0 la qualit\u00e9 de la pi\u00e8ce. Il est utilis\u00e9 pour la trempe, le revenu, le brasage ou toute autre application discontinue.\" \/>\n<meta name=\"robots\" content=\"index, follow, max-snippet:-1, max-image-preview:large, max-video-preview:-1\" \/>\n<link rel=\"canonical\" href=\"https:\/\/ghinduction.com\/fr-fr\/produits-services\/inducteurs\/induction-process-monitoring-ipm4-0\/\" \/>\n<meta property=\"og:locale\" content=\"fr_FR\" \/>\n<meta property=\"og:type\" content=\"article\" \/>\n<meta property=\"og:title\" content=\"Syst\u00e8me de suivi de processus et de tra\u00e7abilit\u00e9 de l&#039;induction | GH Induction\" \/>\n<meta property=\"og:description\" content=\"IPM 4.0 est une solution logicielle qui aide les fabricants \u00e0 surveiller le processus de chauffe par induction en temps r\u00e9el. IPM surveille en temps r\u00e9el les principaux param\u00e8tres li\u00e9s \u00e0 la qualit\u00e9 de la pi\u00e8ce. Il est utilis\u00e9 pour la trempe, le revenu, le brasage ou toute autre application discontinue.\" \/>\n<meta property=\"og:url\" content=\"https:\/\/ghinduction.com\/fr-fr\/produits-services\/inducteurs\/induction-process-monitoring-ipm4-0\/\" \/>\n<meta property=\"og:site_name\" content=\"GH Induction France\" \/>\n<meta property=\"article:publisher\" content=\"https:\/\/www.facebook.com\/ghinductionheating\" \/>\n<meta property=\"article:modified_time\" content=\"2026-02-27T11:20:33+00:00\" \/>\n<meta name=\"twitter:card\" content=\"summary_large_image\" \/>\n<script type=\"application\/ld+json\" class=\"yoast-schema-graph\">{\"@context\":\"https:\\\/\\\/schema.org\",\"@graph\":[{\"@type\":\"WebPage\",\"@id\":\"https:\\\/\\\/ghinduction.com\\\/fr-fr\\\/produits-services\\\/inducteurs\\\/induction-process-monitoring-ipm4-0\\\/\",\"url\":\"https:\\\/\\\/ghinduction.com\\\/fr-fr\\\/produits-services\\\/inducteurs\\\/induction-process-monitoring-ipm4-0\\\/\",\"name\":\"Syst\u00e8me de suivi de processus et de tra\u00e7abilit\u00e9 de l'induction | GH Induction\",\"isPartOf\":{\"@id\":\"https:\\\/\\\/ghinduction.com\\\/fr-fr\\\/#website\"},\"datePublished\":\"2024-01-09T10:49:09+00:00\",\"dateModified\":\"2026-02-27T11:20:33+00:00\",\"description\":\"IPM 4.0 est une solution logicielle qui aide les fabricants \u00e0 surveiller le processus de chauffe par induction en temps r\u00e9el. IPM surveille en temps r\u00e9el les principaux param\u00e8tres li\u00e9s \u00e0 la qualit\u00e9 de la pi\u00e8ce. Il est utilis\u00e9 pour la trempe, le revenu, le brasage ou toute autre application discontinue.\",\"breadcrumb\":{\"@id\":\"https:\\\/\\\/ghinduction.com\\\/fr-fr\\\/produits-services\\\/inducteurs\\\/induction-process-monitoring-ipm4-0\\\/#breadcrumb\"},\"inLanguage\":\"fr-FR\",\"potentialAction\":[{\"@type\":\"ReadAction\",\"target\":[\"https:\\\/\\\/ghinduction.com\\\/fr-fr\\\/produits-services\\\/inducteurs\\\/induction-process-monitoring-ipm4-0\\\/\"]}]},{\"@type\":\"BreadcrumbList\",\"@id\":\"https:\\\/\\\/ghinduction.com\\\/fr-fr\\\/produits-services\\\/inducteurs\\\/induction-process-monitoring-ipm4-0\\\/#breadcrumb\",\"itemListElement\":[{\"@type\":\"ListItem\",\"position\":1,\"name\":\"Home\",\"item\":\"https:\\\/\\\/ghinduction.com\\\/fr-fr\\\/\"},{\"@type\":\"ListItem\",\"position\":2,\"name\":\"Produits et Services\",\"item\":\"https:\\\/\\\/ghinduction.com\\\/fr-fr\\\/produits-services\\\/\"},{\"@type\":\"ListItem\",\"position\":3,\"name\":\"Inducteurs\",\"item\":\"https:\\\/\\\/ghinduction.com\\\/fr-fr\\\/produits-services\\\/inducteurs\\\/\"},{\"@type\":\"ListItem\",\"position\":4,\"name\":\"Induction Process Monitoring, IPM4.0\"}]},{\"@type\":\"WebSite\",\"@id\":\"https:\\\/\\\/ghinduction.com\\\/fr-fr\\\/#website\",\"url\":\"https:\\\/\\\/ghinduction.com\\\/fr-fr\\\/\",\"name\":\"GH Induction - Experts in Induction Heat Treatment and Induction Heating\",\"description\":\"GH Induction offers advanced induction heat treatment and heating solutions for various industrial applications. With over 60 years of experience, our innovative systems ensure efficiency and quality across diverse sectors globally.\",\"publisher\":{\"@id\":\"https:\\\/\\\/ghinduction.com\\\/fr-fr\\\/#organization\"},\"alternateName\":\"GH Induction\",\"potentialAction\":[{\"@type\":\"SearchAction\",\"target\":{\"@type\":\"EntryPoint\",\"urlTemplate\":\"https:\\\/\\\/ghinduction.com\\\/fr-fr\\\/?s={search_term_string}\"},\"query-input\":{\"@type\":\"PropertyValueSpecification\",\"valueRequired\":true,\"valueName\":\"search_term_string\"}}],\"inLanguage\":\"fr-FR\"},{\"@type\":\"Organization\",\"@id\":\"https:\\\/\\\/ghinduction.com\\\/fr-fr\\\/#organization\",\"name\":\"GH Induction - Experts in Induction Heat Treatment and Induction Heating\",\"alternateName\":\"GH Induction\",\"url\":\"https:\\\/\\\/ghinduction.com\\\/fr-fr\\\/\",\"logo\":{\"@type\":\"ImageObject\",\"inLanguage\":\"fr-FR\",\"@id\":\"https:\\\/\\\/ghinduction.com\\\/fr-fr\\\/#\\\/schema\\\/logo\\\/image\\\/\",\"url\":\"https:\\\/\\\/ghinduction.com\\\/wp-content\\\/uploads\\\/2024\\\/05\\\/logo-gh-induction.png\",\"contentUrl\":\"https:\\\/\\\/ghinduction.com\\\/wp-content\\\/uploads\\\/2024\\\/05\\\/logo-gh-induction.png\",\"width\":225,\"height\":225,\"caption\":\"GH Induction - Experts in Induction Heat Treatment and Induction Heating\"},\"image\":{\"@id\":\"https:\\\/\\\/ghinduction.com\\\/fr-fr\\\/#\\\/schema\\\/logo\\\/image\\\/\"},\"sameAs\":[\"https:\\\/\\\/www.facebook.com\\\/ghinductionheating\",\"https:\\\/\\\/www.linkedin.com\\\/company\\\/gh-induction\\\/\",\"https:\\\/\\\/www.youtube.com\\\/user\\\/GhInduction\"]}]}<\/script>\n<!-- \/ Yoast SEO plugin. -->","yoast_head_json":{"title":"Syst\u00e8me de suivi de processus et de tra\u00e7abilit\u00e9 de l'induction | GH Induction","description":"IPM 4.0 est une solution logicielle qui aide les fabricants \u00e0 surveiller le processus de chauffe par induction en temps r\u00e9el. IPM surveille en temps r\u00e9el les principaux param\u00e8tres li\u00e9s \u00e0 la qualit\u00e9 de la pi\u00e8ce. Il est utilis\u00e9 pour la trempe, le revenu, le brasage ou toute autre application discontinue.","robots":{"index":"index","follow":"follow","max-snippet":"max-snippet:-1","max-image-preview":"max-image-preview:large","max-video-preview":"max-video-preview:-1"},"canonical":"https:\/\/ghinduction.com\/fr-fr\/produits-services\/inducteurs\/induction-process-monitoring-ipm4-0\/","og_locale":"fr_FR","og_type":"article","og_title":"Syst\u00e8me de suivi de processus et de tra\u00e7abilit\u00e9 de l'induction | GH Induction","og_description":"IPM 4.0 est une solution logicielle qui aide les fabricants \u00e0 surveiller le processus de chauffe par induction en temps r\u00e9el. IPM surveille en temps r\u00e9el les principaux param\u00e8tres li\u00e9s \u00e0 la qualit\u00e9 de la pi\u00e8ce. Il est utilis\u00e9 pour la trempe, le revenu, le brasage ou toute autre application discontinue.","og_url":"https:\/\/ghinduction.com\/fr-fr\/produits-services\/inducteurs\/induction-process-monitoring-ipm4-0\/","og_site_name":"GH Induction France","article_publisher":"https:\/\/www.facebook.com\/ghinductionheating","article_modified_time":"2026-02-27T11:20:33+00:00","twitter_card":"summary_large_image","schema":{"@context":"https:\/\/schema.org","@graph":[{"@type":"WebPage","@id":"https:\/\/ghinduction.com\/fr-fr\/produits-services\/inducteurs\/induction-process-monitoring-ipm4-0\/","url":"https:\/\/ghinduction.com\/fr-fr\/produits-services\/inducteurs\/induction-process-monitoring-ipm4-0\/","name":"Syst\u00e8me de suivi de processus et de tra\u00e7abilit\u00e9 de l'induction | GH Induction","isPartOf":{"@id":"https:\/\/ghinduction.com\/fr-fr\/#website"},"datePublished":"2024-01-09T10:49:09+00:00","dateModified":"2026-02-27T11:20:33+00:00","description":"IPM 4.0 est une solution logicielle qui aide les fabricants \u00e0 surveiller le processus de chauffe par induction en temps r\u00e9el. IPM surveille en temps r\u00e9el les principaux param\u00e8tres li\u00e9s \u00e0 la qualit\u00e9 de la pi\u00e8ce. Il est utilis\u00e9 pour la trempe, le revenu, le brasage ou toute autre application discontinue.","breadcrumb":{"@id":"https:\/\/ghinduction.com\/fr-fr\/produits-services\/inducteurs\/induction-process-monitoring-ipm4-0\/#breadcrumb"},"inLanguage":"fr-FR","potentialAction":[{"@type":"ReadAction","target":["https:\/\/ghinduction.com\/fr-fr\/produits-services\/inducteurs\/induction-process-monitoring-ipm4-0\/"]}]},{"@type":"BreadcrumbList","@id":"https:\/\/ghinduction.com\/fr-fr\/produits-services\/inducteurs\/induction-process-monitoring-ipm4-0\/#breadcrumb","itemListElement":[{"@type":"ListItem","position":1,"name":"Home","item":"https:\/\/ghinduction.com\/fr-fr\/"},{"@type":"ListItem","position":2,"name":"Produits et Services","item":"https:\/\/ghinduction.com\/fr-fr\/produits-services\/"},{"@type":"ListItem","position":3,"name":"Inducteurs","item":"https:\/\/ghinduction.com\/fr-fr\/produits-services\/inducteurs\/"},{"@type":"ListItem","position":4,"name":"Induction Process Monitoring, IPM4.0"}]},{"@type":"WebSite","@id":"https:\/\/ghinduction.com\/fr-fr\/#website","url":"https:\/\/ghinduction.com\/fr-fr\/","name":"GH Induction - Experts in Induction Heat Treatment and Induction Heating","description":"GH Induction offers advanced induction heat treatment and heating solutions for various industrial applications. With over 60 years of experience, our innovative systems ensure efficiency and quality across diverse sectors globally.","publisher":{"@id":"https:\/\/ghinduction.com\/fr-fr\/#organization"},"alternateName":"GH Induction","potentialAction":[{"@type":"SearchAction","target":{"@type":"EntryPoint","urlTemplate":"https:\/\/ghinduction.com\/fr-fr\/?s={search_term_string}"},"query-input":{"@type":"PropertyValueSpecification","valueRequired":true,"valueName":"search_term_string"}}],"inLanguage":"fr-FR"},{"@type":"Organization","@id":"https:\/\/ghinduction.com\/fr-fr\/#organization","name":"GH Induction - Experts in Induction Heat Treatment and Induction Heating","alternateName":"GH Induction","url":"https:\/\/ghinduction.com\/fr-fr\/","logo":{"@type":"ImageObject","inLanguage":"fr-FR","@id":"https:\/\/ghinduction.com\/fr-fr\/#\/schema\/logo\/image\/","url":"https:\/\/ghinduction.com\/wp-content\/uploads\/2024\/05\/logo-gh-induction.png","contentUrl":"https:\/\/ghinduction.com\/wp-content\/uploads\/2024\/05\/logo-gh-induction.png","width":225,"height":225,"caption":"GH Induction - Experts in Induction Heat Treatment and Induction Heating"},"image":{"@id":"https:\/\/ghinduction.com\/fr-fr\/#\/schema\/logo\/image\/"},"sameAs":["https:\/\/www.facebook.com\/ghinductionheating","https:\/\/www.linkedin.com\/company\/gh-induction\/","https:\/\/www.youtube.com\/user\/GhInduction"]}]}},"_links":{"self":[{"href":"https:\/\/ghinduction.com\/fr-fr\/wp-json\/wp\/v2\/pages\/31395","targetHints":{"allow":["GET"]}}],"collection":[{"href":"https:\/\/ghinduction.com\/fr-fr\/wp-json\/wp\/v2\/pages"}],"about":[{"href":"https:\/\/ghinduction.com\/fr-fr\/wp-json\/wp\/v2\/types\/page"}],"author":[{"embeddable":true,"href":"https:\/\/ghinduction.com\/fr-fr\/wp-json\/wp\/v2\/users\/4"}],"replies":[{"embeddable":true,"href":"https:\/\/ghinduction.com\/fr-fr\/wp-json\/wp\/v2\/comments?post=31395"}],"version-history":[{"count":1,"href":"https:\/\/ghinduction.com\/fr-fr\/wp-json\/wp\/v2\/pages\/31395\/revisions"}],"predecessor-version":[{"id":67224,"href":"https:\/\/ghinduction.com\/fr-fr\/wp-json\/wp\/v2\/pages\/31395\/revisions\/67224"}],"up":[{"embeddable":true,"href":"https:\/\/ghinduction.com\/fr-fr\/wp-json\/wp\/v2\/pages\/31382"}],"wp:attachment":[{"href":"https:\/\/ghinduction.com\/fr-fr\/wp-json\/wp\/v2\/media?parent=31395"}],"wp:term":[{"taxonomy":"industry","embeddable":true,"href":"https:\/\/ghinduction.com\/fr-fr\/wp-json\/wp\/v2\/industry?post=31395"},{"taxonomy":"processes","embeddable":true,"href":"https:\/\/ghinduction.com\/fr-fr\/wp-json\/wp\/v2\/processes?post=31395"},{"taxonomy":"solutions","embeddable":true,"href":"https:\/\/ghinduction.com\/fr-fr\/wp-json\/wp\/v2\/solutions?post=31395"}],"curies":[{"name":"wp","href":"https:\/\/api.w.org\/{rel}","templated":true}]}}