{"id":33085,"date":"2023-01-09T09:02:46","date_gmt":"2023-01-09T09:02:46","guid":{"rendered":"https:\/\/ghinduction.com\/solutions\/industries\/energie-puissance\/electrotechnique\/"},"modified":"2026-02-27T07:18:09","modified_gmt":"2026-02-27T07:18:09","slug":"electrotechnique","status":"publish","type":"page","link":"https:\/\/ghinduction.com\/fr-fr\/solutions\/industries\/energie-puissance\/electrotechnique\/","title":{"rendered":"Electrotechnique"},"content":{"rendered":"","protected":false},"excerpt":{"rendered":"","protected":false},"author":1,"featured_media":16153,"parent":24759,"menu_order":64,"comment_status":"closed","ping_status":"closed","template":"","meta":{"_acf_changed":false,"footnotes":""},"industry":[],"processes":[],"solutions":[],"class_list":["post-33085","page","type-page","status-publish","has-post-thumbnail","hentry"],"acf":[],"yoast_head":"<!-- This site is optimized with the Yoast SEO plugin v27.3 - https:\/\/yoast.com\/product\/yoast-seo-wordpress\/ -->\n<title>Solutions de chauffe par induction pour les moteurs \u00e9lectriques, les g\u00e9n\u00e9rateurs, les transformateurs et d&#039;autres applications de fabrication GH Induction<\/title>\n<meta name=\"description\" content=\"GH Induction propose des solutions de chauffage par induction pour les processus de fabrication de moteurs \u00e9lectriques, de g\u00e9n\u00e9rateurs, de transformateurs et d&#039;autres dispositifs \u00e9lectrotechniques : brasage, trempe, frettage, durcissement, trempe, poudrage, etc.\" \/>\n<meta name=\"robots\" content=\"index, follow, max-snippet:-1, max-image-preview:large, max-video-preview:-1\" \/>\n<link rel=\"canonical\" href=\"https:\/\/ghinduction.com\/fr-fr\/solutions\/industries\/energie-puissance\/electrotechnique\/\" \/>\n<meta property=\"og:locale\" content=\"fr_FR\" \/>\n<meta property=\"og:type\" content=\"article\" \/>\n<meta property=\"og:title\" content=\"Solutions de chauffe par induction pour les moteurs \u00e9lectriques, les g\u00e9n\u00e9rateurs, les transformateurs et d&#039;autres applications de fabrication GH Induction\" \/>\n<meta property=\"og:description\" content=\"GH Induction propose des solutions de chauffage par induction pour les processus de fabrication de moteurs \u00e9lectriques, de g\u00e9n\u00e9rateurs, de transformateurs et d&#039;autres dispositifs \u00e9lectrotechniques : brasage, trempe, frettage, durcissement, trempe, poudrage, etc.\" \/>\n<meta property=\"og:url\" content=\"https:\/\/ghinduction.com\/fr-fr\/solutions\/industries\/energie-puissance\/electrotechnique\/\" \/>\n<meta property=\"og:site_name\" content=\"GH Induction France\" \/>\n<meta property=\"article:publisher\" content=\"https:\/\/www.facebook.com\/ghinductionheating\" \/>\n<meta property=\"article:modified_time\" content=\"2026-02-27T07:18:09+00:00\" \/>\n<meta property=\"og:image\" content=\"https:\/\/ghinduction.com\/wp-content\/uploads\/2023\/02\/Banner-Electrotechnical.jpg\" \/>\n\t<meta property=\"og:image:width\" content=\"1920\" \/>\n\t<meta property=\"og:image:height\" content=\"1204\" \/>\n\t<meta property=\"og:image:type\" content=\"image\/jpeg\" \/>\n<meta name=\"twitter:card\" content=\"summary_large_image\" \/>\n<meta name=\"twitter:label1\" content=\"Dur\u00e9e de lecture estim\u00e9e\" \/>\n\t<meta name=\"twitter:data1\" content=\"1 minute\" \/>\n<script type=\"application\/ld+json\" class=\"yoast-schema-graph\">{\"@context\":\"https:\\\/\\\/schema.org\",\"@graph\":[{\"@type\":\"WebPage\",\"@id\":\"https:\\\/\\\/ghinduction.com\\\/fr-fr\\\/solutions\\\/industries\\\/energie-puissance\\\/electrotechnique\\\/\",\"url\":\"https:\\\/\\\/ghinduction.com\\\/fr-fr\\\/solutions\\\/industries\\\/energie-puissance\\\/electrotechnique\\\/\",\"name\":\"Solutions de chauffe par induction pour les moteurs \u00e9lectriques, les g\u00e9n\u00e9rateurs, les transformateurs et d'autres applications de fabrication GH Induction\",\"isPartOf\":{\"@id\":\"https:\\\/\\\/ghinduction.com\\\/fr-fr\\\/#website\"},\"primaryImageOfPage\":{\"@id\":\"https:\\\/\\\/ghinduction.com\\\/fr-fr\\\/solutions\\\/industries\\\/energie-puissance\\\/electrotechnique\\\/#primaryimage\"},\"image\":{\"@id\":\"https:\\\/\\\/ghinduction.com\\\/fr-fr\\\/solutions\\\/industries\\\/energie-puissance\\\/electrotechnique\\\/#primaryimage\"},\"thumbnailUrl\":\"https:\\\/\\\/ghinduction.com\\\/wp-content\\\/uploads\\\/2023\\\/02\\\/Banner-Electrotechnical.jpg\",\"datePublished\":\"2023-01-09T09:02:46+00:00\",\"dateModified\":\"2026-02-27T07:18:09+00:00\",\"description\":\"GH Induction propose des solutions de chauffage par induction pour les processus de fabrication de moteurs \u00e9lectriques, de g\u00e9n\u00e9rateurs, de transformateurs et d'autres dispositifs \u00e9lectrotechniques : brasage, trempe, frettage, durcissement, trempe, poudrage, etc.\",\"breadcrumb\":{\"@id\":\"https:\\\/\\\/ghinduction.com\\\/fr-fr\\\/solutions\\\/industries\\\/energie-puissance\\\/electrotechnique\\\/#breadcrumb\"},\"inLanguage\":\"fr-FR\",\"potentialAction\":[{\"@type\":\"ReadAction\",\"target\":[\"https:\\\/\\\/ghinduction.com\\\/fr-fr\\\/solutions\\\/industries\\\/energie-puissance\\\/electrotechnique\\\/\"]}]},{\"@type\":\"ImageObject\",\"inLanguage\":\"fr-FR\",\"@id\":\"https:\\\/\\\/ghinduction.com\\\/fr-fr\\\/solutions\\\/industries\\\/energie-puissance\\\/electrotechnique\\\/#primaryimage\",\"url\":\"https:\\\/\\\/ghinduction.com\\\/wp-content\\\/uploads\\\/2023\\\/02\\\/Banner-Electrotechnical.jpg\",\"contentUrl\":\"https:\\\/\\\/ghinduction.com\\\/wp-content\\\/uploads\\\/2023\\\/02\\\/Banner-Electrotechnical.jpg\",\"width\":1920,\"height\":1204},{\"@type\":\"BreadcrumbList\",\"@id\":\"https:\\\/\\\/ghinduction.com\\\/fr-fr\\\/solutions\\\/industries\\\/energie-puissance\\\/electrotechnique\\\/#breadcrumb\",\"itemListElement\":[{\"@type\":\"ListItem\",\"position\":1,\"name\":\"Home\",\"item\":\"https:\\\/\\\/ghinduction.com\\\/fr-fr\\\/\"},{\"@type\":\"ListItem\",\"position\":2,\"name\":\"Solutions\",\"item\":\"https:\\\/\\\/ghinduction.com\\\/fr-fr\\\/solutions\\\/\"},{\"@type\":\"ListItem\",\"position\":3,\"name\":\"Industries\",\"item\":\"https:\\\/\\\/ghinduction.com\\\/fr-fr\\\/solutions\\\/industries\\\/\"},{\"@type\":\"ListItem\",\"position\":4,\"name\":\"Energie et puissance\",\"item\":\"https:\\\/\\\/ghinduction.com\\\/fr-fr\\\/solutions\\\/industries\\\/energie-puissance\\\/\"},{\"@type\":\"ListItem\",\"position\":5,\"name\":\"Electrotechnique\"}]},{\"@type\":\"WebSite\",\"@id\":\"https:\\\/\\\/ghinduction.com\\\/fr-fr\\\/#website\",\"url\":\"https:\\\/\\\/ghinduction.com\\\/fr-fr\\\/\",\"name\":\"GH Induction - Experts in Induction Heat Treatment and Induction Heating\",\"description\":\"GH Induction offers advanced induction heat treatment and heating solutions for various industrial applications. With over 60 years of experience, our innovative systems ensure efficiency and quality across diverse sectors globally.\",\"publisher\":{\"@id\":\"https:\\\/\\\/ghinduction.com\\\/fr-fr\\\/#organization\"},\"alternateName\":\"GH Induction\",\"potentialAction\":[{\"@type\":\"SearchAction\",\"target\":{\"@type\":\"EntryPoint\",\"urlTemplate\":\"https:\\\/\\\/ghinduction.com\\\/fr-fr\\\/?s={search_term_string}\"},\"query-input\":{\"@type\":\"PropertyValueSpecification\",\"valueRequired\":true,\"valueName\":\"search_term_string\"}}],\"inLanguage\":\"fr-FR\"},{\"@type\":\"Organization\",\"@id\":\"https:\\\/\\\/ghinduction.com\\\/fr-fr\\\/#organization\",\"name\":\"GH Induction - Experts in Induction Heat Treatment and Induction Heating\",\"alternateName\":\"GH Induction\",\"url\":\"https:\\\/\\\/ghinduction.com\\\/fr-fr\\\/\",\"logo\":{\"@type\":\"ImageObject\",\"inLanguage\":\"fr-FR\",\"@id\":\"https:\\\/\\\/ghinduction.com\\\/fr-fr\\\/#\\\/schema\\\/logo\\\/image\\\/\",\"url\":\"https:\\\/\\\/ghinduction.com\\\/wp-content\\\/uploads\\\/2024\\\/05\\\/logo-gh-induction.png\",\"contentUrl\":\"https:\\\/\\\/ghinduction.com\\\/wp-content\\\/uploads\\\/2024\\\/05\\\/logo-gh-induction.png\",\"width\":225,\"height\":225,\"caption\":\"GH Induction - Experts in Induction Heat Treatment and Induction Heating\"},\"image\":{\"@id\":\"https:\\\/\\\/ghinduction.com\\\/fr-fr\\\/#\\\/schema\\\/logo\\\/image\\\/\"},\"sameAs\":[\"https:\\\/\\\/www.facebook.com\\\/ghinductionheating\",\"https:\\\/\\\/www.linkedin.com\\\/company\\\/gh-induction\\\/\",\"https:\\\/\\\/www.youtube.com\\\/user\\\/GhInduction\"]}]}<\/script>\n<!-- \/ Yoast SEO plugin. -->","yoast_head_json":{"title":"Solutions de chauffe par induction pour les moteurs \u00e9lectriques, les g\u00e9n\u00e9rateurs, les transformateurs et d'autres applications de fabrication GH Induction","description":"GH Induction propose des solutions de chauffage par induction pour les processus de fabrication de moteurs \u00e9lectriques, de g\u00e9n\u00e9rateurs, de transformateurs et d'autres dispositifs \u00e9lectrotechniques : brasage, trempe, frettage, durcissement, trempe, poudrage, etc.","robots":{"index":"index","follow":"follow","max-snippet":"max-snippet:-1","max-image-preview":"max-image-preview:large","max-video-preview":"max-video-preview:-1"},"canonical":"https:\/\/ghinduction.com\/fr-fr\/solutions\/industries\/energie-puissance\/electrotechnique\/","og_locale":"fr_FR","og_type":"article","og_title":"Solutions de chauffe par induction pour les moteurs \u00e9lectriques, les g\u00e9n\u00e9rateurs, les transformateurs et d'autres applications de fabrication GH Induction","og_description":"GH Induction propose des solutions de chauffage par induction pour les processus de fabrication de moteurs \u00e9lectriques, de g\u00e9n\u00e9rateurs, de transformateurs et d'autres dispositifs \u00e9lectrotechniques : brasage, trempe, frettage, durcissement, trempe, poudrage, etc.","og_url":"https:\/\/ghinduction.com\/fr-fr\/solutions\/industries\/energie-puissance\/electrotechnique\/","og_site_name":"GH Induction France","article_publisher":"https:\/\/www.facebook.com\/ghinductionheating","article_modified_time":"2026-02-27T07:18:09+00:00","og_image":[{"width":1920,"height":1204,"url":"https:\/\/ghinduction.com\/wp-content\/uploads\/2023\/02\/Banner-Electrotechnical.jpg","type":"image\/jpeg"}],"twitter_card":"summary_large_image","twitter_misc":{"Dur\u00e9e de lecture estim\u00e9e":"1 minute"},"schema":{"@context":"https:\/\/schema.org","@graph":[{"@type":"WebPage","@id":"https:\/\/ghinduction.com\/fr-fr\/solutions\/industries\/energie-puissance\/electrotechnique\/","url":"https:\/\/ghinduction.com\/fr-fr\/solutions\/industries\/energie-puissance\/electrotechnique\/","name":"Solutions de chauffe par induction pour les moteurs \u00e9lectriques, les g\u00e9n\u00e9rateurs, les transformateurs et d'autres applications de fabrication GH Induction","isPartOf":{"@id":"https:\/\/ghinduction.com\/fr-fr\/#website"},"primaryImageOfPage":{"@id":"https:\/\/ghinduction.com\/fr-fr\/solutions\/industries\/energie-puissance\/electrotechnique\/#primaryimage"},"image":{"@id":"https:\/\/ghinduction.com\/fr-fr\/solutions\/industries\/energie-puissance\/electrotechnique\/#primaryimage"},"thumbnailUrl":"https:\/\/ghinduction.com\/wp-content\/uploads\/2023\/02\/Banner-Electrotechnical.jpg","datePublished":"2023-01-09T09:02:46+00:00","dateModified":"2026-02-27T07:18:09+00:00","description":"GH Induction propose des solutions de chauffage par induction pour les processus de fabrication de moteurs \u00e9lectriques, de g\u00e9n\u00e9rateurs, de transformateurs et d'autres dispositifs \u00e9lectrotechniques : brasage, trempe, frettage, durcissement, trempe, poudrage, etc.","breadcrumb":{"@id":"https:\/\/ghinduction.com\/fr-fr\/solutions\/industries\/energie-puissance\/electrotechnique\/#breadcrumb"},"inLanguage":"fr-FR","potentialAction":[{"@type":"ReadAction","target":["https:\/\/ghinduction.com\/fr-fr\/solutions\/industries\/energie-puissance\/electrotechnique\/"]}]},{"@type":"ImageObject","inLanguage":"fr-FR","@id":"https:\/\/ghinduction.com\/fr-fr\/solutions\/industries\/energie-puissance\/electrotechnique\/#primaryimage","url":"https:\/\/ghinduction.com\/wp-content\/uploads\/2023\/02\/Banner-Electrotechnical.jpg","contentUrl":"https:\/\/ghinduction.com\/wp-content\/uploads\/2023\/02\/Banner-Electrotechnical.jpg","width":1920,"height":1204},{"@type":"BreadcrumbList","@id":"https:\/\/ghinduction.com\/fr-fr\/solutions\/industries\/energie-puissance\/electrotechnique\/#breadcrumb","itemListElement":[{"@type":"ListItem","position":1,"name":"Home","item":"https:\/\/ghinduction.com\/fr-fr\/"},{"@type":"ListItem","position":2,"name":"Solutions","item":"https:\/\/ghinduction.com\/fr-fr\/solutions\/"},{"@type":"ListItem","position":3,"name":"Industries","item":"https:\/\/ghinduction.com\/fr-fr\/solutions\/industries\/"},{"@type":"ListItem","position":4,"name":"Energie et puissance","item":"https:\/\/ghinduction.com\/fr-fr\/solutions\/industries\/energie-puissance\/"},{"@type":"ListItem","position":5,"name":"Electrotechnique"}]},{"@type":"WebSite","@id":"https:\/\/ghinduction.com\/fr-fr\/#website","url":"https:\/\/ghinduction.com\/fr-fr\/","name":"GH Induction - Experts in Induction Heat Treatment and Induction Heating","description":"GH Induction offers advanced induction heat treatment and heating solutions for various industrial applications. With over 60 years of experience, our innovative systems ensure efficiency and quality across diverse sectors globally.","publisher":{"@id":"https:\/\/ghinduction.com\/fr-fr\/#organization"},"alternateName":"GH Induction","potentialAction":[{"@type":"SearchAction","target":{"@type":"EntryPoint","urlTemplate":"https:\/\/ghinduction.com\/fr-fr\/?s={search_term_string}"},"query-input":{"@type":"PropertyValueSpecification","valueRequired":true,"valueName":"search_term_string"}}],"inLanguage":"fr-FR"},{"@type":"Organization","@id":"https:\/\/ghinduction.com\/fr-fr\/#organization","name":"GH Induction - Experts in Induction Heat Treatment and Induction Heating","alternateName":"GH Induction","url":"https:\/\/ghinduction.com\/fr-fr\/","logo":{"@type":"ImageObject","inLanguage":"fr-FR","@id":"https:\/\/ghinduction.com\/fr-fr\/#\/schema\/logo\/image\/","url":"https:\/\/ghinduction.com\/wp-content\/uploads\/2024\/05\/logo-gh-induction.png","contentUrl":"https:\/\/ghinduction.com\/wp-content\/uploads\/2024\/05\/logo-gh-induction.png","width":225,"height":225,"caption":"GH Induction - Experts in Induction Heat Treatment and Induction Heating"},"image":{"@id":"https:\/\/ghinduction.com\/fr-fr\/#\/schema\/logo\/image\/"},"sameAs":["https:\/\/www.facebook.com\/ghinductionheating","https:\/\/www.linkedin.com\/company\/gh-induction\/","https:\/\/www.youtube.com\/user\/GhInduction"]}]}},"_links":{"self":[{"href":"https:\/\/ghinduction.com\/fr-fr\/wp-json\/wp\/v2\/pages\/33085","targetHints":{"allow":["GET"]}}],"collection":[{"href":"https:\/\/ghinduction.com\/fr-fr\/wp-json\/wp\/v2\/pages"}],"about":[{"href":"https:\/\/ghinduction.com\/fr-fr\/wp-json\/wp\/v2\/types\/page"}],"author":[{"embeddable":true,"href":"https:\/\/ghinduction.com\/fr-fr\/wp-json\/wp\/v2\/users\/1"}],"replies":[{"embeddable":true,"href":"https:\/\/ghinduction.com\/fr-fr\/wp-json\/wp\/v2\/comments?post=33085"}],"version-history":[{"count":1,"href":"https:\/\/ghinduction.com\/fr-fr\/wp-json\/wp\/v2\/pages\/33085\/revisions"}],"predecessor-version":[{"id":66705,"href":"https:\/\/ghinduction.com\/fr-fr\/wp-json\/wp\/v2\/pages\/33085\/revisions\/66705"}],"up":[{"embeddable":true,"href":"https:\/\/ghinduction.com\/fr-fr\/wp-json\/wp\/v2\/pages\/24759"}],"wp:featuredmedia":[{"embeddable":true,"href":"https:\/\/ghinduction.com\/fr-fr\/wp-json\/wp\/v2\/media\/16153"}],"wp:attachment":[{"href":"https:\/\/ghinduction.com\/fr-fr\/wp-json\/wp\/v2\/media?parent=33085"}],"wp:term":[{"taxonomy":"industry","embeddable":true,"href":"https:\/\/ghinduction.com\/fr-fr\/wp-json\/wp\/v2\/industry?post=33085"},{"taxonomy":"processes","embeddable":true,"href":"https:\/\/ghinduction.com\/fr-fr\/wp-json\/wp\/v2\/processes?post=33085"},{"taxonomy":"solutions","embeddable":true,"href":"https:\/\/ghinduction.com\/fr-fr\/wp-json\/wp\/v2\/solutions?post=33085"}],"curies":[{"name":"wp","href":"https:\/\/api.w.org\/{rel}","templated":true}]}}