{"id":33086,"date":"2023-01-09T09:02:42","date_gmt":"2023-01-09T09:02:42","guid":{"rendered":"https:\/\/ghinduction.com\/solutions\/industries\/transport\/e-mobilite\/"},"modified":"2026-02-26T16:20:13","modified_gmt":"2026-02-26T16:20:13","slug":"e-mobilite","status":"publish","type":"page","link":"https:\/\/ghinduction.com\/fr-fr\/solutions\/industries\/transport\/e-mobilite\/","title":{"rendered":"E-mobilit\u00e9"},"content":{"rendered":"","protected":false},"excerpt":{"rendered":"","protected":false},"author":1,"featured_media":16141,"parent":24750,"menu_order":58,"comment_status":"closed","ping_status":"closed","template":"","meta":{"_acf_changed":false,"footnotes":""},"industry":[1336],"processes":[1439,804],"solutions":[],"class_list":["post-33086","page","type-page","status-publish","has-post-thumbnail","hentry","industry-e-mobilite-fr-fr","processes-frettage-fr-fr","processes-trempe-fr-fr"],"acf":[],"yoast_head":"<!-- This site is optimized with the Yoast SEO plugin v27.3 - https:\/\/yoast.com\/product\/yoast-seo-wordpress\/ -->\n<title>Solutions d&#039;induction dans le domaine de l&#039;E-mobilit\u00e9 - GH Induction<\/title>\n<meta name=\"description\" content=\"Les moteurs \u00e0 entra\u00eenement \u00e9lectrique (e-drive) et les solutions \u00e0 haut rendement \u00e9nerg\u00e9tique deviennent de plus en plus importants et exigeants. Chez GH, nous sommes impliqu\u00e9s dans ce changement depuis de nombreuses ann\u00e9es. De nombreuses applications ont \u00e9t\u00e9 mises en \u0153uvre avec des marques OEM renomm\u00e9es ainsi qu&#039;avec des fournisseurs de niveau 1 et nous avons particip\u00e9 \u00e0 des projets de R&amp;D. Le moteur \u00e0 traction \u00e9lectrique est le moteur le plus gros et le plus puissant du v\u00e9hicule. Il comporte de nombreux composants, tels que le rotor, l&#039;arbre, le stator, divers engrenages, le carter et de nombreux autres produits non mentionn\u00e9s. Certains des composants illustr\u00e9s sont durcis, chauff\u00e9s ou assembl\u00e9s au cours du processus. Le chauffage par induction est la technologie de chauffage id\u00e9ale pour la fabrication de pointe. Le processus est plus rapide, plus pr\u00e9cis et plus fiable que de nombreuses autres solutions. En outre, il peut \u00eatre int\u00e9gr\u00e9 de mani\u00e8re presque transparente dans n&#039;importe quel environnement de production.\" \/>\n<meta name=\"robots\" content=\"index, follow, max-snippet:-1, max-image-preview:large, max-video-preview:-1\" \/>\n<link rel=\"canonical\" href=\"https:\/\/ghinduction.com\/fr-fr\/solutions\/industries\/transport\/e-mobilite\/\" \/>\n<meta property=\"og:locale\" content=\"fr_FR\" \/>\n<meta property=\"og:type\" content=\"article\" \/>\n<meta property=\"og:title\" content=\"Solutions d&#039;induction dans le domaine de l&#039;E-mobilit\u00e9 - GH Induction\" \/>\n<meta property=\"og:description\" content=\"Les moteurs \u00e0 entra\u00eenement \u00e9lectrique (e-drive) et les solutions \u00e0 haut rendement \u00e9nerg\u00e9tique deviennent de plus en plus importants et exigeants. Chez GH, nous sommes impliqu\u00e9s dans ce changement depuis de nombreuses ann\u00e9es. De nombreuses applications ont \u00e9t\u00e9 mises en \u0153uvre avec des marques OEM renomm\u00e9es ainsi qu&#039;avec des fournisseurs de niveau 1 et nous avons particip\u00e9 \u00e0 des projets de R&amp;D. Le moteur \u00e0 traction \u00e9lectrique est le moteur le plus gros et le plus puissant du v\u00e9hicule. Il comporte de nombreux composants, tels que le rotor, l&#039;arbre, le stator, divers engrenages, le carter et de nombreux autres produits non mentionn\u00e9s. Certains des composants illustr\u00e9s sont durcis, chauff\u00e9s ou assembl\u00e9s au cours du processus. Le chauffage par induction est la technologie de chauffage id\u00e9ale pour la fabrication de pointe. Le processus est plus rapide, plus pr\u00e9cis et plus fiable que de nombreuses autres solutions. En outre, il peut \u00eatre int\u00e9gr\u00e9 de mani\u00e8re presque transparente dans n&#039;importe quel environnement de production.\" \/>\n<meta property=\"og:url\" content=\"https:\/\/ghinduction.com\/fr-fr\/solutions\/industries\/transport\/e-mobilite\/\" \/>\n<meta property=\"og:site_name\" content=\"GH Induction France\" \/>\n<meta property=\"article:publisher\" content=\"https:\/\/www.facebook.com\/ghinductionheating\" \/>\n<meta property=\"article:modified_time\" content=\"2026-02-26T16:20:13+00:00\" \/>\n<meta property=\"og:image\" content=\"https:\/\/ghinduction.com\/wp-content\/uploads\/2023\/02\/BANNER-E-MOBILITY.jpg\" \/>\n\t<meta property=\"og:image:width\" content=\"1920\" \/>\n\t<meta property=\"og:image:height\" content=\"1080\" \/>\n\t<meta property=\"og:image:type\" content=\"image\/jpeg\" \/>\n<meta name=\"twitter:card\" content=\"summary_large_image\" \/>\n<meta name=\"twitter:label1\" content=\"Dur\u00e9e de lecture estim\u00e9e\" \/>\n\t<meta name=\"twitter:data1\" content=\"1 minute\" \/>\n<script type=\"application\/ld+json\" class=\"yoast-schema-graph\">{\"@context\":\"https:\\\/\\\/schema.org\",\"@graph\":[{\"@type\":\"WebPage\",\"@id\":\"https:\\\/\\\/ghinduction.com\\\/fr-fr\\\/solutions\\\/industries\\\/transport\\\/e-mobilite\\\/\",\"url\":\"https:\\\/\\\/ghinduction.com\\\/fr-fr\\\/solutions\\\/industries\\\/transport\\\/e-mobilite\\\/\",\"name\":\"Solutions d'induction dans le domaine de l'E-mobilit\u00e9 - GH Induction\",\"isPartOf\":{\"@id\":\"https:\\\/\\\/ghinduction.com\\\/fr-fr\\\/#website\"},\"primaryImageOfPage\":{\"@id\":\"https:\\\/\\\/ghinduction.com\\\/fr-fr\\\/solutions\\\/industries\\\/transport\\\/e-mobilite\\\/#primaryimage\"},\"image\":{\"@id\":\"https:\\\/\\\/ghinduction.com\\\/fr-fr\\\/solutions\\\/industries\\\/transport\\\/e-mobilite\\\/#primaryimage\"},\"thumbnailUrl\":\"https:\\\/\\\/ghinduction.com\\\/wp-content\\\/uploads\\\/2023\\\/02\\\/BANNER-E-MOBILITY.jpg\",\"datePublished\":\"2023-01-09T09:02:42+00:00\",\"dateModified\":\"2026-02-26T16:20:13+00:00\",\"description\":\"Les moteurs \u00e0 entra\u00eenement \u00e9lectrique (e-drive) et les solutions \u00e0 haut rendement \u00e9nerg\u00e9tique deviennent de plus en plus importants et exigeants. Chez GH, nous sommes impliqu\u00e9s dans ce changement depuis de nombreuses ann\u00e9es. De nombreuses applications ont \u00e9t\u00e9 mises en \u0153uvre avec des marques OEM renomm\u00e9es ainsi qu'avec des fournisseurs de niveau 1 et nous avons particip\u00e9 \u00e0 des projets de R&D. Le moteur \u00e0 traction \u00e9lectrique est le moteur le plus gros et le plus puissant du v\u00e9hicule. Il comporte de nombreux composants, tels que le rotor, l'arbre, le stator, divers engrenages, le carter et de nombreux autres produits non mentionn\u00e9s. Certains des composants illustr\u00e9s sont durcis, chauff\u00e9s ou assembl\u00e9s au cours du processus. Le chauffage par induction est la technologie de chauffage id\u00e9ale pour la fabrication de pointe. Le processus est plus rapide, plus pr\u00e9cis et plus fiable que de nombreuses autres solutions. En outre, il peut \u00eatre int\u00e9gr\u00e9 de mani\u00e8re presque transparente dans n'importe quel environnement de production.\",\"breadcrumb\":{\"@id\":\"https:\\\/\\\/ghinduction.com\\\/fr-fr\\\/solutions\\\/industries\\\/transport\\\/e-mobilite\\\/#breadcrumb\"},\"inLanguage\":\"fr-FR\",\"potentialAction\":[{\"@type\":\"ReadAction\",\"target\":[\"https:\\\/\\\/ghinduction.com\\\/fr-fr\\\/solutions\\\/industries\\\/transport\\\/e-mobilite\\\/\"]}]},{\"@type\":\"ImageObject\",\"inLanguage\":\"fr-FR\",\"@id\":\"https:\\\/\\\/ghinduction.com\\\/fr-fr\\\/solutions\\\/industries\\\/transport\\\/e-mobilite\\\/#primaryimage\",\"url\":\"https:\\\/\\\/ghinduction.com\\\/wp-content\\\/uploads\\\/2023\\\/02\\\/BANNER-E-MOBILITY.jpg\",\"contentUrl\":\"https:\\\/\\\/ghinduction.com\\\/wp-content\\\/uploads\\\/2023\\\/02\\\/BANNER-E-MOBILITY.jpg\",\"width\":1920,\"height\":1080},{\"@type\":\"BreadcrumbList\",\"@id\":\"https:\\\/\\\/ghinduction.com\\\/fr-fr\\\/solutions\\\/industries\\\/transport\\\/e-mobilite\\\/#breadcrumb\",\"itemListElement\":[{\"@type\":\"ListItem\",\"position\":1,\"name\":\"Home\",\"item\":\"https:\\\/\\\/ghinduction.com\\\/fr-fr\\\/\"},{\"@type\":\"ListItem\",\"position\":2,\"name\":\"Solutions\",\"item\":\"https:\\\/\\\/ghinduction.com\\\/fr-fr\\\/solutions\\\/\"},{\"@type\":\"ListItem\",\"position\":3,\"name\":\"Industries\",\"item\":\"https:\\\/\\\/ghinduction.com\\\/fr-fr\\\/solutions\\\/industries\\\/\"},{\"@type\":\"ListItem\",\"position\":4,\"name\":\"Transport\",\"item\":\"https:\\\/\\\/ghinduction.com\\\/fr-fr\\\/solutions\\\/industries\\\/transport\\\/\"},{\"@type\":\"ListItem\",\"position\":5,\"name\":\"E-mobilit\u00e9\"}]},{\"@type\":\"WebSite\",\"@id\":\"https:\\\/\\\/ghinduction.com\\\/fr-fr\\\/#website\",\"url\":\"https:\\\/\\\/ghinduction.com\\\/fr-fr\\\/\",\"name\":\"GH Induction - Experts in Induction Heat Treatment and Induction Heating\",\"description\":\"GH Induction offers advanced induction heat treatment and heating solutions for various industrial applications. With over 60 years of experience, our innovative systems ensure efficiency and quality across diverse sectors globally.\",\"publisher\":{\"@id\":\"https:\\\/\\\/ghinduction.com\\\/fr-fr\\\/#organization\"},\"alternateName\":\"GH Induction\",\"potentialAction\":[{\"@type\":\"SearchAction\",\"target\":{\"@type\":\"EntryPoint\",\"urlTemplate\":\"https:\\\/\\\/ghinduction.com\\\/fr-fr\\\/?s={search_term_string}\"},\"query-input\":{\"@type\":\"PropertyValueSpecification\",\"valueRequired\":true,\"valueName\":\"search_term_string\"}}],\"inLanguage\":\"fr-FR\"},{\"@type\":\"Organization\",\"@id\":\"https:\\\/\\\/ghinduction.com\\\/fr-fr\\\/#organization\",\"name\":\"GH Induction - Experts in Induction Heat Treatment and Induction Heating\",\"alternateName\":\"GH Induction\",\"url\":\"https:\\\/\\\/ghinduction.com\\\/fr-fr\\\/\",\"logo\":{\"@type\":\"ImageObject\",\"inLanguage\":\"fr-FR\",\"@id\":\"https:\\\/\\\/ghinduction.com\\\/fr-fr\\\/#\\\/schema\\\/logo\\\/image\\\/\",\"url\":\"https:\\\/\\\/ghinduction.com\\\/wp-content\\\/uploads\\\/2024\\\/05\\\/logo-gh-induction.png\",\"contentUrl\":\"https:\\\/\\\/ghinduction.com\\\/wp-content\\\/uploads\\\/2024\\\/05\\\/logo-gh-induction.png\",\"width\":225,\"height\":225,\"caption\":\"GH Induction - Experts in Induction Heat Treatment and Induction Heating\"},\"image\":{\"@id\":\"https:\\\/\\\/ghinduction.com\\\/fr-fr\\\/#\\\/schema\\\/logo\\\/image\\\/\"},\"sameAs\":[\"https:\\\/\\\/www.facebook.com\\\/ghinductionheating\",\"https:\\\/\\\/www.linkedin.com\\\/company\\\/gh-induction\\\/\",\"https:\\\/\\\/www.youtube.com\\\/user\\\/GhInduction\"]}]}<\/script>\n<!-- \/ Yoast SEO plugin. -->","yoast_head_json":{"title":"Solutions d'induction dans le domaine de l'E-mobilit\u00e9 - GH Induction","description":"Les moteurs \u00e0 entra\u00eenement \u00e9lectrique (e-drive) et les solutions \u00e0 haut rendement \u00e9nerg\u00e9tique deviennent de plus en plus importants et exigeants. Chez GH, nous sommes impliqu\u00e9s dans ce changement depuis de nombreuses ann\u00e9es. De nombreuses applications ont \u00e9t\u00e9 mises en \u0153uvre avec des marques OEM renomm\u00e9es ainsi qu'avec des fournisseurs de niveau 1 et nous avons particip\u00e9 \u00e0 des projets de R&D. Le moteur \u00e0 traction \u00e9lectrique est le moteur le plus gros et le plus puissant du v\u00e9hicule. Il comporte de nombreux composants, tels que le rotor, l'arbre, le stator, divers engrenages, le carter et de nombreux autres produits non mentionn\u00e9s. Certains des composants illustr\u00e9s sont durcis, chauff\u00e9s ou assembl\u00e9s au cours du processus. Le chauffage par induction est la technologie de chauffage id\u00e9ale pour la fabrication de pointe. Le processus est plus rapide, plus pr\u00e9cis et plus fiable que de nombreuses autres solutions. En outre, il peut \u00eatre int\u00e9gr\u00e9 de mani\u00e8re presque transparente dans n'importe quel environnement de production.","robots":{"index":"index","follow":"follow","max-snippet":"max-snippet:-1","max-image-preview":"max-image-preview:large","max-video-preview":"max-video-preview:-1"},"canonical":"https:\/\/ghinduction.com\/fr-fr\/solutions\/industries\/transport\/e-mobilite\/","og_locale":"fr_FR","og_type":"article","og_title":"Solutions d'induction dans le domaine de l'E-mobilit\u00e9 - GH Induction","og_description":"Les moteurs \u00e0 entra\u00eenement \u00e9lectrique (e-drive) et les solutions \u00e0 haut rendement \u00e9nerg\u00e9tique deviennent de plus en plus importants et exigeants. Chez GH, nous sommes impliqu\u00e9s dans ce changement depuis de nombreuses ann\u00e9es. De nombreuses applications ont \u00e9t\u00e9 mises en \u0153uvre avec des marques OEM renomm\u00e9es ainsi qu'avec des fournisseurs de niveau 1 et nous avons particip\u00e9 \u00e0 des projets de R&D. Le moteur \u00e0 traction \u00e9lectrique est le moteur le plus gros et le plus puissant du v\u00e9hicule. Il comporte de nombreux composants, tels que le rotor, l'arbre, le stator, divers engrenages, le carter et de nombreux autres produits non mentionn\u00e9s. Certains des composants illustr\u00e9s sont durcis, chauff\u00e9s ou assembl\u00e9s au cours du processus. Le chauffage par induction est la technologie de chauffage id\u00e9ale pour la fabrication de pointe. Le processus est plus rapide, plus pr\u00e9cis et plus fiable que de nombreuses autres solutions. En outre, il peut \u00eatre int\u00e9gr\u00e9 de mani\u00e8re presque transparente dans n'importe quel environnement de production.","og_url":"https:\/\/ghinduction.com\/fr-fr\/solutions\/industries\/transport\/e-mobilite\/","og_site_name":"GH Induction France","article_publisher":"https:\/\/www.facebook.com\/ghinductionheating","article_modified_time":"2026-02-26T16:20:13+00:00","og_image":[{"width":1920,"height":1080,"url":"https:\/\/ghinduction.com\/wp-content\/uploads\/2023\/02\/BANNER-E-MOBILITY.jpg","type":"image\/jpeg"}],"twitter_card":"summary_large_image","twitter_misc":{"Dur\u00e9e de lecture estim\u00e9e":"1 minute"},"schema":{"@context":"https:\/\/schema.org","@graph":[{"@type":"WebPage","@id":"https:\/\/ghinduction.com\/fr-fr\/solutions\/industries\/transport\/e-mobilite\/","url":"https:\/\/ghinduction.com\/fr-fr\/solutions\/industries\/transport\/e-mobilite\/","name":"Solutions d'induction dans le domaine de l'E-mobilit\u00e9 - GH Induction","isPartOf":{"@id":"https:\/\/ghinduction.com\/fr-fr\/#website"},"primaryImageOfPage":{"@id":"https:\/\/ghinduction.com\/fr-fr\/solutions\/industries\/transport\/e-mobilite\/#primaryimage"},"image":{"@id":"https:\/\/ghinduction.com\/fr-fr\/solutions\/industries\/transport\/e-mobilite\/#primaryimage"},"thumbnailUrl":"https:\/\/ghinduction.com\/wp-content\/uploads\/2023\/02\/BANNER-E-MOBILITY.jpg","datePublished":"2023-01-09T09:02:42+00:00","dateModified":"2026-02-26T16:20:13+00:00","description":"Les moteurs \u00e0 entra\u00eenement \u00e9lectrique (e-drive) et les solutions \u00e0 haut rendement \u00e9nerg\u00e9tique deviennent de plus en plus importants et exigeants. Chez GH, nous sommes impliqu\u00e9s dans ce changement depuis de nombreuses ann\u00e9es. De nombreuses applications ont \u00e9t\u00e9 mises en \u0153uvre avec des marques OEM renomm\u00e9es ainsi qu'avec des fournisseurs de niveau 1 et nous avons particip\u00e9 \u00e0 des projets de R&D. Le moteur \u00e0 traction \u00e9lectrique est le moteur le plus gros et le plus puissant du v\u00e9hicule. Il comporte de nombreux composants, tels que le rotor, l'arbre, le stator, divers engrenages, le carter et de nombreux autres produits non mentionn\u00e9s. Certains des composants illustr\u00e9s sont durcis, chauff\u00e9s ou assembl\u00e9s au cours du processus. Le chauffage par induction est la technologie de chauffage id\u00e9ale pour la fabrication de pointe. Le processus est plus rapide, plus pr\u00e9cis et plus fiable que de nombreuses autres solutions. En outre, il peut \u00eatre int\u00e9gr\u00e9 de mani\u00e8re presque transparente dans n'importe quel environnement de production.","breadcrumb":{"@id":"https:\/\/ghinduction.com\/fr-fr\/solutions\/industries\/transport\/e-mobilite\/#breadcrumb"},"inLanguage":"fr-FR","potentialAction":[{"@type":"ReadAction","target":["https:\/\/ghinduction.com\/fr-fr\/solutions\/industries\/transport\/e-mobilite\/"]}]},{"@type":"ImageObject","inLanguage":"fr-FR","@id":"https:\/\/ghinduction.com\/fr-fr\/solutions\/industries\/transport\/e-mobilite\/#primaryimage","url":"https:\/\/ghinduction.com\/wp-content\/uploads\/2023\/02\/BANNER-E-MOBILITY.jpg","contentUrl":"https:\/\/ghinduction.com\/wp-content\/uploads\/2023\/02\/BANNER-E-MOBILITY.jpg","width":1920,"height":1080},{"@type":"BreadcrumbList","@id":"https:\/\/ghinduction.com\/fr-fr\/solutions\/industries\/transport\/e-mobilite\/#breadcrumb","itemListElement":[{"@type":"ListItem","position":1,"name":"Home","item":"https:\/\/ghinduction.com\/fr-fr\/"},{"@type":"ListItem","position":2,"name":"Solutions","item":"https:\/\/ghinduction.com\/fr-fr\/solutions\/"},{"@type":"ListItem","position":3,"name":"Industries","item":"https:\/\/ghinduction.com\/fr-fr\/solutions\/industries\/"},{"@type":"ListItem","position":4,"name":"Transport","item":"https:\/\/ghinduction.com\/fr-fr\/solutions\/industries\/transport\/"},{"@type":"ListItem","position":5,"name":"E-mobilit\u00e9"}]},{"@type":"WebSite","@id":"https:\/\/ghinduction.com\/fr-fr\/#website","url":"https:\/\/ghinduction.com\/fr-fr\/","name":"GH Induction - Experts in Induction Heat Treatment and Induction Heating","description":"GH Induction offers advanced induction heat treatment and heating solutions for various industrial applications. With over 60 years of experience, our innovative systems ensure efficiency and quality across diverse sectors globally.","publisher":{"@id":"https:\/\/ghinduction.com\/fr-fr\/#organization"},"alternateName":"GH Induction","potentialAction":[{"@type":"SearchAction","target":{"@type":"EntryPoint","urlTemplate":"https:\/\/ghinduction.com\/fr-fr\/?s={search_term_string}"},"query-input":{"@type":"PropertyValueSpecification","valueRequired":true,"valueName":"search_term_string"}}],"inLanguage":"fr-FR"},{"@type":"Organization","@id":"https:\/\/ghinduction.com\/fr-fr\/#organization","name":"GH Induction - Experts in Induction Heat Treatment and Induction Heating","alternateName":"GH Induction","url":"https:\/\/ghinduction.com\/fr-fr\/","logo":{"@type":"ImageObject","inLanguage":"fr-FR","@id":"https:\/\/ghinduction.com\/fr-fr\/#\/schema\/logo\/image\/","url":"https:\/\/ghinduction.com\/wp-content\/uploads\/2024\/05\/logo-gh-induction.png","contentUrl":"https:\/\/ghinduction.com\/wp-content\/uploads\/2024\/05\/logo-gh-induction.png","width":225,"height":225,"caption":"GH Induction - Experts in Induction Heat Treatment and Induction Heating"},"image":{"@id":"https:\/\/ghinduction.com\/fr-fr\/#\/schema\/logo\/image\/"},"sameAs":["https:\/\/www.facebook.com\/ghinductionheating","https:\/\/www.linkedin.com\/company\/gh-induction\/","https:\/\/www.youtube.com\/user\/GhInduction"]}]}},"_links":{"self":[{"href":"https:\/\/ghinduction.com\/fr-fr\/wp-json\/wp\/v2\/pages\/33086","targetHints":{"allow":["GET"]}}],"collection":[{"href":"https:\/\/ghinduction.com\/fr-fr\/wp-json\/wp\/v2\/pages"}],"about":[{"href":"https:\/\/ghinduction.com\/fr-fr\/wp-json\/wp\/v2\/types\/page"}],"author":[{"embeddable":true,"href":"https:\/\/ghinduction.com\/fr-fr\/wp-json\/wp\/v2\/users\/1"}],"replies":[{"embeddable":true,"href":"https:\/\/ghinduction.com\/fr-fr\/wp-json\/wp\/v2\/comments?post=33086"}],"version-history":[{"count":1,"href":"https:\/\/ghinduction.com\/fr-fr\/wp-json\/wp\/v2\/pages\/33086\/revisions"}],"predecessor-version":[{"id":66598,"href":"https:\/\/ghinduction.com\/fr-fr\/wp-json\/wp\/v2\/pages\/33086\/revisions\/66598"}],"up":[{"embeddable":true,"href":"https:\/\/ghinduction.com\/fr-fr\/wp-json\/wp\/v2\/pages\/24750"}],"wp:featuredmedia":[{"embeddable":true,"href":"https:\/\/ghinduction.com\/fr-fr\/wp-json\/wp\/v2\/media\/16141"}],"wp:attachment":[{"href":"https:\/\/ghinduction.com\/fr-fr\/wp-json\/wp\/v2\/media?parent=33086"}],"wp:term":[{"taxonomy":"industry","embeddable":true,"href":"https:\/\/ghinduction.com\/fr-fr\/wp-json\/wp\/v2\/industry?post=33086"},{"taxonomy":"processes","embeddable":true,"href":"https:\/\/ghinduction.com\/fr-fr\/wp-json\/wp\/v2\/processes?post=33086"},{"taxonomy":"solutions","embeddable":true,"href":"https:\/\/ghinduction.com\/fr-fr\/wp-json\/wp\/v2\/solutions?post=33086"}],"curies":[{"name":"wp","href":"https:\/\/api.w.org\/{rel}","templated":true}]}}