{"id":33087,"date":"2023-01-09T09:02:36","date_gmt":"2023-01-09T09:02:36","guid":{"rendered":"https:\/\/ghinduction.com\/solutions\/industries\/camions-machines-lourdes\/"},"modified":"2024-12-09T10:52:25","modified_gmt":"2024-12-09T10:52:25","slug":"camions-machines-lourdes","status":"publish","type":"page","link":"https:\/\/ghinduction.com\/fr-fr\/solutions\/industries\/camions-machines-lourdes\/","title":{"rendered":"Machines lourdes et camions"},"content":{"rendered":"","protected":false},"excerpt":{"rendered":"","protected":false},"author":1,"featured_media":0,"parent":24741,"menu_order":51,"comment_status":"closed","ping_status":"closed","template":"","meta":{"_acf_changed":false,"footnotes":""},"industry":[],"processes":[],"solutions":[],"class_list":["post-33087","page","type-page","status-publish","hentry"],"acf":[],"yoast_head":"<!-- This site is optimized with the Yoast SEO plugin v27.3 - https:\/\/yoast.com\/product\/yoast-seo-wordpress\/ -->\n<title>Solutions de chauffage par induction pour les engines TP et camions | GH INDUCTION<\/title>\n<meta name=\"description\" content=\"Solutions de chauffage par induction pour les composants des engins de chantier, des mines, de l&#039;agriculture, de la sylviculture et des camions. Machines \u00e0 haut rendement pour le traitement thermique de leurs composants, axes d&#039;arbres, roulements, bagues, engrenages, couronnes, pignons, roues folles, socs et patins de chenilles , bagues, c\u00e2mes et arbres \u00e0 c\u00e2mes dans les moteurs hydrauliques et les pi\u00e8ces de transmission.\" \/>\n<meta name=\"robots\" content=\"index, follow, max-snippet:-1, max-image-preview:large, max-video-preview:-1\" \/>\n<link rel=\"canonical\" href=\"https:\/\/ghinduction.com\/fr-fr\/solutions\/industries\/camions-machines-lourdes\/\" \/>\n<meta property=\"og:locale\" content=\"fr_FR\" \/>\n<meta property=\"og:type\" content=\"article\" \/>\n<meta property=\"og:title\" content=\"Solutions de chauffage par induction pour les engines TP et camions | GH INDUCTION\" \/>\n<meta property=\"og:description\" content=\"Solutions de chauffage par induction pour les composants des engins de chantier, des mines, de l&#039;agriculture, de la sylviculture et des camions. Machines \u00e0 haut rendement pour le traitement thermique de leurs composants, axes d&#039;arbres, roulements, bagues, engrenages, couronnes, pignons, roues folles, socs et patins de chenilles , bagues, c\u00e2mes et arbres \u00e0 c\u00e2mes dans les moteurs hydrauliques et les pi\u00e8ces de transmission.\" \/>\n<meta property=\"og:url\" content=\"https:\/\/ghinduction.com\/fr-fr\/solutions\/industries\/camions-machines-lourdes\/\" \/>\n<meta property=\"og:site_name\" content=\"GH Induction France\" \/>\n<meta property=\"article:publisher\" content=\"https:\/\/www.facebook.com\/ghinductionheating\" \/>\n<meta property=\"article:modified_time\" content=\"2024-12-09T10:52:25+00:00\" \/>\n<meta name=\"twitter:card\" content=\"summary_large_image\" \/>\n<script type=\"application\/ld+json\" class=\"yoast-schema-graph\">{\"@context\":\"https:\\\/\\\/schema.org\",\"@graph\":[{\"@type\":\"WebPage\",\"@id\":\"https:\\\/\\\/ghinduction.com\\\/fr-fr\\\/solutions\\\/industries\\\/camions-machines-lourdes\\\/\",\"url\":\"https:\\\/\\\/ghinduction.com\\\/fr-fr\\\/solutions\\\/industries\\\/camions-machines-lourdes\\\/\",\"name\":\"Solutions de chauffage par induction pour les engines TP et camions | GH INDUCTION\",\"isPartOf\":{\"@id\":\"https:\\\/\\\/ghinduction.com\\\/fr-fr\\\/#website\"},\"datePublished\":\"2023-01-09T09:02:36+00:00\",\"dateModified\":\"2024-12-09T10:52:25+00:00\",\"description\":\"Solutions de chauffage par induction pour les composants des engins de chantier, des mines, de l'agriculture, de la sylviculture et des camions. Machines \u00e0 haut rendement pour le traitement thermique de leurs composants, axes d'arbres, roulements, bagues, engrenages, couronnes, pignons, roues folles, socs et patins de chenilles , bagues, c\u00e2mes et arbres \u00e0 c\u00e2mes dans les moteurs hydrauliques et les pi\u00e8ces de transmission.\",\"breadcrumb\":{\"@id\":\"https:\\\/\\\/ghinduction.com\\\/fr-fr\\\/solutions\\\/industries\\\/camions-machines-lourdes\\\/#breadcrumb\"},\"inLanguage\":\"fr-FR\",\"potentialAction\":[{\"@type\":\"ReadAction\",\"target\":[\"https:\\\/\\\/ghinduction.com\\\/fr-fr\\\/solutions\\\/industries\\\/camions-machines-lourdes\\\/\"]}]},{\"@type\":\"BreadcrumbList\",\"@id\":\"https:\\\/\\\/ghinduction.com\\\/fr-fr\\\/solutions\\\/industries\\\/camions-machines-lourdes\\\/#breadcrumb\",\"itemListElement\":[{\"@type\":\"ListItem\",\"position\":1,\"name\":\"Home\",\"item\":\"https:\\\/\\\/ghinduction.com\\\/fr-fr\\\/\"},{\"@type\":\"ListItem\",\"position\":2,\"name\":\"Solutions\",\"item\":\"https:\\\/\\\/ghinduction.com\\\/fr-fr\\\/solutions\\\/\"},{\"@type\":\"ListItem\",\"position\":3,\"name\":\"Industries\",\"item\":\"https:\\\/\\\/ghinduction.com\\\/fr-fr\\\/solutions\\\/industries\\\/\"},{\"@type\":\"ListItem\",\"position\":4,\"name\":\"Machines lourdes et camions\"}]},{\"@type\":\"WebSite\",\"@id\":\"https:\\\/\\\/ghinduction.com\\\/fr-fr\\\/#website\",\"url\":\"https:\\\/\\\/ghinduction.com\\\/fr-fr\\\/\",\"name\":\"GH Induction - Experts in Induction Heat Treatment and Induction Heating\",\"description\":\"GH Induction offers advanced induction heat treatment and heating solutions for various industrial applications. With over 60 years of experience, our innovative systems ensure efficiency and quality across diverse sectors globally.\",\"publisher\":{\"@id\":\"https:\\\/\\\/ghinduction.com\\\/fr-fr\\\/#organization\"},\"alternateName\":\"GH Induction\",\"potentialAction\":[{\"@type\":\"SearchAction\",\"target\":{\"@type\":\"EntryPoint\",\"urlTemplate\":\"https:\\\/\\\/ghinduction.com\\\/fr-fr\\\/?s={search_term_string}\"},\"query-input\":{\"@type\":\"PropertyValueSpecification\",\"valueRequired\":true,\"valueName\":\"search_term_string\"}}],\"inLanguage\":\"fr-FR\"},{\"@type\":\"Organization\",\"@id\":\"https:\\\/\\\/ghinduction.com\\\/fr-fr\\\/#organization\",\"name\":\"GH Induction - Experts in Induction Heat Treatment and Induction Heating\",\"alternateName\":\"GH Induction\",\"url\":\"https:\\\/\\\/ghinduction.com\\\/fr-fr\\\/\",\"logo\":{\"@type\":\"ImageObject\",\"inLanguage\":\"fr-FR\",\"@id\":\"https:\\\/\\\/ghinduction.com\\\/fr-fr\\\/#\\\/schema\\\/logo\\\/image\\\/\",\"url\":\"https:\\\/\\\/ghinduction.com\\\/wp-content\\\/uploads\\\/2024\\\/05\\\/logo-gh-induction.png\",\"contentUrl\":\"https:\\\/\\\/ghinduction.com\\\/wp-content\\\/uploads\\\/2024\\\/05\\\/logo-gh-induction.png\",\"width\":225,\"height\":225,\"caption\":\"GH Induction - Experts in Induction Heat Treatment and Induction Heating\"},\"image\":{\"@id\":\"https:\\\/\\\/ghinduction.com\\\/fr-fr\\\/#\\\/schema\\\/logo\\\/image\\\/\"},\"sameAs\":[\"https:\\\/\\\/www.facebook.com\\\/ghinductionheating\",\"https:\\\/\\\/www.linkedin.com\\\/company\\\/gh-induction\\\/\",\"https:\\\/\\\/www.youtube.com\\\/user\\\/GhInduction\"]}]}<\/script>\n<!-- \/ Yoast SEO plugin. -->","yoast_head_json":{"title":"Solutions de chauffage par induction pour les engines TP et camions | GH INDUCTION","description":"Solutions de chauffage par induction pour les composants des engins de chantier, des mines, de l'agriculture, de la sylviculture et des camions. Machines \u00e0 haut rendement pour le traitement thermique de leurs composants, axes d'arbres, roulements, bagues, engrenages, couronnes, pignons, roues folles, socs et patins de chenilles , bagues, c\u00e2mes et arbres \u00e0 c\u00e2mes dans les moteurs hydrauliques et les pi\u00e8ces de transmission.","robots":{"index":"index","follow":"follow","max-snippet":"max-snippet:-1","max-image-preview":"max-image-preview:large","max-video-preview":"max-video-preview:-1"},"canonical":"https:\/\/ghinduction.com\/fr-fr\/solutions\/industries\/camions-machines-lourdes\/","og_locale":"fr_FR","og_type":"article","og_title":"Solutions de chauffage par induction pour les engines TP et camions | GH INDUCTION","og_description":"Solutions de chauffage par induction pour les composants des engins de chantier, des mines, de l'agriculture, de la sylviculture et des camions. Machines \u00e0 haut rendement pour le traitement thermique de leurs composants, axes d'arbres, roulements, bagues, engrenages, couronnes, pignons, roues folles, socs et patins de chenilles , bagues, c\u00e2mes et arbres \u00e0 c\u00e2mes dans les moteurs hydrauliques et les pi\u00e8ces de transmission.","og_url":"https:\/\/ghinduction.com\/fr-fr\/solutions\/industries\/camions-machines-lourdes\/","og_site_name":"GH Induction France","article_publisher":"https:\/\/www.facebook.com\/ghinductionheating","article_modified_time":"2024-12-09T10:52:25+00:00","twitter_card":"summary_large_image","schema":{"@context":"https:\/\/schema.org","@graph":[{"@type":"WebPage","@id":"https:\/\/ghinduction.com\/fr-fr\/solutions\/industries\/camions-machines-lourdes\/","url":"https:\/\/ghinduction.com\/fr-fr\/solutions\/industries\/camions-machines-lourdes\/","name":"Solutions de chauffage par induction pour les engines TP et camions | GH INDUCTION","isPartOf":{"@id":"https:\/\/ghinduction.com\/fr-fr\/#website"},"datePublished":"2023-01-09T09:02:36+00:00","dateModified":"2024-12-09T10:52:25+00:00","description":"Solutions de chauffage par induction pour les composants des engins de chantier, des mines, de l'agriculture, de la sylviculture et des camions. Machines \u00e0 haut rendement pour le traitement thermique de leurs composants, axes d'arbres, roulements, bagues, engrenages, couronnes, pignons, roues folles, socs et patins de chenilles , bagues, c\u00e2mes et arbres \u00e0 c\u00e2mes dans les moteurs hydrauliques et les pi\u00e8ces de transmission.","breadcrumb":{"@id":"https:\/\/ghinduction.com\/fr-fr\/solutions\/industries\/camions-machines-lourdes\/#breadcrumb"},"inLanguage":"fr-FR","potentialAction":[{"@type":"ReadAction","target":["https:\/\/ghinduction.com\/fr-fr\/solutions\/industries\/camions-machines-lourdes\/"]}]},{"@type":"BreadcrumbList","@id":"https:\/\/ghinduction.com\/fr-fr\/solutions\/industries\/camions-machines-lourdes\/#breadcrumb","itemListElement":[{"@type":"ListItem","position":1,"name":"Home","item":"https:\/\/ghinduction.com\/fr-fr\/"},{"@type":"ListItem","position":2,"name":"Solutions","item":"https:\/\/ghinduction.com\/fr-fr\/solutions\/"},{"@type":"ListItem","position":3,"name":"Industries","item":"https:\/\/ghinduction.com\/fr-fr\/solutions\/industries\/"},{"@type":"ListItem","position":4,"name":"Machines lourdes et camions"}]},{"@type":"WebSite","@id":"https:\/\/ghinduction.com\/fr-fr\/#website","url":"https:\/\/ghinduction.com\/fr-fr\/","name":"GH Induction - Experts in Induction Heat Treatment and Induction Heating","description":"GH Induction offers advanced induction heat treatment and heating solutions for various industrial applications. With over 60 years of experience, our innovative systems ensure efficiency and quality across diverse sectors globally.","publisher":{"@id":"https:\/\/ghinduction.com\/fr-fr\/#organization"},"alternateName":"GH Induction","potentialAction":[{"@type":"SearchAction","target":{"@type":"EntryPoint","urlTemplate":"https:\/\/ghinduction.com\/fr-fr\/?s={search_term_string}"},"query-input":{"@type":"PropertyValueSpecification","valueRequired":true,"valueName":"search_term_string"}}],"inLanguage":"fr-FR"},{"@type":"Organization","@id":"https:\/\/ghinduction.com\/fr-fr\/#organization","name":"GH Induction - Experts in Induction Heat Treatment and Induction Heating","alternateName":"GH Induction","url":"https:\/\/ghinduction.com\/fr-fr\/","logo":{"@type":"ImageObject","inLanguage":"fr-FR","@id":"https:\/\/ghinduction.com\/fr-fr\/#\/schema\/logo\/image\/","url":"https:\/\/ghinduction.com\/wp-content\/uploads\/2024\/05\/logo-gh-induction.png","contentUrl":"https:\/\/ghinduction.com\/wp-content\/uploads\/2024\/05\/logo-gh-induction.png","width":225,"height":225,"caption":"GH Induction - Experts in Induction Heat Treatment and Induction Heating"},"image":{"@id":"https:\/\/ghinduction.com\/fr-fr\/#\/schema\/logo\/image\/"},"sameAs":["https:\/\/www.facebook.com\/ghinductionheating","https:\/\/www.linkedin.com\/company\/gh-induction\/","https:\/\/www.youtube.com\/user\/GhInduction"]}]}},"_links":{"self":[{"href":"https:\/\/ghinduction.com\/fr-fr\/wp-json\/wp\/v2\/pages\/33087","targetHints":{"allow":["GET"]}}],"collection":[{"href":"https:\/\/ghinduction.com\/fr-fr\/wp-json\/wp\/v2\/pages"}],"about":[{"href":"https:\/\/ghinduction.com\/fr-fr\/wp-json\/wp\/v2\/types\/page"}],"author":[{"embeddable":true,"href":"https:\/\/ghinduction.com\/fr-fr\/wp-json\/wp\/v2\/users\/1"}],"replies":[{"embeddable":true,"href":"https:\/\/ghinduction.com\/fr-fr\/wp-json\/wp\/v2\/comments?post=33087"}],"version-history":[{"count":0,"href":"https:\/\/ghinduction.com\/fr-fr\/wp-json\/wp\/v2\/pages\/33087\/revisions"}],"up":[{"embeddable":true,"href":"https:\/\/ghinduction.com\/fr-fr\/wp-json\/wp\/v2\/pages\/24741"}],"wp:attachment":[{"href":"https:\/\/ghinduction.com\/fr-fr\/wp-json\/wp\/v2\/media?parent=33087"}],"wp:term":[{"taxonomy":"industry","embeddable":true,"href":"https:\/\/ghinduction.com\/fr-fr\/wp-json\/wp\/v2\/industry?post=33087"},{"taxonomy":"processes","embeddable":true,"href":"https:\/\/ghinduction.com\/fr-fr\/wp-json\/wp\/v2\/processes?post=33087"},{"taxonomy":"solutions","embeddable":true,"href":"https:\/\/ghinduction.com\/fr-fr\/wp-json\/wp\/v2\/solutions?post=33087"}],"curies":[{"name":"wp","href":"https:\/\/api.w.org\/{rel}","templated":true}]}}