{"id":33088,"date":"2023-01-09T09:02:37","date_gmt":"2023-01-09T09:02:37","guid":{"rendered":"https:\/\/ghinduction.com\/solutions\/industries\/tube-tuyau\/"},"modified":"2026-02-26T09:53:41","modified_gmt":"2026-02-26T09:53:41","slug":"tube-tuyau","status":"publish","type":"page","link":"https:\/\/ghinduction.com\/fr-fr\/solutions\/industries\/tube-tuyau\/","title":{"rendered":"Tubes et tuyaux"},"content":{"rendered":"","protected":false},"excerpt":{"rendered":"","protected":false},"author":1,"featured_media":0,"parent":24741,"menu_order":52,"comment_status":"closed","ping_status":"closed","template":"","meta":{"_acf_changed":false,"footnotes":""},"industry":[],"processes":[],"solutions":[],"class_list":["post-33088","page","type-page","status-publish","hentry"],"acf":[],"yoast_head":"<!-- This site is optimized with the Yoast SEO plugin v27.3 - https:\/\/yoast.com\/product\/yoast-seo-wordpress\/ -->\n<title>Solutions de chauffage par induction pour tubes et tuyaux | GH Induction<\/title>\n<meta name=\"description\" content=\"GH Induction d\u00e9veloppe des solutions d&#039;induction pour les besoins de fabrication de tubes et de tuyaux, quels que soient le lieu, la taille et l&#039;alliage. L&#039;efficacit\u00e9 \u00e9nerg\u00e9tique est l&#039;une des plus \u00e9lev\u00e9es du march\u00e9. Les solutions peuvent couvrir diff\u00e9rents processus : soudage, traitement thermique apr\u00e8s soudage, trempe, revenu, rev\u00eatement ou s\u00e9chage.\" \/>\n<meta name=\"robots\" content=\"index, follow, max-snippet:-1, max-image-preview:large, max-video-preview:-1\" \/>\n<link rel=\"canonical\" href=\"https:\/\/ghinduction.com\/fr-fr\/solutions\/industries\/tube-tuyau\/\" \/>\n<meta property=\"og:locale\" content=\"fr_FR\" \/>\n<meta property=\"og:type\" content=\"article\" \/>\n<meta property=\"og:title\" content=\"Solutions de chauffage par induction pour tubes et tuyaux | GH Induction\" \/>\n<meta property=\"og:description\" content=\"GH Induction d\u00e9veloppe des solutions d&#039;induction pour les besoins de fabrication de tubes et de tuyaux, quels que soient le lieu, la taille et l&#039;alliage. L&#039;efficacit\u00e9 \u00e9nerg\u00e9tique est l&#039;une des plus \u00e9lev\u00e9es du march\u00e9. Les solutions peuvent couvrir diff\u00e9rents processus : soudage, traitement thermique apr\u00e8s soudage, trempe, revenu, rev\u00eatement ou s\u00e9chage.\" \/>\n<meta property=\"og:url\" content=\"https:\/\/ghinduction.com\/fr-fr\/solutions\/industries\/tube-tuyau\/\" \/>\n<meta property=\"og:site_name\" content=\"GH Induction France\" \/>\n<meta property=\"article:publisher\" content=\"https:\/\/www.facebook.com\/ghinductionheating\" \/>\n<meta property=\"article:modified_time\" content=\"2026-02-26T09:53:41+00:00\" \/>\n<meta name=\"twitter:card\" content=\"summary_large_image\" \/>\n<script type=\"application\/ld+json\" class=\"yoast-schema-graph\">{\"@context\":\"https:\\\/\\\/schema.org\",\"@graph\":[{\"@type\":\"WebPage\",\"@id\":\"https:\\\/\\\/ghinduction.com\\\/fr-fr\\\/solutions\\\/industries\\\/tube-tuyau\\\/\",\"url\":\"https:\\\/\\\/ghinduction.com\\\/fr-fr\\\/solutions\\\/industries\\\/tube-tuyau\\\/\",\"name\":\"Solutions de chauffage par induction pour tubes et tuyaux | GH Induction\",\"isPartOf\":{\"@id\":\"https:\\\/\\\/ghinduction.com\\\/fr-fr\\\/#website\"},\"datePublished\":\"2023-01-09T09:02:37+00:00\",\"dateModified\":\"2026-02-26T09:53:41+00:00\",\"description\":\"GH Induction d\u00e9veloppe des solutions d'induction pour les besoins de fabrication de tubes et de tuyaux, quels que soient le lieu, la taille et l'alliage. L'efficacit\u00e9 \u00e9nerg\u00e9tique est l'une des plus \u00e9lev\u00e9es du march\u00e9. Les solutions peuvent couvrir diff\u00e9rents processus : soudage, traitement thermique apr\u00e8s soudage, trempe, revenu, rev\u00eatement ou s\u00e9chage.\",\"breadcrumb\":{\"@id\":\"https:\\\/\\\/ghinduction.com\\\/fr-fr\\\/solutions\\\/industries\\\/tube-tuyau\\\/#breadcrumb\"},\"inLanguage\":\"fr-FR\",\"potentialAction\":[{\"@type\":\"ReadAction\",\"target\":[\"https:\\\/\\\/ghinduction.com\\\/fr-fr\\\/solutions\\\/industries\\\/tube-tuyau\\\/\"]}]},{\"@type\":\"BreadcrumbList\",\"@id\":\"https:\\\/\\\/ghinduction.com\\\/fr-fr\\\/solutions\\\/industries\\\/tube-tuyau\\\/#breadcrumb\",\"itemListElement\":[{\"@type\":\"ListItem\",\"position\":1,\"name\":\"Home\",\"item\":\"https:\\\/\\\/ghinduction.com\\\/fr-fr\\\/\"},{\"@type\":\"ListItem\",\"position\":2,\"name\":\"Solutions\",\"item\":\"https:\\\/\\\/ghinduction.com\\\/fr-fr\\\/solutions\\\/\"},{\"@type\":\"ListItem\",\"position\":3,\"name\":\"Industries\",\"item\":\"https:\\\/\\\/ghinduction.com\\\/fr-fr\\\/solutions\\\/industries\\\/\"},{\"@type\":\"ListItem\",\"position\":4,\"name\":\"Tubes et tuyaux\"}]},{\"@type\":\"WebSite\",\"@id\":\"https:\\\/\\\/ghinduction.com\\\/fr-fr\\\/#website\",\"url\":\"https:\\\/\\\/ghinduction.com\\\/fr-fr\\\/\",\"name\":\"GH Induction - Experts in Induction Heat Treatment and Induction Heating\",\"description\":\"GH Induction offers advanced induction heat treatment and heating solutions for various industrial applications. With over 60 years of experience, our innovative systems ensure efficiency and quality across diverse sectors globally.\",\"publisher\":{\"@id\":\"https:\\\/\\\/ghinduction.com\\\/fr-fr\\\/#organization\"},\"alternateName\":\"GH Induction\",\"potentialAction\":[{\"@type\":\"SearchAction\",\"target\":{\"@type\":\"EntryPoint\",\"urlTemplate\":\"https:\\\/\\\/ghinduction.com\\\/fr-fr\\\/?s={search_term_string}\"},\"query-input\":{\"@type\":\"PropertyValueSpecification\",\"valueRequired\":true,\"valueName\":\"search_term_string\"}}],\"inLanguage\":\"fr-FR\"},{\"@type\":\"Organization\",\"@id\":\"https:\\\/\\\/ghinduction.com\\\/fr-fr\\\/#organization\",\"name\":\"GH Induction - Experts in Induction Heat Treatment and Induction Heating\",\"alternateName\":\"GH Induction\",\"url\":\"https:\\\/\\\/ghinduction.com\\\/fr-fr\\\/\",\"logo\":{\"@type\":\"ImageObject\",\"inLanguage\":\"fr-FR\",\"@id\":\"https:\\\/\\\/ghinduction.com\\\/fr-fr\\\/#\\\/schema\\\/logo\\\/image\\\/\",\"url\":\"https:\\\/\\\/ghinduction.com\\\/wp-content\\\/uploads\\\/2024\\\/05\\\/logo-gh-induction.png\",\"contentUrl\":\"https:\\\/\\\/ghinduction.com\\\/wp-content\\\/uploads\\\/2024\\\/05\\\/logo-gh-induction.png\",\"width\":225,\"height\":225,\"caption\":\"GH Induction - Experts in Induction Heat Treatment and Induction Heating\"},\"image\":{\"@id\":\"https:\\\/\\\/ghinduction.com\\\/fr-fr\\\/#\\\/schema\\\/logo\\\/image\\\/\"},\"sameAs\":[\"https:\\\/\\\/www.facebook.com\\\/ghinductionheating\",\"https:\\\/\\\/www.linkedin.com\\\/company\\\/gh-induction\\\/\",\"https:\\\/\\\/www.youtube.com\\\/user\\\/GhInduction\"]}]}<\/script>\n<!-- \/ Yoast SEO plugin. -->","yoast_head_json":{"title":"Solutions de chauffage par induction pour tubes et tuyaux | GH Induction","description":"GH Induction d\u00e9veloppe des solutions d'induction pour les besoins de fabrication de tubes et de tuyaux, quels que soient le lieu, la taille et l'alliage. L'efficacit\u00e9 \u00e9nerg\u00e9tique est l'une des plus \u00e9lev\u00e9es du march\u00e9. Les solutions peuvent couvrir diff\u00e9rents processus : soudage, traitement thermique apr\u00e8s soudage, trempe, revenu, rev\u00eatement ou s\u00e9chage.","robots":{"index":"index","follow":"follow","max-snippet":"max-snippet:-1","max-image-preview":"max-image-preview:large","max-video-preview":"max-video-preview:-1"},"canonical":"https:\/\/ghinduction.com\/fr-fr\/solutions\/industries\/tube-tuyau\/","og_locale":"fr_FR","og_type":"article","og_title":"Solutions de chauffage par induction pour tubes et tuyaux | GH Induction","og_description":"GH Induction d\u00e9veloppe des solutions d'induction pour les besoins de fabrication de tubes et de tuyaux, quels que soient le lieu, la taille et l'alliage. L'efficacit\u00e9 \u00e9nerg\u00e9tique est l'une des plus \u00e9lev\u00e9es du march\u00e9. Les solutions peuvent couvrir diff\u00e9rents processus : soudage, traitement thermique apr\u00e8s soudage, trempe, revenu, rev\u00eatement ou s\u00e9chage.","og_url":"https:\/\/ghinduction.com\/fr-fr\/solutions\/industries\/tube-tuyau\/","og_site_name":"GH Induction France","article_publisher":"https:\/\/www.facebook.com\/ghinductionheating","article_modified_time":"2026-02-26T09:53:41+00:00","twitter_card":"summary_large_image","schema":{"@context":"https:\/\/schema.org","@graph":[{"@type":"WebPage","@id":"https:\/\/ghinduction.com\/fr-fr\/solutions\/industries\/tube-tuyau\/","url":"https:\/\/ghinduction.com\/fr-fr\/solutions\/industries\/tube-tuyau\/","name":"Solutions de chauffage par induction pour tubes et tuyaux | GH Induction","isPartOf":{"@id":"https:\/\/ghinduction.com\/fr-fr\/#website"},"datePublished":"2023-01-09T09:02:37+00:00","dateModified":"2026-02-26T09:53:41+00:00","description":"GH Induction d\u00e9veloppe des solutions d'induction pour les besoins de fabrication de tubes et de tuyaux, quels que soient le lieu, la taille et l'alliage. L'efficacit\u00e9 \u00e9nerg\u00e9tique est l'une des plus \u00e9lev\u00e9es du march\u00e9. Les solutions peuvent couvrir diff\u00e9rents processus : soudage, traitement thermique apr\u00e8s soudage, trempe, revenu, rev\u00eatement ou s\u00e9chage.","breadcrumb":{"@id":"https:\/\/ghinduction.com\/fr-fr\/solutions\/industries\/tube-tuyau\/#breadcrumb"},"inLanguage":"fr-FR","potentialAction":[{"@type":"ReadAction","target":["https:\/\/ghinduction.com\/fr-fr\/solutions\/industries\/tube-tuyau\/"]}]},{"@type":"BreadcrumbList","@id":"https:\/\/ghinduction.com\/fr-fr\/solutions\/industries\/tube-tuyau\/#breadcrumb","itemListElement":[{"@type":"ListItem","position":1,"name":"Home","item":"https:\/\/ghinduction.com\/fr-fr\/"},{"@type":"ListItem","position":2,"name":"Solutions","item":"https:\/\/ghinduction.com\/fr-fr\/solutions\/"},{"@type":"ListItem","position":3,"name":"Industries","item":"https:\/\/ghinduction.com\/fr-fr\/solutions\/industries\/"},{"@type":"ListItem","position":4,"name":"Tubes et tuyaux"}]},{"@type":"WebSite","@id":"https:\/\/ghinduction.com\/fr-fr\/#website","url":"https:\/\/ghinduction.com\/fr-fr\/","name":"GH Induction - Experts in Induction Heat Treatment and Induction Heating","description":"GH Induction offers advanced induction heat treatment and heating solutions for various industrial applications. With over 60 years of experience, our innovative systems ensure efficiency and quality across diverse sectors globally.","publisher":{"@id":"https:\/\/ghinduction.com\/fr-fr\/#organization"},"alternateName":"GH Induction","potentialAction":[{"@type":"SearchAction","target":{"@type":"EntryPoint","urlTemplate":"https:\/\/ghinduction.com\/fr-fr\/?s={search_term_string}"},"query-input":{"@type":"PropertyValueSpecification","valueRequired":true,"valueName":"search_term_string"}}],"inLanguage":"fr-FR"},{"@type":"Organization","@id":"https:\/\/ghinduction.com\/fr-fr\/#organization","name":"GH Induction - Experts in Induction Heat Treatment and Induction Heating","alternateName":"GH Induction","url":"https:\/\/ghinduction.com\/fr-fr\/","logo":{"@type":"ImageObject","inLanguage":"fr-FR","@id":"https:\/\/ghinduction.com\/fr-fr\/#\/schema\/logo\/image\/","url":"https:\/\/ghinduction.com\/wp-content\/uploads\/2024\/05\/logo-gh-induction.png","contentUrl":"https:\/\/ghinduction.com\/wp-content\/uploads\/2024\/05\/logo-gh-induction.png","width":225,"height":225,"caption":"GH Induction - Experts in Induction Heat Treatment and Induction Heating"},"image":{"@id":"https:\/\/ghinduction.com\/fr-fr\/#\/schema\/logo\/image\/"},"sameAs":["https:\/\/www.facebook.com\/ghinductionheating","https:\/\/www.linkedin.com\/company\/gh-induction\/","https:\/\/www.youtube.com\/user\/GhInduction"]}]}},"_links":{"self":[{"href":"https:\/\/ghinduction.com\/fr-fr\/wp-json\/wp\/v2\/pages\/33088","targetHints":{"allow":["GET"]}}],"collection":[{"href":"https:\/\/ghinduction.com\/fr-fr\/wp-json\/wp\/v2\/pages"}],"about":[{"href":"https:\/\/ghinduction.com\/fr-fr\/wp-json\/wp\/v2\/types\/page"}],"author":[{"embeddable":true,"href":"https:\/\/ghinduction.com\/fr-fr\/wp-json\/wp\/v2\/users\/1"}],"replies":[{"embeddable":true,"href":"https:\/\/ghinduction.com\/fr-fr\/wp-json\/wp\/v2\/comments?post=33088"}],"version-history":[{"count":1,"href":"https:\/\/ghinduction.com\/fr-fr\/wp-json\/wp\/v2\/pages\/33088\/revisions"}],"predecessor-version":[{"id":65863,"href":"https:\/\/ghinduction.com\/fr-fr\/wp-json\/wp\/v2\/pages\/33088\/revisions\/65863"}],"up":[{"embeddable":true,"href":"https:\/\/ghinduction.com\/fr-fr\/wp-json\/wp\/v2\/pages\/24741"}],"wp:attachment":[{"href":"https:\/\/ghinduction.com\/fr-fr\/wp-json\/wp\/v2\/media?parent=33088"}],"wp:term":[{"taxonomy":"industry","embeddable":true,"href":"https:\/\/ghinduction.com\/fr-fr\/wp-json\/wp\/v2\/industry?post=33088"},{"taxonomy":"processes","embeddable":true,"href":"https:\/\/ghinduction.com\/fr-fr\/wp-json\/wp\/v2\/processes?post=33088"},{"taxonomy":"solutions","embeddable":true,"href":"https:\/\/ghinduction.com\/fr-fr\/wp-json\/wp\/v2\/solutions?post=33088"}],"curies":[{"name":"wp","href":"https:\/\/api.w.org\/{rel}","templated":true}]}}