{"id":60904,"date":"2023-01-09T09:02:06","date_gmt":"2023-01-09T09:02:06","guid":{"rendered":"https:\/\/ghinduction.com\/produits-services\/systemes-chauffage-induction\/"},"modified":"2026-02-25T12:28:05","modified_gmt":"2026-02-25T12:28:05","slug":"systemes-chauffage-induction","status":"publish","type":"page","link":"https:\/\/ghinduction.com\/fr-fr\/produits-services\/systemes-chauffage-induction\/","title":{"rendered":"\u00c9quipement d&rsquo;induction"},"content":{"rendered":"","protected":false},"excerpt":{"rendered":"","protected":false},"author":1,"featured_media":29879,"parent":24437,"menu_order":7,"comment_status":"closed","ping_status":"closed","template":"","meta":{"_acf_changed":false,"footnotes":""},"industry":[],"processes":[],"solutions":[],"class_list":["post-60904","page","type-page","status-publish","has-post-thumbnail","hentry"],"acf":[],"yoast_head":"<!-- This site is optimized with the Yoast SEO plugin v27.3 - https:\/\/yoast.com\/product\/yoast-seo-wordpress\/ -->\n<title>Syst\u00e8mes de chauffage par induction - GH Induction<\/title>\n<meta name=\"description\" content=\"Les syst\u00e8mes d&#039;induction industriels GH sont con\u00e7us pour maximiser l&#039;efficacit\u00e9 des processus et la dur\u00e9e de vie des \u00e9quipements. Ils couvrent une large gamme de fr\u00e9quences et de puissances avec des conceptions adapt\u00e9es \u00e0 toutes les utilisations : syst\u00e8mes manuels, automatis\u00e9s, stationnaires et mobiles.\" \/>\n<meta name=\"robots\" content=\"index, follow, max-snippet:-1, max-image-preview:large, max-video-preview:-1\" \/>\n<link rel=\"canonical\" href=\"https:\/\/ghinduction.com\/fr-fr\/produits-services\/systemes-chauffage-induction\/\" \/>\n<meta property=\"og:locale\" content=\"fr_FR\" \/>\n<meta property=\"og:type\" content=\"article\" \/>\n<meta property=\"og:title\" content=\"Syst\u00e8mes de chauffage par induction - GH Induction\" \/>\n<meta property=\"og:description\" content=\"Les syst\u00e8mes d&#039;induction industriels GH sont con\u00e7us pour maximiser l&#039;efficacit\u00e9 des processus et la dur\u00e9e de vie des \u00e9quipements. Ils couvrent une large gamme de fr\u00e9quences et de puissances avec des conceptions adapt\u00e9es \u00e0 toutes les utilisations : syst\u00e8mes manuels, automatis\u00e9s, stationnaires et mobiles.\" \/>\n<meta property=\"og:url\" content=\"https:\/\/ghinduction.com\/fr-fr\/produits-services\/systemes-chauffage-induction\/\" \/>\n<meta property=\"og:site_name\" content=\"GH Induction France\" \/>\n<meta property=\"article:publisher\" content=\"https:\/\/www.facebook.com\/ghinductionheating\" \/>\n<meta property=\"article:modified_time\" content=\"2026-02-25T12:28:05+00:00\" \/>\n<meta property=\"og:image\" content=\"https:\/\/ghinduction.com\/wp-content\/uploads\/2023\/12\/Banner_Induction_heating_Systems_opt.jpg\" \/>\n\t<meta property=\"og:image:width\" content=\"1800\" \/>\n\t<meta property=\"og:image:height\" content=\"1200\" \/>\n\t<meta property=\"og:image:type\" content=\"image\/jpeg\" \/>\n<meta name=\"twitter:card\" content=\"summary_large_image\" \/>\n<meta name=\"twitter:label1\" content=\"Dur\u00e9e de lecture estim\u00e9e\" \/>\n\t<meta name=\"twitter:data1\" content=\"1 minute\" \/>\n<script type=\"application\/ld+json\" class=\"yoast-schema-graph\">{\"@context\":\"https:\\\/\\\/schema.org\",\"@graph\":[{\"@type\":\"WebPage\",\"@id\":\"https:\\\/\\\/ghinduction.com\\\/fr-fr\\\/produits-services\\\/systemes-chauffage-induction\\\/\",\"url\":\"https:\\\/\\\/ghinduction.com\\\/fr-fr\\\/produits-services\\\/systemes-chauffage-induction\\\/\",\"name\":\"Syst\u00e8mes de chauffage par induction - GH Induction\",\"isPartOf\":{\"@id\":\"https:\\\/\\\/ghinduction.com\\\/fr-fr\\\/#website\"},\"primaryImageOfPage\":{\"@id\":\"https:\\\/\\\/ghinduction.com\\\/fr-fr\\\/produits-services\\\/systemes-chauffage-induction\\\/#primaryimage\"},\"image\":{\"@id\":\"https:\\\/\\\/ghinduction.com\\\/fr-fr\\\/produits-services\\\/systemes-chauffage-induction\\\/#primaryimage\"},\"thumbnailUrl\":\"https:\\\/\\\/ghinduction.com\\\/wp-content\\\/uploads\\\/2023\\\/12\\\/Banner_Induction_heating_Systems_opt.jpg\",\"datePublished\":\"2023-01-09T09:02:06+00:00\",\"dateModified\":\"2026-02-25T12:28:05+00:00\",\"description\":\"Les syst\u00e8mes d'induction industriels GH sont con\u00e7us pour maximiser l'efficacit\u00e9 des processus et la dur\u00e9e de vie des \u00e9quipements. Ils couvrent une large gamme de fr\u00e9quences et de puissances avec des conceptions adapt\u00e9es \u00e0 toutes les utilisations : syst\u00e8mes manuels, automatis\u00e9s, stationnaires et mobiles.\",\"breadcrumb\":{\"@id\":\"https:\\\/\\\/ghinduction.com\\\/fr-fr\\\/produits-services\\\/systemes-chauffage-induction\\\/#breadcrumb\"},\"inLanguage\":\"fr-FR\",\"potentialAction\":[{\"@type\":\"ReadAction\",\"target\":[\"https:\\\/\\\/ghinduction.com\\\/fr-fr\\\/produits-services\\\/systemes-chauffage-induction\\\/\"]}]},{\"@type\":\"ImageObject\",\"inLanguage\":\"fr-FR\",\"@id\":\"https:\\\/\\\/ghinduction.com\\\/fr-fr\\\/produits-services\\\/systemes-chauffage-induction\\\/#primaryimage\",\"url\":\"https:\\\/\\\/ghinduction.com\\\/wp-content\\\/uploads\\\/2023\\\/12\\\/Banner_Induction_heating_Systems_opt.jpg\",\"contentUrl\":\"https:\\\/\\\/ghinduction.com\\\/wp-content\\\/uploads\\\/2023\\\/12\\\/Banner_Induction_heating_Systems_opt.jpg\",\"width\":1800,\"height\":1200},{\"@type\":\"BreadcrumbList\",\"@id\":\"https:\\\/\\\/ghinduction.com\\\/fr-fr\\\/produits-services\\\/systemes-chauffage-induction\\\/#breadcrumb\",\"itemListElement\":[{\"@type\":\"ListItem\",\"position\":1,\"name\":\"Home\",\"item\":\"https:\\\/\\\/ghinduction.com\\\/fr-fr\\\/\"},{\"@type\":\"ListItem\",\"position\":2,\"name\":\"Produits et Services\",\"item\":\"https:\\\/\\\/ghinduction.com\\\/fr-fr\\\/produits-services\\\/\"},{\"@type\":\"ListItem\",\"position\":3,\"name\":\"\u00c9quipement d&#8217;induction\"}]},{\"@type\":\"WebSite\",\"@id\":\"https:\\\/\\\/ghinduction.com\\\/fr-fr\\\/#website\",\"url\":\"https:\\\/\\\/ghinduction.com\\\/fr-fr\\\/\",\"name\":\"GH Induction - Experts in Induction Heat Treatment and Induction Heating\",\"description\":\"GH Induction offers advanced induction heat treatment and heating solutions for various industrial applications. With over 60 years of experience, our innovative systems ensure efficiency and quality across diverse sectors globally.\",\"publisher\":{\"@id\":\"https:\\\/\\\/ghinduction.com\\\/fr-fr\\\/#organization\"},\"alternateName\":\"GH Induction\",\"potentialAction\":[{\"@type\":\"SearchAction\",\"target\":{\"@type\":\"EntryPoint\",\"urlTemplate\":\"https:\\\/\\\/ghinduction.com\\\/fr-fr\\\/?s={search_term_string}\"},\"query-input\":{\"@type\":\"PropertyValueSpecification\",\"valueRequired\":true,\"valueName\":\"search_term_string\"}}],\"inLanguage\":\"fr-FR\"},{\"@type\":\"Organization\",\"@id\":\"https:\\\/\\\/ghinduction.com\\\/fr-fr\\\/#organization\",\"name\":\"GH Induction - Experts in Induction Heat Treatment and Induction Heating\",\"alternateName\":\"GH Induction\",\"url\":\"https:\\\/\\\/ghinduction.com\\\/fr-fr\\\/\",\"logo\":{\"@type\":\"ImageObject\",\"inLanguage\":\"fr-FR\",\"@id\":\"https:\\\/\\\/ghinduction.com\\\/fr-fr\\\/#\\\/schema\\\/logo\\\/image\\\/\",\"url\":\"https:\\\/\\\/ghinduction.com\\\/wp-content\\\/uploads\\\/2024\\\/05\\\/logo-gh-induction.png\",\"contentUrl\":\"https:\\\/\\\/ghinduction.com\\\/wp-content\\\/uploads\\\/2024\\\/05\\\/logo-gh-induction.png\",\"width\":225,\"height\":225,\"caption\":\"GH Induction - Experts in Induction Heat Treatment and Induction Heating\"},\"image\":{\"@id\":\"https:\\\/\\\/ghinduction.com\\\/fr-fr\\\/#\\\/schema\\\/logo\\\/image\\\/\"},\"sameAs\":[\"https:\\\/\\\/www.facebook.com\\\/ghinductionheating\",\"https:\\\/\\\/www.linkedin.com\\\/company\\\/gh-induction\\\/\",\"https:\\\/\\\/www.youtube.com\\\/user\\\/GhInduction\"]}]}<\/script>\n<!-- \/ Yoast SEO plugin. -->","yoast_head_json":{"title":"Syst\u00e8mes de chauffage par induction - GH Induction","description":"Les syst\u00e8mes d'induction industriels GH sont con\u00e7us pour maximiser l'efficacit\u00e9 des processus et la dur\u00e9e de vie des \u00e9quipements. Ils couvrent une large gamme de fr\u00e9quences et de puissances avec des conceptions adapt\u00e9es \u00e0 toutes les utilisations : syst\u00e8mes manuels, automatis\u00e9s, stationnaires et mobiles.","robots":{"index":"index","follow":"follow","max-snippet":"max-snippet:-1","max-image-preview":"max-image-preview:large","max-video-preview":"max-video-preview:-1"},"canonical":"https:\/\/ghinduction.com\/fr-fr\/produits-services\/systemes-chauffage-induction\/","og_locale":"fr_FR","og_type":"article","og_title":"Syst\u00e8mes de chauffage par induction - GH Induction","og_description":"Les syst\u00e8mes d'induction industriels GH sont con\u00e7us pour maximiser l'efficacit\u00e9 des processus et la dur\u00e9e de vie des \u00e9quipements. Ils couvrent une large gamme de fr\u00e9quences et de puissances avec des conceptions adapt\u00e9es \u00e0 toutes les utilisations : syst\u00e8mes manuels, automatis\u00e9s, stationnaires et mobiles.","og_url":"https:\/\/ghinduction.com\/fr-fr\/produits-services\/systemes-chauffage-induction\/","og_site_name":"GH Induction France","article_publisher":"https:\/\/www.facebook.com\/ghinductionheating","article_modified_time":"2026-02-25T12:28:05+00:00","og_image":[{"width":1800,"height":1200,"url":"https:\/\/ghinduction.com\/wp-content\/uploads\/2023\/12\/Banner_Induction_heating_Systems_opt.jpg","type":"image\/jpeg"}],"twitter_card":"summary_large_image","twitter_misc":{"Dur\u00e9e de lecture estim\u00e9e":"1 minute"},"schema":{"@context":"https:\/\/schema.org","@graph":[{"@type":"WebPage","@id":"https:\/\/ghinduction.com\/fr-fr\/produits-services\/systemes-chauffage-induction\/","url":"https:\/\/ghinduction.com\/fr-fr\/produits-services\/systemes-chauffage-induction\/","name":"Syst\u00e8mes de chauffage par induction - GH Induction","isPartOf":{"@id":"https:\/\/ghinduction.com\/fr-fr\/#website"},"primaryImageOfPage":{"@id":"https:\/\/ghinduction.com\/fr-fr\/produits-services\/systemes-chauffage-induction\/#primaryimage"},"image":{"@id":"https:\/\/ghinduction.com\/fr-fr\/produits-services\/systemes-chauffage-induction\/#primaryimage"},"thumbnailUrl":"https:\/\/ghinduction.com\/wp-content\/uploads\/2023\/12\/Banner_Induction_heating_Systems_opt.jpg","datePublished":"2023-01-09T09:02:06+00:00","dateModified":"2026-02-25T12:28:05+00:00","description":"Les syst\u00e8mes d'induction industriels GH sont con\u00e7us pour maximiser l'efficacit\u00e9 des processus et la dur\u00e9e de vie des \u00e9quipements. Ils couvrent une large gamme de fr\u00e9quences et de puissances avec des conceptions adapt\u00e9es \u00e0 toutes les utilisations : syst\u00e8mes manuels, automatis\u00e9s, stationnaires et mobiles.","breadcrumb":{"@id":"https:\/\/ghinduction.com\/fr-fr\/produits-services\/systemes-chauffage-induction\/#breadcrumb"},"inLanguage":"fr-FR","potentialAction":[{"@type":"ReadAction","target":["https:\/\/ghinduction.com\/fr-fr\/produits-services\/systemes-chauffage-induction\/"]}]},{"@type":"ImageObject","inLanguage":"fr-FR","@id":"https:\/\/ghinduction.com\/fr-fr\/produits-services\/systemes-chauffage-induction\/#primaryimage","url":"https:\/\/ghinduction.com\/wp-content\/uploads\/2023\/12\/Banner_Induction_heating_Systems_opt.jpg","contentUrl":"https:\/\/ghinduction.com\/wp-content\/uploads\/2023\/12\/Banner_Induction_heating_Systems_opt.jpg","width":1800,"height":1200},{"@type":"BreadcrumbList","@id":"https:\/\/ghinduction.com\/fr-fr\/produits-services\/systemes-chauffage-induction\/#breadcrumb","itemListElement":[{"@type":"ListItem","position":1,"name":"Home","item":"https:\/\/ghinduction.com\/fr-fr\/"},{"@type":"ListItem","position":2,"name":"Produits et Services","item":"https:\/\/ghinduction.com\/fr-fr\/produits-services\/"},{"@type":"ListItem","position":3,"name":"\u00c9quipement d&#8217;induction"}]},{"@type":"WebSite","@id":"https:\/\/ghinduction.com\/fr-fr\/#website","url":"https:\/\/ghinduction.com\/fr-fr\/","name":"GH Induction - Experts in Induction Heat Treatment and Induction Heating","description":"GH Induction offers advanced induction heat treatment and heating solutions for various industrial applications. With over 60 years of experience, our innovative systems ensure efficiency and quality across diverse sectors globally.","publisher":{"@id":"https:\/\/ghinduction.com\/fr-fr\/#organization"},"alternateName":"GH Induction","potentialAction":[{"@type":"SearchAction","target":{"@type":"EntryPoint","urlTemplate":"https:\/\/ghinduction.com\/fr-fr\/?s={search_term_string}"},"query-input":{"@type":"PropertyValueSpecification","valueRequired":true,"valueName":"search_term_string"}}],"inLanguage":"fr-FR"},{"@type":"Organization","@id":"https:\/\/ghinduction.com\/fr-fr\/#organization","name":"GH Induction - Experts in Induction Heat Treatment and Induction Heating","alternateName":"GH Induction","url":"https:\/\/ghinduction.com\/fr-fr\/","logo":{"@type":"ImageObject","inLanguage":"fr-FR","@id":"https:\/\/ghinduction.com\/fr-fr\/#\/schema\/logo\/image\/","url":"https:\/\/ghinduction.com\/wp-content\/uploads\/2024\/05\/logo-gh-induction.png","contentUrl":"https:\/\/ghinduction.com\/wp-content\/uploads\/2024\/05\/logo-gh-induction.png","width":225,"height":225,"caption":"GH Induction - Experts in Induction Heat Treatment and Induction Heating"},"image":{"@id":"https:\/\/ghinduction.com\/fr-fr\/#\/schema\/logo\/image\/"},"sameAs":["https:\/\/www.facebook.com\/ghinductionheating","https:\/\/www.linkedin.com\/company\/gh-induction\/","https:\/\/www.youtube.com\/user\/GhInduction"]}]}},"_links":{"self":[{"href":"https:\/\/ghinduction.com\/fr-fr\/wp-json\/wp\/v2\/pages\/60904","targetHints":{"allow":["GET"]}}],"collection":[{"href":"https:\/\/ghinduction.com\/fr-fr\/wp-json\/wp\/v2\/pages"}],"about":[{"href":"https:\/\/ghinduction.com\/fr-fr\/wp-json\/wp\/v2\/types\/page"}],"author":[{"embeddable":true,"href":"https:\/\/ghinduction.com\/fr-fr\/wp-json\/wp\/v2\/users\/1"}],"replies":[{"embeddable":true,"href":"https:\/\/ghinduction.com\/fr-fr\/wp-json\/wp\/v2\/comments?post=60904"}],"version-history":[{"count":1,"href":"https:\/\/ghinduction.com\/fr-fr\/wp-json\/wp\/v2\/pages\/60904\/revisions"}],"predecessor-version":[{"id":65186,"href":"https:\/\/ghinduction.com\/fr-fr\/wp-json\/wp\/v2\/pages\/60904\/revisions\/65186"}],"up":[{"embeddable":true,"href":"https:\/\/ghinduction.com\/fr-fr\/wp-json\/wp\/v2\/pages\/24437"}],"wp:featuredmedia":[{"embeddable":true,"href":"https:\/\/ghinduction.com\/fr-fr\/wp-json\/wp\/v2\/media\/29879"}],"wp:attachment":[{"href":"https:\/\/ghinduction.com\/fr-fr\/wp-json\/wp\/v2\/media?parent=60904"}],"wp:term":[{"taxonomy":"industry","embeddable":true,"href":"https:\/\/ghinduction.com\/fr-fr\/wp-json\/wp\/v2\/industry?post=60904"},{"taxonomy":"processes","embeddable":true,"href":"https:\/\/ghinduction.com\/fr-fr\/wp-json\/wp\/v2\/processes?post=60904"},{"taxonomy":"solutions","embeddable":true,"href":"https:\/\/ghinduction.com\/fr-fr\/wp-json\/wp\/v2\/solutions?post=60904"}],"curies":[{"name":"wp","href":"https:\/\/api.w.org\/{rel}","templated":true}]}}