{"id":60914,"date":"2023-01-09T09:02:22","date_gmt":"2023-01-09T09:02:22","guid":{"rendered":"https:\/\/ghinduction.com\/solutions\/process\/green-heating\/"},"modified":"2026-02-27T10:40:59","modified_gmt":"2026-02-27T10:40:59","slug":"green-heating","status":"publish","type":"page","link":"https:\/\/ghinduction.com\/fr-fr\/solutions\/process\/green-heating\/","title":{"rendered":"Chauffage \u00e9cologique"},"content":{"rendered":"","protected":false},"excerpt":{"rendered":"","protected":false},"author":1,"featured_media":31544,"parent":24486,"menu_order":29,"comment_status":"closed","ping_status":"closed","template":"","meta":{"_acf_changed":false,"footnotes":""},"industry":[],"processes":[],"solutions":[],"class_list":["post-60914","page","type-page","status-publish","has-post-thumbnail","hentry"],"acf":[],"yoast_head":"<!-- This site is optimized with the Yoast SEO plugin v27.3 - https:\/\/yoast.com\/product\/yoast-seo-wordpress\/ -->\n<title>Solutions de chauffage par induction pour les processus \u00e9cologiques | GH Induction<\/title>\n<meta name=\"description\" content=\"Si vous voulez \u00eatre plus \u00e9conomes en \u00e9nergie, plus propres et plus s\u00fbrs dans votre processus de chauffage, demandez \u00e0 GH Induction la possibilit\u00e9 de l&#039;am\u00e9liorer. Leurs solutions et leur exp\u00e9rience permettent de maximiser les avantages de la technologie de l&#039;induction.\" \/>\n<meta name=\"robots\" content=\"index, follow, max-snippet:-1, max-image-preview:large, max-video-preview:-1\" \/>\n<link rel=\"canonical\" href=\"https:\/\/ghinduction.com\/fr-fr\/solutions\/process\/green-heating\/\" \/>\n<meta property=\"og:locale\" content=\"fr_FR\" \/>\n<meta property=\"og:type\" content=\"article\" \/>\n<meta property=\"og:title\" content=\"Solutions de chauffage par induction pour les processus \u00e9cologiques | GH Induction\" \/>\n<meta property=\"og:description\" content=\"Si vous voulez \u00eatre plus \u00e9conomes en \u00e9nergie, plus propres et plus s\u00fbrs dans votre processus de chauffage, demandez \u00e0 GH Induction la possibilit\u00e9 de l&#039;am\u00e9liorer. Leurs solutions et leur exp\u00e9rience permettent de maximiser les avantages de la technologie de l&#039;induction.\" \/>\n<meta property=\"og:url\" content=\"https:\/\/ghinduction.com\/fr-fr\/solutions\/process\/green-heating\/\" \/>\n<meta property=\"og:site_name\" content=\"GH Induction France\" \/>\n<meta property=\"article:publisher\" content=\"https:\/\/www.facebook.com\/ghinductionheating\" \/>\n<meta property=\"article:modified_time\" content=\"2026-02-27T10:40:59+00:00\" \/>\n<meta property=\"og:image\" content=\"https:\/\/ghinduction.com\/wp-content\/uploads\/2024\/02\/banner-calentamiento-verde.png\" \/>\n\t<meta property=\"og:image:width\" content=\"1920\" \/>\n\t<meta property=\"og:image:height\" content=\"1127\" \/>\n\t<meta property=\"og:image:type\" content=\"image\/png\" \/>\n<meta name=\"twitter:card\" content=\"summary_large_image\" \/>\n<meta name=\"twitter:label1\" content=\"Dur\u00e9e de lecture estim\u00e9e\" \/>\n\t<meta name=\"twitter:data1\" content=\"1 minute\" \/>\n<script type=\"application\/ld+json\" class=\"yoast-schema-graph\">{\"@context\":\"https:\\\/\\\/schema.org\",\"@graph\":[{\"@type\":\"WebPage\",\"@id\":\"https:\\\/\\\/ghinduction.com\\\/fr-fr\\\/solutions\\\/process\\\/green-heating\\\/\",\"url\":\"https:\\\/\\\/ghinduction.com\\\/fr-fr\\\/solutions\\\/process\\\/green-heating\\\/\",\"name\":\"Solutions de chauffage par induction pour les processus \u00e9cologiques | GH Induction\",\"isPartOf\":{\"@id\":\"https:\\\/\\\/ghinduction.com\\\/fr-fr\\\/#website\"},\"primaryImageOfPage\":{\"@id\":\"https:\\\/\\\/ghinduction.com\\\/fr-fr\\\/solutions\\\/process\\\/green-heating\\\/#primaryimage\"},\"image\":{\"@id\":\"https:\\\/\\\/ghinduction.com\\\/fr-fr\\\/solutions\\\/process\\\/green-heating\\\/#primaryimage\"},\"thumbnailUrl\":\"https:\\\/\\\/ghinduction.com\\\/wp-content\\\/uploads\\\/2024\\\/02\\\/banner-calentamiento-verde.png\",\"datePublished\":\"2023-01-09T09:02:22+00:00\",\"dateModified\":\"2026-02-27T10:40:59+00:00\",\"description\":\"Si vous voulez \u00eatre plus \u00e9conomes en \u00e9nergie, plus propres et plus s\u00fbrs dans votre processus de chauffage, demandez \u00e0 GH Induction la possibilit\u00e9 de l'am\u00e9liorer. Leurs solutions et leur exp\u00e9rience permettent de maximiser les avantages de la technologie de l'induction.\",\"breadcrumb\":{\"@id\":\"https:\\\/\\\/ghinduction.com\\\/fr-fr\\\/solutions\\\/process\\\/green-heating\\\/#breadcrumb\"},\"inLanguage\":\"fr-FR\",\"potentialAction\":[{\"@type\":\"ReadAction\",\"target\":[\"https:\\\/\\\/ghinduction.com\\\/fr-fr\\\/solutions\\\/process\\\/green-heating\\\/\"]}]},{\"@type\":\"ImageObject\",\"inLanguage\":\"fr-FR\",\"@id\":\"https:\\\/\\\/ghinduction.com\\\/fr-fr\\\/solutions\\\/process\\\/green-heating\\\/#primaryimage\",\"url\":\"https:\\\/\\\/ghinduction.com\\\/wp-content\\\/uploads\\\/2024\\\/02\\\/banner-calentamiento-verde.png\",\"contentUrl\":\"https:\\\/\\\/ghinduction.com\\\/wp-content\\\/uploads\\\/2024\\\/02\\\/banner-calentamiento-verde.png\",\"width\":1920,\"height\":1127,\"caption\":\"Green heating processes\"},{\"@type\":\"BreadcrumbList\",\"@id\":\"https:\\\/\\\/ghinduction.com\\\/fr-fr\\\/solutions\\\/process\\\/green-heating\\\/#breadcrumb\",\"itemListElement\":[{\"@type\":\"ListItem\",\"position\":1,\"name\":\"Home\",\"item\":\"https:\\\/\\\/ghinduction.com\\\/fr-fr\\\/\"},{\"@type\":\"ListItem\",\"position\":2,\"name\":\"Solutions\",\"item\":\"https:\\\/\\\/ghinduction.com\\\/fr-fr\\\/solutions\\\/\"},{\"@type\":\"ListItem\",\"position\":3,\"name\":\"Process\",\"item\":\"https:\\\/\\\/ghinduction.com\\\/fr-fr\\\/solutions\\\/process\\\/\"},{\"@type\":\"ListItem\",\"position\":4,\"name\":\"Chauffage \u00e9cologique\"}]},{\"@type\":\"WebSite\",\"@id\":\"https:\\\/\\\/ghinduction.com\\\/fr-fr\\\/#website\",\"url\":\"https:\\\/\\\/ghinduction.com\\\/fr-fr\\\/\",\"name\":\"GH Induction - Experts in Induction Heat Treatment and Induction Heating\",\"description\":\"GH Induction offers advanced induction heat treatment and heating solutions for various industrial applications. With over 60 years of experience, our innovative systems ensure efficiency and quality across diverse sectors globally.\",\"publisher\":{\"@id\":\"https:\\\/\\\/ghinduction.com\\\/fr-fr\\\/#organization\"},\"alternateName\":\"GH Induction\",\"potentialAction\":[{\"@type\":\"SearchAction\",\"target\":{\"@type\":\"EntryPoint\",\"urlTemplate\":\"https:\\\/\\\/ghinduction.com\\\/fr-fr\\\/?s={search_term_string}\"},\"query-input\":{\"@type\":\"PropertyValueSpecification\",\"valueRequired\":true,\"valueName\":\"search_term_string\"}}],\"inLanguage\":\"fr-FR\"},{\"@type\":\"Organization\",\"@id\":\"https:\\\/\\\/ghinduction.com\\\/fr-fr\\\/#organization\",\"name\":\"GH Induction - Experts in Induction Heat Treatment and Induction Heating\",\"alternateName\":\"GH Induction\",\"url\":\"https:\\\/\\\/ghinduction.com\\\/fr-fr\\\/\",\"logo\":{\"@type\":\"ImageObject\",\"inLanguage\":\"fr-FR\",\"@id\":\"https:\\\/\\\/ghinduction.com\\\/fr-fr\\\/#\\\/schema\\\/logo\\\/image\\\/\",\"url\":\"https:\\\/\\\/ghinduction.com\\\/wp-content\\\/uploads\\\/2024\\\/05\\\/logo-gh-induction.png\",\"contentUrl\":\"https:\\\/\\\/ghinduction.com\\\/wp-content\\\/uploads\\\/2024\\\/05\\\/logo-gh-induction.png\",\"width\":225,\"height\":225,\"caption\":\"GH Induction - Experts in Induction Heat Treatment and Induction Heating\"},\"image\":{\"@id\":\"https:\\\/\\\/ghinduction.com\\\/fr-fr\\\/#\\\/schema\\\/logo\\\/image\\\/\"},\"sameAs\":[\"https:\\\/\\\/www.facebook.com\\\/ghinductionheating\",\"https:\\\/\\\/www.linkedin.com\\\/company\\\/gh-induction\\\/\",\"https:\\\/\\\/www.youtube.com\\\/user\\\/GhInduction\"]}]}<\/script>\n<!-- \/ Yoast SEO plugin. -->","yoast_head_json":{"title":"Solutions de chauffage par induction pour les processus \u00e9cologiques | GH Induction","description":"Si vous voulez \u00eatre plus \u00e9conomes en \u00e9nergie, plus propres et plus s\u00fbrs dans votre processus de chauffage, demandez \u00e0 GH Induction la possibilit\u00e9 de l'am\u00e9liorer. Leurs solutions et leur exp\u00e9rience permettent de maximiser les avantages de la technologie de l'induction.","robots":{"index":"index","follow":"follow","max-snippet":"max-snippet:-1","max-image-preview":"max-image-preview:large","max-video-preview":"max-video-preview:-1"},"canonical":"https:\/\/ghinduction.com\/fr-fr\/solutions\/process\/green-heating\/","og_locale":"fr_FR","og_type":"article","og_title":"Solutions de chauffage par induction pour les processus \u00e9cologiques | GH Induction","og_description":"Si vous voulez \u00eatre plus \u00e9conomes en \u00e9nergie, plus propres et plus s\u00fbrs dans votre processus de chauffage, demandez \u00e0 GH Induction la possibilit\u00e9 de l'am\u00e9liorer. Leurs solutions et leur exp\u00e9rience permettent de maximiser les avantages de la technologie de l'induction.","og_url":"https:\/\/ghinduction.com\/fr-fr\/solutions\/process\/green-heating\/","og_site_name":"GH Induction France","article_publisher":"https:\/\/www.facebook.com\/ghinductionheating","article_modified_time":"2026-02-27T10:40:59+00:00","og_image":[{"width":1920,"height":1127,"url":"https:\/\/ghinduction.com\/wp-content\/uploads\/2024\/02\/banner-calentamiento-verde.png","type":"image\/png"}],"twitter_card":"summary_large_image","twitter_misc":{"Dur\u00e9e de lecture estim\u00e9e":"1 minute"},"schema":{"@context":"https:\/\/schema.org","@graph":[{"@type":"WebPage","@id":"https:\/\/ghinduction.com\/fr-fr\/solutions\/process\/green-heating\/","url":"https:\/\/ghinduction.com\/fr-fr\/solutions\/process\/green-heating\/","name":"Solutions de chauffage par induction pour les processus \u00e9cologiques | GH Induction","isPartOf":{"@id":"https:\/\/ghinduction.com\/fr-fr\/#website"},"primaryImageOfPage":{"@id":"https:\/\/ghinduction.com\/fr-fr\/solutions\/process\/green-heating\/#primaryimage"},"image":{"@id":"https:\/\/ghinduction.com\/fr-fr\/solutions\/process\/green-heating\/#primaryimage"},"thumbnailUrl":"https:\/\/ghinduction.com\/wp-content\/uploads\/2024\/02\/banner-calentamiento-verde.png","datePublished":"2023-01-09T09:02:22+00:00","dateModified":"2026-02-27T10:40:59+00:00","description":"Si vous voulez \u00eatre plus \u00e9conomes en \u00e9nergie, plus propres et plus s\u00fbrs dans votre processus de chauffage, demandez \u00e0 GH Induction la possibilit\u00e9 de l'am\u00e9liorer. Leurs solutions et leur exp\u00e9rience permettent de maximiser les avantages de la technologie de l'induction.","breadcrumb":{"@id":"https:\/\/ghinduction.com\/fr-fr\/solutions\/process\/green-heating\/#breadcrumb"},"inLanguage":"fr-FR","potentialAction":[{"@type":"ReadAction","target":["https:\/\/ghinduction.com\/fr-fr\/solutions\/process\/green-heating\/"]}]},{"@type":"ImageObject","inLanguage":"fr-FR","@id":"https:\/\/ghinduction.com\/fr-fr\/solutions\/process\/green-heating\/#primaryimage","url":"https:\/\/ghinduction.com\/wp-content\/uploads\/2024\/02\/banner-calentamiento-verde.png","contentUrl":"https:\/\/ghinduction.com\/wp-content\/uploads\/2024\/02\/banner-calentamiento-verde.png","width":1920,"height":1127,"caption":"Green heating processes"},{"@type":"BreadcrumbList","@id":"https:\/\/ghinduction.com\/fr-fr\/solutions\/process\/green-heating\/#breadcrumb","itemListElement":[{"@type":"ListItem","position":1,"name":"Home","item":"https:\/\/ghinduction.com\/fr-fr\/"},{"@type":"ListItem","position":2,"name":"Solutions","item":"https:\/\/ghinduction.com\/fr-fr\/solutions\/"},{"@type":"ListItem","position":3,"name":"Process","item":"https:\/\/ghinduction.com\/fr-fr\/solutions\/process\/"},{"@type":"ListItem","position":4,"name":"Chauffage \u00e9cologique"}]},{"@type":"WebSite","@id":"https:\/\/ghinduction.com\/fr-fr\/#website","url":"https:\/\/ghinduction.com\/fr-fr\/","name":"GH Induction - Experts in Induction Heat Treatment and Induction Heating","description":"GH Induction offers advanced induction heat treatment and heating solutions for various industrial applications. With over 60 years of experience, our innovative systems ensure efficiency and quality across diverse sectors globally.","publisher":{"@id":"https:\/\/ghinduction.com\/fr-fr\/#organization"},"alternateName":"GH Induction","potentialAction":[{"@type":"SearchAction","target":{"@type":"EntryPoint","urlTemplate":"https:\/\/ghinduction.com\/fr-fr\/?s={search_term_string}"},"query-input":{"@type":"PropertyValueSpecification","valueRequired":true,"valueName":"search_term_string"}}],"inLanguage":"fr-FR"},{"@type":"Organization","@id":"https:\/\/ghinduction.com\/fr-fr\/#organization","name":"GH Induction - Experts in Induction Heat Treatment and Induction Heating","alternateName":"GH Induction","url":"https:\/\/ghinduction.com\/fr-fr\/","logo":{"@type":"ImageObject","inLanguage":"fr-FR","@id":"https:\/\/ghinduction.com\/fr-fr\/#\/schema\/logo\/image\/","url":"https:\/\/ghinduction.com\/wp-content\/uploads\/2024\/05\/logo-gh-induction.png","contentUrl":"https:\/\/ghinduction.com\/wp-content\/uploads\/2024\/05\/logo-gh-induction.png","width":225,"height":225,"caption":"GH Induction - Experts in Induction Heat Treatment and Induction Heating"},"image":{"@id":"https:\/\/ghinduction.com\/fr-fr\/#\/schema\/logo\/image\/"},"sameAs":["https:\/\/www.facebook.com\/ghinductionheating","https:\/\/www.linkedin.com\/company\/gh-induction\/","https:\/\/www.youtube.com\/user\/GhInduction"]}]}},"_links":{"self":[{"href":"https:\/\/ghinduction.com\/fr-fr\/wp-json\/wp\/v2\/pages\/60914","targetHints":{"allow":["GET"]}}],"collection":[{"href":"https:\/\/ghinduction.com\/fr-fr\/wp-json\/wp\/v2\/pages"}],"about":[{"href":"https:\/\/ghinduction.com\/fr-fr\/wp-json\/wp\/v2\/types\/page"}],"author":[{"embeddable":true,"href":"https:\/\/ghinduction.com\/fr-fr\/wp-json\/wp\/v2\/users\/1"}],"replies":[{"embeddable":true,"href":"https:\/\/ghinduction.com\/fr-fr\/wp-json\/wp\/v2\/comments?post=60914"}],"version-history":[{"count":1,"href":"https:\/\/ghinduction.com\/fr-fr\/wp-json\/wp\/v2\/pages\/60914\/revisions"}],"predecessor-version":[{"id":67113,"href":"https:\/\/ghinduction.com\/fr-fr\/wp-json\/wp\/v2\/pages\/60914\/revisions\/67113"}],"up":[{"embeddable":true,"href":"https:\/\/ghinduction.com\/fr-fr\/wp-json\/wp\/v2\/pages\/24486"}],"wp:featuredmedia":[{"embeddable":true,"href":"https:\/\/ghinduction.com\/fr-fr\/wp-json\/wp\/v2\/media\/31544"}],"wp:attachment":[{"href":"https:\/\/ghinduction.com\/fr-fr\/wp-json\/wp\/v2\/media?parent=60914"}],"wp:term":[{"taxonomy":"industry","embeddable":true,"href":"https:\/\/ghinduction.com\/fr-fr\/wp-json\/wp\/v2\/industry?post=60914"},{"taxonomy":"processes","embeddable":true,"href":"https:\/\/ghinduction.com\/fr-fr\/wp-json\/wp\/v2\/processes?post=60914"},{"taxonomy":"solutions","embeddable":true,"href":"https:\/\/ghinduction.com\/fr-fr\/wp-json\/wp\/v2\/solutions?post=60914"}],"curies":[{"name":"wp","href":"https:\/\/api.w.org\/{rel}","templated":true}]}}