{"id":61216,"date":"2025-01-21T13:21:59","date_gmt":"2025-01-21T13:21:59","guid":{"rendered":"https:\/\/ghinduction.com\/produits-services\/systemes-chauffage-induction\/inkompac\/"},"modified":"2026-02-25T13:02:45","modified_gmt":"2026-02-25T13:02:45","slug":"inkompac","status":"publish","type":"page","link":"https:\/\/ghinduction.com\/fr-fr\/produits-services\/systemes-chauffage-induction\/inkompac\/","title":{"rendered":"G\u00e9n\u00e9rateurs \u00e0 induction inKompac"},"content":{"rendered":"","protected":false},"excerpt":{"rendered":"","protected":false},"author":4,"featured_media":0,"parent":60904,"menu_order":0,"comment_status":"closed","ping_status":"closed","template":"","meta":{"_acf_changed":false,"footnotes":""},"industry":[],"processes":[957,1439,804],"solutions":[],"class_list":["post-61216","page","type-page","status-publish","hentry","processes-brasage-fort-fr-fr","processes-frettage-fr-fr","processes-trempe-fr-fr"],"acf":[],"yoast_head":"<!-- This site is optimized with the Yoast SEO plugin v27.3 - https:\/\/yoast.com\/product\/yoast-seo-wordpress\/ -->\n<title>inKompac, l&#039;\u00e9quipement compact le plus flexible pour les applications de chauffage par induction. Unique sur le march\u00e9 - GH Induction<\/title>\n<meta name=\"description\" content=\"Le g\u00e9n\u00e9rateur inKompac est la solution la plus flexible et la plus compacte pour vos processus de chauffage par induction : brasage, trempe, frettage, etc. Flexible, efficace et adapt\u00e9e \u00e0 vos besoins. Jusqu&#039;\u00e0 100 kW et 4 sorties de puissance simultan\u00e9es dans un g\u00e9n\u00e9rateur compact\" \/>\n<meta name=\"robots\" content=\"index, follow, max-snippet:-1, max-image-preview:large, max-video-preview:-1\" \/>\n<link rel=\"canonical\" href=\"https:\/\/ghinduction.com\/fr-fr\/produits-services\/systemes-chauffage-induction\/inkompac\/\" \/>\n<meta property=\"og:locale\" content=\"fr_FR\" \/>\n<meta property=\"og:type\" content=\"article\" \/>\n<meta property=\"og:title\" content=\"inKompac, l&#039;\u00e9quipement compact le plus flexible pour les applications de chauffage par induction. Unique sur le march\u00e9 - GH Induction\" \/>\n<meta property=\"og:description\" content=\"Le g\u00e9n\u00e9rateur inKompac est la solution la plus flexible et la plus compacte pour vos processus de chauffage par induction : brasage, trempe, frettage, etc. Flexible, efficace et adapt\u00e9e \u00e0 vos besoins. Jusqu&#039;\u00e0 100 kW et 4 sorties de puissance simultan\u00e9es dans un g\u00e9n\u00e9rateur compact\" \/>\n<meta property=\"og:url\" content=\"https:\/\/ghinduction.com\/fr-fr\/produits-services\/systemes-chauffage-induction\/inkompac\/\" \/>\n<meta property=\"og:site_name\" content=\"GH Induction France\" \/>\n<meta property=\"article:publisher\" content=\"https:\/\/www.facebook.com\/ghinductionheating\" \/>\n<meta property=\"article:modified_time\" content=\"2026-02-25T13:02:45+00:00\" \/>\n<meta name=\"twitter:card\" content=\"summary_large_image\" \/>\n<script type=\"application\/ld+json\" class=\"yoast-schema-graph\">{\"@context\":\"https:\\\/\\\/schema.org\",\"@graph\":[{\"@type\":\"WebPage\",\"@id\":\"https:\\\/\\\/ghinduction.com\\\/fr-fr\\\/produits-services\\\/systemes-chauffage-induction\\\/inkompac\\\/\",\"url\":\"https:\\\/\\\/ghinduction.com\\\/fr-fr\\\/produits-services\\\/systemes-chauffage-induction\\\/inkompac\\\/\",\"name\":\"inKompac, l'\u00e9quipement compact le plus flexible pour les applications de chauffage par induction. Unique sur le march\u00e9 - GH Induction\",\"isPartOf\":{\"@id\":\"https:\\\/\\\/ghinduction.com\\\/fr-fr\\\/#website\"},\"datePublished\":\"2025-01-21T13:21:59+00:00\",\"dateModified\":\"2026-02-25T13:02:45+00:00\",\"description\":\"Le g\u00e9n\u00e9rateur inKompac est la solution la plus flexible et la plus compacte pour vos processus de chauffage par induction : brasage, trempe, frettage, etc. Flexible, efficace et adapt\u00e9e \u00e0 vos besoins. Jusqu'\u00e0 100 kW et 4 sorties de puissance simultan\u00e9es dans un g\u00e9n\u00e9rateur compact\",\"breadcrumb\":{\"@id\":\"https:\\\/\\\/ghinduction.com\\\/fr-fr\\\/produits-services\\\/systemes-chauffage-induction\\\/inkompac\\\/#breadcrumb\"},\"inLanguage\":\"fr-FR\",\"potentialAction\":[{\"@type\":\"ReadAction\",\"target\":[\"https:\\\/\\\/ghinduction.com\\\/fr-fr\\\/produits-services\\\/systemes-chauffage-induction\\\/inkompac\\\/\"]}]},{\"@type\":\"BreadcrumbList\",\"@id\":\"https:\\\/\\\/ghinduction.com\\\/fr-fr\\\/produits-services\\\/systemes-chauffage-induction\\\/inkompac\\\/#breadcrumb\",\"itemListElement\":[{\"@type\":\"ListItem\",\"position\":1,\"name\":\"Home\",\"item\":\"https:\\\/\\\/ghinduction.com\\\/fr-fr\\\/\"},{\"@type\":\"ListItem\",\"position\":2,\"name\":\"Produits et Services\",\"item\":\"https:\\\/\\\/ghinduction.com\\\/fr-fr\\\/produits-services\\\/\"},{\"@type\":\"ListItem\",\"position\":3,\"name\":\"\u00c9quipement d&#8217;induction\",\"item\":\"https:\\\/\\\/ghinduction.com\\\/fr-fr\\\/produits-services\\\/systemes-chauffage-induction\\\/\"},{\"@type\":\"ListItem\",\"position\":4,\"name\":\"G\u00e9n\u00e9rateurs \u00e0 induction inKompac\"}]},{\"@type\":\"WebSite\",\"@id\":\"https:\\\/\\\/ghinduction.com\\\/fr-fr\\\/#website\",\"url\":\"https:\\\/\\\/ghinduction.com\\\/fr-fr\\\/\",\"name\":\"GH Induction - Experts in Induction Heat Treatment and Induction Heating\",\"description\":\"GH Induction offers advanced induction heat treatment and heating solutions for various industrial applications. With over 60 years of experience, our innovative systems ensure efficiency and quality across diverse sectors globally.\",\"publisher\":{\"@id\":\"https:\\\/\\\/ghinduction.com\\\/fr-fr\\\/#organization\"},\"alternateName\":\"GH Induction\",\"potentialAction\":[{\"@type\":\"SearchAction\",\"target\":{\"@type\":\"EntryPoint\",\"urlTemplate\":\"https:\\\/\\\/ghinduction.com\\\/fr-fr\\\/?s={search_term_string}\"},\"query-input\":{\"@type\":\"PropertyValueSpecification\",\"valueRequired\":true,\"valueName\":\"search_term_string\"}}],\"inLanguage\":\"fr-FR\"},{\"@type\":\"Organization\",\"@id\":\"https:\\\/\\\/ghinduction.com\\\/fr-fr\\\/#organization\",\"name\":\"GH Induction - Experts in Induction Heat Treatment and Induction Heating\",\"alternateName\":\"GH Induction\",\"url\":\"https:\\\/\\\/ghinduction.com\\\/fr-fr\\\/\",\"logo\":{\"@type\":\"ImageObject\",\"inLanguage\":\"fr-FR\",\"@id\":\"https:\\\/\\\/ghinduction.com\\\/fr-fr\\\/#\\\/schema\\\/logo\\\/image\\\/\",\"url\":\"https:\\\/\\\/ghinduction.com\\\/wp-content\\\/uploads\\\/2024\\\/05\\\/logo-gh-induction.png\",\"contentUrl\":\"https:\\\/\\\/ghinduction.com\\\/wp-content\\\/uploads\\\/2024\\\/05\\\/logo-gh-induction.png\",\"width\":225,\"height\":225,\"caption\":\"GH Induction - Experts in Induction Heat Treatment and Induction Heating\"},\"image\":{\"@id\":\"https:\\\/\\\/ghinduction.com\\\/fr-fr\\\/#\\\/schema\\\/logo\\\/image\\\/\"},\"sameAs\":[\"https:\\\/\\\/www.facebook.com\\\/ghinductionheating\",\"https:\\\/\\\/www.linkedin.com\\\/company\\\/gh-induction\\\/\",\"https:\\\/\\\/www.youtube.com\\\/user\\\/GhInduction\"]}]}<\/script>\n<!-- \/ Yoast SEO plugin. -->","yoast_head_json":{"title":"inKompac, l'\u00e9quipement compact le plus flexible pour les applications de chauffage par induction. Unique sur le march\u00e9 - GH Induction","description":"Le g\u00e9n\u00e9rateur inKompac est la solution la plus flexible et la plus compacte pour vos processus de chauffage par induction : brasage, trempe, frettage, etc. Flexible, efficace et adapt\u00e9e \u00e0 vos besoins. Jusqu'\u00e0 100 kW et 4 sorties de puissance simultan\u00e9es dans un g\u00e9n\u00e9rateur compact","robots":{"index":"index","follow":"follow","max-snippet":"max-snippet:-1","max-image-preview":"max-image-preview:large","max-video-preview":"max-video-preview:-1"},"canonical":"https:\/\/ghinduction.com\/fr-fr\/produits-services\/systemes-chauffage-induction\/inkompac\/","og_locale":"fr_FR","og_type":"article","og_title":"inKompac, l'\u00e9quipement compact le plus flexible pour les applications de chauffage par induction. Unique sur le march\u00e9 - GH Induction","og_description":"Le g\u00e9n\u00e9rateur inKompac est la solution la plus flexible et la plus compacte pour vos processus de chauffage par induction : brasage, trempe, frettage, etc. Flexible, efficace et adapt\u00e9e \u00e0 vos besoins. Jusqu'\u00e0 100 kW et 4 sorties de puissance simultan\u00e9es dans un g\u00e9n\u00e9rateur compact","og_url":"https:\/\/ghinduction.com\/fr-fr\/produits-services\/systemes-chauffage-induction\/inkompac\/","og_site_name":"GH Induction France","article_publisher":"https:\/\/www.facebook.com\/ghinductionheating","article_modified_time":"2026-02-25T13:02:45+00:00","twitter_card":"summary_large_image","schema":{"@context":"https:\/\/schema.org","@graph":[{"@type":"WebPage","@id":"https:\/\/ghinduction.com\/fr-fr\/produits-services\/systemes-chauffage-induction\/inkompac\/","url":"https:\/\/ghinduction.com\/fr-fr\/produits-services\/systemes-chauffage-induction\/inkompac\/","name":"inKompac, l'\u00e9quipement compact le plus flexible pour les applications de chauffage par induction. Unique sur le march\u00e9 - GH Induction","isPartOf":{"@id":"https:\/\/ghinduction.com\/fr-fr\/#website"},"datePublished":"2025-01-21T13:21:59+00:00","dateModified":"2026-02-25T13:02:45+00:00","description":"Le g\u00e9n\u00e9rateur inKompac est la solution la plus flexible et la plus compacte pour vos processus de chauffage par induction : brasage, trempe, frettage, etc. Flexible, efficace et adapt\u00e9e \u00e0 vos besoins. Jusqu'\u00e0 100 kW et 4 sorties de puissance simultan\u00e9es dans un g\u00e9n\u00e9rateur compact","breadcrumb":{"@id":"https:\/\/ghinduction.com\/fr-fr\/produits-services\/systemes-chauffage-induction\/inkompac\/#breadcrumb"},"inLanguage":"fr-FR","potentialAction":[{"@type":"ReadAction","target":["https:\/\/ghinduction.com\/fr-fr\/produits-services\/systemes-chauffage-induction\/inkompac\/"]}]},{"@type":"BreadcrumbList","@id":"https:\/\/ghinduction.com\/fr-fr\/produits-services\/systemes-chauffage-induction\/inkompac\/#breadcrumb","itemListElement":[{"@type":"ListItem","position":1,"name":"Home","item":"https:\/\/ghinduction.com\/fr-fr\/"},{"@type":"ListItem","position":2,"name":"Produits et Services","item":"https:\/\/ghinduction.com\/fr-fr\/produits-services\/"},{"@type":"ListItem","position":3,"name":"\u00c9quipement d&#8217;induction","item":"https:\/\/ghinduction.com\/fr-fr\/produits-services\/systemes-chauffage-induction\/"},{"@type":"ListItem","position":4,"name":"G\u00e9n\u00e9rateurs \u00e0 induction inKompac"}]},{"@type":"WebSite","@id":"https:\/\/ghinduction.com\/fr-fr\/#website","url":"https:\/\/ghinduction.com\/fr-fr\/","name":"GH Induction - Experts in Induction Heat Treatment and Induction Heating","description":"GH Induction offers advanced induction heat treatment and heating solutions for various industrial applications. With over 60 years of experience, our innovative systems ensure efficiency and quality across diverse sectors globally.","publisher":{"@id":"https:\/\/ghinduction.com\/fr-fr\/#organization"},"alternateName":"GH Induction","potentialAction":[{"@type":"SearchAction","target":{"@type":"EntryPoint","urlTemplate":"https:\/\/ghinduction.com\/fr-fr\/?s={search_term_string}"},"query-input":{"@type":"PropertyValueSpecification","valueRequired":true,"valueName":"search_term_string"}}],"inLanguage":"fr-FR"},{"@type":"Organization","@id":"https:\/\/ghinduction.com\/fr-fr\/#organization","name":"GH Induction - Experts in Induction Heat Treatment and Induction Heating","alternateName":"GH Induction","url":"https:\/\/ghinduction.com\/fr-fr\/","logo":{"@type":"ImageObject","inLanguage":"fr-FR","@id":"https:\/\/ghinduction.com\/fr-fr\/#\/schema\/logo\/image\/","url":"https:\/\/ghinduction.com\/wp-content\/uploads\/2024\/05\/logo-gh-induction.png","contentUrl":"https:\/\/ghinduction.com\/wp-content\/uploads\/2024\/05\/logo-gh-induction.png","width":225,"height":225,"caption":"GH Induction - Experts in Induction Heat Treatment and Induction Heating"},"image":{"@id":"https:\/\/ghinduction.com\/fr-fr\/#\/schema\/logo\/image\/"},"sameAs":["https:\/\/www.facebook.com\/ghinductionheating","https:\/\/www.linkedin.com\/company\/gh-induction\/","https:\/\/www.youtube.com\/user\/GhInduction"]}]}},"_links":{"self":[{"href":"https:\/\/ghinduction.com\/fr-fr\/wp-json\/wp\/v2\/pages\/61216","targetHints":{"allow":["GET"]}}],"collection":[{"href":"https:\/\/ghinduction.com\/fr-fr\/wp-json\/wp\/v2\/pages"}],"about":[{"href":"https:\/\/ghinduction.com\/fr-fr\/wp-json\/wp\/v2\/types\/page"}],"author":[{"embeddable":true,"href":"https:\/\/ghinduction.com\/fr-fr\/wp-json\/wp\/v2\/users\/4"}],"replies":[{"embeddable":true,"href":"https:\/\/ghinduction.com\/fr-fr\/wp-json\/wp\/v2\/comments?post=61216"}],"version-history":[{"count":11,"href":"https:\/\/ghinduction.com\/fr-fr\/wp-json\/wp\/v2\/pages\/61216\/revisions"}],"predecessor-version":[{"id":65220,"href":"https:\/\/ghinduction.com\/fr-fr\/wp-json\/wp\/v2\/pages\/61216\/revisions\/65220"}],"up":[{"embeddable":true,"href":"https:\/\/ghinduction.com\/fr-fr\/wp-json\/wp\/v2\/pages\/60904"}],"wp:attachment":[{"href":"https:\/\/ghinduction.com\/fr-fr\/wp-json\/wp\/v2\/media?parent=61216"}],"wp:term":[{"taxonomy":"industry","embeddable":true,"href":"https:\/\/ghinduction.com\/fr-fr\/wp-json\/wp\/v2\/industry?post=61216"},{"taxonomy":"processes","embeddable":true,"href":"https:\/\/ghinduction.com\/fr-fr\/wp-json\/wp\/v2\/processes?post=61216"},{"taxonomy":"solutions","embeddable":true,"href":"https:\/\/ghinduction.com\/fr-fr\/wp-json\/wp\/v2\/solutions?post=61216"}],"curies":[{"name":"wp","href":"https:\/\/api.w.org\/{rel}","templated":true}]}}