{"id":21229,"date":"2023-01-09T09:02:41","date_gmt":"2023-01-09T09:02:41","guid":{"rendered":"https:\/\/ghinduction.com\/motoryzacja\/"},"modified":"2026-02-26T12:15:24","modified_gmt":"2026-02-26T12:15:24","slug":"motoryzacja","status":"publish","type":"page","link":"https:\/\/ghinduction.com\/pl-pl\/rozwiazania\/branze\/transport\/motoryzacja\/","title":{"rendered":"Motoryzacja"},"content":{"rendered":"","protected":false},"excerpt":{"rendered":"","protected":false},"author":1,"featured_media":18900,"parent":29119,"menu_order":57,"comment_status":"closed","ping_status":"closed","template":"","meta":{"_acf_changed":false,"footnotes":""},"industry":[1324],"processes":[800],"solutions":[],"class_list":["post-21229","page","type-page","status-publish","has-post-thumbnail","hentry","industry-motoryzacja","processes-obrobka-cieplna"],"acf":[],"yoast_head":"<!-- This site is optimized with the Yoast SEO plugin v27.3 - https:\/\/yoast.com\/product\/yoast-seo-wordpress\/ -->\n<title>Rozwi\u0105zania indukcyjne w motoryzacji - GH Induction<\/title>\n<meta name=\"description\" content=\"Poniewa\u017c przemys\u0142 motoryzacyjny ewoluuje, aby sprosta\u0107 wymaganiom rynku dzi\u0119ki r\u00f3\u017cnym technologiom, takim jak ICEV (pojazd z silnikiem spalinowym), EV (pojazd elektryczny) i hybrydy, problemy z \u0142a\u0144cuchem dostaw sta\u0142y si\u0119 bardziej z\u0142o\u017cone ni\u017c kiedykolwiek wcze\u015bniej. Niezale\u017cnie od tego, czy stawiasz czo\u0142a wyzwaniom zwi\u0105zanym z szybk\u0105 adaptacj\u0105, konkurencyjno\u015bci\u0105, popraw\u0105 wydajno\u015bci produkcji, kontrol\u0105 jako\u015bci czy zr\u00f3wnowa\u017conym rozwojem, rozumiemy Twoje potrzeby i wsp\u00f3\u0142pracuj\u0105c mo\u017cemy Ci pom\u00f3c. W naszej firmie specjalizujemy si\u0119 w dostarczaniu op\u0142acalnych i elastycznych rozwi\u0105za\u0144 pod klucz, wsp\u00f3\u0142pracuj\u0105c z naszymi klientami. W\u0142\u0105czamy najnowsz\u0105 technologi\u0119 zar\u00f3wno w\u0142asn\u0105, jak i innych w ramach Przemys\u0142u 4.0, zapewniaj\u0105c, \u017ce otrzymasz idealne rozwi\u0105zanie dla Twoich specyficznych wymaga\u0144. Dzi\u0119ki ponad 60-letniemu do\u015bwiadczeniu wiemy, jak sprosta\u0107 wysokim wymaganiom przemys\u0142u motoryzacyjnego.\" \/>\n<meta name=\"robots\" content=\"index, follow, max-snippet:-1, max-image-preview:large, max-video-preview:-1\" \/>\n<link rel=\"canonical\" href=\"https:\/\/ghinduction.com\/pl-pl\/rozwiazania\/branze\/transport\/motoryzacja\/\" \/>\n<meta property=\"og:locale\" content=\"pl_PL\" \/>\n<meta property=\"og:type\" content=\"article\" \/>\n<meta property=\"og:title\" content=\"Rozwi\u0105zania indukcyjne w motoryzacji - GH Induction\" \/>\n<meta property=\"og:description\" content=\"Poniewa\u017c przemys\u0142 motoryzacyjny ewoluuje, aby sprosta\u0107 wymaganiom rynku dzi\u0119ki r\u00f3\u017cnym technologiom, takim jak ICEV (pojazd z silnikiem spalinowym), EV (pojazd elektryczny) i hybrydy, problemy z \u0142a\u0144cuchem dostaw sta\u0142y si\u0119 bardziej z\u0142o\u017cone ni\u017c kiedykolwiek wcze\u015bniej. Niezale\u017cnie od tego, czy stawiasz czo\u0142a wyzwaniom zwi\u0105zanym z szybk\u0105 adaptacj\u0105, konkurencyjno\u015bci\u0105, popraw\u0105 wydajno\u015bci produkcji, kontrol\u0105 jako\u015bci czy zr\u00f3wnowa\u017conym rozwojem, rozumiemy Twoje potrzeby i wsp\u00f3\u0142pracuj\u0105c mo\u017cemy Ci pom\u00f3c. W naszej firmie specjalizujemy si\u0119 w dostarczaniu op\u0142acalnych i elastycznych rozwi\u0105za\u0144 pod klucz, wsp\u00f3\u0142pracuj\u0105c z naszymi klientami. W\u0142\u0105czamy najnowsz\u0105 technologi\u0119 zar\u00f3wno w\u0142asn\u0105, jak i innych w ramach Przemys\u0142u 4.0, zapewniaj\u0105c, \u017ce otrzymasz idealne rozwi\u0105zanie dla Twoich specyficznych wymaga\u0144. Dzi\u0119ki ponad 60-letniemu do\u015bwiadczeniu wiemy, jak sprosta\u0107 wysokim wymaganiom przemys\u0142u motoryzacyjnego.\" \/>\n<meta property=\"og:url\" content=\"https:\/\/ghinduction.com\/pl-pl\/rozwiazania\/branze\/transport\/motoryzacja\/\" \/>\n<meta property=\"og:site_name\" content=\"GH Induction Polska\" \/>\n<meta property=\"article:publisher\" content=\"https:\/\/www.facebook.com\/ghinductionheating\" \/>\n<meta property=\"article:modified_time\" content=\"2026-02-26T12:15:24+00:00\" \/>\n<meta property=\"og:image\" content=\"https:\/\/ghinduction.com\/wp-content\/uploads\/2023\/03\/INDUSTRIES_AUTOMOTIVE_MAIN-BANNER-opt.jpg\" \/>\n\t<meta property=\"og:image:width\" content=\"1920\" \/>\n\t<meta property=\"og:image:height\" content=\"1080\" \/>\n\t<meta property=\"og:image:type\" content=\"image\/jpeg\" \/>\n<meta name=\"twitter:card\" content=\"summary_large_image\" \/>\n<meta name=\"twitter:label1\" content=\"Est. reading time\" \/>\n\t<meta name=\"twitter:data1\" content=\"1 minute\" \/>\n<script type=\"application\/ld+json\" class=\"yoast-schema-graph\">{\"@context\":\"https:\\\/\\\/schema.org\",\"@graph\":[{\"@type\":\"WebPage\",\"@id\":\"https:\\\/\\\/ghinduction.com\\\/pl-pl\\\/rozwiazania\\\/branze\\\/transport\\\/motoryzacja\\\/\",\"url\":\"https:\\\/\\\/ghinduction.com\\\/pl-pl\\\/rozwiazania\\\/branze\\\/transport\\\/motoryzacja\\\/\",\"name\":\"Rozwi\u0105zania indukcyjne w motoryzacji - GH Induction\",\"isPartOf\":{\"@id\":\"https:\\\/\\\/ghinduction.com\\\/pl-pl\\\/#website\"},\"primaryImageOfPage\":{\"@id\":\"https:\\\/\\\/ghinduction.com\\\/pl-pl\\\/rozwiazania\\\/branze\\\/transport\\\/motoryzacja\\\/#primaryimage\"},\"image\":{\"@id\":\"https:\\\/\\\/ghinduction.com\\\/pl-pl\\\/rozwiazania\\\/branze\\\/transport\\\/motoryzacja\\\/#primaryimage\"},\"thumbnailUrl\":\"https:\\\/\\\/ghinduction.com\\\/wp-content\\\/uploads\\\/2023\\\/03\\\/INDUSTRIES_AUTOMOTIVE_MAIN-BANNER-opt.jpg\",\"datePublished\":\"2023-01-09T09:02:41+00:00\",\"dateModified\":\"2026-02-26T12:15:24+00:00\",\"description\":\"Poniewa\u017c przemys\u0142 motoryzacyjny ewoluuje, aby sprosta\u0107 wymaganiom rynku dzi\u0119ki r\u00f3\u017cnym technologiom, takim jak ICEV (pojazd z silnikiem spalinowym), EV (pojazd elektryczny) i hybrydy, problemy z \u0142a\u0144cuchem dostaw sta\u0142y si\u0119 bardziej z\u0142o\u017cone ni\u017c kiedykolwiek wcze\u015bniej. Niezale\u017cnie od tego, czy stawiasz czo\u0142a wyzwaniom zwi\u0105zanym z szybk\u0105 adaptacj\u0105, konkurencyjno\u015bci\u0105, popraw\u0105 wydajno\u015bci produkcji, kontrol\u0105 jako\u015bci czy zr\u00f3wnowa\u017conym rozwojem, rozumiemy Twoje potrzeby i wsp\u00f3\u0142pracuj\u0105c mo\u017cemy Ci pom\u00f3c. W naszej firmie specjalizujemy si\u0119 w dostarczaniu op\u0142acalnych i elastycznych rozwi\u0105za\u0144 pod klucz, wsp\u00f3\u0142pracuj\u0105c z naszymi klientami. W\u0142\u0105czamy najnowsz\u0105 technologi\u0119 zar\u00f3wno w\u0142asn\u0105, jak i innych w ramach Przemys\u0142u 4.0, zapewniaj\u0105c, \u017ce otrzymasz idealne rozwi\u0105zanie dla Twoich specyficznych wymaga\u0144. Dzi\u0119ki ponad 60-letniemu do\u015bwiadczeniu wiemy, jak sprosta\u0107 wysokim wymaganiom przemys\u0142u motoryzacyjnego.\",\"breadcrumb\":{\"@id\":\"https:\\\/\\\/ghinduction.com\\\/pl-pl\\\/rozwiazania\\\/branze\\\/transport\\\/motoryzacja\\\/#breadcrumb\"},\"inLanguage\":\"pl\",\"potentialAction\":[{\"@type\":\"ReadAction\",\"target\":[\"https:\\\/\\\/ghinduction.com\\\/pl-pl\\\/rozwiazania\\\/branze\\\/transport\\\/motoryzacja\\\/\"]}]},{\"@type\":\"ImageObject\",\"inLanguage\":\"pl\",\"@id\":\"https:\\\/\\\/ghinduction.com\\\/pl-pl\\\/rozwiazania\\\/branze\\\/transport\\\/motoryzacja\\\/#primaryimage\",\"url\":\"https:\\\/\\\/ghinduction.com\\\/wp-content\\\/uploads\\\/2023\\\/03\\\/INDUSTRIES_AUTOMOTIVE_MAIN-BANNER-opt.jpg\",\"contentUrl\":\"https:\\\/\\\/ghinduction.com\\\/wp-content\\\/uploads\\\/2023\\\/03\\\/INDUSTRIES_AUTOMOTIVE_MAIN-BANNER-opt.jpg\",\"width\":1920,\"height\":1080},{\"@type\":\"BreadcrumbList\",\"@id\":\"https:\\\/\\\/ghinduction.com\\\/pl-pl\\\/rozwiazania\\\/branze\\\/transport\\\/motoryzacja\\\/#breadcrumb\",\"itemListElement\":[{\"@type\":\"ListItem\",\"position\":1,\"name\":\"Home\",\"item\":\"https:\\\/\\\/ghinduction.com\\\/pl-pl\\\/\"},{\"@type\":\"ListItem\",\"position\":2,\"name\":\"Rozwi\u0105zania\",\"item\":\"https:\\\/\\\/ghinduction.com\\\/pl-pl\\\/rozwiazania\\\/\"},{\"@type\":\"ListItem\",\"position\":3,\"name\":\"Bran\u017ce\",\"item\":\"https:\\\/\\\/ghinduction.com\\\/pl-pl\\\/rozwiazania\\\/branze\\\/\"},{\"@type\":\"ListItem\",\"position\":4,\"name\":\"Transport\",\"item\":\"https:\\\/\\\/ghinduction.com\\\/pl-pl\\\/solutions\\\/industries\\\/transportation\\\/\"},{\"@type\":\"ListItem\",\"position\":5,\"name\":\"Motoryzacja\"}]},{\"@type\":\"WebSite\",\"@id\":\"https:\\\/\\\/ghinduction.com\\\/pl-pl\\\/#website\",\"url\":\"https:\\\/\\\/ghinduction.com\\\/pl-pl\\\/\",\"name\":\"GH Induction - Experts in Induction Heat Treatment and Induction Heating\",\"description\":\"GH Induction offers advanced induction heat treatment and heating solutions for various industrial applications. With over 60 years of experience, our innovative systems ensure efficiency and quality across diverse sectors globally.\",\"publisher\":{\"@id\":\"https:\\\/\\\/ghinduction.com\\\/pl-pl\\\/#organization\"},\"alternateName\":\"GH Induction\",\"potentialAction\":[{\"@type\":\"SearchAction\",\"target\":{\"@type\":\"EntryPoint\",\"urlTemplate\":\"https:\\\/\\\/ghinduction.com\\\/pl-pl\\\/?s={search_term_string}\"},\"query-input\":{\"@type\":\"PropertyValueSpecification\",\"valueRequired\":true,\"valueName\":\"search_term_string\"}}],\"inLanguage\":\"pl\"},{\"@type\":\"Organization\",\"@id\":\"https:\\\/\\\/ghinduction.com\\\/pl-pl\\\/#organization\",\"name\":\"GH Induction - Experts in Induction Heat Treatment and Induction Heating\",\"alternateName\":\"GH Induction\",\"url\":\"https:\\\/\\\/ghinduction.com\\\/pl-pl\\\/\",\"logo\":{\"@type\":\"ImageObject\",\"inLanguage\":\"pl\",\"@id\":\"https:\\\/\\\/ghinduction.com\\\/pl-pl\\\/#\\\/schema\\\/logo\\\/image\\\/\",\"url\":\"https:\\\/\\\/ghinduction.com\\\/wp-content\\\/uploads\\\/2024\\\/05\\\/logo-gh-induction.png\",\"contentUrl\":\"https:\\\/\\\/ghinduction.com\\\/wp-content\\\/uploads\\\/2024\\\/05\\\/logo-gh-induction.png\",\"width\":225,\"height\":225,\"caption\":\"GH Induction - Experts in Induction Heat Treatment and Induction Heating\"},\"image\":{\"@id\":\"https:\\\/\\\/ghinduction.com\\\/pl-pl\\\/#\\\/schema\\\/logo\\\/image\\\/\"},\"sameAs\":[\"https:\\\/\\\/www.facebook.com\\\/ghinductionheating\",\"https:\\\/\\\/www.linkedin.com\\\/company\\\/gh-induction\\\/\",\"https:\\\/\\\/www.youtube.com\\\/user\\\/GhInduction\"]}]}<\/script>\n<!-- \/ Yoast SEO plugin. -->","yoast_head_json":{"title":"Rozwi\u0105zania indukcyjne w motoryzacji - GH Induction","description":"Poniewa\u017c przemys\u0142 motoryzacyjny ewoluuje, aby sprosta\u0107 wymaganiom rynku dzi\u0119ki r\u00f3\u017cnym technologiom, takim jak ICEV (pojazd z silnikiem spalinowym), EV (pojazd elektryczny) i hybrydy, problemy z \u0142a\u0144cuchem dostaw sta\u0142y si\u0119 bardziej z\u0142o\u017cone ni\u017c kiedykolwiek wcze\u015bniej. Niezale\u017cnie od tego, czy stawiasz czo\u0142a wyzwaniom zwi\u0105zanym z szybk\u0105 adaptacj\u0105, konkurencyjno\u015bci\u0105, popraw\u0105 wydajno\u015bci produkcji, kontrol\u0105 jako\u015bci czy zr\u00f3wnowa\u017conym rozwojem, rozumiemy Twoje potrzeby i wsp\u00f3\u0142pracuj\u0105c mo\u017cemy Ci pom\u00f3c. W naszej firmie specjalizujemy si\u0119 w dostarczaniu op\u0142acalnych i elastycznych rozwi\u0105za\u0144 pod klucz, wsp\u00f3\u0142pracuj\u0105c z naszymi klientami. W\u0142\u0105czamy najnowsz\u0105 technologi\u0119 zar\u00f3wno w\u0142asn\u0105, jak i innych w ramach Przemys\u0142u 4.0, zapewniaj\u0105c, \u017ce otrzymasz idealne rozwi\u0105zanie dla Twoich specyficznych wymaga\u0144. Dzi\u0119ki ponad 60-letniemu do\u015bwiadczeniu wiemy, jak sprosta\u0107 wysokim wymaganiom przemys\u0142u motoryzacyjnego.","robots":{"index":"index","follow":"follow","max-snippet":"max-snippet:-1","max-image-preview":"max-image-preview:large","max-video-preview":"max-video-preview:-1"},"canonical":"https:\/\/ghinduction.com\/pl-pl\/rozwiazania\/branze\/transport\/motoryzacja\/","og_locale":"pl_PL","og_type":"article","og_title":"Rozwi\u0105zania indukcyjne w motoryzacji - GH Induction","og_description":"Poniewa\u017c przemys\u0142 motoryzacyjny ewoluuje, aby sprosta\u0107 wymaganiom rynku dzi\u0119ki r\u00f3\u017cnym technologiom, takim jak ICEV (pojazd z silnikiem spalinowym), EV (pojazd elektryczny) i hybrydy, problemy z \u0142a\u0144cuchem dostaw sta\u0142y si\u0119 bardziej z\u0142o\u017cone ni\u017c kiedykolwiek wcze\u015bniej. Niezale\u017cnie od tego, czy stawiasz czo\u0142a wyzwaniom zwi\u0105zanym z szybk\u0105 adaptacj\u0105, konkurencyjno\u015bci\u0105, popraw\u0105 wydajno\u015bci produkcji, kontrol\u0105 jako\u015bci czy zr\u00f3wnowa\u017conym rozwojem, rozumiemy Twoje potrzeby i wsp\u00f3\u0142pracuj\u0105c mo\u017cemy Ci pom\u00f3c. W naszej firmie specjalizujemy si\u0119 w dostarczaniu op\u0142acalnych i elastycznych rozwi\u0105za\u0144 pod klucz, wsp\u00f3\u0142pracuj\u0105c z naszymi klientami. W\u0142\u0105czamy najnowsz\u0105 technologi\u0119 zar\u00f3wno w\u0142asn\u0105, jak i innych w ramach Przemys\u0142u 4.0, zapewniaj\u0105c, \u017ce otrzymasz idealne rozwi\u0105zanie dla Twoich specyficznych wymaga\u0144. Dzi\u0119ki ponad 60-letniemu do\u015bwiadczeniu wiemy, jak sprosta\u0107 wysokim wymaganiom przemys\u0142u motoryzacyjnego.","og_url":"https:\/\/ghinduction.com\/pl-pl\/rozwiazania\/branze\/transport\/motoryzacja\/","og_site_name":"GH Induction Polska","article_publisher":"https:\/\/www.facebook.com\/ghinductionheating","article_modified_time":"2026-02-26T12:15:24+00:00","og_image":[{"width":1920,"height":1080,"url":"https:\/\/ghinduction.com\/wp-content\/uploads\/2023\/03\/INDUSTRIES_AUTOMOTIVE_MAIN-BANNER-opt.jpg","type":"image\/jpeg"}],"twitter_card":"summary_large_image","twitter_misc":{"Est. reading time":"1 minute"},"schema":{"@context":"https:\/\/schema.org","@graph":[{"@type":"WebPage","@id":"https:\/\/ghinduction.com\/pl-pl\/rozwiazania\/branze\/transport\/motoryzacja\/","url":"https:\/\/ghinduction.com\/pl-pl\/rozwiazania\/branze\/transport\/motoryzacja\/","name":"Rozwi\u0105zania indukcyjne w motoryzacji - GH Induction","isPartOf":{"@id":"https:\/\/ghinduction.com\/pl-pl\/#website"},"primaryImageOfPage":{"@id":"https:\/\/ghinduction.com\/pl-pl\/rozwiazania\/branze\/transport\/motoryzacja\/#primaryimage"},"image":{"@id":"https:\/\/ghinduction.com\/pl-pl\/rozwiazania\/branze\/transport\/motoryzacja\/#primaryimage"},"thumbnailUrl":"https:\/\/ghinduction.com\/wp-content\/uploads\/2023\/03\/INDUSTRIES_AUTOMOTIVE_MAIN-BANNER-opt.jpg","datePublished":"2023-01-09T09:02:41+00:00","dateModified":"2026-02-26T12:15:24+00:00","description":"Poniewa\u017c przemys\u0142 motoryzacyjny ewoluuje, aby sprosta\u0107 wymaganiom rynku dzi\u0119ki r\u00f3\u017cnym technologiom, takim jak ICEV (pojazd z silnikiem spalinowym), EV (pojazd elektryczny) i hybrydy, problemy z \u0142a\u0144cuchem dostaw sta\u0142y si\u0119 bardziej z\u0142o\u017cone ni\u017c kiedykolwiek wcze\u015bniej. Niezale\u017cnie od tego, czy stawiasz czo\u0142a wyzwaniom zwi\u0105zanym z szybk\u0105 adaptacj\u0105, konkurencyjno\u015bci\u0105, popraw\u0105 wydajno\u015bci produkcji, kontrol\u0105 jako\u015bci czy zr\u00f3wnowa\u017conym rozwojem, rozumiemy Twoje potrzeby i wsp\u00f3\u0142pracuj\u0105c mo\u017cemy Ci pom\u00f3c. W naszej firmie specjalizujemy si\u0119 w dostarczaniu op\u0142acalnych i elastycznych rozwi\u0105za\u0144 pod klucz, wsp\u00f3\u0142pracuj\u0105c z naszymi klientami. W\u0142\u0105czamy najnowsz\u0105 technologi\u0119 zar\u00f3wno w\u0142asn\u0105, jak i innych w ramach Przemys\u0142u 4.0, zapewniaj\u0105c, \u017ce otrzymasz idealne rozwi\u0105zanie dla Twoich specyficznych wymaga\u0144. Dzi\u0119ki ponad 60-letniemu do\u015bwiadczeniu wiemy, jak sprosta\u0107 wysokim wymaganiom przemys\u0142u motoryzacyjnego.","breadcrumb":{"@id":"https:\/\/ghinduction.com\/pl-pl\/rozwiazania\/branze\/transport\/motoryzacja\/#breadcrumb"},"inLanguage":"pl","potentialAction":[{"@type":"ReadAction","target":["https:\/\/ghinduction.com\/pl-pl\/rozwiazania\/branze\/transport\/motoryzacja\/"]}]},{"@type":"ImageObject","inLanguage":"pl","@id":"https:\/\/ghinduction.com\/pl-pl\/rozwiazania\/branze\/transport\/motoryzacja\/#primaryimage","url":"https:\/\/ghinduction.com\/wp-content\/uploads\/2023\/03\/INDUSTRIES_AUTOMOTIVE_MAIN-BANNER-opt.jpg","contentUrl":"https:\/\/ghinduction.com\/wp-content\/uploads\/2023\/03\/INDUSTRIES_AUTOMOTIVE_MAIN-BANNER-opt.jpg","width":1920,"height":1080},{"@type":"BreadcrumbList","@id":"https:\/\/ghinduction.com\/pl-pl\/rozwiazania\/branze\/transport\/motoryzacja\/#breadcrumb","itemListElement":[{"@type":"ListItem","position":1,"name":"Home","item":"https:\/\/ghinduction.com\/pl-pl\/"},{"@type":"ListItem","position":2,"name":"Rozwi\u0105zania","item":"https:\/\/ghinduction.com\/pl-pl\/rozwiazania\/"},{"@type":"ListItem","position":3,"name":"Bran\u017ce","item":"https:\/\/ghinduction.com\/pl-pl\/rozwiazania\/branze\/"},{"@type":"ListItem","position":4,"name":"Transport","item":"https:\/\/ghinduction.com\/pl-pl\/solutions\/industries\/transportation\/"},{"@type":"ListItem","position":5,"name":"Motoryzacja"}]},{"@type":"WebSite","@id":"https:\/\/ghinduction.com\/pl-pl\/#website","url":"https:\/\/ghinduction.com\/pl-pl\/","name":"GH Induction - Experts in Induction Heat Treatment and Induction Heating","description":"GH Induction offers advanced induction heat treatment and heating solutions for various industrial applications. With over 60 years of experience, our innovative systems ensure efficiency and quality across diverse sectors globally.","publisher":{"@id":"https:\/\/ghinduction.com\/pl-pl\/#organization"},"alternateName":"GH Induction","potentialAction":[{"@type":"SearchAction","target":{"@type":"EntryPoint","urlTemplate":"https:\/\/ghinduction.com\/pl-pl\/?s={search_term_string}"},"query-input":{"@type":"PropertyValueSpecification","valueRequired":true,"valueName":"search_term_string"}}],"inLanguage":"pl"},{"@type":"Organization","@id":"https:\/\/ghinduction.com\/pl-pl\/#organization","name":"GH Induction - Experts in Induction Heat Treatment and Induction Heating","alternateName":"GH Induction","url":"https:\/\/ghinduction.com\/pl-pl\/","logo":{"@type":"ImageObject","inLanguage":"pl","@id":"https:\/\/ghinduction.com\/pl-pl\/#\/schema\/logo\/image\/","url":"https:\/\/ghinduction.com\/wp-content\/uploads\/2024\/05\/logo-gh-induction.png","contentUrl":"https:\/\/ghinduction.com\/wp-content\/uploads\/2024\/05\/logo-gh-induction.png","width":225,"height":225,"caption":"GH Induction - Experts in Induction Heat Treatment and Induction Heating"},"image":{"@id":"https:\/\/ghinduction.com\/pl-pl\/#\/schema\/logo\/image\/"},"sameAs":["https:\/\/www.facebook.com\/ghinductionheating","https:\/\/www.linkedin.com\/company\/gh-induction\/","https:\/\/www.youtube.com\/user\/GhInduction"]}]}},"_links":{"self":[{"href":"https:\/\/ghinduction.com\/pl-pl\/wp-json\/wp\/v2\/pages\/21229","targetHints":{"allow":["GET"]}}],"collection":[{"href":"https:\/\/ghinduction.com\/pl-pl\/wp-json\/wp\/v2\/pages"}],"about":[{"href":"https:\/\/ghinduction.com\/pl-pl\/wp-json\/wp\/v2\/types\/page"}],"author":[{"embeddable":true,"href":"https:\/\/ghinduction.com\/pl-pl\/wp-json\/wp\/v2\/users\/1"}],"replies":[{"embeddable":true,"href":"https:\/\/ghinduction.com\/pl-pl\/wp-json\/wp\/v2\/comments?post=21229"}],"version-history":[{"count":1,"href":"https:\/\/ghinduction.com\/pl-pl\/wp-json\/wp\/v2\/pages\/21229\/revisions"}],"predecessor-version":[{"id":66231,"href":"https:\/\/ghinduction.com\/pl-pl\/wp-json\/wp\/v2\/pages\/21229\/revisions\/66231"}],"up":[{"embeddable":true,"href":"https:\/\/ghinduction.com\/pl-pl\/wp-json\/wp\/v2\/pages\/29119"}],"wp:featuredmedia":[{"embeddable":true,"href":"https:\/\/ghinduction.com\/pl-pl\/wp-json\/wp\/v2\/media\/18900"}],"wp:attachment":[{"href":"https:\/\/ghinduction.com\/pl-pl\/wp-json\/wp\/v2\/media?parent=21229"}],"wp:term":[{"taxonomy":"industry","embeddable":true,"href":"https:\/\/ghinduction.com\/pl-pl\/wp-json\/wp\/v2\/industry?post=21229"},{"taxonomy":"processes","embeddable":true,"href":"https:\/\/ghinduction.com\/pl-pl\/wp-json\/wp\/v2\/processes?post=21229"},{"taxonomy":"solutions","embeddable":true,"href":"https:\/\/ghinduction.com\/pl-pl\/wp-json\/wp\/v2\/solutions?post=21229"}],"curies":[{"name":"wp","href":"https:\/\/api.w.org\/{rel}","templated":true}]}}