{"id":24591,"date":"2023-01-09T09:02:27","date_gmt":"2023-01-09T09:02:27","guid":{"rendered":"https:\/\/ghinduction.com\/rozwiazania\/procesy\/monatz-laczenie\/lutowanie-miekkie\/"},"modified":"2026-02-26T15:34:38","modified_gmt":"2026-02-26T15:34:38","slug":"lutowanie-miekkie","status":"publish","type":"page","link":"https:\/\/ghinduction.com\/pl-pl\/rozwiazania\/procesy\/monatz-laczenie\/lutowanie-miekkie\/","title":{"rendered":"Lutowanie mi\u0119kkie"},"content":{"rendered":"","protected":false},"excerpt":{"rendered":"","protected":false},"author":1,"featured_media":20941,"parent":24570,"menu_order":38,"comment_status":"closed","ping_status":"closed","template":"","meta":{"_acf_changed":false,"footnotes":""},"industry":[],"processes":[],"solutions":[],"class_list":["post-24591","page","type-page","status-publish","has-post-thumbnail","hentry"],"acf":[],"yoast_head":"<!-- This site is optimized with the Yoast SEO plugin v27.3 - https:\/\/yoast.com\/product\/yoast-seo-wordpress\/ -->\n<title>Induction Lutowanie mi\u0119kkie | GH Induction Polska<\/title>\n<meta name=\"description\" content=\"Lutowanie mi\u0119kkie (ang. soldering) jest procesem \u0142\u0105czenia ze sob\u0105 dw\u00f3ch element\u00f3w za pomoc\u0105 ciep\u0142a i spoiwa o temperaturze topnienia poni\u017cej 427 \u00baC (800 \u00baF)\" \/>\n<meta name=\"robots\" content=\"index, follow, max-snippet:-1, max-image-preview:large, max-video-preview:-1\" \/>\n<link rel=\"canonical\" href=\"https:\/\/ghinduction.com\/pl-pl\/rozwiazania\/procesy\/monatz-laczenie\/lutowanie-miekkie\/\" \/>\n<meta property=\"og:locale\" content=\"pl_PL\" \/>\n<meta property=\"og:type\" content=\"article\" \/>\n<meta property=\"og:title\" content=\"Induction Lutowanie mi\u0119kkie | GH Induction Polska\" \/>\n<meta property=\"og:description\" content=\"Lutowanie mi\u0119kkie (ang. soldering) jest procesem \u0142\u0105czenia ze sob\u0105 dw\u00f3ch element\u00f3w za pomoc\u0105 ciep\u0142a i spoiwa o temperaturze topnienia poni\u017cej 427 \u00baC (800 \u00baF)\" \/>\n<meta property=\"og:url\" content=\"https:\/\/ghinduction.com\/pl-pl\/rozwiazania\/procesy\/monatz-laczenie\/lutowanie-miekkie\/\" \/>\n<meta property=\"og:site_name\" content=\"GH Induction Polska\" \/>\n<meta property=\"article:publisher\" content=\"https:\/\/www.facebook.com\/ghinductionheating\" \/>\n<meta property=\"article:modified_time\" content=\"2026-02-26T15:34:38+00:00\" \/>\n<meta property=\"og:image\" content=\"https:\/\/ghinduction.com\/wp-content\/uploads\/2023\/05\/technicians-discussing-joint-work-2022-02-02-04-50-10-utc.jpg\" \/>\n\t<meta property=\"og:image:width\" content=\"625\" \/>\n\t<meta property=\"og:image:height\" content=\"376\" \/>\n\t<meta property=\"og:image:type\" content=\"image\/jpeg\" \/>\n<meta name=\"twitter:card\" content=\"summary_large_image\" \/>\n<meta name=\"twitter:label1\" content=\"Est. reading time\" \/>\n\t<meta name=\"twitter:data1\" content=\"1 minute\" \/>\n<script type=\"application\/ld+json\" class=\"yoast-schema-graph\">{\"@context\":\"https:\\\/\\\/schema.org\",\"@graph\":[{\"@type\":\"WebPage\",\"@id\":\"https:\\\/\\\/ghinduction.com\\\/pl-pl\\\/rozwiazania\\\/procesy\\\/monatz-laczenie\\\/lutowanie-miekkie\\\/\",\"url\":\"https:\\\/\\\/ghinduction.com\\\/pl-pl\\\/rozwiazania\\\/procesy\\\/monatz-laczenie\\\/lutowanie-miekkie\\\/\",\"name\":\"Induction Lutowanie mi\u0119kkie | GH Induction Polska\",\"isPartOf\":{\"@id\":\"https:\\\/\\\/ghinduction.com\\\/pl-pl\\\/#website\"},\"primaryImageOfPage\":{\"@id\":\"https:\\\/\\\/ghinduction.com\\\/pl-pl\\\/rozwiazania\\\/procesy\\\/monatz-laczenie\\\/lutowanie-miekkie\\\/#primaryimage\"},\"image\":{\"@id\":\"https:\\\/\\\/ghinduction.com\\\/pl-pl\\\/rozwiazania\\\/procesy\\\/monatz-laczenie\\\/lutowanie-miekkie\\\/#primaryimage\"},\"thumbnailUrl\":\"https:\\\/\\\/ghinduction.com\\\/wp-content\\\/uploads\\\/2023\\\/05\\\/technicians-discussing-joint-work-2022-02-02-04-50-10-utc.jpg\",\"datePublished\":\"2023-01-09T09:02:27+00:00\",\"dateModified\":\"2026-02-26T15:34:38+00:00\",\"description\":\"Lutowanie mi\u0119kkie (ang. soldering) jest procesem \u0142\u0105czenia ze sob\u0105 dw\u00f3ch element\u00f3w za pomoc\u0105 ciep\u0142a i spoiwa o temperaturze topnienia poni\u017cej 427 \u00baC (800 \u00baF)\",\"breadcrumb\":{\"@id\":\"https:\\\/\\\/ghinduction.com\\\/pl-pl\\\/rozwiazania\\\/procesy\\\/monatz-laczenie\\\/lutowanie-miekkie\\\/#breadcrumb\"},\"inLanguage\":\"pl\",\"potentialAction\":[{\"@type\":\"ReadAction\",\"target\":[\"https:\\\/\\\/ghinduction.com\\\/pl-pl\\\/rozwiazania\\\/procesy\\\/monatz-laczenie\\\/lutowanie-miekkie\\\/\"]}]},{\"@type\":\"ImageObject\",\"inLanguage\":\"pl\",\"@id\":\"https:\\\/\\\/ghinduction.com\\\/pl-pl\\\/rozwiazania\\\/procesy\\\/monatz-laczenie\\\/lutowanie-miekkie\\\/#primaryimage\",\"url\":\"https:\\\/\\\/ghinduction.com\\\/wp-content\\\/uploads\\\/2023\\\/05\\\/technicians-discussing-joint-work-2022-02-02-04-50-10-utc.jpg\",\"contentUrl\":\"https:\\\/\\\/ghinduction.com\\\/wp-content\\\/uploads\\\/2023\\\/05\\\/technicians-discussing-joint-work-2022-02-02-04-50-10-utc.jpg\",\"width\":625,\"height\":376},{\"@type\":\"BreadcrumbList\",\"@id\":\"https:\\\/\\\/ghinduction.com\\\/pl-pl\\\/rozwiazania\\\/procesy\\\/monatz-laczenie\\\/lutowanie-miekkie\\\/#breadcrumb\",\"itemListElement\":[{\"@type\":\"ListItem\",\"position\":1,\"name\":\"Home\",\"item\":\"https:\\\/\\\/ghinduction.com\\\/pl-pl\\\/\"},{\"@type\":\"ListItem\",\"position\":2,\"name\":\"Rozwi\u0105zania\",\"item\":\"https:\\\/\\\/ghinduction.com\\\/pl-pl\\\/rozwiazania\\\/\"},{\"@type\":\"ListItem\",\"position\":3,\"name\":\"Procesy\",\"item\":\"https:\\\/\\\/ghinduction.com\\\/pl-pl\\\/rozwiazania\\\/procesy\\\/\"},{\"@type\":\"ListItem\",\"position\":4,\"name\":\"Monat\u017c \\\/ \u0141\u0105czenie\",\"item\":\"https:\\\/\\\/ghinduction.com\\\/pl-pl\\\/rozwiazania\\\/procesy\\\/monatz-laczenie\\\/\"},{\"@type\":\"ListItem\",\"position\":5,\"name\":\"Lutowanie mi\u0119kkie\"}]},{\"@type\":\"WebSite\",\"@id\":\"https:\\\/\\\/ghinduction.com\\\/pl-pl\\\/#website\",\"url\":\"https:\\\/\\\/ghinduction.com\\\/pl-pl\\\/\",\"name\":\"GH Induction - Experts in Induction Heat Treatment and Induction Heating\",\"description\":\"GH Induction offers advanced induction heat treatment and heating solutions for various industrial applications. With over 60 years of experience, our innovative systems ensure efficiency and quality across diverse sectors globally.\",\"publisher\":{\"@id\":\"https:\\\/\\\/ghinduction.com\\\/pl-pl\\\/#organization\"},\"alternateName\":\"GH Induction\",\"potentialAction\":[{\"@type\":\"SearchAction\",\"target\":{\"@type\":\"EntryPoint\",\"urlTemplate\":\"https:\\\/\\\/ghinduction.com\\\/pl-pl\\\/?s={search_term_string}\"},\"query-input\":{\"@type\":\"PropertyValueSpecification\",\"valueRequired\":true,\"valueName\":\"search_term_string\"}}],\"inLanguage\":\"pl\"},{\"@type\":\"Organization\",\"@id\":\"https:\\\/\\\/ghinduction.com\\\/pl-pl\\\/#organization\",\"name\":\"GH Induction - Experts in Induction Heat Treatment and Induction Heating\",\"alternateName\":\"GH Induction\",\"url\":\"https:\\\/\\\/ghinduction.com\\\/pl-pl\\\/\",\"logo\":{\"@type\":\"ImageObject\",\"inLanguage\":\"pl\",\"@id\":\"https:\\\/\\\/ghinduction.com\\\/pl-pl\\\/#\\\/schema\\\/logo\\\/image\\\/\",\"url\":\"https:\\\/\\\/ghinduction.com\\\/wp-content\\\/uploads\\\/2024\\\/05\\\/logo-gh-induction.png\",\"contentUrl\":\"https:\\\/\\\/ghinduction.com\\\/wp-content\\\/uploads\\\/2024\\\/05\\\/logo-gh-induction.png\",\"width\":225,\"height\":225,\"caption\":\"GH Induction - Experts in Induction Heat Treatment and Induction Heating\"},\"image\":{\"@id\":\"https:\\\/\\\/ghinduction.com\\\/pl-pl\\\/#\\\/schema\\\/logo\\\/image\\\/\"},\"sameAs\":[\"https:\\\/\\\/www.facebook.com\\\/ghinductionheating\",\"https:\\\/\\\/www.linkedin.com\\\/company\\\/gh-induction\\\/\",\"https:\\\/\\\/www.youtube.com\\\/user\\\/GhInduction\"]}]}<\/script>\n<!-- \/ Yoast SEO plugin. -->","yoast_head_json":{"title":"Induction Lutowanie mi\u0119kkie | GH Induction Polska","description":"Lutowanie mi\u0119kkie (ang. soldering) jest procesem \u0142\u0105czenia ze sob\u0105 dw\u00f3ch element\u00f3w za pomoc\u0105 ciep\u0142a i spoiwa o temperaturze topnienia poni\u017cej 427 \u00baC (800 \u00baF)","robots":{"index":"index","follow":"follow","max-snippet":"max-snippet:-1","max-image-preview":"max-image-preview:large","max-video-preview":"max-video-preview:-1"},"canonical":"https:\/\/ghinduction.com\/pl-pl\/rozwiazania\/procesy\/monatz-laczenie\/lutowanie-miekkie\/","og_locale":"pl_PL","og_type":"article","og_title":"Induction Lutowanie mi\u0119kkie | GH Induction Polska","og_description":"Lutowanie mi\u0119kkie (ang. soldering) jest procesem \u0142\u0105czenia ze sob\u0105 dw\u00f3ch element\u00f3w za pomoc\u0105 ciep\u0142a i spoiwa o temperaturze topnienia poni\u017cej 427 \u00baC (800 \u00baF)","og_url":"https:\/\/ghinduction.com\/pl-pl\/rozwiazania\/procesy\/monatz-laczenie\/lutowanie-miekkie\/","og_site_name":"GH Induction Polska","article_publisher":"https:\/\/www.facebook.com\/ghinductionheating","article_modified_time":"2026-02-26T15:34:38+00:00","og_image":[{"width":625,"height":376,"url":"https:\/\/ghinduction.com\/wp-content\/uploads\/2023\/05\/technicians-discussing-joint-work-2022-02-02-04-50-10-utc.jpg","type":"image\/jpeg"}],"twitter_card":"summary_large_image","twitter_misc":{"Est. reading time":"1 minute"},"schema":{"@context":"https:\/\/schema.org","@graph":[{"@type":"WebPage","@id":"https:\/\/ghinduction.com\/pl-pl\/rozwiazania\/procesy\/monatz-laczenie\/lutowanie-miekkie\/","url":"https:\/\/ghinduction.com\/pl-pl\/rozwiazania\/procesy\/monatz-laczenie\/lutowanie-miekkie\/","name":"Induction Lutowanie mi\u0119kkie | GH Induction Polska","isPartOf":{"@id":"https:\/\/ghinduction.com\/pl-pl\/#website"},"primaryImageOfPage":{"@id":"https:\/\/ghinduction.com\/pl-pl\/rozwiazania\/procesy\/monatz-laczenie\/lutowanie-miekkie\/#primaryimage"},"image":{"@id":"https:\/\/ghinduction.com\/pl-pl\/rozwiazania\/procesy\/monatz-laczenie\/lutowanie-miekkie\/#primaryimage"},"thumbnailUrl":"https:\/\/ghinduction.com\/wp-content\/uploads\/2023\/05\/technicians-discussing-joint-work-2022-02-02-04-50-10-utc.jpg","datePublished":"2023-01-09T09:02:27+00:00","dateModified":"2026-02-26T15:34:38+00:00","description":"Lutowanie mi\u0119kkie (ang. soldering) jest procesem \u0142\u0105czenia ze sob\u0105 dw\u00f3ch element\u00f3w za pomoc\u0105 ciep\u0142a i spoiwa o temperaturze topnienia poni\u017cej 427 \u00baC (800 \u00baF)","breadcrumb":{"@id":"https:\/\/ghinduction.com\/pl-pl\/rozwiazania\/procesy\/monatz-laczenie\/lutowanie-miekkie\/#breadcrumb"},"inLanguage":"pl","potentialAction":[{"@type":"ReadAction","target":["https:\/\/ghinduction.com\/pl-pl\/rozwiazania\/procesy\/monatz-laczenie\/lutowanie-miekkie\/"]}]},{"@type":"ImageObject","inLanguage":"pl","@id":"https:\/\/ghinduction.com\/pl-pl\/rozwiazania\/procesy\/monatz-laczenie\/lutowanie-miekkie\/#primaryimage","url":"https:\/\/ghinduction.com\/wp-content\/uploads\/2023\/05\/technicians-discussing-joint-work-2022-02-02-04-50-10-utc.jpg","contentUrl":"https:\/\/ghinduction.com\/wp-content\/uploads\/2023\/05\/technicians-discussing-joint-work-2022-02-02-04-50-10-utc.jpg","width":625,"height":376},{"@type":"BreadcrumbList","@id":"https:\/\/ghinduction.com\/pl-pl\/rozwiazania\/procesy\/monatz-laczenie\/lutowanie-miekkie\/#breadcrumb","itemListElement":[{"@type":"ListItem","position":1,"name":"Home","item":"https:\/\/ghinduction.com\/pl-pl\/"},{"@type":"ListItem","position":2,"name":"Rozwi\u0105zania","item":"https:\/\/ghinduction.com\/pl-pl\/rozwiazania\/"},{"@type":"ListItem","position":3,"name":"Procesy","item":"https:\/\/ghinduction.com\/pl-pl\/rozwiazania\/procesy\/"},{"@type":"ListItem","position":4,"name":"Monat\u017c \/ \u0141\u0105czenie","item":"https:\/\/ghinduction.com\/pl-pl\/rozwiazania\/procesy\/monatz-laczenie\/"},{"@type":"ListItem","position":5,"name":"Lutowanie mi\u0119kkie"}]},{"@type":"WebSite","@id":"https:\/\/ghinduction.com\/pl-pl\/#website","url":"https:\/\/ghinduction.com\/pl-pl\/","name":"GH Induction - Experts in Induction Heat Treatment and Induction Heating","description":"GH Induction offers advanced induction heat treatment and heating solutions for various industrial applications. With over 60 years of experience, our innovative systems ensure efficiency and quality across diverse sectors globally.","publisher":{"@id":"https:\/\/ghinduction.com\/pl-pl\/#organization"},"alternateName":"GH Induction","potentialAction":[{"@type":"SearchAction","target":{"@type":"EntryPoint","urlTemplate":"https:\/\/ghinduction.com\/pl-pl\/?s={search_term_string}"},"query-input":{"@type":"PropertyValueSpecification","valueRequired":true,"valueName":"search_term_string"}}],"inLanguage":"pl"},{"@type":"Organization","@id":"https:\/\/ghinduction.com\/pl-pl\/#organization","name":"GH Induction - Experts in Induction Heat Treatment and Induction Heating","alternateName":"GH Induction","url":"https:\/\/ghinduction.com\/pl-pl\/","logo":{"@type":"ImageObject","inLanguage":"pl","@id":"https:\/\/ghinduction.com\/pl-pl\/#\/schema\/logo\/image\/","url":"https:\/\/ghinduction.com\/wp-content\/uploads\/2024\/05\/logo-gh-induction.png","contentUrl":"https:\/\/ghinduction.com\/wp-content\/uploads\/2024\/05\/logo-gh-induction.png","width":225,"height":225,"caption":"GH Induction - Experts in Induction Heat Treatment and Induction Heating"},"image":{"@id":"https:\/\/ghinduction.com\/pl-pl\/#\/schema\/logo\/image\/"},"sameAs":["https:\/\/www.facebook.com\/ghinductionheating","https:\/\/www.linkedin.com\/company\/gh-induction\/","https:\/\/www.youtube.com\/user\/GhInduction"]}]}},"_links":{"self":[{"href":"https:\/\/ghinduction.com\/pl-pl\/wp-json\/wp\/v2\/pages\/24591","targetHints":{"allow":["GET"]}}],"collection":[{"href":"https:\/\/ghinduction.com\/pl-pl\/wp-json\/wp\/v2\/pages"}],"about":[{"href":"https:\/\/ghinduction.com\/pl-pl\/wp-json\/wp\/v2\/types\/page"}],"author":[{"embeddable":true,"href":"https:\/\/ghinduction.com\/pl-pl\/wp-json\/wp\/v2\/users\/1"}],"replies":[{"embeddable":true,"href":"https:\/\/ghinduction.com\/pl-pl\/wp-json\/wp\/v2\/comments?post=24591"}],"version-history":[{"count":1,"href":"https:\/\/ghinduction.com\/pl-pl\/wp-json\/wp\/v2\/pages\/24591\/revisions"}],"predecessor-version":[{"id":66515,"href":"https:\/\/ghinduction.com\/pl-pl\/wp-json\/wp\/v2\/pages\/24591\/revisions\/66515"}],"up":[{"embeddable":true,"href":"https:\/\/ghinduction.com\/pl-pl\/wp-json\/wp\/v2\/pages\/24570"}],"wp:featuredmedia":[{"embeddable":true,"href":"https:\/\/ghinduction.com\/pl-pl\/wp-json\/wp\/v2\/media\/20941"}],"wp:attachment":[{"href":"https:\/\/ghinduction.com\/pl-pl\/wp-json\/wp\/v2\/media?parent=24591"}],"wp:term":[{"taxonomy":"industry","embeddable":true,"href":"https:\/\/ghinduction.com\/pl-pl\/wp-json\/wp\/v2\/industry?post=24591"},{"taxonomy":"processes","embeddable":true,"href":"https:\/\/ghinduction.com\/pl-pl\/wp-json\/wp\/v2\/processes?post=24591"},{"taxonomy":"solutions","embeddable":true,"href":"https:\/\/ghinduction.com\/pl-pl\/wp-json\/wp\/v2\/solutions?post=24591"}],"curies":[{"name":"wp","href":"https:\/\/api.w.org\/{rel}","templated":true}]}}