{"id":24632,"date":"2023-01-09T09:02:31","date_gmt":"2023-01-09T09:02:31","guid":{"rendered":"https:\/\/ghinduction.com\/rozwiazania\/procesy\/procesy-nagrzewania\/kucie-formowanie\/"},"modified":"2026-02-27T08:04:23","modified_gmt":"2026-02-27T08:04:23","slug":"kucie-formowanie","status":"publish","type":"page","link":"https:\/\/ghinduction.com\/pl-pl\/rozwiazania\/procesy\/procesy-nagrzewania\/kucie-formowanie\/","title":{"rendered":"Kucie i formowanie"},"content":{"rendered":"","protected":false},"excerpt":{"rendered":"","protected":false},"author":1,"featured_media":17596,"parent":24612,"menu_order":43,"comment_status":"closed","ping_status":"closed","template":"","meta":{"_acf_changed":false,"footnotes":""},"industry":[],"processes":[],"solutions":[],"class_list":["post-24632","page","type-page","status-publish","has-post-thumbnail","hentry"],"acf":[],"yoast_head":"<!-- This site is optimized with the Yoast SEO plugin v27.3 - https:\/\/yoast.com\/product\/yoast-seo-wordpress\/ -->\n<title>Induction Kucie i formowanie | GH Induction Polska<\/title>\n<meta name=\"description\" content=\"Kucie polega na formowaniu cz\u0119\u015bci, kt\u00f3ra zosta\u0142a wcze\u015bniej podgrzana do temperatury, w kt\u00f3rej jej odporno\u015b\u0107 na odkszta\u0142cenia jest s\u0142aba.\" \/>\n<meta name=\"robots\" content=\"index, follow, max-snippet:-1, max-image-preview:large, max-video-preview:-1\" \/>\n<link rel=\"canonical\" href=\"https:\/\/ghinduction.com\/pl-pl\/rozwiazania\/procesy\/procesy-nagrzewania\/kucie-formowanie\/\" \/>\n<meta property=\"og:locale\" content=\"pl_PL\" \/>\n<meta property=\"og:type\" content=\"article\" \/>\n<meta property=\"og:title\" content=\"Induction Kucie i formowanie | GH Induction Polska\" \/>\n<meta property=\"og:description\" content=\"Kucie polega na formowaniu cz\u0119\u015bci, kt\u00f3ra zosta\u0142a wcze\u015bniej podgrzana do temperatury, w kt\u00f3rej jej odporno\u015b\u0107 na odkszta\u0142cenia jest s\u0142aba.\" \/>\n<meta property=\"og:url\" content=\"https:\/\/ghinduction.com\/pl-pl\/rozwiazania\/procesy\/procesy-nagrzewania\/kucie-formowanie\/\" \/>\n<meta property=\"og:site_name\" content=\"GH Induction Polska\" \/>\n<meta property=\"article:publisher\" content=\"https:\/\/www.facebook.com\/ghinductionheating\" \/>\n<meta property=\"article:modified_time\" content=\"2026-02-27T08:04:23+00:00\" \/>\n<meta property=\"og:image\" content=\"https:\/\/ghinduction.com\/wp-content\/uploads\/2023\/02\/Process_forging_2763.jpg\" \/>\n\t<meta property=\"og:image:width\" content=\"511\" \/>\n\t<meta property=\"og:image:height\" content=\"383\" \/>\n\t<meta property=\"og:image:type\" content=\"image\/jpeg\" \/>\n<meta name=\"twitter:card\" content=\"summary_large_image\" \/>\n<meta name=\"twitter:label1\" content=\"Est. reading time\" \/>\n\t<meta name=\"twitter:data1\" content=\"1 minute\" \/>\n<script type=\"application\/ld+json\" class=\"yoast-schema-graph\">{\"@context\":\"https:\\\/\\\/schema.org\",\"@graph\":[{\"@type\":\"WebPage\",\"@id\":\"https:\\\/\\\/ghinduction.com\\\/pl-pl\\\/rozwiazania\\\/procesy\\\/procesy-nagrzewania\\\/kucie-formowanie\\\/\",\"url\":\"https:\\\/\\\/ghinduction.com\\\/pl-pl\\\/rozwiazania\\\/procesy\\\/procesy-nagrzewania\\\/kucie-formowanie\\\/\",\"name\":\"Induction Kucie i formowanie | GH Induction Polska\",\"isPartOf\":{\"@id\":\"https:\\\/\\\/ghinduction.com\\\/pl-pl\\\/#website\"},\"primaryImageOfPage\":{\"@id\":\"https:\\\/\\\/ghinduction.com\\\/pl-pl\\\/rozwiazania\\\/procesy\\\/procesy-nagrzewania\\\/kucie-formowanie\\\/#primaryimage\"},\"image\":{\"@id\":\"https:\\\/\\\/ghinduction.com\\\/pl-pl\\\/rozwiazania\\\/procesy\\\/procesy-nagrzewania\\\/kucie-formowanie\\\/#primaryimage\"},\"thumbnailUrl\":\"https:\\\/\\\/ghinduction.com\\\/wp-content\\\/uploads\\\/2023\\\/02\\\/Process_forging_2763.jpg\",\"datePublished\":\"2023-01-09T09:02:31+00:00\",\"dateModified\":\"2026-02-27T08:04:23+00:00\",\"description\":\"Kucie polega na formowaniu cz\u0119\u015bci, kt\u00f3ra zosta\u0142a wcze\u015bniej podgrzana do temperatury, w kt\u00f3rej jej odporno\u015b\u0107 na odkszta\u0142cenia jest s\u0142aba.\",\"breadcrumb\":{\"@id\":\"https:\\\/\\\/ghinduction.com\\\/pl-pl\\\/rozwiazania\\\/procesy\\\/procesy-nagrzewania\\\/kucie-formowanie\\\/#breadcrumb\"},\"inLanguage\":\"pl\",\"potentialAction\":[{\"@type\":\"ReadAction\",\"target\":[\"https:\\\/\\\/ghinduction.com\\\/pl-pl\\\/rozwiazania\\\/procesy\\\/procesy-nagrzewania\\\/kucie-formowanie\\\/\"]}]},{\"@type\":\"ImageObject\",\"inLanguage\":\"pl\",\"@id\":\"https:\\\/\\\/ghinduction.com\\\/pl-pl\\\/rozwiazania\\\/procesy\\\/procesy-nagrzewania\\\/kucie-formowanie\\\/#primaryimage\",\"url\":\"https:\\\/\\\/ghinduction.com\\\/wp-content\\\/uploads\\\/2023\\\/02\\\/Process_forging_2763.jpg\",\"contentUrl\":\"https:\\\/\\\/ghinduction.com\\\/wp-content\\\/uploads\\\/2023\\\/02\\\/Process_forging_2763.jpg\",\"width\":511,\"height\":383,\"caption\":\"Induction heating for forging\"},{\"@type\":\"BreadcrumbList\",\"@id\":\"https:\\\/\\\/ghinduction.com\\\/pl-pl\\\/rozwiazania\\\/procesy\\\/procesy-nagrzewania\\\/kucie-formowanie\\\/#breadcrumb\",\"itemListElement\":[{\"@type\":\"ListItem\",\"position\":1,\"name\":\"Home\",\"item\":\"https:\\\/\\\/ghinduction.com\\\/pl-pl\\\/\"},{\"@type\":\"ListItem\",\"position\":2,\"name\":\"Rozwi\u0105zania\",\"item\":\"https:\\\/\\\/ghinduction.com\\\/pl-pl\\\/rozwiazania\\\/\"},{\"@type\":\"ListItem\",\"position\":3,\"name\":\"Procesy\",\"item\":\"https:\\\/\\\/ghinduction.com\\\/pl-pl\\\/rozwiazania\\\/procesy\\\/\"},{\"@type\":\"ListItem\",\"position\":4,\"name\":\"Procesy nagrzewania\",\"item\":\"https:\\\/\\\/ghinduction.com\\\/pl-pl\\\/rozwiazania\\\/procesy\\\/procesy-nagrzewania\\\/\"},{\"@type\":\"ListItem\",\"position\":5,\"name\":\"Kucie i formowanie\"}]},{\"@type\":\"WebSite\",\"@id\":\"https:\\\/\\\/ghinduction.com\\\/pl-pl\\\/#website\",\"url\":\"https:\\\/\\\/ghinduction.com\\\/pl-pl\\\/\",\"name\":\"GH Induction - Experts in Induction Heat Treatment and Induction Heating\",\"description\":\"GH Induction offers advanced induction heat treatment and heating solutions for various industrial applications. With over 60 years of experience, our innovative systems ensure efficiency and quality across diverse sectors globally.\",\"publisher\":{\"@id\":\"https:\\\/\\\/ghinduction.com\\\/pl-pl\\\/#organization\"},\"alternateName\":\"GH Induction\",\"potentialAction\":[{\"@type\":\"SearchAction\",\"target\":{\"@type\":\"EntryPoint\",\"urlTemplate\":\"https:\\\/\\\/ghinduction.com\\\/pl-pl\\\/?s={search_term_string}\"},\"query-input\":{\"@type\":\"PropertyValueSpecification\",\"valueRequired\":true,\"valueName\":\"search_term_string\"}}],\"inLanguage\":\"pl\"},{\"@type\":\"Organization\",\"@id\":\"https:\\\/\\\/ghinduction.com\\\/pl-pl\\\/#organization\",\"name\":\"GH Induction - Experts in Induction Heat Treatment and Induction Heating\",\"alternateName\":\"GH Induction\",\"url\":\"https:\\\/\\\/ghinduction.com\\\/pl-pl\\\/\",\"logo\":{\"@type\":\"ImageObject\",\"inLanguage\":\"pl\",\"@id\":\"https:\\\/\\\/ghinduction.com\\\/pl-pl\\\/#\\\/schema\\\/logo\\\/image\\\/\",\"url\":\"https:\\\/\\\/ghinduction.com\\\/wp-content\\\/uploads\\\/2024\\\/05\\\/logo-gh-induction.png\",\"contentUrl\":\"https:\\\/\\\/ghinduction.com\\\/wp-content\\\/uploads\\\/2024\\\/05\\\/logo-gh-induction.png\",\"width\":225,\"height\":225,\"caption\":\"GH Induction - Experts in Induction Heat Treatment and Induction Heating\"},\"image\":{\"@id\":\"https:\\\/\\\/ghinduction.com\\\/pl-pl\\\/#\\\/schema\\\/logo\\\/image\\\/\"},\"sameAs\":[\"https:\\\/\\\/www.facebook.com\\\/ghinductionheating\",\"https:\\\/\\\/www.linkedin.com\\\/company\\\/gh-induction\\\/\",\"https:\\\/\\\/www.youtube.com\\\/user\\\/GhInduction\"]}]}<\/script>\n<!-- \/ Yoast SEO plugin. -->","yoast_head_json":{"title":"Induction Kucie i formowanie | GH Induction Polska","description":"Kucie polega na formowaniu cz\u0119\u015bci, kt\u00f3ra zosta\u0142a wcze\u015bniej podgrzana do temperatury, w kt\u00f3rej jej odporno\u015b\u0107 na odkszta\u0142cenia jest s\u0142aba.","robots":{"index":"index","follow":"follow","max-snippet":"max-snippet:-1","max-image-preview":"max-image-preview:large","max-video-preview":"max-video-preview:-1"},"canonical":"https:\/\/ghinduction.com\/pl-pl\/rozwiazania\/procesy\/procesy-nagrzewania\/kucie-formowanie\/","og_locale":"pl_PL","og_type":"article","og_title":"Induction Kucie i formowanie | GH Induction Polska","og_description":"Kucie polega na formowaniu cz\u0119\u015bci, kt\u00f3ra zosta\u0142a wcze\u015bniej podgrzana do temperatury, w kt\u00f3rej jej odporno\u015b\u0107 na odkszta\u0142cenia jest s\u0142aba.","og_url":"https:\/\/ghinduction.com\/pl-pl\/rozwiazania\/procesy\/procesy-nagrzewania\/kucie-formowanie\/","og_site_name":"GH Induction Polska","article_publisher":"https:\/\/www.facebook.com\/ghinductionheating","article_modified_time":"2026-02-27T08:04:23+00:00","og_image":[{"width":511,"height":383,"url":"https:\/\/ghinduction.com\/wp-content\/uploads\/2023\/02\/Process_forging_2763.jpg","type":"image\/jpeg"}],"twitter_card":"summary_large_image","twitter_misc":{"Est. reading time":"1 minute"},"schema":{"@context":"https:\/\/schema.org","@graph":[{"@type":"WebPage","@id":"https:\/\/ghinduction.com\/pl-pl\/rozwiazania\/procesy\/procesy-nagrzewania\/kucie-formowanie\/","url":"https:\/\/ghinduction.com\/pl-pl\/rozwiazania\/procesy\/procesy-nagrzewania\/kucie-formowanie\/","name":"Induction Kucie i formowanie | GH Induction Polska","isPartOf":{"@id":"https:\/\/ghinduction.com\/pl-pl\/#website"},"primaryImageOfPage":{"@id":"https:\/\/ghinduction.com\/pl-pl\/rozwiazania\/procesy\/procesy-nagrzewania\/kucie-formowanie\/#primaryimage"},"image":{"@id":"https:\/\/ghinduction.com\/pl-pl\/rozwiazania\/procesy\/procesy-nagrzewania\/kucie-formowanie\/#primaryimage"},"thumbnailUrl":"https:\/\/ghinduction.com\/wp-content\/uploads\/2023\/02\/Process_forging_2763.jpg","datePublished":"2023-01-09T09:02:31+00:00","dateModified":"2026-02-27T08:04:23+00:00","description":"Kucie polega na formowaniu cz\u0119\u015bci, kt\u00f3ra zosta\u0142a wcze\u015bniej podgrzana do temperatury, w kt\u00f3rej jej odporno\u015b\u0107 na odkszta\u0142cenia jest s\u0142aba.","breadcrumb":{"@id":"https:\/\/ghinduction.com\/pl-pl\/rozwiazania\/procesy\/procesy-nagrzewania\/kucie-formowanie\/#breadcrumb"},"inLanguage":"pl","potentialAction":[{"@type":"ReadAction","target":["https:\/\/ghinduction.com\/pl-pl\/rozwiazania\/procesy\/procesy-nagrzewania\/kucie-formowanie\/"]}]},{"@type":"ImageObject","inLanguage":"pl","@id":"https:\/\/ghinduction.com\/pl-pl\/rozwiazania\/procesy\/procesy-nagrzewania\/kucie-formowanie\/#primaryimage","url":"https:\/\/ghinduction.com\/wp-content\/uploads\/2023\/02\/Process_forging_2763.jpg","contentUrl":"https:\/\/ghinduction.com\/wp-content\/uploads\/2023\/02\/Process_forging_2763.jpg","width":511,"height":383,"caption":"Induction heating for forging"},{"@type":"BreadcrumbList","@id":"https:\/\/ghinduction.com\/pl-pl\/rozwiazania\/procesy\/procesy-nagrzewania\/kucie-formowanie\/#breadcrumb","itemListElement":[{"@type":"ListItem","position":1,"name":"Home","item":"https:\/\/ghinduction.com\/pl-pl\/"},{"@type":"ListItem","position":2,"name":"Rozwi\u0105zania","item":"https:\/\/ghinduction.com\/pl-pl\/rozwiazania\/"},{"@type":"ListItem","position":3,"name":"Procesy","item":"https:\/\/ghinduction.com\/pl-pl\/rozwiazania\/procesy\/"},{"@type":"ListItem","position":4,"name":"Procesy nagrzewania","item":"https:\/\/ghinduction.com\/pl-pl\/rozwiazania\/procesy\/procesy-nagrzewania\/"},{"@type":"ListItem","position":5,"name":"Kucie i formowanie"}]},{"@type":"WebSite","@id":"https:\/\/ghinduction.com\/pl-pl\/#website","url":"https:\/\/ghinduction.com\/pl-pl\/","name":"GH Induction - Experts in Induction Heat Treatment and Induction Heating","description":"GH Induction offers advanced induction heat treatment and heating solutions for various industrial applications. With over 60 years of experience, our innovative systems ensure efficiency and quality across diverse sectors globally.","publisher":{"@id":"https:\/\/ghinduction.com\/pl-pl\/#organization"},"alternateName":"GH Induction","potentialAction":[{"@type":"SearchAction","target":{"@type":"EntryPoint","urlTemplate":"https:\/\/ghinduction.com\/pl-pl\/?s={search_term_string}"},"query-input":{"@type":"PropertyValueSpecification","valueRequired":true,"valueName":"search_term_string"}}],"inLanguage":"pl"},{"@type":"Organization","@id":"https:\/\/ghinduction.com\/pl-pl\/#organization","name":"GH Induction - Experts in Induction Heat Treatment and Induction Heating","alternateName":"GH Induction","url":"https:\/\/ghinduction.com\/pl-pl\/","logo":{"@type":"ImageObject","inLanguage":"pl","@id":"https:\/\/ghinduction.com\/pl-pl\/#\/schema\/logo\/image\/","url":"https:\/\/ghinduction.com\/wp-content\/uploads\/2024\/05\/logo-gh-induction.png","contentUrl":"https:\/\/ghinduction.com\/wp-content\/uploads\/2024\/05\/logo-gh-induction.png","width":225,"height":225,"caption":"GH Induction - Experts in Induction Heat Treatment and Induction Heating"},"image":{"@id":"https:\/\/ghinduction.com\/pl-pl\/#\/schema\/logo\/image\/"},"sameAs":["https:\/\/www.facebook.com\/ghinductionheating","https:\/\/www.linkedin.com\/company\/gh-induction\/","https:\/\/www.youtube.com\/user\/GhInduction"]}]}},"_links":{"self":[{"href":"https:\/\/ghinduction.com\/pl-pl\/wp-json\/wp\/v2\/pages\/24632","targetHints":{"allow":["GET"]}}],"collection":[{"href":"https:\/\/ghinduction.com\/pl-pl\/wp-json\/wp\/v2\/pages"}],"about":[{"href":"https:\/\/ghinduction.com\/pl-pl\/wp-json\/wp\/v2\/types\/page"}],"author":[{"embeddable":true,"href":"https:\/\/ghinduction.com\/pl-pl\/wp-json\/wp\/v2\/users\/1"}],"replies":[{"embeddable":true,"href":"https:\/\/ghinduction.com\/pl-pl\/wp-json\/wp\/v2\/comments?post=24632"}],"version-history":[{"count":1,"href":"https:\/\/ghinduction.com\/pl-pl\/wp-json\/wp\/v2\/pages\/24632\/revisions"}],"predecessor-version":[{"id":66798,"href":"https:\/\/ghinduction.com\/pl-pl\/wp-json\/wp\/v2\/pages\/24632\/revisions\/66798"}],"up":[{"embeddable":true,"href":"https:\/\/ghinduction.com\/pl-pl\/wp-json\/wp\/v2\/pages\/24612"}],"wp:featuredmedia":[{"embeddable":true,"href":"https:\/\/ghinduction.com\/pl-pl\/wp-json\/wp\/v2\/media\/17596"}],"wp:attachment":[{"href":"https:\/\/ghinduction.com\/pl-pl\/wp-json\/wp\/v2\/media?parent=24632"}],"wp:term":[{"taxonomy":"industry","embeddable":true,"href":"https:\/\/ghinduction.com\/pl-pl\/wp-json\/wp\/v2\/industry?post=24632"},{"taxonomy":"processes","embeddable":true,"href":"https:\/\/ghinduction.com\/pl-pl\/wp-json\/wp\/v2\/processes?post=24632"},{"taxonomy":"solutions","embeddable":true,"href":"https:\/\/ghinduction.com\/pl-pl\/wp-json\/wp\/v2\/solutions?post=24632"}],"curies":[{"name":"wp","href":"https:\/\/api.w.org\/{rel}","templated":true}]}}